{"id":10790,"date":"2023-08-24T10:36:24","date_gmt":"2023-08-24T07:36:24","guid":{"rendered":"https:\/\/mobilia.fi\/?page_id=10790"},"modified":"2023-10-16T15:41:03","modified_gmt":"2023-10-16T12:41:03","slug":"responsibility","status":"publish","type":"page","link":"https:\/\/mobilia.fi\/en\/visit\/responsibility\/","title":{"rendered":"Responsibility"},"content":{"rendered":"\t\t<div data-elementor-type=\"wp-page\" data-elementor-id=\"10790\" class=\"elementor elementor-10790\" data-elementor-post-type=\"page\">\n\t\t\t\t\t\t<section class=\"elementor-section elementor-top-section elementor-element elementor-element-737a105c elementor-section-height-min-height elementor-section-boxed elementor-section-height-default elementor-section-items-middle\" data-id=\"737a105c\" data-element_type=\"section\" data-e-type=\"section\" data-settings=\"{&quot;background_background&quot;:&quot;classic&quot;}\">\n\t\t\t\t\t\t\t<div class=\"elementor-background-overlay\"><\/div>\n\t\t\t\t\t\t\t<div class=\"elementor-container elementor-column-gap-default\">\n\t\t\t\t\t<div class=\"elementor-column elementor-col-100 elementor-top-column elementor-element elementor-element-6aa2469e\" data-id=\"6aa2469e\" data-element_type=\"column\" data-e-type=\"column\">\n\t\t\t<div class=\"elementor-widget-wrap elementor-element-populated\">\n\t\t\t\t\t\t<div class=\"elementor-element elementor-element-42032270 elementor-widget elementor-widget-text-editor\" data-id=\"42032270\" data-element_type=\"widget\" data-e-type=\"widget\" data-widget_type=\"text-editor.default\">\n\t\t\t\t<div class=\"elementor-widget-container\">\n\t\t\t\t\t\t\t\t\t<h1>Responsibility<\/h1>\t\t\t\t\t\t\t\t<\/div>\n\t\t\t\t<\/div>\n\t\t\t\t\t<\/div>\n\t\t<\/div>\n\t\t\t\t\t<\/div>\n\t\t<\/section>\n\t\t\t\t<section class=\"elementor-section elementor-top-section elementor-element elementor-element-ddc7e50 elementor-section-boxed elementor-section-height-default elementor-section-height-default\" data-id=\"ddc7e50\" data-element_type=\"section\" data-e-type=\"section\">\n\t\t\t\t\t\t<div class=\"elementor-container elementor-column-gap-default\">\n\t\t\t\t\t<div class=\"elementor-column elementor-col-100 elementor-top-column elementor-element elementor-element-152313a\" data-id=\"152313a\" data-element_type=\"column\" data-e-type=\"column\">\n\t\t\t<div class=\"elementor-widget-wrap elementor-element-populated\">\n\t\t\t\t\t\t<div class=\"elementor-element elementor-element-b748fde elementor-widget elementor-widget-text-editor\" data-id=\"b748fde\" data-element_type=\"widget\" data-e-type=\"widget\" data-widget_type=\"text-editor.default\">\n\t\t\t\t<div class=\"elementor-widget-container\">\n\t\t\t\t\t\t\t\t\t<h3><span style=\"color: #009cdf;\">Together towards a more sustainable future<\/span><\/h3><p>Mobilia is strategically committed to reducing CO2 emissions. Staff is familiarized with working according to Mobilia\u2019s values and the EcoCompass commitments. Activities are constantly evaluated and improved to reach responsibility goals.<\/p><h3><span style=\"color: #009cdf;\">Sustainable Travel Finland<\/span><\/h3><p>Mobilia received the Sustainable Travel Finland (STF) label in the beginning of September 2023. The label is granted by Visit Finland. Companies with the STF label are forerunners in sustainable tourism and constantly aim to mitigate the harmful impact of their operations on our planet, its people, and communities. One of the steps in the STF programme is certification: the STF labelled companies have a sustainability certificate, audited by a third party, to guarantee high-quality and long-term development in order to provide sustainable tourism services. Find our more about the <a href=\"https:\/\/www.visitfinland.com\/en\/practical-tips\/sustainability\/\" target=\"_blank\" rel=\"noopener\">label<\/a>.<\/p><p>\u00a0<\/p>\t\t\t\t\t\t\t\t<\/div>\n\t\t\t\t<\/div>\n\t\t\t\t\t<\/div>\n\t\t<\/div>\n\t\t\t\t\t<\/div>\n\t\t<\/section>\n\t\t\t\t<section class=\"elementor-section elementor-top-section elementor-element elementor-element-e661ee3 elementor-section-boxed elementor-section-height-default elementor-section-height-default\" data-id=\"e661ee3\" data-element_type=\"section\" data-e-type=\"section\">\n\t\t\t\t\t\t<div class=\"elementor-container elementor-column-gap-default\">\n\t\t\t\t\t<div class=\"elementor-column elementor-col-50 elementor-top-column elementor-element elementor-element-f004490\" data-id=\"f004490\" data-element_type=\"column\" data-e-type=\"column\">\n\t\t\t<div class=\"elementor-widget-wrap elementor-element-populated\">\n\t\t\t\t\t\t<div class=\"elementor-element elementor-element-770b5eb elementor-widget elementor-widget-image\" data-id=\"770b5eb\" data-element_type=\"widget\" data-e-type=\"widget\" data-widget_type=\"image.default\">\n\t\t\t\t<div class=\"elementor-widget-container\">\n\t\t\t\t\t\t\t\t\t\t\t\t\t\t\t<img fetchpriority=\"high\" decoding=\"async\" width=\"800\" height=\"403\" src=\"https:\/\/mobilia.fi\/wp-content\/uploads\/2023\/10\/Sustainable_Finland_Label_jpg-1024x516.jpg\" class=\"attachment-large size-large wp-image-11177\" alt=\"Vastuullisen matkailun Sustainable Travel Finland logo, jossa on tekstin vieress\u00e4 ympyr\u00e4ss\u00e4 tyylitelty, vihre\u00e4 lehti.\" srcset=\"https:\/\/mobilia.fi\/wp-content\/uploads\/2023\/10\/Sustainable_Finland_Label_jpg-1024x516.jpg 1024w, https:\/\/mobilia.fi\/wp-content\/uploads\/2023\/10\/Sustainable_Finland_Label_jpg-300x151.jpg 300w, https:\/\/mobilia.fi\/wp-content\/uploads\/2023\/10\/Sustainable_Finland_Label_jpg-768x387.jpg 768w, https:\/\/mobilia.fi\/wp-content\/uploads\/2023\/10\/Sustainable_Finland_Label_jpg-1536x775.jpg 1536w, https:\/\/mobilia.fi\/wp-content\/uploads\/2023\/10\/Sustainable_Finland_Label_jpg-2048x1033.jpg 2048w\" sizes=\"(max-width: 800px) 100vw, 800px\" \/>\t\t\t\t\t\t\t\t\t\t\t\t\t\t\t<\/div>\n\t\t\t\t<\/div>\n\t\t\t\t\t<\/div>\n\t\t<\/div>\n\t\t\t\t<div class=\"elementor-column elementor-col-50 elementor-top-column elementor-element elementor-element-bdf94ee\" data-id=\"bdf94ee\" data-element_type=\"column\" data-e-type=\"column\">\n\t\t\t<div class=\"elementor-widget-wrap elementor-element-populated\">\n\t\t\t\t\t\t<div class=\"elementor-element elementor-element-300f114 elementor-widget elementor-widget-image\" data-id=\"300f114\" data-element_type=\"widget\" data-e-type=\"widget\" data-widget_type=\"image.default\">\n\t\t\t\t<div class=\"elementor-widget-container\">\n\t\t\t\t\t\t\t\t\t\t\t\t\t\t\t<img decoding=\"async\" width=\"800\" height=\"457\" src=\"https:\/\/mobilia.fi\/wp-content\/uploads\/2023\/10\/Ecocompass_logoslogan_EN_RGB-1024x585.png\" class=\"attachment-large size-large wp-image-11197\" alt=\"\" srcset=\"https:\/\/mobilia.fi\/wp-content\/uploads\/2023\/10\/Ecocompass_logoslogan_EN_RGB-1024x585.png 1024w, https:\/\/mobilia.fi\/wp-content\/uploads\/2023\/10\/Ecocompass_logoslogan_EN_RGB-300x172.png 300w, https:\/\/mobilia.fi\/wp-content\/uploads\/2023\/10\/Ecocompass_logoslogan_EN_RGB-768x439.png 768w, https:\/\/mobilia.fi\/wp-content\/uploads\/2023\/10\/Ecocompass_logoslogan_EN_RGB.png 1200w\" sizes=\"(max-width: 800px) 100vw, 800px\" \/>\t\t\t\t\t\t\t\t\t\t\t\t\t\t\t<\/div>\n\t\t\t\t<\/div>\n\t\t\t\t\t<\/div>\n\t\t<\/div>\n\t\t\t\t\t<\/div>\n\t\t<\/section>\n\t\t\t\t<section class=\"elementor-section elementor-top-section elementor-element elementor-element-baef2ae elementor-section-boxed elementor-section-height-default elementor-section-height-default\" data-id=\"baef2ae\" data-element_type=\"section\" data-e-type=\"section\">\n\t\t\t\t\t\t<div class=\"elementor-container elementor-column-gap-default\">\n\t\t\t\t\t<div class=\"elementor-column elementor-col-100 elementor-top-column elementor-element elementor-element-a9a46cc\" data-id=\"a9a46cc\" data-element_type=\"column\" data-e-type=\"column\">\n\t\t\t<div class=\"elementor-widget-wrap elementor-element-populated\">\n\t\t\t\t\t\t<div class=\"elementor-element elementor-element-90cd38b elementor-widget elementor-widget-text-editor\" data-id=\"90cd38b\" data-element_type=\"widget\" data-e-type=\"widget\" data-widget_type=\"text-editor.default\">\n\t\t\t\t<div class=\"elementor-widget-container\">\n\t\t\t\t\t\t\t\t\t<h3><span style=\"color: #009cdf;\">EcoCompass<\/span><\/h3><p>Mobilia\u2019s environmental work is guided by the EcoCompass system, where the environmental effects of our actions are comprehensively estimated. The sectors of our environmental liability include waste management, energy use, acquisitions, material use, chemicals, noise, logistics and travel, communications, actuation, and biodiversity. The system is based on the international ISO 14001 standard.<\/p><p>Mobilia acquired the EcoCompass certificate in 2023. the goals of our first three-year environmental programme season include reducing waste, sorting of waste, recycling, energy efficiency, renewable energy, logistics, transport and communicating responsibility.<\/p><p>We aim to reach our goals by improved sorting, reusing exhibition and packaging materials, enabling remote work and teleconferences, enabling recharging of electric automobiles, rethinking our need to travel, and encouraging our clients to use public transport or cycle. Responsibility is also actively communicated online and personally to our clients and partners.<\/p><h3><span style=\"color: #009cdf;\">Action towards a more sustainable future<\/span><\/h3><p>Several measures have already been taken to reduce our environmental load.<\/p><p>In 2014 our real estate company Tieliikennemuseo began its transformation towards ecological energy economy, constructing a wood chips power station and abandoning oil.<\/p><p>In 2019 the real estate company invested in solar power installing 450 or 1152 m\u00b2 of solar panels on our rooftops. This produces 16% of our annual power need. Solar power reduces our need to buy electricity annually by 107\u00a0000 kWh. This reduces out carbon dioxide emissions by 27\u00a0600 kg per year.<\/p><p>We have changed to led lighting as far as possible and renewed our air supply units to more efficient models. We follow the energy efficiency in our premises and search for new ways for improvement. Next, we are going to look at the need to change the windows of our main building.<\/p><p>Mobilia is easily accessible through Tampere public transport services. The terminus is situated right next to our front door. There are stands for bicycles and a hitching post for those travelling on horse. For those coming by boat, there is a harbour next to Mobilia. For electric cars there is a Autoliitto Charging Station powered by Virta in Mobilia.<\/p>\t\t\t\t\t\t\t\t<\/div>\n\t\t\t\t<\/div>\n\t\t\t\t\t<\/div>\n\t\t<\/div>\n\t\t\t\t\t<\/div>\n\t\t<\/section>\n\t\t\t\t<\/div>\n\t\t","protected":false},"excerpt":{"rendered":"<p>Responsibility Together towards a more sustainable future Mobilia is strategically committed to reducing CO2 emissions. Staff is familiarized with working according to Mobilia\u2019s values and the EcoCompass commitments. Activities are constantly evaluated and improved to reach responsibility goals. Sustainable Travel Finland Mobilia received the Sustainable Travel Finland (STF) label in the beginning of September 2023. [&hellip;]<\/p>\n","protected":false},"author":3,"featured_media":2204,"parent":6792,"menu_order":6,"comment_status":"closed","ping_status":"closed","template":"","meta":{"_acf_changed":false,"inline_featured_image":false,"footnotes":""},"class_list":["post-10790","page","type-page","status-publish","has-post-thumbnail","hentry"],"acf":[],"_links":{"self":[{"href":"https:\/\/mobilia.fi\/en\/wp-json\/wp\/v2\/pages\/10790","targetHints":{"allow":["GET"]}}],"collection":[{"href":"https:\/\/mobilia.fi\/en\/wp-json\/wp\/v2\/pages"}],"about":[{"href":"https:\/\/mobilia.fi\/en\/wp-json\/wp\/v2\/types\/page"}],"author":[{"embeddable":true,"href":"https:\/\/mobilia.fi\/en\/wp-json\/wp\/v2\/users\/3"}],"replies":[{"embeddable":true,"href":"https:\/\/mobilia.fi\/en\/wp-json\/wp\/v2\/comments?post=10790"}],"version-history":[{"count":3,"href":"https:\/\/mobilia.fi\/en\/wp-json\/wp\/v2\/pages\/10790\/revisions"}],"predecessor-version":[{"id":11274,"href":"https:\/\/mobilia.fi\/en\/wp-json\/wp\/v2\/pages\/10790\/revisions\/11274"}],"up":[{"embeddable":true,"href":"https:\/\/mobilia.fi\/en\/wp-json\/wp\/v2\/pages\/6792"}],"wp:featuredmedia":[{"embeddable":true,"href":"https:\/\/mobilia.fi\/en\/wp-json\/wp\/v2\/media\/2204"}],"wp:attachment":[{"href":"https:\/\/mobilia.fi\/en\/wp-json\/wp\/v2\/media?parent=10790"}],"curies":[{"name":"wp","href":"https:\/\/api.w.org\/{rel}","templated":true}]}}