{"id":16327,"date":"2026-01-26T11:50:28","date_gmt":"2026-01-26T09:50:28","guid":{"rendered":"https:\/\/mobilia.fi\/?page_id=16327"},"modified":"2026-01-26T12:23:12","modified_gmt":"2026-01-26T10:23:12","slug":"what-is-a-museum-special-stage","status":"publish","type":"page","link":"https:\/\/mobilia.fi\/en\/what-is-a-museum-special-stage\/","title":{"rendered":"What Is a Museum Special Stage?"},"content":{"rendered":"\t\t<div data-elementor-type=\"wp-page\" data-elementor-id=\"16327\" class=\"elementor elementor-16327\" data-elementor-post-type=\"page\">\n\t\t\t\t\t\t<section class=\"elementor-section elementor-top-section elementor-element elementor-element-004dd4a elementor-section-height-min-height elementor-section-boxed elementor-section-height-default elementor-section-items-middle\" data-id=\"004dd4a\" data-element_type=\"section\" data-e-type=\"section\" data-settings=\"{&quot;background_background&quot;:&quot;classic&quot;}\">\n\t\t\t\t\t\t\t<div class=\"elementor-background-overlay\"><\/div>\n\t\t\t\t\t\t\t<div class=\"elementor-container elementor-column-gap-default\">\n\t\t\t\t\t<div class=\"elementor-column elementor-col-100 elementor-top-column elementor-element elementor-element-cf210a7\" data-id=\"cf210a7\" data-element_type=\"column\" data-e-type=\"column\">\n\t\t\t<div class=\"elementor-widget-wrap elementor-element-populated\">\n\t\t\t\t\t\t<div class=\"elementor-element elementor-element-a31dfbd elementor-widget elementor-widget-text-editor\" data-id=\"a31dfbd\" data-element_type=\"widget\" data-e-type=\"widget\" data-widget_type=\"text-editor.default\">\n\t\t\t\t<div class=\"elementor-widget-container\">\n\t\t\t\t\t\t\t\t\t<h1>What Is a Museum Special Stage?<\/h1><p>A part of Finland\u2019s national rally cultural heritage<\/p>\t\t\t\t\t\t\t\t<\/div>\n\t\t\t\t<\/div>\n\t\t\t\t\t<\/div>\n\t\t<\/div>\n\t\t\t\t\t<\/div>\n\t\t<\/section>\n\t\t\t\t<section class=\"elementor-section elementor-top-section elementor-element elementor-element-0bbc322 elementor-section-boxed elementor-section-height-default elementor-section-height-default\" data-id=\"0bbc322\" data-element_type=\"section\" data-e-type=\"section\">\n\t\t\t\t\t\t<div class=\"elementor-container elementor-column-gap-default\">\n\t\t\t\t\t<div class=\"elementor-column elementor-col-50 elementor-top-column elementor-element elementor-element-6fe0be9\" data-id=\"6fe0be9\" data-element_type=\"column\" data-e-type=\"column\">\n\t\t\t<div class=\"elementor-widget-wrap elementor-element-populated\">\n\t\t\t\t\t\t<div class=\"elementor-element elementor-element-43ff743 elementor-widget elementor-widget-text-editor\" data-id=\"43ff743\" data-element_type=\"widget\" data-e-type=\"widget\" data-widget_type=\"text-editor.default\">\n\t\t\t\t<div class=\"elementor-widget-container\">\n\t\t\t\t\t\t\t\t\t<p>A Museum Special Stage is a concept developed by the Mobilia \u2013 Museum of Cars and Roads, in which significant special stages of Finnish rallying and the Flying Finns tradition are officially designated and documented as part of Finland\u2019s national rally cultural heritage.<\/p><p>Museum Special Stages can be driven with your own enthusiast or classic car, allowing visitors to explore rally history in its original environment \u2013 responsibly, experientially, and with respect for the core values of Finnish rally heritage.<br \/>Museum Special Stages tell the story of rallying where it actually happened: on the roads, in the villages, and in the landscapes that made Finland a rally nation.<\/p><p>The Museum Special Stages form a nationwide network coordinated by Mobilia\u2019s Rally Museum. The goal is to designate a total of 12 Museum Special Stages by 2030, covering the key regions and eras of Finnish rally history.<\/p><p>Finland\u2019s first officially designated Museum Special Stage is <a href=\"https:\/\/mobilia.fi\/en\/nayttely\/sevettijarvi-museum-special-stage\/\" target=\"_blank\" rel=\"noopener\">the Sevettij\u00e4rvi Museum Special Stage<\/a>, driven as part of the Arctic Circle Rally between 1968 and 1973, located in Inari. The history of the Sevettij\u00e4rvi special stage can be explored in an exhibition located at Sevetin Baari &amp; Guesthouse.<\/p><p>New Museum Special Stages will be published on these pages as they are officially designated.<\/p>\t\t\t\t\t\t\t\t<\/div>\n\t\t\t\t<\/div>\n\t\t\t\t\t<\/div>\n\t\t<\/div>\n\t\t\t\t<div class=\"elementor-column elementor-col-50 elementor-top-column elementor-element elementor-element-9f2a7b5\" data-id=\"9f2a7b5\" data-element_type=\"column\" data-e-type=\"column\">\n\t\t\t<div class=\"elementor-widget-wrap elementor-element-populated\">\n\t\t\t\t\t\t<div class=\"elementor-element elementor-element-e2f5fef elementor-widget elementor-widget-image\" data-id=\"e2f5fef\" data-element_type=\"widget\" data-e-type=\"widget\" data-widget_type=\"image.default\">\n\t\t\t\t<div class=\"elementor-widget-container\">\n\t\t\t\t\t\t\t\t\t\t\t\t\t\t\t<img fetchpriority=\"high\" decoding=\"async\" width=\"800\" height=\"600\" src=\"https:\/\/mobilia.fi\/wp-content\/uploads\/2026\/01\/Escort1-1024x768.jpg\" class=\"attachment-large size-large wp-image-16250\" alt=\"Punainen Ford Escort Twin Cam -ralliauto vm. 1968 talvisessa pakkass\u00e4\u00e4ss\u00e4 odottamassa siirtoa sis\u00e4\u00e4n Rallimuseon n\u00e4yttelytilana toimivaan punaiseen puurakenteiseen ulkorakennukseen. Taustalla n\u00e4kyy Sevetin baarin luminen katto.\" srcset=\"https:\/\/mobilia.fi\/wp-content\/uploads\/2026\/01\/Escort1-1024x768.jpg 1024w, https:\/\/mobilia.fi\/wp-content\/uploads\/2026\/01\/Escort1-300x225.jpg 300w, https:\/\/mobilia.fi\/wp-content\/uploads\/2026\/01\/Escort1-768x576.jpg 768w, https:\/\/mobilia.fi\/wp-content\/uploads\/2026\/01\/Escort1-1536x1152.jpg 1536w, https:\/\/mobilia.fi\/wp-content\/uploads\/2026\/01\/Escort1-2048x1536.jpg 2048w\" sizes=\"(max-width: 800px) 100vw, 800px\" \/>\t\t\t\t\t\t\t\t\t\t\t\t\t\t\t<\/div>\n\t\t\t\t<\/div>\n\t\t\t\t\t<\/div>\n\t\t<\/div>\n\t\t\t\t\t<\/div>\n\t\t<\/section>\n\t\t\t\t<\/div>\n\t\t","protected":false},"excerpt":{"rendered":"<p>What Is a Museum Special Stage? A part of Finland\u2019s national rally cultural heritage A Museum Special Stage is a concept developed by the Mobilia \u2013 Museum of Cars and Roads, in which significant special stages of Finnish rallying and the Flying Finns tradition are officially designated and documented as part of Finland\u2019s national rally [&hellip;]<\/p>\n","protected":false},"author":2,"featured_media":16257,"parent":0,"menu_order":0,"comment_status":"closed","ping_status":"closed","template":"","meta":{"_acf_changed":false,"inline_featured_image":false,"footnotes":""},"class_list":["post-16327","page","type-page","status-publish","has-post-thumbnail","hentry"],"acf":[],"_links":{"self":[{"href":"https:\/\/mobilia.fi\/en\/wp-json\/wp\/v2\/pages\/16327","targetHints":{"allow":["GET"]}}],"collection":[{"href":"https:\/\/mobilia.fi\/en\/wp-json\/wp\/v2\/pages"}],"about":[{"href":"https:\/\/mobilia.fi\/en\/wp-json\/wp\/v2\/types\/page"}],"author":[{"embeddable":true,"href":"https:\/\/mobilia.fi\/en\/wp-json\/wp\/v2\/users\/2"}],"replies":[{"embeddable":true,"href":"https:\/\/mobilia.fi\/en\/wp-json\/wp\/v2\/comments?post=16327"}],"version-history":[{"count":9,"href":"https:\/\/mobilia.fi\/en\/wp-json\/wp\/v2\/pages\/16327\/revisions"}],"predecessor-version":[{"id":16349,"href":"https:\/\/mobilia.fi\/en\/wp-json\/wp\/v2\/pages\/16327\/revisions\/16349"}],"wp:featuredmedia":[{"embeddable":true,"href":"https:\/\/mobilia.fi\/en\/wp-json\/wp\/v2\/media\/16257"}],"wp:attachment":[{"href":"https:\/\/mobilia.fi\/en\/wp-json\/wp\/v2\/media?parent=16327"}],"curies":[{"name":"wp","href":"https:\/\/api.w.org\/{rel}","templated":true}]}}