{"id":6745,"date":"2022-05-21T13:46:57","date_gmt":"2022-05-21T10:46:57","guid":{"rendered":"https:\/\/mobilia.fi\/?page_id=6745"},"modified":"2024-12-02T14:53:47","modified_gmt":"2024-12-02T12:53:47","slug":"exhibition-and-event-production","status":"publish","type":"page","link":"https:\/\/mobilia.fi\/en\/services\/exhibition-and-event-production\/","title":{"rendered":"Exhibition and event production"},"content":{"rendered":"\t\t<div data-elementor-type=\"wp-page\" data-elementor-id=\"6745\" class=\"elementor elementor-6745 elementor-982\" data-elementor-post-type=\"page\">\n\t\t\t\t\t\t<section class=\"elementor-section elementor-top-section elementor-element elementor-element-049270f elementor-section-height-min-height elementor-section-boxed elementor-section-height-default elementor-section-items-middle\" data-id=\"049270f\" data-element_type=\"section\" data-e-type=\"section\" data-settings=\"{&quot;background_background&quot;:&quot;classic&quot;}\">\n\t\t\t\t\t\t\t<div class=\"elementor-background-overlay\"><\/div>\n\t\t\t\t\t\t\t<div class=\"elementor-container elementor-column-gap-default\">\n\t\t\t\t\t<div class=\"elementor-column elementor-col-100 elementor-top-column elementor-element elementor-element-38f3bc0\" data-id=\"38f3bc0\" data-element_type=\"column\" data-e-type=\"column\">\n\t\t\t<div class=\"elementor-widget-wrap elementor-element-populated\">\n\t\t\t\t\t\t<div class=\"elementor-element elementor-element-57662ad elementor-widget elementor-widget-text-editor\" data-id=\"57662ad\" data-element_type=\"widget\" data-e-type=\"widget\" data-widget_type=\"text-editor.default\">\n\t\t\t\t<div class=\"elementor-widget-container\">\n\t\t\t\t\t\t\t\t\t<h1>Exhibition and event production<\/h1><p>\u00a0<\/p>\t\t\t\t\t\t\t\t<\/div>\n\t\t\t\t<\/div>\n\t\t\t\t\t<\/div>\n\t\t<\/div>\n\t\t\t\t\t<\/div>\n\t\t<\/section>\n\t\t\t\t<section class=\"elementor-section elementor-top-section elementor-element elementor-element-067da31 elementor-section-boxed elementor-section-height-default elementor-section-height-default\" data-id=\"067da31\" data-element_type=\"section\" data-e-type=\"section\">\n\t\t\t\t\t\t<div class=\"elementor-container elementor-column-gap-default\">\n\t\t\t\t\t<div class=\"elementor-column elementor-col-100 elementor-top-column elementor-element elementor-element-2584048\" data-id=\"2584048\" data-element_type=\"column\" data-e-type=\"column\">\n\t\t\t<div class=\"elementor-widget-wrap elementor-element-populated\">\n\t\t\t\t\t\t<section class=\"elementor-section elementor-inner-section elementor-element elementor-element-2dd77ad elementor-section-boxed elementor-section-height-default elementor-section-height-default\" data-id=\"2dd77ad\" data-element_type=\"section\" data-e-type=\"section\">\n\t\t\t\t\t\t<div class=\"elementor-container elementor-column-gap-default\">\n\t\t\t\t\t<div class=\"elementor-column elementor-col-50 elementor-inner-column elementor-element elementor-element-5d29a72\" data-id=\"5d29a72\" data-element_type=\"column\" data-e-type=\"column\">\n\t\t\t<div class=\"elementor-widget-wrap elementor-element-populated\">\n\t\t\t\t\t\t<div class=\"elementor-element elementor-element-c49ee36 elementor-widget elementor-widget-text-editor\" data-id=\"c49ee36\" data-element_type=\"widget\" data-e-type=\"widget\" data-widget_type=\"text-editor.default\">\n\t\t\t\t<div class=\"elementor-widget-container\">\n\t\t\t\t\t\t\t\t\t<p>Mobilia has everything you need to communicate your anniversary history! We produce turnkey festive publications, exhibitions, and events related to the history of the automotive and road sector, both on and off Mobilia premises.<\/p>\n<p><span style=\"color: #58595b;\">Mobilia will produce an exhibition on the theme requested by the client, providing the information and exhibits. The exhibitions are executed either in the client&#8217;s premises or during the client\u2019s events, or as part of Mobilia&#8217;s annually changing exhibition packages.<\/span><\/p>\n<p><span style=\"color: #58595b;\">Over the years, Mobilia has produced exhibitions e.g. for Finlandia Hall, Helsinki Expo and Convention Centre, Pasila Locomotive Sheds, Linnatuuli, Keimola Neste service stations, Saariselk\u00e4 Tourist Information Centre, Raahe Vehicle Inspection Station.<\/span><\/p>\n<div>\n<div>\n<div>\n<article>\n<div>\n<div>\n<div>\n<div>\n<h3><span style=\"color: #009cdf;\">More information<\/span><\/h3>\n<p><span style=\"color: #58595b;\">Mika Hautala, tel. +358 40 549 0186<\/span><\/p><p><span style=\"color: #58595b;\">mika.hautala@mobilia.fi&nbsp;<\/span><\/p>\n<\/div>\n<\/div>\n<\/div>\n<\/div>\n<\/article>\n<\/div>\n<\/div>\n<\/div>\t\t\t\t\t\t\t\t<\/div>\n\t\t\t\t<\/div>\n\t\t\t\t\t<\/div>\n\t\t<\/div>\n\t\t\t\t<div class=\"elementor-column elementor-col-50 elementor-inner-column elementor-element elementor-element-83fe726\" data-id=\"83fe726\" data-element_type=\"column\" data-e-type=\"column\">\n\t\t\t<div class=\"elementor-widget-wrap elementor-element-populated\">\n\t\t\t\t\t\t<div class=\"elementor-element elementor-element-06aa5de elementor-widget elementor-widget-image\" data-id=\"06aa5de\" data-element_type=\"widget\" data-e-type=\"widget\" data-widget_type=\"image.default\">\n\t\t\t\t<div class=\"elementor-widget-container\">\n\t\t\t\t\t\t\t\t\t\t\t\t<figure class=\"wp-caption\">\n\t\t\t\t\t\t\t\t\t\t<img fetchpriority=\"high\" decoding=\"async\" width=\"640\" height=\"351\" src=\"https:\/\/mobilia.fi\/wp-content\/uploads\/2020\/03\/004.jpg\" class=\"attachment-full size-full wp-image-546\" alt=\"Nokkabusseja Mobilian n\u00e4yttelyss\u00e4: etualalla vaaleankeltaisen Volvon keula ja taka-alalla n\u00e4kyy vaaleanruskea ja vihre\u00e4 pienikokoinen vanha linja-auto.\" srcset=\"https:\/\/mobilia.fi\/wp-content\/uploads\/2020\/03\/004.jpg 640w, https:\/\/mobilia.fi\/wp-content\/uploads\/2020\/03\/004-300x165.jpg 300w\" sizes=\"(max-width: 640px) 100vw, 640px\" \/>\t\t\t\t\t\t\t\t\t\t\t<figcaption class=\"widget-image-caption wp-caption-text\">Pre-war buses were all long-nosed buses.<\/figcaption>\n\t\t\t\t\t\t\t\t\t\t<\/figure>\n\t\t\t\t\t\t\t\t\t<\/div>\n\t\t\t\t<\/div>\n\t\t\t\t\t<\/div>\n\t\t<\/div>\n\t\t\t\t\t<\/div>\n\t\t<\/section>\n\t\t\t\t\t<\/div>\n\t\t<\/div>\n\t\t\t\t\t<\/div>\n\t\t<\/section>\n\t\t\t\t<\/div>\n\t\t","protected":false},"excerpt":{"rendered":"<p>Exhibition and event production \u00a0 Mobilia has everything you need to communicate your anniversary history! We produce turnkey festive publications, exhibitions, and events related to the history of the automotive and road sector, both on and off Mobilia premises. Mobilia will produce an exhibition on the theme requested by the client, providing the information and [&hellip;]<\/p>\n","protected":false},"author":10,"featured_media":546,"parent":6721,"menu_order":3,"comment_status":"closed","ping_status":"closed","template":"","meta":{"_acf_changed":false,"inline_featured_image":false,"footnotes":""},"class_list":["post-6745","page","type-page","status-publish","has-post-thumbnail","hentry"],"acf":[],"_links":{"self":[{"href":"https:\/\/mobilia.fi\/en\/wp-json\/wp\/v2\/pages\/6745","targetHints":{"allow":["GET"]}}],"collection":[{"href":"https:\/\/mobilia.fi\/en\/wp-json\/wp\/v2\/pages"}],"about":[{"href":"https:\/\/mobilia.fi\/en\/wp-json\/wp\/v2\/types\/page"}],"author":[{"embeddable":true,"href":"https:\/\/mobilia.fi\/en\/wp-json\/wp\/v2\/users\/10"}],"replies":[{"embeddable":true,"href":"https:\/\/mobilia.fi\/en\/wp-json\/wp\/v2\/comments?post=6745"}],"version-history":[{"count":10,"href":"https:\/\/mobilia.fi\/en\/wp-json\/wp\/v2\/pages\/6745\/revisions"}],"predecessor-version":[{"id":14652,"href":"https:\/\/mobilia.fi\/en\/wp-json\/wp\/v2\/pages\/6745\/revisions\/14652"}],"up":[{"embeddable":true,"href":"https:\/\/mobilia.fi\/en\/wp-json\/wp\/v2\/pages\/6721"}],"wp:featuredmedia":[{"embeddable":true,"href":"https:\/\/mobilia.fi\/en\/wp-json\/wp\/v2\/media\/546"}],"wp:attachment":[{"href":"https:\/\/mobilia.fi\/en\/wp-json\/wp\/v2\/media?parent=6745"}],"curies":[{"name":"wp","href":"https:\/\/api.w.org\/{rel}","templated":true}]}}