{"id":7239,"date":"2022-07-02T09:29:52","date_gmt":"2022-07-02T06:29:52","guid":{"rendered":"https:\/\/mobilia.fi\/?page_id=7239"},"modified":"2026-02-24T08:15:05","modified_gmt":"2026-02-24T06:15:05","slug":"map-and-arrival","status":"publish","type":"page","link":"https:\/\/mobilia.fi\/en\/visit\/map-and-arrival\/","title":{"rendered":"Map and arrival"},"content":{"rendered":"\t\t<div data-elementor-type=\"wp-page\" data-elementor-id=\"7239\" class=\"elementor elementor-7239 elementor-706\" data-elementor-post-type=\"page\">\n\t\t\t\t\t\t<section class=\"elementor-section elementor-top-section elementor-element elementor-element-2578e2c7 elementor-section-height-min-height elementor-section-boxed elementor-section-height-default elementor-section-items-middle\" data-id=\"2578e2c7\" data-element_type=\"section\" data-e-type=\"section\" data-settings=\"{&quot;background_background&quot;:&quot;classic&quot;}\">\n\t\t\t\t\t\t\t<div class=\"elementor-background-overlay\"><\/div>\n\t\t\t\t\t\t\t<div class=\"elementor-container elementor-column-gap-default\">\n\t\t\t\t\t<div class=\"elementor-column elementor-col-100 elementor-top-column elementor-element elementor-element-647f3945\" data-id=\"647f3945\" data-element_type=\"column\" data-e-type=\"column\">\n\t\t\t<div class=\"elementor-widget-wrap elementor-element-populated\">\n\t\t\t\t\t\t<div class=\"elementor-element elementor-element-74cb4a74 elementor-widget elementor-widget-text-editor\" data-id=\"74cb4a74\" data-element_type=\"widget\" data-e-type=\"widget\" data-widget_type=\"text-editor.default\">\n\t\t\t\t<div class=\"elementor-widget-container\">\n\t\t\t\t\t\t\t\t\t<h1>Map and arrival<\/h1><p>Well-connected<\/p>\t\t\t\t\t\t\t\t<\/div>\n\t\t\t\t<\/div>\n\t\t\t\t\t<\/div>\n\t\t<\/div>\n\t\t\t\t\t<\/div>\n\t\t<\/section>\n\t\t\t\t<section class=\"elementor-section elementor-top-section elementor-element elementor-element-a512d24 elementor-section-boxed elementor-section-height-default elementor-section-height-default\" data-id=\"a512d24\" data-element_type=\"section\" data-e-type=\"section\">\n\t\t\t\t\t\t<div class=\"elementor-container elementor-column-gap-default\">\n\t\t\t\t\t<div class=\"elementor-column elementor-col-100 elementor-top-column elementor-element elementor-element-0d8bf35\" data-id=\"0d8bf35\" data-element_type=\"column\" data-e-type=\"column\">\n\t\t\t<div class=\"elementor-widget-wrap elementor-element-populated\">\n\t\t\t\t\t\t<section class=\"elementor-section elementor-inner-section elementor-element elementor-element-a9d3da0 elementor-section-boxed elementor-section-height-default elementor-section-height-default\" data-id=\"a9d3da0\" data-element_type=\"section\" data-e-type=\"section\">\n\t\t\t\t\t\t<div class=\"elementor-container elementor-column-gap-default\">\n\t\t\t\t\t<div class=\"elementor-column elementor-col-100 elementor-inner-column elementor-element elementor-element-1d89a38\" data-id=\"1d89a38\" data-element_type=\"column\" data-e-type=\"column\">\n\t\t\t<div class=\"elementor-widget-wrap elementor-element-populated\">\n\t\t\t\t\t\t<div class=\"elementor-element elementor-element-08b6e0c elementor-widget elementor-widget-text-editor\" data-id=\"08b6e0c\" data-element_type=\"widget\" data-e-type=\"widget\" data-widget_type=\"text-editor.default\">\n\t\t\t\t<div class=\"elementor-widget-container\">\n\t\t\t\t\t\t\t\t\t<h3><span style=\"color: #009cdf;\">Arrival<\/span><\/h3><p>You can arrive at Mobilia easily by different means of transport. A spacious, free parking area is available for cars and motorbikes. For electric cars there is a Autoliitto Charging Station powered by Virta in Mobilia with two CCS Combo plugs. All customers can use the charcing station \u2013 as a registered customer or with one-time payment. PLEASE NOTE: THE CHARGING STATION IS TEMPORARILY OUT OF SERVICE (24 February 2026). We are working to resolve the issue as quickly as possible.<\/p><p>Public transport in the Tampere region serves the public transport user by bus number 42. Unfortunately public transport connections are only few per day due to changes in the Nysse timetables. Check <a href=\"https:\/\/reittiopas.tampere.fi\/linjat\/tampere:42\/pysakit\/tampere:42:1:02\" target=\"_blank\" rel=\"noopener\">Nysse<\/a><\/p><p>If you want you can give feedback straight to Nysse. <a href=\"https:\/\/www.nysse.fi\/palaute\/aikataulut-ja-reitit.html\" target=\"_blank\" rel=\"noopener\">https:\/\/www.nysse.fi\/palaute\/aikataulut-ja-reitit.html<\/a><\/p><p>There are bicycle racks for bicycles, and for those with an oat motor, i.e. a horse, there is a horse boom for hitching horses in our yard.<\/p><p>For those arriving by water from L\u00e4ngelm\u00e4vesi, there is a guest marina.<\/p>\t\t\t\t\t\t\t\t<\/div>\n\t\t\t\t<\/div>\n\t\t\t\t\t<\/div>\n\t\t<\/div>\n\t\t\t\t\t<\/div>\n\t\t<\/section>\n\t\t\t\t\t<\/div>\n\t\t<\/div>\n\t\t\t\t\t<\/div>\n\t\t<\/section>\n\t\t\t\t<section class=\"elementor-section elementor-top-section elementor-element elementor-element-0c61df1 elementor-section-boxed elementor-section-height-default elementor-section-height-default\" data-id=\"0c61df1\" data-element_type=\"section\" data-e-type=\"section\">\n\t\t\t\t\t\t<div class=\"elementor-container elementor-column-gap-default\">\n\t\t\t\t\t<div class=\"elementor-column elementor-col-50 elementor-top-column elementor-element elementor-element-dc77719\" data-id=\"dc77719\" data-element_type=\"column\" data-e-type=\"column\">\n\t\t\t<div class=\"elementor-widget-wrap elementor-element-populated\">\n\t\t\t\t\t\t<div class=\"elementor-element elementor-element-d1e7f57 elementor-widget elementor-widget-text-editor\" data-id=\"d1e7f57\" data-element_type=\"widget\" data-e-type=\"widget\" data-widget_type=\"text-editor.default\">\n\t\t\t\t<div class=\"elementor-widget-container\">\n\t\t\t\t\t\t\t\t\t<h3><span style=\"color: #009cdf;\">With a pet<\/span><\/h3><p>For those on an oat motor, i.e. a horse, there is a horse boom in our yard.<br \/>For those with smaller pets, we&#8217;ve put pet trolleys to the test: you can visit the museum with a well-behaved pet that fits in the trolley.<\/p><p>You can put your pet in its own carrier or, for example, tie your dog to the trolley with its own sling. A dog about knee high can fit in the trolley. To make things easier for our allergic and animal-phobic customers, only a few trolleys are used at a time and pets must remain in the trolley at all times. The pet must also be quiet.<\/p><p>Pets are not allowed inside the Mobilia restaurant, but are warmly welcome on the restaurant terrace.<\/p><p>We are collecting feedback on our new service and hope that this will work!<\/p>\t\t\t\t\t\t\t\t<\/div>\n\t\t\t\t<\/div>\n\t\t\t\t\t<\/div>\n\t\t<\/div>\n\t\t\t\t<div class=\"elementor-column elementor-col-50 elementor-top-column elementor-element elementor-element-05471d5\" data-id=\"05471d5\" data-element_type=\"column\" data-e-type=\"column\">\n\t\t\t<div class=\"elementor-widget-wrap elementor-element-populated\">\n\t\t\t\t\t\t<div class=\"elementor-element elementor-element-6a28c0c elementor-widget elementor-widget-image\" data-id=\"6a28c0c\" data-element_type=\"widget\" data-e-type=\"widget\" data-widget_type=\"image.default\">\n\t\t\t\t<div class=\"elementor-widget-container\">\n\t\t\t\t\t\t\t\t\t\t\t\t\t\t\t<img fetchpriority=\"high\" decoding=\"async\" width=\"800\" height=\"600\" src=\"https:\/\/mobilia.fi\/wp-content\/uploads\/2024\/06\/20240606_123908-1024x768.jpg\" class=\"attachment-large size-large wp-image-13444\" alt=\"Vaalea, kiharakarvainen koira istuu punaisella pohjalla ostosk\u00e4rryiss\u00e4 kieli suusta roikkuen ja katsoo kameraan. Taustalla n\u00e4kyy Rallimuseon autoja ja tekstiseini\u00e4.\" srcset=\"https:\/\/mobilia.fi\/wp-content\/uploads\/2024\/06\/20240606_123908-1024x768.jpg 1024w, https:\/\/mobilia.fi\/wp-content\/uploads\/2024\/06\/20240606_123908-300x225.jpg 300w, https:\/\/mobilia.fi\/wp-content\/uploads\/2024\/06\/20240606_123908-768x576.jpg 768w, https:\/\/mobilia.fi\/wp-content\/uploads\/2024\/06\/20240606_123908-1536x1152.jpg 1536w, https:\/\/mobilia.fi\/wp-content\/uploads\/2024\/06\/20240606_123908-2048x1536.jpg 2048w\" sizes=\"(max-width: 800px) 100vw, 800px\" \/>\t\t\t\t\t\t\t\t\t\t\t\t\t\t\t<\/div>\n\t\t\t\t<\/div>\n\t\t\t\t\t<\/div>\n\t\t<\/div>\n\t\t\t\t\t<\/div>\n\t\t<\/section>\n\t\t\t\t<section class=\"elementor-section elementor-top-section elementor-element elementor-element-40659c0 elementor-section-boxed elementor-section-height-default elementor-section-height-default\" data-id=\"40659c0\" data-element_type=\"section\" data-e-type=\"section\">\n\t\t\t\t\t\t<div class=\"elementor-container elementor-column-gap-default\">\n\t\t\t\t\t<div class=\"elementor-column elementor-col-33 elementor-top-column elementor-element elementor-element-fb6366a\" data-id=\"fb6366a\" data-element_type=\"column\" data-e-type=\"column\">\n\t\t\t<div class=\"elementor-widget-wrap elementor-element-populated\">\n\t\t\t\t\t\t<div class=\"elementor-element elementor-element-c3d2044 elementor-widget elementor-widget-text-editor\" data-id=\"c3d2044\" data-element_type=\"widget\" data-e-type=\"widget\" data-widget_type=\"text-editor.default\">\n\t\t\t\t<div class=\"elementor-widget-container\">\n\t\t\t\t\t\t\t\t\t<h3><span style=\"color: #009cdf;\">Welcome cyclist!<\/span><\/h3><p>Mobilia has been awarded the Welcome Cyclist label and welcomes all cyclists!<\/p><p>Mobilia has bike racks with frame locks and a bicycle maintenance post in the city of Kangasala, where you can conveniently carry out minor bike maintenance. The pole has tools, a pump for filling the tyres and a rack where you can lift your bike for maintenance.<\/p><p>You can also refill your water bottle or charge your e-bike battery during a visit to the museum.<\/p><p>Need to rent a bike? <a href=\"https:\/\/kesapaiva.fi\/en\/bicycles\" target=\"_blank\" rel=\"noopener\">https:\/\/kesapaiva.fi\/en\/bicycles<\/a><\/p><p>For bike maintenance in Kangasalla help: <a href=\"https:\/\/www.movego.fi\/en\/\" target=\"_blank\" rel=\"noopener\">https:\/\/www.movego.fi\/en\/<\/a><\/p>\t\t\t\t\t\t\t\t<\/div>\n\t\t\t\t<\/div>\n\t\t\t\t\t<\/div>\n\t\t<\/div>\n\t\t\t\t<div class=\"elementor-column elementor-col-33 elementor-top-column elementor-element elementor-element-4e73f44\" data-id=\"4e73f44\" data-element_type=\"column\" data-e-type=\"column\">\n\t\t\t<div class=\"elementor-widget-wrap elementor-element-populated\">\n\t\t\t\t\t\t<div class=\"elementor-element elementor-element-05c8b0b elementor-widget elementor-widget-image\" data-id=\"05c8b0b\" data-element_type=\"widget\" data-e-type=\"widget\" data-widget_type=\"image.default\">\n\t\t\t\t<div class=\"elementor-widget-container\">\n\t\t\t\t\t\t\t\t\t\t\t\t\t\t\t<img decoding=\"async\" width=\"800\" height=\"758\" src=\"https:\/\/mobilia.fi\/wp-content\/uploads\/2024\/05\/BIKELAND_welcomecyclist_sticker-1024x970.png\" class=\"attachment-large size-large wp-image-12832\" alt=\"Englanninkielinen tervetuloa p\u00f6yr\u00e4ilij\u00e4 -logo, jossa vaaleankeltaisella pohjalla teksti joka kertoo py\u00f6r\u00e4ilij\u00e4yst\u00e4v\u00e4llisest\u00e4 palvelusta sek\u00e4 sivukuva polkupy\u00f6r\u00e4st\u00e4.\" srcset=\"https:\/\/mobilia.fi\/wp-content\/uploads\/2024\/05\/BIKELAND_welcomecyclist_sticker-1024x970.png 1024w, https:\/\/mobilia.fi\/wp-content\/uploads\/2024\/05\/BIKELAND_welcomecyclist_sticker-300x284.png 300w, https:\/\/mobilia.fi\/wp-content\/uploads\/2024\/05\/BIKELAND_welcomecyclist_sticker-768x728.png 768w, https:\/\/mobilia.fi\/wp-content\/uploads\/2024\/05\/BIKELAND_welcomecyclist_sticker-1536x1455.png 1536w, https:\/\/mobilia.fi\/wp-content\/uploads\/2024\/05\/BIKELAND_welcomecyclist_sticker-2048x1940.png 2048w\" sizes=\"(max-width: 800px) 100vw, 800px\" \/>\t\t\t\t\t\t\t\t\t\t\t\t\t\t\t<\/div>\n\t\t\t\t<\/div>\n\t\t\t\t\t<\/div>\n\t\t<\/div>\n\t\t\t\t<div class=\"elementor-column elementor-col-33 elementor-top-column elementor-element elementor-element-3528498\" data-id=\"3528498\" data-element_type=\"column\" data-e-type=\"column\">\n\t\t\t<div class=\"elementor-widget-wrap elementor-element-populated\">\n\t\t\t\t\t\t<div class=\"elementor-element elementor-element-faf9636 elementor-widget elementor-widget-image\" data-id=\"faf9636\" data-element_type=\"widget\" data-e-type=\"widget\" data-widget_type=\"image.default\">\n\t\t\t\t<div class=\"elementor-widget-container\">\n\t\t\t\t\t\t\t\t\t\t\t\t\t\t\t<img decoding=\"async\" width=\"768\" height=\"1024\" src=\"https:\/\/mobilia.fi\/wp-content\/uploads\/2024\/05\/20240517_144525-768x1024.jpg\" class=\"attachment-large size-large wp-image-12835\" alt=\"Rantamaisemassa turkoosinsininen p\u00f6yr\u00e4nhuoltopylv\u00e4s, jonka edess\u00e4 musta jopo-p\u00f6yr\u00e4 pys\u00e4k\u00f6ityn\u00e4 renkaan pumppausta varten.\" srcset=\"https:\/\/mobilia.fi\/wp-content\/uploads\/2024\/05\/20240517_144525-768x1024.jpg 768w, https:\/\/mobilia.fi\/wp-content\/uploads\/2024\/05\/20240517_144525-225x300.jpg 225w, https:\/\/mobilia.fi\/wp-content\/uploads\/2024\/05\/20240517_144525-1152x1536.jpg 1152w, https:\/\/mobilia.fi\/wp-content\/uploads\/2024\/05\/20240517_144525-1536x2048.jpg 1536w, https:\/\/mobilia.fi\/wp-content\/uploads\/2024\/05\/20240517_144525-scaled.jpg 1920w\" sizes=\"(max-width: 768px) 100vw, 768px\" \/>\t\t\t\t\t\t\t\t\t\t\t\t\t\t\t<\/div>\n\t\t\t\t<\/div>\n\t\t\t\t\t<\/div>\n\t\t<\/div>\n\t\t\t\t\t<\/div>\n\t\t<\/section>\n\t\t\t\t<section class=\"elementor-section elementor-top-section elementor-element elementor-element-f265696 elementor-section-full_width elementor-section-height-default elementor-section-height-default\" data-id=\"f265696\" data-element_type=\"section\" data-e-type=\"section\">\n\t\t\t\t\t\t<div class=\"elementor-container elementor-column-gap-default\">\n\t\t\t\t\t<div class=\"elementor-column elementor-col-100 elementor-top-column elementor-element elementor-element-890351c\" data-id=\"890351c\" data-element_type=\"column\" data-e-type=\"column\">\n\t\t\t<div class=\"elementor-widget-wrap elementor-element-populated\">\n\t\t\t\t\t\t<section class=\"elementor-section elementor-inner-section elementor-element elementor-element-2d3bbb3 elementor-section-boxed elementor-section-height-default elementor-section-height-default\" data-id=\"2d3bbb3\" data-element_type=\"section\" data-e-type=\"section\">\n\t\t\t\t\t\t<div class=\"elementor-container elementor-column-gap-default\">\n\t\t\t\t\t<div class=\"elementor-column elementor-col-100 elementor-inner-column elementor-element elementor-element-a34bae4\" data-id=\"a34bae4\" data-element_type=\"column\" data-e-type=\"column\">\n\t\t\t<div class=\"elementor-widget-wrap elementor-element-populated\">\n\t\t\t\t\t\t<div class=\"elementor-element elementor-element-957e643 elementor-widget elementor-widget-text-editor\" data-id=\"957e643\" data-element_type=\"widget\" data-e-type=\"widget\" data-widget_type=\"text-editor.default\">\n\t\t\t\t<div class=\"elementor-widget-container\">\n\t\t\t\t\t\t\t\t\t<h3><span style=\"color: #009cdf;\">Location<\/span><\/h3>\t\t\t\t\t\t\t\t<\/div>\n\t\t\t\t<\/div>\n\t\t\t\t\t<\/div>\n\t\t<\/div>\n\t\t\t\t\t<\/div>\n\t\t<\/section>\n\t\t\t\t<section class=\"elementor-section elementor-inner-section elementor-element elementor-element-0dfa6e1 elementor-section-boxed elementor-section-height-default elementor-section-height-default\" data-id=\"0dfa6e1\" data-element_type=\"section\" data-e-type=\"section\">\n\t\t\t\t\t\t<div class=\"elementor-container elementor-column-gap-default\">\n\t\t\t\t\t<div class=\"elementor-column elementor-col-100 elementor-inner-column elementor-element elementor-element-ce8bb87\" data-id=\"ce8bb87\" data-element_type=\"column\" data-e-type=\"column\">\n\t\t\t<div class=\"elementor-widget-wrap elementor-element-populated\">\n\t\t\t\t\t\t<div class=\"elementor-element elementor-element-27506c0 elementor-widget elementor-widget-google_maps\" data-id=\"27506c0\" data-element_type=\"widget\" data-e-type=\"widget\" data-widget_type=\"google_maps.default\">\n\t\t\t\t<div class=\"elementor-widget-container\">\n\t\t\t\t\t\t\t<div class=\"elementor-custom-embed\">\n\t\t\t<iframe loading=\"lazy\"\n\t\t\t\t\tsrc=\"https:\/\/maps.google.com\/maps?q=Kustaa%20Kolmannen%20tie%2075%2C%2036270%20KANGASALA&#038;t=m&#038;z=12&#038;output=embed&#038;iwloc=near\"\n\t\t\t\t\ttitle=\"Kustaa Kolmannen tie 75, 36270 KANGASALA\"\n\t\t\t\t\taria-label=\"Kustaa Kolmannen tie 75, 36270 KANGASALA\"\n\t\t\t><\/iframe>\n\t\t<\/div>\n\t\t\t\t\t\t<\/div>\n\t\t\t\t<\/div>\n\t\t\t\t\t<\/div>\n\t\t<\/div>\n\t\t\t\t\t<\/div>\n\t\t<\/section>\n\t\t\t\t\t<\/div>\n\t\t<\/div>\n\t\t\t\t\t<\/div>\n\t\t<\/section>\n\t\t\t\t<section class=\"elementor-section elementor-top-section elementor-element elementor-element-d27d852 elementor-section-boxed elementor-section-height-default elementor-section-height-default\" data-id=\"d27d852\" data-element_type=\"section\" data-e-type=\"section\">\n\t\t\t\t\t\t<div class=\"elementor-container elementor-column-gap-default\">\n\t\t\t\t\t<div class=\"elementor-column elementor-col-100 elementor-top-column elementor-element elementor-element-8ddd2bc\" data-id=\"8ddd2bc\" data-element_type=\"column\" data-e-type=\"column\">\n\t\t\t<div class=\"elementor-widget-wrap elementor-element-populated\">\n\t\t\t\t\t\t<section class=\"elementor-section elementor-inner-section elementor-element elementor-element-f23dfb5 elementor-section-boxed elementor-section-height-default elementor-section-height-default\" data-id=\"f23dfb5\" data-element_type=\"section\" data-e-type=\"section\">\n\t\t\t\t\t\t<div class=\"elementor-container elementor-column-gap-default\">\n\t\t\t\t\t<div class=\"elementor-column elementor-col-100 elementor-inner-column elementor-element elementor-element-ef68427\" data-id=\"ef68427\" data-element_type=\"column\" data-e-type=\"column\">\n\t\t\t<div class=\"elementor-widget-wrap elementor-element-populated\">\n\t\t\t\t\t\t<div class=\"elementor-element elementor-element-042e441 elementor-widget elementor-widget-text-editor\" data-id=\"042e441\" data-element_type=\"widget\" data-e-type=\"widget\" data-widget_type=\"text-editor.default\">\n\t\t\t\t<div class=\"elementor-widget-container\">\n\t\t\t\t\t\t\t\t\t<h3><span style=\"color: #009cdf;\">Public transport<\/span><\/h3><p>From the Tampere city centre area, Mobilia is accessible by the Tampere public transport bus number 42. The terminus of the line is located just outside the main entrance of Mobilia. Unfortunately public transport connections are only few per day due to changes in the Nysse timetables. We hope that the public transport services will improve in the future. <a href=\"https:\/\/reittiopas.tampere.fi\/linjat\/tampere:42\/pysakit\/tampere:42:1:02\" target=\"_blank\" rel=\"noopener\">Nysse<\/a><\/p>\t\t\t\t\t\t\t\t<\/div>\n\t\t\t\t<\/div>\n\t\t\t\t\t<\/div>\n\t\t<\/div>\n\t\t\t\t\t<\/div>\n\t\t<\/section>\n\t\t\t\t\t<\/div>\n\t\t<\/div>\n\t\t\t\t\t<\/div>\n\t\t<\/section>\n\t\t\t\t<section class=\"elementor-section elementor-top-section elementor-element elementor-element-5962b34 elementor-section-boxed elementor-section-height-default elementor-section-height-default\" data-id=\"5962b34\" data-element_type=\"section\" data-e-type=\"section\">\n\t\t\t\t\t\t<div class=\"elementor-container elementor-column-gap-default\">\n\t\t\t\t\t<div class=\"elementor-column elementor-col-100 elementor-top-column elementor-element elementor-element-4f291de\" data-id=\"4f291de\" data-element_type=\"column\" data-e-type=\"column\">\n\t\t\t<div class=\"elementor-widget-wrap elementor-element-populated\">\n\t\t\t\t\t\t<section class=\"elementor-section elementor-inner-section elementor-element elementor-element-0457e62 elementor-section-boxed elementor-section-height-default elementor-section-height-default\" data-id=\"0457e62\" data-element_type=\"section\" data-e-type=\"section\">\n\t\t\t\t\t\t<div class=\"elementor-container elementor-column-gap-default\">\n\t\t\t\t\t<div class=\"elementor-column elementor-col-100 elementor-inner-column elementor-element elementor-element-4d78440\" data-id=\"4d78440\" data-element_type=\"column\" data-e-type=\"column\">\n\t\t\t<div class=\"elementor-widget-wrap elementor-element-populated\">\n\t\t\t\t\t\t<div class=\"elementor-element elementor-element-2e05fcc elementor-widget elementor-widget-text-editor\" data-id=\"2e05fcc\" data-element_type=\"widget\" data-e-type=\"widget\" data-widget_type=\"text-editor.default\">\n\t\t\t\t<div class=\"elementor-widget-container\">\n\t\t\t\t\t\t\t\t\t<h3><span style=\"color: #009cdf;\">Area map of Mobilia<\/span><\/h3>\t\t\t\t\t\t\t\t<\/div>\n\t\t\t\t<\/div>\n\t\t\t\t\t<\/div>\n\t\t<\/div>\n\t\t\t\t\t<\/div>\n\t\t<\/section>\n\t\t\t\t<section class=\"elementor-section elementor-inner-section elementor-element elementor-element-aa2822f elementor-section-boxed elementor-section-height-default elementor-section-height-default\" data-id=\"aa2822f\" data-element_type=\"section\" data-e-type=\"section\">\n\t\t\t\t\t\t<div class=\"elementor-container elementor-column-gap-default\">\n\t\t\t\t\t<div class=\"elementor-column elementor-col-100 elementor-inner-column elementor-element elementor-element-322c2ac\" data-id=\"322c2ac\" data-element_type=\"column\" data-e-type=\"column\">\n\t\t\t<div class=\"elementor-widget-wrap elementor-element-populated\">\n\t\t\t\t\t\t<div class=\"elementor-element elementor-element-d324482 elementor-widget elementor-widget-image\" data-id=\"d324482\" data-element_type=\"widget\" data-e-type=\"widget\" data-widget_type=\"image.default\">\n\t\t\t\t<div class=\"elementor-widget-container\">\n\t\t\t\t\t\t\t\t\t\t\t\t\t\t\t\t<a href=\"\/wp-content\/uploads\/2020\/04\/mobilia_pihakartta_2017_2s.pdf\" target=\"_blank\">\n\t\t\t\t\t\t\t<img loading=\"lazy\" decoding=\"async\" width=\"1920\" height=\"970\" src=\"https:\/\/mobilia.fi\/wp-content\/uploads\/2022\/09\/mobilia_seinakartta_2022_web.jpg\" class=\"attachment-full size-full wp-image-8052\" alt=\"Piirrostyylinen opaskartta Mobilian alueen rakennuksista.\" srcset=\"https:\/\/mobilia.fi\/wp-content\/uploads\/2022\/09\/mobilia_seinakartta_2022_web.jpg 1920w, https:\/\/mobilia.fi\/wp-content\/uploads\/2022\/09\/mobilia_seinakartta_2022_web-300x152.jpg 300w, https:\/\/mobilia.fi\/wp-content\/uploads\/2022\/09\/mobilia_seinakartta_2022_web-1024x517.jpg 1024w, https:\/\/mobilia.fi\/wp-content\/uploads\/2022\/09\/mobilia_seinakartta_2022_web-768x388.jpg 768w, https:\/\/mobilia.fi\/wp-content\/uploads\/2022\/09\/mobilia_seinakartta_2022_web-1536x776.jpg 1536w\" sizes=\"(max-width: 1920px) 100vw, 1920px\" \/>\t\t\t\t\t\t\t\t<\/a>\n\t\t\t\t\t\t\t\t\t\t\t\t\t\t\t<\/div>\n\t\t\t\t<\/div>\n\t\t\t\t\t<\/div>\n\t\t<\/div>\n\t\t\t\t\t<\/div>\n\t\t<\/section>\n\t\t\t\t\t<\/div>\n\t\t<\/div>\n\t\t\t\t\t<\/div>\n\t\t<\/section>\n\t\t\t\t<\/div>\n\t\t","protected":false},"excerpt":{"rendered":"<p>Map and arrival Well-connected Arrival You can arrive at Mobilia easily by different means of transport. A spacious, free parking area is available for cars and motorbikes. For electric cars there is a Autoliitto Charging Station powered by Virta in Mobilia with two CCS Combo plugs. All customers can use the charcing station \u2013 as [&hellip;]<\/p>\n","protected":false},"author":10,"featured_media":713,"parent":6792,"menu_order":2,"comment_status":"closed","ping_status":"closed","template":"","meta":{"_acf_changed":false,"inline_featured_image":false,"footnotes":""},"class_list":["post-7239","page","type-page","status-publish","has-post-thumbnail","hentry"],"acf":[],"_links":{"self":[{"href":"https:\/\/mobilia.fi\/en\/wp-json\/wp\/v2\/pages\/7239","targetHints":{"allow":["GET"]}}],"collection":[{"href":"https:\/\/mobilia.fi\/en\/wp-json\/wp\/v2\/pages"}],"about":[{"href":"https:\/\/mobilia.fi\/en\/wp-json\/wp\/v2\/types\/page"}],"author":[{"embeddable":true,"href":"https:\/\/mobilia.fi\/en\/wp-json\/wp\/v2\/users\/10"}],"replies":[{"embeddable":true,"href":"https:\/\/mobilia.fi\/en\/wp-json\/wp\/v2\/comments?post=7239"}],"version-history":[{"count":33,"href":"https:\/\/mobilia.fi\/en\/wp-json\/wp\/v2\/pages\/7239\/revisions"}],"predecessor-version":[{"id":16514,"href":"https:\/\/mobilia.fi\/en\/wp-json\/wp\/v2\/pages\/7239\/revisions\/16514"}],"up":[{"embeddable":true,"href":"https:\/\/mobilia.fi\/en\/wp-json\/wp\/v2\/pages\/6792"}],"wp:featuredmedia":[{"embeddable":true,"href":"https:\/\/mobilia.fi\/en\/wp-json\/wp\/v2\/media\/713"}],"wp:attachment":[{"href":"https:\/\/mobilia.fi\/en\/wp-json\/wp\/v2\/media?parent=7239"}],"curies":[{"name":"wp","href":"https:\/\/api.w.org\/{rel}","templated":true}]}}