{"id":7262,"date":"2022-07-02T09:47:38","date_gmt":"2022-07-02T06:47:38","guid":{"rendered":"https:\/\/mobilia.fi\/?page_id=7262"},"modified":"2025-06-03T17:18:49","modified_gmt":"2025-06-03T14:18:49","slug":"indoor-activities","status":"publish","type":"page","link":"https:\/\/mobilia.fi\/en\/visit\/for-children\/indoor-activities\/","title":{"rendered":"Indoor activities"},"content":{"rendered":"\t\t<div data-elementor-type=\"wp-page\" data-elementor-id=\"7262\" class=\"elementor elementor-7262 elementor-1513\" data-elementor-post-type=\"page\">\n\t\t\t\t\t\t<section class=\"elementor-section elementor-top-section elementor-element elementor-element-8cd8eca elementor-section-height-min-height elementor-section-boxed elementor-section-height-default elementor-section-items-middle\" data-id=\"8cd8eca\" data-element_type=\"section\" data-e-type=\"section\" data-settings=\"{&quot;background_background&quot;:&quot;classic&quot;}\">\n\t\t\t\t\t\t\t<div class=\"elementor-background-overlay\"><\/div>\n\t\t\t\t\t\t\t<div class=\"elementor-container elementor-column-gap-default\">\n\t\t\t\t\t<div class=\"elementor-column elementor-col-100 elementor-top-column elementor-element elementor-element-7d7a96a\" data-id=\"7d7a96a\" data-element_type=\"column\" data-e-type=\"column\">\n\t\t\t<div class=\"elementor-widget-wrap elementor-element-populated\">\n\t\t\t\t\t\t<div class=\"elementor-element elementor-element-ce9c067 elementor-widget elementor-widget-text-editor\" data-id=\"ce9c067\" data-element_type=\"widget\" data-e-type=\"widget\" data-widget_type=\"text-editor.default\">\n\t\t\t\t<div class=\"elementor-widget-container\">\n\t\t\t\t\t\t\t\t\t<h1>Indoor activities<\/h1><p>The museum is fun!<\/p>\t\t\t\t\t\t\t\t<\/div>\n\t\t\t\t<\/div>\n\t\t\t\t\t<\/div>\n\t\t<\/div>\n\t\t\t\t\t<\/div>\n\t\t<\/section>\n\t\t\t\t<section class=\"elementor-section elementor-top-section elementor-element elementor-element-3915d047 elementor-section-boxed elementor-section-height-default elementor-section-height-default\" data-id=\"3915d047\" data-element_type=\"section\" data-e-type=\"section\">\n\t\t\t\t\t\t<div class=\"elementor-container elementor-column-gap-default\">\n\t\t\t\t\t<div class=\"elementor-column elementor-col-100 elementor-top-column elementor-element elementor-element-6bc162e0\" data-id=\"6bc162e0\" data-element_type=\"column\" data-e-type=\"column\">\n\t\t\t<div class=\"elementor-widget-wrap elementor-element-populated\">\n\t\t\t\t\t\t<section class=\"elementor-section elementor-inner-section elementor-element elementor-element-6191ed31 elementor-section-boxed elementor-section-height-default elementor-section-height-default\" data-id=\"6191ed31\" data-element_type=\"section\" data-e-type=\"section\">\n\t\t\t\t\t\t<div class=\"elementor-container elementor-column-gap-default\">\n\t\t\t\t\t<div class=\"elementor-column elementor-col-50 elementor-inner-column elementor-element elementor-element-77871d4b\" data-id=\"77871d4b\" data-element_type=\"column\" data-e-type=\"column\">\n\t\t\t<div class=\"elementor-widget-wrap elementor-element-populated\">\n\t\t\t\t\t\t<div class=\"elementor-element elementor-element-45aa1293 elementor-widget elementor-widget-text-editor\" data-id=\"45aa1293\" data-element_type=\"widget\" data-e-type=\"widget\" data-widget_type=\"text-editor.default\">\n\t\t\t\t<div class=\"elementor-widget-container\">\n\t\t\t\t\t\t\t\t\t<p><span class=\"custom-sub-header\" style=\"color: #009cdf;\">Sega Rally<br \/><\/span><\/p><p>Sega Rally is a classic rally game from the 1990s that still seems to be a favourite with today&#8217;s children and teens. The game can be played alone or in competition with a friend at the Rally Museum. Of course, the game is also suitable for adults.<\/p><p>Playing is free for museum visitors, as this fast-paced gaming experience is provided by Motonet!<\/p><p>To ensure hygienic use of the game, each user must wipe clean the parts they touch.<\/p><div>\u00a0<\/div>\t\t\t\t\t\t\t\t<\/div>\n\t\t\t\t<\/div>\n\t\t\t\t\t<\/div>\n\t\t<\/div>\n\t\t\t\t<div class=\"elementor-column elementor-col-50 elementor-inner-column elementor-element elementor-element-1d330ba3\" data-id=\"1d330ba3\" data-element_type=\"column\" data-e-type=\"column\">\n\t\t\t<div class=\"elementor-widget-wrap elementor-element-populated\">\n\t\t\t\t\t\t<div class=\"elementor-element elementor-element-37f28f14 elementor-widget elementor-widget-image\" data-id=\"37f28f14\" data-element_type=\"widget\" data-e-type=\"widget\" data-widget_type=\"image.default\">\n\t\t\t\t<div class=\"elementor-widget-container\">\n\t\t\t\t\t\t\t\t\t\t\t\t\t\t\t<img fetchpriority=\"high\" decoding=\"async\" width=\"1920\" height=\"1280\" src=\"https:\/\/mobilia.fi\/wp-content\/uploads\/2020\/10\/Studio_Reetta_Muranen_9977.jpg\" class=\"attachment-full size-full wp-image-1518\" alt=\"Raitapaitainen pikkupoika pit\u00e4\u00e4 kiinni ratista ja ajaa rallipeli\u00e4.\" srcset=\"https:\/\/mobilia.fi\/wp-content\/uploads\/2020\/10\/Studio_Reetta_Muranen_9977.jpg 1920w, https:\/\/mobilia.fi\/wp-content\/uploads\/2020\/10\/Studio_Reetta_Muranen_9977-300x200.jpg 300w, https:\/\/mobilia.fi\/wp-content\/uploads\/2020\/10\/Studio_Reetta_Muranen_9977-1024x683.jpg 1024w, https:\/\/mobilia.fi\/wp-content\/uploads\/2020\/10\/Studio_Reetta_Muranen_9977-768x512.jpg 768w, https:\/\/mobilia.fi\/wp-content\/uploads\/2020\/10\/Studio_Reetta_Muranen_9977-1536x1024.jpg 1536w\" sizes=\"(max-width: 1920px) 100vw, 1920px\" \/>\t\t\t\t\t\t\t\t\t\t\t\t\t\t\t<\/div>\n\t\t\t\t<\/div>\n\t\t\t\t\t<\/div>\n\t\t<\/div>\n\t\t\t\t\t<\/div>\n\t\t<\/section>\n\t\t\t\t\t<\/div>\n\t\t<\/div>\n\t\t\t\t\t<\/div>\n\t\t<\/section>\n\t\t\t\t<section class=\"elementor-section elementor-top-section elementor-element elementor-element-faa1559 elementor-section-boxed elementor-section-height-default elementor-section-height-default\" data-id=\"faa1559\" data-element_type=\"section\" data-e-type=\"section\">\n\t\t\t\t\t\t<div class=\"elementor-container elementor-column-gap-default\">\n\t\t\t\t\t<div class=\"elementor-column elementor-col-100 elementor-top-column elementor-element elementor-element-5eb5c31\" data-id=\"5eb5c31\" data-element_type=\"column\" data-e-type=\"column\">\n\t\t\t<div class=\"elementor-widget-wrap elementor-element-populated\">\n\t\t\t\t\t\t<section class=\"elementor-section elementor-inner-section elementor-element elementor-element-14e9d3b elementor-section-boxed elementor-section-height-default elementor-section-height-default\" data-id=\"14e9d3b\" data-element_type=\"section\" data-e-type=\"section\">\n\t\t\t\t\t\t<div class=\"elementor-container elementor-column-gap-default\">\n\t\t\t\t\t<div class=\"elementor-column elementor-col-50 elementor-inner-column elementor-element elementor-element-7159556\" data-id=\"7159556\" data-element_type=\"column\" data-e-type=\"column\">\n\t\t\t<div class=\"elementor-widget-wrap elementor-element-populated\">\n\t\t\t\t\t\t<div class=\"elementor-element elementor-element-535515e elementor-widget elementor-widget-text-editor\" data-id=\"535515e\" data-element_type=\"widget\" data-e-type=\"widget\" data-widget_type=\"text-editor.default\">\n\t\t\t\t<div class=\"elementor-widget-container\">\n\t\t\t\t\t\t\t\t\t<p><span class=\"custom-sub-header\" style=\"color: #009cdf;\">DETECTIVE WORK<\/span><\/p><p>For children&#8217;s enjoyment, our exhibitions include image-navigation-based detective puzzles, which are fun to solve during a tour of the museum. The activities are best suited for children aged 5 to 10.<\/p><p>Don&#8217;t forget to ask for your detective task at the ticket counter! There will be a small prize for those who solve the task.<\/p>\t\t\t\t\t\t\t\t<\/div>\n\t\t\t\t<\/div>\n\t\t\t\t\t<\/div>\n\t\t<\/div>\n\t\t\t\t<div class=\"elementor-column elementor-col-50 elementor-inner-column elementor-element elementor-element-41f1c04\" data-id=\"41f1c04\" data-element_type=\"column\" data-e-type=\"column\">\n\t\t\t<div class=\"elementor-widget-wrap elementor-element-populated\">\n\t\t\t\t\t\t<div class=\"elementor-element elementor-element-1329a2d elementor-widget elementor-widget-image\" data-id=\"1329a2d\" data-element_type=\"widget\" data-e-type=\"widget\" data-widget_type=\"image.default\">\n\t\t\t\t<div class=\"elementor-widget-container\">\n\t\t\t\t\t\t\t\t\t\t\t\t\t\t\t<img decoding=\"async\" width=\"640\" height=\"427\" src=\"https:\/\/mobilia.fi\/wp-content\/uploads\/2020\/10\/Salapoliisiteht\u00e4v\u00e4_web.jpg\" class=\"attachment-full size-full wp-image-1530\" alt=\"Kaksi poikaa tutkii paperilla olevia kuvia.\" srcset=\"https:\/\/mobilia.fi\/wp-content\/uploads\/2020\/10\/Salapoliisiteht\u00e4v\u00e4_web.jpg 640w, https:\/\/mobilia.fi\/wp-content\/uploads\/2020\/10\/Salapoliisiteht\u00e4v\u00e4_web-300x200.jpg 300w\" sizes=\"(max-width: 640px) 100vw, 640px\" \/>\t\t\t\t\t\t\t\t\t\t\t\t\t\t\t<\/div>\n\t\t\t\t<\/div>\n\t\t\t\t\t<\/div>\n\t\t<\/div>\n\t\t\t\t\t<\/div>\n\t\t<\/section>\n\t\t\t\t\t<\/div>\n\t\t<\/div>\n\t\t\t\t\t<\/div>\n\t\t<\/section>\n\t\t\t\t<section class=\"elementor-section elementor-top-section elementor-element elementor-element-cc8a7c3 elementor-section-boxed elementor-section-height-default elementor-section-height-default\" data-id=\"cc8a7c3\" data-element_type=\"section\" data-e-type=\"section\">\n\t\t\t\t\t\t<div class=\"elementor-container elementor-column-gap-default\">\n\t\t\t\t\t<div class=\"elementor-column elementor-col-100 elementor-top-column elementor-element elementor-element-14a5da6\" data-id=\"14a5da6\" data-element_type=\"column\" data-e-type=\"column\">\n\t\t\t<div class=\"elementor-widget-wrap elementor-element-populated\">\n\t\t\t\t\t\t<section class=\"elementor-section elementor-inner-section elementor-element elementor-element-721c6cf elementor-section-boxed elementor-section-height-default elementor-section-height-default\" data-id=\"721c6cf\" data-element_type=\"section\" data-e-type=\"section\">\n\t\t\t\t\t\t<div class=\"elementor-container elementor-column-gap-default\">\n\t\t\t\t\t<div class=\"elementor-column elementor-col-50 elementor-inner-column elementor-element elementor-element-251f488\" data-id=\"251f488\" data-element_type=\"column\" data-e-type=\"column\">\n\t\t\t<div class=\"elementor-widget-wrap elementor-element-populated\">\n\t\t\t\t\t\t<div class=\"elementor-element elementor-element-9bd131a elementor-widget elementor-widget-image\" data-id=\"9bd131a\" data-element_type=\"widget\" data-e-type=\"widget\" data-widget_type=\"image.default\">\n\t\t\t\t<div class=\"elementor-widget-container\">\n\t\t\t\t\t\t\t\t\t\t\t\t\t\t\t<img decoding=\"async\" width=\"1700\" height=\"2156\" src=\"https:\/\/mobilia.fi\/wp-content\/uploads\/2020\/10\/nalle4.jpg\" class=\"attachment-full size-full wp-image-1534\" alt=\"Lapsi on laskenut liukum\u00e4est\u00e4 pehme\u00e4sti ison nallen p\u00e4\u00e4lle.\" srcset=\"https:\/\/mobilia.fi\/wp-content\/uploads\/2020\/10\/nalle4.jpg 1700w, https:\/\/mobilia.fi\/wp-content\/uploads\/2020\/10\/nalle4-237x300.jpg 237w, https:\/\/mobilia.fi\/wp-content\/uploads\/2020\/10\/nalle4-807x1024.jpg 807w, https:\/\/mobilia.fi\/wp-content\/uploads\/2020\/10\/nalle4-768x974.jpg 768w, https:\/\/mobilia.fi\/wp-content\/uploads\/2020\/10\/nalle4-1211x1536.jpg 1211w, https:\/\/mobilia.fi\/wp-content\/uploads\/2020\/10\/nalle4-1615x2048.jpg 1615w\" sizes=\"(max-width: 1700px) 100vw, 1700px\" \/>\t\t\t\t\t\t\t\t\t\t\t\t\t\t\t<\/div>\n\t\t\t\t<\/div>\n\t\t\t\t\t<\/div>\n\t\t<\/div>\n\t\t\t\t<div class=\"elementor-column elementor-col-50 elementor-inner-column elementor-element elementor-element-caccd06\" data-id=\"caccd06\" data-element_type=\"column\" data-e-type=\"column\">\n\t\t\t<div class=\"elementor-widget-wrap elementor-element-populated\">\n\t\t\t\t\t\t<div class=\"elementor-element elementor-element-30701df elementor-widget elementor-widget-text-editor\" data-id=\"30701df\" data-element_type=\"widget\" data-e-type=\"widget\" data-widget_type=\"text-editor.default\">\n\t\t\t\t<div class=\"elementor-widget-container\">\n\t\t\t\t\t\t\t\t\t<p><span class=\"custom-sub-header\" style=\"color: #009cdf;\">PLAY AREA<br \/><\/span><\/p><p>The little ones will have a great time in the museum playground. In addition to a playhouse, the playground has toy cars and a drawing space.<\/p>\t\t\t\t\t\t\t\t<\/div>\n\t\t\t\t<\/div>\n\t\t\t\t\t<\/div>\n\t\t<\/div>\n\t\t\t\t\t<\/div>\n\t\t<\/section>\n\t\t\t\t\t<\/div>\n\t\t<\/div>\n\t\t\t\t\t<\/div>\n\t\t<\/section>\n\t\t\t\t<\/div>\n\t\t","protected":false},"excerpt":{"rendered":"<p>Indoor activities The museum is fun! Sega Rally Sega Rally is a classic rally game from the 1990s that still seems to be a favourite with today&#8217;s children and teens. The game can be played alone or in competition with a friend at the Rally Museum. Of course, the game is also suitable for adults. [&hellip;]<\/p>\n","protected":false},"author":10,"featured_media":1518,"parent":7246,"menu_order":3,"comment_status":"closed","ping_status":"closed","template":"","meta":{"_acf_changed":false,"inline_featured_image":false,"footnotes":""},"class_list":["post-7262","page","type-page","status-publish","has-post-thumbnail","hentry"],"acf":[],"_links":{"self":[{"href":"https:\/\/mobilia.fi\/en\/wp-json\/wp\/v2\/pages\/7262","targetHints":{"allow":["GET"]}}],"collection":[{"href":"https:\/\/mobilia.fi\/en\/wp-json\/wp\/v2\/pages"}],"about":[{"href":"https:\/\/mobilia.fi\/en\/wp-json\/wp\/v2\/types\/page"}],"author":[{"embeddable":true,"href":"https:\/\/mobilia.fi\/en\/wp-json\/wp\/v2\/users\/10"}],"replies":[{"embeddable":true,"href":"https:\/\/mobilia.fi\/en\/wp-json\/wp\/v2\/comments?post=7262"}],"version-history":[{"count":12,"href":"https:\/\/mobilia.fi\/en\/wp-json\/wp\/v2\/pages\/7262\/revisions"}],"predecessor-version":[{"id":15557,"href":"https:\/\/mobilia.fi\/en\/wp-json\/wp\/v2\/pages\/7262\/revisions\/15557"}],"up":[{"embeddable":true,"href":"https:\/\/mobilia.fi\/en\/wp-json\/wp\/v2\/pages\/7246"}],"wp:featuredmedia":[{"embeddable":true,"href":"https:\/\/mobilia.fi\/en\/wp-json\/wp\/v2\/media\/1518"}],"wp:attachment":[{"href":"https:\/\/mobilia.fi\/en\/wp-json\/wp\/v2\/media?parent=7262"}],"curies":[{"name":"wp","href":"https:\/\/api.w.org\/{rel}","templated":true}]}}