{"id":7267,"date":"2022-07-02T09:53:56","date_gmt":"2022-07-02T06:53:56","guid":{"rendered":"https:\/\/mobilia.fi\/?page_id=7267"},"modified":"2025-11-07T10:39:58","modified_gmt":"2025-11-07T08:39:58","slug":"outdoor-fun","status":"publish","type":"page","link":"https:\/\/mobilia.fi\/en\/visit\/for-children\/outdoor-fun\/","title":{"rendered":"Outdoor fun"},"content":{"rendered":"\t\t<div data-elementor-type=\"wp-page\" data-elementor-id=\"7267\" class=\"elementor elementor-7267 elementor-1539\" data-elementor-post-type=\"page\">\n\t\t\t\t\t\t<section class=\"elementor-section elementor-top-section elementor-element elementor-element-8cd8eca elementor-section-height-min-height elementor-section-boxed elementor-section-height-default elementor-section-items-middle\" data-id=\"8cd8eca\" data-element_type=\"section\" data-e-type=\"section\" data-settings=\"{&quot;background_background&quot;:&quot;classic&quot;}\">\n\t\t\t\t\t\t\t<div class=\"elementor-background-overlay\"><\/div>\n\t\t\t\t\t\t\t<div class=\"elementor-container elementor-column-gap-default\">\n\t\t\t\t\t<div class=\"elementor-column elementor-col-100 elementor-top-column elementor-element elementor-element-7d7a96a\" data-id=\"7d7a96a\" data-element_type=\"column\" data-e-type=\"column\">\n\t\t\t<div class=\"elementor-widget-wrap elementor-element-populated\">\n\t\t\t\t\t\t<div class=\"elementor-element elementor-element-ce9c067 elementor-widget elementor-widget-text-editor\" data-id=\"ce9c067\" data-element_type=\"widget\" data-e-type=\"widget\" data-widget_type=\"text-editor.default\">\n\t\t\t\t<div class=\"elementor-widget-container\">\n\t\t\t\t\t\t\t\t\t<h1>Outdoor fun<\/h1><p>Nice things to do in the Mobilia area<\/p>\t\t\t\t\t\t\t\t<\/div>\n\t\t\t\t<\/div>\n\t\t\t\t\t<\/div>\n\t\t<\/div>\n\t\t\t\t\t<\/div>\n\t\t<\/section>\n\t\t\t\t<section class=\"elementor-section elementor-top-section elementor-element elementor-element-3915d047 elementor-section-boxed elementor-section-height-default elementor-section-height-default\" data-id=\"3915d047\" data-element_type=\"section\" data-e-type=\"section\">\n\t\t\t\t\t\t<div class=\"elementor-container elementor-column-gap-default\">\n\t\t\t\t\t<div class=\"elementor-column elementor-col-100 elementor-top-column elementor-element elementor-element-6bc162e0\" data-id=\"6bc162e0\" data-element_type=\"column\" data-e-type=\"column\">\n\t\t\t<div class=\"elementor-widget-wrap elementor-element-populated\">\n\t\t\t\t\t\t<section class=\"elementor-section elementor-inner-section elementor-element elementor-element-6191ed31 elementor-section-boxed elementor-section-height-default elementor-section-height-default\" data-id=\"6191ed31\" data-element_type=\"section\" data-e-type=\"section\">\n\t\t\t\t\t\t<div class=\"elementor-container elementor-column-gap-default\">\n\t\t\t\t\t<div class=\"elementor-column elementor-col-50 elementor-inner-column elementor-element elementor-element-77871d4b\" data-id=\"77871d4b\" data-element_type=\"column\" data-e-type=\"column\">\n\t\t\t<div class=\"elementor-widget-wrap elementor-element-populated\">\n\t\t\t\t\t\t<div class=\"elementor-element elementor-element-45aa1293 elementor-widget elementor-widget-text-editor\" data-id=\"45aa1293\" data-element_type=\"widget\" data-e-type=\"widget\" data-widget_type=\"text-editor.default\">\n\t\t\t\t<div class=\"elementor-widget-container\">\n\t\t\t\t\t\t\t\t\t<p><span class=\"custom-sub-header\" style=\"color: #009cdf;\">Playground<\/span><\/p><p>There is a popular children&#8217;s playground in the Mobilia beach area. The playground was completely renovated in autumn 2025 by the City of Kangasala. The playground has modern climbing frames and slides. Adults will also enjoy the playground with its beautiful seaside scenery.<\/p><p><strong data-start=\"75\" data-end=\"86\">NOTICE!<\/strong><br data-start=\"86\" data-end=\"89\" \/><em>The final landscaping and planting work will be completed in spring 2026.<\/em><\/p>\t\t\t\t\t\t\t\t<\/div>\n\t\t\t\t<\/div>\n\t\t\t\t\t<\/div>\n\t\t<\/div>\n\t\t\t\t<div class=\"elementor-column elementor-col-50 elementor-inner-column elementor-element elementor-element-1d330ba3\" data-id=\"1d330ba3\" data-element_type=\"column\" data-e-type=\"column\">\n\t\t\t<div class=\"elementor-widget-wrap elementor-element-populated\">\n\t\t\t\t\t\t<div class=\"elementor-element elementor-element-37f28f14 elementor-widget elementor-widget-image\" data-id=\"37f28f14\" data-element_type=\"widget\" data-e-type=\"widget\" data-widget_type=\"image.default\">\n\t\t\t\t<div class=\"elementor-widget-container\">\n\t\t\t\t\t\t\t\t\t\t\t\t\t\t\t<img fetchpriority=\"high\" decoding=\"async\" width=\"2560\" height=\"1944\" src=\"https:\/\/mobilia.fi\/wp-content\/uploads\/2025\/11\/Ulkoleikkikentta-2025-syksy-scaled.jpg\" class=\"attachment-full size-full wp-image-16077\" alt=\"\" srcset=\"https:\/\/mobilia.fi\/wp-content\/uploads\/2025\/11\/Ulkoleikkikentta-2025-syksy-scaled.jpg 2560w, https:\/\/mobilia.fi\/wp-content\/uploads\/2025\/11\/Ulkoleikkikentta-2025-syksy-300x228.jpg 300w, https:\/\/mobilia.fi\/wp-content\/uploads\/2025\/11\/Ulkoleikkikentta-2025-syksy-1024x778.jpg 1024w, https:\/\/mobilia.fi\/wp-content\/uploads\/2025\/11\/Ulkoleikkikentta-2025-syksy-768x583.jpg 768w, https:\/\/mobilia.fi\/wp-content\/uploads\/2025\/11\/Ulkoleikkikentta-2025-syksy-1536x1167.jpg 1536w, https:\/\/mobilia.fi\/wp-content\/uploads\/2025\/11\/Ulkoleikkikentta-2025-syksy-2048x1556.jpg 2048w\" sizes=\"(max-width: 2560px) 100vw, 2560px\" \/>\t\t\t\t\t\t\t\t\t\t\t\t\t\t\t<\/div>\n\t\t\t\t<\/div>\n\t\t\t\t\t<\/div>\n\t\t<\/div>\n\t\t\t\t\t<\/div>\n\t\t<\/section>\n\t\t\t\t\t<\/div>\n\t\t<\/div>\n\t\t\t\t\t<\/div>\n\t\t<\/section>\n\t\t\t\t<section class=\"elementor-section elementor-top-section elementor-element elementor-element-27b04f3 elementor-section-boxed elementor-section-height-default elementor-section-height-default\" data-id=\"27b04f3\" data-element_type=\"section\" data-e-type=\"section\">\n\t\t\t\t\t\t<div class=\"elementor-container elementor-column-gap-default\">\n\t\t\t\t\t<div class=\"elementor-column elementor-col-100 elementor-top-column elementor-element elementor-element-a1ecac0\" data-id=\"a1ecac0\" data-element_type=\"column\" data-e-type=\"column\">\n\t\t\t<div class=\"elementor-widget-wrap elementor-element-populated\">\n\t\t\t\t\t\t<section class=\"elementor-section elementor-inner-section elementor-element elementor-element-20a3200 elementor-section-boxed elementor-section-height-default elementor-section-height-default\" data-id=\"20a3200\" data-element_type=\"section\" data-e-type=\"section\">\n\t\t\t\t\t\t<div class=\"elementor-container elementor-column-gap-default\">\n\t\t\t\t\t<div class=\"elementor-column elementor-col-50 elementor-inner-column elementor-element elementor-element-7e6b153\" data-id=\"7e6b153\" data-element_type=\"column\" data-e-type=\"column\">\n\t\t\t<div class=\"elementor-widget-wrap elementor-element-populated\">\n\t\t\t\t\t\t<div class=\"elementor-element elementor-element-21a1ae1 elementor-widget elementor-widget-image\" data-id=\"21a1ae1\" data-element_type=\"widget\" data-e-type=\"widget\" data-widget_type=\"image.default\">\n\t\t\t\t<div class=\"elementor-widget-container\">\n\t\t\t\t\t\t\t\t\t\t\t\t\t\t\t<img decoding=\"async\" width=\"620\" height=\"365\" src=\"https:\/\/mobilia.fi\/wp-content\/uploads\/2020\/10\/Petanque.jpg\" class=\"attachment-full size-full wp-image-1549\" alt=\"Pe\" srcset=\"https:\/\/mobilia.fi\/wp-content\/uploads\/2020\/10\/Petanque.jpg 620w, https:\/\/mobilia.fi\/wp-content\/uploads\/2020\/10\/Petanque-300x177.jpg 300w\" sizes=\"(max-width: 620px) 100vw, 620px\" \/>\t\t\t\t\t\t\t\t\t\t\t\t\t\t\t<\/div>\n\t\t\t\t<\/div>\n\t\t\t\t\t<\/div>\n\t\t<\/div>\n\t\t\t\t<div class=\"elementor-column elementor-col-50 elementor-inner-column elementor-element elementor-element-82cbd1d\" data-id=\"82cbd1d\" data-element_type=\"column\" data-e-type=\"column\">\n\t\t\t<div class=\"elementor-widget-wrap elementor-element-populated\">\n\t\t\t\t\t\t<div class=\"elementor-element elementor-element-5b17e7f elementor-widget elementor-widget-text-editor\" data-id=\"5b17e7f\" data-element_type=\"widget\" data-e-type=\"widget\" data-widget_type=\"text-editor.default\">\n\t\t\t\t<div class=\"elementor-widget-container\">\n\t\t\t\t\t\t\t\t\t<p><span class=\"custom-sub-header\" style=\"color: #009cdf;\">Outdoor games<\/span><\/p><p>From Mobilia&#8217;s customer service, you can borrow fun outdoor games to play in the beach area. Outdoor games are also available for company teams and meeting parties.<\/p><p>Games include petanque, bean bag toss, and m\u00f6lkky.<\/p>\t\t\t\t\t\t\t\t<\/div>\n\t\t\t\t<\/div>\n\t\t\t\t\t<\/div>\n\t\t<\/div>\n\t\t\t\t\t<\/div>\n\t\t<\/section>\n\t\t\t\t\t<\/div>\n\t\t<\/div>\n\t\t\t\t\t<\/div>\n\t\t<\/section>\n\t\t\t\t<section class=\"elementor-section elementor-top-section elementor-element elementor-element-faa1559 elementor-section-boxed elementor-section-height-default elementor-section-height-default\" data-id=\"faa1559\" data-element_type=\"section\" data-e-type=\"section\">\n\t\t\t\t\t\t<div class=\"elementor-container elementor-column-gap-default\">\n\t\t\t\t\t<div class=\"elementor-column elementor-col-100 elementor-top-column elementor-element elementor-element-5eb5c31\" data-id=\"5eb5c31\" data-element_type=\"column\" data-e-type=\"column\">\n\t\t\t<div class=\"elementor-widget-wrap elementor-element-populated\">\n\t\t\t\t\t\t<section class=\"elementor-section elementor-inner-section elementor-element elementor-element-14e9d3b elementor-section-boxed elementor-section-height-default elementor-section-height-default\" data-id=\"14e9d3b\" data-element_type=\"section\" data-e-type=\"section\">\n\t\t\t\t\t\t<div class=\"elementor-container elementor-column-gap-default\">\n\t\t\t\t\t<div class=\"elementor-column elementor-col-50 elementor-inner-column elementor-element elementor-element-7159556\" data-id=\"7159556\" data-element_type=\"column\" data-e-type=\"column\">\n\t\t\t<div class=\"elementor-widget-wrap elementor-element-populated\">\n\t\t\t\t\t\t<div class=\"elementor-element elementor-element-535515e elementor-widget elementor-widget-text-editor\" data-id=\"535515e\" data-element_type=\"widget\" data-e-type=\"widget\" data-widget_type=\"text-editor.default\">\n\t\t\t\t<div class=\"elementor-widget-container\">\n\t\t\t\t\t\t\t\t\t<p><span class=\"custom-sub-header\" style=\"color: #009cdf;\">Beach<\/span><\/p><p>Mobilia is located on the shores of Lake L\u00e4ngelm\u00e4vesi. You can also enjoy the lake by swimming. The child-friendly beach also has changing rooms.<\/p>\t\t\t\t\t\t\t\t<\/div>\n\t\t\t\t<\/div>\n\t\t\t\t\t<\/div>\n\t\t<\/div>\n\t\t\t\t<div class=\"elementor-column elementor-col-50 elementor-inner-column elementor-element elementor-element-41f1c04\" data-id=\"41f1c04\" data-element_type=\"column\" data-e-type=\"column\">\n\t\t\t<div class=\"elementor-widget-wrap elementor-element-populated\">\n\t\t\t\t\t\t<div class=\"elementor-element elementor-element-1329a2d elementor-widget elementor-widget-image\" data-id=\"1329a2d\" data-element_type=\"widget\" data-e-type=\"widget\" data-widget_type=\"image.default\">\n\t\t\t\t<div class=\"elementor-widget-container\">\n\t\t\t\t\t\t\t\t\t\t\t\t\t\t\t<img decoding=\"async\" width=\"1024\" height=\"563\" src=\"https:\/\/mobilia.fi\/wp-content\/uploads\/2020\/10\/Birgitta-Laakso.4827_web.jpg\" class=\"attachment-full size-full wp-image-1553\" alt=\"Lapsia leikkim\u00e4ss\u00e4 uimarannan matalassa vedess\u00e4.\" srcset=\"https:\/\/mobilia.fi\/wp-content\/uploads\/2020\/10\/Birgitta-Laakso.4827_web.jpg 1024w, https:\/\/mobilia.fi\/wp-content\/uploads\/2020\/10\/Birgitta-Laakso.4827_web-300x165.jpg 300w, https:\/\/mobilia.fi\/wp-content\/uploads\/2020\/10\/Birgitta-Laakso.4827_web-768x422.jpg 768w\" sizes=\"(max-width: 1024px) 100vw, 1024px\" \/>\t\t\t\t\t\t\t\t\t\t\t\t\t\t\t<\/div>\n\t\t\t\t<\/div>\n\t\t\t\t\t<\/div>\n\t\t<\/div>\n\t\t\t\t\t<\/div>\n\t\t<\/section>\n\t\t\t\t\t<\/div>\n\t\t<\/div>\n\t\t\t\t\t<\/div>\n\t\t<\/section>\n\t\t\t\t<section class=\"elementor-section elementor-top-section elementor-element elementor-element-cc8a7c3 elementor-section-boxed elementor-section-height-default elementor-section-height-default\" data-id=\"cc8a7c3\" data-element_type=\"section\" data-e-type=\"section\">\n\t\t\t\t\t\t<div class=\"elementor-container elementor-column-gap-default\">\n\t\t\t\t\t<div class=\"elementor-column elementor-col-100 elementor-top-column elementor-element elementor-element-14a5da6\" data-id=\"14a5da6\" data-element_type=\"column\" data-e-type=\"column\">\n\t\t\t<div class=\"elementor-widget-wrap elementor-element-populated\">\n\t\t\t\t\t\t<section class=\"elementor-section elementor-inner-section elementor-element elementor-element-721c6cf elementor-section-boxed elementor-section-height-default elementor-section-height-default\" data-id=\"721c6cf\" data-element_type=\"section\" data-e-type=\"section\">\n\t\t\t\t\t\t<div class=\"elementor-container elementor-column-gap-default\">\n\t\t\t\t\t<div class=\"elementor-column elementor-col-50 elementor-inner-column elementor-element elementor-element-251f488\" data-id=\"251f488\" data-element_type=\"column\" data-e-type=\"column\">\n\t\t\t<div class=\"elementor-widget-wrap elementor-element-populated\">\n\t\t\t\t\t\t<div class=\"elementor-element elementor-element-9bd131a elementor-widget elementor-widget-image\" data-id=\"9bd131a\" data-element_type=\"widget\" data-e-type=\"widget\" data-widget_type=\"image.default\">\n\t\t\t\t<div class=\"elementor-widget-container\">\n\t\t\t\t\t\t\t\t\t\t\t\t\t\t\t<img loading=\"lazy\" decoding=\"async\" width=\"448\" height=\"336\" src=\"https:\/\/mobilia.fi\/wp-content\/uploads\/2020\/10\/DSC00507-web.jpg\" class=\"attachment-full size-full wp-image-1561\" alt=\"Keisarinharjun mets\u00e4ist\u00e4 maisemaa.\" srcset=\"https:\/\/mobilia.fi\/wp-content\/uploads\/2020\/10\/DSC00507-web.jpg 448w, https:\/\/mobilia.fi\/wp-content\/uploads\/2020\/10\/DSC00507-web-300x225.jpg 300w\" sizes=\"(max-width: 448px) 100vw, 448px\" \/>\t\t\t\t\t\t\t\t\t\t\t\t\t\t\t<\/div>\n\t\t\t\t<\/div>\n\t\t\t\t\t<\/div>\n\t\t<\/div>\n\t\t\t\t<div class=\"elementor-column elementor-col-50 elementor-inner-column elementor-element elementor-element-caccd06\" data-id=\"caccd06\" data-element_type=\"column\" data-e-type=\"column\">\n\t\t\t<div class=\"elementor-widget-wrap elementor-element-populated\">\n\t\t\t\t\t\t<div class=\"elementor-element elementor-element-30701df elementor-widget elementor-widget-text-editor\" data-id=\"30701df\" data-element_type=\"widget\" data-e-type=\"widget\" data-widget_type=\"text-editor.default\">\n\t\t\t\t<div class=\"elementor-widget-container\">\n\t\t\t\t\t\t\t\t\t<p><span class=\"custom-sub-header\" style=\"color: #009cdf;\">Keisarinharju nature trail<br \/><\/span><\/p><p>In the Keisarinharju area, there is a nature trail for the whole family, with 10 nature-themed question points.<\/p><p>The path to the nature trail starts from the edge of the Mobilia parking area. The path leads to a forest road on top of Keisarinharju, which will take you to the Keisarinharju observation deck.<\/p><p>The trail is an unmaintained nature trail, so it is not suitable for strollers.<\/p>\t\t\t\t\t\t\t\t<\/div>\n\t\t\t\t<\/div>\n\t\t\t\t\t<\/div>\n\t\t<\/div>\n\t\t\t\t\t<\/div>\n\t\t<\/section>\n\t\t\t\t\t<\/div>\n\t\t<\/div>\n\t\t\t\t\t<\/div>\n\t\t<\/section>\n\t\t\t\t<\/div>\n\t\t","protected":false},"excerpt":{"rendered":"<p>Outdoor fun Nice things to do in the Mobilia area Playground There is a popular children&#8217;s playground in the Mobilia beach area. The playground was completely renovated in autumn 2025 by the City of Kangasala. The playground has modern climbing frames and slides. Adults will also enjoy the playground with its beautiful seaside scenery. NOTICE!The [&hellip;]<\/p>\n","protected":false},"author":10,"featured_media":1624,"parent":7246,"menu_order":2,"comment_status":"closed","ping_status":"closed","template":"","meta":{"_acf_changed":false,"inline_featured_image":false,"footnotes":""},"class_list":["post-7267","page","type-page","status-publish","has-post-thumbnail","hentry"],"acf":[],"_links":{"self":[{"href":"https:\/\/mobilia.fi\/en\/wp-json\/wp\/v2\/pages\/7267","targetHints":{"allow":["GET"]}}],"collection":[{"href":"https:\/\/mobilia.fi\/en\/wp-json\/wp\/v2\/pages"}],"about":[{"href":"https:\/\/mobilia.fi\/en\/wp-json\/wp\/v2\/types\/page"}],"author":[{"embeddable":true,"href":"https:\/\/mobilia.fi\/en\/wp-json\/wp\/v2\/users\/10"}],"replies":[{"embeddable":true,"href":"https:\/\/mobilia.fi\/en\/wp-json\/wp\/v2\/comments?post=7267"}],"version-history":[{"count":13,"href":"https:\/\/mobilia.fi\/en\/wp-json\/wp\/v2\/pages\/7267\/revisions"}],"predecessor-version":[{"id":16088,"href":"https:\/\/mobilia.fi\/en\/wp-json\/wp\/v2\/pages\/7267\/revisions\/16088"}],"up":[{"embeddable":true,"href":"https:\/\/mobilia.fi\/en\/wp-json\/wp\/v2\/pages\/7246"}],"wp:featuredmedia":[{"embeddable":true,"href":"https:\/\/mobilia.fi\/en\/wp-json\/wp\/v2\/media\/1624"}],"wp:attachment":[{"href":"https:\/\/mobilia.fi\/en\/wp-json\/wp\/v2\/media?parent=7267"}],"curies":[{"name":"wp","href":"https:\/\/api.w.org\/{rel}","templated":true}]}}