{"id":7272,"date":"2022-07-02T09:58:49","date_gmt":"2022-07-02T06:58:49","guid":{"rendered":"https:\/\/mobilia.fi\/?page_id=7272"},"modified":"2025-07-07T17:16:55","modified_gmt":"2025-07-07T14:16:55","slug":"guided-tours","status":"publish","type":"page","link":"https:\/\/mobilia.fi\/en\/visit\/guided-tours\/","title":{"rendered":"Guided tours"},"content":{"rendered":"\t\t<div data-elementor-type=\"wp-page\" data-elementor-id=\"7272\" class=\"elementor elementor-7272 elementor-725\" data-elementor-post-type=\"page\">\n\t\t\t\t\t\t<section class=\"elementor-section elementor-top-section elementor-element elementor-element-8cd8eca elementor-section-height-min-height elementor-section-boxed elementor-section-height-default elementor-section-items-middle\" data-id=\"8cd8eca\" data-element_type=\"section\" data-e-type=\"section\" data-settings=\"{&quot;background_background&quot;:&quot;classic&quot;}\">\n\t\t\t\t\t\t\t<div class=\"elementor-background-overlay\"><\/div>\n\t\t\t\t\t\t\t<div class=\"elementor-container elementor-column-gap-default\">\n\t\t\t\t\t<div class=\"elementor-column elementor-col-100 elementor-top-column elementor-element elementor-element-7d7a96a\" data-id=\"7d7a96a\" data-element_type=\"column\" data-e-type=\"column\">\n\t\t\t<div class=\"elementor-widget-wrap elementor-element-populated\">\n\t\t\t\t\t\t<div class=\"elementor-element elementor-element-ce9c067 elementor-widget elementor-widget-text-editor\" data-id=\"ce9c067\" data-element_type=\"widget\" data-e-type=\"widget\" data-widget_type=\"text-editor.default\">\n\t\t\t\t<div class=\"elementor-widget-container\">\n\t\t\t\t\t\t\t\t\t<h1>Guided tours<\/h1><p>Stories behind the exhibits<\/p>\t\t\t\t\t\t\t\t<\/div>\n\t\t\t\t<\/div>\n\t\t\t\t\t<\/div>\n\t\t<\/div>\n\t\t\t\t\t<\/div>\n\t\t<\/section>\n\t\t\t\t<section class=\"elementor-section elementor-top-section elementor-element elementor-element-27b04f3 elementor-section-boxed elementor-section-height-default elementor-section-height-default\" data-id=\"27b04f3\" data-element_type=\"section\" data-e-type=\"section\">\n\t\t\t\t\t\t<div class=\"elementor-container elementor-column-gap-default\">\n\t\t\t\t\t<div class=\"elementor-column elementor-col-100 elementor-top-column elementor-element elementor-element-a1ecac0\" data-id=\"a1ecac0\" data-element_type=\"column\" data-e-type=\"column\">\n\t\t\t<div class=\"elementor-widget-wrap elementor-element-populated\">\n\t\t\t\t\t\t<section class=\"elementor-section elementor-inner-section elementor-element elementor-element-20a3200 elementor-section-boxed elementor-section-height-default elementor-section-height-default\" data-id=\"20a3200\" data-element_type=\"section\" data-e-type=\"section\">\n\t\t\t\t\t\t<div class=\"elementor-container elementor-column-gap-default\">\n\t\t\t\t\t<div class=\"elementor-column elementor-col-50 elementor-inner-column elementor-element elementor-element-7e6b153\" data-id=\"7e6b153\" data-element_type=\"column\" data-e-type=\"column\">\n\t\t\t<div class=\"elementor-widget-wrap elementor-element-populated\">\n\t\t\t\t\t\t<div class=\"elementor-element elementor-element-21a1ae1 elementor-widget elementor-widget-image\" data-id=\"21a1ae1\" data-element_type=\"widget\" data-e-type=\"widget\" data-widget_type=\"image.default\">\n\t\t\t\t<div class=\"elementor-widget-container\">\n\t\t\t\t\t\t\t\t\t\t\t\t\t\t\t<img fetchpriority=\"high\" decoding=\"async\" width=\"2560\" height=\"1707\" src=\"https:\/\/mobilia.fi\/wp-content\/uploads\/2024\/06\/fiat-IMG_1088_pieni1-scaled.jpg\" class=\"attachment-full size-full wp-image-15193\" alt=\"1920-luvun kanttimallisen Fiatin keula tiukassa l\u00e4hikuvassa. Auton takaa n\u00e4kyy mustavalkoinen 20-luvun suurkuva kanttiautoista parkissa.\" srcset=\"https:\/\/mobilia.fi\/wp-content\/uploads\/2024\/06\/fiat-IMG_1088_pieni1-scaled.jpg 2560w, https:\/\/mobilia.fi\/wp-content\/uploads\/2024\/06\/fiat-IMG_1088_pieni1-300x200.jpg 300w, https:\/\/mobilia.fi\/wp-content\/uploads\/2024\/06\/fiat-IMG_1088_pieni1-1024x683.jpg 1024w, https:\/\/mobilia.fi\/wp-content\/uploads\/2024\/06\/fiat-IMG_1088_pieni1-768x512.jpg 768w, https:\/\/mobilia.fi\/wp-content\/uploads\/2024\/06\/fiat-IMG_1088_pieni1-1536x1024.jpg 1536w, https:\/\/mobilia.fi\/wp-content\/uploads\/2024\/06\/fiat-IMG_1088_pieni1-2048x1365.jpg 2048w\" sizes=\"(max-width: 2560px) 100vw, 2560px\" \/>\t\t\t\t\t\t\t\t\t\t\t\t\t\t\t<\/div>\n\t\t\t\t<\/div>\n\t\t\t\t\t<\/div>\n\t\t<\/div>\n\t\t\t\t<div class=\"elementor-column elementor-col-50 elementor-inner-column elementor-element elementor-element-82cbd1d\" data-id=\"82cbd1d\" data-element_type=\"column\" data-e-type=\"column\">\n\t\t\t<div class=\"elementor-widget-wrap elementor-element-populated\">\n\t\t\t\t\t\t<div class=\"elementor-element elementor-element-5b17e7f elementor-widget elementor-widget-text-editor\" data-id=\"5b17e7f\" data-element_type=\"widget\" data-e-type=\"widget\" data-widget_type=\"text-editor.default\">\n\t\t\t\t<div class=\"elementor-widget-container\">\n\t\t\t\t\t\t\t\t\t<p><span class=\"custom-sub-header\" style=\"color: #009cdf;\">GROUP TOUR<\/span><\/p><p>The guided tour takes you deeper into the exhibition&#8217;s theme.<\/p><p>Price \u20ac 85, duration ca. 30 minutes.<\/p>\t\t\t\t\t\t\t\t<\/div>\n\t\t\t\t<\/div>\n\t\t\t\t\t<\/div>\n\t\t<\/div>\n\t\t\t\t\t<\/div>\n\t\t<\/section>\n\t\t\t\t<section class=\"elementor-section elementor-inner-section elementor-element elementor-element-80e6498 elementor-section-boxed elementor-section-height-default elementor-section-height-default\" data-id=\"80e6498\" data-element_type=\"section\" data-e-type=\"section\">\n\t\t\t\t\t\t<div class=\"elementor-container elementor-column-gap-default\">\n\t\t\t\t\t<div class=\"elementor-column elementor-col-50 elementor-inner-column elementor-element elementor-element-5a956d3\" data-id=\"5a956d3\" data-element_type=\"column\" data-e-type=\"column\">\n\t\t\t<div class=\"elementor-widget-wrap elementor-element-populated\">\n\t\t\t\t\t\t<div class=\"elementor-element elementor-element-8a63475 elementor-widget elementor-widget-text-editor\" data-id=\"8a63475\" data-element_type=\"widget\" data-e-type=\"widget\" data-widget_type=\"text-editor.default\">\n\t\t\t\t<div class=\"elementor-widget-container\">\n\t\t\t\t\t\t\t\t\t<p><span class=\"custom-sub-header\" style=\"color: #009cdf;\">GROUP TOUR OF THE RALLY MUSEUM<\/span><\/p><p>The tour will introduce you to the history of rallying and the international Rally Hall of Fame.<\/p><p>Price \u20ac 85, duration ca. 30 minutes.<\/p>\t\t\t\t\t\t\t\t<\/div>\n\t\t\t\t<\/div>\n\t\t\t\t\t<\/div>\n\t\t<\/div>\n\t\t\t\t<div class=\"elementor-column elementor-col-50 elementor-inner-column elementor-element elementor-element-d758da1\" data-id=\"d758da1\" data-element_type=\"column\" data-e-type=\"column\">\n\t\t\t<div class=\"elementor-widget-wrap elementor-element-populated\">\n\t\t\t\t\t\t<div class=\"elementor-element elementor-element-99d37cc elementor-widget elementor-widget-image\" data-id=\"99d37cc\" data-element_type=\"widget\" data-e-type=\"widget\" data-widget_type=\"image.default\">\n\t\t\t\t<div class=\"elementor-widget-container\">\n\t\t\t\t\t\t\t\t\t\t\t\t\t\t\t<img decoding=\"async\" width=\"640\" height=\"427\" src=\"https:\/\/mobilia.fi\/wp-content\/uploads\/2020\/03\/4_web.jpg\" class=\"attachment-full size-full wp-image-1744\" alt=\"Kansainv\u00e4liseen Hall of Fameen nimettyjen rallit\u00e4htien taulut Rallimuseon sein\u00e4ll\u00e4. Lis\u00e4ksi osasta nimetyist\u00e4 n\u00e4ytteill\u00e4 ajohaalareita tai ralliautoja.\" srcset=\"https:\/\/mobilia.fi\/wp-content\/uploads\/2020\/03\/4_web.jpg 640w, https:\/\/mobilia.fi\/wp-content\/uploads\/2020\/03\/4_web-300x200.jpg 300w\" sizes=\"(max-width: 640px) 100vw, 640px\" \/>\t\t\t\t\t\t\t\t\t\t\t\t\t\t\t<\/div>\n\t\t\t\t<\/div>\n\t\t\t\t\t<\/div>\n\t\t<\/div>\n\t\t\t\t\t<\/div>\n\t\t<\/section>\n\t\t\t\t\t<\/div>\n\t\t<\/div>\n\t\t\t\t\t<\/div>\n\t\t<\/section>\n\t\t\t\t<section class=\"elementor-section elementor-top-section elementor-element elementor-element-faa1559 elementor-section-boxed elementor-section-height-default elementor-section-height-default\" data-id=\"faa1559\" data-element_type=\"section\" data-e-type=\"section\">\n\t\t\t\t\t\t<div class=\"elementor-container elementor-column-gap-default\">\n\t\t\t\t\t<div class=\"elementor-column elementor-col-100 elementor-top-column elementor-element elementor-element-5eb5c31\" data-id=\"5eb5c31\" data-element_type=\"column\" data-e-type=\"column\">\n\t\t\t<div class=\"elementor-widget-wrap elementor-element-populated\">\n\t\t\t\t\t\t<section class=\"elementor-section elementor-inner-section elementor-element elementor-element-14e9d3b elementor-section-boxed elementor-section-height-default elementor-section-height-default\" data-id=\"14e9d3b\" data-element_type=\"section\" data-e-type=\"section\">\n\t\t\t\t\t\t<div class=\"elementor-container elementor-column-gap-default\">\n\t\t\t\t\t<div class=\"elementor-column elementor-col-50 elementor-inner-column elementor-element elementor-element-7159556\" data-id=\"7159556\" data-element_type=\"column\" data-e-type=\"column\">\n\t\t\t<div class=\"elementor-widget-wrap elementor-element-populated\">\n\t\t\t\t\t\t<div class=\"elementor-element elementor-element-535515e elementor-widget elementor-widget-text-editor\" data-id=\"535515e\" data-element_type=\"widget\" data-e-type=\"widget\" data-widget_type=\"text-editor.default\">\n\t\t\t\t<div class=\"elementor-widget-container\">\n\t\t\t\t\t\t\t\t\t<p><span class=\"custom-sub-header\" style=\"color: #009cdf;\">A BEHIND THE SCENES TOUR OF THE MUSEUM<\/span><\/p><p>This tour will take you behind the scenes of Mobilia and show you what the museum is about more than just the exhibitions. Hundreds of vehicles from bicycles to road machines, not forgetting classic cars, are stored in the large collection halls.<\/p><p>Due to the limited space, the tour can accommodate a maximum of 15 people.<\/p><p>Price \u20ac 170 (\u20ac 270 on weekends), duration ca. one hour.<\/p>\t\t\t\t\t\t\t\t<\/div>\n\t\t\t\t<\/div>\n\t\t\t\t\t<\/div>\n\t\t<\/div>\n\t\t\t\t<div class=\"elementor-column elementor-col-50 elementor-inner-column elementor-element elementor-element-41f1c04\" data-id=\"41f1c04\" data-element_type=\"column\" data-e-type=\"column\">\n\t\t\t<div class=\"elementor-widget-wrap elementor-element-populated\">\n\t\t\t\t\t\t<div class=\"elementor-element elementor-element-1329a2d elementor-widget elementor-widget-image\" data-id=\"1329a2d\" data-element_type=\"widget\" data-e-type=\"widget\" data-widget_type=\"image.default\">\n\t\t\t\t<div class=\"elementor-widget-container\">\n\t\t\t\t\t\t\t\t\t\t\t\t\t\t\t<img decoding=\"async\" width=\"620\" height=\"365\" src=\"https:\/\/mobilia.fi\/wp-content\/uploads\/2020\/04\/kokoelmakierros1.jpg\" class=\"attachment-full size-full wp-image-729\" alt=\"Kokoelmakierros\" srcset=\"https:\/\/mobilia.fi\/wp-content\/uploads\/2020\/04\/kokoelmakierros1.jpg 620w, https:\/\/mobilia.fi\/wp-content\/uploads\/2020\/04\/kokoelmakierros1-300x177.jpg 300w\" sizes=\"(max-width: 620px) 100vw, 620px\" \/>\t\t\t\t\t\t\t\t\t\t\t\t\t\t\t<\/div>\n\t\t\t\t<\/div>\n\t\t\t\t\t<\/div>\n\t\t<\/div>\n\t\t\t\t\t<\/div>\n\t\t<\/section>\n\t\t\t\t\t<\/div>\n\t\t<\/div>\n\t\t\t\t\t<\/div>\n\t\t<\/section>\n\t\t\t\t<section class=\"elementor-section elementor-top-section elementor-element elementor-element-cc8a7c3 elementor-section-boxed elementor-section-height-default elementor-section-height-default\" data-id=\"cc8a7c3\" data-element_type=\"section\" data-e-type=\"section\">\n\t\t\t\t\t\t<div class=\"elementor-container elementor-column-gap-default\">\n\t\t\t\t\t<div class=\"elementor-column elementor-col-100 elementor-top-column elementor-element elementor-element-14a5da6\" data-id=\"14a5da6\" data-element_type=\"column\" data-e-type=\"column\">\n\t\t\t<div class=\"elementor-widget-wrap elementor-element-populated\">\n\t\t\t\t\t\t<section class=\"elementor-section elementor-inner-section elementor-element elementor-element-721c6cf elementor-section-boxed elementor-section-height-default elementor-section-height-default\" data-id=\"721c6cf\" data-element_type=\"section\" data-e-type=\"section\">\n\t\t\t\t\t\t<div class=\"elementor-container elementor-column-gap-default\">\n\t\t\t\t\t<div class=\"elementor-column elementor-col-50 elementor-inner-column elementor-element elementor-element-251f488\" data-id=\"251f488\" data-element_type=\"column\" data-e-type=\"column\">\n\t\t\t<div class=\"elementor-widget-wrap elementor-element-populated\">\n\t\t\t\t\t\t<div class=\"elementor-element elementor-element-9bd131a elementor-widget elementor-widget-image\" data-id=\"9bd131a\" data-element_type=\"widget\" data-e-type=\"widget\" data-widget_type=\"image.default\">\n\t\t\t\t<div class=\"elementor-widget-container\">\n\t\t\t\t\t\t\t\t\t\t\t\t\t\t\t<img loading=\"lazy\" decoding=\"async\" width=\"640\" height=\"427\" src=\"https:\/\/mobilia.fi\/wp-content\/uploads\/2020\/09\/asuntoparakki-9_web.jpg\" class=\"attachment-full size-full wp-image-1284\" alt=\"Ahtaassa asuntoparakissa on kaksi metallista kerross\u00e4nky\u00e4, komero ja p\u00f6yt\u00e4 ikkunana edess\u00e4.\" srcset=\"https:\/\/mobilia.fi\/wp-content\/uploads\/2020\/09\/asuntoparakki-9_web.jpg 640w, https:\/\/mobilia.fi\/wp-content\/uploads\/2020\/09\/asuntoparakki-9_web-300x200.jpg 300w\" sizes=\"(max-width: 640px) 100vw, 640px\" \/>\t\t\t\t\t\t\t\t\t\t\t\t\t\t\t<\/div>\n\t\t\t\t<\/div>\n\t\t\t\t\t<\/div>\n\t\t<\/div>\n\t\t\t\t<div class=\"elementor-column elementor-col-50 elementor-inner-column elementor-element elementor-element-caccd06\" data-id=\"caccd06\" data-element_type=\"column\" data-e-type=\"column\">\n\t\t\t<div class=\"elementor-widget-wrap elementor-element-populated\">\n\t\t\t\t\t\t<div class=\"elementor-element elementor-element-30701df elementor-widget elementor-widget-text-editor\" data-id=\"30701df\" data-element_type=\"widget\" data-e-type=\"widget\" data-widget_type=\"text-editor.default\">\n\t\t\t\t<div class=\"elementor-widget-container\">\n\t\t\t\t\t\t\t\t\t<p><span class=\"custom-sub-header\" style=\"color: #009cdf;\">STORIES FROM REDEPLOYMENT WORKSITES<br \/><\/span><\/p><p>During the bad years of unemployment in the 1950s, roads were built as relief work. Roads were needed in Southern Finland, but the worst unemployment areas were in Eastern and Northern Finland. So, the decision was made to move the unemployed for work and house them in huts near the worksites.<\/p><p>Mobilia&#8217;s outdoor exhibition \u2018Stories from Redeployment Worksites\u2019 features an accommodation hut, a site office building where the workers received their pay envelopes after hard weeks of work, a canteen trailer, and a traffic count booth.<\/p><p>Due to the limited space, the tour can accommodate a maximum of 15 people.<\/p><p>Price \u20ac 170 (\u20ac 250 on weekends), duration ca. one hour.<\/p><p>Special features: Coffee can be arranged for your group in the authentic atmosphere of the redeployment worksite buildings!<\/p>\t\t\t\t\t\t\t\t<\/div>\n\t\t\t\t<\/div>\n\t\t\t\t\t<\/div>\n\t\t<\/div>\n\t\t\t\t\t<\/div>\n\t\t<\/section>\n\t\t\t\t\t<\/div>\n\t\t<\/div>\n\t\t\t\t\t<\/div>\n\t\t<\/section>\n\t\t\t\t<section class=\"elementor-section elementor-top-section elementor-element elementor-element-45f6e02 elementor-section-boxed elementor-section-height-default elementor-section-height-default\" data-id=\"45f6e02\" data-element_type=\"section\" data-e-type=\"section\">\n\t\t\t\t\t\t<div class=\"elementor-container elementor-column-gap-default\">\n\t\t\t\t\t<div class=\"elementor-column elementor-col-100 elementor-top-column elementor-element elementor-element-7f0a950\" data-id=\"7f0a950\" data-element_type=\"column\" data-e-type=\"column\">\n\t\t\t<div class=\"elementor-widget-wrap elementor-element-populated\">\n\t\t\t\t\t\t<div class=\"elementor-element elementor-element-25d50ed elementor-widget elementor-widget-text-editor\" data-id=\"25d50ed\" data-element_type=\"widget\" data-e-type=\"widget\" data-widget_type=\"text-editor.default\">\n\t\t\t\t<div class=\"elementor-widget-container\">\n\t\t\t\t\t\t\t\t\t<p><em>In addition to the tour fee, we charge group tickets (adults \u20ac 13 \/ person, pensioners \u20ac 11 \/ person, unemployed \u20ac 7 \/ person). We also accept the Museum Card!<\/em><\/p>\t\t\t\t\t\t\t\t<\/div>\n\t\t\t\t<\/div>\n\t\t\t\t\t<\/div>\n\t\t<\/div>\n\t\t\t\t\t<\/div>\n\t\t<\/section>\n\t\t\t\t<section class=\"elementor-section elementor-top-section elementor-element elementor-element-9ad67ea elementor-section-boxed elementor-section-height-default elementor-section-height-default\" data-id=\"9ad67ea\" data-element_type=\"section\" data-e-type=\"section\">\n\t\t\t\t\t\t<div class=\"elementor-container elementor-column-gap-default\">\n\t\t\t\t\t<div class=\"elementor-column elementor-col-100 elementor-top-column elementor-element elementor-element-de308f7\" data-id=\"de308f7\" data-element_type=\"column\" data-e-type=\"column\">\n\t\t\t<div class=\"elementor-widget-wrap elementor-element-populated\">\n\t\t\t\t\t\t<div class=\"elementor-element elementor-element-7879066 elementor-widget elementor-widget-text-editor\" data-id=\"7879066\" data-element_type=\"widget\" data-e-type=\"widget\" data-widget_type=\"text-editor.default\">\n\t\t\t\t<div class=\"elementor-widget-container\">\n\t\t\t\t\t\t\t\t\t<h3><span style=\"color: #009cdf;\">Inquiries and bookings<\/span><\/h3><p>Mobilia customer service, tel. +358 3 3140 4000<br \/><a class=\"spamspan\" href=\"mailto:asiakaspalvelu@mobilia.fi\">asiakaspalvelu@mobilia.fi<\/a><\/p>\t\t\t\t\t\t\t\t<\/div>\n\t\t\t\t<\/div>\n\t\t\t\t\t<\/div>\n\t\t<\/div>\n\t\t\t\t\t<\/div>\n\t\t<\/section>\n\t\t\t\t<section class=\"elementor-section elementor-top-section elementor-element elementor-element-2eef20f elementor-section-boxed elementor-section-height-default elementor-section-height-default\" data-id=\"2eef20f\" data-element_type=\"section\" data-e-type=\"section\">\n\t\t\t\t\t\t<div class=\"elementor-container elementor-column-gap-default\">\n\t\t\t\t\t<div class=\"elementor-column elementor-col-100 elementor-top-column elementor-element elementor-element-0aadbb6\" data-id=\"0aadbb6\" data-element_type=\"column\" data-e-type=\"column\">\n\t\t\t<div class=\"elementor-widget-wrap elementor-element-populated\">\n\t\t\t\t\t\t<section class=\"elementor-section elementor-inner-section elementor-element elementor-element-5c6796b elementor-section-boxed elementor-section-height-default elementor-section-height-default\" data-id=\"5c6796b\" data-element_type=\"section\" data-e-type=\"section\">\n\t\t\t\t\t\t<div class=\"elementor-container elementor-column-gap-default\">\n\t\t\t\t\t<div class=\"elementor-column elementor-col-50 elementor-inner-column elementor-element elementor-element-1530c2d\" data-id=\"1530c2d\" data-element_type=\"column\" data-e-type=\"column\">\n\t\t\t<div class=\"elementor-widget-wrap elementor-element-populated\">\n\t\t\t\t\t\t<div class=\"elementor-element elementor-element-53d97b7 elementor-widget elementor-widget-text-editor\" data-id=\"53d97b7\" data-element_type=\"widget\" data-e-type=\"widget\" data-widget_type=\"text-editor.default\">\n\t\t\t\t<div class=\"elementor-widget-container\">\n\t\t\t\t\t\t\t\t\t<p><span class=\"custom-sub-header\" style=\"color: #009cdf;\">Mobile tours<\/span><\/p><div id=\"region-page-top\" class=\"region region-page-top\"><div class=\"region-inner region-page-top-inner\"><div id=\"toolbar\" class=\"toolbar overlay-displace-top clearfix toolbar-processed\"><div class=\"content clearfix\"><p>\u201cThe wall-free museum\u201d is a nationwide service produced by the Finnish Museums Association, which makes it easy to explore the content produced by museums from the comfort of your own couch.<br \/><br \/>In the mobile tour of our exhibition \u201cMoving on, said Kekkonen\u201d, you will find a fun competition on the history of road safety, never-before-published photos of the construction of Finland&#8217;s first motorway Tarvontie, gems from the archives, and photos of the restoration of the Clinic Bus for the Finnish Institute of Occupational Health.<\/p><p>In the \u201cCars &amp; Helsinki\u201d mobile tour, you can listen to the foreword to the exhibition by the late film historian Peter von Bagh.<\/p><p>Take a trip to Mobilia&#8217;s wall-free museum by clicking on the link below!<\/p><\/div><\/div><\/div><\/div><section id=\"section-content\" class=\"section section-content\"><div id=\"zone-content-wrapper\" class=\"zone-wrapper zone-content-wrapper clearfix\"><div id=\"zone-content\" class=\"zone zone-content clearfix container-12\"><div id=\"region-content\" class=\"grid-8 push-4 region region-content\"><div class=\"region-inner region-content-inner\"><div id=\"block-system-main\" class=\"block block-system block-main block-system-main even block-without-title\"><div class=\"block-inner clearfix\"><div class=\"content clearfix\"><article id=\"node-kuvagalleria-276\" class=\"node node-kuvagalleria node-published node-not-promoted node-not-sticky author-petrak odd clearfix\"><div class=\"content clearfix\"><div class=\"field field-name-body field-type-text-with-summary field-label-hidden\"><div class=\"field-items\"><div class=\"field-item even\"><h3><a href=\"http:\/\/www.tarinasoitin.fi\/mobilia\" target=\"_blank\" rel=\"noopener\">www.tarinasoitin.fi\/mobilia<\/a><\/h3><\/div><\/div><\/div><\/div><\/article><\/div><\/div><\/div><\/div><\/div><\/div><\/div><\/section>\t\t\t\t\t\t\t\t<\/div>\n\t\t\t\t<\/div>\n\t\t\t\t\t<\/div>\n\t\t<\/div>\n\t\t\t\t<div class=\"elementor-column elementor-col-50 elementor-inner-column elementor-element elementor-element-e6c7d8f\" data-id=\"e6c7d8f\" data-element_type=\"column\" data-e-type=\"column\">\n\t\t\t<div class=\"elementor-widget-wrap elementor-element-populated\">\n\t\t\t\t\t\t<div class=\"elementor-element elementor-element-69be1c6 elementor-widget elementor-widget-image\" data-id=\"69be1c6\" data-element_type=\"widget\" data-e-type=\"widget\" data-widget_type=\"image.default\">\n\t\t\t\t<div class=\"elementor-widget-container\">\n\t\t\t\t\t\t\t\t\t\t\t\t\t\t\t<img loading=\"lazy\" decoding=\"async\" width=\"1593\" height=\"822\" src=\"https:\/\/mobilia.fi\/wp-content\/uploads\/2020\/09\/seinaton_museo_vaaka4v.jpg\" class=\"attachment-full size-full wp-image-1299\" alt=\"Sein\u00e4t\u00f6n museo -palvelun logo on punainen paikkamerkki jossa on valkoinen m-kirjain.\" srcset=\"https:\/\/mobilia.fi\/wp-content\/uploads\/2020\/09\/seinaton_museo_vaaka4v.jpg 1593w, https:\/\/mobilia.fi\/wp-content\/uploads\/2020\/09\/seinaton_museo_vaaka4v-300x155.jpg 300w, https:\/\/mobilia.fi\/wp-content\/uploads\/2020\/09\/seinaton_museo_vaaka4v-1024x528.jpg 1024w, https:\/\/mobilia.fi\/wp-content\/uploads\/2020\/09\/seinaton_museo_vaaka4v-768x396.jpg 768w, https:\/\/mobilia.fi\/wp-content\/uploads\/2020\/09\/seinaton_museo_vaaka4v-1536x793.jpg 1536w\" sizes=\"(max-width: 1593px) 100vw, 1593px\" \/>\t\t\t\t\t\t\t\t\t\t\t\t\t\t\t<\/div>\n\t\t\t\t<\/div>\n\t\t\t\t\t<\/div>\n\t\t<\/div>\n\t\t\t\t\t<\/div>\n\t\t<\/section>\n\t\t\t\t\t<\/div>\n\t\t<\/div>\n\t\t\t\t\t<\/div>\n\t\t<\/section>\n\t\t\t\t<\/div>\n\t\t","protected":false},"excerpt":{"rendered":"<p>Guided tours Stories behind the exhibits GROUP TOUR The guided tour takes you deeper into the exhibition&#8217;s theme. Price \u20ac 85, duration ca. 30 minutes. GROUP TOUR OF THE RALLY MUSEUM The tour will introduce you to the history of rallying and the international Rally Hall of Fame. Price \u20ac 85, duration ca. 30 minutes. [&hellip;]<\/p>\n","protected":false},"author":10,"featured_media":1230,"parent":6792,"menu_order":5,"comment_status":"closed","ping_status":"closed","template":"","meta":{"_acf_changed":false,"inline_featured_image":false,"footnotes":""},"class_list":["post-7272","page","type-page","status-publish","has-post-thumbnail","hentry"],"acf":[],"_links":{"self":[{"href":"https:\/\/mobilia.fi\/en\/wp-json\/wp\/v2\/pages\/7272","targetHints":{"allow":["GET"]}}],"collection":[{"href":"https:\/\/mobilia.fi\/en\/wp-json\/wp\/v2\/pages"}],"about":[{"href":"https:\/\/mobilia.fi\/en\/wp-json\/wp\/v2\/types\/page"}],"author":[{"embeddable":true,"href":"https:\/\/mobilia.fi\/en\/wp-json\/wp\/v2\/users\/10"}],"replies":[{"embeddable":true,"href":"https:\/\/mobilia.fi\/en\/wp-json\/wp\/v2\/comments?post=7272"}],"version-history":[{"count":15,"href":"https:\/\/mobilia.fi\/en\/wp-json\/wp\/v2\/pages\/7272\/revisions"}],"predecessor-version":[{"id":15726,"href":"https:\/\/mobilia.fi\/en\/wp-json\/wp\/v2\/pages\/7272\/revisions\/15726"}],"up":[{"embeddable":true,"href":"https:\/\/mobilia.fi\/en\/wp-json\/wp\/v2\/pages\/6792"}],"wp:featuredmedia":[{"embeddable":true,"href":"https:\/\/mobilia.fi\/en\/wp-json\/wp\/v2\/media\/1230"}],"wp:attachment":[{"href":"https:\/\/mobilia.fi\/en\/wp-json\/wp\/v2\/media?parent=7272"}],"curies":[{"name":"wp","href":"https:\/\/api.w.org\/{rel}","templated":true}]}}