{"id":7277,"date":"2022-07-02T10:08:18","date_gmt":"2022-07-02T07:08:18","guid":{"rendered":"https:\/\/mobilia.fi\/?page_id=7277"},"modified":"2025-04-14T13:27:38","modified_gmt":"2025-04-14T10:27:38","slug":"museum-shop","status":"publish","type":"page","link":"https:\/\/mobilia.fi\/en\/visit\/museum-shop\/","title":{"rendered":"Museum shop"},"content":{"rendered":"\t\t<div data-elementor-type=\"wp-page\" data-elementor-id=\"7277\" class=\"elementor elementor-7277 elementor-732\" data-elementor-post-type=\"page\">\n\t\t\t\t\t\t<section class=\"elementor-section elementor-top-section elementor-element elementor-element-7c7d725d elementor-section-height-min-height elementor-section-boxed elementor-section-height-default elementor-section-items-middle\" data-id=\"7c7d725d\" data-element_type=\"section\" data-e-type=\"section\" data-settings=\"{&quot;background_background&quot;:&quot;classic&quot;}\">\n\t\t\t\t\t\t\t<div class=\"elementor-background-overlay\"><\/div>\n\t\t\t\t\t\t\t<div class=\"elementor-container elementor-column-gap-default\">\n\t\t\t\t\t<div class=\"elementor-column elementor-col-100 elementor-top-column elementor-element elementor-element-13e93741\" data-id=\"13e93741\" data-element_type=\"column\" data-e-type=\"column\">\n\t\t\t<div class=\"elementor-widget-wrap elementor-element-populated\">\n\t\t\t\t\t\t<div class=\"elementor-element elementor-element-7ba91431 elementor-widget elementor-widget-text-editor\" data-id=\"7ba91431\" data-element_type=\"widget\" data-e-type=\"widget\" data-widget_type=\"text-editor.default\">\n\t\t\t\t<div class=\"elementor-widget-container\">\n\t\t\t\t\t\t\t\t\t<h1>Museum shop<\/h1><p>Delightful gift ideas and souvenirs!<\/p>\t\t\t\t\t\t\t\t<\/div>\n\t\t\t\t<\/div>\n\t\t\t\t\t<\/div>\n\t\t<\/div>\n\t\t\t\t\t<\/div>\n\t\t<\/section>\n\t\t\t\t<section class=\"elementor-section elementor-top-section elementor-element elementor-element-741e9ad elementor-section-boxed elementor-section-height-default elementor-section-height-default\" data-id=\"741e9ad\" data-element_type=\"section\" data-e-type=\"section\">\n\t\t\t\t\t\t<div class=\"elementor-container elementor-column-gap-default\">\n\t\t\t\t\t<div class=\"elementor-column elementor-col-100 elementor-top-column elementor-element elementor-element-76a74157\" data-id=\"76a74157\" data-element_type=\"column\" data-e-type=\"column\">\n\t\t\t<div class=\"elementor-widget-wrap elementor-element-populated\">\n\t\t\t\t\t\t<section class=\"elementor-section elementor-inner-section elementor-element elementor-element-38ca9522 elementor-section-boxed elementor-section-height-default elementor-section-height-default\" data-id=\"38ca9522\" data-element_type=\"section\" data-e-type=\"section\">\n\t\t\t\t\t\t<div class=\"elementor-container elementor-column-gap-default\">\n\t\t\t\t\t<div class=\"elementor-column elementor-col-50 elementor-inner-column elementor-element elementor-element-5a210701\" data-id=\"5a210701\" data-element_type=\"column\" data-e-type=\"column\">\n\t\t\t<div class=\"elementor-widget-wrap elementor-element-populated\">\n\t\t\t\t\t\t<div class=\"elementor-element elementor-element-22f7d244 elementor-widget elementor-widget-text-editor\" data-id=\"22f7d244\" data-element_type=\"widget\" data-e-type=\"widget\" data-widget_type=\"text-editor.default\">\n\t\t\t\t<div class=\"elementor-widget-container\">\n\t\t\t\t\t\t\t\t\t<p><span class=\"custom-sub-header\" style=\"color: #009cdf;\">A versatile shopping destination<br \/><\/span><\/p><p>Mobilia&#8217;s museum shop has a wide range of automotive and road transport literature. Our most popular products include rally-themed T-shirts and small toy cars.<\/p><p>Our selection includes ideas for all kinds of gifts and presents.<\/p>\t\t\t\t\t\t\t\t<\/div>\n\t\t\t\t<\/div>\n\t\t\t\t\t<\/div>\n\t\t<\/div>\n\t\t\t\t<div class=\"elementor-column elementor-col-50 elementor-inner-column elementor-element elementor-element-4c39e590\" data-id=\"4c39e590\" data-element_type=\"column\" data-e-type=\"column\">\n\t\t\t<div class=\"elementor-widget-wrap elementor-element-populated\">\n\t\t\t\t\t\t<div class=\"elementor-element elementor-element-ff564e0 elementor-widget elementor-widget-video\" data-id=\"ff564e0\" data-element_type=\"widget\" data-e-type=\"widget\" data-settings=\"{&quot;youtube_url&quot;:&quot;https:\\\/\\\/youtu.be\\\/cHooLUZ3d3U&quot;,&quot;video_type&quot;:&quot;youtube&quot;,&quot;controls&quot;:&quot;yes&quot;}\" data-widget_type=\"video.default\">\n\t\t\t\t<div class=\"elementor-widget-container\">\n\t\t\t\t\t\t\t<div class=\"elementor-wrapper elementor-open-inline\">\n\t\t\t<div class=\"elementor-video\"><\/div>\t\t<\/div>\n\t\t\t\t\t\t<\/div>\n\t\t\t\t<\/div>\n\t\t\t\t\t<\/div>\n\t\t<\/div>\n\t\t\t\t\t<\/div>\n\t\t<\/section>\n\t\t\t\t\t<\/div>\n\t\t<\/div>\n\t\t\t\t\t<\/div>\n\t\t<\/section>\n\t\t\t\t<section class=\"elementor-section elementor-top-section elementor-element elementor-element-03132e1 elementor-section-boxed elementor-section-height-default elementor-section-height-default\" data-id=\"03132e1\" data-element_type=\"section\" data-e-type=\"section\">\n\t\t\t\t\t\t<div class=\"elementor-container elementor-column-gap-default\">\n\t\t\t\t\t<div class=\"elementor-column elementor-col-100 elementor-top-column elementor-element elementor-element-228f64e\" data-id=\"228f64e\" data-element_type=\"column\" data-e-type=\"column\">\n\t\t\t<div class=\"elementor-widget-wrap elementor-element-populated\">\n\t\t\t\t\t\t<section class=\"elementor-section elementor-inner-section elementor-element elementor-element-13da07b elementor-section-boxed elementor-section-height-default elementor-section-height-default\" data-id=\"13da07b\" data-element_type=\"section\" data-e-type=\"section\">\n\t\t\t\t\t\t<div class=\"elementor-container elementor-column-gap-default\">\n\t\t\t\t\t<div class=\"elementor-column elementor-col-50 elementor-inner-column elementor-element elementor-element-63b503b\" data-id=\"63b503b\" data-element_type=\"column\" data-e-type=\"column\">\n\t\t\t<div class=\"elementor-widget-wrap elementor-element-populated\">\n\t\t\t\t\t\t<div class=\"elementor-element elementor-element-36a0db9 elementor-widget elementor-widget-text-editor\" data-id=\"36a0db9\" data-element_type=\"widget\" data-e-type=\"widget\" data-widget_type=\"text-editor.default\">\n\t\t\t\t<div class=\"elementor-widget-container\">\n\t\t\t\t\t\t\t\t\t<p>A wide variety of Kangasala-themed products are available in the museum shop! There are also great products from local small businesses. The selection also includes decorative and support products produced by Mobilia.<\/p>\t\t\t\t\t\t\t\t<\/div>\n\t\t\t\t<\/div>\n\t\t\t\t\t<\/div>\n\t\t<\/div>\n\t\t\t\t<div class=\"elementor-column elementor-col-50 elementor-inner-column elementor-element elementor-element-b5f7692\" data-id=\"b5f7692\" data-element_type=\"column\" data-e-type=\"column\">\n\t\t\t<div class=\"elementor-widget-wrap elementor-element-populated\">\n\t\t\t\t\t\t<div class=\"elementor-element elementor-element-4f66736 elementor-widget elementor-widget-image\" data-id=\"4f66736\" data-element_type=\"widget\" data-e-type=\"widget\" data-widget_type=\"image.default\">\n\t\t\t\t<div class=\"elementor-widget-container\">\n\t\t\t\t\t\t\t\t\t\t\t\t\t\t\t<img fetchpriority=\"high\" decoding=\"async\" width=\"2048\" height=\"1365\" src=\"https:\/\/mobilia.fi\/wp-content\/uploads\/2020\/09\/Mobilia_Museokauppa_2020_websize-14.jpg\" class=\"attachment-full size-full wp-image-1359\" alt=\"Museokaupa vitriineiss\u00e4 on esill\u00e4 v\u00e4rikk\u00e4\u00e4t Kangasala-tuotteet sek\u00e4 paikallisten yritt\u00e4jien tuotteita.\" srcset=\"https:\/\/mobilia.fi\/wp-content\/uploads\/2020\/09\/Mobilia_Museokauppa_2020_websize-14.jpg 2048w, https:\/\/mobilia.fi\/wp-content\/uploads\/2020\/09\/Mobilia_Museokauppa_2020_websize-14-300x200.jpg 300w, https:\/\/mobilia.fi\/wp-content\/uploads\/2020\/09\/Mobilia_Museokauppa_2020_websize-14-1024x683.jpg 1024w, https:\/\/mobilia.fi\/wp-content\/uploads\/2020\/09\/Mobilia_Museokauppa_2020_websize-14-768x512.jpg 768w, https:\/\/mobilia.fi\/wp-content\/uploads\/2020\/09\/Mobilia_Museokauppa_2020_websize-14-1536x1024.jpg 1536w\" sizes=\"(max-width: 2048px) 100vw, 2048px\" \/>\t\t\t\t\t\t\t\t\t\t\t\t\t\t\t<\/div>\n\t\t\t\t<\/div>\n\t\t\t\t\t<\/div>\n\t\t<\/div>\n\t\t\t\t\t<\/div>\n\t\t<\/section>\n\t\t\t\t\t<\/div>\n\t\t<\/div>\n\t\t\t\t\t<\/div>\n\t\t<\/section>\n\t\t\t\t<section class=\"elementor-section elementor-top-section elementor-element elementor-element-1ead858 elementor-section-boxed elementor-section-height-default elementor-section-height-default\" data-id=\"1ead858\" data-element_type=\"section\" data-e-type=\"section\">\n\t\t\t\t\t\t<div class=\"elementor-container elementor-column-gap-default\">\n\t\t\t\t\t<div class=\"elementor-column elementor-col-100 elementor-top-column elementor-element elementor-element-6e2bb59\" data-id=\"6e2bb59\" data-element_type=\"column\" data-e-type=\"column\">\n\t\t\t<div class=\"elementor-widget-wrap elementor-element-populated\">\n\t\t\t\t\t\t<section class=\"elementor-section elementor-inner-section elementor-element elementor-element-1546bdc elementor-section-boxed elementor-section-height-default elementor-section-height-default\" data-id=\"1546bdc\" data-element_type=\"section\" data-e-type=\"section\">\n\t\t\t\t\t\t<div class=\"elementor-container elementor-column-gap-default\">\n\t\t\t\t\t<div class=\"elementor-column elementor-col-50 elementor-inner-column elementor-element elementor-element-ba35293\" data-id=\"ba35293\" data-element_type=\"column\" data-e-type=\"column\">\n\t\t\t<div class=\"elementor-widget-wrap elementor-element-populated\">\n\t\t\t\t\t\t<div class=\"elementor-element elementor-element-f7edc07 elementor-widget elementor-widget-image\" data-id=\"f7edc07\" data-element_type=\"widget\" data-e-type=\"widget\" data-widget_type=\"image.default\">\n\t\t\t\t<div class=\"elementor-widget-container\">\n\t\t\t\t\t\t\t\t\t\t\t\t\t\t\t<img decoding=\"async\" width=\"800\" height=\"567\" src=\"https:\/\/mobilia.fi\/wp-content\/uploads\/2021\/03\/wannabe-2021-1024x726.jpg\" class=\"attachment-large size-large wp-image-4012\" alt=\"Kaksi tummatukkaista naismallia, josta toisella p\u00e4\u00e4ll\u00e4n venep\u00e4\u00e4ntiell\u00e4 varustettu kukkakuosinen lyhythihanen paita ja toisella samasta kuosista kellomekko.\" srcset=\"https:\/\/mobilia.fi\/wp-content\/uploads\/2021\/03\/wannabe-2021-1024x726.jpg 1024w, https:\/\/mobilia.fi\/wp-content\/uploads\/2021\/03\/wannabe-2021-300x213.jpg 300w, https:\/\/mobilia.fi\/wp-content\/uploads\/2021\/03\/wannabe-2021-768x545.jpg 768w, https:\/\/mobilia.fi\/wp-content\/uploads\/2021\/03\/wannabe-2021-1536x1090.jpg 1536w, https:\/\/mobilia.fi\/wp-content\/uploads\/2021\/03\/wannabe-2021.jpg 1748w\" sizes=\"(max-width: 800px) 100vw, 800px\" \/>\t\t\t\t\t\t\t\t\t\t\t\t\t\t\t<\/div>\n\t\t\t\t<\/div>\n\t\t\t\t\t<\/div>\n\t\t<\/div>\n\t\t\t\t<div class=\"elementor-column elementor-col-50 elementor-inner-column elementor-element elementor-element-bdefd89\" data-id=\"bdefd89\" data-element_type=\"column\" data-e-type=\"column\">\n\t\t\t<div class=\"elementor-widget-wrap elementor-element-populated\">\n\t\t\t\t\t\t<div class=\"elementor-element elementor-element-d2059da elementor-widget elementor-widget-text-editor\" data-id=\"d2059da\" data-element_type=\"widget\" data-e-type=\"widget\" data-widget_type=\"text-editor.default\">\n\t\t\t\t<div class=\"elementor-widget-container\">\n\t\t\t\t\t\t\t\t\t<p>The museum shop also has a section from the Finnish online store <a href=\"https:\/\/www.wannabe.fi\/fi\" target=\"_blank\" rel=\"noopener\">Wannabe.fi<\/a>, where you can find clothes in the style of the 1950s. Women&#8217;s clothing and accessories are mainly from the Hell Bunny collection. Because femininity is not about size, the collection covers almost all sizes from XS to 6XL. There are also products for men. The selection varies according to the seasons!<\/p>\t\t\t\t\t\t\t\t<\/div>\n\t\t\t\t<\/div>\n\t\t\t\t\t<\/div>\n\t\t<\/div>\n\t\t\t\t\t<\/div>\n\t\t<\/section>\n\t\t\t\t\t<\/div>\n\t\t<\/div>\n\t\t\t\t\t<\/div>\n\t\t<\/section>\n\t\t\t\t<section class=\"elementor-section elementor-top-section elementor-element elementor-element-6d35c72 elementor-section-boxed elementor-section-height-default elementor-section-height-default\" data-id=\"6d35c72\" data-element_type=\"section\" data-e-type=\"section\">\n\t\t\t\t\t\t<div class=\"elementor-container elementor-column-gap-default\">\n\t\t\t\t\t<div class=\"elementor-column elementor-col-50 elementor-top-column elementor-element elementor-element-a016b5f\" data-id=\"a016b5f\" data-element_type=\"column\" data-e-type=\"column\">\n\t\t\t<div class=\"elementor-widget-wrap elementor-element-populated\">\n\t\t\t\t\t\t<div class=\"elementor-element elementor-element-0296793 elementor-widget elementor-widget-image\" data-id=\"0296793\" data-element_type=\"widget\" data-e-type=\"widget\" data-widget_type=\"image.default\">\n\t\t\t\t<div class=\"elementor-widget-container\">\n\t\t\t\t\t\t\t\t\t\t\t\t\t\t\t<img decoding=\"async\" width=\"800\" height=\"1000\" src=\"https:\/\/mobilia.fi\/wp-content\/uploads\/2025\/03\/henkarit-819x1024.jpg\" class=\"attachment-large size-large wp-image-15182\" alt=\"\" srcset=\"https:\/\/mobilia.fi\/wp-content\/uploads\/2025\/03\/henkarit-819x1024.jpg 819w, https:\/\/mobilia.fi\/wp-content\/uploads\/2025\/03\/henkarit-240x300.jpg 240w, https:\/\/mobilia.fi\/wp-content\/uploads\/2025\/03\/henkarit-768x960.jpg 768w, https:\/\/mobilia.fi\/wp-content\/uploads\/2025\/03\/henkarit-1229x1536.jpg 1229w, https:\/\/mobilia.fi\/wp-content\/uploads\/2025\/03\/henkarit-1638x2048.jpg 1638w, https:\/\/mobilia.fi\/wp-content\/uploads\/2025\/03\/henkarit-scaled.jpg 2048w\" sizes=\"(max-width: 800px) 100vw, 800px\" \/>\t\t\t\t\t\t\t\t\t\t\t\t\t\t\t<\/div>\n\t\t\t\t<\/div>\n\t\t\t\t\t<\/div>\n\t\t<\/div>\n\t\t\t\t<div class=\"elementor-column elementor-col-50 elementor-top-column elementor-element elementor-element-b0dc142\" data-id=\"b0dc142\" data-element_type=\"column\" data-e-type=\"column\">\n\t\t\t<div class=\"elementor-widget-wrap elementor-element-populated\">\n\t\t\t\t\t\t<div class=\"elementor-element elementor-element-6543e68 elementor-widget__width-initial elementor-widget elementor-widget-text-editor\" data-id=\"6543e68\" data-element_type=\"widget\" data-e-type=\"widget\" data-widget_type=\"text-editor.default\">\n\t\t\t\t<div class=\"elementor-widget-container\">\n\t\t\t\t\t\t\t\t\t<p style=\"text-align: left;\">You can now find Viivin Vintage clothing and accessories at the Mobilia museum shop. The selection includes women&#8217;s, men&#8217;s and children&#8217;s clothing, especially from the 1960s and 1970s, as well as jewelry from the 1960s to the 1990s.<\/p>\t\t\t\t\t\t\t\t<\/div>\n\t\t\t\t<\/div>\n\t\t\t\t\t<\/div>\n\t\t<\/div>\n\t\t\t\t\t<\/div>\n\t\t<\/section>\n\t\t\t\t<section class=\"elementor-section elementor-top-section elementor-element elementor-element-41eeb73 elementor-section-boxed elementor-section-height-default elementor-section-height-default\" data-id=\"41eeb73\" data-element_type=\"section\" data-e-type=\"section\">\n\t\t\t\t\t\t<div class=\"elementor-container elementor-column-gap-default\">\n\t\t\t\t\t<div class=\"elementor-column elementor-col-100 elementor-top-column elementor-element elementor-element-949e76f\" data-id=\"949e76f\" data-element_type=\"column\" data-e-type=\"column\">\n\t\t\t<div class=\"elementor-widget-wrap elementor-element-populated\">\n\t\t\t\t\t\t<section class=\"elementor-section elementor-inner-section elementor-element elementor-element-aa9e2a0 elementor-section-boxed elementor-section-height-default elementor-section-height-default\" data-id=\"aa9e2a0\" data-element_type=\"section\" data-e-type=\"section\">\n\t\t\t\t\t\t<div class=\"elementor-container elementor-column-gap-default\">\n\t\t\t\t\t<div class=\"elementor-column elementor-col-50 elementor-inner-column elementor-element elementor-element-ad9a919\" data-id=\"ad9a919\" data-element_type=\"column\" data-e-type=\"column\">\n\t\t\t<div class=\"elementor-widget-wrap elementor-element-populated\">\n\t\t\t\t\t\t<div class=\"elementor-element elementor-element-043bb8a elementor-widget elementor-widget-image\" data-id=\"043bb8a\" data-element_type=\"widget\" data-e-type=\"widget\" data-widget_type=\"image.default\">\n\t\t\t\t<div class=\"elementor-widget-container\">\n\t\t\t\t\t\t\t\t\t\t\t\t\t\t\t<img loading=\"lazy\" decoding=\"async\" width=\"800\" height=\"534\" src=\"https:\/\/mobilia.fi\/wp-content\/uploads\/2020\/09\/Mobilia_Museokauppa_2020_websize-22-1024x683.jpg\" class=\"attachment-large size-large wp-image-1367\" alt=\"Museokaupassa on esill\u00e4 Mobilian omista kuvakokoelmista tehtyj\u00e4 tyynyj\u00e4 ja sammutuspeitteit\u00e4.\" srcset=\"https:\/\/mobilia.fi\/wp-content\/uploads\/2020\/09\/Mobilia_Museokauppa_2020_websize-22-1024x683.jpg 1024w, https:\/\/mobilia.fi\/wp-content\/uploads\/2020\/09\/Mobilia_Museokauppa_2020_websize-22-300x200.jpg 300w, https:\/\/mobilia.fi\/wp-content\/uploads\/2020\/09\/Mobilia_Museokauppa_2020_websize-22-768x512.jpg 768w, https:\/\/mobilia.fi\/wp-content\/uploads\/2020\/09\/Mobilia_Museokauppa_2020_websize-22-1536x1024.jpg 1536w, https:\/\/mobilia.fi\/wp-content\/uploads\/2020\/09\/Mobilia_Museokauppa_2020_websize-22.jpg 2048w\" sizes=\"(max-width: 800px) 100vw, 800px\" \/>\t\t\t\t\t\t\t\t\t\t\t\t\t\t\t<\/div>\n\t\t\t\t<\/div>\n\t\t\t\t\t<\/div>\n\t\t<\/div>\n\t\t\t\t<div class=\"elementor-column elementor-col-50 elementor-inner-column elementor-element elementor-element-9315fc3\" data-id=\"9315fc3\" data-element_type=\"column\" data-e-type=\"column\">\n\t\t\t<div class=\"elementor-widget-wrap elementor-element-populated\">\n\t\t\t\t\t\t<div class=\"elementor-element elementor-element-f6979a4 elementor-widget elementor-widget-text-editor\" data-id=\"f6979a4\" data-element_type=\"widget\" data-e-type=\"widget\" data-widget_type=\"text-editor.default\">\n\t\t\t\t<div class=\"elementor-widget-container\">\n\t\t\t\t\t\t\t\t\t<p><span class=\"custom-sub-header\" style=\"color: #009cdf;\">THE MUSEUM SHOP IS ALSO AVAILABLE ONLINE<\/span><\/p><p>You can also find products from the Mobilia museum shop in the joint online shop of the Trafiikki museums. Check out our online selection at <a href=\"https:\/\/webshop.trafiikki.fi\/\" target=\"_blank\" rel=\"noopener\">webshop.trafiikki.fi<\/a><\/p>\t\t\t\t\t\t\t\t<\/div>\n\t\t\t\t<\/div>\n\t\t\t\t\t<\/div>\n\t\t<\/div>\n\t\t\t\t\t<\/div>\n\t\t<\/section>\n\t\t\t\t\t<\/div>\n\t\t<\/div>\n\t\t\t\t\t<\/div>\n\t\t<\/section>\n\t\t\t\t<\/div>\n\t\t","protected":false},"excerpt":{"rendered":"<p>Museum shop Delightful gift ideas and souvenirs! A versatile shopping destination Mobilia&#8217;s museum shop has a wide range of automotive and road transport literature. Our most popular products include rally-themed T-shirts and small toy cars. Our selection includes ideas for all kinds of gifts and presents. https:\/\/youtu.be\/cHooLUZ3d3U A wide variety of Kangasala-themed products are available [&hellip;]<\/p>\n","protected":false},"author":10,"featured_media":2622,"parent":6792,"menu_order":6,"comment_status":"closed","ping_status":"closed","template":"","meta":{"_acf_changed":false,"inline_featured_image":false,"footnotes":""},"class_list":["post-7277","page","type-page","status-publish","has-post-thumbnail","hentry"],"acf":[],"_links":{"self":[{"href":"https:\/\/mobilia.fi\/en\/wp-json\/wp\/v2\/pages\/7277","targetHints":{"allow":["GET"]}}],"collection":[{"href":"https:\/\/mobilia.fi\/en\/wp-json\/wp\/v2\/pages"}],"about":[{"href":"https:\/\/mobilia.fi\/en\/wp-json\/wp\/v2\/types\/page"}],"author":[{"embeddable":true,"href":"https:\/\/mobilia.fi\/en\/wp-json\/wp\/v2\/users\/10"}],"replies":[{"embeddable":true,"href":"https:\/\/mobilia.fi\/en\/wp-json\/wp\/v2\/comments?post=7277"}],"version-history":[{"count":10,"href":"https:\/\/mobilia.fi\/en\/wp-json\/wp\/v2\/pages\/7277\/revisions"}],"predecessor-version":[{"id":15306,"href":"https:\/\/mobilia.fi\/en\/wp-json\/wp\/v2\/pages\/7277\/revisions\/15306"}],"up":[{"embeddable":true,"href":"https:\/\/mobilia.fi\/en\/wp-json\/wp\/v2\/pages\/6792"}],"wp:featuredmedia":[{"embeddable":true,"href":"https:\/\/mobilia.fi\/en\/wp-json\/wp\/v2\/media\/2622"}],"wp:attachment":[{"href":"https:\/\/mobilia.fi\/en\/wp-json\/wp\/v2\/media?parent=7277"}],"curies":[{"name":"wp","href":"https:\/\/api.w.org\/{rel}","templated":true}]}}