{"id":7299,"date":"2022-07-02T10:37:38","date_gmt":"2022-07-02T07:37:38","guid":{"rendered":"https:\/\/mobilia.fi\/?page_id=7299"},"modified":"2026-02-01T10:42:27","modified_gmt":"2026-02-01T08:42:27","slug":"cafe-restaurant","status":"publish","type":"page","link":"https:\/\/mobilia.fi\/en\/visit\/cafe-restaurant\/","title":{"rendered":"Cafe &#038; restaurant"},"content":{"rendered":"\t\t<div data-elementor-type=\"wp-page\" data-elementor-id=\"7299\" class=\"elementor elementor-7299 elementor-739\" data-elementor-post-type=\"page\">\n\t\t\t\t\t\t<section class=\"elementor-section elementor-top-section elementor-element elementor-element-3bfccbec elementor-section-height-min-height elementor-section-boxed elementor-section-height-default elementor-section-items-middle\" data-id=\"3bfccbec\" data-element_type=\"section\" data-e-type=\"section\" data-settings=\"{&quot;background_background&quot;:&quot;classic&quot;}\">\n\t\t\t\t\t\t\t<div class=\"elementor-background-overlay\"><\/div>\n\t\t\t\t\t\t\t<div class=\"elementor-container elementor-column-gap-default\">\n\t\t\t\t\t<div class=\"elementor-column elementor-col-100 elementor-top-column elementor-element elementor-element-1b2d6736\" data-id=\"1b2d6736\" data-element_type=\"column\" data-e-type=\"column\">\n\t\t\t<div class=\"elementor-widget-wrap elementor-element-populated\">\n\t\t\t\t\t\t<div class=\"elementor-element elementor-element-12a120f4 elementor-widget elementor-widget-text-editor\" data-id=\"12a120f4\" data-element_type=\"widget\" data-e-type=\"widget\" data-widget_type=\"text-editor.default\">\n\t\t\t\t<div class=\"elementor-widget-container\">\n\t\t\t\t\t\t\t\t\t<h1>Caf\u00e9 &amp; restaurant<\/h1><p>Delicious food in stunning lakeshore scenery<\/p>\t\t\t\t\t\t\t\t<\/div>\n\t\t\t\t<\/div>\n\t\t\t\t\t<\/div>\n\t\t<\/div>\n\t\t\t\t\t<\/div>\n\t\t<\/section>\n\t\t\t\t<section class=\"elementor-section elementor-top-section elementor-element elementor-element-7228ed4b elementor-section-boxed elementor-section-height-default elementor-section-height-default\" data-id=\"7228ed4b\" data-element_type=\"section\" data-e-type=\"section\">\n\t\t\t\t\t\t<div class=\"elementor-container elementor-column-gap-default\">\n\t\t\t\t\t<div class=\"elementor-column elementor-col-100 elementor-top-column elementor-element elementor-element-3b3b5ce8\" data-id=\"3b3b5ce8\" data-element_type=\"column\" data-e-type=\"column\">\n\t\t\t<div class=\"elementor-widget-wrap elementor-element-populated\">\n\t\t\t\t\t\t<section class=\"elementor-section elementor-inner-section elementor-element elementor-element-31c60ed elementor-section-boxed elementor-section-height-default elementor-section-height-default\" data-id=\"31c60ed\" data-element_type=\"section\" data-e-type=\"section\">\n\t\t\t\t\t\t<div class=\"elementor-container elementor-column-gap-default\">\n\t\t\t\t\t<div class=\"elementor-column elementor-col-100 elementor-inner-column elementor-element elementor-element-4560340\" data-id=\"4560340\" data-element_type=\"column\" data-e-type=\"column\">\n\t\t\t<div class=\"elementor-widget-wrap\">\n\t\t\t\t\t\t\t<\/div>\n\t\t<\/div>\n\t\t\t\t\t<\/div>\n\t\t<\/section>\n\t\t\t\t<section class=\"elementor-section elementor-inner-section elementor-element elementor-element-83f1be7 elementor-section-boxed elementor-section-height-default elementor-section-height-default\" data-id=\"83f1be7\" data-element_type=\"section\" data-e-type=\"section\">\n\t\t\t\t\t\t<div class=\"elementor-container elementor-column-gap-default\">\n\t\t\t\t\t<div class=\"elementor-column elementor-col-50 elementor-inner-column elementor-element elementor-element-f92a490\" data-id=\"f92a490\" data-element_type=\"column\" data-e-type=\"column\">\n\t\t\t<div class=\"elementor-widget-wrap elementor-element-populated\">\n\t\t\t\t\t\t<div class=\"elementor-element elementor-element-48ad1b7 elementor-widget elementor-widget-text-editor\" data-id=\"48ad1b7\" data-element_type=\"widget\" data-e-type=\"widget\" data-widget_type=\"text-editor.default\">\n\t\t\t\t<div class=\"elementor-widget-container\">\n\t\t\t\t\t\t\t\t\t<p>Caf\u00e9 Mobilia is a cozy caf\u00e9 and lunch restaurant within Mobilia, decorated in the spirit of motoring. In addition to lunch, group and event customers, the Mobilia restaurant will also serve as a caf\u00e9.<\/p><p>A tasty <a href=\"https:\/\/mobilia.fi\/en\/visit\/cafe-restaurant\/lunch\/\">lunch<\/a> is available on weekdays and Saturdays. On Sundays, a soup lunch will be served (not on Sunday brunch days). Caf\u00e9 services are available every day.<\/p><p>Once a month, the caf\u00e9 organizes Sunday brunches. You can find the brunch dates in our <a href=\"https:\/\/mobilia.fi\/fi\/vieraile\/tapahtumat\/\">event calendar<\/a>. Brunch reservations ravintola@mobilia.fi or by phone 045 783 47770.<\/p><p>Mobilia also offers services for <a href=\"https:\/\/mobilia.fi\/en\/services\/conference-packages\/\">meetings<\/a> and other <a href=\"https:\/\/mobilia.fi\/en\/services\/event-services\/\">events<\/a>.<\/p><p>Caf\u00e9 Mobilia is open on Mobilia&#8217;s opening hours. During the summer, we\u2019re happy to welcome pets to our terrace when accompanied by their owners. Please note that our indoor spaces are pet-free. You can find more information for visiting Mobilia with your pet <a href=\"https:\/\/mobilia.fi\/en\/visit\/map-and-arrival\/\" target=\"_blank\" rel=\"noopener\">here<\/a>.<\/p><h3><span style=\"color: #009cdf;\">Contact information<\/span><\/h3><p>ravintola@mobilia.fi<br \/>puh. 045 783 47770<\/p><p><em>Photo: Visit Tampere \/ Laura Vanzo<\/em><\/p>\t\t\t\t\t\t\t\t<\/div>\n\t\t\t\t<\/div>\n\t\t\t\t\t<\/div>\n\t\t<\/div>\n\t\t\t\t<div class=\"elementor-column elementor-col-50 elementor-inner-column elementor-element elementor-element-b2bdd79\" data-id=\"b2bdd79\" data-element_type=\"column\" data-e-type=\"column\">\n\t\t\t<div class=\"elementor-widget-wrap elementor-element-populated\">\n\t\t\t\t\t\t<div class=\"elementor-element elementor-element-20ee266 elementor-widget elementor-widget-image\" data-id=\"20ee266\" data-element_type=\"widget\" data-e-type=\"widget\" data-widget_type=\"image.default\">\n\t\t\t\t<div class=\"elementor-widget-container\">\n\t\t\t\t\t\t\t\t\t\t\t\t\t\t\t<img fetchpriority=\"high\" decoding=\"async\" width=\"800\" height=\"534\" src=\"https:\/\/mobilia.fi\/wp-content\/uploads\/2024\/10\/Mobilia_Finnish_Museum_of_Car_and_Road_Visit_Tampere_Laura_Vanzo-34-1024x683.jpg\" class=\"attachment-large size-large wp-image-14190\" alt=\"Kahvilan tiskill\u00e4 mustapaitaninen harmaapartainen ja -tukkainen mies ostoksilla ja vaalea nainen hymyilee kassan takana.\" srcset=\"https:\/\/mobilia.fi\/wp-content\/uploads\/2024\/10\/Mobilia_Finnish_Museum_of_Car_and_Road_Visit_Tampere_Laura_Vanzo-34-1024x683.jpg 1024w, https:\/\/mobilia.fi\/wp-content\/uploads\/2024\/10\/Mobilia_Finnish_Museum_of_Car_and_Road_Visit_Tampere_Laura_Vanzo-34-300x200.jpg 300w, https:\/\/mobilia.fi\/wp-content\/uploads\/2024\/10\/Mobilia_Finnish_Museum_of_Car_and_Road_Visit_Tampere_Laura_Vanzo-34-768x512.jpg 768w, https:\/\/mobilia.fi\/wp-content\/uploads\/2024\/10\/Mobilia_Finnish_Museum_of_Car_and_Road_Visit_Tampere_Laura_Vanzo-34-1536x1024.jpg 1536w, https:\/\/mobilia.fi\/wp-content\/uploads\/2024\/10\/Mobilia_Finnish_Museum_of_Car_and_Road_Visit_Tampere_Laura_Vanzo-34.jpg 2048w\" sizes=\"(max-width: 800px) 100vw, 800px\" \/>\t\t\t\t\t\t\t\t\t\t\t\t\t\t\t<\/div>\n\t\t\t\t<\/div>\n\t\t\t\t\t<\/div>\n\t\t<\/div>\n\t\t\t\t\t<\/div>\n\t\t<\/section>\n\t\t\t\t\t<\/div>\n\t\t<\/div>\n\t\t\t\t\t<\/div>\n\t\t<\/section>\n\t\t\t\t<\/div>\n\t\t","protected":false},"excerpt":{"rendered":"<p>Caf\u00e9 &amp; restaurant Delicious food in stunning lakeshore scenery Caf\u00e9 Mobilia is a cozy caf\u00e9 and lunch restaurant within Mobilia, decorated in the spirit of motoring. In addition to lunch, group and event customers, the Mobilia restaurant will also serve as a caf\u00e9. A tasty lunch is available on weekdays and Saturdays. On Sundays, a [&hellip;]<\/p>\n","protected":false},"author":10,"featured_media":1393,"parent":6792,"menu_order":10,"comment_status":"closed","ping_status":"closed","template":"","meta":{"_acf_changed":false,"inline_featured_image":false,"footnotes":""},"class_list":["post-7299","page","type-page","status-publish","has-post-thumbnail","hentry"],"acf":[],"_links":{"self":[{"href":"https:\/\/mobilia.fi\/en\/wp-json\/wp\/v2\/pages\/7299","targetHints":{"allow":["GET"]}}],"collection":[{"href":"https:\/\/mobilia.fi\/en\/wp-json\/wp\/v2\/pages"}],"about":[{"href":"https:\/\/mobilia.fi\/en\/wp-json\/wp\/v2\/types\/page"}],"author":[{"embeddable":true,"href":"https:\/\/mobilia.fi\/en\/wp-json\/wp\/v2\/users\/10"}],"replies":[{"embeddable":true,"href":"https:\/\/mobilia.fi\/en\/wp-json\/wp\/v2\/comments?post=7299"}],"version-history":[{"count":57,"href":"https:\/\/mobilia.fi\/en\/wp-json\/wp\/v2\/pages\/7299\/revisions"}],"predecessor-version":[{"id":16422,"href":"https:\/\/mobilia.fi\/en\/wp-json\/wp\/v2\/pages\/7299\/revisions\/16422"}],"up":[{"embeddable":true,"href":"https:\/\/mobilia.fi\/en\/wp-json\/wp\/v2\/pages\/6792"}],"wp:featuredmedia":[{"embeddable":true,"href":"https:\/\/mobilia.fi\/en\/wp-json\/wp\/v2\/media\/1393"}],"wp:attachment":[{"href":"https:\/\/mobilia.fi\/en\/wp-json\/wp\/v2\/media?parent=7299"}],"curies":[{"name":"wp","href":"https:\/\/api.w.org\/{rel}","templated":true}]}}