{"id":7317,"date":"2022-07-02T10:56:25","date_gmt":"2022-07-02T07:56:25","guid":{"rendered":"https:\/\/mobilia.fi\/?page_id=7317"},"modified":"2023-02-10T14:58:00","modified_gmt":"2023-02-10T12:58:00","slug":"accessibility","status":"publish","type":"page","link":"https:\/\/mobilia.fi\/en\/visit\/accessibility\/","title":{"rendered":"Accessibility"},"content":{"rendered":"\t\t<div data-elementor-type=\"wp-page\" data-elementor-id=\"7317\" class=\"elementor elementor-7317 elementor-2333\" data-elementor-post-type=\"page\">\n\t\t\t\t\t\t<section class=\"elementor-section elementor-top-section elementor-element elementor-element-737a105c elementor-section-height-min-height elementor-section-boxed elementor-section-height-default elementor-section-items-middle\" data-id=\"737a105c\" data-element_type=\"section\" data-e-type=\"section\" data-settings=\"{&quot;background_background&quot;:&quot;classic&quot;}\">\n\t\t\t\t\t\t\t<div class=\"elementor-background-overlay\"><\/div>\n\t\t\t\t\t\t\t<div class=\"elementor-container elementor-column-gap-default\">\n\t\t\t\t\t<div class=\"elementor-column elementor-col-100 elementor-top-column elementor-element elementor-element-6aa2469e\" data-id=\"6aa2469e\" data-element_type=\"column\" data-e-type=\"column\">\n\t\t\t<div class=\"elementor-widget-wrap elementor-element-populated\">\n\t\t\t\t\t\t<div class=\"elementor-element elementor-element-42032270 elementor-widget elementor-widget-text-editor\" data-id=\"42032270\" data-element_type=\"widget\" data-e-type=\"widget\" data-widget_type=\"text-editor.default\">\n\t\t\t\t<div class=\"elementor-widget-container\">\n\t\t\t\t\t\t\t\t\t<h1>Accessibility<\/h1>\t\t\t\t\t\t\t\t<\/div>\n\t\t\t\t<\/div>\n\t\t\t\t\t<\/div>\n\t\t<\/div>\n\t\t\t\t\t<\/div>\n\t\t<\/section>\n\t\t\t\t<section class=\"elementor-section elementor-top-section elementor-element elementor-element-ddc7e50 elementor-section-boxed elementor-section-height-default elementor-section-height-default\" data-id=\"ddc7e50\" data-element_type=\"section\" data-e-type=\"section\">\n\t\t\t\t\t\t<div class=\"elementor-container elementor-column-gap-default\">\n\t\t\t\t\t<div class=\"elementor-column elementor-col-100 elementor-top-column elementor-element elementor-element-152313a\" data-id=\"152313a\" data-element_type=\"column\" data-e-type=\"column\">\n\t\t\t<div class=\"elementor-widget-wrap elementor-element-populated\">\n\t\t\t\t\t\t<div class=\"elementor-element elementor-element-b748fde elementor-widget elementor-widget-text-editor\" data-id=\"b748fde\" data-element_type=\"widget\" data-e-type=\"widget\" data-widget_type=\"text-editor.default\">\n\t\t\t\t<div class=\"elementor-widget-container\">\n\t\t\t\t\t\t\t\t\t<h3><span style=\"color: #009cdf;\">Mobilia recognizes Disability Cards and Friend Cards<\/span><\/h3><p>Personal assistants and interpreters accompanying a Disability Card holder are admitted free of charge. A friend of a Friend Card holder can also join a museum visit for free.<\/p><h3><span style=\"color: #009cdf;\">Mobilia is a registered Toilet Card location<\/span><\/h3><p>A Toilet Card holder has immediate access to the nearest toilet. The Toilet Card sticker in our toilets sends a message to other toilet users that the person displaying the card has a medical condition and should be given fast access to the toilet, past the queue.<\/p><h3><span style=\"color: #009cdf;\">Guide and assistance dogs<\/span><\/h3><p>Guide and assistance dogs are welcome in the museum. You can ask to borrow a water bowl for your dog at the info desk.<\/p><h3><span style=\"color: #009cdf;\">Arrival<\/span><\/h3><p>There are a total of two disabled parking spaces at Mobilia. One is located in the parking lot of the main building, closest to the entrance, and the other in the parking lot of the Fenno Gallery. The parking spaces can be found on the disabled parking app run by the Automobile and Touring Club of Finland.<\/p><p>The main entrance to the main building is reached via a ramp from the end of the building that faces the parking lot. The main door of the museum is button operated. If you need help, please get in touch with the Mobilia info desk (tel. +358 31 40 4000).<\/p><h3><span style=\"color: #009cdf;\">Storage facilities and accessible toilets<\/span><\/h3><p>To get to the cloakroom, go through the caf\u00e9. There are also storage lockers at a low level.<\/p><p>Next to the cloakroom is an accessible toilet equipped according to the 1990s guidelines. It is not suitable for electric wheelchairs because there is not enough space around the toilet seat. However, the toilet is equipped with support rails and a lowerable sink. There is an accessible toilet equipped according to the current norms near the entrance to the Rally Museum on the exhibition area side of the main building.<\/p><h3><span style=\"color: #009cdf;\">Moving around the exhibition halls of the main building<\/span><\/h3><p>The exhibition spaces in the main building are fully accessible. The exhibitions are on one level, and there is plenty of room to move around. A wheelchair can be borrowed at the entrance to the exhibition. The touch screens are at a height that is easily accessible even from a wheelchair. The exhibition rooms have chairs for resting.<\/p><h3><span style=\"color: #009cdf;\">Moving around the Fenno Gallery exhibition space<\/span><\/h3><p>The Fenno Gallery is located in a different building about 400 metres from the main building. We recommend that you travel the distance by car, as the transition route is not accessible: there is a sandy footpath and a steep hill where pedestrians are guided up a flight of steps. The exhibition space itself is wheelchair accessible: an assistant is required to open the heavy front door, but the exhibition space is on one level and there is an accessible toilet equipped according to the current norms. If you are unaccompanied, you can ask the Mobilia info desk for help opening the door.<\/p><h3><span style=\"color: #009cdf;\">Services for the visually impaired<\/span><\/h3><p>We recommend that visually impaired people come to the museum with an assistant. Cotton gloves are available at the ticket desk and can be used to touch certain vehicles in the exhibitions.<\/p><p>Audio description is available for groups by prior reservation.<\/p><p>In the Fenno Gallery, vehicles are located behind glass walls: reflective glass surfaces can make it difficult to see them.<\/p><h3><span style=\"color: #009cdf;\">Induction loop<\/span><\/h3><p>An induction loop is not available at Mobilia.<\/p><h3><span style=\"color: #009cdf;\">Museum visits with young children<\/span><\/h3><p>A childcare facility is located next to the caf\u00e9 toilets. Our caf\u00e9 has high chairs, and you can ask the caf\u00e9 staff to heat up your baby&#8217;s food. Eating your own packed snacks or lunch is not possible indoors, but you can use the outdoor gazebo next to the playground as a picnic area.<\/p><p>Strollers are available to borrow at the entrance to the exhibitions in the main building. There is a children&#8217;s play area on the museum exhibition side, including armchairs for activities such as breastfeeding.<\/p><p>The FennoGallery has strollers to borrow and a small children&#8217;s play area.<\/p><h3><span style=\"color: #009cdf;\">Website accessibility<\/span><\/h3><p>We are committed to improving the accessibility of our digital services. If you find any shortcomings on our site, please send us feedback at asiakaspalvelu@mobilia.fi<\/p>\t\t\t\t\t\t\t\t<\/div>\n\t\t\t\t<\/div>\n\t\t\t\t\t<\/div>\n\t\t<\/div>\n\t\t\t\t\t<\/div>\n\t\t<\/section>\n\t\t\t\t<\/div>\n\t\t","protected":false},"excerpt":{"rendered":"<p>Accessibility Mobilia recognizes Disability Cards and Friend Cards Personal assistants and interpreters accompanying a Disability Card holder are admitted free of charge. A friend of a Friend Card holder can also join a museum visit for free. Mobilia is a registered Toilet Card location A Toilet Card holder has immediate access to the nearest toilet. [&hellip;]<\/p>\n","protected":false},"author":10,"featured_media":2204,"parent":6792,"menu_order":11,"comment_status":"closed","ping_status":"closed","template":"","meta":{"_acf_changed":false,"inline_featured_image":false,"footnotes":""},"class_list":["post-7317","page","type-page","status-publish","has-post-thumbnail","hentry"],"acf":[],"_links":{"self":[{"href":"https:\/\/mobilia.fi\/en\/wp-json\/wp\/v2\/pages\/7317","targetHints":{"allow":["GET"]}}],"collection":[{"href":"https:\/\/mobilia.fi\/en\/wp-json\/wp\/v2\/pages"}],"about":[{"href":"https:\/\/mobilia.fi\/en\/wp-json\/wp\/v2\/types\/page"}],"author":[{"embeddable":true,"href":"https:\/\/mobilia.fi\/en\/wp-json\/wp\/v2\/users\/10"}],"replies":[{"embeddable":true,"href":"https:\/\/mobilia.fi\/en\/wp-json\/wp\/v2\/comments?post=7317"}],"version-history":[{"count":3,"href":"https:\/\/mobilia.fi\/en\/wp-json\/wp\/v2\/pages\/7317\/revisions"}],"predecessor-version":[{"id":9193,"href":"https:\/\/mobilia.fi\/en\/wp-json\/wp\/v2\/pages\/7317\/revisions\/9193"}],"up":[{"embeddable":true,"href":"https:\/\/mobilia.fi\/en\/wp-json\/wp\/v2\/pages\/6792"}],"wp:featuredmedia":[{"embeddable":true,"href":"https:\/\/mobilia.fi\/en\/wp-json\/wp\/v2\/media\/2204"}],"wp:attachment":[{"href":"https:\/\/mobilia.fi\/en\/wp-json\/wp\/v2\/media?parent=7317"}],"curies":[{"name":"wp","href":"https:\/\/api.w.org\/{rel}","templated":true}]}}