{"id":7322,"date":"2022-07-02T11:05:18","date_gmt":"2022-07-02T08:05:18","guid":{"rendered":"https:\/\/mobilia.fi\/?page_id=7322"},"modified":"2024-06-26T17:13:26","modified_gmt":"2024-06-26T14:13:26","slug":"a-safe-museum-visit","status":"publish","type":"page","link":"https:\/\/mobilia.fi\/en\/visit\/a-safe-museum-visit\/","title":{"rendered":"A safe museum visit"},"content":{"rendered":"\t\t<div data-elementor-type=\"wp-page\" data-elementor-id=\"7322\" class=\"elementor elementor-7322 elementor-2199\" data-elementor-post-type=\"page\">\n\t\t\t\t\t\t<section class=\"elementor-section elementor-top-section elementor-element elementor-element-737a105c elementor-section-height-min-height elementor-section-boxed elementor-section-height-default elementor-section-items-middle\" data-id=\"737a105c\" data-element_type=\"section\" data-e-type=\"section\" data-settings=\"{&quot;background_background&quot;:&quot;classic&quot;}\">\n\t\t\t\t\t\t\t<div class=\"elementor-background-overlay\"><\/div>\n\t\t\t\t\t\t\t<div class=\"elementor-container elementor-column-gap-default\">\n\t\t\t\t\t<div class=\"elementor-column elementor-col-100 elementor-top-column elementor-element elementor-element-6aa2469e\" data-id=\"6aa2469e\" data-element_type=\"column\" data-e-type=\"column\">\n\t\t\t<div class=\"elementor-widget-wrap elementor-element-populated\">\n\t\t\t\t\t\t<div class=\"elementor-element elementor-element-42032270 elementor-widget elementor-widget-text-editor\" data-id=\"42032270\" data-element_type=\"widget\" data-e-type=\"widget\" data-widget_type=\"text-editor.default\">\n\t\t\t\t<div class=\"elementor-widget-container\">\n\t\t\t\t\t\t\t\t\t<h1>A safe museum visit<\/h1><p>Let&#8217;s take care of safety together!<\/p>\t\t\t\t\t\t\t\t<\/div>\n\t\t\t\t<\/div>\n\t\t\t\t\t<\/div>\n\t\t<\/div>\n\t\t\t\t\t<\/div>\n\t\t<\/section>\n\t\t\t\t<section class=\"elementor-section elementor-top-section elementor-element elementor-element-39d5812f elementor-section-boxed elementor-section-height-default elementor-section-height-default\" data-id=\"39d5812f\" data-element_type=\"section\" data-e-type=\"section\">\n\t\t\t\t\t\t<div class=\"elementor-container elementor-column-gap-default\">\n\t\t\t\t\t<div class=\"elementor-column elementor-col-100 elementor-top-column elementor-element elementor-element-67220530\" data-id=\"67220530\" data-element_type=\"column\" data-e-type=\"column\">\n\t\t\t<div class=\"elementor-widget-wrap elementor-element-populated\">\n\t\t\t\t\t\t<section class=\"elementor-section elementor-inner-section elementor-element elementor-element-31f8185c elementor-section-boxed elementor-section-height-default elementor-section-height-default\" data-id=\"31f8185c\" data-element_type=\"section\" data-e-type=\"section\">\n\t\t\t\t\t\t<div class=\"elementor-container elementor-column-gap-default\">\n\t\t\t\t\t<div class=\"elementor-column elementor-col-50 elementor-inner-column elementor-element elementor-element-1c3d60f2\" data-id=\"1c3d60f2\" data-element_type=\"column\" data-e-type=\"column\">\n\t\t\t<div class=\"elementor-widget-wrap elementor-element-populated\">\n\t\t\t\t\t\t<div class=\"elementor-element elementor-element-2aff774 elementor-widget elementor-widget-text-editor\" data-id=\"2aff774\" data-element_type=\"widget\" data-e-type=\"widget\" data-widget_type=\"text-editor.default\">\n\t\t\t\t<div class=\"elementor-widget-container\">\n\t\t\t\t\t\t\t\t\t<p>Mobilia keeps up daily cleaning and hand sanitiser is available immediately at the entrances.\u00a0<\/p><p>The Sega Rally game and the indoor mini digger are equipped with cleaning supplies that visitors can use to wipe down touchable surfaces before and after use.<\/p><p>Welcome!<\/p>\t\t\t\t\t\t\t\t<\/div>\n\t\t\t\t<\/div>\n\t\t\t\t\t<\/div>\n\t\t<\/div>\n\t\t\t\t<div class=\"elementor-column elementor-col-50 elementor-inner-column elementor-element elementor-element-3403b830\" data-id=\"3403b830\" data-element_type=\"column\" data-e-type=\"column\">\n\t\t\t<div class=\"elementor-widget-wrap elementor-element-populated\">\n\t\t\t\t\t\t<div class=\"elementor-element elementor-element-43edf3d5 elementor-widget elementor-widget-image\" data-id=\"43edf3d5\" data-element_type=\"widget\" data-e-type=\"widget\" data-widget_type=\"image.default\">\n\t\t\t\t<div class=\"elementor-widget-container\">\n\t\t\t\t\t\t\t\t\t\t\t\t\t\t\t<img fetchpriority=\"high\" decoding=\"async\" width=\"800\" height=\"512\" src=\"https:\/\/mobilia.fi\/wp-content\/uploads\/2020\/11\/Tervetuloa.jpg\" class=\"attachment-large size-large wp-image-2204\" alt=\"Vanhassa mustavalkokuvassa auton lokasuojan ja astinlaudan p\u00e4\u00e4ll\u00e4 istuu ja seisoo poseeraamassa tyylikk\u00e4\u00e4sit pukeutuneet kolme naista ja yksi mies.\" srcset=\"https:\/\/mobilia.fi\/wp-content\/uploads\/2020\/11\/Tervetuloa.jpg 800w, https:\/\/mobilia.fi\/wp-content\/uploads\/2020\/11\/Tervetuloa-300x192.jpg 300w, https:\/\/mobilia.fi\/wp-content\/uploads\/2020\/11\/Tervetuloa-768x492.jpg 768w\" sizes=\"(max-width: 800px) 100vw, 800px\" \/>\t\t\t\t\t\t\t\t\t\t\t\t\t\t\t<\/div>\n\t\t\t\t<\/div>\n\t\t\t\t\t<\/div>\n\t\t<\/div>\n\t\t\t\t\t<\/div>\n\t\t<\/section>\n\t\t\t\t\t<\/div>\n\t\t<\/div>\n\t\t\t\t\t<\/div>\n\t\t<\/section>\n\t\t\t\t<\/div>\n\t\t","protected":false},"excerpt":{"rendered":"<p>A safe museum visit Let&#8217;s take care of safety together! Mobilia keeps up daily cleaning and hand sanitiser is available immediately at the entrances.\u00a0 The Sega Rally game and the indoor mini digger are equipped with cleaning supplies that visitors can use to wipe down touchable surfaces before and after use. Welcome!<\/p>\n","protected":false},"author":10,"featured_media":2204,"parent":6792,"menu_order":12,"comment_status":"closed","ping_status":"closed","template":"","meta":{"_acf_changed":false,"inline_featured_image":false,"footnotes":""},"class_list":["post-7322","page","type-page","status-publish","has-post-thumbnail","hentry"],"acf":[],"_links":{"self":[{"href":"https:\/\/mobilia.fi\/en\/wp-json\/wp\/v2\/pages\/7322","targetHints":{"allow":["GET"]}}],"collection":[{"href":"https:\/\/mobilia.fi\/en\/wp-json\/wp\/v2\/pages"}],"about":[{"href":"https:\/\/mobilia.fi\/en\/wp-json\/wp\/v2\/types\/page"}],"author":[{"embeddable":true,"href":"https:\/\/mobilia.fi\/en\/wp-json\/wp\/v2\/users\/10"}],"replies":[{"embeddable":true,"href":"https:\/\/mobilia.fi\/en\/wp-json\/wp\/v2\/comments?post=7322"}],"version-history":[{"count":13,"href":"https:\/\/mobilia.fi\/en\/wp-json\/wp\/v2\/pages\/7322\/revisions"}],"predecessor-version":[{"id":13465,"href":"https:\/\/mobilia.fi\/en\/wp-json\/wp\/v2\/pages\/7322\/revisions\/13465"}],"up":[{"embeddable":true,"href":"https:\/\/mobilia.fi\/en\/wp-json\/wp\/v2\/pages\/6792"}],"wp:featuredmedia":[{"embeddable":true,"href":"https:\/\/mobilia.fi\/en\/wp-json\/wp\/v2\/media\/2204"}],"wp:attachment":[{"href":"https:\/\/mobilia.fi\/en\/wp-json\/wp\/v2\/media?parent=7322"}],"curies":[{"name":"wp","href":"https:\/\/api.w.org\/{rel}","templated":true}]}}