{"id":7385,"date":"2022-07-02T12:22:04","date_gmt":"2022-07-02T09:22:04","guid":{"rendered":"https:\/\/mobilia.fi\/?page_id=7385"},"modified":"2022-07-02T12:38:23","modified_gmt":"2022-07-02T09:38:23","slug":"partners","status":"publish","type":"page","link":"https:\/\/mobilia.fi\/en\/museum\/about-mobilia\/partners\/","title":{"rendered":"Partners"},"content":{"rendered":"\t\t<div data-elementor-type=\"wp-page\" data-elementor-id=\"7385\" class=\"elementor elementor-7385 elementor-1885\" data-elementor-post-type=\"page\">\n\t\t\t\t\t\t<section class=\"elementor-section elementor-top-section elementor-element elementor-element-5f288a40 elementor-section-height-min-height elementor-section-boxed elementor-section-height-default elementor-section-items-middle\" data-id=\"5f288a40\" data-element_type=\"section\" data-e-type=\"section\" data-settings=\"{&quot;background_background&quot;:&quot;classic&quot;}\">\n\t\t\t\t\t\t\t<div class=\"elementor-background-overlay\"><\/div>\n\t\t\t\t\t\t\t<div class=\"elementor-container elementor-column-gap-default\">\n\t\t\t\t\t<div class=\"elementor-column elementor-col-100 elementor-top-column elementor-element elementor-element-6bf0cde2\" data-id=\"6bf0cde2\" data-element_type=\"column\" data-e-type=\"column\">\n\t\t\t<div class=\"elementor-widget-wrap elementor-element-populated\">\n\t\t\t\t\t\t<div class=\"elementor-element elementor-element-52c68007 elementor-widget elementor-widget-text-editor\" data-id=\"52c68007\" data-element_type=\"widget\" data-e-type=\"widget\" data-widget_type=\"text-editor.default\">\n\t\t\t\t<div class=\"elementor-widget-container\">\n\t\t\t\t\t\t\t\t\t<h1>Partners<\/h1>\t\t\t\t\t\t\t\t<\/div>\n\t\t\t\t<\/div>\n\t\t\t\t\t<\/div>\n\t\t<\/div>\n\t\t\t\t\t<\/div>\n\t\t<\/section>\n\t\t\t\t<section class=\"elementor-section elementor-top-section elementor-element elementor-element-370efd7 elementor-section-boxed elementor-section-height-default elementor-section-height-default\" data-id=\"370efd7\" data-element_type=\"section\" data-e-type=\"section\">\n\t\t\t\t\t\t<div class=\"elementor-container elementor-column-gap-default\">\n\t\t\t\t\t<div class=\"elementor-column elementor-col-100 elementor-top-column elementor-element elementor-element-9d13462\" data-id=\"9d13462\" data-element_type=\"column\" data-e-type=\"column\">\n\t\t\t<div class=\"elementor-widget-wrap elementor-element-populated\">\n\t\t\t\t\t\t\t<\/div>\n\t\t<\/div>\n\t\t\t\t\t<\/div>\n\t\t<\/section>\n\t\t\t\t<section class=\"elementor-section elementor-top-section elementor-element elementor-element-edad595 elementor-section-boxed elementor-section-height-default elementor-section-height-default\" data-id=\"edad595\" data-element_type=\"section\" data-e-type=\"section\">\n\t\t\t\t\t\t<div class=\"elementor-container elementor-column-gap-default\">\n\t\t\t\t\t<div class=\"elementor-column elementor-col-100 elementor-top-column elementor-element elementor-element-4c608ef\" data-id=\"4c608ef\" data-element_type=\"column\" data-e-type=\"column\">\n\t\t\t<div class=\"elementor-widget-wrap elementor-element-populated\">\n\t\t\t\t\t\t\t<\/div>\n\t\t<\/div>\n\t\t\t\t\t<\/div>\n\t\t<\/section>\n\t\t\t\t<section class=\"elementor-section elementor-top-section elementor-element elementor-element-50d6fb8 elementor-section-boxed elementor-section-height-default elementor-section-height-default\" data-id=\"50d6fb8\" data-element_type=\"section\" data-e-type=\"section\">\n\t\t\t\t\t\t<div class=\"elementor-container elementor-column-gap-default\">\n\t\t\t\t\t<div class=\"elementor-column elementor-col-100 elementor-top-column elementor-element elementor-element-9286188\" data-id=\"9286188\" data-element_type=\"column\" data-e-type=\"column\">\n\t\t\t<div class=\"elementor-widget-wrap elementor-element-populated\">\n\t\t\t\t\t\t<div class=\"elementor-element elementor-element-0261a98 elementor-widget elementor-widget-text-editor\" data-id=\"0261a98\" data-element_type=\"widget\" data-e-type=\"widget\" data-widget_type=\"text-editor.default\">\n\t\t\t\t<div class=\"elementor-widget-container\">\n\t\t\t\t\t\t\t\t\t<h4><a href=\"https:\/\/trafiikki.fi\/en\/\" target=\"_blank\" rel=\"noopener\">The Trafiikki museums<\/a><\/h4><p>The Trafiikki Museums Association is a network of ten Finnish museums of communication and transport.<\/p><p>The Trafiikki museums are:<\/p><p><a href=\"http:\/\/www.forum-marinum.fi\/en\/\" target=\"_blank\" rel=\"noopener\">Forum Marinum<\/a><\/p><p>Mobilia<\/p><p><a href=\"https:\/\/www.postimuseo.fi\/en\/frontpage\/\" target=\"_blank\" rel=\"noopener\">Postal Museum<\/a><\/p><p><a href=\"https:\/\/www.paivalehdenmuseo.fi\/en\/\" target=\"_blank\" rel=\"noopener\">P\u00e4iv\u00e4lehti museum<\/a><\/p><p><a href=\"https:\/\/www.lahdenmastola.fi\/en\/\" target=\"_blank\" rel=\"noopener\">Radio and TV museum<\/a><\/p><p><a href=\"http:\/\/vapriikki.fi\/en\/\" target=\"_blank\" rel=\"noopener\">Media Museum Rupriikki<\/a><\/p><p><a href=\"https:\/\/ilmailumuseo.fi\/en\/\" target=\"_blank\" rel=\"noopener\">Finnish Aviation Museum<\/a><\/p><p><a href=\"https:\/\/www.kansallismuseo.fi\/en\/suomenmerimuseo\" target=\"_blank\" rel=\"noopener\">Finnish Maritime Museum<\/a><\/p><p><a href=\"https:\/\/rautatiemuseo.fi\/en\" target=\"_blank\" rel=\"noopener\">Finnish Railway Museum<\/a><\/p><p><a href=\"https:\/\/tekniikanmuseo.fi\/in-english\/\" target=\"_blank\" rel=\"noopener\">The Museum of Technology<\/a><\/p><h4>NordBalt road museums<\/h4><p>The NordBalt road museum network includes the following museums:<\/p><p><a href=\"https:\/\/nattrabyvagmuseum.se\/index.html\" target=\"_blank\" rel=\"noopener\">Swedish Road Museum<\/a><\/p><p><a href=\"https:\/\/vegmuseum.no\/english\" target=\"_blank\" rel=\"noopener\">Norwegian Road Museum<\/a><\/p><p>Icelandic Road Museum<\/p><p><a href=\"https:\/\/www.maanteemuuseum.ee\/en\" target=\"_blank\" rel=\"noopener\">Estonian Road Museum<\/a><\/p><p><a href=\"http:\/\/www.slokenbeka.lv\/en\/111\" target=\"_blank\" rel=\"noopener\">Latvian Road Museum<\/a><\/p><p>Lithuanian Road Museum<\/p><p><a href=\"https:\/\/www.gddkia.gov.pl\/pl\/a\/11977\/30-lat-dzialalnosci-Muzeum-Drogownictwa-w-Szczucinie\" target=\"_blank\" rel=\"noopener\">Polish Road Museum<\/a><\/p><p>The museums are working together to strengthen the study, presentation, and preservation of road history in the Nordic and Baltic countries. The cooperation is part of the operations of the Nordic Road Association and the Baltic Road Forum.<\/p><p>The museums meet annually for a seminar.<\/p><h4>Other partners<\/h4><p><a href=\"https:\/\/www.museovirasto.fi\/en\/\" target=\"_blank\" rel=\"noopener\">The Finnish Heritage Agency<\/a><br \/><a href=\"https:\/\/www.ely-keskus.fi\/en\/web\/ely-en\" target=\"_blank\" rel=\"noopener\">Pirkanmaa ELY Centre<\/a><\/p><p>and numerous other public authorities<\/p><p><a href=\"https:\/\/fiva.org\/en\/\" target=\"_blank\" rel=\"noopener\">FIVA F\u00e9d\u00e9ration Internationale des V\u00e9hicules Anciens<\/a><br \/><a href=\"https:\/\/mobilia.fi\/museo\/automuseoiden-neuvottelukunta\/\" target=\"_blank\" rel=\"noopener\">Automobile museums under the Advisory Committee of Finnish Automobile Museums<\/a><\/p><p>and numerous other museums, associations, and operators.<\/p>\t\t\t\t\t\t\t\t<\/div>\n\t\t\t\t<\/div>\n\t\t\t\t\t<\/div>\n\t\t<\/div>\n\t\t\t\t\t<\/div>\n\t\t<\/section>\n\t\t\t\t<\/div>\n\t\t","protected":false},"excerpt":{"rendered":"<p>Partners The Trafiikki museums The Trafiikki Museums Association is a network of ten Finnish museums of communication and transport. The Trafiikki museums are: Forum Marinum Mobilia Postal Museum P\u00e4iv\u00e4lehti museum Radio and TV museum Media Museum Rupriikki Finnish Aviation Museum Finnish Maritime Museum Finnish Railway Museum The Museum of Technology NordBalt road museums The NordBalt [&hellip;]<\/p>\n","protected":false},"author":10,"featured_media":75,"parent":7369,"menu_order":1,"comment_status":"closed","ping_status":"closed","template":"","meta":{"_acf_changed":false,"inline_featured_image":false,"footnotes":""},"class_list":["post-7385","page","type-page","status-publish","has-post-thumbnail","hentry"],"acf":[],"_links":{"self":[{"href":"https:\/\/mobilia.fi\/en\/wp-json\/wp\/v2\/pages\/7385","targetHints":{"allow":["GET"]}}],"collection":[{"href":"https:\/\/mobilia.fi\/en\/wp-json\/wp\/v2\/pages"}],"about":[{"href":"https:\/\/mobilia.fi\/en\/wp-json\/wp\/v2\/types\/page"}],"author":[{"embeddable":true,"href":"https:\/\/mobilia.fi\/en\/wp-json\/wp\/v2\/users\/10"}],"replies":[{"embeddable":true,"href":"https:\/\/mobilia.fi\/en\/wp-json\/wp\/v2\/comments?post=7385"}],"version-history":[{"count":4,"href":"https:\/\/mobilia.fi\/en\/wp-json\/wp\/v2\/pages\/7385\/revisions"}],"predecessor-version":[{"id":7390,"href":"https:\/\/mobilia.fi\/en\/wp-json\/wp\/v2\/pages\/7385\/revisions\/7390"}],"up":[{"embeddable":true,"href":"https:\/\/mobilia.fi\/en\/wp-json\/wp\/v2\/pages\/7369"}],"wp:featuredmedia":[{"embeddable":true,"href":"https:\/\/mobilia.fi\/en\/wp-json\/wp\/v2\/media\/75"}],"wp:attachment":[{"href":"https:\/\/mobilia.fi\/en\/wp-json\/wp\/v2\/media?parent=7385"}],"curies":[{"name":"wp","href":"https:\/\/api.w.org\/{rel}","templated":true}]}}