{"id":7396,"date":"2022-07-02T12:43:11","date_gmt":"2022-07-02T09:43:11","guid":{"rendered":"https:\/\/mobilia.fi\/?page_id=7396"},"modified":"2026-01-30T14:00:31","modified_gmt":"2026-01-30T12:00:31","slug":"mobilia-award","status":"publish","type":"page","link":"https:\/\/mobilia.fi\/en\/museum\/about-mobilia\/mobilia-award\/","title":{"rendered":"Mobilia Award"},"content":{"rendered":"\t\t<div data-elementor-type=\"wp-page\" data-elementor-id=\"7396\" class=\"elementor elementor-7396 elementor-1864\" data-elementor-post-type=\"page\">\n\t\t\t\t\t\t<section class=\"elementor-section elementor-top-section elementor-element elementor-element-5f288a40 elementor-section-height-min-height elementor-section-boxed elementor-section-height-default elementor-section-items-middle\" data-id=\"5f288a40\" data-element_type=\"section\" data-e-type=\"section\" data-settings=\"{&quot;background_background&quot;:&quot;classic&quot;}\">\n\t\t\t\t\t\t\t<div class=\"elementor-background-overlay\"><\/div>\n\t\t\t\t\t\t\t<div class=\"elementor-container elementor-column-gap-default\">\n\t\t\t\t\t<div class=\"elementor-column elementor-col-100 elementor-top-column elementor-element elementor-element-6bf0cde2\" data-id=\"6bf0cde2\" data-element_type=\"column\" data-e-type=\"column\">\n\t\t\t<div class=\"elementor-widget-wrap elementor-element-populated\">\n\t\t\t\t\t\t<div class=\"elementor-element elementor-element-52c68007 elementor-widget elementor-widget-text-editor\" data-id=\"52c68007\" data-element_type=\"widget\" data-e-type=\"widget\" data-widget_type=\"text-editor.default\">\n\t\t\t\t<div class=\"elementor-widget-container\">\n\t\t\t\t\t\t\t\t\t<h1><strong>The Mobilia Award for <\/strong><\/h1><h1><strong>the History of Road Transport<\/strong><\/h1>\t\t\t\t\t\t\t\t<\/div>\n\t\t\t\t<\/div>\n\t\t\t\t\t<\/div>\n\t\t<\/div>\n\t\t\t\t\t<\/div>\n\t\t<\/section>\n\t\t\t\t<section class=\"elementor-section elementor-top-section elementor-element elementor-element-370efd7 elementor-section-boxed elementor-section-height-default elementor-section-height-default\" data-id=\"370efd7\" data-element_type=\"section\" data-e-type=\"section\">\n\t\t\t\t\t\t<div class=\"elementor-container elementor-column-gap-default\">\n\t\t\t\t\t<div class=\"elementor-column elementor-col-100 elementor-top-column elementor-element elementor-element-9d13462\" data-id=\"9d13462\" data-element_type=\"column\" data-e-type=\"column\">\n\t\t\t<div class=\"elementor-widget-wrap elementor-element-populated\">\n\t\t\t\t\t\t\t<\/div>\n\t\t<\/div>\n\t\t\t\t\t<\/div>\n\t\t<\/section>\n\t\t\t\t<section class=\"elementor-section elementor-top-section elementor-element elementor-element-edad595 elementor-section-boxed elementor-section-height-default elementor-section-height-default\" data-id=\"edad595\" data-element_type=\"section\" data-e-type=\"section\">\n\t\t\t\t\t\t<div class=\"elementor-container elementor-column-gap-default\">\n\t\t\t\t\t<div class=\"elementor-column elementor-col-100 elementor-top-column elementor-element elementor-element-4c608ef\" data-id=\"4c608ef\" data-element_type=\"column\" data-e-type=\"column\">\n\t\t\t<div class=\"elementor-widget-wrap elementor-element-populated\">\n\t\t\t\t\t\t<div class=\"elementor-element elementor-element-474f33c elementor-widget elementor-widget-text-editor\" data-id=\"474f33c\" data-element_type=\"widget\" data-e-type=\"widget\" data-widget_type=\"text-editor.default\">\n\t\t\t\t<div class=\"elementor-widget-container\">\n\t\t\t\t\t\t\t\t\t<h3><span style=\"color: #009cdf;\">Winners of the Mobilia Award for the History of Road Transport<\/span><\/h3><p>2026<br \/><span dir=\"auto\">Saastamoinen, Jukka<\/span>: Sata lasissa \u2013 Autotuojat ja -teollisuus ry 1925\u20132025. Autotuojat ja -teollisuus ry, 2025<span dir=\"auto\">.<\/span><\/p><p>2024<br \/><span dir=\"auto\">Laine, Jan-Erik<\/span>:\u00a0<span dir=\"auto\">Olympiavuoden Klassikot \u2013 Tarinoita 1952 automalleista. Viipalemediat, 2021.<\/span><\/p><p>2022<br \/>J\u00e4ppinen, Jussi: Viimeisen kes\u00e4n maisemia. Aikamatkailua Suomessa 1939\u20132019. Atena, 2019.<\/p><p>2020<br \/>Kastari, Pirkko-Liisa: Artturi Tiura, Linja-automiehen el\u00e4m\u00e4 ja autot, 2019.<\/p><p>2018<br \/>Tolmunen, Tapio: Viisi minuuttia seuraavaan l\u00e4ht\u00f6\u00f6n \u2013 HSL-alueen joukkoliikenteen historia, HSL, 2016.<\/p><p>2016<br \/>Nummelin, Markku: Valvottua liikennett\u00e4 \u2013 DDR:n kulkuneuvoja, Kustantaja Laaksonen, 2015.<\/p><p>2014<br \/>Lilja, Erkki: J\u00e4\u00e4merenk\u00e4yt\u00e4v\u00e4 \u2013 Pohjois-Suomen rata- ja tiehankkeiden historia: n\u00e4kij\u00f6it\u00e4 \u2013 tekij\u00f6it\u00e4 \u2013 kulkijoita \u2013 salaisia suunnitelmia. Hipputeos Oy Raimo Niemel\u00e4, 2013.<\/p><p>2012<br \/>Rajasalo, Jorma; Lehtonen, Timo; Laitinen, Hannu: Pula-ajan bussit 1945\u20131956, SLHS, 2011.<\/p><p>2010<br \/>Korsisaari, Eva: Yht\u00e4 matkaa \u2013 Korsisaari-yhti\u00f6t 80 vuotta, Helsinki 2009.<\/p><p>2008<br \/>Antila, Kimmo (toim.): Py\u00f6r\u00e4ll\u00e4 halki aikojen \u2013 Velomania! Tampere 2007.<\/p><p>2006<br \/>Mauranen, Tapani: Kr\u00e4sh\u2026 ja turvallisesti eteenp\u00e4in \u2013 A-Vakuutuksen seitsem\u00e4n vuosikymment\u00e4. Helsinki 2003.<\/p><p>2004<br \/>Kurkinen, Jari: Suomen autokoriteollisuuden historia. Autokoriteollisuus ry, Helsinki 2002.<\/p><h3><span style=\"color: #009cdf;\"><strong>Rules for the Mobilia Award for the History of Road Transport<\/strong><\/span><\/h3><p><strong>Objective<\/strong><\/p><p>The aim of the Mobilia Award for the History of Road Transport is to promote the production, dissemination, and publication of high-quality historical information in the field of road transport history for the benefit of Finnish society, Mobilia, and its supporting communities.<\/p><p>This is done by encouraging researchers and research teams, journalists, and enthusiasts to tackle issues and research questions related to the history of road transport and by rewarding meritorious work.<\/p><p><strong>The award and organisers<\/strong><\/p><p>The Mobilia Award for the History of Road Transport is worth \u20ac 4,000. It is donated by the Mobilia Foundation&#8217;s supporting communities, with the founding communities together donating 45%, the professional communities 40%, and the hobby communities 15% of the prize money.<\/p><p>In addition, the award committee may award special prizes and honorary prizes in connection with the Mobilia Award for the History of Road Transport.<\/p><p>The prize is awarded every two years on the anniversary of the Mobilia Foundation on 30 January or on a weekday the week before.<\/p><p>The costs of organising the award are borne by the Mobilia Foundation, which keeps separate accounting of the award fund.<\/p><p><strong>Participation<\/strong><\/p><p>The Mobilia Award for the History of Road Transport may be given to a researcher, group of researchers, student, journalist, or another person who has published a history book, study, thesis, documentary programme, or other work published in paper or electronic form in the field of road transport since the previous award was given out.<\/p><p>The winners are entitled to use the Mobilia Award for the History of Road Transport logo in connection with the winning work and in related marketing.<\/p><p><strong>Award committee<\/strong><\/p><p>The winner of the Mobilia Award for the History of Road Transport is selected by a committee of 3 full members and 2 alternates appointed by the Mobilia Foundation&#8217;s Body of Representatives and one distinguished historian and one representative of the media appointed by the Mobilia Foundation&#8217;s Board of Directors. The members appointed by the Body of Representatives should preferably represent the founding communities (1 member), the automotive and transport organisations supporting the foundation (1 member), and hobby communities (1 member), respectively.<\/p><p>The committee is chaired by an external member of the Foundation with expertise in the field of history. The chair shall be paid an expense allowance to be agreed upon separately.<\/p><p>The award committee is appointed by the Mobilia Foundation\u2019s Body of Representatives for a period of two awards.<\/p><p>The committee will set the evaluation criteria before examining the nominations. The committee must publish the reasons for its decision. If the committee is not unanimous, the winner is put to a vote. The committee may also decide not to give out the award at all. If the award is not given out, applications will next be accepted in the following award period as stipulated by these rules. If the award has not been given out, works that have applied for the award in that year will no longer be eligible for the award.<\/p><p>The award cannot be given to a work whose author is a member of the committee or has participated in a working group or editorial board of a work submitted for nomination.<\/p><p>The secretary of the committee is the CEO of the Mobilia Foundation. Neither the secretary nor any other person employed by the Mobilia Foundation may be a member of the award committee or otherwise participate in its decision-making. Their participation in the creation of a work nominated for the award is not an obstacle to the nomination.<\/p><p><strong>Publication<\/strong><\/p><p>The Mobilia Award for the History of Road Transport will be given out on the anniversary of the Mobilia Foundation, 30 January, or the week before if the anniversary falls on a weekend.<\/p><p><strong>Registration of the candidates<\/strong><\/p><p>Applications for the Mobilia Award for the History of Road Transport must be submitted by the closing date for entries, which is the end of September of the publication year of the award announcement, preceding the year of the award. The award announcement will be published in a national newspaper if possible, in the magazines published by the Mobilia Foundation&#8217;s supporting communities, and on the Mobilia website. The award will also be communicated to publishers, universities, and educational institutions.<\/p><p>To apply for the selection process, the candidates must submit a free-form application stating:<\/p><p>the date of publication or completion of the work and the publisher<br \/>the personal and contact details of the authors<br \/>a brief summary of the content and specific merits of the work<br \/>any previous awards and honours for the work<br \/>the awards for which the work has been nominated<br \/>any other factors that may affect the application<\/p><p>Six nominated works must be submitted to the committee and the Mobilia Foundation at the time of registration. An electronic work can be submitted electronically. Participating works and their authors will be published on the Mobilia website and may also be featured in other Mobilia communications.<\/p><p>Submitted materials will not be returned.<\/p><p>Entrants accept the rules of the Mobilia Award and declare that they own the rights to the works they submit.<\/p><p>CONTACT INFORMATION<br \/>Registrations with possible attachments and works shall be sent to:<br \/>Mobilia, Kustaa Kolmannen tie 75, 36270 Kangasala, Finland.<\/p><h3><span style=\"color: #009cdf;\">MORE INFORMATION<\/span><\/h3><p>Heidi Rytky, tel. +358 40 900 6641<br \/>heidi.rytky@mobilia.fi<\/p>\t\t\t\t\t\t\t\t<\/div>\n\t\t\t\t<\/div>\n\t\t\t\t\t<\/div>\n\t\t<\/div>\n\t\t\t\t\t<\/div>\n\t\t<\/section>\n\t\t\t\t<\/div>\n\t\t","protected":false},"excerpt":{"rendered":"<p>The Mobilia Award for the History of Road Transport Winners of the Mobilia Award for the History of Road Transport 2026Saastamoinen, Jukka: Sata lasissa \u2013 Autotuojat ja -teollisuus ry 1925\u20132025. Autotuojat ja -teollisuus ry, 2025. 2024Laine, Jan-Erik:\u00a0Olympiavuoden Klassikot \u2013 Tarinoita 1952 automalleista. Viipalemediat, 2021. 2022J\u00e4ppinen, Jussi: Viimeisen kes\u00e4n maisemia. Aikamatkailua Suomessa 1939\u20132019. Atena, 2019. 2020Kastari, [&hellip;]<\/p>\n","protected":false},"author":10,"featured_media":75,"parent":7369,"menu_order":3,"comment_status":"closed","ping_status":"closed","template":"","meta":{"_acf_changed":false,"inline_featured_image":false,"footnotes":""},"class_list":["post-7396","page","type-page","status-publish","has-post-thumbnail","hentry"],"acf":[],"_links":{"self":[{"href":"https:\/\/mobilia.fi\/en\/wp-json\/wp\/v2\/pages\/7396","targetHints":{"allow":["GET"]}}],"collection":[{"href":"https:\/\/mobilia.fi\/en\/wp-json\/wp\/v2\/pages"}],"about":[{"href":"https:\/\/mobilia.fi\/en\/wp-json\/wp\/v2\/types\/page"}],"author":[{"embeddable":true,"href":"https:\/\/mobilia.fi\/en\/wp-json\/wp\/v2\/users\/10"}],"replies":[{"embeddable":true,"href":"https:\/\/mobilia.fi\/en\/wp-json\/wp\/v2\/comments?post=7396"}],"version-history":[{"count":7,"href":"https:\/\/mobilia.fi\/en\/wp-json\/wp\/v2\/pages\/7396\/revisions"}],"predecessor-version":[{"id":16396,"href":"https:\/\/mobilia.fi\/en\/wp-json\/wp\/v2\/pages\/7396\/revisions\/16396"}],"up":[{"embeddable":true,"href":"https:\/\/mobilia.fi\/en\/wp-json\/wp\/v2\/pages\/7369"}],"wp:featuredmedia":[{"embeddable":true,"href":"https:\/\/mobilia.fi\/en\/wp-json\/wp\/v2\/media\/75"}],"wp:attachment":[{"href":"https:\/\/mobilia.fi\/en\/wp-json\/wp\/v2\/media?parent=7396"}],"curies":[{"name":"wp","href":"https:\/\/api.w.org\/{rel}","templated":true}]}}