{"id":7402,"date":"2022-07-02T17:25:04","date_gmt":"2022-07-02T14:25:04","guid":{"rendered":"https:\/\/mobilia.fi\/?page_id=7402"},"modified":"2022-07-02T17:28:11","modified_gmt":"2022-07-02T14:28:11","slug":"awards","status":"publish","type":"page","link":"https:\/\/mobilia.fi\/en\/museum\/about-mobilia\/awards\/","title":{"rendered":"Awards"},"content":{"rendered":"\t\t<div data-elementor-type=\"wp-page\" data-elementor-id=\"7402\" class=\"elementor elementor-7402 elementor-1859\" data-elementor-post-type=\"page\">\n\t\t\t\t\t\t<section class=\"elementor-section elementor-top-section elementor-element elementor-element-5f288a40 elementor-section-height-min-height elementor-section-boxed elementor-section-height-default elementor-section-items-middle\" data-id=\"5f288a40\" data-element_type=\"section\" data-e-type=\"section\" data-settings=\"{&quot;background_background&quot;:&quot;classic&quot;}\">\n\t\t\t\t\t\t\t<div class=\"elementor-background-overlay\"><\/div>\n\t\t\t\t\t\t\t<div class=\"elementor-container elementor-column-gap-default\">\n\t\t\t\t\t<div class=\"elementor-column elementor-col-100 elementor-top-column elementor-element elementor-element-6bf0cde2\" data-id=\"6bf0cde2\" data-element_type=\"column\" data-e-type=\"column\">\n\t\t\t<div class=\"elementor-widget-wrap elementor-element-populated\">\n\t\t\t\t\t\t<div class=\"elementor-element elementor-element-52c68007 elementor-widget elementor-widget-text-editor\" data-id=\"52c68007\" data-element_type=\"widget\" data-e-type=\"widget\" data-widget_type=\"text-editor.default\">\n\t\t\t\t<div class=\"elementor-widget-container\">\n\t\t\t\t\t\t\t\t\t<h1>Awards<\/h1>\t\t\t\t\t\t\t\t<\/div>\n\t\t\t\t<\/div>\n\t\t\t\t\t<\/div>\n\t\t<\/div>\n\t\t\t\t\t<\/div>\n\t\t<\/section>\n\t\t\t\t<section class=\"elementor-section elementor-top-section elementor-element elementor-element-370efd7 elementor-section-boxed elementor-section-height-default elementor-section-height-default\" data-id=\"370efd7\" data-element_type=\"section\" data-e-type=\"section\">\n\t\t\t\t\t\t<div class=\"elementor-container elementor-column-gap-default\">\n\t\t\t\t\t<div class=\"elementor-column elementor-col-100 elementor-top-column elementor-element elementor-element-9d13462\" data-id=\"9d13462\" data-element_type=\"column\" data-e-type=\"column\">\n\t\t\t<div class=\"elementor-widget-wrap elementor-element-populated\">\n\t\t\t\t\t\t\t<\/div>\n\t\t<\/div>\n\t\t\t\t\t<\/div>\n\t\t<\/section>\n\t\t\t\t<section class=\"elementor-section elementor-top-section elementor-element elementor-element-edad595 elementor-section-boxed elementor-section-height-default elementor-section-height-default\" data-id=\"edad595\" data-element_type=\"section\" data-e-type=\"section\">\n\t\t\t\t\t\t<div class=\"elementor-container elementor-column-gap-default\">\n\t\t\t\t\t<div class=\"elementor-column elementor-col-100 elementor-top-column elementor-element elementor-element-4c608ef\" data-id=\"4c608ef\" data-element_type=\"column\" data-e-type=\"column\">\n\t\t\t<div class=\"elementor-widget-wrap elementor-element-populated\">\n\t\t\t\t\t\t<div class=\"elementor-element elementor-element-474f33c elementor-widget elementor-widget-text-editor\" data-id=\"474f33c\" data-element_type=\"widget\" data-e-type=\"widget\" data-widget_type=\"text-editor.default\">\n\t\t\t\t<div class=\"elementor-widget-container\">\n\t\t\t\t\t\t\t\t\t<p>The <span style=\"color: #009cdf;\">Milestone Award<\/span> is the foundation&#8217;s highest recognition of fruitful long-term work for the foundation in pursuit of the purpose stated in the foundation&#8217;s statutes.<\/p><p>The award is presented to the recipient at a Mobilia exhibition opening ceremony or at other ceremonial occasions deemed appropriate by the foundation&#8217;s Board of Directors. Nominations for the Milestone Award can be made by representatives of the foundation&#8217;s supporting communities. The award can be granted to individuals or communities. The Board of Directors of the Mobilia Foundation approved these rules at its meeting on 15 March 2001.<\/p><h3><span style=\"color: #009cdf;\">Rules for granting the Mobilia Foundation award<\/span><\/h3><p>The Mobilia Foundation&#8217;s numbered Milestone Award is granted by decision of the Foundation&#8217;s Board of Directors in accordance with the following rules:<\/p><p><strong>To individuals<\/strong><br \/>For work done for the foundation and its purpose, and for other outstanding achievements in the field of road transport history.<\/p><p><strong>To communities<\/strong><br \/>To organisations that have contributed to the road transport history sector with merit and perseverance.<\/p><p><strong>Applying for the award<\/strong><br \/>Applications for the award must be made in writing to the Mobilia Foundation&#8217;s Board of Directors. The proposal to grant an award must be made at least two months before the date of issuing the award.<\/p><h3><span style=\"color: #009cdf;\">Award winners<\/span><\/h3><p>At the 15th anniversary of the Mobilia Foundation in 2001, the establishment and launch of the Foundation were commemorated in a special series of awards:<\/p><p>Lilja and Olavi Sallinen<br \/>Jussi Juurikkala<br \/>Jouko Loikkanen<br \/>Matti Niemi<br \/>Seppo Westerlund<br \/>Jaakko Heinonen<br \/>Teppo S. Kaivola<br \/>Anja Silvenius<br \/>Pertti Moll<br \/>Harri Nyk\u00e4nen<\/p><p>The Mobilia Foundation&#8217;s awards for the promotion of its activities:<\/p><p>Jukka M\u00e4kel\u00e4, 2002<br \/>Markku Melkko, 2003<br \/>Juha Norppa-Rahkola, 2007<br \/>Leena S\u00e4lejoki-Hiekkanen, 25 March 2011<br \/>Jukka Hirvel\u00e4, 25 March 2011<br \/>Veikko Karjalainen, 25 March 2011<br \/>Reijo Kurkinen, 25 March 2011<br \/>Anna-Kaisa Lehtinen, 25 March 2011<br \/>Eero Nieminen, 25 March 2011<br \/>Tarja T\u00f6rm\u00e4nen, 25 March 2011<br \/>Kimmo Lev\u00e4, 30 September 2011<\/p><p>At the 30th anniversary of the Mobilia Foundation in 2016, the following people were awarded for their contribution to the Foundation&#8217;s activities, long-term cooperation, or long career with Mobilia:<\/p><p>Juhani Intosalmi<br \/>Pekka Holopainen<br \/>Kai Heng<br \/>Matti H\u00f6yss\u00e4<br \/>Kalevi Lintula<br \/>Jari Pietil\u00e4<br \/>Marketta Hyv\u00e4rinen<br \/>P\u00e4ivi Vattulainen<br \/>Antti Prusi<br \/>Martti Piltz<br \/>Taisto Pantakoski<br \/>Tolppa Restaurants Oy<br \/>Taru J\u00e4rvenp\u00e4\u00e4<br \/>Tapani Mauranen<\/p>\t\t\t\t\t\t\t\t<\/div>\n\t\t\t\t<\/div>\n\t\t\t\t\t<\/div>\n\t\t<\/div>\n\t\t\t\t\t<\/div>\n\t\t<\/section>\n\t\t\t\t<\/div>\n\t\t","protected":false},"excerpt":{"rendered":"<p>Awards The Milestone Award is the foundation&#8217;s highest recognition of fruitful long-term work for the foundation in pursuit of the purpose stated in the foundation&#8217;s statutes. The award is presented to the recipient at a Mobilia exhibition opening ceremony or at other ceremonial occasions deemed appropriate by the foundation&#8217;s Board of Directors. Nominations for the [&hellip;]<\/p>\n","protected":false},"author":10,"featured_media":75,"parent":7369,"menu_order":4,"comment_status":"closed","ping_status":"closed","template":"","meta":{"_acf_changed":false,"inline_featured_image":false,"footnotes":""},"class_list":["post-7402","page","type-page","status-publish","has-post-thumbnail","hentry"],"acf":[],"_links":{"self":[{"href":"https:\/\/mobilia.fi\/en\/wp-json\/wp\/v2\/pages\/7402","targetHints":{"allow":["GET"]}}],"collection":[{"href":"https:\/\/mobilia.fi\/en\/wp-json\/wp\/v2\/pages"}],"about":[{"href":"https:\/\/mobilia.fi\/en\/wp-json\/wp\/v2\/types\/page"}],"author":[{"embeddable":true,"href":"https:\/\/mobilia.fi\/en\/wp-json\/wp\/v2\/users\/10"}],"replies":[{"embeddable":true,"href":"https:\/\/mobilia.fi\/en\/wp-json\/wp\/v2\/comments?post=7402"}],"version-history":[{"count":4,"href":"https:\/\/mobilia.fi\/en\/wp-json\/wp\/v2\/pages\/7402\/revisions"}],"predecessor-version":[{"id":7406,"href":"https:\/\/mobilia.fi\/en\/wp-json\/wp\/v2\/pages\/7402\/revisions\/7406"}],"up":[{"embeddable":true,"href":"https:\/\/mobilia.fi\/en\/wp-json\/wp\/v2\/pages\/7369"}],"wp:featuredmedia":[{"embeddable":true,"href":"https:\/\/mobilia.fi\/en\/wp-json\/wp\/v2\/media\/75"}],"wp:attachment":[{"href":"https:\/\/mobilia.fi\/en\/wp-json\/wp\/v2\/media?parent=7402"}],"curies":[{"name":"wp","href":"https:\/\/api.w.org\/{rel}","templated":true}]}}