{"id":7434,"date":"2022-07-02T20:07:55","date_gmt":"2022-07-02T17:07:55","guid":{"rendered":"https:\/\/mobilia.fi\/?page_id=7434"},"modified":"2022-07-02T20:12:53","modified_gmt":"2022-07-02T17:12:53","slug":"studies-and-historical-publications","status":"publish","type":"page","link":"https:\/\/mobilia.fi\/en\/museum\/publications\/studies-and-historical-publications\/","title":{"rendered":"Studies and historical publications"},"content":{"rendered":"\t\t<div data-elementor-type=\"wp-page\" data-elementor-id=\"7434\" class=\"elementor elementor-7434 elementor-1087\" data-elementor-post-type=\"page\">\n\t\t\t\t\t\t<section class=\"elementor-section elementor-top-section elementor-element elementor-element-754daaaa elementor-section-height-min-height elementor-section-boxed elementor-section-height-default elementor-section-items-middle\" data-id=\"754daaaa\" data-element_type=\"section\" data-e-type=\"section\" data-settings=\"{&quot;background_background&quot;:&quot;classic&quot;}\">\n\t\t\t\t\t\t\t<div class=\"elementor-background-overlay\"><\/div>\n\t\t\t\t\t\t\t<div class=\"elementor-container elementor-column-gap-default\">\n\t\t\t\t\t<div class=\"elementor-column elementor-col-100 elementor-top-column elementor-element elementor-element-4042890d\" data-id=\"4042890d\" data-element_type=\"column\" data-e-type=\"column\">\n\t\t\t<div class=\"elementor-widget-wrap elementor-element-populated\">\n\t\t\t\t\t\t<div class=\"elementor-element elementor-element-5677c615 elementor-widget elementor-widget-text-editor\" data-id=\"5677c615\" data-element_type=\"widget\" data-e-type=\"widget\" data-widget_type=\"text-editor.default\">\n\t\t\t\t<div class=\"elementor-widget-container\">\n\t\t\t\t\t\t\t\t\t<h1>Studies and historical publications<\/h1>\t\t\t\t\t\t\t\t<\/div>\n\t\t\t\t<\/div>\n\t\t\t\t\t<\/div>\n\t\t<\/div>\n\t\t\t\t\t<\/div>\n\t\t<\/section>\n\t\t\t\t<section class=\"elementor-section elementor-top-section elementor-element elementor-element-9ea04ad elementor-section-boxed elementor-section-height-default elementor-section-height-default\" data-id=\"9ea04ad\" data-element_type=\"section\" data-e-type=\"section\">\n\t\t\t\t\t\t<div class=\"elementor-container elementor-column-gap-default\">\n\t\t\t\t\t<div class=\"elementor-column elementor-col-100 elementor-top-column elementor-element elementor-element-24bf31e\" data-id=\"24bf31e\" data-element_type=\"column\" data-e-type=\"column\">\n\t\t\t<div class=\"elementor-widget-wrap elementor-element-populated\">\n\t\t\t\t\t\t<div class=\"elementor-element elementor-element-dbffd99 elementor-widget elementor-widget-text-editor\" data-id=\"dbffd99\" data-element_type=\"widget\" data-e-type=\"widget\" data-widget_type=\"text-editor.default\">\n\t\t\t\t<div class=\"elementor-widget-container\">\n\t\t\t\t\t\t\t\t\t<p>Automotive and road history research, commemorative books, and background studies are Mobilia&#8217;s core competences. Mobilia produces studies on phenomena or specific subjects in the automotive and road sector.<\/p>\t\t\t\t\t\t\t\t<\/div>\n\t\t\t\t<\/div>\n\t\t\t\t\t<\/div>\n\t\t<\/div>\n\t\t\t\t\t<\/div>\n\t\t<\/section>\n\t\t\t\t<section class=\"elementor-section elementor-top-section elementor-element elementor-element-117319b elementor-section-boxed elementor-section-height-default elementor-section-height-default\" data-id=\"117319b\" data-element_type=\"section\" data-e-type=\"section\">\n\t\t\t\t\t\t<div class=\"elementor-container elementor-column-gap-default\">\n\t\t\t\t\t<div class=\"elementor-column elementor-col-100 elementor-top-column elementor-element elementor-element-16daaf3\" data-id=\"16daaf3\" data-element_type=\"column\" data-e-type=\"column\">\n\t\t\t<div class=\"elementor-widget-wrap elementor-element-populated\">\n\t\t\t\t\t\t<div class=\"elementor-element elementor-element-d5d1da3 elementor-widget elementor-widget-text-editor\" data-id=\"d5d1da3\" data-element_type=\"widget\" data-e-type=\"widget\" data-widget_type=\"text-editor.default\">\n\t\t\t\t<div class=\"elementor-widget-container\">\n\t\t\t\t\t\t\t\t\t<div data-id=\"0c49e70\" data-element_type=\"column\"><div data-id=\"72afb93\" data-element_type=\"widget\" data-widget_type=\"text-editor.default\"><h3><span style=\"color: #009cdf;\">Research projects carried out by Mobilia<\/span><\/h3><p><strong>Aviation Museum Survey<\/strong> (2020)<br \/>In 2020, the Finnish Aviation Museum and the Finnish Air Force Museum commissioned a study on the current state and future of national aviation museums, which was financially supported by the Ministry of Education and Culture. The study examined the collections, facilities, activities, and future prospects of Finnish aviation museums, both professionally managed and run by enthusiasts. The results of the study were published in early 2021 as a report that also includes a description of Finnish aviation collections in its annexes. The study was carried out by Mobilia&#8217;s project manager Anni Antila.<\/p><p><strong>100th anniversary of the Automobile and Touring Club of Finland ATCF<\/strong> (2019)<br \/>ATCF, the Finnish motorists&#8217; service, interest, and hobby organisation, turned 100 in 2019. The history of the organisation is considered to have begun when the Finnish Automobile Club was founded at Hotel K\u00e4mp on 19 November 1919. To mark the milestone year, a book produced by Mobilia on the 100-year history of the ATCF was published, covering the activities and role of the club as an advocate for motorists. The book is written by M.A. Tuomas Rantala, a researcher at Mobilia.<\/p><p><strong>90th anniversary of the Association of Finnish Car Inspectors<\/strong> (2017)<br \/>The book covers the activities of the Association of Finnish Car Inspectors during the years 1927 to 2017, the changes in vehicle inspection, and the role of the inspector in promoting road safety. The book is written by Esko Juhola.<\/p><p><strong>History of the Vantaa Taxi Drivers\u2019 Association<\/strong> (2015)<br \/>Vantaa Taxi Drivers\u2019 Association&#8217;s commemorative book &#8220;Maailman parasta taksipalvelua?&#8221; was published in February 2015. The book is written by Mobilia researchers Tuulia Hakala and Tapani Mauranen.<\/p><p><strong>History project for L\u00e4hitaksi Oy<\/strong> (2015)<br \/>A commemorative publication on the 50-year history of L\u00e4hitaksi Oy. The publication is written by Tuulia Hakala, a project researcher at Mobilia.<\/p><p><strong>Finnish Taxi Owners\u2019 Federation\u2019s commemorative book project<\/strong> (2015)<br \/>Taksi on valopilkku! The 70-year history of the Finnish Taxi Owners\u2019 Federation. The book is written by Matti Turunen.<\/p><p><strong>History project for the Finnish Federation of Camping, Caravanning and Motorcaravanning<\/strong> (2013)<br \/>The federation\u2019s 50th anniversary book Loma edess\u00e4, m\u00f6kki takana \u2013 suomalaisen leirint\u00e4matkailun viisi vuosikymment\u00e4 was published in November 2013. The book is written by Mobilia researchers Tapani Mauranen and Silja Partanen.<\/p><p><strong>Parempia v\u00e4yli\u00e4 ja nopeampia yhteyksi\u00e4<\/strong> (2012)<br \/>The 120th-anniversary book of the Ministry of Transport and Communications, Parempia v\u00e4yli\u00e4 ja nopeampia yhteyksi\u00e4, tells the story of the changes the Ministry and its staff have gone through from the early 1990s to the present day. Created around six overarching themes, the book has been written in an unusual way: the story is told by the ministry&#8217;s own staff. The book is written by Matti Turunen (M.A.), a researcher at Mobilia. [Read the full commemorative book <a href=\"https:\/\/julkaisut.valtioneuvosto.fi\/handle\/10024\/78025\" target=\"_blank\" rel=\"noopener\">here<\/a> (in Finnish)]<\/p><p><strong>History of the Tampere Western Ring Road<\/strong> (2009)<br \/>Mobilia started a study of the history of the Tampere Western Ring Road, commissioned by the Road Administration\u2019s H\u00e4me district. The project resulted in a book of around 100 pages, published in January 2009. The history of the Tampere Western Ring Road was written by Tapani Mauranen, M.Soc.Sc.<\/p><p><strong>Fire Museum Survey<\/strong> (2008)<br \/>In 2006, the fire and rescue sector launched a project to develop fire museums and set up a steering group to take it forward. The group consulted Mobilia on the concepts and organisational options for museum and heritage work and asked Mobilia to draw up a decision-making model.<br \/>The survey on the establishment of a national fire museum was completed in autumn 2008. The survey examined the potential of heritage work in the light of a wide range of good examples and came up with a recommendation for a national museum that meets the requirements of museum legislation.<\/p><\/div><\/div>\t\t\t\t\t\t\t\t<\/div>\n\t\t\t\t<\/div>\n\t\t\t\t\t<\/div>\n\t\t<\/div>\n\t\t\t\t\t<\/div>\n\t\t<\/section>\n\t\t\t\t<section class=\"elementor-section elementor-top-section elementor-element elementor-element-1fa0348 elementor-section-boxed elementor-section-height-default elementor-section-height-default\" data-id=\"1fa0348\" data-element_type=\"section\" data-e-type=\"section\">\n\t\t\t\t\t\t<div class=\"elementor-container elementor-column-gap-default\">\n\t\t\t\t\t<div class=\"elementor-column elementor-col-100 elementor-top-column elementor-element elementor-element-4876d1b\" data-id=\"4876d1b\" data-element_type=\"column\" data-e-type=\"column\">\n\t\t\t<div class=\"elementor-widget-wrap elementor-element-populated\">\n\t\t\t\t\t\t<div class=\"elementor-element elementor-element-969e3e3 elementor-grid-4 elementor-grid-tablet-2 elementor-grid-mobile-1 elementor-posts--thumbnail-top elementor-widget elementor-widget-posts\" data-id=\"969e3e3\" data-element_type=\"widget\" data-e-type=\"widget\" data-settings=\"{&quot;classic_columns&quot;:&quot;4&quot;,&quot;classic_columns_tablet&quot;:&quot;2&quot;,&quot;classic_columns_mobile&quot;:&quot;1&quot;,&quot;classic_row_gap&quot;:{&quot;unit&quot;:&quot;px&quot;,&quot;size&quot;:35,&quot;sizes&quot;:[]},&quot;classic_row_gap_tablet&quot;:{&quot;unit&quot;:&quot;px&quot;,&quot;size&quot;:&quot;&quot;,&quot;sizes&quot;:[]},&quot;classic_row_gap_mobile&quot;:{&quot;unit&quot;:&quot;px&quot;,&quot;size&quot;:&quot;&quot;,&quot;sizes&quot;:[]}}\" data-widget_type=\"posts.classic\">\n\t\t\t\t<div class=\"elementor-widget-container\">\n\t\t\t\t\t\t\t<div class=\"elementor-posts-container elementor-posts elementor-posts--skin-classic elementor-grid\" role=\"list\">\n\t\t\t\t<article class=\"elementor-post elementor-grid-item post-16327 page type-page status-publish has-post-thumbnail hentry\" role=\"listitem\">\n\t\t\t\t<a class=\"elementor-post__thumbnail__link\" href=\"https:\/\/mobilia.fi\/en\/what-is-a-museum-special-stage\/\" tabindex=\"-1\">\n\t\t\t<div class=\"elementor-post__thumbnail\"><img fetchpriority=\"high\" decoding=\"async\" width=\"300\" height=\"225\" src=\"https:\/\/mobilia.fi\/wp-content\/uploads\/2026\/01\/Escort2-300x225.jpg\" class=\"attachment-medium size-medium wp-image-16257\" alt=\"Puna-valkoinen Ford Escort Twin Cam -ralliauto vm. 1968 sivulta kuvattuna lumisessa maisemassa puna-valkoisen puurakkennuksen edess\u00e4.\" srcset=\"https:\/\/mobilia.fi\/wp-content\/uploads\/2026\/01\/Escort2-300x225.jpg 300w, https:\/\/mobilia.fi\/wp-content\/uploads\/2026\/01\/Escort2-1024x768.jpg 1024w, https:\/\/mobilia.fi\/wp-content\/uploads\/2026\/01\/Escort2-768x576.jpg 768w, https:\/\/mobilia.fi\/wp-content\/uploads\/2026\/01\/Escort2-1536x1152.jpg 1536w, https:\/\/mobilia.fi\/wp-content\/uploads\/2026\/01\/Escort2-2048x1536.jpg 2048w\" sizes=\"(max-width: 300px) 100vw, 300px\" \/><\/div>\n\t\t<\/a>\n\t\t\t\t<div class=\"elementor-post__text\">\n\t\t\t\t<h3 class=\"elementor-post__title\">\n\t\t\t<a href=\"https:\/\/mobilia.fi\/en\/what-is-a-museum-special-stage\/\">\n\t\t\t\tWhat Is a Museum Special Stage?\t\t\t<\/a>\n\t\t<\/h3>\n\t\t\t\t<div class=\"elementor-post__excerpt\">\n\t\t\t<p>What Is a Museum Special Stage? A part of Finland\u2019s national rally cultural heritage A Museum Special Stage is a concept developed by the Mobilia<\/p>\n\t\t<\/div>\n\t\t\n\t\t<a class=\"elementor-post__read-more\" href=\"https:\/\/mobilia.fi\/en\/what-is-a-museum-special-stage\/\" aria-label=\"Read more about What Is a Museum Special Stage?\" tabindex=\"-1\">\n\t\t\tTutustu tarkemmin \u00bb\t\t<\/a>\n\n\t\t\t\t<\/div>\n\t\t\t\t<\/article>\n\t\t\t\t<article class=\"elementor-post elementor-grid-item post-7515 page type-page status-publish hentry\" role=\"listitem\">\n\t\t\t\t<div class=\"elementor-post__text\">\n\t\t\t\t<h3 class=\"elementor-post__title\">\n\t\t\t<a href=\"https:\/\/mobilia.fi\/en\/membership-form\/\">\n\t\t\t\tMembership form\t\t\t<\/a>\n\t\t<\/h3>\n\t\t\t\t<div class=\"elementor-post__excerpt\">\n\t\t\t<p>Join in Join the Friends of the Rally Museum Association by filling out this form<\/p>\n\t\t<\/div>\n\t\t\n\t\t<a class=\"elementor-post__read-more\" href=\"https:\/\/mobilia.fi\/en\/membership-form\/\" aria-label=\"Read more about Membership form\" tabindex=\"-1\">\n\t\t\tTutustu tarkemmin \u00bb\t\t<\/a>\n\n\t\t\t\t<\/div>\n\t\t\t\t<\/article>\n\t\t\t\t<article class=\"elementor-post elementor-grid-item post-6721 page type-page status-publish hentry\" role=\"listitem\">\n\t\t\t\t<div class=\"elementor-post__text\">\n\t\t\t\t<h3 class=\"elementor-post__title\">\n\t\t\t<a href=\"https:\/\/mobilia.fi\/en\/services\/\">\n\t\t\t\tServices\t\t\t<\/a>\n\t\t<\/h3>\n\t\t\t\t<div class=\"elementor-post__excerpt\">\n\t\t\t<p>Services For individuals &amp; businesses Mobilia&#8217;s services CHECK OUT OUR WIDE RANGE OF SERVICES!WE ARE HAPPY TO BE AT YOUR DISPOSAL. Our conference and event<\/p>\n\t\t<\/div>\n\t\t\n\t\t<a class=\"elementor-post__read-more\" href=\"https:\/\/mobilia.fi\/en\/services\/\" aria-label=\"Read more about Services\" tabindex=\"-1\">\n\t\t\tTutustu tarkemmin \u00bb\t\t<\/a>\n\n\t\t\t\t<\/div>\n\t\t\t\t<\/article>\n\t\t\t\t<article class=\"elementor-post elementor-grid-item post-7353 page type-page status-publish hentry\" role=\"listitem\">\n\t\t\t\t<div class=\"elementor-post__text\">\n\t\t\t\t<h3 class=\"elementor-post__title\">\n\t\t\t<a href=\"https:\/\/mobilia.fi\/en\/upcoming-exhibitions\/\">\n\t\t\t\tUpcoming exhibitions\t\t\t<\/a>\n\t\t<\/h3>\n\t\t\t\t<div class=\"elementor-post__excerpt\">\n\t\t\t<p>Upcoming exhibitions Mark these in your calendar!<\/p>\n\t\t<\/div>\n\t\t\n\t\t<a class=\"elementor-post__read-more\" href=\"https:\/\/mobilia.fi\/en\/upcoming-exhibitions\/\" aria-label=\"Read more about Upcoming exhibitions\" tabindex=\"-1\">\n\t\t\tTutustu tarkemmin \u00bb\t\t<\/a>\n\n\t\t\t\t<\/div>\n\t\t\t\t<\/article>\n\t\t\t\t<article class=\"elementor-post elementor-grid-item post-6792 page type-page status-publish hentry\" role=\"listitem\">\n\t\t\t\t<div class=\"elementor-post__text\">\n\t\t\t\t<h3 class=\"elementor-post__title\">\n\t\t\t<a href=\"https:\/\/mobilia.fi\/en\/visit\/\">\n\t\t\t\tVisit\t\t\t<\/a>\n\t\t<\/h3>\n\t\t\t\t<div class=\"elementor-post__excerpt\">\n\t\t\t<p>A piece of road transport history Welcome to Mobilia! Welcome to our diverse automobile museum! Mobilia&#8217;s exhibitions present the history of motoring and road travel<\/p>\n\t\t<\/div>\n\t\t\n\t\t<a class=\"elementor-post__read-more\" href=\"https:\/\/mobilia.fi\/en\/visit\/\" aria-label=\"Read more about Visit\" tabindex=\"-1\">\n\t\t\tTutustu tarkemmin \u00bb\t\t<\/a>\n\n\t\t\t\t<\/div>\n\t\t\t\t<\/article>\n\t\t\t\t<article class=\"elementor-post elementor-grid-item post-7364 page type-page status-publish hentry\" role=\"listitem\">\n\t\t\t\t<div class=\"elementor-post__text\">\n\t\t\t\t<h3 class=\"elementor-post__title\">\n\t\t\t<a href=\"https:\/\/mobilia.fi\/en\/museum\/\">\n\t\t\t\tMuseum\t\t\t<\/a>\n\t\t<\/h3>\n\t\t\t\t<div class=\"elementor-post__excerpt\">\n\t\t\t<p>Mobilia National responsibility museum of road transport Mobilia Mobilia, run by the Mobilia Foundation, is the national responsibility museum for road transport in Finland. Mobilia<\/p>\n\t\t<\/div>\n\t\t\n\t\t<a class=\"elementor-post__read-more\" href=\"https:\/\/mobilia.fi\/en\/museum\/\" aria-label=\"Read more about Museum\" tabindex=\"-1\">\n\t\t\tTutustu tarkemmin \u00bb\t\t<\/a>\n\n\t\t\t\t<\/div>\n\t\t\t\t<\/article>\n\t\t\t\t<article class=\"elementor-post elementor-grid-item post-7335 page type-page status-publish hentry\" role=\"listitem\">\n\t\t\t\t<div class=\"elementor-post__text\">\n\t\t\t\t<h3 class=\"elementor-post__title\">\n\t\t\t<a href=\"https:\/\/mobilia.fi\/en\/exhibitions\/\">\n\t\t\t\tExhibitions\t\t\t<\/a>\n\t\t<\/h3>\n\t\t\t\t<div class=\"elementor-post__excerpt\">\n\t\t\t<p>Exhibitions Always something interesting to see! exhibitions Mobilia&#8217;s exhibitions include both permanent and annually changing exhibitions Mobilia&#8217;s permanent exhibitions include the Rally Museum, Road Stories,<\/p>\n\t\t<\/div>\n\t\t\n\t\t<a class=\"elementor-post__read-more\" href=\"https:\/\/mobilia.fi\/en\/exhibitions\/\" aria-label=\"Read more about Exhibitions\" tabindex=\"-1\">\n\t\t\tTutustu tarkemmin \u00bb\t\t<\/a>\n\n\t\t\t\t<\/div>\n\t\t\t\t<\/article>\n\t\t\t\t<article class=\"elementor-post elementor-grid-item post-8284 page type-page status-publish hentry\" role=\"listitem\">\n\t\t\t\t<div class=\"elementor-post__text\">\n\t\t\t\t<h3 class=\"elementor-post__title\">\n\t\t\t<a href=\"https:\/\/mobilia.fi\/en\/\">\n\t\t\t\tHome\t\t\t<\/a>\n\t\t<\/h3>\n\t\t\t\t<div class=\"elementor-post__excerpt\">\n\t\t\t<p>Back to the 90sA Decade of Change \u2013 An Exhibition Full of MemoriesClick HereApe FarmHonda Monkeys on display. Please do not feed!Click Here WELCOME TO<\/p>\n\t\t<\/div>\n\t\t\n\t\t<a class=\"elementor-post__read-more\" href=\"https:\/\/mobilia.fi\/en\/\" aria-label=\"Read more about Home\" tabindex=\"-1\">\n\t\t\tTutustu tarkemmin \u00bb\t\t<\/a>\n\n\t\t\t\t<\/div>\n\t\t\t\t<\/article>\n\t\t\t\t<\/div>\n\t\t\n\t\t\t\t\t\t<\/div>\n\t\t\t\t<\/div>\n\t\t\t\t\t<\/div>\n\t\t<\/div>\n\t\t\t\t\t<\/div>\n\t\t<\/section>\n\t\t\t\t<\/div>\n\t\t","protected":false},"excerpt":{"rendered":"<p>Studies and historical publications Automotive and road history research, commemorative books, and background studies are Mobilia&#8217;s core competences. Mobilia produces studies on phenomena or specific subjects in the automotive and road sector. Research projects carried out by Mobilia Aviation Museum Survey (2020)In 2020, the Finnish Aviation Museum and the Finnish Air Force Museum commissioned a [&hellip;]<\/p>\n","protected":false},"author":10,"featured_media":75,"parent":7429,"menu_order":0,"comment_status":"closed","ping_status":"closed","template":"","meta":{"_acf_changed":false,"inline_featured_image":false,"footnotes":""},"class_list":["post-7434","page","type-page","status-publish","has-post-thumbnail","hentry"],"acf":[],"_links":{"self":[{"href":"https:\/\/mobilia.fi\/en\/wp-json\/wp\/v2\/pages\/7434","targetHints":{"allow":["GET"]}}],"collection":[{"href":"https:\/\/mobilia.fi\/en\/wp-json\/wp\/v2\/pages"}],"about":[{"href":"https:\/\/mobilia.fi\/en\/wp-json\/wp\/v2\/types\/page"}],"author":[{"embeddable":true,"href":"https:\/\/mobilia.fi\/en\/wp-json\/wp\/v2\/users\/10"}],"replies":[{"embeddable":true,"href":"https:\/\/mobilia.fi\/en\/wp-json\/wp\/v2\/comments?post=7434"}],"version-history":[{"count":4,"href":"https:\/\/mobilia.fi\/en\/wp-json\/wp\/v2\/pages\/7434\/revisions"}],"predecessor-version":[{"id":7439,"href":"https:\/\/mobilia.fi\/en\/wp-json\/wp\/v2\/pages\/7434\/revisions\/7439"}],"up":[{"embeddable":true,"href":"https:\/\/mobilia.fi\/en\/wp-json\/wp\/v2\/pages\/7429"}],"wp:featuredmedia":[{"embeddable":true,"href":"https:\/\/mobilia.fi\/en\/wp-json\/wp\/v2\/media\/75"}],"wp:attachment":[{"href":"https:\/\/mobilia.fi\/en\/wp-json\/wp\/v2\/media?parent=7434"}],"curies":[{"name":"wp","href":"https:\/\/api.w.org\/{rel}","templated":true}]}}