{"id":7493,"date":"2022-07-07T12:03:51","date_gmt":"2022-07-07T09:03:51","guid":{"rendered":"https:\/\/mobilia.fi\/?page_id=7493"},"modified":"2024-10-28T15:40:46","modified_gmt":"2024-10-28T13:40:46","slug":"supporters-of-the-rally-museum","status":"publish","type":"page","link":"https:\/\/mobilia.fi\/en\/museum\/supporters-of-the-rally-museum\/","title":{"rendered":"Supporters of the Rally Museum"},"content":{"rendered":"\t\t<div data-elementor-type=\"wp-page\" data-elementor-id=\"7493\" class=\"elementor elementor-7493 elementor-2173\" data-elementor-post-type=\"page\">\n\t\t\t\t\t\t<section class=\"elementor-section elementor-top-section elementor-element elementor-element-4b21f7c8 elementor-section-height-min-height elementor-section-boxed elementor-section-height-default elementor-section-items-middle\" data-id=\"4b21f7c8\" data-element_type=\"section\" data-e-type=\"section\" data-settings=\"{&quot;background_background&quot;:&quot;classic&quot;}\">\n\t\t\t\t\t\t\t<div class=\"elementor-background-overlay\"><\/div>\n\t\t\t\t\t\t\t<div class=\"elementor-container elementor-column-gap-default\">\n\t\t\t\t\t<div class=\"elementor-column elementor-col-100 elementor-top-column elementor-element elementor-element-4816a63d\" data-id=\"4816a63d\" data-element_type=\"column\" data-e-type=\"column\">\n\t\t\t<div class=\"elementor-widget-wrap elementor-element-populated\">\n\t\t\t\t\t\t<div class=\"elementor-element elementor-element-35e2619 elementor-widget elementor-widget-text-editor\" data-id=\"35e2619\" data-element_type=\"widget\" data-e-type=\"widget\" data-widget_type=\"text-editor.default\">\n\t\t\t\t<div class=\"elementor-widget-container\">\n\t\t\t\t\t\t\t\t\t<h1>Supporters of the Rally Museum<\/h1><p>Those who supported the creation of the Rally Museum<\/p>\t\t\t\t\t\t\t\t<\/div>\n\t\t\t\t<\/div>\n\t\t\t\t\t<\/div>\n\t\t<\/div>\n\t\t\t\t\t<\/div>\n\t\t<\/section>\n\t\t\t\t<section class=\"elementor-section elementor-top-section elementor-element elementor-element-5d3131f elementor-section-boxed elementor-section-height-default elementor-section-height-default\" data-id=\"5d3131f\" data-element_type=\"section\" data-e-type=\"section\">\n\t\t\t\t\t\t<div class=\"elementor-container elementor-column-gap-default\">\n\t\t\t\t\t<div class=\"elementor-column elementor-col-100 elementor-top-column elementor-element elementor-element-7f44344\" data-id=\"7f44344\" data-element_type=\"column\" data-e-type=\"column\">\n\t\t\t<div class=\"elementor-widget-wrap elementor-element-populated\">\n\t\t\t\t\t\t<div class=\"elementor-element elementor-element-24baf8e elementor-widget elementor-widget-text-editor\" data-id=\"24baf8e\" data-element_type=\"widget\" data-e-type=\"widget\" data-widget_type=\"text-editor.default\">\n\t\t\t\t<div class=\"elementor-widget-container\">\n\t\t\t\t\t\t\t\t\t<p>To make the Rally Museum a reality, Mobilia organised a crowdfunding campaign on the Finnish crowdfunding service Mesenaatti. The campaign ran from 28 January to 8 May 2016 and raised a total of 86,420 euros. The crowdfunding proceeds were used to build and maintain the Rally Museum.<\/p><p>The Rally Museum crowdfunding campaign attracted 378 supporters, including rally fans as well as motorsport-related companies and communities. The crowdfunding campaign did not collect donations; instead, each supporter received something in return for their contribution, such as tickets or a VIP pass to the Rally Museum or their name on the museum wall. The crowdfunding campaign&#8217;s website is still available at <a href=\"https:\/\/mesenaatti.me\/rallimuseo\/\" target=\"_blank\" rel=\"noopener\">www.mesenaatti.me\/rallimuseo<\/a>. You can no longer contribute to the campaign. Today, the Friends of the Rally Museum association supports the activities of the Rally Museum.<\/p><h3><span style=\"color: #009cdf;\">Building the Rally Museum<\/span><\/h3><p><span class=\"custom-sub-header\" style=\"color: #009cdf;\">Rally Managers<\/span><\/p><p>Decens Oy<br \/>US Parts Finn-Am Oy<br \/>Veho Oy Ab<\/p><p><span class=\"custom-sub-header\" style=\"color: #009cdf;\">Team Chiefs<\/span><\/p><p>AKK Sports Oy \/ Neste Ralli<br \/>Autoglym<br \/>The Automobile and Touring Club of Finland (ATCF)<br \/>Jari-Matti Latvala<br \/>Pohjanmaan Kaluste Oy, Timo Viitala<br \/>SE M\u00e4kinen Logistics Oy<\/p><p><span class=\"custom-sub-header\"><span style=\"color: #009cdf;\">In Memoriam<\/span> <\/span><\/p><p>Timo &#8220;Sutton&#8221; Suojoki (1962\u20132016)<\/p><p><span class=\"custom-sub-header\" style=\"color: #009cdf;\">Competition Drivers<\/span><\/p><p>Miikka Anttila<br \/>Mikebon Oy<br \/>Motorsport Solutions<br \/>Pentti and Kaisa Pihkala<br \/>Rahtarit Professional Drivers&#8217; Association<br \/>Rakennusapu M. Huikuri<br \/>Tampere Region Mobilists<br \/>Tolppa Ravintolat Oy<br \/>West Coast Road Masters Oy<br \/>Volvo Car Finland Oy<br \/>The Finnish Oil and Biofuel Association<\/p><p><span class=\"custom-sub-header\" style=\"color: #009cdf;\">SS Winners<\/span><\/p><p>Ari Saukko<br \/>The Hankiralli Association<br \/>Janicol Racing<br \/>Juha Liukkonen<br \/>Subaru<br \/>RappioRyhm\u00e4: Alfons Strengell, Ari Karto, Eero Soutulahti, Erkki Rautanen, Esa Ekroos, Hannu Mikkola, Hannu Nacke Valtaharju, Hannu Palin, Jorma Lusenius, Jyrki Ahava, Kari Gr\u00f6nberd, Kari Mutka, Karl-Eric Roslund, Lasse Kuismanen, Risto Anttila, Risto Ribis Virtapuro, Tapio M\u00e4kinen, Timo Alanen, Timo M\u00e4kinen, Urpo Vihervaara<\/p><p><span class=\"custom-sub-header\" style=\"color: #009cdf;\">Rally Teams<\/span><\/p><p>Dynaset Oy<br \/>City of Kangasala<br \/>Naantali Racing Association \/ Rantaralli<br \/>Pukkila Racing Association<br \/>Tampere Racing Association<\/p><p><span class=\"custom-sub-header\" style=\"color: #009cdf;\">Co-drivers<\/span><\/p><p>Audi<br \/>Cellbase Oy<br \/>Dezoo Oy<br \/>Fixus Kangasala<br \/>Jommi Salomaa<br \/>Juha P\u00f6ll\u00f6nen<br \/>Jukka Hallamaa<br \/>Kaakamon Metalli<br \/>Kalevi Lintula<br \/>Marko M\u00e4kinen<br \/>Scuderia Acamo Finlandia<br \/>Jarno Saari<br \/>Timo Tommila<br \/>Volkswagen<br \/>Ylinen Partners Oy<\/p><p><span class=\"custom-sub-header\" style=\"color: #009cdf;\">Recce Drivers<\/span><\/p><p>Anssi Koskinen<br \/>Anssi Laine<br \/>Ari Laaksonen<br \/>Armi Rytky<br \/>Arto Kaski<br \/>Atte Almonkari<br \/>Autokorjaamo Pasi Niini<br \/>Enroth Riku Robert Eelis<br \/>Erno Aalto<br \/>Esa Grenman<br \/>Esa Moisio<br \/>Hans Brummer \/ HB-Automobile<br \/>Heikki Ikonen<br \/>Heikki Kalevi Malmberg<br \/>Heikki Saraste<br \/>Henri Nieminen<br \/>Huvilaveist\u00e4m\u00f6 K. Lehtom\u00e4ki<br \/>Hyt\u00f6nen Racing<br \/>Ilkka Jylh\u00e4<br \/>Jaakko Kuikanm\u00e4ki<br \/>Jaakko Ruokola<br \/>Jani Nalli<br \/>Jari Sissala<br \/>Jari Tikka<br \/>Jarno Lehtinen \/ Carvd Oy<br \/>Joonas Kuusikko<br \/>Juha Malinen<br \/>Juha Moisio<br \/>Juha Pensas<br \/>Jukka A Laine<br \/>Jukka and Marianne Koivunen<br \/>Jukka Suvisalmi<br \/>Jukka Westerback<br \/>Jussi Pohjala<br \/>Jyrki K. Talvitie<br \/>Kai Nurmi<br \/>Kaija and Kimmo Lehtom\u00e4ki<br \/>Kaj Saarto<br \/>Kalle Kalaja<br \/>Kare Asp<br \/>Kari Kovanen<br \/>Kari L\u00e5ng<br \/>Kimmo Lepp\u00e4niemi<br \/>Kirjapainopalvelu Pekka Niemi Oy, Pekka Niemi<br \/>Lahden Raskaskonehuolto<br \/>Lasse Lampi Racing Oy<br \/>Lasse Tukiainen<br \/>Maire Ruokola<br \/>Manu Eskola<br \/>Markku Huhtinen<br \/>Markus Manninen<br \/>Martti Merilinna<br \/>Martti Piltz<br \/>Matti A. Parviainen<br \/>Matti H Salonen<br \/>Matti Vinha<br \/>Mika Koskinen<br \/>Mikko Heimo<br \/>Mikko H\u00e4rk\u00f6nen<br \/>Mikko Luoso<br \/>Olavi Aartolahti<br \/>P. Lockberg<br \/>Pekka Aaltonen<br \/>Pekka Hellsten<br \/>Pekka J\u00e4rvenp\u00e4\u00e4 \/ Tampere Racing Association<br \/>Pekka Lappi<br \/>Pekka Sintonen<br \/>Pekka Valkonen<br \/>Petri Fromholdt<br \/>Petri Niemenmaa<br \/>Petri Vihavainen<br \/>Rallirinki<br \/>Raimo Paavola<br \/>Rauno Kuusikko<br \/>Riitta Gr\u00f6n<br \/>Risto Laine<br \/>Risto Liimatainen<br \/>Sami Pulkki<br \/>Scuderia Rossi<br \/>Seija Kuusikko<br \/>Seppo L\u00e4hteenm\u00e4ki<br \/>Seppo Sillanp\u00e4\u00e4<br \/>Sorvaamo Niemenmaa<br \/>Taitoasennus Tomi Py\u00f6li<br \/>Taksi Jari Lemmetyinen<br \/>Taksiautoilija Ari Tenhonen<br \/>Timo Marila<br \/>Timo Niemi<br \/>Tommi Company Oy<br \/>Topi Yli-Jaskari<br \/>Torsti Holvikivi<br \/>TS Racing Team Toni Sinkkonen<br \/>Tuomo Hannonen<br \/>Turkka Tiainen<br \/>Valo Riku Niinim\u00e4ki<br \/>Veli-Matti Piril\u00e4<br \/>Well-Word Translations Oy<br \/>Ville M\u00e4kinen \/ iSearch Group Oy<br \/>Ville Talvenheimo<br \/>VIPRALLI TEAM Pirkka Syv\u00e4noro<br \/>V\u00e4lim\u00e4ki Motor Sport Ky<br \/>Yrj\u00f6juhana Heikkil\u00e4<\/p><p><span class=\"custom-sub-header\" style=\"color: #009cdf;\">Mechanics<\/span><\/p><p>Ari J Tuominen<br \/>Ari Piittinen<br \/>ARSKAN KAIVIN<br \/>Arvo Peltola<br \/>Asko Sairanen<br \/>Haapaniemen Turo<br \/>Janne M\u00e4kil\u00e4<br \/>Jari Nurmi<br \/>Jarmo Kivineva<br \/>JENT Oy<br \/>JJK-Data Ky, Jari Kulmala<br \/>Juha Erenius<br \/>Juha Salonen<br \/>Juha Tolin<br \/>Jukka Aittila<br \/>Jukka Janhunen<br \/>Jukka M\u00e4kel\u00e4<br \/>Jussi Siltanen<br \/>Jyri H\u00e4nninen<br \/>Kari Anttila<br \/>Kenneth Lehtola<br \/>Kuljetusliike T&amp;J R\u00f6nkk\u00f6 Oy<br \/>Maija-Liisa Piril\u00e4<br \/>Marko Puupponen<br \/>Marko Reponen<br \/>Matti Ahlqvist<br \/>Matti M\u00e4kil\u00e4<br \/>Mika Koutukari<br \/>Mika Reponen<br \/>Mika Romu<br \/>Mikko Korsisaari<br \/>Olli Nurmi<br \/>Pasi Perhoniemi<br \/>Pasi Romu<br \/>Petri &#8220;peppi&#8221; Palom\u00e4ki<br \/>Poledance Piagrina<br \/>Rallivakuutus Oy \/ Pekka Savela<br \/>Rami Rauvola<br \/>Risto Tuomainen<br \/>S.S virta<br \/>Seppo Peippo<br \/>T:mi Marko Ouramaa<br \/>Tapani Kuparinen<br \/>Tapio Niemel\u00e4<br \/>Tero &#8220;Kartturi&#8221; Nummenp\u00e4\u00e4<br \/>Timo Pitk\u00e4niemi<br \/>Tom Fagerudd, FORZA RALLY ITALIA<br \/>Vennun Verstas<br \/>Virva Asikainen<br \/>V\u00e4lim\u00e4en tila Esko Pyym\u00e4ki<\/p><p><span class=\"custom-sub-header\" style=\"color: #009cdf;\">Gravel road virtuosos<\/span><\/p><p>Anne Salo<br \/>Ari Murtoniemi<br \/>Clas Ewalds<br \/>Elina Kyt\u00f6l\u00e4<br \/>Esko Haapasalmi<br \/>Hannu Kek\u00e4l\u00e4inen<br \/>Tiina Ikonen<br \/>Heikki Murtoniemi<br \/>J&amp;J Peltonen<br \/>Janne Rauvola<br \/>Jori Pihl<br \/>Jorma H\u00f6yteinen<br \/>Kai Niemist\u00f6<br \/>Markku Laakso<br \/>Olli Ristim\u00e4ki<br \/>Otto Aro<br \/>Pekka Koivula<br \/>Pekka Tenhovuori<br \/>Pertti Lankia<br \/>Pertti Pitk\u00e4nen<br \/>Petri Tikkala<br \/>Raine Lepoaho<br \/>Roope Pihl<br \/>Simo Mikkola<br \/>Taina Rantala<br \/>Team motoup<br \/>Team Norrg\u00e5rd<br \/>Timo Kittel\u00e4<br \/>Timo Mikkola<\/p><p><span class=\"custom-sub-header\" style=\"color: #009cdf;\">Start \u2013 special stage \u2013 finish!<\/span><\/p><p>Anne, Ari, Helmi, Tauno and Toivo<br \/>Aarno Saarelainen<br \/>Aku Hannula<br \/>Ari Andersson<br \/>Ari Kukkonen<br \/>Ari M\u00e4enp\u00e4\u00e4 Kurikan UA<br \/>Ari Peltola<br \/>Armi Ylikorpi<br \/>Arto Viheri<br \/>Eero Metsola<br \/>Eero Wihuri<br \/>Elina<br \/>Elina and Markku Ij\u00e4s<br \/>Esko Salo<br \/>Frans Hild\u00e9n<br \/>Hanna R\u00e4ikk\u00e4l\u00e4<br \/>Hannu Krohn Oy<br \/>Hannu Luhtala &amp; Marianne Mannerkari<br \/>Hannu Palin<br \/>Hannu Pohjonen<br \/>Harri Eskelinen<br \/>Harri Kousa<br \/>Harri Leskinen<br \/>Heikki Janhunen<br \/>Heikki Lyytinen<br \/>Henri Spring<br \/>Hugo Osa<br \/>Ilkka Majantie<br \/>Isto H\u00e4llfors<br \/>J Rosenqvist<br \/>J.J. Tuura<br \/>Jan Ylikorpi<br \/>Jani Joensuu<br \/>Janne Jauhiainen<br \/>Janne K\u00e4hk\u00f6nen<br \/>Janne V\u00e4re<br \/>Jari &amp; Leena-Kaisa Flyktman<br \/>Jari Jalonen<br \/>Jari Kujansuu<br \/>Jari Willner<br \/>Jarmo Laakso<br \/>Jk-racing.net<br \/>Jommi J\u00e4rvinen<br \/>Joni Andrejeff<br \/>Jonna Vehkakoski<br \/>Joona &amp; Vili<br \/>Jouko Ylikoski ja Tuulikki Salomaa<br \/>Jouni &#8216;Kunde&#8217; Kunnas<br \/>Jouni Ranki<br \/>Jouni Virtanen<br \/>Juha Haake<br \/>Juha Ilmonen<br \/>Juha-Matti Palom\u00e4ki<br \/>Jukka Peltonen<br \/>Jussi Kulonen<br \/>Jussi Wors\u00f6e ja Pena<br \/>Jyri Karhelammi<br \/>J\u00fcri Uus<br \/>Jyrki Rantanen<br \/>Kalervo Jussila<br \/>Kalle Ohma<br \/>Kari ja Anja Pynn\u00e4<br \/>Kari Ruusunen<br \/>Katja Ylikorpi<br \/>Kim Pasanen<br \/>Kimmo J. Leskinen<br \/>Kimmo Lev\u00e4<br \/>Kimmo Paakkanen<br \/>Kirsi Heikkil\u00e4<br \/>Kirsi-Marja Jari and Pasi Honkalatva<br \/>Kivist\u00f6 Tapio<br \/>Lasse K\u00e4nn\u00f6<br \/>Lasse Pet\u00e4j\u00e4<br \/>Lasse Ruusinen<br \/>Mall Kruusakivi<br \/>Marja, Jukka and Sonja Harju<br \/>Marjo Pihlajam\u00e4ki<br \/>Markku Lihavainen<br \/>Markku Peltom\u00e4ki<br \/>Markku Saari<br \/>Marko H\u00e4tinen<br \/>Marko Oksanen<br \/>Markus Melanen<br \/>Matti Asikainen<br \/>Matti Roikonen<br \/>Michael Johanson<br \/>Mika Pasanen<br \/>Mikko Hyyti\u00e4inen<br \/>Mikko J\u00e4rvel\u00e4 and Jorma Salo<br \/>Mikko Koivusalo<br \/>Mikko Laine<br \/>Mikko Muurainen<br \/>Miro Toivonen<br \/>Olli Wihuri<br \/>Ollimatti Neuvonen<br \/>OoPee Salonen<br \/>Palopete Ky<br \/>Pauli Heikkola<br \/>Pekka Linnavirta<br \/>Pekka Malvela<br \/>Pekka Ylistalo<br \/>Pekko, Karoliina, Juho &amp; Eero Nurminen<br \/>Pertti Aittila<br \/>Petri Saarelainen<br \/>Petri, Nina, Ada and Mari Suntinen<br \/>Pietro<br \/>Putte<br \/>Raimo Anttonen<br \/>ralli.verkkonen.net<br \/>Rauno Viheri<br \/>Rauvola Heikki<br \/>Risto T\u00e4hk\u00e4p\u00e4\u00e4<br \/>ROBBE<br \/>Robbie Lindberg<br \/>Ronja Koskinen and Pirkko Heikkinen<br \/>Sakari Laaksonen<br \/>Sakari Mustonen<br \/>Sami Koivunen<br \/>Sami Laapotti<br \/>Scuderia AS<br \/>Seppo Nironen<br \/>Seppo O Kettunen<br \/>Seppo-Juhani Alanne<br \/>Simo Keskikallio<br \/>Simo Westerback<br \/>Sirpa Lehtonen<br \/>Sonja Ulfves-Aittila<br \/>Tapani Kostamovaara<br \/>Tapani Rautanen<br \/>Tapio Honkanen<br \/>Teemu Saarinen<br \/>Tero Hakonen<br \/>Teuvo K Gynther<br \/>Tike<br \/>Timo Aho<br \/>Timo N\u00e4rhi<br \/>Timo Savolainen<br \/>Timo Virtanen<br \/>Toni Laakkonen<br \/>Tuomo Kurki-Suonio<br \/>Tuula Eklund<br \/>Veeti Lepoaho<br \/>Vesa Kiili<br \/>Ville Koivu<br \/>Ville Latva<br \/>Yrj\u00f6 Palotie<br \/>Yrj\u00f6 Palotie<br \/>\u00c5ke Andersson<\/p><p><span class=\"h2 h3\" style=\"color: #009cdf;\">The Rally Museum thanks all its sponsors for their support!<\/span><\/p>\t\t\t\t\t\t\t\t<\/div>\n\t\t\t\t<\/div>\n\t\t\t\t\t<\/div>\n\t\t<\/div>\n\t\t\t\t\t<\/div>\n\t\t<\/section>\n\t\t\t\t<\/div>\n\t\t","protected":false},"excerpt":{"rendered":"<p>Supporters of the Rally Museum Those who supported the creation of the Rally Museum To make the Rally Museum a reality, Mobilia organised a crowdfunding campaign on the Finnish crowdfunding service Mesenaatti. The campaign ran from 28 January to 8 May 2016 and raised a total of 86,420 euros. The crowdfunding proceeds were used to [&hellip;]<\/p>\n","protected":false},"author":10,"featured_media":624,"parent":7364,"menu_order":9,"comment_status":"closed","ping_status":"closed","template":"","meta":{"_acf_changed":false,"inline_featured_image":false,"footnotes":""},"class_list":["post-7493","page","type-page","status-publish","has-post-thumbnail","hentry"],"acf":[],"_links":{"self":[{"href":"https:\/\/mobilia.fi\/en\/wp-json\/wp\/v2\/pages\/7493","targetHints":{"allow":["GET"]}}],"collection":[{"href":"https:\/\/mobilia.fi\/en\/wp-json\/wp\/v2\/pages"}],"about":[{"href":"https:\/\/mobilia.fi\/en\/wp-json\/wp\/v2\/types\/page"}],"author":[{"embeddable":true,"href":"https:\/\/mobilia.fi\/en\/wp-json\/wp\/v2\/users\/10"}],"replies":[{"embeddable":true,"href":"https:\/\/mobilia.fi\/en\/wp-json\/wp\/v2\/comments?post=7493"}],"version-history":[{"count":13,"href":"https:\/\/mobilia.fi\/en\/wp-json\/wp\/v2\/pages\/7493\/revisions"}],"predecessor-version":[{"id":14438,"href":"https:\/\/mobilia.fi\/en\/wp-json\/wp\/v2\/pages\/7493\/revisions\/14438"}],"up":[{"embeddable":true,"href":"https:\/\/mobilia.fi\/en\/wp-json\/wp\/v2\/pages\/7364"}],"wp:featuredmedia":[{"embeddable":true,"href":"https:\/\/mobilia.fi\/en\/wp-json\/wp\/v2\/media\/624"}],"wp:attachment":[{"href":"https:\/\/mobilia.fi\/en\/wp-json\/wp\/v2\/media?parent=7493"}],"curies":[{"name":"wp","href":"https:\/\/api.w.org\/{rel}","templated":true}]}}