{"id":1112,"date":"2020-08-27T09:36:54","date_gmt":"2020-08-27T06:36:54","guid":{"rendered":"https:\/\/mobilia.fi\/?page_id=1112"},"modified":"2021-01-14T16:59:45","modified_gmt":"2021-01-14T14:59:45","slug":"valmistuneetkokoelmaprojektit","status":"publish","type":"page","link":"https:\/\/mobilia.fi\/fi\/palvelut\/kokoelmien-jarjestaminen-ja-sailytys-2\/valmistuneetkokoelmaprojektit\/","title":{"rendered":"Valmistuneet kokoelmien j\u00e4rjest\u00e4misprojektit"},"content":{"rendered":"\t\t<div data-elementor-type=\"wp-page\" data-elementor-id=\"1112\" class=\"elementor elementor-1112\" data-elementor-post-type=\"page\">\n\t\t\t\t\t\t<section class=\"elementor-section elementor-top-section elementor-element elementor-element-049270f elementor-section-height-min-height elementor-section-boxed elementor-section-height-default elementor-section-items-middle\" data-id=\"049270f\" data-element_type=\"section\" data-e-type=\"section\" data-settings=\"{&quot;background_background&quot;:&quot;classic&quot;}\">\n\t\t\t\t\t\t\t<div class=\"elementor-background-overlay\"><\/div>\n\t\t\t\t\t\t\t<div class=\"elementor-container elementor-column-gap-default\">\n\t\t\t\t\t<div class=\"elementor-column elementor-col-100 elementor-top-column elementor-element elementor-element-38f3bc0\" data-id=\"38f3bc0\" data-element_type=\"column\" data-e-type=\"column\">\n\t\t\t<div class=\"elementor-widget-wrap elementor-element-populated\">\n\t\t\t\t\t\t<div class=\"elementor-element elementor-element-57662ad elementor-widget elementor-widget-text-editor\" data-id=\"57662ad\" data-element_type=\"widget\" data-e-type=\"widget\" data-widget_type=\"text-editor.default\">\n\t\t\t\t<div class=\"elementor-widget-container\">\n\t\t\t\t\t\t\t\t\t<h1>Valmistuneet kokoelmien j\u00e4rjest\u00e4misprojektit<\/h1>\t\t\t\t\t\t\t\t<\/div>\n\t\t\t\t<\/div>\n\t\t\t\t\t<\/div>\n\t\t<\/div>\n\t\t\t\t\t<\/div>\n\t\t<\/section>\n\t\t\t\t<section class=\"elementor-section elementor-top-section elementor-element elementor-element-067da31 elementor-section-boxed elementor-section-height-default elementor-section-height-default\" data-id=\"067da31\" data-element_type=\"section\" data-e-type=\"section\">\n\t\t\t\t\t\t<div class=\"elementor-container elementor-column-gap-default\">\n\t\t\t\t\t<div class=\"elementor-column elementor-col-100 elementor-top-column elementor-element elementor-element-2584048\" data-id=\"2584048\" data-element_type=\"column\" data-e-type=\"column\">\n\t\t\t<div class=\"elementor-widget-wrap elementor-element-populated\">\n\t\t\t\t\t\t<section class=\"elementor-section elementor-inner-section elementor-element elementor-element-2dd77ad elementor-section-boxed elementor-section-height-default elementor-section-height-default\" data-id=\"2dd77ad\" data-element_type=\"section\" data-e-type=\"section\">\n\t\t\t\t\t\t<div class=\"elementor-container elementor-column-gap-default\">\n\t\t\t\t\t<div class=\"elementor-column elementor-col-50 elementor-inner-column elementor-element elementor-element-5d29a72\" data-id=\"5d29a72\" data-element_type=\"column\" data-e-type=\"column\">\n\t\t\t<div class=\"elementor-widget-wrap elementor-element-populated\">\n\t\t\t\t\t\t<div class=\"elementor-element elementor-element-c49ee36 elementor-widget elementor-widget-text-editor\" data-id=\"c49ee36\" data-element_type=\"widget\" data-e-type=\"widget\" data-widget_type=\"text-editor.default\">\n\t\t\t\t<div class=\"elementor-widget-container\">\n\t\t\t\t\t\t\t\t\t<p><span style=\"color: #58595b;\">Mobilian yrityksille ja yhteis\u00f6ille tarjoamat historiakokoelmien j\u00e4rjest\u00e4mispalvelut sis\u00e4lt\u00e4v\u00e4t pitk\u00e4aikaiseen s\u00e4ilytykseen valittavan aineiston valinnan, luetteloinnin sek\u00e4 aineiston puhdistamisen ja pakkaamisen ja sopimuksen mukaan aineiston digitoinnin.<\/span><\/p><div><div><div><article><div><div><div><div><p><span style=\"color: #58595b;\">\u00a0<\/span><\/p><h3><span style=\"color: #009cdf;\">Valmistuneet kokoelmien j\u00e4rjest\u00e4misprojektit<\/span><\/h3><p><span style=\"color: #58595b;\"><b>Autokatsastusmiesten yhdistyksen historia hoitoon\u00a0<\/b><\/span><\/p><p><span style=\"color: #58595b;\">Autokatsastusmiesten yhdistys ry:n perustamisesta tuli vuonna 2017 kuluneeksi 90 vuotta. Mobilia ja Autokatsastusmiesten yhdistys ry. sopivat vuonna 2013 yhteisty\u00f6st\u00e4, jonka tavoitteena oli muodostaa historiakokoelma Autokatsastusmiesten yhdistys ry:n materiaaleista. Autokatsastusmiesten yhdistyksen historiakokoelmat koostuvat materiaaleista (esineet, kuvat, arkistomateriaalit, kirjallisuus), jotka kertovat Autokatsastusmiesten yhdistyksen sek\u00e4 katsastustoiminnan historiasta.<\/span><\/p><p><span style=\"color: #58595b;\">Projekti alkoi elokuussa 2013 aineistojen ker\u00e4\u00e4misell\u00e4 ja kokoelman muodostamisella. Autokatsastusmiesten yhdistyksen kokoelman luettelointity\u00f6 valmistui syksyll\u00e4 2014.<\/span><\/p><p><span style=\"color: #58595b;\">\u00a0<\/span><\/p><p><strong><span style=\"color: #58595b;\">Tarvontien rakentamista koskevan diakokoelman luettelointi<\/span><\/strong><\/p><p><span style=\"color: #58595b;\">Pirkanmaan elinkeino-, liikenne- ja ymp\u00e4rist\u00f6keskus tilasi Mobilialta Tarvon moottoritien rakentamista koskevan diakokoelman kuvien seulonnan ja luetteloinnin kes\u00e4ll\u00e4 2013. Kuvat ovat osa V\u00e4yl\u00e4n kuvakokoelmaa.<\/span><\/p><p><span style=\"color: #58595b;\">Vuonna 1956 aloitettiin Suomen ensimm\u00e4isen moottoritien rakentaminen Helsingin Munkkiniemest\u00e4 Espoon Gumb\u00f6leen, Tarvontieksi kutsuttu moottoritie valmistui 16. joulukuuta 1962. Tarvontien rakentamisen rahoitus sidottiin ty\u00f6tt\u00f6myyden hoitamiseen, ja Tarvontien rakennusty\u00f6maa oli yksi keskeinen ty\u00f6tt\u00f6myysty\u00f6maa 1950-luvulla.<\/span><\/p><p><span style=\"color: #58595b;\">Tarvontien rakentamista koskeva diakokoelma (500 v\u00e4ridiaa) on ainutlaatuinen kuvakokonaisuus. Kuvat dokumentoivat tienrakentamishanketta, ty\u00f6tt\u00f6myysty\u00f6maa-ilmi\u00f6t\u00e4 ja siirtoty\u00f6maalla vietetty\u00e4 el\u00e4m\u00e4\u00e4.<\/span><\/p><p><span style=\"color: #58595b;\">Diakokoelman luettelointi aloitettiin elokuussa ja projekti valmistui marraskuussa 2013. Luetteloidut kuvat ovat selailtavissa eMobiliassa Liikenneviraston kuvakokoelmassa.<\/span><\/p><p><span style=\"color: #58595b;\">\u00a0<\/span><\/p><p><span style=\"color: #58595b;\"><b>Tiehallinnon 2000-luvun digikuvien luettelointi <br \/><\/b><\/span><\/p><p><span style=\"color: #58595b;\">Pirkanmaan ELY-keskus tilasi Mobilialta Liikenneviraston 2000-luvun digitaalisten kuvien seulonnan ja luetteloinnin vuonna 2012. Projektin kohteena olivat Tiehallinnon W-verkkoaseman digitaaliset kuvat, jotka oli otettu 2000-luvulla.<\/span><\/p><p><span style=\"color: #58595b;\">Projektin tavoitteena oli tallentaa Tiehallinnon 2000-luvun digikuvat osaksi Liikenneviraston museokokoelmia ja kuva-arkistoa.<\/span><\/p><p><span style=\"color: #58595b;\">Projektissa k\u00e4ytiin l\u00e4pi 44 000 digikuvaa, joista valikoitui 2430 kuvaa (5,5 %) pysyv\u00e4sti s\u00e4ilytett\u00e4v\u00e4ksi. S\u00e4ilytett\u00e4v\u00e4ksi valikoidut digikuvat luetteloitiin eMobilia-tietokantaan ja tallennettiin Mobilian kokoelmapalvelimelle. Kuvien tallennusprojekti aloitettiin syksyll\u00e4 2012, ja projekti valmistui kes\u00e4kuussa 2013.<\/span><\/p><p><span style=\"color: #58595b;\">Tiehallinnon 2000-luvun kuvat ovat tiepiirien ty\u00f6ntekij\u00f6iden ottamia kuvia mm. erilaisista tapahtumista ja tie- ja siltakohteiden rakentamis- ja kunnossapitohankkeista. Valikoidun museoitavan kuva-aineiston avulla pyrit\u00e4\u00e4n dokumentoimaan Tiehallinnon toimintaa kokonaisuudessaan 2000-luvulla.<\/span><\/p><p><span style=\"color: #58595b;\">\u00a0<\/span><\/p><p><span style=\"color: #58595b;\"><b>Lapiolinjalta urakointiin ja konekauteen <br \/><\/b><\/span><\/p><p><span style=\"color: #58595b;\">OPM:n tukema tie- ja vesiv\u00e4ylien rakentamiseen ja yll\u00e4pitoon liittyv\u00e4n historiamateriaalien digitointi-projekti.<\/span><\/p><p><span style=\"color: #58595b;\">Projektin tavoitteena oli saattaa digitaaliseen muotoon liikenteen alan infran rakentamisen ja yll\u00e4pidon kuva-arkistot. Projektin kohteena oleva kuvam\u00e4\u00e4r\u00e4 oli kokonaisuudessaan noin 26 000 kuvaa, joista p\u00e4\u00e4osa oli paperikuvia, mutta joukossa oli my\u00f6s diakuvia ja valmiiksi digitaalisessa muodossa olevaa kuva-aineistoa.<\/span><\/p><p><span style=\"color: #58595b;\">Projektin tuloksena keskeisin osa Suomen sis\u00e4maan liikenneverkon rakentamista ja yll\u00e4pitoa koskevasta 1800-luvun lopulta 2000-luvun alkuun tuotetusta kuvamateriaalista saatiin digitoitua. Projektin tuloksena kuvat ovat saatavissa internetin v\u00e4lityksell\u00e4 eMobiliasta tai Suomen Museo Onlinen kautta sek\u00e4 perinteisen\u00e4 kuva-arkistopalveluna Mobiliasta. Kokonaiskuvamassasta muodostettu digitaalinen kuva-arkisto on noin 15 000 kuvaa ja valinta on tehty noudattaen Mobilian kokoelmapolitiikassa m\u00e4\u00e4ritelty\u00e4 arvoluokitusta.<\/span><\/p><p><span style=\"color: #58595b;\">\u00a0<\/span><\/p><p><span style=\"color: #58595b;\"><b>Scan-Auton kuva-arkiston muodostaminen<\/b><\/span><\/p><p><span style=\"color: #58595b;\">Mobilia j\u00e4rjesti talvella 2011\u20132012 Scan-Auton (nyk. Scania Suomi) historiallisen kuva-aineiston, josta valittiin pitk\u00e4aikaiss\u00e4ilytyst\u00e4 varten 533 kuvaa. Kuvat digitoitiin, jonka j\u00e4lkeen alkuper\u00e4iset kuvat arkistoitiin ja digitoidut kuvat luetteloitiin Mobilian s\u00e4hk\u00f6iseen kokoelmahallintaj\u00e4rjestelm\u00e4\u00e4n. Scan-Auton kuva-arkisto on n\u00e4ht\u00e4vill\u00e4 eMobiliassa.<\/span><\/p><p>\u00a0<\/p><p><span style=\"color: #58595b;\"><b>Vuosien 2004\u20132010 aikana tehtyj\u00e4 projekteja:<\/b><\/span><\/p><p><span style=\"color: #58595b;\">Liikenneturvan kokoelmien muodostaminen<\/span><\/p><p><span style=\"color: #58595b;\">Nesteen kuva-arkiston muodostaminen<\/span><\/p><p><span style=\"color: #58595b;\">Teboilin kokoelmien muodostaminen<\/span><\/p><p><span style=\"color: #58595b;\">SF-Karavaanareiden kokoelmien muodostaminen<\/span><\/p><p><span style=\"color: #58595b;\">Autoliiton kokoelmien muodostaminen<\/span><\/p><p><span style=\"color: #58595b;\">Mobilian kuva-arkiston digitointi<\/span><\/p><p><span style=\"color: #58595b;\">Vaar ja VaarDigi projektit Tiehallinnon kanssa yhteisty\u00f6n\u00e4<\/span><\/p><p><span style=\"color: #58595b;\">Liikenneturvan kokoelmien inventointi<\/span><\/p><div style=\"color: #58595b;\"><div><div><article><div><div><div><div><div><div><div><div>\u00a0<\/div><\/div><\/div><\/div><\/div><\/div><\/div><\/div><\/article><\/div><\/div><\/div><\/div><\/div><\/div><\/div><\/article><\/div><\/div><\/div><p><span style=\"color: #58595b;\">\u00a0<\/span><\/p>\t\t\t\t\t\t\t\t<\/div>\n\t\t\t\t<\/div>\n\t\t\t\t\t<\/div>\n\t\t<\/div>\n\t\t\t\t<div class=\"elementor-column elementor-col-50 elementor-inner-column elementor-element elementor-element-83fe726\" data-id=\"83fe726\" data-element_type=\"column\" data-e-type=\"column\">\n\t\t\t<div class=\"elementor-widget-wrap elementor-element-populated\">\n\t\t\t\t\t\t<div class=\"elementor-element elementor-element-06aa5de elementor-widget elementor-widget-image\" data-id=\"06aa5de\" data-element_type=\"widget\" data-e-type=\"widget\" data-widget_type=\"image.default\">\n\t\t\t\t<div class=\"elementor-widget-container\">\n\t\t\t\t\t\t\t\t\t\t\t\t\t\t\t<img fetchpriority=\"high\" decoding=\"async\" width=\"2560\" height=\"1920\" src=\"https:\/\/mobilia.fi\/wp-content\/uploads\/2020\/08\/mobilian-sekalaisia-kokoelmia-scaled.jpg\" class=\"attachment-full size-full wp-image-997\" alt=\"mobilian sekalaisia kokoelmia\" srcset=\"https:\/\/mobilia.fi\/wp-content\/uploads\/2020\/08\/mobilian-sekalaisia-kokoelmia-scaled.jpg 2560w, https:\/\/mobilia.fi\/wp-content\/uploads\/2020\/08\/mobilian-sekalaisia-kokoelmia-300x225.jpg 300w, https:\/\/mobilia.fi\/wp-content\/uploads\/2020\/08\/mobilian-sekalaisia-kokoelmia-1024x768.jpg 1024w, https:\/\/mobilia.fi\/wp-content\/uploads\/2020\/08\/mobilian-sekalaisia-kokoelmia-768x576.jpg 768w, https:\/\/mobilia.fi\/wp-content\/uploads\/2020\/08\/mobilian-sekalaisia-kokoelmia-1536x1152.jpg 1536w, https:\/\/mobilia.fi\/wp-content\/uploads\/2020\/08\/mobilian-sekalaisia-kokoelmia-2048x1536.jpg 2048w\" sizes=\"(max-width: 2560px) 100vw, 2560px\" \/>\t\t\t\t\t\t\t\t\t\t\t\t\t\t\t<\/div>\n\t\t\t\t<\/div>\n\t\t\t\t\t<\/div>\n\t\t<\/div>\n\t\t\t\t\t<\/div>\n\t\t<\/section>\n\t\t\t\t\t<\/div>\n\t\t<\/div>\n\t\t\t\t\t<\/div>\n\t\t<\/section>\n\t\t\t\t<\/div>\n\t\t","protected":false},"excerpt":{"rendered":"<p>Valmistuneet kokoelmien j\u00e4rjest\u00e4misprojektit Mobilian yrityksille ja yhteis\u00f6ille tarjoamat historiakokoelmien j\u00e4rjest\u00e4mispalvelut sis\u00e4lt\u00e4v\u00e4t pitk\u00e4aikaiseen s\u00e4ilytykseen valittavan aineiston valinnan, luetteloinnin sek\u00e4 aineiston puhdistamisen ja pakkaamisen ja sopimuksen mukaan aineiston digitoinnin. \u00a0 Valmistuneet kokoelmien j\u00e4rjest\u00e4misprojektit Autokatsastusmiesten yhdistyksen historia hoitoon\u00a0 Autokatsastusmiesten yhdistys ry:n perustamisesta tuli vuonna 2017 kuluneeksi 90 vuotta. Mobilia ja Autokatsastusmiesten yhdistys ry. sopivat vuonna 2013 yhteisty\u00f6st\u00e4, jonka [&hellip;]<\/p>\n","protected":false},"author":3,"featured_media":998,"parent":951,"menu_order":0,"comment_status":"closed","ping_status":"closed","template":"","meta":{"_acf_changed":false,"inline_featured_image":false,"footnotes":""},"class_list":["post-1112","page","type-page","status-publish","has-post-thumbnail","hentry"],"acf":[],"_links":{"self":[{"href":"https:\/\/mobilia.fi\/fi\/wp-json\/wp\/v2\/pages\/1112","targetHints":{"allow":["GET"]}}],"collection":[{"href":"https:\/\/mobilia.fi\/fi\/wp-json\/wp\/v2\/pages"}],"about":[{"href":"https:\/\/mobilia.fi\/fi\/wp-json\/wp\/v2\/types\/page"}],"author":[{"embeddable":true,"href":"https:\/\/mobilia.fi\/fi\/wp-json\/wp\/v2\/users\/3"}],"replies":[{"embeddable":true,"href":"https:\/\/mobilia.fi\/fi\/wp-json\/wp\/v2\/comments?post=1112"}],"version-history":[{"count":22,"href":"https:\/\/mobilia.fi\/fi\/wp-json\/wp\/v2\/pages\/1112\/revisions"}],"predecessor-version":[{"id":3171,"href":"https:\/\/mobilia.fi\/fi\/wp-json\/wp\/v2\/pages\/1112\/revisions\/3171"}],"up":[{"embeddable":true,"href":"https:\/\/mobilia.fi\/fi\/wp-json\/wp\/v2\/pages\/951"}],"wp:featuredmedia":[{"embeddable":true,"href":"https:\/\/mobilia.fi\/fi\/wp-json\/wp\/v2\/media\/998"}],"wp:attachment":[{"href":"https:\/\/mobilia.fi\/fi\/wp-json\/wp\/v2\/media?parent=1112"}],"curies":[{"name":"wp","href":"https:\/\/api.w.org\/{rel}","templated":true}]}}