{"id":1238,"date":"2020-09-14T09:25:00","date_gmt":"2020-09-14T06:25:00","guid":{"rendered":"https:\/\/mobilia.fi\/?page_id=1238"},"modified":"2020-09-14T14:53:27","modified_gmt":"2020-09-14T11:53:27","slug":"kokoelmien-helmia","status":"publish","type":"page","link":"https:\/\/mobilia.fi\/fi\/nayttelyt\/verkkonayttelyt\/kokoelmien-helmia\/","title":{"rendered":"Kokoelmien helmi\u00e4"},"content":{"rendered":"\t\t<div data-elementor-type=\"wp-page\" data-elementor-id=\"1238\" class=\"elementor elementor-1238\" data-elementor-post-type=\"page\">\n\t\t\t\t\t\t<section class=\"elementor-section elementor-top-section elementor-element elementor-element-8cd8eca elementor-section-height-min-height elementor-section-boxed elementor-section-height-default elementor-section-items-middle\" data-id=\"8cd8eca\" data-element_type=\"section\" data-e-type=\"section\" data-settings=\"{&quot;background_background&quot;:&quot;classic&quot;}\">\n\t\t\t\t\t\t\t<div class=\"elementor-background-overlay\"><\/div>\n\t\t\t\t\t\t\t<div class=\"elementor-container elementor-column-gap-default\">\n\t\t\t\t\t<div class=\"elementor-column elementor-col-100 elementor-top-column elementor-element elementor-element-7d7a96a\" data-id=\"7d7a96a\" data-element_type=\"column\" data-e-type=\"column\">\n\t\t\t<div class=\"elementor-widget-wrap elementor-element-populated\">\n\t\t\t\t\t\t<div class=\"elementor-element elementor-element-ce9c067 elementor-widget elementor-widget-text-editor\" data-id=\"ce9c067\" data-element_type=\"widget\" data-e-type=\"widget\" data-widget_type=\"text-editor.default\">\n\t\t\t\t<div class=\"elementor-widget-container\">\n\t\t\t\t\t\t\t\t\t<h1>Kokoelmien helmi\u00e4<\/h1><div><span style=\"color: #ffffff; font-family: Arial, Helvetica, sans-serif; font-size: 14px; text-align: start;\">Mobiliassa on digitoitu hyvinvoinnin aikakauden eli Suomen sotien j\u00e4lkeisen ajan ajoneuvoja henkil\u00f6autoista polkupy\u00f6riin.<\/span><\/div><p>\u00a0<\/p>\t\t\t\t\t\t\t\t<\/div>\n\t\t\t\t<\/div>\n\t\t\t\t\t<\/div>\n\t\t<\/div>\n\t\t\t\t\t<\/div>\n\t\t<\/section>\n\t\t\t\t<section class=\"elementor-section elementor-top-section elementor-element elementor-element-3915d047 elementor-section-boxed elementor-section-height-default elementor-section-height-default\" data-id=\"3915d047\" data-element_type=\"section\" data-e-type=\"section\">\n\t\t\t\t\t\t<div class=\"elementor-container elementor-column-gap-default\">\n\t\t\t\t\t<div class=\"elementor-column elementor-col-100 elementor-top-column elementor-element elementor-element-6bc162e0\" data-id=\"6bc162e0\" data-element_type=\"column\" data-e-type=\"column\">\n\t\t\t<div class=\"elementor-widget-wrap elementor-element-populated\">\n\t\t\t\t\t\t<section class=\"elementor-section elementor-inner-section elementor-element elementor-element-6191ed31 elementor-section-boxed elementor-section-height-default elementor-section-height-default\" data-id=\"6191ed31\" data-element_type=\"section\" data-e-type=\"section\">\n\t\t\t\t\t\t<div class=\"elementor-container elementor-column-gap-default\">\n\t\t\t\t\t<div class=\"elementor-column elementor-col-50 elementor-inner-column elementor-element elementor-element-77871d4b\" data-id=\"77871d4b\" data-element_type=\"column\" data-e-type=\"column\">\n\t\t\t<div class=\"elementor-widget-wrap elementor-element-populated\">\n\t\t\t\t\t\t<div class=\"elementor-element elementor-element-45aa1293 elementor-widget elementor-widget-text-editor\" data-id=\"45aa1293\" data-element_type=\"widget\" data-e-type=\"widget\" data-widget_type=\"text-editor.default\">\n\t\t\t\t<div class=\"elementor-widget-container\">\n\t\t\t\t\t\t\t\t\t<p><span style=\"color: #009cdf;\">Volkswagen Kupla vm. 1961<\/span><\/p><p>Mobilian kokoelmiin kuuluva Volkswagen Kupla vuosimallia 1961. Autotuonnin vapauduttua vuonna 1962 Kuplan myyntiluvut nousivat jyrk\u00e4sti. Vuonna 1963 Suomessa myytiin 17 188 Volkswagenia. Kuplan maahantuonti lopetettiin vuonna 1975. Kaikkiaan Suomeen tuotiin yli 127 000 Volkswagen Kuplaa. Volkkari oli automarkkinoiden ehdoton ykk\u00f6nen.<\/p><p>\u00a0<\/p><p>Linkki videoon:<a href=\"https:\/\/www.youtube.com\/watch?v=sNpq5yhyeLU\" target=\"_blank\" rel=\"noopener\">\u00a0https:\/\/www.youtube.com\/watch?v=sNpq5yhyeLU\u00a0<\/a><\/p><p>Omistaja: Mobilia<\/p><p>Kuvaus: Studio Torkkeli<\/p><p>\u00a0<\/p>\t\t\t\t\t\t\t\t<\/div>\n\t\t\t\t<\/div>\n\t\t\t\t\t<\/div>\n\t\t<\/div>\n\t\t\t\t<div class=\"elementor-column elementor-col-50 elementor-inner-column elementor-element elementor-element-1d330ba3\" data-id=\"1d330ba3\" data-element_type=\"column\" data-e-type=\"column\">\n\t\t\t<div class=\"elementor-widget-wrap elementor-element-populated\">\n\t\t\t\t\t\t<div class=\"elementor-element elementor-element-37f28f14 elementor-widget elementor-widget-image\" data-id=\"37f28f14\" data-element_type=\"widget\" data-e-type=\"widget\" data-widget_type=\"image.default\">\n\t\t\t\t<div class=\"elementor-widget-container\">\n\t\t\t\t\t\t\t\t\t\t\t\t\t\t\t\t<a href=\"https:\/\/mobilia.fi\/wp-content\/uploads\/2020\/09\/kupla-1.jpg\" data-elementor-open-lightbox=\"yes\" data-e-action-hash=\"#elementor-action%3Aaction%3Dlightbox%26settings%3DeyJpZCI6MTI0MSwidXJsIjoiaHR0cHM6XC9cL21vYmlsaWEuZmlcL3dwLWNvbnRlbnRcL3VwbG9hZHNcLzIwMjBcLzA5XC9rdXBsYS0xLmpwZyJ9\">\n\t\t\t\t\t\t\t<img fetchpriority=\"high\" decoding=\"async\" width=\"1132\" height=\"716\" src=\"https:\/\/mobilia.fi\/wp-content\/uploads\/2020\/09\/kupla-1.jpg\" class=\"attachment-full size-full wp-image-1241\" alt=\"Musta Kuplavolkkari harmaalla taustalla\" srcset=\"https:\/\/mobilia.fi\/wp-content\/uploads\/2020\/09\/kupla-1.jpg 1132w, https:\/\/mobilia.fi\/wp-content\/uploads\/2020\/09\/kupla-1-300x190.jpg 300w, https:\/\/mobilia.fi\/wp-content\/uploads\/2020\/09\/kupla-1-1024x648.jpg 1024w, https:\/\/mobilia.fi\/wp-content\/uploads\/2020\/09\/kupla-1-768x486.jpg 768w\" sizes=\"(max-width: 1132px) 100vw, 1132px\" \/>\t\t\t\t\t\t\t\t<\/a>\n\t\t\t\t\t\t\t\t\t\t\t\t\t\t\t<\/div>\n\t\t\t\t<\/div>\n\t\t\t\t\t<\/div>\n\t\t<\/div>\n\t\t\t\t\t<\/div>\n\t\t<\/section>\n\t\t\t\t\t<\/div>\n\t\t<\/div>\n\t\t\t\t\t<\/div>\n\t\t<\/section>\n\t\t\t\t<section class=\"elementor-section elementor-top-section elementor-element elementor-element-faa1559 elementor-section-boxed elementor-section-height-default elementor-section-height-default\" data-id=\"faa1559\" data-element_type=\"section\" data-e-type=\"section\">\n\t\t\t\t\t\t<div class=\"elementor-container elementor-column-gap-default\">\n\t\t\t\t\t<div class=\"elementor-column elementor-col-100 elementor-top-column elementor-element elementor-element-5eb5c31\" data-id=\"5eb5c31\" data-element_type=\"column\" data-e-type=\"column\">\n\t\t\t<div class=\"elementor-widget-wrap elementor-element-populated\">\n\t\t\t\t\t\t<section class=\"elementor-section elementor-inner-section elementor-element elementor-element-14e9d3b elementor-section-boxed elementor-section-height-default elementor-section-height-default\" data-id=\"14e9d3b\" data-element_type=\"section\" data-e-type=\"section\">\n\t\t\t\t\t\t<div class=\"elementor-container elementor-column-gap-default\">\n\t\t\t\t\t<div class=\"elementor-column elementor-col-50 elementor-inner-column elementor-element elementor-element-7159556\" data-id=\"7159556\" data-element_type=\"column\" data-e-type=\"column\">\n\t\t\t<div class=\"elementor-widget-wrap elementor-element-populated\">\n\t\t\t\t\t\t<div class=\"elementor-element elementor-element-1329a2d elementor-widget elementor-widget-image\" data-id=\"1329a2d\" data-element_type=\"widget\" data-e-type=\"widget\" data-widget_type=\"image.default\">\n\t\t\t\t<div class=\"elementor-widget-container\">\n\t\t\t\t\t\t\t\t\t\t\t\t\t\t\t<img decoding=\"async\" width=\"1264\" height=\"715\" src=\"https:\/\/mobilia.fi\/wp-content\/uploads\/2020\/09\/datsun100a-2.jpg\" class=\"attachment-full size-full wp-image-1254\" alt=\"Datsun 100 a\" srcset=\"https:\/\/mobilia.fi\/wp-content\/uploads\/2020\/09\/datsun100a-2.jpg 1264w, https:\/\/mobilia.fi\/wp-content\/uploads\/2020\/09\/datsun100a-2-300x170.jpg 300w, https:\/\/mobilia.fi\/wp-content\/uploads\/2020\/09\/datsun100a-2-1024x579.jpg 1024w, https:\/\/mobilia.fi\/wp-content\/uploads\/2020\/09\/datsun100a-2-768x434.jpg 768w\" sizes=\"(max-width: 1264px) 100vw, 1264px\" \/>\t\t\t\t\t\t\t\t\t\t\t\t\t\t\t<\/div>\n\t\t\t\t<\/div>\n\t\t\t\t\t<\/div>\n\t\t<\/div>\n\t\t\t\t<div class=\"elementor-column elementor-col-50 elementor-inner-column elementor-element elementor-element-41f1c04\" data-id=\"41f1c04\" data-element_type=\"column\" data-e-type=\"column\">\n\t\t\t<div class=\"elementor-widget-wrap elementor-element-populated\">\n\t\t\t\t\t\t<div class=\"elementor-element elementor-element-535515e elementor-widget elementor-widget-text-editor\" data-id=\"535515e\" data-element_type=\"widget\" data-e-type=\"widget\" data-widget_type=\"text-editor.default\">\n\t\t\t\t<div class=\"elementor-widget-container\">\n\t\t\t\t\t\t\t\t\t<p><span style=\"color: #009cdf;\">Datsun 100 A vuosimallia 1975<\/span><\/p><p>\u00a0<\/p><p>Mobilian kokoelmiin kuuluva Datsun 100 A vuosimallia 1975. Japanilaisista merkeist\u00e4 Datsun oli Suomessa 1970-luvulla suosituin. 100 A -mallilla oli useita lempinimi\u00e4, joista yleisempi\u00e4 olivat &#8221;Riisipussi&#8221; ja &#8221;100-ampeerinen&#8221;.<\/p><p>Linkki videoon:\u00a0https:\/\/www.youtube.com\/watch?v=qK7vRUtSB0g<\/p><p>\u00a0<\/p><p>Omistaja: Mobilia<\/p><p>Kuvaus: Studio Torkkeli<\/p>\t\t\t\t\t\t\t\t<\/div>\n\t\t\t\t<\/div>\n\t\t\t\t\t<\/div>\n\t\t<\/div>\n\t\t\t\t\t<\/div>\n\t\t<\/section>\n\t\t\t\t\t<\/div>\n\t\t<\/div>\n\t\t\t\t\t<\/div>\n\t\t<\/section>\n\t\t\t\t<section class=\"elementor-section elementor-top-section elementor-element elementor-element-31cac0f elementor-section-boxed elementor-section-height-default elementor-section-height-default\" data-id=\"31cac0f\" data-element_type=\"section\" data-e-type=\"section\">\n\t\t\t\t\t\t<div class=\"elementor-container elementor-column-gap-default\">\n\t\t\t\t\t<div class=\"elementor-column elementor-col-50 elementor-top-column elementor-element elementor-element-0ccdf93\" data-id=\"0ccdf93\" data-element_type=\"column\" data-e-type=\"column\">\n\t\t\t<div class=\"elementor-widget-wrap elementor-element-populated\">\n\t\t\t\t\t\t<div class=\"elementor-element elementor-element-ed4a514 elementor-widget elementor-widget-text-editor\" data-id=\"ed4a514\" data-element_type=\"widget\" data-e-type=\"widget\" data-widget_type=\"text-editor.default\">\n\t\t\t\t<div class=\"elementor-widget-container\">\n\t\t\t\t\t\t\t\t\t<p>\u00a0<\/p><p><span style=\"color: #009cdf;\">Wartburg 311 Limousine vuosimallia 1962<\/span><\/p><p>Mobilian kokoelmiin kuuluva Wartburg 311 Limousine vuosimallia 1962. Wartburg oli arvostettu it\u00e4auto. Sit\u00e4 pidettiin kauniina ja hyvin varusteltuna. Vuonna 1962, jolloin l\u00e4nsiautojen tuonti vapautui, Wartburgia myytiin\u00a0 \u00a0 \u00a02248 kappaletta. Auto on etuvetoinen, ja huippunopeus on 107 km\/h. 311 Limousine kiihtyi 0-100 km\/h 29,9 sekunnissa.<\/p><p>\u00a0<\/p><p>Linkki videoon:<\/p><p>\u00a0<\/p><p>Omistaja: Mobilia<\/p><p>Kuvaus: Studio Torkkeli<\/p><div>\u00a0<\/div>\t\t\t\t\t\t\t\t<\/div>\n\t\t\t\t<\/div>\n\t\t\t\t\t<\/div>\n\t\t<\/div>\n\t\t\t\t<div class=\"elementor-column elementor-col-50 elementor-top-column elementor-element elementor-element-aaaebb2\" data-id=\"aaaebb2\" data-element_type=\"column\" data-e-type=\"column\">\n\t\t\t<div class=\"elementor-widget-wrap elementor-element-populated\">\n\t\t\t\t\t\t<div class=\"elementor-element elementor-element-7db4351 elementor-widget elementor-widget-image\" data-id=\"7db4351\" data-element_type=\"widget\" data-e-type=\"widget\" data-widget_type=\"image.default\">\n\t\t\t\t<div class=\"elementor-widget-container\">\n\t\t\t\t\t\t\t\t\t\t\t\t\t\t\t<img decoding=\"async\" width=\"1119\" height=\"704\" src=\"https:\/\/mobilia.fi\/wp-content\/uploads\/2020\/09\/wartburg-3.jpg\" class=\"attachment-full size-full wp-image-1260\" alt=\"wartburg\" srcset=\"https:\/\/mobilia.fi\/wp-content\/uploads\/2020\/09\/wartburg-3.jpg 1119w, https:\/\/mobilia.fi\/wp-content\/uploads\/2020\/09\/wartburg-3-300x189.jpg 300w, https:\/\/mobilia.fi\/wp-content\/uploads\/2020\/09\/wartburg-3-1024x644.jpg 1024w, https:\/\/mobilia.fi\/wp-content\/uploads\/2020\/09\/wartburg-3-768x483.jpg 768w\" sizes=\"(max-width: 1119px) 100vw, 1119px\" \/>\t\t\t\t\t\t\t\t\t\t\t\t\t\t\t<\/div>\n\t\t\t\t<\/div>\n\t\t\t\t\t<\/div>\n\t\t<\/div>\n\t\t\t\t\t<\/div>\n\t\t<\/section>\n\t\t\t\t<section class=\"elementor-section elementor-top-section elementor-element elementor-element-c2d4cb3 elementor-section-boxed elementor-section-height-default elementor-section-height-default\" data-id=\"c2d4cb3\" data-element_type=\"section\" data-e-type=\"section\">\n\t\t\t\t\t\t<div class=\"elementor-container elementor-column-gap-default\">\n\t\t\t\t\t<div class=\"elementor-column elementor-col-50 elementor-top-column elementor-element elementor-element-c4f165e\" data-id=\"c4f165e\" data-element_type=\"column\" data-e-type=\"column\">\n\t\t\t<div class=\"elementor-widget-wrap\">\n\t\t\t\t\t\t\t<\/div>\n\t\t<\/div>\n\t\t\t\t<div class=\"elementor-column elementor-col-50 elementor-top-column elementor-element elementor-element-33ce546\" data-id=\"33ce546\" data-element_type=\"column\" data-e-type=\"column\">\n\t\t\t<div class=\"elementor-widget-wrap\">\n\t\t\t\t\t\t\t<\/div>\n\t\t<\/div>\n\t\t\t\t\t<\/div>\n\t\t<\/section>\n\t\t\t\t<\/div>\n\t\t","protected":false},"excerpt":{"rendered":"<p>Kokoelmien helmi\u00e4 Mobiliassa on digitoitu hyvinvoinnin aikakauden eli Suomen sotien j\u00e4lkeisen ajan ajoneuvoja henkil\u00f6autoista polkupy\u00f6riin. \u00a0 Volkswagen Kupla vm. 1961 Mobilian kokoelmiin kuuluva Volkswagen Kupla vuosimallia 1961. Autotuonnin vapauduttua vuonna 1962 Kuplan myyntiluvut nousivat jyrk\u00e4sti. Vuonna 1963 Suomessa myytiin 17 188 Volkswagenia. Kuplan maahantuonti lopetettiin vuonna 1975. Kaikkiaan Suomeen tuotiin yli 127 000 Volkswagen Kuplaa. [&hellip;]<\/p>\n","protected":false},"author":3,"featured_media":728,"parent":642,"menu_order":0,"comment_status":"closed","ping_status":"closed","template":"","meta":{"_acf_changed":false,"inline_featured_image":false,"footnotes":""},"class_list":["post-1238","page","type-page","status-publish","has-post-thumbnail","hentry"],"acf":[],"_links":{"self":[{"href":"https:\/\/mobilia.fi\/fi\/wp-json\/wp\/v2\/pages\/1238","targetHints":{"allow":["GET"]}}],"collection":[{"href":"https:\/\/mobilia.fi\/fi\/wp-json\/wp\/v2\/pages"}],"about":[{"href":"https:\/\/mobilia.fi\/fi\/wp-json\/wp\/v2\/types\/page"}],"author":[{"embeddable":true,"href":"https:\/\/mobilia.fi\/fi\/wp-json\/wp\/v2\/users\/3"}],"replies":[{"embeddable":true,"href":"https:\/\/mobilia.fi\/fi\/wp-json\/wp\/v2\/comments?post=1238"}],"version-history":[{"count":9,"href":"https:\/\/mobilia.fi\/fi\/wp-json\/wp\/v2\/pages\/1238\/revisions"}],"predecessor-version":[{"id":1263,"href":"https:\/\/mobilia.fi\/fi\/wp-json\/wp\/v2\/pages\/1238\/revisions\/1263"}],"up":[{"embeddable":true,"href":"https:\/\/mobilia.fi\/fi\/wp-json\/wp\/v2\/pages\/642"}],"wp:featuredmedia":[{"embeddable":true,"href":"https:\/\/mobilia.fi\/fi\/wp-json\/wp\/v2\/media\/728"}],"wp:attachment":[{"href":"https:\/\/mobilia.fi\/fi\/wp-json\/wp\/v2\/media?parent=1238"}],"curies":[{"name":"wp","href":"https:\/\/api.w.org\/{rel}","templated":true}]}}