{"id":1495,"date":"2020-10-16T10:44:04","date_gmt":"2020-10-16T07:44:04","guid":{"rendered":"https:\/\/mobilia.fi\/?page_id=1495"},"modified":"2026-04-02T16:01:49","modified_gmt":"2026-04-02T13:01:49","slug":"liikennepuisto","status":"publish","type":"page","link":"https:\/\/mobilia.fi\/fi\/vieraile\/lapsille\/liikennepuisto\/","title":{"rendered":"Liikennepuisto"},"content":{"rendered":"\t\t<div data-elementor-type=\"wp-page\" data-elementor-id=\"1495\" class=\"elementor elementor-1495\" data-elementor-post-type=\"page\">\n\t\t\t\t\t\t<section class=\"elementor-section elementor-top-section elementor-element elementor-element-8cd8eca elementor-section-height-min-height elementor-section-boxed elementor-section-height-default elementor-section-items-middle\" data-id=\"8cd8eca\" data-element_type=\"section\" data-e-type=\"section\" data-settings=\"{&quot;background_background&quot;:&quot;classic&quot;}\">\n\t\t\t\t\t\t\t<div class=\"elementor-background-overlay\"><\/div>\n\t\t\t\t\t\t\t<div class=\"elementor-container elementor-column-gap-default\">\n\t\t\t\t\t<div class=\"elementor-column elementor-col-100 elementor-top-column elementor-element elementor-element-7d7a96a\" data-id=\"7d7a96a\" data-element_type=\"column\" data-e-type=\"column\">\n\t\t\t<div class=\"elementor-widget-wrap elementor-element-populated\">\n\t\t\t\t\t\t<div class=\"elementor-element elementor-element-ce9c067 elementor-widget elementor-widget-text-editor\" data-id=\"ce9c067\" data-element_type=\"widget\" data-e-type=\"widget\" data-widget_type=\"text-editor.default\">\n\t\t\t\t<div class=\"elementor-widget-container\">\n\t\t\t\t\t\t\t\t\t<h1>Liikennepuisto<\/h1><p>Hauska tapa oppia liikennek\u00e4ytt\u00e4ymist\u00e4<\/p>\t\t\t\t\t\t\t\t<\/div>\n\t\t\t\t<\/div>\n\t\t\t\t\t<\/div>\n\t\t<\/div>\n\t\t\t\t\t<\/div>\n\t\t<\/section>\n\t\t\t\t<section class=\"elementor-section elementor-top-section elementor-element elementor-element-3915d047 elementor-section-boxed elementor-section-height-default elementor-section-height-default\" data-id=\"3915d047\" data-element_type=\"section\" data-e-type=\"section\">\n\t\t\t\t\t\t<div class=\"elementor-container elementor-column-gap-default\">\n\t\t\t\t\t<div class=\"elementor-column elementor-col-100 elementor-top-column elementor-element elementor-element-6bc162e0\" data-id=\"6bc162e0\" data-element_type=\"column\" data-e-type=\"column\">\n\t\t\t<div class=\"elementor-widget-wrap elementor-element-populated\">\n\t\t\t\t\t\t<section class=\"elementor-section elementor-inner-section elementor-element elementor-element-6191ed31 elementor-section-boxed elementor-section-height-default elementor-section-height-default\" data-id=\"6191ed31\" data-element_type=\"section\" data-e-type=\"section\">\n\t\t\t\t\t\t<div class=\"elementor-container elementor-column-gap-default\">\n\t\t\t\t\t<div class=\"elementor-column elementor-col-50 elementor-inner-column elementor-element elementor-element-77871d4b\" data-id=\"77871d4b\" data-element_type=\"column\" data-e-type=\"column\">\n\t\t\t<div class=\"elementor-widget-wrap elementor-element-populated\">\n\t\t\t\t\t\t<div class=\"elementor-element elementor-element-45aa1293 elementor-widget elementor-widget-text-editor\" data-id=\"45aa1293\" data-element_type=\"widget\" data-e-type=\"widget\" data-widget_type=\"text-editor.default\">\n\t\t\t\t<div class=\"elementor-widget-container\">\n\t\t\t\t\t\t\t\t\t<p><span class=\"custom-sub-header\" style=\"color: #009cdf;\">Rahtarit-liikennepuistossa polkuautoillaan<br \/><\/span><\/p><p>Liikennepuiston erilaisilla polkuautoilla p\u00e4\u00e4see harjoittelemaan liikennes\u00e4\u00e4nt\u00f6j\u00e4 ja oikeaoppista liikennek\u00e4ytt\u00e4ytymist\u00e4 hauskalla tavalla liikennepuisto-ohjaajien opastuksella. Liikennepuisto on tarkoitettu 4\u201312-vuotiaille. Turvallisuussyist\u00e4 ja varmistaaksemme sujuvan ajon olemme tarkkoja ik\u00e4rajan suhteen!<\/p>\t\t\t\t\t\t\t\t<\/div>\n\t\t\t\t<\/div>\n\t\t\t\t\t<\/div>\n\t\t<\/div>\n\t\t\t\t<div class=\"elementor-column elementor-col-50 elementor-inner-column elementor-element elementor-element-1d330ba3\" data-id=\"1d330ba3\" data-element_type=\"column\" data-e-type=\"column\">\n\t\t\t<div class=\"elementor-widget-wrap elementor-element-populated\">\n\t\t\t\t\t\t<div class=\"elementor-element elementor-element-37f28f14 elementor-widget elementor-widget-image\" data-id=\"37f28f14\" data-element_type=\"widget\" data-e-type=\"widget\" data-widget_type=\"image.default\">\n\t\t\t\t<div class=\"elementor-widget-container\">\n\t\t\t\t\t\t\t\t\t\t\t\t\t\t\t<img fetchpriority=\"high\" decoding=\"async\" width=\"640\" height=\"427\" src=\"https:\/\/mobilia.fi\/wp-content\/uploads\/2020\/10\/Mobilia_Liikennepuisto_2020_websize-4_pieni.jpg\" class=\"attachment-full size-full wp-image-1501\" alt=\"Pieni tytt\u00f6 ajaa oranssilla polkuautolla kiertoliittym\u00e4\u00e4n rannalla sijatisevassa liikennepuistossa.\" srcset=\"https:\/\/mobilia.fi\/wp-content\/uploads\/2020\/10\/Mobilia_Liikennepuisto_2020_websize-4_pieni.jpg 640w, https:\/\/mobilia.fi\/wp-content\/uploads\/2020\/10\/Mobilia_Liikennepuisto_2020_websize-4_pieni-300x200.jpg 300w\" sizes=\"(max-width: 640px) 100vw, 640px\" \/>\t\t\t\t\t\t\t\t\t\t\t\t\t\t\t<\/div>\n\t\t\t\t<\/div>\n\t\t\t\t\t<\/div>\n\t\t<\/div>\n\t\t\t\t\t<\/div>\n\t\t<\/section>\n\t\t\t\t\t<\/div>\n\t\t<\/div>\n\t\t\t\t\t<\/div>\n\t\t<\/section>\n\t\t\t\t<section class=\"elementor-section elementor-top-section elementor-element elementor-element-27b04f3 elementor-section-boxed elementor-section-height-default elementor-section-height-default\" data-id=\"27b04f3\" data-element_type=\"section\" data-e-type=\"section\">\n\t\t\t\t\t\t<div class=\"elementor-container elementor-column-gap-default\">\n\t\t\t\t\t<div class=\"elementor-column elementor-col-100 elementor-top-column elementor-element elementor-element-a1ecac0\" data-id=\"a1ecac0\" data-element_type=\"column\" data-e-type=\"column\">\n\t\t\t<div class=\"elementor-widget-wrap elementor-element-populated\">\n\t\t\t\t\t\t<section class=\"elementor-section elementor-inner-section elementor-element elementor-element-20a3200 elementor-section-boxed elementor-section-height-default elementor-section-height-default\" data-id=\"20a3200\" data-element_type=\"section\" data-e-type=\"section\">\n\t\t\t\t\t\t<div class=\"elementor-container elementor-column-gap-default\">\n\t\t\t\t\t<div class=\"elementor-column elementor-col-50 elementor-inner-column elementor-element elementor-element-7e6b153\" data-id=\"7e6b153\" data-element_type=\"column\" data-e-type=\"column\">\n\t\t\t<div class=\"elementor-widget-wrap elementor-element-populated\">\n\t\t\t\t\t\t<div class=\"elementor-element elementor-element-c18adb7 elementor-widget elementor-widget-text-editor\" data-id=\"c18adb7\" data-element_type=\"widget\" data-e-type=\"widget\" data-widget_type=\"text-editor.default\">\n\t\t\t\t<div class=\"elementor-widget-container\">\n\t\t\t\t\t\t\t\t\t<p><span class=\"custom-sub-header\" style=\"color: #009cdf;\">Liikennepuisto avoinna<\/span><\/p><p>Toukokuussa viikonloppuisin klo 11\u201315<br \/>Kes\u00e4ll\u00e4 1.6.\u201314.8 joka p\u00e4iv\u00e4 klo 11\u201318<br \/>Elokuussa 15.8. alkaen viikonloppuisin klo 11\u201315<\/p><p>Ryhmille sopimuksen mukaan my\u00f6s muina aikoina.<\/p><p><span class=\"custom-sub-header\" style=\"color: #009cdf;\">Liikennepuisto suljettu<\/span><\/p><p>juhannusaattona <br \/>syyskuusta huhtikuun loppuun<\/p>\t\t\t\t\t\t\t\t<\/div>\n\t\t\t\t<\/div>\n\t\t\t\t<div class=\"elementor-element elementor-element-5b17e7f elementor-widget elementor-widget-text-editor\" data-id=\"5b17e7f\" data-element_type=\"widget\" data-e-type=\"widget\" data-widget_type=\"text-editor.default\">\n\t\t\t\t<div class=\"elementor-widget-container\">\n\t\t\t\t\t\t\t\t\t<p><span class=\"custom-sub-header\" style=\"color: #009cdf;\">Liikennepuiston p\u00e4\u00e4symaksut<br \/><\/span><\/p><p>ajomaksu 3 \u20ac\/15 min <br \/>samana p\u00e4iv\u00e4n\u00e4 ajettavat lis\u00e4ajot 2 \u20ac\/15 min<\/p><p>P\u00e4\u00e4sylippu sis\u00e4lt\u00e4\u00e4 ajokortin.<\/p><p>\u00a0<\/p>\t\t\t\t\t\t\t\t<\/div>\n\t\t\t\t<\/div>\n\t\t\t\t\t<\/div>\n\t\t<\/div>\n\t\t\t\t<div class=\"elementor-column elementor-col-50 elementor-inner-column elementor-element elementor-element-82cbd1d\" data-id=\"82cbd1d\" data-element_type=\"column\" data-e-type=\"column\">\n\t\t\t<div class=\"elementor-widget-wrap elementor-element-populated\">\n\t\t\t\t\t\t<div class=\"elementor-element elementor-element-535515e elementor-widget elementor-widget-text-editor\" data-id=\"535515e\" data-element_type=\"widget\" data-e-type=\"widget\" data-widget_type=\"text-editor.default\">\n\t\t\t\t<div class=\"elementor-widget-container\">\n\t\t\t\t\t\t\t\t\t<p><span class=\"custom-sub-header\" style=\"color: #009cdf;\">Liikennepuiston s\u00e4\u00e4nn\u00f6t<\/span><\/p><ol><li>Liikennepuisto on tarkoitettu 4\u201312-vuotiaille lapsille.<\/li><li>Lapset ovat liikennepuistossa hoitajiensa tai vanhempiensa vastuulla.<\/li><li>Liikennepuiston k\u00e4ytt\u00e4jien on toiminnan turvallisuuden vuoksi noudatettava ohjaajien antamia ohjeita.<\/li><li>Liikennepuistossa on ajettava ja k\u00e4ytt\u00e4ydytt\u00e4v\u00e4 siten, ettei muille aiheudu varaa tai vahinkoa.<\/li><li>Liikennepuiston aukioloaikana ajetaan vain liikennepuiston kalustolla.<\/li><\/ol>\t\t\t\t\t\t\t\t<\/div>\n\t\t\t\t<\/div>\n\t\t\t\t\t<\/div>\n\t\t<\/div>\n\t\t\t\t\t<\/div>\n\t\t<\/section>\n\t\t\t\t\t<\/div>\n\t\t<\/div>\n\t\t\t\t\t<\/div>\n\t\t<\/section>\n\t\t\t\t<section class=\"elementor-section elementor-top-section elementor-element elementor-element-faa1559 elementor-section-boxed elementor-section-height-default elementor-section-height-default\" data-id=\"faa1559\" data-element_type=\"section\" data-e-type=\"section\">\n\t\t\t\t\t\t<div class=\"elementor-container elementor-column-gap-default\">\n\t\t\t\t\t<div class=\"elementor-column elementor-col-100 elementor-top-column elementor-element elementor-element-5eb5c31\" data-id=\"5eb5c31\" data-element_type=\"column\" data-e-type=\"column\">\n\t\t\t<div class=\"elementor-widget-wrap elementor-element-populated\">\n\t\t\t\t\t\t<section class=\"elementor-section elementor-inner-section elementor-element elementor-element-14e9d3b elementor-section-boxed elementor-section-height-default elementor-section-height-default\" data-id=\"14e9d3b\" data-element_type=\"section\" data-e-type=\"section\">\n\t\t\t\t\t\t<div class=\"elementor-container elementor-column-gap-default\">\n\t\t\t\t\t<div class=\"elementor-column elementor-col-50 elementor-inner-column elementor-element elementor-element-7159556\" data-id=\"7159556\" data-element_type=\"column\" data-e-type=\"column\">\n\t\t\t<div class=\"elementor-widget-wrap elementor-element-populated\">\n\t\t\t\t\t\t<div class=\"elementor-element elementor-element-1329a2d elementor-widget elementor-widget-image\" data-id=\"1329a2d\" data-element_type=\"widget\" data-e-type=\"widget\" data-widget_type=\"image.default\">\n\t\t\t\t<div class=\"elementor-widget-container\">\n\t\t\t\t\t\t\t\t\t\t\t\t\t\t\t<img decoding=\"async\" width=\"640\" height=\"427\" src=\"https:\/\/mobilia.fi\/wp-content\/uploads\/2020\/10\/Mobilia_Kaivuri_2020_websize-6_pieni.jpg\" class=\"attachment-full size-full wp-image-1506\" alt=\"Tytt\u00f6 istuu oranssissa pikkukaivurissa ja kaivaa hiekkakasaa.\" srcset=\"https:\/\/mobilia.fi\/wp-content\/uploads\/2020\/10\/Mobilia_Kaivuri_2020_websize-6_pieni.jpg 640w, https:\/\/mobilia.fi\/wp-content\/uploads\/2020\/10\/Mobilia_Kaivuri_2020_websize-6_pieni-300x200.jpg 300w\" sizes=\"(max-width: 640px) 100vw, 640px\" \/>\t\t\t\t\t\t\t\t\t\t\t\t\t\t\t<\/div>\n\t\t\t\t<\/div>\n\t\t\t\t\t<\/div>\n\t\t<\/div>\n\t\t\t\t<div class=\"elementor-column elementor-col-50 elementor-inner-column elementor-element elementor-element-41f1c04\" data-id=\"41f1c04\" data-element_type=\"column\" data-e-type=\"column\">\n\t\t\t<div class=\"elementor-widget-wrap elementor-element-populated\">\n\t\t\t\t\t\t<div class=\"elementor-element elementor-element-30701df elementor-widget elementor-widget-text-editor\" data-id=\"30701df\" data-element_type=\"widget\" data-e-type=\"widget\" data-widget_type=\"text-editor.default\">\n\t\t\t\t<div class=\"elementor-widget-container\">\n\t\t\t\t\t\t\t\t\t<p><span class=\"custom-sub-header\" style=\"color: #009cdf;\">Hydraulinen minikaivuri<br \/><\/span><\/p><p>Liikennepuiston yhteydess\u00e4 on hydraulinen minikaivuri, jolla lapset p\u00e4\u00e4sev\u00e4t kokeilemaan koneellista kaivamista.<\/p><p>Kaivuri toimii 1 euron kolikolla, ja kaivuuhommiin p\u00e4\u00e4sev\u00e4t kaiken ik\u00e4iset lapset.<\/p><p>Kaivuri on k\u00e4ytett\u00e4viss\u00e4 kes\u00e4ll\u00e4 liikennepuiston aukioloaikoina.<\/p>\t\t\t\t\t\t\t\t<\/div>\n\t\t\t\t<\/div>\n\t\t\t\t\t<\/div>\n\t\t<\/div>\n\t\t\t\t\t<\/div>\n\t\t<\/section>\n\t\t\t\t\t<\/div>\n\t\t<\/div>\n\t\t\t\t\t<\/div>\n\t\t<\/section>\n\t\t\t\t<\/div>\n\t\t","protected":false},"excerpt":{"rendered":"<p>Liikennepuisto Hauska tapa oppia liikennek\u00e4ytt\u00e4ymist\u00e4 Rahtarit-liikennepuistossa polkuautoillaan Liikennepuiston erilaisilla polkuautoilla p\u00e4\u00e4see harjoittelemaan liikennes\u00e4\u00e4nt\u00f6j\u00e4 ja oikeaoppista liikennek\u00e4ytt\u00e4ytymist\u00e4 hauskalla tavalla liikennepuisto-ohjaajien opastuksella. Liikennepuisto on tarkoitettu 4\u201312-vuotiaille. Turvallisuussyist\u00e4 ja varmistaaksemme sujuvan ajon olemme tarkkoja ik\u00e4rajan suhteen! Liikennepuisto avoinna Toukokuussa viikonloppuisin klo 11\u201315Kes\u00e4ll\u00e4 1.6.\u201314.8 joka p\u00e4iv\u00e4 klo 11\u201318Elokuussa 15.8. alkaen viikonloppuisin klo 11\u201315 Ryhmille sopimuksen mukaan my\u00f6s muina aikoina. [&hellip;]<\/p>\n","protected":false},"author":2,"featured_media":1576,"parent":1481,"menu_order":4,"comment_status":"closed","ping_status":"closed","template":"","meta":{"_acf_changed":false,"inline_featured_image":false,"footnotes":""},"class_list":["post-1495","page","type-page","status-publish","has-post-thumbnail","hentry"],"acf":[],"_links":{"self":[{"href":"https:\/\/mobilia.fi\/fi\/wp-json\/wp\/v2\/pages\/1495","targetHints":{"allow":["GET"]}}],"collection":[{"href":"https:\/\/mobilia.fi\/fi\/wp-json\/wp\/v2\/pages"}],"about":[{"href":"https:\/\/mobilia.fi\/fi\/wp-json\/wp\/v2\/types\/page"}],"author":[{"embeddable":true,"href":"https:\/\/mobilia.fi\/fi\/wp-json\/wp\/v2\/users\/2"}],"replies":[{"embeddable":true,"href":"https:\/\/mobilia.fi\/fi\/wp-json\/wp\/v2\/comments?post=1495"}],"version-history":[{"count":27,"href":"https:\/\/mobilia.fi\/fi\/wp-json\/wp\/v2\/pages\/1495\/revisions"}],"predecessor-version":[{"id":16686,"href":"https:\/\/mobilia.fi\/fi\/wp-json\/wp\/v2\/pages\/1495\/revisions\/16686"}],"up":[{"embeddable":true,"href":"https:\/\/mobilia.fi\/fi\/wp-json\/wp\/v2\/pages\/1481"}],"wp:featuredmedia":[{"embeddable":true,"href":"https:\/\/mobilia.fi\/fi\/wp-json\/wp\/v2\/media\/1576"}],"wp:attachment":[{"href":"https:\/\/mobilia.fi\/fi\/wp-json\/wp\/v2\/media?parent=1495"}],"curies":[{"name":"wp","href":"https:\/\/api.w.org\/{rel}","templated":true}]}}