{"id":15015,"date":"2025-02-18T08:33:39","date_gmt":"2025-02-18T06:33:39","guid":{"rendered":"https:\/\/mobilia.fi\/?page_id=15015"},"modified":"2025-02-18T08:37:12","modified_gmt":"2025-02-18T06:37:12","slug":"tietosuoja-markkinointi","status":"publish","type":"page","link":"https:\/\/mobilia.fi\/fi\/museo\/tietosuoja-markkinointi\/","title":{"rendered":"Tietosuoja markkinointi"},"content":{"rendered":"\t\t<div data-elementor-type=\"wp-page\" data-elementor-id=\"15015\" class=\"elementor elementor-15015\" data-elementor-post-type=\"page\">\n\t\t\t\t\t\t<section class=\"elementor-section elementor-top-section elementor-element elementor-element-4096226c elementor-section-height-min-height elementor-section-boxed elementor-section-height-default elementor-section-items-middle\" data-id=\"4096226c\" data-element_type=\"section\" data-e-type=\"section\" data-settings=\"{&quot;background_background&quot;:&quot;classic&quot;}\">\n\t\t\t\t\t\t\t<div class=\"elementor-background-overlay\"><\/div>\n\t\t\t\t\t\t\t<div class=\"elementor-container elementor-column-gap-default\">\n\t\t\t\t\t<div class=\"elementor-column elementor-col-100 elementor-top-column elementor-element elementor-element-4839aeab\" data-id=\"4839aeab\" data-element_type=\"column\" data-e-type=\"column\">\n\t\t\t<div class=\"elementor-widget-wrap elementor-element-populated\">\n\t\t\t\t\t\t<div class=\"elementor-element elementor-element-391cdba3 elementor-widget elementor-widget-text-editor\" data-id=\"391cdba3\" data-element_type=\"widget\" data-e-type=\"widget\" data-widget_type=\"text-editor.default\">\n\t\t\t\t<div class=\"elementor-widget-container\">\n\t\t\t\t\t\t\t\t\t<h3>Mobilia s\u00e4\u00e4ti\u00f6n markkinoinnissa k\u00e4ytett\u00e4v\u00e4n asiakasrekisterin k\u00e4ytt\u00f6\u00f6n liittyv\u00e4 tietosuojailmoitus<\/h3>\t\t\t\t\t\t\t\t<\/div>\n\t\t\t\t<\/div>\n\t\t\t\t\t<\/div>\n\t\t<\/div>\n\t\t\t\t\t<\/div>\n\t\t<\/section>\n\t\t\t\t<section class=\"elementor-section elementor-top-section elementor-element elementor-element-d4722ff elementor-section-boxed elementor-section-height-default elementor-section-height-default\" data-id=\"d4722ff\" data-element_type=\"section\" data-e-type=\"section\">\n\t\t\t\t\t\t<div class=\"elementor-container elementor-column-gap-default\">\n\t\t\t\t\t<div class=\"elementor-column elementor-col-100 elementor-top-column elementor-element elementor-element-44fe889\" data-id=\"44fe889\" data-element_type=\"column\" data-e-type=\"column\">\n\t\t\t<div class=\"elementor-widget-wrap elementor-element-populated\">\n\t\t\t\t\t\t<section class=\"elementor-section elementor-inner-section elementor-element elementor-element-01563f2 elementor-section-boxed elementor-section-height-default elementor-section-height-default\" data-id=\"01563f2\" data-element_type=\"section\" data-e-type=\"section\">\n\t\t\t\t\t\t<div class=\"elementor-container elementor-column-gap-default\">\n\t\t\t\t\t<div class=\"elementor-column elementor-col-100 elementor-inner-column elementor-element elementor-element-d334ab1\" data-id=\"d334ab1\" data-element_type=\"column\" data-e-type=\"column\">\n\t\t\t<div class=\"elementor-widget-wrap elementor-element-populated\">\n\t\t\t\t\t\t<div class=\"elementor-element elementor-element-726dc3f elementor-widget elementor-widget-text-editor\" data-id=\"726dc3f\" data-element_type=\"widget\" data-e-type=\"widget\" data-widget_type=\"text-editor.default\">\n\t\t\t\t<div class=\"elementor-widget-container\">\n\t\t\t\t\t\t\t\t\t<p class=\"xmsonormal\"><b><span style=\"color: black;\">Mobilia s\u00e4\u00e4ti\u00f6n markkinoinnissa k\u00e4ytett\u00e4v\u00e4n asiakasrekisterin k\u00e4ytt\u00f6\u00f6n liittyv\u00e4 tietosuojailmoitus<\/span><\/b><\/p><p class=\"xmsonormal\"><span style=\"color: black;\">\u00a0<\/span><\/p><p class=\"xmsonormal\"><span style=\"color: black;\">T\u00e4m\u00e4 on EU:n yleisen tietosuoja-asetuksen (GDPR) mukainen Mobilia s\u00e4\u00e4ti\u00f6n (tiedotus- ja markkinointik\u00e4ytt\u00f6\u00f6n liittyv\u00e4n viestint\u00e4- ja tapahtumapalvelujen) asiakkaille tiedoksi oleva tietosuojailmoitus. T\u00e4ss\u00e4 tietosuojailmoituksessa kuvataan tietosuojak\u00e4yt\u00e4nt\u00f6j\u00e4, jotka koskevat Mobilian palvelujen markkinointiin ja tiedottamiseen liittyv\u00e4\u00e4 asiakastietojen k\u00e4ytt\u00f6\u00e4. Laadittu 5.2.2025.<\/span><\/p><p class=\"xmsonormal\"><span style=\"color: black;\">\u00a0<\/span><\/p><p class=\"xmsonormal\"><b><span style=\"color: black;\">1. Rekisterinpit\u00e4j\u00e4<\/span><\/b><\/p><p class=\"xmsonormal\"><span style=\"color: black;\">Mobilia s\u00e4\u00e4ti\u00f6, Kustaa Kolmannen tie 75 36270 Kangasala<\/span><\/p><p class=\"xmsonormal\"><span style=\"color: black;\">\u00a0<\/span><\/p><p class=\"xmsonormal\"><b><span style=\"color: black;\">2. Rekisterist\u00e4 vastaava yhteyshenkil\u00f6<\/span><\/b><\/p><p class=\"xmsonormal\"><span style=\"color: black;\">Tiedotuksesta ja markkinoinnista sek\u00e4 n\u00e4ihin liittyvist\u00e4 asiakasrekisterien k\u00e4yt\u00f6st\u00e4 vastaava henkil\u00f6 yleis\u00f6ty\u00f6np\u00e4\u00e4llikk\u00f6 Elina Toukola (p. 044 033 9823, elina.toukola(a)mobilia.fi).<\/span><\/p><p class=\"xmsonormal\"><span style=\"color: black;\">\u00a0<\/span><\/p><p class=\"xmsonormal\"><b><span style=\"color: black;\">3. Rekisterin nimi<\/span><\/b><\/p><p class=\"xmsonormal\"><b><span style=\"color: black;\">Mobilia s\u00e4\u00e4ti\u00f6n asiakasrekisteri<\/span><\/b><\/p><p class=\"xmsonormal\"><span style=\"color: black;\">Mobilia s\u00e4\u00e4ti\u00f6n tiedotus- ja markkinointik\u00e4ytt\u00f6\u00f6n tarkoitettu asiakasrekisteri.<\/span><\/p><p class=\"xmsonormal\"><span style=\"color: black;\">\u00a0<\/span><\/p><p class=\"xmsonormal\"><b><span style=\"color: black;\">4. Oikeusperuste ja henkil\u00f6tietojen k\u00e4sittelyn tarkoitus<\/span><\/b><\/p><p class=\"xmsonormal\"><span style=\"color: black;\">EU:n yleisen tietosuoja-asetuksen mukainen oikeusperuste henkil\u00f6tietojen k\u00e4sittelylle on henkil\u00f6n suostumus.<\/span><\/p><p class=\"xmsonormal\"><span style=\"color: black;\">Mobilia k\u00e4ytt\u00e4\u00e4 asiakasrekisteri\u00e4 viesti\u00e4kseen ja markkinoidakseen museon palveluita, toimintaa ja tapahtumia. Henkil\u00f6tietoja k\u00e4ytet\u00e4\u00e4n asiakasviestint\u00e4\u00e4n, uutiskirjeiden jakeluun, tapahtumien toteuttamiseen ja tapahtumista tiedottamiseen, sek\u00e4 museon tarjoamien palveluiden kehitt\u00e4miseen. Henkil\u00f6tietojen k\u00e4sittelyn tarkoitus on yhteydenpito asiakkaisiin, asiakasrekisterin yll\u00e4pit\u00e4minen, asiakkaiden tarjouspyynt\u00f6jen k\u00e4sittely ja asiakassuhteen hoitaminen sek\u00e4 Mobilian ajankohtaisista asioista ja palveluista tiedottaminen ja markkinointi.<\/span><\/p><p class=\"xmsonormal\"><span style=\"color: black;\">Tietoja ei k\u00e4ytet\u00e4 automatisoituun p\u00e4\u00e4t\u00f6ksentekoon tai profilointiin.<\/span><\/p><p class=\"xmsonormal\"><span style=\"color: black;\">\u00a0<\/span><\/p><p class=\"xmsonormal\"><b><span style=\"color: black;\">5. Rekisterin tietosis\u00e4lt\u00f6<\/span><\/b><\/p><p class=\"xmsonormal\"><span style=\"color: black;\">Rekisteriin tallennettavia tietoja ovat: henkil\u00f6n nimi, yritys\/organisaatio, yhteystiedot kuten puhelinnumero ja s\u00e4hk\u00f6postiosoite.\u00a0<\/span><\/p><p class=\"xmsonormal\"><span style=\"color: black;\">Henkil\u00f6tietoja s\u00e4ilytet\u00e4\u00e4n rekisterin k\u00e4ytt\u00f6tarkoituksen kannalta tarpeellinen aika.<\/span><\/p><p class=\"xmsonormal\"><span style=\"color: black;\">\u00a0<\/span><\/p><p class=\"xmsonormal\"><b><span style=\"color: black;\">6. S\u00e4\u00e4nn\u00f6nmukaiset tietol\u00e4hteet<\/span><\/b><\/p><p class=\"xmsonormal\"><span style=\"color: black;\">Rekisteriin tallennettavat tiedot saadaan asiakkailta itselt\u00e4\u00e4n<b>\u00a0<\/b>yhteydenotto-lomakkeilla l\u00e4hetetyist\u00e4 viesteist\u00e4, s\u00e4hk\u00f6postitse, puhelimitse, sopimuksista, asiakastapaamisista ja muista tilanteista, joissa asiakas luovuttaa itse tietojaan.<\/span><\/p><p>Mobilia s\u00e4\u00e4ti\u00f6 sr:n markkinointirekisteri sis\u00e4lt\u00e4\u00e4 my\u00f6s Mobilia s\u00e4\u00e4ti\u00f6 sr:n oman markkinointirekisterin ulkopuolisia tietoja. N\u00e4iss\u00e4 tiedoissa sen p\u00e4\u00e4asiallinen tietol\u00e4hde on Suomen Asiakastieto Oy.<\/p><p class=\"xmsonormal\"><span style=\"color: black;\">Yritysten ja muiden organisaatioiden yhteyshenkil\u00f6iden tietoja voidaan ker\u00e4t\u00e4 my\u00f6s julkisista l\u00e4hteist\u00e4 kuten verkkosivuilta, hakemistopalveluista ja muilta yrityksilt\u00e4.<\/span><\/p><p class=\"xmsonormal\"><span style=\"color: black;\">\u00a0<\/span><\/p><p class=\"xmsonormal\"><b><span style=\"color: black;\">7. Tietojen s\u00e4\u00e4nn\u00f6nmukaiset luovutukset ja tietojen siirto EU:n tai ETA:n ulkopuolelle<\/span><\/b><\/p><p class=\"xmsonormal\"><span style=\"color: black;\">Tietoja ei luovuteta s\u00e4\u00e4nn\u00f6nmukaisesti muille tahoille. Tietoja voidaan julkaista silt\u00e4 osin kuin niin on sovittu asiakkaan kanssa.<\/span><\/p><p class=\"xmsonormal\"><span style=\"color: black;\">Tietoja ei siirret\u00e4 EU:n tai ETA:n ulkopuolelle tai Yhdysvaltoihin ilman rekister\u00f6ityjen nimenomaista suostumusta.<\/span><\/p><p class=\"xmsonormal\"><span style=\"color: black;\">\u00a0<\/span><\/p><p class=\"xmsonormal\"><b><span style=\"color: black;\">8. Rekisterin suojauksen periaatteet\u00a0<\/span><\/b><\/p><p class=\"xmsonormal\"><span style=\"color: black;\">Rekisterin k\u00e4sittelyss\u00e4 noudatetaan huolellisuutta ja tietoj\u00e4rjestelmien avulla k\u00e4sitelt\u00e4v\u00e4t tiedot suojataan asianmukaisesti. Kun rekisteritietoja s\u00e4ilytet\u00e4\u00e4n palvelimilla, niiden laitteiston fyysisest\u00e4 ja digitaalisesta tietoturvasta huolehditaan asiaankuuluvasti. Rekisterinpit\u00e4j\u00e4 huolehtii siit\u00e4, ett\u00e4 tallennettuja tietoja sek\u00e4 palvelimien k\u00e4ytt\u00f6oikeuksia ja muita henkil\u00f6tietojen turvallisuuden kannalta kriittisi\u00e4 tietoja k\u00e4sitell\u00e4\u00e4n luottamuksellisesti ja vain niiden ty\u00f6ntekij\u00f6iden toimesta, joiden ty\u00f6nkuvaan se kuuluu.<\/span><\/p><p class=\"xmsonormal\"><span style=\"color: black;\">\u00a0<\/span><\/p><p class=\"xmsonormal\"><b><span style=\"color: black;\">9. Tarkastusoikeus ja oikeus vaatia tiedon korjaamista<\/span><\/b><\/p><p class=\"xmsonormal\"><span style=\"color: black;\">Jokaisella rekisteriss\u00e4 olevalla henkil\u00f6ll\u00e4 on oikeus tarkistaa rekisteriin tallennetut tietonsa ja vaatia mahdollisen virheellisen tiedon korjaamista tai puutteellisen tiedon t\u00e4ydent\u00e4mist\u00e4. Mik\u00e4li henkil\u00f6 haluaa tarkistaa h\u00e4nest\u00e4 tallennetut tiedot tai vaatia niihin oikaisua, pyynt\u00f6 tulee l\u00e4hett\u00e4\u00e4 kirjallisesti rekisterinpit\u00e4j\u00e4lle. Rekisterinpit\u00e4j\u00e4 voi pyyt\u00e4\u00e4 tarvittaessa pyynn\u00f6n esitt\u00e4j\u00e4\u00e4 todistamaan henkil\u00f6llisyytens\u00e4. Rekisterinpit\u00e4j\u00e4 vastaa asiakkaalle EU:n tietosuoja-asetuksessa s\u00e4\u00e4detyss\u00e4 ajassa (p\u00e4\u00e4s\u00e4\u00e4nt\u00f6isesti kuukauden kuluessa).<\/span><\/p><p class=\"xmsonormal\"><span style=\"color: black;\">\u00a0<\/span><\/p><p class=\"xmsonormal\"><b><span style=\"color: black;\">10. Muut henkil\u00f6tietojen k\u00e4sittelyyn liittyv\u00e4t oikeudet<\/span><\/b><\/p><p class=\"xmsonormal\"><span style=\"color: black;\">Rekisteriss\u00e4 olevalla henkil\u00f6ll\u00e4 on oikeus pyyt\u00e4\u00e4 h\u00e4nt\u00e4 koskevien henkil\u00f6tietojen poistamiseen rekisterist\u00e4 (&#8221;oikeus tulla unohdetuksi&#8221;). Niin ik\u00e4\u00e4n rekister\u00f6idyill\u00e4 on muut EU:n yleisen tietosuoja-asetuksen mukaiset oikeudet kuten henkil\u00f6tietojen k\u00e4sittelyn rajoittaminen tietyiss\u00e4 tilanteissa. Pyynn\u00f6t tulee l\u00e4hett\u00e4\u00e4 kirjallisesti rekisterinpit\u00e4j\u00e4lle. Rekisterinpit\u00e4j\u00e4 voi pyyt\u00e4\u00e4 tarvittaessa pyynn\u00f6n esitt\u00e4j\u00e4\u00e4 todistamaan henkil\u00f6llisyytens\u00e4. Rekisterinpit\u00e4j\u00e4 vastaa asiakkaalle EU:n tietosuoja-asetuksessa s\u00e4\u00e4detyss\u00e4 ajassa (p\u00e4\u00e4s\u00e4\u00e4nt\u00f6isesti kuukauden kuluessa).<\/span><\/p><p>\u00a0<\/p>\t\t\t\t\t\t\t\t<\/div>\n\t\t\t\t<\/div>\n\t\t\t\t\t<\/div>\n\t\t<\/div>\n\t\t\t\t\t<\/div>\n\t\t<\/section>\n\t\t\t\t\t<\/div>\n\t\t<\/div>\n\t\t\t\t\t<\/div>\n\t\t<\/section>\n\t\t\t\t<\/div>\n\t\t","protected":false},"excerpt":{"rendered":"<p>Mobilia s\u00e4\u00e4ti\u00f6n markkinoinnissa k\u00e4ytett\u00e4v\u00e4n asiakasrekisterin k\u00e4ytt\u00f6\u00f6n liittyv\u00e4 tietosuojailmoitus Mobilia s\u00e4\u00e4ti\u00f6n markkinoinnissa k\u00e4ytett\u00e4v\u00e4n asiakasrekisterin k\u00e4ytt\u00f6\u00f6n liittyv\u00e4 tietosuojailmoitus T\u00e4m\u00e4 on EU:n yleisen tietosuoja-asetuksen (GDPR) mukainen Mobilia s\u00e4\u00e4ti\u00f6n (tiedotus- ja markkinointik\u00e4ytt\u00f6\u00f6n liittyv\u00e4n viestint\u00e4- ja tapahtumapalvelujen) asiakkaille tiedoksi oleva tietosuojailmoitus. T\u00e4ss\u00e4 tietosuojailmoituksessa kuvataan tietosuojak\u00e4yt\u00e4nt\u00f6j\u00e4, jotka koskevat Mobilian palvelujen markkinointiin ja tiedottamiseen liittyv\u00e4\u00e4 asiakastietojen k\u00e4ytt\u00f6\u00e4. Laadittu 5.2.2025. 1. Rekisterinpit\u00e4j\u00e4 Mobilia [&hellip;]<\/p>\n","protected":false},"author":3,"featured_media":382,"parent":18,"menu_order":17,"comment_status":"closed","ping_status":"closed","template":"","meta":{"_acf_changed":false,"inline_featured_image":false,"footnotes":""},"class_list":["post-15015","page","type-page","status-publish","has-post-thumbnail","hentry"],"acf":[],"_links":{"self":[{"href":"https:\/\/mobilia.fi\/fi\/wp-json\/wp\/v2\/pages\/15015","targetHints":{"allow":["GET"]}}],"collection":[{"href":"https:\/\/mobilia.fi\/fi\/wp-json\/wp\/v2\/pages"}],"about":[{"href":"https:\/\/mobilia.fi\/fi\/wp-json\/wp\/v2\/types\/page"}],"author":[{"embeddable":true,"href":"https:\/\/mobilia.fi\/fi\/wp-json\/wp\/v2\/users\/3"}],"replies":[{"embeddable":true,"href":"https:\/\/mobilia.fi\/fi\/wp-json\/wp\/v2\/comments?post=15015"}],"version-history":[{"count":12,"href":"https:\/\/mobilia.fi\/fi\/wp-json\/wp\/v2\/pages\/15015\/revisions"}],"predecessor-version":[{"id":15027,"href":"https:\/\/mobilia.fi\/fi\/wp-json\/wp\/v2\/pages\/15015\/revisions\/15027"}],"up":[{"embeddable":true,"href":"https:\/\/mobilia.fi\/fi\/wp-json\/wp\/v2\/pages\/18"}],"wp:featuredmedia":[{"embeddable":true,"href":"https:\/\/mobilia.fi\/fi\/wp-json\/wp\/v2\/media\/382"}],"wp:attachment":[{"href":"https:\/\/mobilia.fi\/fi\/wp-json\/wp\/v2\/media?parent=15015"}],"curies":[{"name":"wp","href":"https:\/\/api.w.org\/{rel}","templated":true}]}}