{"id":1513,"date":"2020-10-16T11:22:30","date_gmt":"2020-10-16T08:22:30","guid":{"rendered":"https:\/\/mobilia.fi\/?page_id=1513"},"modified":"2025-06-13T13:13:26","modified_gmt":"2025-06-13T10:13:26","slug":"sisapuuhaa","status":"publish","type":"page","link":"https:\/\/mobilia.fi\/fi\/vieraile\/lapsille\/sisapuuhaa\/","title":{"rendered":"Sis\u00e4puuhaa"},"content":{"rendered":"\t\t<div data-elementor-type=\"wp-page\" data-elementor-id=\"1513\" class=\"elementor elementor-1513\" data-elementor-post-type=\"page\">\n\t\t\t\t\t\t<section class=\"elementor-section elementor-top-section elementor-element elementor-element-8cd8eca elementor-section-height-min-height elementor-section-boxed elementor-section-height-default elementor-section-items-middle\" data-id=\"8cd8eca\" data-element_type=\"section\" data-e-type=\"section\" data-settings=\"{&quot;background_background&quot;:&quot;classic&quot;}\">\n\t\t\t\t\t\t\t<div class=\"elementor-background-overlay\"><\/div>\n\t\t\t\t\t\t\t<div class=\"elementor-container elementor-column-gap-default\">\n\t\t\t\t\t<div class=\"elementor-column elementor-col-100 elementor-top-column elementor-element elementor-element-7d7a96a\" data-id=\"7d7a96a\" data-element_type=\"column\" data-e-type=\"column\">\n\t\t\t<div class=\"elementor-widget-wrap elementor-element-populated\">\n\t\t\t\t\t\t<div class=\"elementor-element elementor-element-ce9c067 elementor-widget elementor-widget-text-editor\" data-id=\"ce9c067\" data-element_type=\"widget\" data-e-type=\"widget\" data-widget_type=\"text-editor.default\">\n\t\t\t\t<div class=\"elementor-widget-container\">\n\t\t\t\t\t\t\t\t\t<h1>Sis\u00e4puuhaa<\/h1><p>Museossa on kivaa!<\/p>\t\t\t\t\t\t\t\t<\/div>\n\t\t\t\t<\/div>\n\t\t\t\t\t<\/div>\n\t\t<\/div>\n\t\t\t\t\t<\/div>\n\t\t<\/section>\n\t\t\t\t<section class=\"elementor-section elementor-top-section elementor-element elementor-element-3915d047 elementor-section-boxed elementor-section-height-default elementor-section-height-default\" data-id=\"3915d047\" data-element_type=\"section\" data-e-type=\"section\">\n\t\t\t\t\t\t<div class=\"elementor-container elementor-column-gap-default\">\n\t\t\t\t\t<div class=\"elementor-column elementor-col-100 elementor-top-column elementor-element elementor-element-6bc162e0\" data-id=\"6bc162e0\" data-element_type=\"column\" data-e-type=\"column\">\n\t\t\t<div class=\"elementor-widget-wrap elementor-element-populated\">\n\t\t\t\t\t\t<section class=\"elementor-section elementor-inner-section elementor-element elementor-element-6191ed31 elementor-section-boxed elementor-section-height-default elementor-section-height-default\" data-id=\"6191ed31\" data-element_type=\"section\" data-e-type=\"section\">\n\t\t\t\t\t\t<div class=\"elementor-container elementor-column-gap-default\">\n\t\t\t\t\t<div class=\"elementor-column elementor-col-50 elementor-inner-column elementor-element elementor-element-77871d4b\" data-id=\"77871d4b\" data-element_type=\"column\" data-e-type=\"column\">\n\t\t\t<div class=\"elementor-widget-wrap elementor-element-populated\">\n\t\t\t\t\t\t<div class=\"elementor-element elementor-element-45aa1293 elementor-widget elementor-widget-text-editor\" data-id=\"45aa1293\" data-element_type=\"widget\" data-e-type=\"widget\" data-widget_type=\"text-editor.default\">\n\t\t\t\t<div class=\"elementor-widget-container\">\n\t\t\t\t\t\t\t\t\t<p><span class=\"custom-sub-header\" style=\"color: #009cdf;\">Sega Rally <br \/><\/span><\/p><p>Sega Rally on klassikoksi muodostunut 1990-luvun rallipeli, joka n\u00e4ytt\u00e4\u00e4 olevan my\u00f6s t\u00e4m\u00e4n p\u00e4iv\u00e4n lasten ja nuorten suosikki.\u00a0 Peli\u00e4 voi pelata yksin tai kilpaa kaverin kanssa Rallimuseossa. Toki peli sopii my\u00f6s aikuisten pelattavaksi.<\/p><p>Pelaaminen on museovieraille maksutonta, sill\u00e4 t\u00e4m\u00e4n vauhdikkaan peliel\u00e4myksen tarjoaa Motonet!<\/p><p>Jotta pelin k\u00e4ytt\u00f6 olisi hygieenist\u00e4, jokainen k\u00e4ytt\u00e4j\u00e4 pyyhkii koskettamansa osat puhdistusaineella.<\/p>\t\t\t\t\t\t\t\t<\/div>\n\t\t\t\t<\/div>\n\t\t\t\t\t<\/div>\n\t\t<\/div>\n\t\t\t\t<div class=\"elementor-column elementor-col-50 elementor-inner-column elementor-element elementor-element-1d330ba3\" data-id=\"1d330ba3\" data-element_type=\"column\" data-e-type=\"column\">\n\t\t\t<div class=\"elementor-widget-wrap elementor-element-populated\">\n\t\t\t\t\t\t<div class=\"elementor-element elementor-element-37f28f14 elementor-widget elementor-widget-image\" data-id=\"37f28f14\" data-element_type=\"widget\" data-e-type=\"widget\" data-widget_type=\"image.default\">\n\t\t\t\t<div class=\"elementor-widget-container\">\n\t\t\t\t\t\t\t\t\t\t\t\t\t\t\t<img fetchpriority=\"high\" decoding=\"async\" width=\"1920\" height=\"1280\" src=\"https:\/\/mobilia.fi\/wp-content\/uploads\/2020\/10\/Studio_Reetta_Muranen_9977.jpg\" class=\"attachment-full size-full wp-image-1517\" alt=\"Raitapaitainen pikkupoika pit\u00e4\u00e4 kiinni ratista ja ajaa rallipeli\u00e4.\" srcset=\"https:\/\/mobilia.fi\/wp-content\/uploads\/2020\/10\/Studio_Reetta_Muranen_9977.jpg 1920w, https:\/\/mobilia.fi\/wp-content\/uploads\/2020\/10\/Studio_Reetta_Muranen_9977-300x200.jpg 300w, https:\/\/mobilia.fi\/wp-content\/uploads\/2020\/10\/Studio_Reetta_Muranen_9977-1024x683.jpg 1024w, https:\/\/mobilia.fi\/wp-content\/uploads\/2020\/10\/Studio_Reetta_Muranen_9977-768x512.jpg 768w, https:\/\/mobilia.fi\/wp-content\/uploads\/2020\/10\/Studio_Reetta_Muranen_9977-1536x1024.jpg 1536w\" sizes=\"(max-width: 1920px) 100vw, 1920px\" \/>\t\t\t\t\t\t\t\t\t\t\t\t\t\t\t<\/div>\n\t\t\t\t<\/div>\n\t\t\t\t\t<\/div>\n\t\t<\/div>\n\t\t\t\t\t<\/div>\n\t\t<\/section>\n\t\t\t\t\t<\/div>\n\t\t<\/div>\n\t\t\t\t\t<\/div>\n\t\t<\/section>\n\t\t\t\t<section class=\"elementor-section elementor-top-section elementor-element elementor-element-faa1559 elementor-section-boxed elementor-section-height-default elementor-section-height-default\" data-id=\"faa1559\" data-element_type=\"section\" data-e-type=\"section\">\n\t\t\t\t\t\t<div class=\"elementor-container elementor-column-gap-default\">\n\t\t\t\t\t<div class=\"elementor-column elementor-col-100 elementor-top-column elementor-element elementor-element-5eb5c31\" data-id=\"5eb5c31\" data-element_type=\"column\" data-e-type=\"column\">\n\t\t\t<div class=\"elementor-widget-wrap elementor-element-populated\">\n\t\t\t\t\t\t<section class=\"elementor-section elementor-inner-section elementor-element elementor-element-14e9d3b elementor-section-boxed elementor-section-height-default elementor-section-height-default\" data-id=\"14e9d3b\" data-element_type=\"section\" data-e-type=\"section\">\n\t\t\t\t\t\t<div class=\"elementor-container elementor-column-gap-default\">\n\t\t\t\t\t<div class=\"elementor-column elementor-col-50 elementor-inner-column elementor-element elementor-element-7159556\" data-id=\"7159556\" data-element_type=\"column\" data-e-type=\"column\">\n\t\t\t<div class=\"elementor-widget-wrap elementor-element-populated\">\n\t\t\t\t\t\t<div class=\"elementor-element elementor-element-535515e elementor-widget elementor-widget-text-editor\" data-id=\"535515e\" data-element_type=\"widget\" data-e-type=\"widget\" data-widget_type=\"text-editor.default\">\n\t\t\t\t<div class=\"elementor-widget-container\">\n\t\t\t\t\t\t\t\t\t<p><span class=\"custom-sub-header\" style=\"color: #009cdf;\">Salapoliisiteht\u00e4v\u00e4t<\/span><\/p><p>Lasten iloksi n\u00e4yttelyihimme on saatavilla kuvasuunnistukseen perustuvat salapoliisiteht\u00e4v\u00e4t, joita on mukava ratkoa museokierroksen aikana. Teht\u00e4v\u00e4t sopivat parhaiten 5\u201310-vuotiaille.<\/p><p>Muista pyyt\u00e4\u00e4 salapoliisiteht\u00e4v\u00e4 mukaan kassalta! Teht\u00e4v\u00e4n ratkaisseille on luvassa pieni palkinto.<\/p>\t\t\t\t\t\t\t\t<\/div>\n\t\t\t\t<\/div>\n\t\t\t\t\t<\/div>\n\t\t<\/div>\n\t\t\t\t<div class=\"elementor-column elementor-col-50 elementor-inner-column elementor-element elementor-element-41f1c04\" data-id=\"41f1c04\" data-element_type=\"column\" data-e-type=\"column\">\n\t\t\t<div class=\"elementor-widget-wrap elementor-element-populated\">\n\t\t\t\t\t\t<div class=\"elementor-element elementor-element-1329a2d elementor-widget elementor-widget-image\" data-id=\"1329a2d\" data-element_type=\"widget\" data-e-type=\"widget\" data-widget_type=\"image.default\">\n\t\t\t\t<div class=\"elementor-widget-container\">\n\t\t\t\t\t\t\t\t\t\t\t\t\t\t\t<img decoding=\"async\" width=\"640\" height=\"427\" src=\"https:\/\/mobilia.fi\/wp-content\/uploads\/2020\/10\/Salapoliisiteht\u00e4v\u00e4_web.jpg\" class=\"attachment-full size-full wp-image-1529\" alt=\"Kaksi poikaa tutkii paperilla olevia kuvia.\" srcset=\"https:\/\/mobilia.fi\/wp-content\/uploads\/2020\/10\/Salapoliisiteht\u00e4v\u00e4_web.jpg 640w, https:\/\/mobilia.fi\/wp-content\/uploads\/2020\/10\/Salapoliisiteht\u00e4v\u00e4_web-300x200.jpg 300w\" sizes=\"(max-width: 640px) 100vw, 640px\" \/>\t\t\t\t\t\t\t\t\t\t\t\t\t\t\t<\/div>\n\t\t\t\t<\/div>\n\t\t\t\t\t<\/div>\n\t\t<\/div>\n\t\t\t\t\t<\/div>\n\t\t<\/section>\n\t\t\t\t\t<\/div>\n\t\t<\/div>\n\t\t\t\t\t<\/div>\n\t\t<\/section>\n\t\t\t\t<section class=\"elementor-section elementor-top-section elementor-element elementor-element-cc8a7c3 elementor-section-boxed elementor-section-height-default elementor-section-height-default\" data-id=\"cc8a7c3\" data-element_type=\"section\" data-e-type=\"section\">\n\t\t\t\t\t\t<div class=\"elementor-container elementor-column-gap-default\">\n\t\t\t\t\t<div class=\"elementor-column elementor-col-100 elementor-top-column elementor-element elementor-element-14a5da6\" data-id=\"14a5da6\" data-element_type=\"column\" data-e-type=\"column\">\n\t\t\t<div class=\"elementor-widget-wrap elementor-element-populated\">\n\t\t\t\t\t\t<section class=\"elementor-section elementor-inner-section elementor-element elementor-element-721c6cf elementor-section-boxed elementor-section-height-default elementor-section-height-default\" data-id=\"721c6cf\" data-element_type=\"section\" data-e-type=\"section\">\n\t\t\t\t\t\t<div class=\"elementor-container elementor-column-gap-default\">\n\t\t\t\t\t<div class=\"elementor-column elementor-col-50 elementor-inner-column elementor-element elementor-element-251f488\" data-id=\"251f488\" data-element_type=\"column\" data-e-type=\"column\">\n\t\t\t<div class=\"elementor-widget-wrap elementor-element-populated\">\n\t\t\t\t\t\t<div class=\"elementor-element elementor-element-ed87c69 elementor-widget elementor-widget-image\" data-id=\"ed87c69\" data-element_type=\"widget\" data-e-type=\"widget\" data-widget_type=\"image.default\">\n\t\t\t\t<div class=\"elementor-widget-container\">\n\t\t\t\t\t\t\t\t\t\t\t\t\t\t\t<img decoding=\"async\" width=\"640\" height=\"427\" src=\"https:\/\/mobilia.fi\/wp-content\/uploads\/2020\/10\/Mobilia_Kaivuri_2020_websize-6_pieni.jpg\" class=\"attachment-large size-large wp-image-1506\" alt=\"Tytt\u00f6 istuu oranssissa pikkukaivurissa ja kaivaa hiekkakasaa.\" srcset=\"https:\/\/mobilia.fi\/wp-content\/uploads\/2020\/10\/Mobilia_Kaivuri_2020_websize-6_pieni.jpg 640w, https:\/\/mobilia.fi\/wp-content\/uploads\/2020\/10\/Mobilia_Kaivuri_2020_websize-6_pieni-300x200.jpg 300w\" sizes=\"(max-width: 640px) 100vw, 640px\" \/>\t\t\t\t\t\t\t\t\t\t\t\t\t\t\t<\/div>\n\t\t\t\t<\/div>\n\t\t\t\t\t<\/div>\n\t\t<\/div>\n\t\t\t\t<div class=\"elementor-column elementor-col-50 elementor-inner-column elementor-element elementor-element-caccd06\" data-id=\"caccd06\" data-element_type=\"column\" data-e-type=\"column\">\n\t\t\t<div class=\"elementor-widget-wrap elementor-element-populated\">\n\t\t\t\t\t\t<div class=\"elementor-element elementor-element-30701df elementor-widget elementor-widget-text-editor\" data-id=\"30701df\" data-element_type=\"widget\" data-e-type=\"widget\" data-widget_type=\"text-editor.default\">\n\t\t\t\t<div class=\"elementor-widget-container\">\n\t\t\t\t\t\t\t\t\t<p><span class=\"custom-sub-header\" style=\"color: #009cdf;\">Sis\u00e4leikkipaikka<br \/><\/span><\/p><p>Museon n\u00e4yttelytiloissa olevalta leikkipaikalta l\u00f6ytyy muun muassa leluautoja, pieni leikkitalo ja piirustusmahdollisuus.\u00a0<\/p>\t\t\t\t\t\t\t\t<\/div>\n\t\t\t\t<\/div>\n\t\t\t\t\t<\/div>\n\t\t<\/div>\n\t\t\t\t\t<\/div>\n\t\t<\/section>\n\t\t\t\t\t<\/div>\n\t\t<\/div>\n\t\t\t\t\t<\/div>\n\t\t<\/section>\n\t\t\t\t<\/div>\n\t\t","protected":false},"excerpt":{"rendered":"<p>Sis\u00e4puuhaa Museossa on kivaa! Sega Rally Sega Rally on klassikoksi muodostunut 1990-luvun rallipeli, joka n\u00e4ytt\u00e4\u00e4 olevan my\u00f6s t\u00e4m\u00e4n p\u00e4iv\u00e4n lasten ja nuorten suosikki.\u00a0 Peli\u00e4 voi pelata yksin tai kilpaa kaverin kanssa Rallimuseossa. Toki peli sopii my\u00f6s aikuisten pelattavaksi. Pelaaminen on museovieraille maksutonta, sill\u00e4 t\u00e4m\u00e4n vauhdikkaan peliel\u00e4myksen tarjoaa Motonet! Jotta pelin k\u00e4ytt\u00f6 olisi hygieenist\u00e4, jokainen k\u00e4ytt\u00e4j\u00e4 [&hellip;]<\/p>\n","protected":false},"author":2,"featured_media":1517,"parent":1481,"menu_order":3,"comment_status":"closed","ping_status":"closed","template":"","meta":{"_acf_changed":false,"inline_featured_image":false,"footnotes":""},"class_list":["post-1513","page","type-page","status-publish","has-post-thumbnail","hentry"],"acf":[],"_links":{"self":[{"href":"https:\/\/mobilia.fi\/fi\/wp-json\/wp\/v2\/pages\/1513","targetHints":{"allow":["GET"]}}],"collection":[{"href":"https:\/\/mobilia.fi\/fi\/wp-json\/wp\/v2\/pages"}],"about":[{"href":"https:\/\/mobilia.fi\/fi\/wp-json\/wp\/v2\/types\/page"}],"author":[{"embeddable":true,"href":"https:\/\/mobilia.fi\/fi\/wp-json\/wp\/v2\/users\/2"}],"replies":[{"embeddable":true,"href":"https:\/\/mobilia.fi\/fi\/wp-json\/wp\/v2\/comments?post=1513"}],"version-history":[{"count":57,"href":"https:\/\/mobilia.fi\/fi\/wp-json\/wp\/v2\/pages\/1513\/revisions"}],"predecessor-version":[{"id":15616,"href":"https:\/\/mobilia.fi\/fi\/wp-json\/wp\/v2\/pages\/1513\/revisions\/15616"}],"up":[{"embeddable":true,"href":"https:\/\/mobilia.fi\/fi\/wp-json\/wp\/v2\/pages\/1481"}],"wp:featuredmedia":[{"embeddable":true,"href":"https:\/\/mobilia.fi\/fi\/wp-json\/wp\/v2\/media\/1517"}],"wp:attachment":[{"href":"https:\/\/mobilia.fi\/fi\/wp-json\/wp\/v2\/media?parent=1513"}],"curies":[{"name":"wp","href":"https:\/\/api.w.org\/{rel}","templated":true}]}}