{"id":1564,"date":"2020-10-16T15:26:50","date_gmt":"2020-10-16T12:26:50","guid":{"rendered":"https:\/\/mobilia.fi\/?page_id=1564"},"modified":"2024-01-24T15:13:56","modified_gmt":"2024-01-24T13:13:56","slug":"synttaripaketit","status":"publish","type":"page","link":"https:\/\/mobilia.fi\/fi\/vieraile\/lapsille\/synttaripaketit\/","title":{"rendered":"Syntt\u00e4ripaketit"},"content":{"rendered":"\t\t<div data-elementor-type=\"wp-page\" data-elementor-id=\"1564\" class=\"elementor elementor-1564\" data-elementor-post-type=\"page\">\n\t\t\t\t\t\t<section class=\"elementor-section elementor-top-section elementor-element elementor-element-8cd8eca elementor-section-height-min-height elementor-section-boxed elementor-section-height-default elementor-section-items-middle\" data-id=\"8cd8eca\" data-element_type=\"section\" data-e-type=\"section\" data-settings=\"{&quot;background_background&quot;:&quot;classic&quot;}\">\n\t\t\t\t\t\t\t<div class=\"elementor-background-overlay\"><\/div>\n\t\t\t\t\t\t\t<div class=\"elementor-container elementor-column-gap-default\">\n\t\t\t\t\t<div class=\"elementor-column elementor-col-100 elementor-top-column elementor-element elementor-element-7d7a96a\" data-id=\"7d7a96a\" data-element_type=\"column\" data-e-type=\"column\">\n\t\t\t<div class=\"elementor-widget-wrap elementor-element-populated\">\n\t\t\t\t\t\t<div class=\"elementor-element elementor-element-ce9c067 elementor-widget elementor-widget-text-editor\" data-id=\"ce9c067\" data-element_type=\"widget\" data-e-type=\"widget\" data-widget_type=\"text-editor.default\">\n\t\t\t\t<div class=\"elementor-widget-container\">\n\t\t\t\t\t\t\t\t\t<h1>Syntt\u00e4ripaketit<\/h1><p>J\u00e4rjest\u00e4 lasten syntym\u00e4p\u00e4v\u00e4juhlat helposti<\/p>\t\t\t\t\t\t\t\t<\/div>\n\t\t\t\t<\/div>\n\t\t\t\t\t<\/div>\n\t\t<\/div>\n\t\t\t\t\t<\/div>\n\t\t<\/section>\n\t\t\t\t<section class=\"elementor-section elementor-top-section elementor-element elementor-element-e88347f elementor-section-boxed elementor-section-height-default elementor-section-height-default\" data-id=\"e88347f\" data-element_type=\"section\" data-e-type=\"section\">\n\t\t\t\t\t\t<div class=\"elementor-container elementor-column-gap-default\">\n\t\t\t\t\t<div class=\"elementor-column elementor-col-100 elementor-top-column elementor-element elementor-element-3ce8a2d\" data-id=\"3ce8a2d\" data-element_type=\"column\" data-e-type=\"column\">\n\t\t\t<div class=\"elementor-widget-wrap elementor-element-populated\">\n\t\t\t\t\t\t<div class=\"elementor-element elementor-element-59b3369 elementor-widget elementor-widget-text-editor\" data-id=\"59b3369\" data-element_type=\"widget\" data-e-type=\"widget\" data-widget_type=\"text-editor.default\">\n\t\t\t\t<div class=\"elementor-widget-container\">\n\t\t\t\t\t\t\t\t\t<h3><span style=\"color: #009cdf;\">Helppoa ja hauskaa!<\/span><\/h3><p>Lasten syntym\u00e4p\u00e4iv\u00e4t j\u00e4rjestyv\u00e4t Mobiliassa kes\u00e4sesongin (1.6.\u201314.8.) aikana p\u00e4ivitt\u00e4in klo 10\u201318 ja muulloin viikonloppuisin klo 10\u201316.<\/p><p>Suosittelemme ryhm\u00e4n enimm\u00e4iskooksi 10 lasta. Parhaiten syntt\u00e4reill\u00e4mme viihtyv\u00e4t 5\u20138-vuotiaat. Ryhm\u00e4n mukaan tarvitaan ryhm\u00e4nvalvoja.<\/p><p>Kokoa syntym\u00e4p\u00e4ivien ohjelma alla esitellyist\u00e4 vaihtoehdoista. Kaikki hinnat sis\u00e4lt\u00e4v\u00e4t arvonlis\u00e4veron. Laskutuksen perusteena oleva henkil\u00f6m\u00e4\u00e4r\u00e4 ja mahdolliset erikoisruokavaliotoiveet tulee ilmoittaa viikkoa ennen juhlia. T\u00e4m\u00e4n j\u00e4lkeen tulleista peruutuksista veloitetaan 50 %, koskee my\u00f6s sairastapauksia.<\/p>\t\t\t\t\t\t\t\t<\/div>\n\t\t\t\t<\/div>\n\t\t\t\t\t<\/div>\n\t\t<\/div>\n\t\t\t\t\t<\/div>\n\t\t<\/section>\n\t\t\t\t<section class=\"elementor-section elementor-top-section elementor-element elementor-element-3915d047 elementor-section-boxed elementor-section-height-default elementor-section-height-default\" data-id=\"3915d047\" data-element_type=\"section\" data-e-type=\"section\">\n\t\t\t\t\t\t<div class=\"elementor-container elementor-column-gap-default\">\n\t\t\t\t\t<div class=\"elementor-column elementor-col-100 elementor-top-column elementor-element elementor-element-6bc162e0\" data-id=\"6bc162e0\" data-element_type=\"column\" data-e-type=\"column\">\n\t\t\t<div class=\"elementor-widget-wrap elementor-element-populated\">\n\t\t\t\t\t\t<section class=\"elementor-section elementor-inner-section elementor-element elementor-element-6191ed31 elementor-section-boxed elementor-section-height-default elementor-section-height-default\" data-id=\"6191ed31\" data-element_type=\"section\" data-e-type=\"section\">\n\t\t\t\t\t\t<div class=\"elementor-container elementor-column-gap-default\">\n\t\t\t\t\t<div class=\"elementor-column elementor-col-50 elementor-inner-column elementor-element elementor-element-77871d4b\" data-id=\"77871d4b\" data-element_type=\"column\" data-e-type=\"column\">\n\t\t\t<div class=\"elementor-widget-wrap elementor-element-populated\">\n\t\t\t\t\t\t<div class=\"elementor-element elementor-element-45aa1293 elementor-widget elementor-widget-text-editor\" data-id=\"45aa1293\" data-element_type=\"widget\" data-e-type=\"widget\" data-widget_type=\"text-editor.default\">\n\t\t\t\t<div class=\"elementor-widget-container\">\n\t\t\t\t\t\t\t\t\t<p><span class=\"custom-sub-header\" style=\"color: #009cdf;\">Rallimuseo (ymp\u00e4ri vuoden)<br \/><\/span><\/p><p>Lyhyell\u00e4 museokierroksella kuullaan, mit\u00e4 kaikkea j\u00e4nn\u00e4\u00e4 ja erikoista rallikilpailuissa on sattunut ja valmistaudutaan silm\u00e4 kovana ratkomaan kuvapohjaista salapoliisiteht\u00e4v\u00e4\u00e4. Halukkaat p\u00e4\u00e4sev\u00e4t my\u00f6s kokeilemaan omaa ajotaitoaan Sega Rally -rallipeliss\u00e4.<br \/>Ryhm\u00e4nvalvoja osallistuu lasten valvontaan.<br \/>Kesto: 45 minuuttia<br \/>Hinta: 50 \u20ac<\/p>\t\t\t\t\t\t\t\t<\/div>\n\t\t\t\t<\/div>\n\t\t\t\t\t<\/div>\n\t\t<\/div>\n\t\t\t\t<div class=\"elementor-column elementor-col-50 elementor-inner-column elementor-element elementor-element-1d330ba3\" data-id=\"1d330ba3\" data-element_type=\"column\" data-e-type=\"column\">\n\t\t\t<div class=\"elementor-widget-wrap elementor-element-populated\">\n\t\t\t\t\t\t<div class=\"elementor-element elementor-element-37f28f14 elementor-widget elementor-widget-image\" data-id=\"37f28f14\" data-element_type=\"widget\" data-e-type=\"widget\" data-widget_type=\"image.default\">\n\t\t\t\t<div class=\"elementor-widget-container\">\n\t\t\t\t\t\t\t\t\t\t\t\t\t\t\t<img fetchpriority=\"high\" decoding=\"async\" width=\"2560\" height=\"1707\" src=\"https:\/\/mobilia.fi\/wp-content\/uploads\/2020\/10\/IMG_0110-scaled.jpg\" class=\"attachment-full size-full wp-image-1572\" alt=\"Pikkupoita sinisess\u00e4 paidassa veivaa rattia ja pelaa innoissaan rallipeli\u00e4.\" srcset=\"https:\/\/mobilia.fi\/wp-content\/uploads\/2020\/10\/IMG_0110-scaled.jpg 2560w, https:\/\/mobilia.fi\/wp-content\/uploads\/2020\/10\/IMG_0110-300x200.jpg 300w, https:\/\/mobilia.fi\/wp-content\/uploads\/2020\/10\/IMG_0110-1024x683.jpg 1024w, https:\/\/mobilia.fi\/wp-content\/uploads\/2020\/10\/IMG_0110-768x512.jpg 768w, https:\/\/mobilia.fi\/wp-content\/uploads\/2020\/10\/IMG_0110-1536x1024.jpg 1536w, https:\/\/mobilia.fi\/wp-content\/uploads\/2020\/10\/IMG_0110-2048x1365.jpg 2048w\" sizes=\"(max-width: 2560px) 100vw, 2560px\" \/>\t\t\t\t\t\t\t\t\t\t\t\t\t\t\t<\/div>\n\t\t\t\t<\/div>\n\t\t\t\t\t<\/div>\n\t\t<\/div>\n\t\t\t\t\t<\/div>\n\t\t<\/section>\n\t\t\t\t\t<\/div>\n\t\t<\/div>\n\t\t\t\t\t<\/div>\n\t\t<\/section>\n\t\t\t\t<section class=\"elementor-section elementor-top-section elementor-element elementor-element-27b04f3 elementor-section-boxed elementor-section-height-default elementor-section-height-default\" data-id=\"27b04f3\" data-element_type=\"section\" data-e-type=\"section\">\n\t\t\t\t\t\t<div class=\"elementor-container elementor-column-gap-default\">\n\t\t\t\t\t<div class=\"elementor-column elementor-col-100 elementor-top-column elementor-element elementor-element-a1ecac0\" data-id=\"a1ecac0\" data-element_type=\"column\" data-e-type=\"column\">\n\t\t\t<div class=\"elementor-widget-wrap elementor-element-populated\">\n\t\t\t\t\t\t<section class=\"elementor-section elementor-inner-section elementor-element elementor-element-20a3200 elementor-section-boxed elementor-section-height-default elementor-section-height-default\" data-id=\"20a3200\" data-element_type=\"section\" data-e-type=\"section\">\n\t\t\t\t\t\t<div class=\"elementor-container elementor-column-gap-default\">\n\t\t\t\t\t<div class=\"elementor-column elementor-col-50 elementor-inner-column elementor-element elementor-element-7e6b153\" data-id=\"7e6b153\" data-element_type=\"column\" data-e-type=\"column\">\n\t\t\t<div class=\"elementor-widget-wrap elementor-element-populated\">\n\t\t\t\t\t\t<div class=\"elementor-element elementor-element-21a1ae1 elementor-widget elementor-widget-image\" data-id=\"21a1ae1\" data-element_type=\"widget\" data-e-type=\"widget\" data-widget_type=\"image.default\">\n\t\t\t\t<div class=\"elementor-widget-container\">\n\t\t\t\t\t\t\t\t\t\t\t\t\t\t\t<img decoding=\"async\" width=\"2048\" height=\"1365\" src=\"https:\/\/mobilia.fi\/wp-content\/uploads\/2020\/10\/Mobilia_Liikennepuisto_2020_websize-20.jpg\" class=\"attachment-full size-full wp-image-1576\" alt=\"Lapset sinisell\u00e4 ja oranssilla polkuautolla kurvailevat liikennepuiston liikennemerkkiviidakossa.\" srcset=\"https:\/\/mobilia.fi\/wp-content\/uploads\/2020\/10\/Mobilia_Liikennepuisto_2020_websize-20.jpg 2048w, https:\/\/mobilia.fi\/wp-content\/uploads\/2020\/10\/Mobilia_Liikennepuisto_2020_websize-20-300x200.jpg 300w, https:\/\/mobilia.fi\/wp-content\/uploads\/2020\/10\/Mobilia_Liikennepuisto_2020_websize-20-1024x683.jpg 1024w, https:\/\/mobilia.fi\/wp-content\/uploads\/2020\/10\/Mobilia_Liikennepuisto_2020_websize-20-768x512.jpg 768w, https:\/\/mobilia.fi\/wp-content\/uploads\/2020\/10\/Mobilia_Liikennepuisto_2020_websize-20-1536x1024.jpg 1536w\" sizes=\"(max-width: 2048px) 100vw, 2048px\" \/>\t\t\t\t\t\t\t\t\t\t\t\t\t\t\t<\/div>\n\t\t\t\t<\/div>\n\t\t\t\t\t<\/div>\n\t\t<\/div>\n\t\t\t\t<div class=\"elementor-column elementor-col-50 elementor-inner-column elementor-element elementor-element-82cbd1d\" data-id=\"82cbd1d\" data-element_type=\"column\" data-e-type=\"column\">\n\t\t\t<div class=\"elementor-widget-wrap elementor-element-populated\">\n\t\t\t\t\t\t<div class=\"elementor-element elementor-element-5b17e7f elementor-widget elementor-widget-text-editor\" data-id=\"5b17e7f\" data-element_type=\"widget\" data-e-type=\"widget\" data-widget_type=\"text-editor.default\">\n\t\t\t\t<div class=\"elementor-widget-container\">\n\t\t\t\t\t\t\t\t\t<p><span class=\"custom-sub-header\" style=\"color: #009cdf;\">Liikennepuisto (touko\u2013syyskuussa)<br \/><\/span><\/p><p>Liikennepuistossa 4\u201312-vuotiaat lapset p\u00e4\u00e4sev\u00e4t harjoittelemaan liikennes\u00e4\u00e4nt\u00f6j\u00e4 ja oikeaoppista liikenteess\u00e4 toimimista sek\u00e4 polkuautoilijana ett\u00e4 k\u00e4velij\u00e4n\u00e4. Lopuksi kaikille kirjoitetaan liikennepuiston oma ajokortti!<\/p><p>Ennen liikenteeseen p\u00e4\u00e4semist\u00e4 ryhm\u00e4n kanssa k\u00e4yd\u00e4\u00e4n lyhyesti l\u00e4pi liikenteen perusasiat. Ryhm\u00e4nvalvoja osallistuu lasten neuvontaan ja valvontaan yhdess\u00e4 henkil\u00f6kunnan edustajan kanssa. Ryhm\u00e4n k\u00e4yt\u00f6ss\u00e4 v\u00e4hint\u00e4\u00e4n 5 polkuautoa.<br \/>Kesto: 1 h<br \/>Hinta: 55 \u20ac<br \/>T\u00e4rke\u00e4\u00e4: Muistattehan pukeutua s\u00e4\u00e4n mukaisesti!<\/p>\t\t\t\t\t\t\t\t<\/div>\n\t\t\t\t<\/div>\n\t\t\t\t\t<\/div>\n\t\t<\/div>\n\t\t\t\t\t<\/div>\n\t\t<\/section>\n\t\t\t\t\t<\/div>\n\t\t<\/div>\n\t\t\t\t\t<\/div>\n\t\t<\/section>\n\t\t\t\t<section class=\"elementor-section elementor-top-section elementor-element elementor-element-faa1559 elementor-section-boxed elementor-section-height-default elementor-section-height-default\" data-id=\"faa1559\" data-element_type=\"section\" data-e-type=\"section\">\n\t\t\t\t\t\t<div class=\"elementor-container elementor-column-gap-default\">\n\t\t\t\t\t<div class=\"elementor-column elementor-col-100 elementor-top-column elementor-element elementor-element-5eb5c31\" data-id=\"5eb5c31\" data-element_type=\"column\" data-e-type=\"column\">\n\t\t\t<div class=\"elementor-widget-wrap elementor-element-populated\">\n\t\t\t\t\t\t<section class=\"elementor-section elementor-inner-section elementor-element elementor-element-14e9d3b elementor-section-boxed elementor-section-height-default elementor-section-height-default\" data-id=\"14e9d3b\" data-element_type=\"section\" data-e-type=\"section\">\n\t\t\t\t\t\t<div class=\"elementor-container elementor-column-gap-default\">\n\t\t\t\t\t<div class=\"elementor-column elementor-col-50 elementor-inner-column elementor-element elementor-element-7159556\" data-id=\"7159556\" data-element_type=\"column\" data-e-type=\"column\">\n\t\t\t<div class=\"elementor-widget-wrap elementor-element-populated\">\n\t\t\t\t\t\t<div class=\"elementor-element elementor-element-535515e elementor-widget elementor-widget-text-editor\" data-id=\"535515e\" data-element_type=\"widget\" data-e-type=\"widget\" data-widget_type=\"text-editor.default\">\n\t\t\t\t<div class=\"elementor-widget-container\">\n\t\t\t\t\t\t\t\t\t<p><span class=\"custom-sub-header\" style=\"color: #009cdf;\">Pyykkipoika-auton askartelu (ymp\u00e4ri vuoden)<br \/><\/span><\/p><p>Pyykkipojasta p\u00e4\u00e4see suunnittelemaan juuri sellaisen auton kuin haluaa! V\u00e4ri\u00e4 pintaan, kuviointi kuntoon ja mieluisat renkaat alle: valmis!<br \/>Ryhm\u00e4nvalvoja osallistuu lasten valvontaan.<br \/>Kesto: 20 minuuttia<br \/>Hinta: 35 \u20ac<\/p>\t\t\t\t\t\t\t\t<\/div>\n\t\t\t\t<\/div>\n\t\t\t\t\t<\/div>\n\t\t<\/div>\n\t\t\t\t<div class=\"elementor-column elementor-col-50 elementor-inner-column elementor-element elementor-element-41f1c04\" data-id=\"41f1c04\" data-element_type=\"column\" data-e-type=\"column\">\n\t\t\t<div class=\"elementor-widget-wrap elementor-element-populated\">\n\t\t\t\t\t\t<div class=\"elementor-element elementor-element-1329a2d elementor-widget elementor-widget-image\" data-id=\"1329a2d\" data-element_type=\"widget\" data-e-type=\"widget\" data-widget_type=\"image.default\">\n\t\t\t\t<div class=\"elementor-widget-container\">\n\t\t\t\t\t\t\t\t\t\t\t\t\t\t\t<img decoding=\"async\" width=\"800\" height=\"533\" src=\"https:\/\/mobilia.fi\/wp-content\/uploads\/2020\/10\/IMG_0018_web.jpg\" class=\"attachment-full size-full wp-image-1580\" alt=\"Tytt\u00f6 askartelee pyykkipojasta ja napeista autoa.\" srcset=\"https:\/\/mobilia.fi\/wp-content\/uploads\/2020\/10\/IMG_0018_web.jpg 800w, https:\/\/mobilia.fi\/wp-content\/uploads\/2020\/10\/IMG_0018_web-300x200.jpg 300w, https:\/\/mobilia.fi\/wp-content\/uploads\/2020\/10\/IMG_0018_web-768x512.jpg 768w\" sizes=\"(max-width: 800px) 100vw, 800px\" \/>\t\t\t\t\t\t\t\t\t\t\t\t\t\t\t<\/div>\n\t\t\t\t<\/div>\n\t\t\t\t\t<\/div>\n\t\t<\/div>\n\t\t\t\t\t<\/div>\n\t\t<\/section>\n\t\t\t\t\t<\/div>\n\t\t<\/div>\n\t\t\t\t\t<\/div>\n\t\t<\/section>\n\t\t\t\t<section class=\"elementor-section elementor-top-section elementor-element elementor-element-cc8a7c3 elementor-section-boxed elementor-section-height-default elementor-section-height-default\" data-id=\"cc8a7c3\" data-element_type=\"section\" data-e-type=\"section\">\n\t\t\t\t\t\t<div class=\"elementor-container elementor-column-gap-default\">\n\t\t\t\t\t<div class=\"elementor-column elementor-col-50 elementor-top-column elementor-element elementor-element-14a5da6\" data-id=\"14a5da6\" data-element_type=\"column\" data-e-type=\"column\">\n\t\t\t<div class=\"elementor-widget-wrap elementor-element-populated\">\n\t\t\t\t\t\t<section class=\"elementor-section elementor-inner-section elementor-element elementor-element-721c6cf elementor-section-boxed elementor-section-height-default elementor-section-height-default\" data-id=\"721c6cf\" data-element_type=\"section\" data-e-type=\"section\">\n\t\t\t\t\t\t<div class=\"elementor-container elementor-column-gap-default\">\n\t\t\t\t\t<div class=\"elementor-column elementor-col-100 elementor-inner-column elementor-element elementor-element-251f488\" data-id=\"251f488\" data-element_type=\"column\" data-e-type=\"column\">\n\t\t\t<div class=\"elementor-widget-wrap elementor-element-populated\">\n\t\t\t\t\t\t<div class=\"elementor-element elementor-element-9bd131a elementor-widget elementor-widget-image\" data-id=\"9bd131a\" data-element_type=\"widget\" data-e-type=\"widget\" data-widget_type=\"image.default\">\n\t\t\t\t<div class=\"elementor-widget-container\">\n\t\t\t\t\t\t\t\t\t\t\t\t\t\t\t<img loading=\"lazy\" decoding=\"async\" width=\"400\" height=\"600\" src=\"https:\/\/mobilia.fi\/wp-content\/uploads\/2020\/10\/IMG_0142_web.jpg\" class=\"attachment-full size-full wp-image-1584\" alt=\"Pojat valmiina kisaamaan pikkuautojen m\u00e4kikisaa.\" srcset=\"https:\/\/mobilia.fi\/wp-content\/uploads\/2020\/10\/IMG_0142_web.jpg 400w, https:\/\/mobilia.fi\/wp-content\/uploads\/2020\/10\/IMG_0142_web-200x300.jpg 200w\" sizes=\"(max-width: 400px) 100vw, 400px\" \/>\t\t\t\t\t\t\t\t\t\t\t\t\t\t\t<\/div>\n\t\t\t\t<\/div>\n\t\t\t\t\t<\/div>\n\t\t<\/div>\n\t\t\t\t\t<\/div>\n\t\t<\/section>\n\t\t\t\t\t<\/div>\n\t\t<\/div>\n\t\t\t\t<div class=\"elementor-column elementor-col-50 elementor-top-column elementor-element elementor-element-be07710\" data-id=\"be07710\" data-element_type=\"column\" data-e-type=\"column\">\n\t\t\t<div class=\"elementor-widget-wrap elementor-element-populated\">\n\t\t\t\t\t\t<div class=\"elementor-element elementor-element-30701df elementor-widget elementor-widget-text-editor\" data-id=\"30701df\" data-element_type=\"widget\" data-e-type=\"widget\" data-widget_type=\"text-editor.default\">\n\t\t\t\t<div class=\"elementor-widget-container\">\n\t\t\t\t\t\t\t\t\t<p><span class=\"custom-sub-header\" style=\"color: #009cdf;\">Pikkuautojen m\u00e4kikisa (ymp\u00e4ri vuoden)<br \/><\/span><\/p><p>Kisaa varten jokainen saa valita nimikko kilpa-auton, jolla kisataan muiden autoja vastaan. Kenen auto kulkee pisimm\u00e4lle? Kenest\u00e4 tulee p\u00e4iv\u00e4n mestari?<br \/>Ryhm\u00e4nvalvoja osallistuu lasten valvontaan.<br \/>Kesto: 20 minuuttia<br \/>Hinta: 20 \u20ac<\/p>\t\t\t\t\t\t\t\t<\/div>\n\t\t\t\t<\/div>\n\t\t\t\t\t<\/div>\n\t\t<\/div>\n\t\t\t\t\t<\/div>\n\t\t<\/section>\n\t\t\t\t<section class=\"elementor-section elementor-top-section elementor-element elementor-element-e1bad35 elementor-section-boxed elementor-section-height-default elementor-section-height-default\" data-id=\"e1bad35\" data-element_type=\"section\" data-e-type=\"section\">\n\t\t\t\t\t\t<div class=\"elementor-container elementor-column-gap-default\">\n\t\t\t\t\t<div class=\"elementor-column elementor-col-50 elementor-top-column elementor-element elementor-element-5973bce\" data-id=\"5973bce\" data-element_type=\"column\" data-e-type=\"column\">\n\t\t\t<div class=\"elementor-widget-wrap elementor-element-populated\">\n\t\t\t\t\t\t<div class=\"elementor-element elementor-element-bd27c28 elementor-widget elementor-widget-text-editor\" data-id=\"bd27c28\" data-element_type=\"widget\" data-e-type=\"widget\" data-widget_type=\"text-editor.default\">\n\t\t\t\t<div class=\"elementor-widget-container\">\n\t\t\t\t\t\t\t\t\t<p><span class=\"custom-sub-header\" style=\"color: #009cdf;\">Syntt\u00e4ritarjoilut (ymp\u00e4ri vuoden)<br \/><\/span><\/p><p>Lasten\u00a0 herkkuhetkeen kahvilassa kannattaa varata aikaa 30\u201345 minuuttia.<\/p><p><strong>Menu 1 <\/strong>7,50 \u20ac\/hl\u00f6<br \/>Mehua, popcornia, munkki, makeisia<\/p><p><strong>Menu 2 <\/strong>9 \u20ac\/hl\u00f6<br \/>Limonadia, popcornia, sipsej\u00e4 ja j\u00e4\u00e4tel\u00f6<\/p><p><strong>Menu 3 <\/strong>11 \u20ac\/hl\u00f6<br \/>Limonadia, popcornia, sipsej\u00e4, keksej\u00e4 ja t\u00e4ytekakku<\/p><p><strong>Lis\u00e4ksi menuihin voidaan tilata<\/strong><br \/>puolikas panini 2,90 \u20ac\/hl\u00f6<br \/>lihapullat ja ranskalaiset 8 \u20ac\/hl\u00f6<br \/>hotdog ja ranskalaiset 8 \u20ac\/hl\u00f6<br \/>hedelm\u00e4tarjotin koko porukalle 18 \u20ac<\/p>\t\t\t\t\t\t\t\t<\/div>\n\t\t\t\t<\/div>\n\t\t\t\t<section class=\"elementor-section elementor-inner-section elementor-element elementor-element-8e2ae7b elementor-section-boxed elementor-section-height-default elementor-section-height-default\" data-id=\"8e2ae7b\" data-element_type=\"section\" data-e-type=\"section\">\n\t\t\t\t\t\t<div class=\"elementor-container elementor-column-gap-default\">\n\t\t\t\t\t<div class=\"elementor-column elementor-col-100 elementor-inner-column elementor-element elementor-element-bc5ae46\" data-id=\"bc5ae46\" data-element_type=\"column\" data-e-type=\"column\">\n\t\t\t<div class=\"elementor-widget-wrap\">\n\t\t\t\t\t\t\t<\/div>\n\t\t<\/div>\n\t\t\t\t\t<\/div>\n\t\t<\/section>\n\t\t\t\t\t<\/div>\n\t\t<\/div>\n\t\t\t\t<div class=\"elementor-column elementor-col-50 elementor-top-column elementor-element elementor-element-da33164\" data-id=\"da33164\" data-element_type=\"column\" data-e-type=\"column\">\n\t\t\t<div class=\"elementor-widget-wrap elementor-element-populated\">\n\t\t\t\t\t\t<div class=\"elementor-element elementor-element-c8d2af3 elementor-widget elementor-widget-image\" data-id=\"c8d2af3\" data-element_type=\"widget\" data-e-type=\"widget\" data-widget_type=\"image.default\">\n\t\t\t\t<div class=\"elementor-widget-container\">\n\t\t\t\t\t\t\t\t\t\t\t\t\t\t\t<img loading=\"lazy\" decoding=\"async\" width=\"2560\" height=\"1707\" src=\"https:\/\/mobilia.fi\/wp-content\/uploads\/2020\/10\/IMG_0028-scaled.jpg\" class=\"attachment-full size-full wp-image-1589\" alt=\"Ilmapalloin koristeltu p\u00f6yt\u00e4, jossa keksej\u00e4, sipsej\u00e4 ja karkkej\u00e4.\" srcset=\"https:\/\/mobilia.fi\/wp-content\/uploads\/2020\/10\/IMG_0028-scaled.jpg 2560w, https:\/\/mobilia.fi\/wp-content\/uploads\/2020\/10\/IMG_0028-300x200.jpg 300w, https:\/\/mobilia.fi\/wp-content\/uploads\/2020\/10\/IMG_0028-1024x683.jpg 1024w, https:\/\/mobilia.fi\/wp-content\/uploads\/2020\/10\/IMG_0028-768x512.jpg 768w, https:\/\/mobilia.fi\/wp-content\/uploads\/2020\/10\/IMG_0028-1536x1024.jpg 1536w, https:\/\/mobilia.fi\/wp-content\/uploads\/2020\/10\/IMG_0028-2048x1365.jpg 2048w\" sizes=\"(max-width: 2560px) 100vw, 2560px\" \/>\t\t\t\t\t\t\t\t\t\t\t\t\t\t\t<\/div>\n\t\t\t\t<\/div>\n\t\t\t\t\t<\/div>\n\t\t<\/div>\n\t\t\t\t\t<\/div>\n\t\t<\/section>\n\t\t\t\t<section class=\"elementor-section elementor-top-section elementor-element elementor-element-45f6e02 elementor-section-boxed elementor-section-height-default elementor-section-height-default\" data-id=\"45f6e02\" data-element_type=\"section\" data-e-type=\"section\">\n\t\t\t\t\t\t<div class=\"elementor-container elementor-column-gap-default\">\n\t\t\t\t\t<div class=\"elementor-column elementor-col-100 elementor-top-column elementor-element elementor-element-7f0a950\" data-id=\"7f0a950\" data-element_type=\"column\" data-e-type=\"column\">\n\t\t\t<div class=\"elementor-widget-wrap elementor-element-populated\">\n\t\t\t\t\t\t<div class=\"elementor-element elementor-element-25d50ed elementor-widget elementor-widget-text-editor\" data-id=\"25d50ed\" data-element_type=\"widget\" data-e-type=\"widget\" data-widget_type=\"text-editor.default\">\n\t\t\t\t<div class=\"elementor-widget-container\">\n\t\t\t\t\t\t\t\t\t<h3><span style=\"color: #009cdf;\">Yll\u00e4tyslahjat syntt\u00e4rivieraille<\/span><\/h3><p>Mobilian syntt\u00e4rivieraille jaettavaksi tarkoitettu yll\u00e4tyspaketti sis\u00e4lt\u00e4\u00e4 pikkuauton sek\u00e4 toisen pikkutuotteen. Hinta: 5 \u20ac\/hl\u00f6<\/p><p>Mobilia muistaa syntym\u00e4p\u00e4iv\u00e4sankaria pienell\u00e4 lahjalla.<\/p><h3><span style=\"color: #009cdf;\">Syntt\u00e4rikutsut<\/span><\/h3><p>Mobiliassa j\u00e4rjestett\u00e4vi\u00e4 syntt\u00e4reit\u00e4 varten on saatavilla valmiit kutsukorttipohjat! Tulostettavan kutsupohjan l\u00f6yd\u00e4t <a href=\"https:\/\/mobilia.fi\/wp-content\/uploads\/2022\/09\/mobilia_synttarikutsu_2022.pdf\">t\u00e4st\u00e4 linkist\u00e4.<\/a><\/p><h3><span style=\"color: #009cdf;\">Tiedustelut ja varaukset<\/span><\/h3><p>Mobilian asiakaspalvelu puh. (03) 3140 4000<br \/><a class=\"spamspan\" href=\"mailto:asiakaspalvelu@mobilia.fi\">asiakaspalvelu@mobilia.fi<\/a><\/p><div class=\"clearfix\">\u00a0<\/div>\t\t\t\t\t\t\t\t<\/div>\n\t\t\t\t<\/div>\n\t\t\t\t\t<\/div>\n\t\t<\/div>\n\t\t\t\t\t<\/div>\n\t\t<\/section>\n\t\t\t\t<section class=\"elementor-section elementor-top-section elementor-element elementor-element-98a1207 elementor-section-boxed elementor-section-height-default elementor-section-height-default\" data-id=\"98a1207\" data-element_type=\"section\" data-e-type=\"section\">\n\t\t\t\t\t\t<div class=\"elementor-container elementor-column-gap-default\">\n\t\t\t\t\t\t<\/div>\n\t\t<\/section>\n\t\t\t\t<\/div>\n\t\t","protected":false},"excerpt":{"rendered":"<p>Syntt\u00e4ripaketit J\u00e4rjest\u00e4 lasten syntym\u00e4p\u00e4v\u00e4juhlat helposti Helppoa ja hauskaa! Lasten syntym\u00e4p\u00e4iv\u00e4t j\u00e4rjestyv\u00e4t Mobiliassa kes\u00e4sesongin (1.6.\u201314.8.) aikana p\u00e4ivitt\u00e4in klo 10\u201318 ja muulloin viikonloppuisin klo 10\u201316. Suosittelemme ryhm\u00e4n enimm\u00e4iskooksi 10 lasta. Parhaiten syntt\u00e4reill\u00e4mme viihtyv\u00e4t 5\u20138-vuotiaat. Ryhm\u00e4n mukaan tarvitaan ryhm\u00e4nvalvoja. Kokoa syntym\u00e4p\u00e4ivien ohjelma alla esitellyist\u00e4 vaihtoehdoista. Kaikki hinnat sis\u00e4lt\u00e4v\u00e4t arvonlis\u00e4veron. Laskutuksen perusteena oleva henkil\u00f6m\u00e4\u00e4r\u00e4 ja mahdolliset erikoisruokavaliotoiveet tulee ilmoittaa [&hellip;]<\/p>\n","protected":false},"author":2,"featured_media":2191,"parent":1481,"menu_order":1,"comment_status":"closed","ping_status":"closed","template":"","meta":{"_acf_changed":false,"inline_featured_image":false,"footnotes":""},"class_list":["post-1564","page","type-page","status-publish","has-post-thumbnail","hentry"],"acf":[],"_links":{"self":[{"href":"https:\/\/mobilia.fi\/fi\/wp-json\/wp\/v2\/pages\/1564","targetHints":{"allow":["GET"]}}],"collection":[{"href":"https:\/\/mobilia.fi\/fi\/wp-json\/wp\/v2\/pages"}],"about":[{"href":"https:\/\/mobilia.fi\/fi\/wp-json\/wp\/v2\/types\/page"}],"author":[{"embeddable":true,"href":"https:\/\/mobilia.fi\/fi\/wp-json\/wp\/v2\/users\/2"}],"replies":[{"embeddable":true,"href":"https:\/\/mobilia.fi\/fi\/wp-json\/wp\/v2\/comments?post=1564"}],"version-history":[{"count":3,"href":"https:\/\/mobilia.fi\/fi\/wp-json\/wp\/v2\/pages\/1564\/revisions"}],"predecessor-version":[{"id":12042,"href":"https:\/\/mobilia.fi\/fi\/wp-json\/wp\/v2\/pages\/1564\/revisions\/12042"}],"up":[{"embeddable":true,"href":"https:\/\/mobilia.fi\/fi\/wp-json\/wp\/v2\/pages\/1481"}],"wp:featuredmedia":[{"embeddable":true,"href":"https:\/\/mobilia.fi\/fi\/wp-json\/wp\/v2\/media\/2191"}],"wp:attachment":[{"href":"https:\/\/mobilia.fi\/fi\/wp-json\/wp\/v2\/media?parent=1564"}],"curies":[{"name":"wp","href":"https:\/\/api.w.org\/{rel}","templated":true}]}}