{"id":15791,"date":"2025-08-26T15:06:25","date_gmt":"2025-08-26T12:06:25","guid":{"rendered":"https:\/\/mobilia.fi\/?page_id=15791"},"modified":"2025-08-27T14:41:32","modified_gmt":"2025-08-27T11:41:32","slug":"rallimuseon-ystavat-ryn-rekisteri-ja-tietosuojaseloste","status":"publish","type":"page","link":"https:\/\/mobilia.fi\/fi\/rallimuseon-ystavat-ryn-rekisteri-ja-tietosuojaseloste\/","title":{"rendered":"Rallimuseon yst\u00e4v\u00e4t ry:n rekisteri- ja tietosuojaseloste"},"content":{"rendered":"\t\t<div data-elementor-type=\"wp-page\" data-elementor-id=\"15791\" class=\"elementor elementor-15791\" data-elementor-post-type=\"page\">\n\t\t\t\t\t\t<section class=\"elementor-section elementor-top-section elementor-element elementor-element-f112818 elementor-section-height-min-height elementor-section-boxed elementor-section-height-default elementor-section-items-middle\" data-id=\"f112818\" data-element_type=\"section\" data-e-type=\"section\" data-settings=\"{&quot;background_background&quot;:&quot;classic&quot;}\">\n\t\t\t\t\t\t\t<div class=\"elementor-background-overlay\"><\/div>\n\t\t\t\t\t\t\t<div class=\"elementor-container elementor-column-gap-default\">\n\t\t\t\t\t<div class=\"elementor-column elementor-col-100 elementor-top-column elementor-element elementor-element-c11c69c\" data-id=\"c11c69c\" data-element_type=\"column\" data-e-type=\"column\">\n\t\t\t<div class=\"elementor-widget-wrap elementor-element-populated\">\n\t\t\t\t\t\t<div class=\"elementor-element elementor-element-91de094 elementor-widget elementor-widget-text-editor\" data-id=\"91de094\" data-element_type=\"widget\" data-e-type=\"widget\" data-widget_type=\"text-editor.default\">\n\t\t\t\t<div class=\"elementor-widget-container\">\n\t\t\t\t\t\t\t\t\t<h3>Rallimuseon yst\u00e4v\u00e4t ry:n rekisteri- ja tietosuojaseloste<\/h3>\t\t\t\t\t\t\t\t<\/div>\n\t\t\t\t<\/div>\n\t\t\t\t\t<\/div>\n\t\t<\/div>\n\t\t\t\t\t<\/div>\n\t\t<\/section>\n\t\t\t\t<section class=\"elementor-section elementor-top-section elementor-element elementor-element-5a7a67b elementor-section-boxed elementor-section-height-default elementor-section-height-default\" data-id=\"5a7a67b\" data-element_type=\"section\" data-e-type=\"section\">\n\t\t\t\t\t\t<div class=\"elementor-container elementor-column-gap-default\">\n\t\t\t\t\t<div class=\"elementor-column elementor-col-100 elementor-top-column elementor-element elementor-element-94a385b\" data-id=\"94a385b\" data-element_type=\"column\" data-e-type=\"column\">\n\t\t\t<div class=\"elementor-widget-wrap elementor-element-populated\">\n\t\t\t\t\t\t<section class=\"elementor-section elementor-inner-section elementor-element elementor-element-cbfa0c0 elementor-section-boxed elementor-section-height-default elementor-section-height-default\" data-id=\"cbfa0c0\" data-element_type=\"section\" data-e-type=\"section\">\n\t\t\t\t\t\t<div class=\"elementor-container elementor-column-gap-default\">\n\t\t\t\t\t<div class=\"elementor-column elementor-col-100 elementor-inner-column elementor-element elementor-element-c4fb493\" data-id=\"c4fb493\" data-element_type=\"column\" data-e-type=\"column\">\n\t\t\t<div class=\"elementor-widget-wrap elementor-element-populated\">\n\t\t\t\t\t\t<div class=\"elementor-element elementor-element-60732ed elementor-widget elementor-widget-text-editor\" data-id=\"60732ed\" data-element_type=\"widget\" data-e-type=\"widget\" data-widget_type=\"text-editor.default\">\n\t\t\t\t<div class=\"elementor-widget-container\">\n\t\t\t\t\t\t\t\t\t<p><strong>Rallimuseon yst\u00e4v\u00e4t ry:n rekisteri- ja tietosuojaseloste<\/strong><\/p><p><strong>1. Rekisterinpit\u00e4j\u00e4<\/strong><br \/>Rallimuseon yst\u00e4v\u00e4t ry c\/o Mobilia, Kustaa Kolmannen tie 75, 36270 Kangasala, Y-tunnus: 3084956-6<\/p><p><strong>2. Yhteyshenkil\u00f6<\/strong><br \/>Rahastonhoitaja Taina Ojanen, puh. 040 591 0570, taina.ojanen@mobilia.fi<\/p><p><strong>3. Henkil\u00f6tietojen k\u00e4sittelyn tarkoitus<\/strong><br \/>Rallimuseon yst\u00e4v\u00e4t ry:n j\u00e4senrekisterin p\u00e4\u00e4k\u00e4ytt\u00f6tarkoitus on j\u00e4senten tavoittaminen. J\u00e4senten tietoja k\u00e4ytet\u00e4\u00e4n j\u00e4senmaksujen perimiseen, kokouskutsujen ja tiedotteiden l\u00e4hett\u00e4miseen sek\u00e4 j\u00e4senyyden varmistamiseen.<\/p><p><strong>4. Rekisterin tietosis\u00e4lt\u00f6<\/strong><br \/>Rekisteri sis\u00e4lt\u00e4\u00e4 j\u00e4senen yhteys- ja henkil\u00f6tiedot, kuten nimi, osoite, puhelinnumero, ja s\u00e4hk\u00f6posti. Lis\u00e4ksi tallennetaan j\u00e4sensuhdetta koskevat tiedot, kuten liittymisajankohta ja laskutus- ja maksutiedot, sek\u00e4 suostumukset ja luvat ja muut mahdolliset j\u00e4senen suostumuksella ker\u00e4tyt tiedot.<\/p><p><strong>5. Tietoja k\u00e4sitell\u00e4\u00e4n seuraavin oikeusperustein<\/strong><\/p><p>\u2022 Rekister\u00f6idyn yksiselitteisesti antama suostumus (joka on j\u00e4senen peruutettavissa, milloin tahansa)<br \/>\u2022 K\u00e4sittely on tarpeen sellaisen sopimuksen t\u00e4yt\u00e4nt\u00f6\u00f6n panemiseksi, jossa rekister\u00f6ity on osapuolena tai sopimuksen tekemist\u00e4 edelt\u00e4vien toimenpiteiden toteuttamiseksi rekister\u00f6idyn pyynn\u00f6st\u00e4<\/p><p><strong>6. S\u00e4\u00e4nn\u00f6nmukaiset tietol\u00e4hteet<br \/><\/strong>J\u00e4sent\u00e4 koskevat tiedot saadaan j\u00e4senelt\u00e4 itselt\u00e4\u00e4n s\u00e4hk\u00f6isesti (verkkolomake, s\u00e4hk\u00f6posti), kirjallisesti, puhelimitse tai muulla tavoin. J\u00e4senmaksuja koskevat tiedot saadaan pankkij\u00e4rjestelmien kautta.<\/p><p><strong>7. S\u00e4\u00e4nn\u00f6nmukaiset tietojen luovutukset ja tietojen siirto EU:n tai Euroopan talousalueen ulkopuolelle<br \/><\/strong>Tietoja ei s\u00e4\u00e4nn\u00f6nmukaisesti siirret\u00e4 tai luovuteta EU:n tai Euroopan talousalueen ulkopuolelle.<\/p><p><strong>8. Rekister\u00f6idyn oikeudet<\/strong><br \/>Rekister\u00f6idyll\u00e4 on oikeus pyyt\u00e4\u00e4 p\u00e4\u00e4sy h\u00e4nt\u00e4 itse\u00e4\u00e4n koskeviin tietoihin sek\u00e4 oikeus pyyt\u00e4\u00e4 tietojen oikaisemista niiden poistamista tai k\u00e4sittelyn rajoittamista. Rekister\u00f6idyn oikeuksien k\u00e4ytt\u00e4mist\u00e4 koskevat pyynn\u00f6t, kysymykset t\u00e4st\u00e4 tietosuojaselosteesta ja muut yhteydenotot tulee tehd\u00e4 s\u00e4hk\u00f6postitse osoitteeseen taina.ojanen@mobilia.fi<\/p><p><strong>9. Tietojen s\u00e4ilytt\u00e4minen<\/strong><br \/>Tietoja s\u00e4ilytet\u00e4\u00e4n vain rekisterin k\u00e4ytt\u00f6tarkoituksen kannalta tarpeellisen ajan. J\u00e4senrekisterin tiedot s\u00e4ilyv\u00e4t kaksi vuotta eroamisen j\u00e4lkeen. Poistot tehd\u00e4\u00e4n vuosittain.<\/p><p><strong>10. Tietosuojaselosteen muuttaminen<\/strong><br \/>Rekisterinpit\u00e4j\u00e4 pid\u00e4tt\u00e4\u00e4 oikeuden p\u00e4ivitt\u00e4\u00e4 ja muuttaa tietosuojaselostetta. Lains\u00e4\u00e4d\u00e4nn\u00f6n niin vaatiessa muutoksista ilmoitetaan rekister\u00f6idyille.<\/p><p>Rekisteriseloste on p\u00e4ivitetty viimeksi 27.8.2025.<\/p>\t\t\t\t\t\t\t\t<\/div>\n\t\t\t\t<\/div>\n\t\t\t\t\t<\/div>\n\t\t<\/div>\n\t\t\t\t\t<\/div>\n\t\t<\/section>\n\t\t\t\t\t<\/div>\n\t\t<\/div>\n\t\t\t\t\t<\/div>\n\t\t<\/section>\n\t\t\t\t<\/div>\n\t\t","protected":false},"excerpt":{"rendered":"<p>Rallimuseon yst\u00e4v\u00e4t ry:n rekisteri- ja tietosuojaseloste Rallimuseon yst\u00e4v\u00e4t ry:n rekisteri- ja tietosuojaseloste 1. Rekisterinpit\u00e4j\u00e4Rallimuseon yst\u00e4v\u00e4t ry c\/o Mobilia, Kustaa Kolmannen tie 75, 36270 Kangasala, Y-tunnus: 3084956-6 2. Yhteyshenkil\u00f6Rahastonhoitaja Taina Ojanen, puh. 040 591 0570, taina.ojanen@mobilia.fi 3. Henkil\u00f6tietojen k\u00e4sittelyn tarkoitusRallimuseon yst\u00e4v\u00e4t ry:n j\u00e4senrekisterin p\u00e4\u00e4k\u00e4ytt\u00f6tarkoitus on j\u00e4senten tavoittaminen. J\u00e4senten tietoja k\u00e4ytet\u00e4\u00e4n j\u00e4senmaksujen perimiseen, kokouskutsujen ja tiedotteiden l\u00e4hett\u00e4miseen [&hellip;]<\/p>\n","protected":false},"author":2,"featured_media":0,"parent":0,"menu_order":0,"comment_status":"closed","ping_status":"closed","template":"","meta":{"_acf_changed":false,"inline_featured_image":false,"footnotes":""},"class_list":["post-15791","page","type-page","status-publish","hentry"],"acf":[],"_links":{"self":[{"href":"https:\/\/mobilia.fi\/fi\/wp-json\/wp\/v2\/pages\/15791","targetHints":{"allow":["GET"]}}],"collection":[{"href":"https:\/\/mobilia.fi\/fi\/wp-json\/wp\/v2\/pages"}],"about":[{"href":"https:\/\/mobilia.fi\/fi\/wp-json\/wp\/v2\/types\/page"}],"author":[{"embeddable":true,"href":"https:\/\/mobilia.fi\/fi\/wp-json\/wp\/v2\/users\/2"}],"replies":[{"embeddable":true,"href":"https:\/\/mobilia.fi\/fi\/wp-json\/wp\/v2\/comments?post=15791"}],"version-history":[{"count":7,"href":"https:\/\/mobilia.fi\/fi\/wp-json\/wp\/v2\/pages\/15791\/revisions"}],"predecessor-version":[{"id":15811,"href":"https:\/\/mobilia.fi\/fi\/wp-json\/wp\/v2\/pages\/15791\/revisions\/15811"}],"wp:attachment":[{"href":"https:\/\/mobilia.fi\/fi\/wp-json\/wp\/v2\/media?parent=15791"}],"curies":[{"name":"wp","href":"https:\/\/api.w.org\/{rel}","templated":true}]}}