{"id":16267,"date":"2026-01-22T13:37:15","date_gmt":"2026-01-22T11:37:15","guid":{"rendered":"https:\/\/mobilia.fi\/?page_id=16267"},"modified":"2026-01-26T12:24:27","modified_gmt":"2026-01-26T10:24:27","slug":"museoerikoiskokeet","status":"publish","type":"page","link":"https:\/\/mobilia.fi\/fi\/museo\/museoerikoiskokeet\/","title":{"rendered":"Museoerikoiskokeet"},"content":{"rendered":"\t\t<div data-elementor-type=\"wp-page\" data-elementor-id=\"16267\" class=\"elementor elementor-16267\" data-elementor-post-type=\"page\">\n\t\t\t\t\t\t<section class=\"elementor-section elementor-top-section elementor-element elementor-element-7380102 elementor-section-height-min-height elementor-section-boxed elementor-section-height-default elementor-section-items-middle\" data-id=\"7380102\" data-element_type=\"section\" data-e-type=\"section\" data-settings=\"{&quot;background_background&quot;:&quot;classic&quot;}\">\n\t\t\t\t\t\t\t<div class=\"elementor-background-overlay\"><\/div>\n\t\t\t\t\t\t\t<div class=\"elementor-container elementor-column-gap-default\">\n\t\t\t\t\t<div class=\"elementor-column elementor-col-100 elementor-top-column elementor-element elementor-element-75223d7\" data-id=\"75223d7\" data-element_type=\"column\" data-e-type=\"column\">\n\t\t\t<div class=\"elementor-widget-wrap elementor-element-populated\">\n\t\t\t\t\t\t<div class=\"elementor-element elementor-element-8e14513 elementor-widget elementor-widget-text-editor\" data-id=\"8e14513\" data-element_type=\"widget\" data-e-type=\"widget\" data-widget_type=\"text-editor.default\">\n\t\t\t\t<div class=\"elementor-widget-container\">\n\t\t\t\t\t\t\t\t\t<h1>Museoerikoiskokeet<\/h1><p>Suomalaiset rallikulttuuriperint\u00f6kohteet<\/p>\t\t\t\t\t\t\t\t<\/div>\n\t\t\t\t<\/div>\n\t\t\t\t\t<\/div>\n\t\t<\/div>\n\t\t\t\t\t<\/div>\n\t\t<\/section>\n\t\t\t\t<section class=\"elementor-section elementor-top-section elementor-element elementor-element-2e43757 elementor-section-boxed elementor-section-height-default elementor-section-height-default\" data-id=\"2e43757\" data-element_type=\"section\" data-e-type=\"section\">\n\t\t\t\t\t\t<div class=\"elementor-container elementor-column-gap-default\">\n\t\t\t\t\t<div class=\"elementor-column elementor-col-50 elementor-top-column elementor-element elementor-element-a9c5006\" data-id=\"a9c5006\" data-element_type=\"column\" data-e-type=\"column\">\n\t\t\t<div class=\"elementor-widget-wrap elementor-element-populated\">\n\t\t\t\t\t\t<div class=\"elementor-element elementor-element-a2dad28 elementor-widget elementor-widget-text-editor\" data-id=\"a2dad28\" data-element_type=\"widget\" data-e-type=\"widget\" data-widget_type=\"text-editor.default\">\n\t\t\t\t<div class=\"elementor-widget-container\">\n\t\t\t\t\t\t\t\t\t<p>Museoerikoiskoe on Auton ja tien museo Mobilian kehitt\u00e4m\u00e4 konsepti, jossa suomalaisen rallin ja<em> Flying Finns<\/em> -perinteen merkitt\u00e4v\u00e4t erikoiskokeet nimet\u00e4\u00e4n ja dokumentoidaan osaksi valtakunnallista rallikulttuuriperint\u00f6\u00e4.<br \/>Museoerikoiskokeen voi ajaa l\u00e4pi omalla harrasteautolla ja tutustua samalla rallin historiaan omassa ymp\u00e4rist\u00f6ss\u00e4\u00e4n \u2013 vastuullisesti, el\u00e4myksellisesti ja suomalaisen ralliperinteen ydint\u00e4 kunnioittaen.<\/p><p>Museoerikoiskokeet kertovat rallin historiasta siell\u00e4, miss\u00e4 se ajettiin: teill\u00e4, kyliss\u00e4 ja maisemissa, jotka tekiv\u00e4t Suomesta rallimaan.<\/p><p>Museoerikoiskokeet muodostavat valtakunnallisen verkoston, jota koordinoi Mobilian Rallimuseo. Tavoitteena on vuoteen 2030 menness\u00e4 tavoitteena on nimet\u00e4 12 museoerikoiskoetta, jotka kattavat suomalaisen rallihistorian keskeiset alueet ja aikakaudet.<\/p><p>Suomen ensimm\u00e4inen nimetty museoerikoiskoe on vuosina 1968\u20131973 osana Tunturirallia ajettu <a href=\"https:\/\/mobilia.fi\/fi\/nayttely\/sevettijarven-museoerikoiskoe\/\" target=\"_blank\" rel=\"noopener\">Sevettij\u00e4rven museoerikoiskoe<\/a> Inarissa. Sevettij\u00e4rven erikoiskokeen historiaan voi tutustua n\u00e4yttelyss\u00e4, joka sijaitsee Sevetin Baari &amp; Guesthousen tiloissa.<\/p><p>Julkaisemme seuraavat museoerikoiskokeet n\u00e4ill\u00e4 sivuilla sit\u00e4 mukaa, kun ne saadaan nimetty\u00e4.<\/p>\t\t\t\t\t\t\t\t<\/div>\n\t\t\t\t<\/div>\n\t\t\t\t\t<\/div>\n\t\t<\/div>\n\t\t\t\t<div class=\"elementor-column elementor-col-50 elementor-top-column elementor-element elementor-element-382dae7\" data-id=\"382dae7\" data-element_type=\"column\" data-e-type=\"column\">\n\t\t\t<div class=\"elementor-widget-wrap elementor-element-populated\">\n\t\t\t\t\t\t<div class=\"elementor-element elementor-element-600be98 elementor-widget elementor-widget-image\" data-id=\"600be98\" data-element_type=\"widget\" data-e-type=\"widget\" data-widget_type=\"image.default\">\n\t\t\t\t<div class=\"elementor-widget-container\">\n\t\t\t\t\t\t\t\t\t\t\t\t\t\t\t<img fetchpriority=\"high\" decoding=\"async\" width=\"800\" height=\"600\" src=\"https:\/\/mobilia.fi\/wp-content\/uploads\/2026\/01\/Escort1-1024x768.jpg\" class=\"attachment-large size-large wp-image-16249\" alt=\"Punainen Ford Escort Twin Cam -ralliauto vm. 1968 talvisessa pakkass\u00e4\u00e4ss\u00e4 odottamassa siirtoa sis\u00e4\u00e4n Rallimuseon n\u00e4yttelytilana toimivaan punaiseen puurakenteiseen ulkorakennukseen. Taustalla n\u00e4kyy Sevetin baarin luminen katto.\" srcset=\"https:\/\/mobilia.fi\/wp-content\/uploads\/2026\/01\/Escort1-1024x768.jpg 1024w, https:\/\/mobilia.fi\/wp-content\/uploads\/2026\/01\/Escort1-300x225.jpg 300w, https:\/\/mobilia.fi\/wp-content\/uploads\/2026\/01\/Escort1-768x576.jpg 768w, https:\/\/mobilia.fi\/wp-content\/uploads\/2026\/01\/Escort1-1536x1152.jpg 1536w, https:\/\/mobilia.fi\/wp-content\/uploads\/2026\/01\/Escort1-2048x1536.jpg 2048w\" sizes=\"(max-width: 800px) 100vw, 800px\" \/>\t\t\t\t\t\t\t\t\t\t\t\t\t\t\t<\/div>\n\t\t\t\t<\/div>\n\t\t\t\t\t<\/div>\n\t\t<\/div>\n\t\t\t\t\t<\/div>\n\t\t<\/section>\n\t\t\t\t<\/div>\n\t\t","protected":false},"excerpt":{"rendered":"<p>Museoerikoiskokeet Suomalaiset rallikulttuuriperint\u00f6kohteet Museoerikoiskoe on Auton ja tien museo Mobilian kehitt\u00e4m\u00e4 konsepti, jossa suomalaisen rallin ja Flying Finns -perinteen merkitt\u00e4v\u00e4t erikoiskokeet nimet\u00e4\u00e4n ja dokumentoidaan osaksi valtakunnallista rallikulttuuriperint\u00f6\u00e4.Museoerikoiskokeen voi ajaa l\u00e4pi omalla harrasteautolla ja tutustua samalla rallin historiaan omassa ymp\u00e4rist\u00f6ss\u00e4\u00e4n \u2013 vastuullisesti, el\u00e4myksellisesti ja suomalaisen ralliperinteen ydint\u00e4 kunnioittaen. Museoerikoiskokeet kertovat rallin historiasta siell\u00e4, miss\u00e4 se ajettiin: [&hellip;]<\/p>\n","protected":false},"author":2,"featured_media":81,"parent":18,"menu_order":0,"comment_status":"closed","ping_status":"closed","template":"","meta":{"_acf_changed":false,"inline_featured_image":false,"footnotes":""},"class_list":["post-16267","page","type-page","status-publish","has-post-thumbnail","hentry"],"acf":[],"_links":{"self":[{"href":"https:\/\/mobilia.fi\/fi\/wp-json\/wp\/v2\/pages\/16267","targetHints":{"allow":["GET"]}}],"collection":[{"href":"https:\/\/mobilia.fi\/fi\/wp-json\/wp\/v2\/pages"}],"about":[{"href":"https:\/\/mobilia.fi\/fi\/wp-json\/wp\/v2\/types\/page"}],"author":[{"embeddable":true,"href":"https:\/\/mobilia.fi\/fi\/wp-json\/wp\/v2\/users\/2"}],"replies":[{"embeddable":true,"href":"https:\/\/mobilia.fi\/fi\/wp-json\/wp\/v2\/comments?post=16267"}],"version-history":[{"count":7,"href":"https:\/\/mobilia.fi\/fi\/wp-json\/wp\/v2\/pages\/16267\/revisions"}],"predecessor-version":[{"id":16352,"href":"https:\/\/mobilia.fi\/fi\/wp-json\/wp\/v2\/pages\/16267\/revisions\/16352"}],"up":[{"embeddable":true,"href":"https:\/\/mobilia.fi\/fi\/wp-json\/wp\/v2\/pages\/18"}],"wp:featuredmedia":[{"embeddable":true,"href":"https:\/\/mobilia.fi\/fi\/wp-json\/wp\/v2\/media\/81"}],"wp:attachment":[{"href":"https:\/\/mobilia.fi\/fi\/wp-json\/wp\/v2\/media?parent=16267"}],"curies":[{"name":"wp","href":"https:\/\/api.w.org\/{rel}","templated":true}]}}