{"id":1736,"date":"2020-10-27T13:24:09","date_gmt":"2020-10-27T11:24:09","guid":{"rendered":"https:\/\/mobilia.fi\/?page_id=1736"},"modified":"2021-12-30T14:03:11","modified_gmt":"2021-12-30T12:03:11","slug":"arvot","status":"publish","type":"page","link":"https:\/\/mobilia.fi\/fi\/museo\/suomalainen-ajoneuvohistoria\/arvot\/","title":{"rendered":"Aitous, alkuper\u00e4isyys ja arvo"},"content":{"rendered":"\t\t<div data-elementor-type=\"wp-page\" data-elementor-id=\"1736\" class=\"elementor elementor-1736\" data-elementor-post-type=\"page\">\n\t\t\t\t\t\t<section class=\"elementor-section elementor-top-section elementor-element elementor-element-4096226c elementor-section-height-min-height elementor-section-boxed elementor-section-height-default elementor-section-items-middle\" data-id=\"4096226c\" data-element_type=\"section\" data-e-type=\"section\" data-settings=\"{&quot;background_background&quot;:&quot;classic&quot;}\">\n\t\t\t\t\t\t\t<div class=\"elementor-background-overlay\"><\/div>\n\t\t\t\t\t\t\t<div class=\"elementor-container elementor-column-gap-default\">\n\t\t\t\t\t<div class=\"elementor-column elementor-col-100 elementor-top-column elementor-element elementor-element-4839aeab\" data-id=\"4839aeab\" data-element_type=\"column\" data-e-type=\"column\">\n\t\t\t<div class=\"elementor-widget-wrap elementor-element-populated\">\n\t\t\t\t\t\t<div class=\"elementor-element elementor-element-391cdba3 elementor-widget elementor-widget-text-editor\" data-id=\"391cdba3\" data-element_type=\"widget\" data-e-type=\"widget\" data-widget_type=\"text-editor.default\">\n\t\t\t\t<div class=\"elementor-widget-container\">\n\t\t\t\t\t\t\t\t\t<h1>Aitous, alkuper\u00e4isyys ja arvo<\/h1><p>\u00a0<\/p>\t\t\t\t\t\t\t\t<\/div>\n\t\t\t\t<\/div>\n\t\t\t\t\t<\/div>\n\t\t<\/div>\n\t\t\t\t\t<\/div>\n\t\t<\/section>\n\t\t\t\t<section class=\"elementor-section elementor-top-section elementor-element elementor-element-d4722ff elementor-section-boxed elementor-section-height-default elementor-section-height-default\" data-id=\"d4722ff\" data-element_type=\"section\" data-e-type=\"section\">\n\t\t\t\t\t\t<div class=\"elementor-container elementor-column-gap-default\">\n\t\t\t\t\t<div class=\"elementor-column elementor-col-100 elementor-top-column elementor-element elementor-element-44fe889\" data-id=\"44fe889\" data-element_type=\"column\" data-e-type=\"column\">\n\t\t\t<div class=\"elementor-widget-wrap elementor-element-populated\">\n\t\t\t\t\t\t<div class=\"elementor-element elementor-element-8449678 elementor-widget elementor-widget-text-editor\" data-id=\"8449678\" data-element_type=\"widget\" data-e-type=\"widget\" data-widget_type=\"text-editor.default\">\n\t\t\t\t<div class=\"elementor-widget-container\">\n\t\t\t\t\t\t\t\t\t<p><span style=\"color: #009cdf;\">\u201dAitous s\u00e4ilyy, vaikka aika tuhoaa esineen.<\/span><\/p><p><span style=\"color: #009cdf;\">Aitous v\u00e4henee, jos konservaattori tai restauroija pit\u00e4\u00e4 esineest\u00e4 huolta.\u201d<\/span><\/p><p>Ajoneuvo on j\u00e4\u00e4nne, jolla on tieteellinen l\u00e4hdearvo. Se kertoo aikansa oloista ja kulttuurivaikutteista sek\u00e4 v\u00e4litt\u00e4\u00e4 menneisyyden kokemuksia ja taitoja. Ajoneuvoilla, kuten esineill\u00e4 ja ilmi\u00f6ill\u00e4, on oma elinkaarensa. Ajan kuluessa ajoneuvon k\u00e4ytt\u00f6tarkoitus voi muuttua. Ajoneuvon arvokin muuttuu. Ihannetapauksessa ajoneuvo kuitenkin kantaa mukanaan historiaansa ja v\u00e4litt\u00e4\u00e4 sit\u00e4 nykyp\u00e4iv\u00e4\u00e4n. Perinneajoneuvon arvo m\u00e4\u00e4rittyy siit\u00e4, mit\u00e4 tietoa se pystyy v\u00e4litt\u00e4m\u00e4\u00e4n menneisyydest\u00e4. Perinnearvo siis korreloi ennen kaikkea esineen tietoarvon kanssa.<\/p><p>Aitous voi kohdistua esimerkiksi esineen muotoon, materiaaleihin, valmistustekniikkaan, toiminnalliseen alkuper\u00e4isyyteen tai sijainnin alkuper\u00e4isyyteen. Aitous ei ole itseisarvo, vaan sen osana on siirt\u00e4\u00e4 sanomaa. Aitous voi s\u00e4ily\u00e4 osien vaihdosta ja rakenteen uusimisesta huolimatta, jos muutokset ovat osa esineen k\u00e4ytt\u00f6i\u00e4n el\u00e4m\u00e4\u00e4. Osa muutoksista ja korjauksista ovat pakollisia jo yleisen turvallisuuden kannalta. Hyv\u00e4n\u00e4 vertailukohtana ovat esimerkiksi puurakenteinen laiva tai lentokone, joihin k\u00e4ytt\u00f6arvon s\u00e4ilymiseksi on vaihdettava huomattavan paljon osia. Mik\u00e4 t\u00e4ll\u00f6in on aitoa, mit\u00e4 j\u00e4lkeenp\u00e4in voidaan pit\u00e4\u00e4 aitona ja mik\u00e4 on alkuper\u00e4ist\u00e4 vastaavaa?<\/p><p>Arvon s\u00e4ilytt\u00e4misess\u00e4 avaink\u00e4sitteen\u00e4 on konservointi. Konservoinnin tavoite museologisessa mieless\u00e4 on hidastaa esineen tuhoutumista tai parhaassa tapauksessa pys\u00e4ytt\u00e4\u00e4 tuhoutuminen nykyhetkeen samalla s\u00e4ilytt\u00e4en esineen tietoarvo. Konservoitaessa ajoneuvoa ei siis pyrit\u00e4 palauttamaan jonkin tietyn hetken asuun, vaan ajoneuvoon j\u00e4tet\u00e4\u00e4n tarkoituksella sen historia.<\/p><p>Lyhyesti: mit\u00e4 enemm\u00e4n tietoarvoa Suomen tieliikenteen historiasta, sit\u00e4 arvokkaampi perinneajoneuvo.<\/p><p>Lataa t\u00e4st\u00e4 pdf-muotoinen <a href=\"https:\/\/mobilia.fi\/wp-content\/uploads\/2020\/10\/sailytysohjeet_2017_netti.pdf\">Opas museoauton s\u00e4ilytykseen<\/a><\/p><p><strong>Videoesitykset Museoviraston avustusseminaarista 2020<\/strong><\/p><p>Alla olevista linkeist\u00e4 p\u00e4\u00e4set tutustumaan Museoviraston kulkuv\u00e4lineiden avustusten hakemiseen j\u00e4rjestetyn seminaarin materiaaleihin. Materiaalit ovat PowerPoint-esityksi\u00e4, jotka aukeavat pdf-muotoisina.<\/p><p><a href=\"https:\/\/mobilia.fi\/wp-content\/uploads\/2020\/10\/aloitus6102020_piltz.pdf\">Avaus &#8211; Martti Piltz<\/a><\/p><p><a href=\"https:\/\/mobilia.fi\/wp-content\/uploads\/2020\/10\/historiallisista_ajoneuvoista_ja_arvoista_antila.pdf\">Historiallisista ajoneuvoista ja arvoista -Anni Antila<\/a><\/p><p><a href=\"https:\/\/mobilia.fi\/wp-content\/uploads\/2020\/10\/avustusseminaari_syksy_2020_pentti.pdf\">Ajoneuvojen historia, miten sit\u00e4 voidaan tutkia? -Mikko Pentti<\/a><\/p>\t\t\t\t\t\t\t\t<\/div>\n\t\t\t\t<\/div>\n\t\t\t\t\t<\/div>\n\t\t<\/div>\n\t\t\t\t\t<\/div>\n\t\t<\/section>\n\t\t\t\t<section class=\"elementor-section elementor-top-section elementor-element elementor-element-6305b92 elementor-section-boxed elementor-section-height-default elementor-section-height-default\" data-id=\"6305b92\" data-element_type=\"section\" data-e-type=\"section\">\n\t\t\t\t\t\t<div class=\"elementor-container elementor-column-gap-default\">\n\t\t\t\t\t<div class=\"elementor-column elementor-col-100 elementor-top-column elementor-element elementor-element-0732ae1\" data-id=\"0732ae1\" data-element_type=\"column\" data-e-type=\"column\">\n\t\t\t<div class=\"elementor-widget-wrap elementor-element-populated\">\n\t\t\t\t\t\t\t<\/div>\n\t\t<\/div>\n\t\t\t\t\t<\/div>\n\t\t<\/section>\n\t\t\t\t<section class=\"elementor-section elementor-top-section elementor-element elementor-element-8fff67d elementor-section-boxed elementor-section-height-default elementor-section-height-default\" data-id=\"8fff67d\" data-element_type=\"section\" data-e-type=\"section\">\n\t\t\t\t\t\t<div class=\"elementor-container elementor-column-gap-default\">\n\t\t\t\t\t<div class=\"elementor-column elementor-col-100 elementor-top-column elementor-element elementor-element-7ea729e\" data-id=\"7ea729e\" data-element_type=\"column\" data-e-type=\"column\">\n\t\t\t<div class=\"elementor-widget-wrap\">\n\t\t\t\t\t\t\t<\/div>\n\t\t<\/div>\n\t\t\t\t\t<\/div>\n\t\t<\/section>\n\t\t\t\t<\/div>\n\t\t","protected":false},"excerpt":{"rendered":"<p>Aitous, alkuper\u00e4isyys ja arvo \u201dAitous s\u00e4ilyy, vaikka aika tuhoaa esineen. Aitous v\u00e4henee, jos konservaattori tai restauroija pit\u00e4\u00e4 esineest\u00e4 huolta.\u201d Ajoneuvo on j\u00e4\u00e4nne, jolla on tieteellinen l\u00e4hdearvo. Se kertoo aikansa oloista ja kulttuurivaikutteista sek\u00e4 v\u00e4litt\u00e4\u00e4 menneisyyden kokemuksia ja taitoja. Ajoneuvoilla, kuten esineill\u00e4 ja ilmi\u00f6ill\u00e4, on oma elinkaarensa. Ajan kuluessa ajoneuvon k\u00e4ytt\u00f6tarkoitus voi muuttua. Ajoneuvon arvokin muuttuu. [&hellip;]<\/p>\n","protected":false},"author":3,"featured_media":74,"parent":3743,"menu_order":2,"comment_status":"closed","ping_status":"closed","template":"","meta":{"_acf_changed":false,"inline_featured_image":false,"footnotes":""},"class_list":["post-1736","page","type-page","status-publish","has-post-thumbnail","hentry"],"acf":[],"_links":{"self":[{"href":"https:\/\/mobilia.fi\/fi\/wp-json\/wp\/v2\/pages\/1736","targetHints":{"allow":["GET"]}}],"collection":[{"href":"https:\/\/mobilia.fi\/fi\/wp-json\/wp\/v2\/pages"}],"about":[{"href":"https:\/\/mobilia.fi\/fi\/wp-json\/wp\/v2\/types\/page"}],"author":[{"embeddable":true,"href":"https:\/\/mobilia.fi\/fi\/wp-json\/wp\/v2\/users\/3"}],"replies":[{"embeddable":true,"href":"https:\/\/mobilia.fi\/fi\/wp-json\/wp\/v2\/comments?post=1736"}],"version-history":[{"count":21,"href":"https:\/\/mobilia.fi\/fi\/wp-json\/wp\/v2\/pages\/1736\/revisions"}],"predecessor-version":[{"id":5099,"href":"https:\/\/mobilia.fi\/fi\/wp-json\/wp\/v2\/pages\/1736\/revisions\/5099"}],"up":[{"embeddable":true,"href":"https:\/\/mobilia.fi\/fi\/wp-json\/wp\/v2\/pages\/3743"}],"wp:featuredmedia":[{"embeddable":true,"href":"https:\/\/mobilia.fi\/fi\/wp-json\/wp\/v2\/media\/74"}],"wp:attachment":[{"href":"https:\/\/mobilia.fi\/fi\/wp-json\/wp\/v2\/media?parent=1736"}],"curies":[{"name":"wp","href":"https:\/\/api.w.org\/{rel}","templated":true}]}}