{"id":1805,"date":"2020-11-02T15:22:31","date_gmt":"2020-11-02T13:22:31","guid":{"rendered":"https:\/\/mobilia.fi\/?page_id=1805"},"modified":"2026-03-19T10:25:34","modified_gmt":"2026-03-19T08:25:34","slug":"yhteystiedot","status":"publish","type":"page","link":"https:\/\/mobilia.fi\/fi\/vieraile\/yhteystiedot\/","title":{"rendered":"Yhteystiedot"},"content":{"rendered":"\t\t<div data-elementor-type=\"wp-page\" data-elementor-id=\"1805\" class=\"elementor elementor-1805\" data-elementor-post-type=\"page\">\n\t\t\t\t\t\t<section class=\"elementor-section elementor-top-section elementor-element elementor-element-b0decc6 elementor-section-height-min-height elementor-section-boxed elementor-section-height-default elementor-section-items-middle\" data-id=\"b0decc6\" data-element_type=\"section\" data-e-type=\"section\" data-settings=\"{&quot;background_background&quot;:&quot;classic&quot;}\">\n\t\t\t\t\t\t\t<div class=\"elementor-background-overlay\"><\/div>\n\t\t\t\t\t\t\t<div class=\"elementor-container elementor-column-gap-default\">\n\t\t\t\t\t<div class=\"elementor-column elementor-col-100 elementor-top-column elementor-element elementor-element-5eb1950\" data-id=\"5eb1950\" data-element_type=\"column\" data-e-type=\"column\">\n\t\t\t<div class=\"elementor-widget-wrap elementor-element-populated\">\n\t\t\t\t\t\t<div class=\"elementor-element elementor-element-51d78f7 elementor-widget elementor-widget-text-editor\" data-id=\"51d78f7\" data-element_type=\"widget\" data-e-type=\"widget\" data-widget_type=\"text-editor.default\">\n\t\t\t\t<div class=\"elementor-widget-container\">\n\t\t\t\t\t\t\t\t\t<h1>Yhteystiedot<\/h1>\t\t\t\t\t\t\t\t<\/div>\n\t\t\t\t<\/div>\n\t\t\t\t\t<\/div>\n\t\t<\/div>\n\t\t\t\t\t<\/div>\n\t\t<\/section>\n\t\t\t\t<section class=\"elementor-section elementor-top-section elementor-element elementor-element-bf05735 elementor-section-boxed elementor-section-height-default elementor-section-height-default\" data-id=\"bf05735\" data-element_type=\"section\" data-e-type=\"section\">\n\t\t\t\t\t\t<div class=\"elementor-container elementor-column-gap-default\">\n\t\t\t\t\t<div class=\"elementor-column elementor-col-50 elementor-top-column elementor-element elementor-element-e9aa2c2\" data-id=\"e9aa2c2\" data-element_type=\"column\" data-e-type=\"column\">\n\t\t\t<div class=\"elementor-widget-wrap elementor-element-populated\">\n\t\t\t\t\t\t<div class=\"elementor-element elementor-element-9dd09eb elementor-widget elementor-widget-text-editor\" data-id=\"9dd09eb\" data-element_type=\"widget\" data-e-type=\"widget\" data-widget_type=\"text-editor.default\">\n\t\t\t\t<div class=\"elementor-widget-container\">\n\t\t\t\t\t\t\t\t\t<h3><span style=\"color: #009cdf;\"><b>MOBILIA<\/b><\/span><\/h3><p>Kustaa Kolmannen tie 75<br \/>36270 KANGASALA<\/p><p>puh. (03) 3140 4000<br \/>asiakaspalvelu@mobilia.fi<\/p>\t\t\t\t\t\t\t\t<\/div>\n\t\t\t\t<\/div>\n\t\t\t\t\t<\/div>\n\t\t<\/div>\n\t\t\t\t<div class=\"elementor-column elementor-col-50 elementor-top-column elementor-element elementor-element-9989351\" data-id=\"9989351\" data-element_type=\"column\" data-e-type=\"column\">\n\t\t\t<div class=\"elementor-widget-wrap elementor-element-populated\">\n\t\t\t\t\t\t<div class=\"elementor-element elementor-element-0bf2f4f elementor-widget elementor-widget-text-editor\" data-id=\"0bf2f4f\" data-element_type=\"widget\" data-e-type=\"widget\" data-widget_type=\"text-editor.default\">\n\t\t\t\t<div class=\"elementor-widget-container\">\n\t\t\t\t\t\t\t\t\t<p>\u00a0<\/p><p><span style=\"color: #009cdf;\"><strong>MOBILIAN LASKUTUSOSOITE<\/strong><\/span><\/p><p><strong>Verkkolaskut<\/strong><\/p><p>Operaattori: Apix Messaging Oy (003723327487)<br \/>Verkkolaskuosoite: 003706178539<br \/>OVT- tunnus: 003706178539<\/p><p>Y-tunnus: 0617853-9<\/p><p>Huomioittehan, ett\u00e4 mik\u00e4li k\u00e4yt\u00f6ss\u00e4nne on jokin seuraavista verkkolaskutusoperaattoreista Danske Bank Oyj, Handelsbanken, Paikallisosuuspankit tai S\u00e4\u00e4st\u00f6pankit, tulee teid\u00e4n k\u00e4ytt\u00e4\u00e4 Apixin verkkolaskuosoitteena\u00a0 003723327487 ja operaattoritunnuksena DABAFIHH.<\/p><p><strong>PDF-laskut s\u00e4hk\u00f6postitse<\/strong><br \/><a href=\"mailto:003706178539@procountor.apix.fi\">003706178539@procountor.apix.fi<\/a><\/p><p><strong>Paperilaskut<\/strong><\/p><p>Mobilia s\u00e4\u00e4ti\u00f6 sr (Apix skannauspalvelu)<br \/>PL 16112<br \/>00021 LASKUTUS<\/p><p><strong>Kysymykset laskuihin liittyen<\/strong><br \/>laskutus@mobilia.fi<\/p>\t\t\t\t\t\t\t\t<\/div>\n\t\t\t\t<\/div>\n\t\t\t\t\t<\/div>\n\t\t<\/div>\n\t\t\t\t\t<\/div>\n\t\t<\/section>\n\t\t\t\t<section class=\"elementor-section elementor-top-section elementor-element elementor-element-bafb9b1 elementor-section-boxed elementor-section-height-default elementor-section-height-default\" data-id=\"bafb9b1\" data-element_type=\"section\" data-e-type=\"section\">\n\t\t\t\t\t\t<div class=\"elementor-container elementor-column-gap-default\">\n\t\t\t\t\t<div class=\"elementor-column elementor-col-100 elementor-top-column elementor-element elementor-element-b8e419d\" data-id=\"b8e419d\" data-element_type=\"column\" data-e-type=\"column\">\n\t\t\t<div class=\"elementor-widget-wrap elementor-element-populated\">\n\t\t\t\t\t\t<div class=\"elementor-element elementor-element-61f16cc elementor-widget elementor-widget-heading\" data-id=\"61f16cc\" data-element_type=\"widget\" data-e-type=\"widget\" data-widget_type=\"heading.default\">\n\t\t\t\t<div class=\"elementor-widget-container\">\n\t\t\t\t\t<h2 class=\"elementor-heading-title elementor-size-default\">Henkil\u00f6kunta<\/h2>\t\t\t\t<\/div>\n\t\t\t\t<\/div>\n\t\t\t\t\t<\/div>\n\t\t<\/div>\n\t\t\t\t\t<\/div>\n\t\t<\/section>\n\t\t\t\t<section class=\"elementor-section elementor-top-section elementor-element elementor-element-066e512 elementor-section-boxed elementor-section-height-default elementor-section-height-default\" data-id=\"066e512\" data-element_type=\"section\" data-e-type=\"section\">\n\t\t\t\t\t\t<div class=\"elementor-container elementor-column-gap-default\">\n\t\t\t\t\t<div class=\"elementor-column elementor-col-100 elementor-top-column elementor-element elementor-element-5404668\" data-id=\"5404668\" data-element_type=\"column\" data-e-type=\"column\">\n\t\t\t<div class=\"elementor-widget-wrap elementor-element-populated\">\n\t\t\t\t\t\t<div class=\"elementor-element elementor-element-1faf181 elementor-widget elementor-widget-text-editor\" data-id=\"1faf181\" data-element_type=\"widget\" data-e-type=\"widget\" data-widget_type=\"text-editor.default\">\n\t\t\t\t<div class=\"elementor-widget-container\">\n\t\t\t\t\t\t\t\t\t<p>Henkil\u00f6kunnan s\u00e4hk\u00f6postiosoitteet: etunimi.sukunimi@mobilia.fi<\/p>\t\t\t\t\t\t\t\t<\/div>\n\t\t\t\t<\/div>\n\t\t\t\t\t<\/div>\n\t\t<\/div>\n\t\t\t\t\t<\/div>\n\t\t<\/section>\n\t\t\t\t<section class=\"elementor-section elementor-top-section elementor-element elementor-element-5e06f03 elementor-section-boxed elementor-section-height-default elementor-section-height-default\" data-id=\"5e06f03\" data-element_type=\"section\" data-e-type=\"section\">\n\t\t\t\t\t\t<div class=\"elementor-container elementor-column-gap-default\">\n\t\t\t\t\t<div class=\"elementor-column elementor-col-20 elementor-top-column elementor-element elementor-element-ff4a7d6\" data-id=\"ff4a7d6\" data-element_type=\"column\" data-e-type=\"column\">\n\t\t\t<div class=\"elementor-widget-wrap elementor-element-populated\">\n\t\t\t\t\t\t<div class=\"elementor-element elementor-element-af4bce7 elementor-widget elementor-widget-text-editor\" data-id=\"af4bce7\" data-element_type=\"widget\" data-e-type=\"widget\" data-widget_type=\"text-editor.default\">\n\t\t\t\t<div class=\"elementor-widget-container\">\n\t\t\t\t\t\t\t\t\t<p><strong>Mika Hautala<\/strong><\/p><p><strong>Toimitusjohtaja<\/strong><\/p><p>Puh. 040 549 0186<\/p>\t\t\t\t\t\t\t\t<\/div>\n\t\t\t\t<\/div>\n\t\t\t\t\t<\/div>\n\t\t<\/div>\n\t\t\t\t<div class=\"elementor-column elementor-col-20 elementor-top-column elementor-element elementor-element-ae8cdaa\" data-id=\"ae8cdaa\" data-element_type=\"column\" data-e-type=\"column\">\n\t\t\t<div class=\"elementor-widget-wrap elementor-element-populated\">\n\t\t\t\t\t\t<div class=\"elementor-element elementor-element-d4cd2f6 elementor-widget__width-initial elementor-widget elementor-widget-text-editor\" data-id=\"d4cd2f6\" data-element_type=\"widget\" data-e-type=\"widget\" data-widget_type=\"text-editor.default\">\n\t\t\t\t<div class=\"elementor-widget-container\">\n\t\t\t\t\t\t\t\t\t<p><strong>Anni Antila<\/strong><\/p><p><b>N\u00e4yttelyp\u00e4\u00e4llikk\u00f6<\/b><br \/>n\u00e4yttelytoiminta<br \/>Rallimuseo<br \/>toimitusjohtajan sijainen<br \/><br \/>Puh.\u00a0 040 900 6640<\/p>\t\t\t\t\t\t\t\t<\/div>\n\t\t\t\t<\/div>\n\t\t\t\t\t<\/div>\n\t\t<\/div>\n\t\t\t\t<div class=\"elementor-column elementor-col-20 elementor-top-column elementor-element elementor-element-1ad0417\" data-id=\"1ad0417\" data-element_type=\"column\" data-e-type=\"column\">\n\t\t\t<div class=\"elementor-widget-wrap elementor-element-populated\">\n\t\t\t\t\t\t<div class=\"elementor-element elementor-element-ab4b0ea elementor-widget__width-initial elementor-widget elementor-widget-text-editor\" data-id=\"ab4b0ea\" data-element_type=\"widget\" data-e-type=\"widget\" data-widget_type=\"text-editor.default\">\n\t\t\t\t<div class=\"elementor-widget-container\">\n\t\t\t\t\t\t\t\t\t<div><b>Taina Ojanen<\/b><\/div><div>\u00a0<\/div><div><b>Hallintop\u00e4\u00e4llikk\u00f6<\/b><\/div><div>taloushallinto<br \/>johdon sihteeri<\/div><div>\u00a0<\/div><div>Puh. 040\u00a0591 0570<\/div>\t\t\t\t\t\t\t\t<\/div>\n\t\t\t\t<\/div>\n\t\t\t\t\t<\/div>\n\t\t<\/div>\n\t\t\t\t<div class=\"elementor-column elementor-col-20 elementor-top-column elementor-element elementor-element-b016cca\" data-id=\"b016cca\" data-element_type=\"column\" data-e-type=\"column\">\n\t\t\t<div class=\"elementor-widget-wrap elementor-element-populated\">\n\t\t\t\t\t\t<div class=\"elementor-element elementor-element-5150639 elementor-widget elementor-widget-text-editor\" data-id=\"5150639\" data-element_type=\"widget\" data-e-type=\"widget\" data-widget_type=\"text-editor.default\">\n\t\t\t\t<div class=\"elementor-widget-container\">\n\t\t\t\t\t\t\t\t\t<p><strong>Elina Toukola<\/strong><\/p><p><strong>Tapahtuma- ja asiakaspalvelup\u00e4\u00e4llikk\u00f6<\/strong><br \/>asiakaspalvelu<br \/>markkinointi ja viestint\u00e4<br \/>museokauppa<br \/>tapahtumat<\/p><p>Puh. 044 033 9823<\/p>\t\t\t\t\t\t\t\t<\/div>\n\t\t\t\t<\/div>\n\t\t\t\t\t<\/div>\n\t\t<\/div>\n\t\t\t\t<div class=\"elementor-column elementor-col-20 elementor-top-column elementor-element elementor-element-24837b1\" data-id=\"24837b1\" data-element_type=\"column\" data-e-type=\"column\">\n\t\t\t<div class=\"elementor-widget-wrap elementor-element-populated\">\n\t\t\t\t\t\t<div class=\"elementor-element elementor-element-aa7dd79 elementor-widget elementor-widget-text-editor\" data-id=\"aa7dd79\" data-element_type=\"widget\" data-e-type=\"widget\" data-widget_type=\"text-editor.default\">\n\t\t\t\t<div class=\"elementor-widget-container\">\n\t\t\t\t\t\t\t\t\t<p><strong>Eve Juhkam<\/strong><\/p><p><b>Tietopalveluasiantuntija, arkisto ja kirjasto<\/b><br \/>kokoelmarekisterit<br \/>kantakortit<br \/>kuva- ja tietopalvelu<\/p><p>Puh. 040 900 6657<\/p>\t\t\t\t\t\t\t\t<\/div>\n\t\t\t\t<\/div>\n\t\t\t\t\t<\/div>\n\t\t<\/div>\n\t\t\t\t\t<\/div>\n\t\t<\/section>\n\t\t\t\t<section class=\"elementor-section elementor-top-section elementor-element elementor-element-9c17bb5 elementor-section-boxed elementor-section-height-default elementor-section-height-default\" data-id=\"9c17bb5\" data-element_type=\"section\" data-e-type=\"section\">\n\t\t\t\t\t\t<div class=\"elementor-container elementor-column-gap-default\">\n\t\t\t\t\t<div class=\"elementor-column elementor-col-25 elementor-top-column elementor-element elementor-element-25b020e\" data-id=\"25b020e\" data-element_type=\"column\" data-e-type=\"column\">\n\t\t\t<div class=\"elementor-widget-wrap elementor-element-populated\">\n\t\t\t\t\t\t<div class=\"elementor-element elementor-element-f176e73 elementor-widget elementor-widget-text-editor\" data-id=\"f176e73\" data-element_type=\"widget\" data-e-type=\"widget\" data-widget_type=\"text-editor.default\">\n\t\t\t\t<div class=\"elementor-widget-container\">\n\t\t\t\t\t\t\t\t\t<p><strong>Kirsti Lehtom\u00e4ki<\/strong><\/p><p><b>Amanuenssi<\/b><br \/>n\u00e4yttelyt<br \/>opastukset<br \/>projektit<\/p><p>Puh. 040 900 6671<\/p>\t\t\t\t\t\t\t\t<\/div>\n\t\t\t\t<\/div>\n\t\t\t\t\t<\/div>\n\t\t<\/div>\n\t\t\t\t<div class=\"elementor-column elementor-col-25 elementor-top-column elementor-element elementor-element-c1460cf\" data-id=\"c1460cf\" data-element_type=\"column\" data-e-type=\"column\">\n\t\t\t<div class=\"elementor-widget-wrap elementor-element-populated\">\n\t\t\t\t\t\t<div class=\"elementor-element elementor-element-6749712 elementor-widget elementor-widget-text-editor\" data-id=\"6749712\" data-element_type=\"widget\" data-e-type=\"widget\" data-widget_type=\"text-editor.default\">\n\t\t\t\t<div class=\"elementor-widget-container\">\n\t\t\t\t\t\t\t\t\t<p><strong>Mikko Pentti<\/strong><\/p><p><strong>Kokoelmap\u00e4\u00e4llikk\u00f6<\/strong><br \/>kokoelmahallinto<br \/>esinekokoelmat<br \/>kulttuuriymp\u00e4rist\u00f6t ja tieliikenteen historia<\/p><p>Puh. 044 716 7634<\/p>\t\t\t\t\t\t\t\t<\/div>\n\t\t\t\t<\/div>\n\t\t\t\t\t<\/div>\n\t\t<\/div>\n\t\t\t\t<div class=\"elementor-column elementor-col-25 elementor-top-column elementor-element elementor-element-46ccef4\" data-id=\"46ccef4\" data-element_type=\"column\" data-e-type=\"column\">\n\t\t\t<div class=\"elementor-widget-wrap elementor-element-populated\">\n\t\t\t\t\t\t<div class=\"elementor-element elementor-element-1609c5c elementor-widget elementor-widget-text-editor\" data-id=\"1609c5c\" data-element_type=\"widget\" data-e-type=\"widget\" data-widget_type=\"text-editor.default\">\n\t\t\t\t<div class=\"elementor-widget-container\">\n\t\t\t\t\t\t\t\t\t<p><strong>Anniina Salminen<\/strong><\/p><p><b>Amanuenssi<\/b><br \/>valokuvakokoelmat<br \/>eKokoelmat<br \/>projektit<\/p><p>Puh. 040 900 6643<\/p>\t\t\t\t\t\t\t\t<\/div>\n\t\t\t\t<\/div>\n\t\t\t\t\t<\/div>\n\t\t<\/div>\n\t\t\t\t<div class=\"elementor-column elementor-col-25 elementor-top-column elementor-element elementor-element-2d009f5\" data-id=\"2d009f5\" data-element_type=\"column\" data-e-type=\"column\">\n\t\t\t<div class=\"elementor-widget-wrap elementor-element-populated\">\n\t\t\t\t\t\t<div class=\"elementor-element elementor-element-a8d6d5b elementor-widget elementor-widget-text-editor\" data-id=\"a8d6d5b\" data-element_type=\"widget\" data-e-type=\"widget\" data-widget_type=\"text-editor.default\">\n\t\t\t\t<div class=\"elementor-widget-container\">\n\t\t\t\t\t\t\t\t\t<p><strong>Rene Syrj\u00e4<\/strong><\/p><p><b>N\u00e4yttelymestari<\/b><br \/>n\u00e4yttelyiden rakentaminen ja hoito<br \/>yleis\u00f6tilojen yll\u00e4pito<\/p><p>Puh. 044 901 7367<\/p>\t\t\t\t\t\t\t\t<\/div>\n\t\t\t\t<\/div>\n\t\t\t\t\t<\/div>\n\t\t<\/div>\n\t\t\t\t\t<\/div>\n\t\t<\/section>\n\t\t\t\t<section class=\"elementor-section elementor-top-section elementor-element elementor-element-1fa2638 elementor-section-boxed elementor-section-height-default elementor-section-height-default\" data-id=\"1fa2638\" data-element_type=\"section\" data-e-type=\"section\">\n\t\t\t\t\t\t<div class=\"elementor-container elementor-column-gap-default\">\n\t\t\t\t\t<div class=\"elementor-column elementor-col-25 elementor-top-column elementor-element elementor-element-c3dc551\" data-id=\"c3dc551\" data-element_type=\"column\" data-e-type=\"column\">\n\t\t\t<div class=\"elementor-widget-wrap elementor-element-populated\">\n\t\t\t\t\t\t<div class=\"elementor-element elementor-element-795f9dd elementor-widget elementor-widget-text-editor\" data-id=\"795f9dd\" data-element_type=\"widget\" data-e-type=\"widget\" data-widget_type=\"text-editor.default\">\n\t\t\t\t<div class=\"elementor-widget-container\">\n\t\t\t\t\t\t\t\t\t<div class=\"views-field views-field-title\"><p><strong>Tommi Aromaa<\/strong><\/p><p><b>Museomestari<\/b><br \/>kokoelmahallinto<br \/>kunnostus- ja huoltopalveluiden p\u00e4\u00e4llikk\u00f6<br \/>Gallery<br \/>museobussikuljetukset<\/p><p>Puh. 040 900 6670<\/p><\/div>\t\t\t\t\t\t\t\t<\/div>\n\t\t\t\t<\/div>\n\t\t\t\t\t<\/div>\n\t\t<\/div>\n\t\t\t\t<div class=\"elementor-column elementor-col-25 elementor-top-column elementor-element elementor-element-4954432\" data-id=\"4954432\" data-element_type=\"column\" data-e-type=\"column\">\n\t\t\t<div class=\"elementor-widget-wrap elementor-element-populated\">\n\t\t\t\t\t\t<div class=\"elementor-element elementor-element-632aff8 elementor-widget elementor-widget-text-editor\" data-id=\"632aff8\" data-element_type=\"widget\" data-e-type=\"widget\" data-widget_type=\"text-editor.default\">\n\t\t\t\t<div class=\"elementor-widget-container\">\n\t\t\t\t\t\t\t\t\t<p><strong>Ismo Koittola<\/strong><\/p><p><b>Perinneajoneuvohuoltaja<\/b><br \/>kokoelmien huolto, ajoneuvot<br \/>huolto- ja entis\u00f6intiprojektit<br \/>museoajoneuvorekister\u00f6inti ja -tarkastusneuvonta<\/p><p>Puh. 040 900 6644<\/p>\t\t\t\t\t\t\t\t<\/div>\n\t\t\t\t<\/div>\n\t\t\t\t\t<\/div>\n\t\t<\/div>\n\t\t\t\t<div class=\"elementor-column elementor-col-25 elementor-top-column elementor-element elementor-element-fceaa8e\" data-id=\"fceaa8e\" data-element_type=\"column\" data-e-type=\"column\">\n\t\t\t<div class=\"elementor-widget-wrap elementor-element-populated\">\n\t\t\t\t\t\t<div class=\"elementor-element elementor-element-a239bcc elementor-widget elementor-widget-text-editor\" data-id=\"a239bcc\" data-element_type=\"widget\" data-e-type=\"widget\" data-widget_type=\"text-editor.default\">\n\t\t\t\t<div class=\"elementor-widget-container\">\n\t\t\t\t\t\t\t\t\t<p><strong>Pertti M\u00e4kel\u00e4<\/strong><\/p><p><b>Ajoneuvoasentaja<\/b><br \/>kokoelmien huolto, ajoneuvot<br \/>huolto- ja entis\u00f6intiprojektit<\/p><p>Puh. 044 090 6649<\/p>\t\t\t\t\t\t\t\t<\/div>\n\t\t\t\t<\/div>\n\t\t\t\t\t<\/div>\n\t\t<\/div>\n\t\t\t\t<div class=\"elementor-column elementor-col-25 elementor-top-column elementor-element elementor-element-6fd00db\" data-id=\"6fd00db\" data-element_type=\"column\" data-e-type=\"column\">\n\t\t\t<div class=\"elementor-widget-wrap elementor-element-populated\">\n\t\t\t\t\t\t<div class=\"elementor-element elementor-element-993c8bc elementor-widget elementor-widget-text-editor\" data-id=\"993c8bc\" data-element_type=\"widget\" data-e-type=\"widget\" data-widget_type=\"text-editor.default\">\n\t\t\t\t<div class=\"elementor-widget-container\">\n\t\t\t\t\t\t\t\t\t<p><strong>Jari Syrj\u00e4<\/strong><\/p><p><b>N\u00e4yttelymestari<\/b><br \/>n\u00e4yttelyiden rakentaminen ja hoito<br \/>n\u00e4yttelyiden ajoneuvot<br \/>yleis\u00f6tilojen yll\u00e4pito<\/p><p>Puh. 050 594 5759<\/p>\t\t\t\t\t\t\t\t<\/div>\n\t\t\t\t<\/div>\n\t\t\t\t\t<\/div>\n\t\t<\/div>\n\t\t\t\t\t<\/div>\n\t\t<\/section>\n\t\t\t\t<section class=\"elementor-section elementor-top-section elementor-element elementor-element-7dc7740 elementor-section-boxed elementor-section-height-default elementor-section-height-default\" data-id=\"7dc7740\" data-element_type=\"section\" data-e-type=\"section\">\n\t\t\t\t\t\t<div class=\"elementor-container elementor-column-gap-default\">\n\t\t\t\t\t<div class=\"elementor-column elementor-col-33 elementor-top-column elementor-element elementor-element-a5b4a27\" data-id=\"a5b4a27\" data-element_type=\"column\" data-e-type=\"column\">\n\t\t\t<div class=\"elementor-widget-wrap elementor-element-populated\">\n\t\t\t\t\t\t<div class=\"elementor-element elementor-element-8f0276b elementor-widget__width-initial elementor-widget elementor-widget-text-editor\" data-id=\"8f0276b\" data-element_type=\"widget\" data-e-type=\"widget\" data-widget_type=\"text-editor.default\">\n\t\t\t\t<div class=\"elementor-widget-container\">\n\t\t\t\t\t\t\t\t\t<p><strong>Jaana Selin<\/strong><\/p><p><strong>Asiakaspalveluvastaava<\/strong><\/p><p>asiakaspalvelu<br \/>ryhm\u00e4varaukset<br \/>opastukset<\/p><p>Puh. 044\u00a0090 6647<\/p>\t\t\t\t\t\t\t\t<\/div>\n\t\t\t\t<\/div>\n\t\t\t\t\t<\/div>\n\t\t<\/div>\n\t\t\t\t<div class=\"elementor-column elementor-col-33 elementor-top-column elementor-element elementor-element-1dc1d52\" data-id=\"1dc1d52\" data-element_type=\"column\" data-e-type=\"column\">\n\t\t\t<div class=\"elementor-widget-wrap elementor-element-populated\">\n\t\t\t\t\t\t<div class=\"elementor-element elementor-element-42ad770 elementor-widget elementor-widget-text-editor\" data-id=\"42ad770\" data-element_type=\"widget\" data-e-type=\"widget\" data-widget_type=\"text-editor.default\">\n\t\t\t\t<div class=\"elementor-widget-container\">\n\t\t\t\t\t\t\t\t\t<p><strong>Timo Nousiainen<\/strong><\/p><p><strong>Tapahtuma- ja sidosryhm\u00e4vastaava<\/strong><\/p><p>kumppanuudet ja sidosryhm\u00e4t<br \/>tapahtumat<\/p><p>Puh. 044 491 3475<\/p>\t\t\t\t\t\t\t\t<\/div>\n\t\t\t\t<\/div>\n\t\t\t\t\t<\/div>\n\t\t<\/div>\n\t\t\t\t<div class=\"elementor-column elementor-col-33 elementor-top-column elementor-element elementor-element-c9a803f\" data-id=\"c9a803f\" data-element_type=\"column\" data-e-type=\"column\">\n\t\t\t<div class=\"elementor-widget-wrap\">\n\t\t\t\t\t\t\t<\/div>\n\t\t<\/div>\n\t\t\t\t\t<\/div>\n\t\t<\/section>\n\t\t\t\t<section class=\"elementor-section elementor-top-section elementor-element elementor-element-c82301f elementor-section-boxed elementor-section-height-default elementor-section-height-default\" data-id=\"c82301f\" data-element_type=\"section\" data-e-type=\"section\">\n\t\t\t\t\t\t<div class=\"elementor-container elementor-column-gap-default\">\n\t\t\t\t\t<div class=\"elementor-column elementor-col-100 elementor-top-column elementor-element elementor-element-3d5df65\" data-id=\"3d5df65\" data-element_type=\"column\" data-e-type=\"column\">\n\t\t\t<div class=\"elementor-widget-wrap elementor-element-populated\">\n\t\t\t\t\t\t<section class=\"elementor-section elementor-inner-section elementor-element elementor-element-da8e0f3 elementor-section-boxed elementor-section-height-default elementor-section-height-default\" data-id=\"da8e0f3\" data-element_type=\"section\" data-e-type=\"section\">\n\t\t\t\t\t\t<div class=\"elementor-container elementor-column-gap-default\">\n\t\t\t\t\t<div class=\"elementor-column elementor-col-50 elementor-inner-column elementor-element elementor-element-5cd67bf\" data-id=\"5cd67bf\" data-element_type=\"column\" data-e-type=\"column\">\n\t\t\t<div class=\"elementor-widget-wrap\">\n\t\t\t\t\t\t\t<\/div>\n\t\t<\/div>\n\t\t\t\t<div class=\"elementor-column elementor-col-50 elementor-inner-column elementor-element elementor-element-787145a\" data-id=\"787145a\" data-element_type=\"column\" data-e-type=\"column\">\n\t\t\t<div class=\"elementor-widget-wrap\">\n\t\t\t\t\t\t\t<\/div>\n\t\t<\/div>\n\t\t\t\t\t<\/div>\n\t\t<\/section>\n\t\t\t\t\t<\/div>\n\t\t<\/div>\n\t\t\t\t\t<\/div>\n\t\t<\/section>\n\t\t\t\t<\/div>\n\t\t","protected":false},"excerpt":{"rendered":"<p>Yhteystiedot MOBILIA Kustaa Kolmannen tie 7536270 KANGASALA puh. (03) 3140 4000asiakaspalvelu@mobilia.fi \u00a0 MOBILIAN LASKUTUSOSOITE Verkkolaskut Operaattori: Apix Messaging Oy (003723327487)Verkkolaskuosoite: 003706178539OVT- tunnus: 003706178539 Y-tunnus: 0617853-9 Huomioittehan, ett\u00e4 mik\u00e4li k\u00e4yt\u00f6ss\u00e4nne on jokin seuraavista verkkolaskutusoperaattoreista Danske Bank Oyj, Handelsbanken, Paikallisosuuspankit tai S\u00e4\u00e4st\u00f6pankit, tulee teid\u00e4n k\u00e4ytt\u00e4\u00e4 Apixin verkkolaskuosoitteena\u00a0 003723327487 ja operaattoritunnuksena DABAFIHH. PDF-laskut s\u00e4hk\u00f6postitse003706178539@procountor.apix.fi Paperilaskut Mobilia s\u00e4\u00e4ti\u00f6 sr [&hellip;]<\/p>\n","protected":false},"author":3,"featured_media":830,"parent":29,"menu_order":14,"comment_status":"closed","ping_status":"closed","template":"","meta":{"_acf_changed":false,"inline_featured_image":false,"footnotes":""},"class_list":["post-1805","page","type-page","status-publish","has-post-thumbnail","hentry"],"acf":[],"_links":{"self":[{"href":"https:\/\/mobilia.fi\/fi\/wp-json\/wp\/v2\/pages\/1805","targetHints":{"allow":["GET"]}}],"collection":[{"href":"https:\/\/mobilia.fi\/fi\/wp-json\/wp\/v2\/pages"}],"about":[{"href":"https:\/\/mobilia.fi\/fi\/wp-json\/wp\/v2\/types\/page"}],"author":[{"embeddable":true,"href":"https:\/\/mobilia.fi\/fi\/wp-json\/wp\/v2\/users\/3"}],"replies":[{"embeddable":true,"href":"https:\/\/mobilia.fi\/fi\/wp-json\/wp\/v2\/comments?post=1805"}],"version-history":[{"count":51,"href":"https:\/\/mobilia.fi\/fi\/wp-json\/wp\/v2\/pages\/1805\/revisions"}],"predecessor-version":[{"id":16596,"href":"https:\/\/mobilia.fi\/fi\/wp-json\/wp\/v2\/pages\/1805\/revisions\/16596"}],"up":[{"embeddable":true,"href":"https:\/\/mobilia.fi\/fi\/wp-json\/wp\/v2\/pages\/29"}],"wp:featuredmedia":[{"embeddable":true,"href":"https:\/\/mobilia.fi\/fi\/wp-json\/wp\/v2\/media\/830"}],"wp:attachment":[{"href":"https:\/\/mobilia.fi\/fi\/wp-json\/wp\/v2\/media?parent=1805"}],"curies":[{"name":"wp","href":"https:\/\/api.w.org\/{rel}","templated":true}]}}