{"id":1859,"date":"2020-11-06T11:13:27","date_gmt":"2020-11-06T09:13:27","guid":{"rendered":"https:\/\/mobilia.fi\/?page_id=1859"},"modified":"2021-01-25T15:58:11","modified_gmt":"2021-01-25T13:58:11","slug":"ansiomerkit","status":"publish","type":"page","link":"https:\/\/mobilia.fi\/fi\/museo\/tietoa-mobiliasta\/ansiomerkit\/","title":{"rendered":"Ansiomerkit"},"content":{"rendered":"\t\t<div data-elementor-type=\"wp-page\" data-elementor-id=\"1859\" class=\"elementor elementor-1859\" data-elementor-post-type=\"page\">\n\t\t\t\t\t\t<section class=\"elementor-section elementor-top-section elementor-element elementor-element-5f288a40 elementor-section-height-min-height elementor-section-boxed elementor-section-height-default elementor-section-items-middle\" data-id=\"5f288a40\" data-element_type=\"section\" data-e-type=\"section\" data-settings=\"{&quot;background_background&quot;:&quot;classic&quot;}\">\n\t\t\t\t\t\t\t<div class=\"elementor-background-overlay\"><\/div>\n\t\t\t\t\t\t\t<div class=\"elementor-container elementor-column-gap-default\">\n\t\t\t\t\t<div class=\"elementor-column elementor-col-100 elementor-top-column elementor-element elementor-element-6bf0cde2\" data-id=\"6bf0cde2\" data-element_type=\"column\" data-e-type=\"column\">\n\t\t\t<div class=\"elementor-widget-wrap elementor-element-populated\">\n\t\t\t\t\t\t<div class=\"elementor-element elementor-element-52c68007 elementor-widget elementor-widget-text-editor\" data-id=\"52c68007\" data-element_type=\"widget\" data-e-type=\"widget\" data-widget_type=\"text-editor.default\">\n\t\t\t\t<div class=\"elementor-widget-container\">\n\t\t\t\t\t\t\t\t\t<h1>Ansiomerkit<\/h1>\t\t\t\t\t\t\t\t<\/div>\n\t\t\t\t<\/div>\n\t\t\t\t\t<\/div>\n\t\t<\/div>\n\t\t\t\t\t<\/div>\n\t\t<\/section>\n\t\t\t\t<section class=\"elementor-section elementor-top-section elementor-element elementor-element-370efd7 elementor-section-boxed elementor-section-height-default elementor-section-height-default\" data-id=\"370efd7\" data-element_type=\"section\" data-e-type=\"section\">\n\t\t\t\t\t\t<div class=\"elementor-container elementor-column-gap-default\">\n\t\t\t\t\t<div class=\"elementor-column elementor-col-100 elementor-top-column elementor-element elementor-element-9d13462\" data-id=\"9d13462\" data-element_type=\"column\" data-e-type=\"column\">\n\t\t\t<div class=\"elementor-widget-wrap elementor-element-populated\">\n\t\t\t\t\t\t\t<\/div>\n\t\t<\/div>\n\t\t\t\t\t<\/div>\n\t\t<\/section>\n\t\t\t\t<section class=\"elementor-section elementor-top-section elementor-element elementor-element-edad595 elementor-section-boxed elementor-section-height-default elementor-section-height-default\" data-id=\"edad595\" data-element_type=\"section\" data-e-type=\"section\">\n\t\t\t\t\t\t<div class=\"elementor-container elementor-column-gap-default\">\n\t\t\t\t\t<div class=\"elementor-column elementor-col-100 elementor-top-column elementor-element elementor-element-4c608ef\" data-id=\"4c608ef\" data-element_type=\"column\" data-e-type=\"column\">\n\t\t\t<div class=\"elementor-widget-wrap elementor-element-populated\">\n\t\t\t\t\t\t<div class=\"elementor-element elementor-element-474f33c elementor-widget elementor-widget-text-editor\" data-id=\"474f33c\" data-element_type=\"widget\" data-e-type=\"widget\" data-widget_type=\"text-editor.default\">\n\t\t\t\t<div class=\"elementor-widget-container\">\n\t\t\t\t\t\t\t\t\t<p><span style=\"color: #009cdf;\">Kilometripylv\u00e4s-ansiomerkki<\/span> on s\u00e4\u00e4ti\u00f6n korkein tunnustuksenosoitus pitk\u00e4j\u00e4nteisest\u00e4 ja tuloksekkaasta toiminnasta s\u00e4\u00e4ti\u00f6n hyv\u00e4ksi ja s\u00e4\u00e4ti\u00f6n s\u00e4\u00e4nn\u00f6iss\u00e4 mainitun tarkoituksen toteuttamiseksi.<\/p><p>Kilometripylv\u00e4s luovutetaan saajalleen Mobilian n\u00e4yttelyavajaisten yhteydess\u00e4 tai muissa s\u00e4\u00e4ti\u00f6n hallituksen sopivaksi katsomissa juhlatilaisuuksissa. Esityksi\u00e4 Kilometripylv\u00e4\u00e4n saajaksi voivat tehd\u00e4 s\u00e4\u00e4ti\u00f6n taustayhteis\u00f6jen edustajat. Kilometripylv\u00e4s voidaan my\u00f6nt\u00e4\u00e4 henkil\u00f6ille tai yhteis\u00f6ille. Mobilia s\u00e4\u00e4ti\u00f6n hallitus on hyv\u00e4ksynyt n\u00e4m\u00e4 s\u00e4\u00e4nn\u00f6t kokouksessaan 15.3.2001.<\/p><h3><span style=\"color: #009cdf;\">Mobilia s\u00e4\u00e4ti\u00f6n ansiomerkin my\u00f6nt\u00e4miss\u00e4\u00e4nt\u00f6<\/span><\/h3><p>Mobilia s\u00e4\u00e4ti\u00f6n numeroitu Kilometripylv\u00e4s my\u00f6nnet\u00e4\u00e4n s\u00e4\u00e4ti\u00f6n hallituksen p\u00e4\u00e4t\u00f6ksell\u00e4 seuraavan ansiomerkkis\u00e4\u00e4nn\u00f6n mukaisesti:<\/p><p><strong>Yksityishenkil\u00f6lle<\/strong><br \/>S\u00e4\u00e4ti\u00f6n ja s\u00e4\u00e4ti\u00f6n tarkoituksen hyv\u00e4ksi tehdyst\u00e4 ty\u00f6st\u00e4 sek\u00e4 muista tieliikenteen historian alalla saavutetuista huomattavista ansioista.<\/p><p><strong>Yhteis\u00f6ille<\/strong><br \/>Ansiokkaasti ja pitk\u00e4j\u00e4nteisesti tieliikenteen alan historian hyv\u00e4ksi toimineille yhteis\u00f6ille.<\/p><p><strong>Ansiomerkin hakeminen<\/strong><br \/>Ansiomerkki\u00e4 haetaan Mobilia s\u00e4\u00e4ti\u00f6n hallitukselta kirjallisesti. Esitys merkin my\u00f6nt\u00e4misest\u00e4 tulee tehd\u00e4 v\u00e4hint\u00e4\u00e4n kaksi kuukautta ennen merkin luovutusp\u00e4iv\u00e4\u00e4.<\/p><h3><span style=\"color: #009cdf;\">Ansiomerkin saaneet<\/span><\/h3><p><span style=\"color: #58595b;\">Mobilia s\u00e4\u00e4ti\u00f6n 15-vuotisjuhlassa vuonna 2001 s\u00e4\u00e4ti\u00f6n perustamisesta ja toiminnan k\u00e4ynnist\u00e4misest\u00e4 huomioitiin ansiomerkin erillissarjana:<\/span><\/p><p>Lilja ja Olavi Sallinen<br \/>Jussi Juurikkala<br \/>Jouko Loikkanen<br \/>Matti Niemi<br \/>Seppo Westerlund<br \/>Jaakko Heinonen<br \/>Teppo S. Kaivola<br \/>Anja Silvenius<br \/>Pertti Moll<br \/>Harri Nyk\u00e4nen<\/p><p><span style=\"color: #58595b;\">Mobilia s\u00e4\u00e4ti\u00f6n toiminnan edist\u00e4misest\u00e4 my\u00f6nnetyt ansiomerkit:<\/span><\/p><p>Jukka M\u00e4kel\u00e4, vuosi 2002<br \/>Markku Melkko, vuosi 2003<br \/>Juha Norppa-Rahkola, vuosi 2007<br \/>Leena S\u00e4lejoki-Hiekkanen, 25.3.2011<br \/>Jukka Hirvel\u00e4, 25.3.2011<br \/>Veikko Karjalainen, 25.3.2011<br \/>Reijo Kurkinen, 25.3.2011<br \/>Anna-Kaisa Lehtinen, 25.3.2011<br \/>Eero Nieminen, 25.3.2011<br \/>Tarja T\u00f6rm\u00e4nen, 25.3.2011<br \/>Kimmo Lev\u00e4, 30.9.2011<\/p><p><span style=\"color: #58595b;\">Mobilia s\u00e4\u00e4ti\u00f6n 30-vuotisjuhlassa vuonna 2016 s\u00e4\u00e4ti\u00f6n toiminnan edist\u00e4misest\u00e4, pitk\u00e4aikaisesta yhteisty\u00f6st\u00e4 tai pitk\u00e4st\u00e4 urasta Mobiliassa ansiomerkin saivat:<\/span><\/p><p>Juhani Intosalmi<br \/>Pekka Holopainen<br \/>Kai Heng<br \/>Matti H\u00f6yss\u00e4<br \/>Kalevi Lintula<br \/>Jari Pietil\u00e4<br \/>Marketta Hyv\u00e4rinen<br \/>P\u00e4ivi Vattulainen<br \/>Antti Prusi<br \/>Martti Piltz<br \/>Taisto Pantakoski<br \/>Tolppa Ravintolat Oy<br \/>Taru J\u00e4rvenp\u00e4\u00e4<br \/>Tapani Mauranen<\/p>\t\t\t\t\t\t\t\t<\/div>\n\t\t\t\t<\/div>\n\t\t\t\t\t<\/div>\n\t\t<\/div>\n\t\t\t\t\t<\/div>\n\t\t<\/section>\n\t\t\t\t<\/div>\n\t\t","protected":false},"excerpt":{"rendered":"<p>Ansiomerkit Kilometripylv\u00e4s-ansiomerkki on s\u00e4\u00e4ti\u00f6n korkein tunnustuksenosoitus pitk\u00e4j\u00e4nteisest\u00e4 ja tuloksekkaasta toiminnasta s\u00e4\u00e4ti\u00f6n hyv\u00e4ksi ja s\u00e4\u00e4ti\u00f6n s\u00e4\u00e4nn\u00f6iss\u00e4 mainitun tarkoituksen toteuttamiseksi. Kilometripylv\u00e4s luovutetaan saajalleen Mobilian n\u00e4yttelyavajaisten yhteydess\u00e4 tai muissa s\u00e4\u00e4ti\u00f6n hallituksen sopivaksi katsomissa juhlatilaisuuksissa. Esityksi\u00e4 Kilometripylv\u00e4\u00e4n saajaksi voivat tehd\u00e4 s\u00e4\u00e4ti\u00f6n taustayhteis\u00f6jen edustajat. Kilometripylv\u00e4s voidaan my\u00f6nt\u00e4\u00e4 henkil\u00f6ille tai yhteis\u00f6ille. Mobilia s\u00e4\u00e4ti\u00f6n hallitus on hyv\u00e4ksynyt n\u00e4m\u00e4 s\u00e4\u00e4nn\u00f6t kokouksessaan 15.3.2001. Mobilia [&hellip;]<\/p>\n","protected":false},"author":3,"featured_media":74,"parent":799,"menu_order":4,"comment_status":"closed","ping_status":"closed","template":"","meta":{"_acf_changed":false,"inline_featured_image":false,"footnotes":""},"class_list":["post-1859","page","type-page","status-publish","has-post-thumbnail","hentry"],"acf":[],"_links":{"self":[{"href":"https:\/\/mobilia.fi\/fi\/wp-json\/wp\/v2\/pages\/1859","targetHints":{"allow":["GET"]}}],"collection":[{"href":"https:\/\/mobilia.fi\/fi\/wp-json\/wp\/v2\/pages"}],"about":[{"href":"https:\/\/mobilia.fi\/fi\/wp-json\/wp\/v2\/types\/page"}],"author":[{"embeddable":true,"href":"https:\/\/mobilia.fi\/fi\/wp-json\/wp\/v2\/users\/3"}],"replies":[{"embeddable":true,"href":"https:\/\/mobilia.fi\/fi\/wp-json\/wp\/v2\/comments?post=1859"}],"version-history":[{"count":19,"href":"https:\/\/mobilia.fi\/fi\/wp-json\/wp\/v2\/pages\/1859\/revisions"}],"predecessor-version":[{"id":3693,"href":"https:\/\/mobilia.fi\/fi\/wp-json\/wp\/v2\/pages\/1859\/revisions\/3693"}],"up":[{"embeddable":true,"href":"https:\/\/mobilia.fi\/fi\/wp-json\/wp\/v2\/pages\/799"}],"wp:featuredmedia":[{"embeddable":true,"href":"https:\/\/mobilia.fi\/fi\/wp-json\/wp\/v2\/media\/74"}],"wp:attachment":[{"href":"https:\/\/mobilia.fi\/fi\/wp-json\/wp\/v2\/media?parent=1859"}],"curies":[{"name":"wp","href":"https:\/\/api.w.org\/{rel}","templated":true}]}}