{"id":1864,"date":"2020-11-06T13:47:40","date_gmt":"2020-11-06T11:47:40","guid":{"rendered":"https:\/\/mobilia.fi\/?page_id=1864"},"modified":"2026-01-30T13:59:21","modified_gmt":"2026-01-30T11:59:21","slug":"mobilia-palkinto","status":"publish","type":"page","link":"https:\/\/mobilia.fi\/fi\/museo\/tietoa-mobiliasta\/mobilia-palkinto\/","title":{"rendered":"Mobilia-palkinto"},"content":{"rendered":"\t\t<div data-elementor-type=\"wp-page\" data-elementor-id=\"1864\" class=\"elementor elementor-1864\" data-elementor-post-type=\"page\">\n\t\t\t\t\t\t<section class=\"elementor-section elementor-top-section elementor-element elementor-element-5f288a40 elementor-section-height-min-height elementor-section-boxed elementor-section-height-default elementor-section-items-middle\" data-id=\"5f288a40\" data-element_type=\"section\" data-e-type=\"section\" data-settings=\"{&quot;background_background&quot;:&quot;classic&quot;}\">\n\t\t\t\t\t\t\t<div class=\"elementor-background-overlay\"><\/div>\n\t\t\t\t\t\t\t<div class=\"elementor-container elementor-column-gap-default\">\n\t\t\t\t\t<div class=\"elementor-column elementor-col-100 elementor-top-column elementor-element elementor-element-6bf0cde2\" data-id=\"6bf0cde2\" data-element_type=\"column\" data-e-type=\"column\">\n\t\t\t<div class=\"elementor-widget-wrap elementor-element-populated\">\n\t\t\t\t\t\t<div class=\"elementor-element elementor-element-52c68007 elementor-widget elementor-widget-text-editor\" data-id=\"52c68007\" data-element_type=\"widget\" data-e-type=\"widget\" data-widget_type=\"text-editor.default\">\n\t\t\t\t<div class=\"elementor-widget-container\">\n\t\t\t\t\t\t\t\t\t<h1>Tieliikennehistorian Mobilia-palkinto<\/h1>\t\t\t\t\t\t\t\t<\/div>\n\t\t\t\t<\/div>\n\t\t\t\t\t<\/div>\n\t\t<\/div>\n\t\t\t\t\t<\/div>\n\t\t<\/section>\n\t\t\t\t<section class=\"elementor-section elementor-top-section elementor-element elementor-element-370efd7 elementor-section-boxed elementor-section-height-default elementor-section-height-default\" data-id=\"370efd7\" data-element_type=\"section\" data-e-type=\"section\">\n\t\t\t\t\t\t<div class=\"elementor-container elementor-column-gap-default\">\n\t\t\t\t\t<div class=\"elementor-column elementor-col-100 elementor-top-column elementor-element elementor-element-9d13462\" data-id=\"9d13462\" data-element_type=\"column\" data-e-type=\"column\">\n\t\t\t<div class=\"elementor-widget-wrap elementor-element-populated\">\n\t\t\t\t\t\t\t<\/div>\n\t\t<\/div>\n\t\t\t\t\t<\/div>\n\t\t<\/section>\n\t\t\t\t<section class=\"elementor-section elementor-top-section elementor-element elementor-element-edad595 elementor-section-boxed elementor-section-height-default elementor-section-height-default\" data-id=\"edad595\" data-element_type=\"section\" data-e-type=\"section\">\n\t\t\t\t\t\t<div class=\"elementor-container elementor-column-gap-default\">\n\t\t\t\t\t<div class=\"elementor-column elementor-col-100 elementor-top-column elementor-element elementor-element-4c608ef\" data-id=\"4c608ef\" data-element_type=\"column\" data-e-type=\"column\">\n\t\t\t<div class=\"elementor-widget-wrap elementor-element-populated\">\n\t\t\t\t\t\t<div class=\"elementor-element elementor-element-474f33c elementor-widget elementor-widget-text-editor\" data-id=\"474f33c\" data-element_type=\"widget\" data-e-type=\"widget\" data-widget_type=\"text-editor.default\">\n\t\t\t\t<div class=\"elementor-widget-container\">\n\t\t\t\t\t\t\t\t\t<h3><span style=\"color: #009cdf;\">Tieliikennehistorian Mobilia-palkinnon saaneet<\/span><\/h3><p>2026<br \/><span dir=\"auto\">Saastamoinen, Jukka<\/span>: Sata lasissa \u2013 Autotuojat ja -teollisuus ry 1925\u20132025. Autotuojat ja -teollisuus ry, 2025<span dir=\"auto\">.<\/span><\/p><p>2024<br \/><span dir=\"auto\">Laine, Jan-Erik<\/span>: <span dir=\"auto\">Olympiavuoden Klassikot \u2013 Tarinoita 1952 automalleista. Viipalemediat, 2021.<\/span><\/p><p>2022<br \/>J\u00e4ppinen, Jussi: Viimeisen kes\u00e4n maisemia. Aikamatkailua Suomessa 1939\u20132019. Atena, 2019.<\/p><p>2020<br \/>Kastari, Pirkko-Liisa: Artturi Tiura, Linja-automiehen el\u00e4m\u00e4 ja autot, 2019.<\/p><p>2018<br \/>Tolmunen, Tapio: Viisi minuuttia seuraavaan l\u00e4ht\u00f6\u00f6n \u2013 HSL-alueen joukkoliikenteen historia. HSL, 2016.<\/p><p>2016<br \/>Nummelin, Markku: Valvottua liikennett\u00e4 \u2013 DDR:n kulkuneuvoja. Kustantaja Laaksonen, 2015.<\/p><p>2014<br \/>Lilja, Erkki: J\u00e4\u00e4merenk\u00e4yt\u00e4v\u00e4 \u2013 Pohjois-Suomen rata- ja tiehankkeiden historia: n\u00e4kij\u00f6it\u00e4 \u2013 tekij\u00f6it\u00e4 \u2013 kulkijoita \u2013 salaisia suunnitelmia. Hipputeos Oy Raimo Niemel\u00e4, 2013.<\/p><p>2012<br \/>Rajasalo, Jorma; Lehtonen, Timo; Laitinen, Hannu: Pula-ajan bussit 1945\u20131956. SLHS, 2011.<\/p><p>2010<br \/>Korsisaari, Eva: Yht\u00e4 matkaa \u2013 Korsisaari-yhti\u00f6t 80 vuotta, Helsinki 2009.<\/p><p>2008<br \/>Antila, Kimmo (toim.): Py\u00f6r\u00e4ll\u00e4 halki aikojen \u2013 Velomania! Tampere 2007.<\/p><p>2006<br \/>Mauranen, Tapani: Kr\u00e4sh\u2026 ja turvallisesti eteenp\u00e4in \u2013 A-Vakuutuksen seitsem\u00e4n vuosikymment\u00e4. Helsinki 2003.<\/p><p>2004<br \/>Kurkinen, Jari: Suomen autokoriteollisuuden historia. Autokoriteollisuus ry, Helsinki 2002.<\/p><h3><span style=\"color: #009cdf;\">Tieliikennehistorian Mobilia-palkinnon s\u00e4\u00e4nn\u00f6t<\/span><\/h3><p><strong>Tavoite<\/strong><\/p><p>Tieliikennehistorian Mobilia-palkinnon tavoitteena on edist\u00e4\u00e4 korkealaatuisen historiatiedon tuottamista, kansantajuistamista ja julkaisemista tieliikenteen historiatutkimuksen alalta suomalaisen yhteiskunnan, Mobilian sek\u00e4 sen taustayhteis\u00f6jen k\u00e4ytt\u00f6\u00f6n.<\/p><p>Tavoitteeseen pyrit\u00e4\u00e4n kannustamalla tutkijoita ja tutkimusryhmi\u00e4, toimittajia sek\u00e4 alan harrastajia tarttumaan tieliikenteen historiaan liittyviin aiheisiin ja tutkimuskysymyksiin sek\u00e4 jakamalla tunnustusta ansiokkaasta ty\u00f6st\u00e4.<\/p><p><strong>Palkinto ja j\u00e4rjest\u00e4j\u00e4t<\/strong><\/p><p>Tieliikennehistorian Mobilia-palkinnon suuruus on 4 000 euroa. Sen lahjoittavat Mobilia s\u00e4\u00e4ti\u00f6n taustayhteis\u00f6t niin, ett\u00e4 perustajataustayhteis\u00f6t lahjoittavat yhdess\u00e4 45 prosenttia, ammatilliset taustayhteis\u00f6t 40 prosenttia ja harrastetaustayhteis\u00f6t 15 prosenttia palkintosummasta.<\/p><p>Lis\u00e4ksi palkintolautakunta voi my\u00f6nt\u00e4\u00e4 erikoispalkintoja ja kunniapalkintoja Tieliikennehistorian Mobilia-palkinnon jakamisen yhteydess\u00e4.<\/p><p>Palkinto jaetaan joka toinen vuosi Mobilia s\u00e4\u00e4ti\u00f6n vuosip\u00e4iv\u00e4n\u00e4 30. tammikuuta tai sit\u00e4 edelt\u00e4v\u00e4ll\u00e4 viikolla arkip\u00e4iv\u00e4n\u00e4.<\/p><p>Palkinnon j\u00e4rjestelykustannuksista vastaa Mobilia s\u00e4\u00e4ti\u00f6, joka pit\u00e4\u00e4 palkintorahastosta erillist\u00e4 kirjanpitoa.<\/p><p><strong>Osallistuminen<\/strong><\/p><p>Tieliikennehistorian Mobilia-palkinto voidaan my\u00f6nt\u00e4\u00e4 tutkijalle, tutkijaryhm\u00e4lle, opiskelijalle, toimittajalle tai muulle henkil\u00f6lle, joka on julkaissut edellisen palkinnon my\u00f6nt\u00e4misen j\u00e4lkeen tieliikenteen alalta historiakirjan, tutkimuksen, opinn\u00e4ytety\u00f6n, dokumenttiohjelman tai muun paperi- ja\/tai s\u00e4hk\u00f6isess\u00e4 muodossa julkaistun teoksen. S\u00e4hk\u00f6isess\u00e4 muodossa sarjana tai p\u00e4ivittyvin\u00e4 julkaistavat teokset (blogit, internetsivustot ym.) voivat osallistua kilpailuun vain kerran. Lis\u00e4ksi s\u00e4hk\u00f6isen teoksen tulee olla itsen\u00e4iseksi tuotokseksi tunnistettava kokonaisuus (eik\u00e4 esim. linkeist\u00e4 koostuva internet-sivusto). Opinn\u00e4ytet\u00f6iden osallistumiskelpoisuuden kriteerin\u00e4 on v\u00e4hin-t\u00e4\u00e4n pro gradu- tai diplomity\u00f6tasoinen ty\u00f6.<\/p><p>Palkittujen on oikeus k\u00e4ytt\u00e4\u00e4 Tieliikennehistorian Mobilia-palkinnon tunnusta palkitun teoksen yhteydess\u00e4 sek\u00e4 siihen liittyv\u00e4ss\u00e4 markkinoinnissa.<\/p><p><strong>Palkintolautakunta<\/strong><\/p><p>Tieliikennehistorian Mobilia-palkinnon voittajan valitsee palkintolautakunta, johon Mobilia s\u00e4\u00e4ti\u00f6n edustajisto nime\u00e4\u00e4 3 varsinaista ja 2 varaj\u00e4sent\u00e4 sek\u00e4 Mobilia s\u00e4\u00e4ti\u00f6n hallitus yhden ansioituneen historiatieteen ja yhden median edustajan. Edustajiston nime\u00e4mien j\u00e4senten tulee mielell\u00e4\u00e4n edustaa sek\u00e4 perustajayhteis\u00f6j\u00e4 (1 j\u00e4sen) ett\u00e4 s\u00e4\u00e4ti\u00f6n taustayhteis\u00f6n\u00e4 olevia auto- ja liikennej\u00e4rjest\u00f6j\u00e4 (1 j\u00e4sen) sek\u00e4 harrastajaj\u00e4rjest\u00f6j\u00e4 (1 j\u00e4sen).<\/p><p>Palkintolautakunnan puheenjohtajana toimii lautakunnan historiatieteellist\u00e4 asiantuntemusta edustava s\u00e4\u00e4ti\u00f6n ulkopuolinen j\u00e4sen. H\u00e4nelle maksetaan puheenjohtajan ty\u00f6st\u00e4 erikseen sovittava kulukorvaus.<\/p><p>Palkintolautakunnan nime\u00e4\u00e4 Mobilia s\u00e4\u00e4ti\u00f6n edustajisto kahden palkinnon my\u00f6nt\u00e4misen mittaiseksi ajanjaksoksi.<\/p><p>Palkintolautakunta asettaa arvioinnin kriteerit ennen ehdokasteoksiin tutustumista. Palkintolautakunnan tulee julkaista p\u00e4\u00e4t\u00f6ksens\u00e4 perustelut. Mik\u00e4li lautakunta ei ole yksimielinen, palkittavasta \u00e4\u00e4nestet\u00e4\u00e4n. Lautakunta voi my\u00f6s j\u00e4tt\u00e4\u00e4 palkinnon kokonaan my\u00f6nt\u00e4m\u00e4tt\u00e4. Mik\u00e4li palkinto j\u00e4\u00e4 my\u00f6nt\u00e4m\u00e4tt\u00e4, palkinto ilmoitetaan haettavaksi seuraavan kerran n\u00e4iden s\u00e4\u00e4nt\u00f6jen mukaisena jakovuonna. Jos palkintoa ei ole my\u00f6nnetty, kyseisen\u00e4 vuonna palkintoa hakeneet teokset eiv\u00e4t voi osallistua en\u00e4\u00e4 palkinnon hakuun.<\/p><p>Palkintoa ei voi my\u00f6nt\u00e4\u00e4 teokselle, jonka tekij\u00e4 on j\u00e4senen\u00e4 palkintolautakunnassa tai h\u00e4n on osallistunut palkintoehdokkaaksi l\u00e4hetetyn teoksen ty\u00f6ryhm\u00e4- tai toimituskuntaty\u00f6skentelyyn.<\/p><p>Palkintolautakunnan sihteerin\u00e4 toimii Mobilia s\u00e4\u00e4ti\u00f6n toimitusjohtaja. Sihteeri tai muut Mobilia s\u00e4\u00e4ti\u00f6\u00f6n ty\u00f6suhteessa olevat eiv\u00e4t voi olla j\u00e4senen\u00e4 palkintolautakunnassa, eiv\u00e4tk\u00e4 muutoinkaan osallistua lautakunnan p\u00e4\u00e4t\u00f6ksentekoon. Heid\u00e4n osallistumisensa palkintoa hakeneen ty\u00f6n tekemiseen ei ole este teoksen ehdokkaaksi ilmoittautumiseen.<\/p><p><strong>Julkistaminen<\/strong><\/p><p>Tieliikennehistorian Mobilia-palkinto luovutetaan Mobilia s\u00e4\u00e4ti\u00f6n vuosip\u00e4iv\u00e4n\u00e4 30. tammikuuta tai sit\u00e4 edelt\u00e4v\u00e4ll\u00e4 viikolla, mik\u00e4li vuosip\u00e4iv\u00e4 osuu viikonlopulle.<\/p><p><strong>Ehdokkaiden ilmoittaminen<\/strong><\/p><p>Tieliikennehistorian Mobilia-palkintoa on haettava ilmoittautumisaikana, joka on palkintoilmoituksen julkaisemisen ja jakovuotta edelt\u00e4v\u00e4n syyskuun lopun v\u00e4linen aika.\u00a0 Palkintoilmoitus julkaistaan valtakunnallisessa sanomalehdess\u00e4, mahdollisuuksien mukaan Mobilia s\u00e4\u00e4ti\u00f6n taustayhteis\u00f6jen lehdiss\u00e4 sek\u00e4 Mobilian kotisivuilla. Lis\u00e4ksi palkinnosta tiedotetaan kustantajille sek\u00e4 yliopistoille ja oppilaitoksille.<\/p><p>Valintaan ilmoittaudutaan vapaamuotoisella hakemuksella, josta ilmenev\u00e4t:<\/p><p>teoksen julkaisu- tai valmistumisp\u00e4iv\u00e4 sek\u00e4 kustantaja<br \/>tekij\u00f6iden henkil\u00f6- ja yhteystiedot<br \/>lyhyt yhteenveto teoksen sis\u00e4ll\u00f6st\u00e4 ja erityisist\u00e4 ansioista<br \/>teoksen mahdolliset aikaisemmat palkinnot ja kunniamaininnat<br \/>palkinnot, joihin teos on l\u00e4hetetty ehdokkaaksi<br \/>muut mahdolliset hakemukseen vaikuttavat seikat<\/p><p>Ilmoittautumisen yhteydess\u00e4 tulee palkintolautakunnan ja Mobilia s\u00e4\u00e4ti\u00f6n k\u00e4ytt\u00f6\u00f6n toimittaa kuusi valintaan osallistuvaa teosta. S\u00e4hk\u00f6isen teoksen voi toimittaa s\u00e4hk\u00f6isesti. Osallistuvat teokset ja niiden tekij\u00e4t julkaistaan Mobilian kotisivuilla, ja niit\u00e4 voidaan tuoda esille my\u00f6s Mobilian muussa viestinn\u00e4ss\u00e4.<\/p><p>L\u00e4hetettyj\u00e4 aineistoja ei palauteta.<\/p><p>Valintaan osallistuvat hyv\u00e4ksyv\u00e4t Mobilia-palkinnon s\u00e4\u00e4nn\u00f6t ja vakuuttavat omistavansa oikeudet l\u00e4hett\u00e4miins\u00e4 teoksiin.<\/p><p>YHTEYSTIEDOT<br \/>Ilmoittautumiset mahdollisine liitteineen ja teoksineen l\u00e4hetet\u00e4\u00e4n:<br \/>Mobilia, Kustaa Kolmannen tie 75, 36270 KANGASALA.<\/p><h3><span style=\"color: #009cdf;\">LIS\u00c4TIETOJA<\/span><\/h3><p>Mika Hautala, puh. 040 549 0186<br \/>mika.hautala@mobilia.fi<\/p>\t\t\t\t\t\t\t\t<\/div>\n\t\t\t\t<\/div>\n\t\t\t\t\t<\/div>\n\t\t<\/div>\n\t\t\t\t\t<\/div>\n\t\t<\/section>\n\t\t\t\t<\/div>\n\t\t","protected":false},"excerpt":{"rendered":"<p>Tieliikennehistorian Mobilia-palkinto Tieliikennehistorian Mobilia-palkinnon saaneet 2026Saastamoinen, Jukka: Sata lasissa \u2013 Autotuojat ja -teollisuus ry 1925\u20132025. Autotuojat ja -teollisuus ry, 2025. 2024Laine, Jan-Erik: Olympiavuoden Klassikot \u2013 Tarinoita 1952 automalleista. Viipalemediat, 2021. 2022J\u00e4ppinen, Jussi: Viimeisen kes\u00e4n maisemia. Aikamatkailua Suomessa 1939\u20132019. Atena, 2019. 2020Kastari, Pirkko-Liisa: Artturi Tiura, Linja-automiehen el\u00e4m\u00e4 ja autot, 2019. 2018Tolmunen, Tapio: Viisi minuuttia seuraavaan l\u00e4ht\u00f6\u00f6n [&hellip;]<\/p>\n","protected":false},"author":3,"featured_media":74,"parent":799,"menu_order":3,"comment_status":"closed","ping_status":"closed","template":"","meta":{"_acf_changed":false,"inline_featured_image":false,"footnotes":""},"class_list":["post-1864","page","type-page","status-publish","has-post-thumbnail","hentry"],"acf":[],"_links":{"self":[{"href":"https:\/\/mobilia.fi\/fi\/wp-json\/wp\/v2\/pages\/1864","targetHints":{"allow":["GET"]}}],"collection":[{"href":"https:\/\/mobilia.fi\/fi\/wp-json\/wp\/v2\/pages"}],"about":[{"href":"https:\/\/mobilia.fi\/fi\/wp-json\/wp\/v2\/types\/page"}],"author":[{"embeddable":true,"href":"https:\/\/mobilia.fi\/fi\/wp-json\/wp\/v2\/users\/3"}],"replies":[{"embeddable":true,"href":"https:\/\/mobilia.fi\/fi\/wp-json\/wp\/v2\/comments?post=1864"}],"version-history":[{"count":15,"href":"https:\/\/mobilia.fi\/fi\/wp-json\/wp\/v2\/pages\/1864\/revisions"}],"predecessor-version":[{"id":16393,"href":"https:\/\/mobilia.fi\/fi\/wp-json\/wp\/v2\/pages\/1864\/revisions\/16393"}],"up":[{"embeddable":true,"href":"https:\/\/mobilia.fi\/fi\/wp-json\/wp\/v2\/pages\/799"}],"wp:featuredmedia":[{"embeddable":true,"href":"https:\/\/mobilia.fi\/fi\/wp-json\/wp\/v2\/media\/74"}],"wp:attachment":[{"href":"https:\/\/mobilia.fi\/fi\/wp-json\/wp\/v2\/media?parent=1864"}],"curies":[{"name":"wp","href":"https:\/\/api.w.org\/{rel}","templated":true}]}}