{"id":1870,"date":"2020-11-09T14:10:54","date_gmt":"2020-11-09T12:10:54","guid":{"rendered":"https:\/\/mobilia.fi\/?page_id=1870"},"modified":"2025-11-12T09:38:25","modified_gmt":"2025-11-12T07:38:25","slug":"taustayhteisot","status":"publish","type":"page","link":"https:\/\/mobilia.fi\/fi\/museo\/tietoa-mobiliasta\/taustayhteisot\/","title":{"rendered":"Taustayhteis\u00f6t"},"content":{"rendered":"\t\t<div data-elementor-type=\"wp-page\" data-elementor-id=\"1870\" class=\"elementor elementor-1870\" data-elementor-post-type=\"page\">\n\t\t\t\t\t\t<section class=\"elementor-section elementor-top-section elementor-element elementor-element-5f288a40 elementor-section-height-min-height elementor-section-boxed elementor-section-height-default elementor-section-items-middle\" data-id=\"5f288a40\" data-element_type=\"section\" data-e-type=\"section\" data-settings=\"{&quot;background_background&quot;:&quot;classic&quot;}\">\n\t\t\t\t\t\t\t<div class=\"elementor-background-overlay\"><\/div>\n\t\t\t\t\t\t\t<div class=\"elementor-container elementor-column-gap-default\">\n\t\t\t\t\t<div class=\"elementor-column elementor-col-100 elementor-top-column elementor-element elementor-element-6bf0cde2\" data-id=\"6bf0cde2\" data-element_type=\"column\" data-e-type=\"column\">\n\t\t\t<div class=\"elementor-widget-wrap elementor-element-populated\">\n\t\t\t\t\t\t<div class=\"elementor-element elementor-element-52c68007 elementor-widget elementor-widget-text-editor\" data-id=\"52c68007\" data-element_type=\"widget\" data-e-type=\"widget\" data-widget_type=\"text-editor.default\">\n\t\t\t\t<div class=\"elementor-widget-container\">\n\t\t\t\t\t\t\t\t\t<h1>Taustayhteis\u00f6t<\/h1><p>\u00a0<\/p>\t\t\t\t\t\t\t\t<\/div>\n\t\t\t\t<\/div>\n\t\t\t\t\t<\/div>\n\t\t<\/div>\n\t\t\t\t\t<\/div>\n\t\t<\/section>\n\t\t\t\t<section class=\"elementor-section elementor-top-section elementor-element elementor-element-370efd7 elementor-section-boxed elementor-section-height-default elementor-section-height-default\" data-id=\"370efd7\" data-element_type=\"section\" data-e-type=\"section\">\n\t\t\t\t\t\t<div class=\"elementor-container elementor-column-gap-default\">\n\t\t\t\t\t<div class=\"elementor-column elementor-col-100 elementor-top-column elementor-element elementor-element-9d13462\" data-id=\"9d13462\" data-element_type=\"column\" data-e-type=\"column\">\n\t\t\t<div class=\"elementor-widget-wrap elementor-element-populated\">\n\t\t\t\t\t\t\t<\/div>\n\t\t<\/div>\n\t\t\t\t\t<\/div>\n\t\t<\/section>\n\t\t\t\t<section class=\"elementor-section elementor-top-section elementor-element elementor-element-edad595 elementor-section-boxed elementor-section-height-default elementor-section-height-default\" data-id=\"edad595\" data-element_type=\"section\" data-e-type=\"section\">\n\t\t\t\t\t\t<div class=\"elementor-container elementor-column-gap-default\">\n\t\t\t\t\t<div class=\"elementor-column elementor-col-100 elementor-top-column elementor-element elementor-element-4c608ef\" data-id=\"4c608ef\" data-element_type=\"column\" data-e-type=\"column\">\n\t\t\t<div class=\"elementor-widget-wrap elementor-element-populated\">\n\t\t\t\t\t\t\t<\/div>\n\t\t<\/div>\n\t\t\t\t\t<\/div>\n\t\t<\/section>\n\t\t\t\t<section class=\"elementor-section elementor-top-section elementor-element elementor-element-50d6fb8 elementor-section-boxed elementor-section-height-default elementor-section-height-default\" data-id=\"50d6fb8\" data-element_type=\"section\" data-e-type=\"section\">\n\t\t\t\t\t\t<div class=\"elementor-container elementor-column-gap-default\">\n\t\t\t\t\t<div class=\"elementor-column elementor-col-100 elementor-top-column elementor-element elementor-element-9286188\" data-id=\"9286188\" data-element_type=\"column\" data-e-type=\"column\">\n\t\t\t<div class=\"elementor-widget-wrap elementor-element-populated\">\n\t\t\t\t\t\t<div class=\"elementor-element elementor-element-0261a98 elementor-widget elementor-widget-text-editor\" data-id=\"0261a98\" data-element_type=\"widget\" data-e-type=\"widget\" data-widget_type=\"text-editor.default\">\n\t\t\t\t<div class=\"elementor-widget-container\">\n\t\t\t\t\t\t\t\t\t<h3><span style=\"color: #009cdf;\">Mobilia s\u00e4\u00e4ti\u00f6n taustayhteis\u00f6t<\/span><\/h3><p><a href=\"https:\/\/www.a-katsastus.com\/\" target=\"_blank\" rel=\"noopener\">A-Katsastus Oy<\/a><\/p><p><a href=\"https:\/\/akl.fi\/\" target=\"_blank\" rel=\"noopener\">Autoalan Keskusliitto ry<\/a><\/p><p><a href=\"https:\/\/www.autohistoriallinenseura.fi\/\" target=\"_blank\" rel=\"noopener\">Autohistoriallinen Seura ry<\/a><\/p><p><a href=\"https:\/\/www.akyry.fi\/\" target=\"_blank\" rel=\"noopener\">Autokatsastusmiesten yhdistys ry<\/a><\/p><p><a href=\"https:\/\/www.autoliitto.fi\/\" target=\"_blank\" rel=\"noopener\">Autoliitto ry<\/a><\/p><p><a href=\"https:\/\/www.autotuojat.fi\/\" target=\"_blank\" rel=\"noopener\">Autotuojat ja -teollisuus ry<\/a><\/p><p><a href=\"https:\/\/www.rakennusteollisuus.fi\/infra\" target=\"_blank\" rel=\"noopener\">INFRA ry<\/a><\/p><p><a href=\"https:\/\/www.kangasala.fi\/\" target=\"_blank\" rel=\"noopener\">Kangasalan kaupunki<\/a><\/p><p><a href=\"https:\/\/www.traficom.fi\/fi\/\" target=\"_blank\" rel=\"noopener\">Liikenne- ja viestint\u00e4virasto Traficom<\/a><\/p><p><a href=\"https:\/\/www.liikenneturva.fi\/fi\" target=\"_blank\" rel=\"noopener\">Liikenneturva<\/a><\/p><p><a href=\"https:\/\/www.linja-autoliitto.fi\/\" target=\"_blank\" rel=\"noopener\">Linja-autoliitto ry<\/a><\/p><p><a href=\"http:\/\/www.logistiikkayritykset.fi\/\" target=\"_blank\" rel=\"noopener\">Logistiikkayritysten Liitto ry<\/a><\/p><p><a href=\"https:\/\/www.poliisi.fi\/poliisihallitus\" target=\"_blank\" rel=\"noopener\">Poliisihallitus<\/a><\/p><p><a href=\"https:\/\/puolustusvoimat.fi\/etusivu\" target=\"_blank\" rel=\"noopener\">Puolustusvoimat<\/a><\/p><p><a href=\"https:\/\/www.rahtarit.fi\/\" target=\"_blank\" rel=\"noopener\">Rahtarit ry<\/a><\/p><p><a href=\"https:\/\/www.karavaanarit.fi\/\" target=\"_blank\" rel=\"noopener\">SF-Caravan ry<\/a><\/p><p><a href=\"https:\/\/www.autokoululiitto.fi\/\" target=\"_blank\" rel=\"noopener\">Suomen Autokoululiitto ry<\/a><\/p><p><a href=\"http:\/\/www.sahk.fi\/\" target=\"_blank\" rel=\"noopener\">Suomen ajoneuvohistoriallinen keskusliitto \u2013 SAHK ry<\/a><\/p><p><a href=\"http:\/\/www.skal.fi\/\" target=\"_blank\" rel=\"noopener\">Suomen Kuljetus ja Logistiikka SKAL ry<\/a><\/p><p><a href=\"http:\/\/www.slhs.fi\/\" target=\"_blank\" rel=\"noopener\">Suomen Linja-autohistoriallinen Seura ry<\/a><\/p><p>Suomen Maarakennuskoneiden Liitto ry<\/p><p><a href=\"https:\/\/www.taksiliitto.fi\/\" target=\"_blank\" rel=\"noopener\">Suomen Taksiliitto ry<\/a><\/p><p><a href=\"https:\/\/www.tieyhdistys.fi\/\" target=\"_blank\" rel=\"noopener\">Suomen Tieyhdistys ry<\/a><\/p><p><a href=\"https:\/\/satl.fi\/taty\/\" target=\"_blank\" rel=\"noopener\">Tampereen Autoteknillinen yhdistys ry<\/a><\/p><p><a href=\"https:\/\/www.tilausajokuljettajat.fi\/\" target=\"_blank\" rel=\"noopener\">Tilausajokuljettajat ry<\/a><\/p><p><a href=\"https:\/\/www.tfmk.com\/\" target=\"_blank\" rel=\"noopener\">Touring Finlandia Moottorikerho r.y.<\/a><\/p><p><a href=\"https:\/\/vanhatvelot.weebly.com\/\" target=\"_blank\" rel=\"noopener\">Vanhat Velot ry.<\/a><\/p><p><a href=\"https:\/\/www.vetku.fi\/\" target=\"_blank\" rel=\"noopener\">Veteraanikuorma-autoseura ry<\/a><\/p><p><a href=\"https:\/\/www.vmpk.fi\/\" target=\"_blank\" rel=\"noopener\">Veteraanimoottoripy\u00f6r\u00e4klubi ry<\/a><\/p><p><a href=\"https:\/\/vayla.fi\/etusivu\" target=\"_blank\" rel=\"noopener\">V\u00e4yl\u00e4virasto<\/a><\/p>\t\t\t\t\t\t\t\t<\/div>\n\t\t\t\t<\/div>\n\t\t\t\t\t<\/div>\n\t\t<\/div>\n\t\t\t\t\t<\/div>\n\t\t<\/section>\n\t\t\t\t<\/div>\n\t\t","protected":false},"excerpt":{"rendered":"<p>Taustayhteis\u00f6t \u00a0 Mobilia s\u00e4\u00e4ti\u00f6n taustayhteis\u00f6t A-Katsastus Oy Autoalan Keskusliitto ry Autohistoriallinen Seura ry Autokatsastusmiesten yhdistys ry Autoliitto ry Autotuojat ja -teollisuus ry INFRA ry Kangasalan kaupunki Liikenne- ja viestint\u00e4virasto Traficom Liikenneturva Linja-autoliitto ry Logistiikkayritysten Liitto ry Poliisihallitus Puolustusvoimat Rahtarit ry SF-Caravan ry Suomen Autokoululiitto ry Suomen ajoneuvohistoriallinen keskusliitto \u2013 SAHK ry Suomen Kuljetus ja Logistiikka [&hellip;]<\/p>\n","protected":false},"author":3,"featured_media":74,"parent":799,"menu_order":2,"comment_status":"closed","ping_status":"closed","template":"","meta":{"_acf_changed":false,"inline_featured_image":false,"footnotes":""},"class_list":["post-1870","page","type-page","status-publish","has-post-thumbnail","hentry"],"acf":[],"_links":{"self":[{"href":"https:\/\/mobilia.fi\/fi\/wp-json\/wp\/v2\/pages\/1870","targetHints":{"allow":["GET"]}}],"collection":[{"href":"https:\/\/mobilia.fi\/fi\/wp-json\/wp\/v2\/pages"}],"about":[{"href":"https:\/\/mobilia.fi\/fi\/wp-json\/wp\/v2\/types\/page"}],"author":[{"embeddable":true,"href":"https:\/\/mobilia.fi\/fi\/wp-json\/wp\/v2\/users\/3"}],"replies":[{"embeddable":true,"href":"https:\/\/mobilia.fi\/fi\/wp-json\/wp\/v2\/comments?post=1870"}],"version-history":[{"count":6,"href":"https:\/\/mobilia.fi\/fi\/wp-json\/wp\/v2\/pages\/1870\/revisions"}],"predecessor-version":[{"id":16092,"href":"https:\/\/mobilia.fi\/fi\/wp-json\/wp\/v2\/pages\/1870\/revisions\/16092"}],"up":[{"embeddable":true,"href":"https:\/\/mobilia.fi\/fi\/wp-json\/wp\/v2\/pages\/799"}],"wp:featuredmedia":[{"embeddable":true,"href":"https:\/\/mobilia.fi\/fi\/wp-json\/wp\/v2\/media\/74"}],"wp:attachment":[{"href":"https:\/\/mobilia.fi\/fi\/wp-json\/wp\/v2\/media?parent=1870"}],"curies":[{"name":"wp","href":"https:\/\/api.w.org\/{rel}","templated":true}]}}