{"id":1885,"date":"2020-11-10T13:17:14","date_gmt":"2020-11-10T11:17:14","guid":{"rendered":"https:\/\/mobilia.fi\/?page_id=1885"},"modified":"2021-02-04T10:33:25","modified_gmt":"2021-02-04T08:33:25","slug":"yhteistyotahot","status":"publish","type":"page","link":"https:\/\/mobilia.fi\/fi\/museo\/tietoa-mobiliasta\/yhteistyotahot\/","title":{"rendered":"Yhteisty\u00f6tahot"},"content":{"rendered":"\t\t<div data-elementor-type=\"wp-page\" data-elementor-id=\"1885\" class=\"elementor elementor-1885\" data-elementor-post-type=\"page\">\n\t\t\t\t\t\t<section class=\"elementor-section elementor-top-section elementor-element elementor-element-5f288a40 elementor-section-height-min-height elementor-section-boxed elementor-section-height-default elementor-section-items-middle\" data-id=\"5f288a40\" data-element_type=\"section\" data-e-type=\"section\" data-settings=\"{&quot;background_background&quot;:&quot;classic&quot;}\">\n\t\t\t\t\t\t\t<div class=\"elementor-background-overlay\"><\/div>\n\t\t\t\t\t\t\t<div class=\"elementor-container elementor-column-gap-default\">\n\t\t\t\t\t<div class=\"elementor-column elementor-col-100 elementor-top-column elementor-element elementor-element-6bf0cde2\" data-id=\"6bf0cde2\" data-element_type=\"column\" data-e-type=\"column\">\n\t\t\t<div class=\"elementor-widget-wrap elementor-element-populated\">\n\t\t\t\t\t\t<div class=\"elementor-element elementor-element-52c68007 elementor-widget elementor-widget-text-editor\" data-id=\"52c68007\" data-element_type=\"widget\" data-e-type=\"widget\" data-widget_type=\"text-editor.default\">\n\t\t\t\t<div class=\"elementor-widget-container\">\n\t\t\t\t\t\t\t\t\t<h1>Yhteisty\u00f6tahot<\/h1>\t\t\t\t\t\t\t\t<\/div>\n\t\t\t\t<\/div>\n\t\t\t\t\t<\/div>\n\t\t<\/div>\n\t\t\t\t\t<\/div>\n\t\t<\/section>\n\t\t\t\t<section class=\"elementor-section elementor-top-section elementor-element elementor-element-370efd7 elementor-section-boxed elementor-section-height-default elementor-section-height-default\" data-id=\"370efd7\" data-element_type=\"section\" data-e-type=\"section\">\n\t\t\t\t\t\t<div class=\"elementor-container elementor-column-gap-default\">\n\t\t\t\t\t<div class=\"elementor-column elementor-col-100 elementor-top-column elementor-element elementor-element-9d13462\" data-id=\"9d13462\" data-element_type=\"column\" data-e-type=\"column\">\n\t\t\t<div class=\"elementor-widget-wrap elementor-element-populated\">\n\t\t\t\t\t\t\t<\/div>\n\t\t<\/div>\n\t\t\t\t\t<\/div>\n\t\t<\/section>\n\t\t\t\t<section class=\"elementor-section elementor-top-section elementor-element elementor-element-edad595 elementor-section-boxed elementor-section-height-default elementor-section-height-default\" data-id=\"edad595\" data-element_type=\"section\" data-e-type=\"section\">\n\t\t\t\t\t\t<div class=\"elementor-container elementor-column-gap-default\">\n\t\t\t\t\t<div class=\"elementor-column elementor-col-100 elementor-top-column elementor-element elementor-element-4c608ef\" data-id=\"4c608ef\" data-element_type=\"column\" data-e-type=\"column\">\n\t\t\t<div class=\"elementor-widget-wrap elementor-element-populated\">\n\t\t\t\t\t\t\t<\/div>\n\t\t<\/div>\n\t\t\t\t\t<\/div>\n\t\t<\/section>\n\t\t\t\t<section class=\"elementor-section elementor-top-section elementor-element elementor-element-50d6fb8 elementor-section-boxed elementor-section-height-default elementor-section-height-default\" data-id=\"50d6fb8\" data-element_type=\"section\" data-e-type=\"section\">\n\t\t\t\t\t\t<div class=\"elementor-container elementor-column-gap-default\">\n\t\t\t\t\t<div class=\"elementor-column elementor-col-100 elementor-top-column elementor-element elementor-element-9286188\" data-id=\"9286188\" data-element_type=\"column\" data-e-type=\"column\">\n\t\t\t<div class=\"elementor-widget-wrap elementor-element-populated\">\n\t\t\t\t\t\t<div class=\"elementor-element elementor-element-0261a98 elementor-widget elementor-widget-text-editor\" data-id=\"0261a98\" data-element_type=\"widget\" data-e-type=\"widget\" data-widget_type=\"text-editor.default\">\n\t\t\t\t<div class=\"elementor-widget-container\">\n\t\t\t\t\t\t\t\t\t<h4><a href=\"https:\/\/trafiikki.fi\/\" target=\"_blank\" rel=\"noopener\">Trafiikki-museot<\/a><\/h4><p>Trafiikki-museot ry on kymmenen suomalaisen viestinn\u00e4n ja liikenteen alan museon yhteisty\u00f6verkosto.<\/p><p>Trafiikki-museoita ovat:<\/p><p><a href=\"http:\/\/www.forum-marinum.fi\/fi\/\" target=\"_blank\" rel=\"noopener\">Forum Marinum<\/a><\/p><p>Mobilia<\/p><p><a href=\"https:\/\/www.postimuseo.fi\/fi\/\" target=\"_blank\" rel=\"noopener\">Postimuseo<\/a><\/p><p><a href=\"https:\/\/www.paivalehdenmuseo.fi\/\" target=\"_blank\" rel=\"noopener\">P\u00e4iv\u00e4lehden museo<\/a><\/p><p><a href=\"http:\/\/www.lahdenmuseot.fi\/museot\/fi\/radio-ja-tv-museo\/\" target=\"_blank\" rel=\"noopener\">Radio- ja tv-museo<\/a><\/p><p><a href=\"http:\/\/vapriikki.fi\/rupriikki\/\" target=\"_blank\" rel=\"noopener\">Mediamuseo Rupriikki<\/a><\/p><p><a href=\"https:\/\/ilmailumuseo.fi\/\" target=\"_blank\" rel=\"noopener\">Suomen Ilmailumuseo<\/a><\/p><p><a href=\"https:\/\/www.kansallismuseo.fi\/fi\/suomenmerimuseo\" target=\"_blank\" rel=\"noopener\">Suomen Merimuseo<\/a><\/p><p><a href=\"https:\/\/rautatiemuseo.fi\/\" target=\"_blank\" rel=\"noopener\">Suomen Rautatiemuseo<\/a><\/p><p><a href=\"https:\/\/tekniikanmuseo.fi\/\" target=\"_blank\" rel=\"noopener\">Tekniikan museo<\/a><\/p><p>\u00a0<\/p><h4>NordBalt-tiemuseot<\/h4><p>NordBalt-tiemuseoyhteisty\u00f6ss\u00e4 ovat mukana:<\/p><p><a href=\"https:\/\/nattrabyvagmuseum.se\/index.html\" target=\"_blank\" rel=\"noopener\">Ruotsin tiemuseo<\/a><\/p><p><a href=\"https:\/\/www.vegvesen.no\/om+statens+vegvesen\/om+organisasjonen\/norsk+vegmuseum\/\" target=\"_blank\" rel=\"noopener\">Norjan tiemuseo<\/a><\/p><p>Islannin tiemuseo<\/p><p><a href=\"https:\/\/www.maanteemuuseum.ee\/en\" target=\"_blank\" rel=\"noopener\">Viron tiemuseo<\/a><\/p><p><a href=\"http:\/\/www.slokenbeka.lv\/en\/111\" target=\"_blank\" rel=\"noopener\">Latvian tiemuseo<\/a><\/p><p>Liettuan tiemuseo<\/p><p><a href=\"https:\/\/www.gddkia.gov.pl\/pl\/a\/11977\/30-lat-dzialalnosci-Muzeum-Drogownictwa-w-Szczucinie\" target=\"_blank\" rel=\"noopener\">Puolan tiemuseo<\/a><\/p><p>Museot pyrkiv\u00e4t yhteisty\u00f6ll\u00e4 vahvistamaan tiehistorian tutkimista, esitt\u00e4mist\u00e4 ja tallentamisista Pohjoismaissa ja Baltian maissa. Yhteisty\u00f6 on osa Pohjoismaiden Tieteknisen Liiton (PTL) ja Balttian tieforumin toimintaa.<\/p><p>Museot kokoontuvat vuosittain seminaariin.<\/p><p>\u00a0<\/p><h4>Muut yhteisty\u00f6tahot<\/h4><p><a href=\"https:\/\/www.museovirasto.fi\/fi\/\" target=\"_blank\" rel=\"noopener\">Museovirasto<\/a><br \/><a href=\"https:\/\/www.ely-keskus.fi\/ely-pirkanmaa\" target=\"_blank\" rel=\"noopener\">Pirkanmaan ELY-keskus<\/a><\/p><p>ja lukuisat muut viranomaistahot<\/p><p><a href=\"https:\/\/fiva.org\/en\/\" target=\"_blank\" rel=\"noopener\">FIVA F\u00e9d\u00e9ration Internationale des V\u00e9hicules Anciens<\/a><br \/><a href=\"https:\/\/mobilia.fi\/museo\/automuseoiden-neuvottelukunta\/\" target=\"_blank\" rel=\"noopener\">Automuseoiden neuvottelukunnan automuseot<\/a><\/p><p>ja lukuisat muut museot, yhdistykset ja toimijat.<\/p><p>\u00a0<\/p>\t\t\t\t\t\t\t\t<\/div>\n\t\t\t\t<\/div>\n\t\t\t\t\t<\/div>\n\t\t<\/div>\n\t\t\t\t\t<\/div>\n\t\t<\/section>\n\t\t\t\t<\/div>\n\t\t","protected":false},"excerpt":{"rendered":"<p>Yhteisty\u00f6tahot Trafiikki-museot Trafiikki-museot ry on kymmenen suomalaisen viestinn\u00e4n ja liikenteen alan museon yhteisty\u00f6verkosto. Trafiikki-museoita ovat: Forum Marinum Mobilia Postimuseo P\u00e4iv\u00e4lehden museo Radio- ja tv-museo Mediamuseo Rupriikki Suomen Ilmailumuseo Suomen Merimuseo Suomen Rautatiemuseo Tekniikan museo NordBalt-tiemuseot NordBalt-tiemuseoyhteisty\u00f6ss\u00e4 ovat mukana: Ruotsin tiemuseo Norjan tiemuseo Islannin tiemuseo Viron tiemuseo Latvian tiemuseo Liettuan tiemuseo Puolan tiemuseo Museot pyrkiv\u00e4t yhteisty\u00f6ll\u00e4 [&hellip;]<\/p>\n","protected":false},"author":3,"featured_media":74,"parent":799,"menu_order":1,"comment_status":"closed","ping_status":"closed","template":"","meta":{"_acf_changed":false,"inline_featured_image":false,"footnotes":""},"class_list":["post-1885","page","type-page","status-publish","has-post-thumbnail","hentry"],"acf":[],"_links":{"self":[{"href":"https:\/\/mobilia.fi\/fi\/wp-json\/wp\/v2\/pages\/1885","targetHints":{"allow":["GET"]}}],"collection":[{"href":"https:\/\/mobilia.fi\/fi\/wp-json\/wp\/v2\/pages"}],"about":[{"href":"https:\/\/mobilia.fi\/fi\/wp-json\/wp\/v2\/types\/page"}],"author":[{"embeddable":true,"href":"https:\/\/mobilia.fi\/fi\/wp-json\/wp\/v2\/users\/3"}],"replies":[{"embeddable":true,"href":"https:\/\/mobilia.fi\/fi\/wp-json\/wp\/v2\/comments?post=1885"}],"version-history":[{"count":36,"href":"https:\/\/mobilia.fi\/fi\/wp-json\/wp\/v2\/pages\/1885\/revisions"}],"predecessor-version":[{"id":3892,"href":"https:\/\/mobilia.fi\/fi\/wp-json\/wp\/v2\/pages\/1885\/revisions\/3892"}],"up":[{"embeddable":true,"href":"https:\/\/mobilia.fi\/fi\/wp-json\/wp\/v2\/pages\/799"}],"wp:featuredmedia":[{"embeddable":true,"href":"https:\/\/mobilia.fi\/fi\/wp-json\/wp\/v2\/media\/74"}],"wp:attachment":[{"href":"https:\/\/mobilia.fi\/fi\/wp-json\/wp\/v2\/media?parent=1885"}],"curies":[{"name":"wp","href":"https:\/\/api.w.org\/{rel}","templated":true}]}}