{"id":1890,"date":"2020-11-10T14:01:53","date_gmt":"2020-11-10T12:01:53","guid":{"rendered":"https:\/\/mobilia.fi\/?page_id=1890"},"modified":"2026-04-27T10:41:51","modified_gmt":"2026-04-27T07:41:51","slug":"avoimet-tyo-ja-harjoittelupaikat","status":"publish","type":"page","link":"https:\/\/mobilia.fi\/fi\/museo\/tietoa-mobiliasta\/avoimet-tyo-ja-harjoittelupaikat\/","title":{"rendered":"Avoimet ty\u00f6- ja harjoittelupaikat"},"content":{"rendered":"\t\t<div data-elementor-type=\"wp-page\" data-elementor-id=\"1890\" class=\"elementor elementor-1890\" data-elementor-post-type=\"page\">\n\t\t\t\t\t\t<section class=\"elementor-section elementor-top-section elementor-element elementor-element-5f288a40 elementor-section-height-min-height elementor-section-boxed elementor-section-height-default elementor-section-items-middle\" data-id=\"5f288a40\" data-element_type=\"section\" data-e-type=\"section\" data-settings=\"{&quot;background_background&quot;:&quot;classic&quot;}\">\n\t\t\t\t\t\t\t<div class=\"elementor-background-overlay\"><\/div>\n\t\t\t\t\t\t\t<div class=\"elementor-container elementor-column-gap-default\">\n\t\t\t\t\t<div class=\"elementor-column elementor-col-100 elementor-top-column elementor-element elementor-element-6bf0cde2\" data-id=\"6bf0cde2\" data-element_type=\"column\" data-e-type=\"column\">\n\t\t\t<div class=\"elementor-widget-wrap elementor-element-populated\">\n\t\t\t\t\t\t<div class=\"elementor-element elementor-element-52c68007 elementor-widget elementor-widget-text-editor\" data-id=\"52c68007\" data-element_type=\"widget\" data-e-type=\"widget\" data-widget_type=\"text-editor.default\">\n\t\t\t\t<div class=\"elementor-widget-container\">\n\t\t\t\t\t\t\t\t\t<h1>Avoimet ty\u00f6- ja harjoittelupaikat<\/h1>\t\t\t\t\t\t\t\t<\/div>\n\t\t\t\t<\/div>\n\t\t\t\t\t<\/div>\n\t\t<\/div>\n\t\t\t\t\t<\/div>\n\t\t<\/section>\n\t\t\t\t<section class=\"elementor-section elementor-top-section elementor-element elementor-element-370efd7 elementor-section-boxed elementor-section-height-default elementor-section-height-default\" data-id=\"370efd7\" data-element_type=\"section\" data-e-type=\"section\">\n\t\t\t\t\t\t<div class=\"elementor-container elementor-column-gap-default\">\n\t\t\t\t\t<div class=\"elementor-column elementor-col-100 elementor-top-column elementor-element elementor-element-9d13462\" data-id=\"9d13462\" data-element_type=\"column\" data-e-type=\"column\">\n\t\t\t<div class=\"elementor-widget-wrap elementor-element-populated\">\n\t\t\t\t\t\t\t<\/div>\n\t\t<\/div>\n\t\t\t\t\t<\/div>\n\t\t<\/section>\n\t\t\t\t<section class=\"elementor-section elementor-top-section elementor-element elementor-element-edad595 elementor-section-boxed elementor-section-height-default elementor-section-height-default\" data-id=\"edad595\" data-element_type=\"section\" data-e-type=\"section\">\n\t\t\t\t\t\t<div class=\"elementor-container elementor-column-gap-default\">\n\t\t\t\t\t<div class=\"elementor-column elementor-col-100 elementor-top-column elementor-element elementor-element-4c608ef\" data-id=\"4c608ef\" data-element_type=\"column\" data-e-type=\"column\">\n\t\t\t<div class=\"elementor-widget-wrap elementor-element-populated\">\n\t\t\t\t\t\t\t<\/div>\n\t\t<\/div>\n\t\t\t\t\t<\/div>\n\t\t<\/section>\n\t\t\t\t<section class=\"elementor-section elementor-top-section elementor-element elementor-element-50d6fb8 elementor-section-boxed elementor-section-height-default elementor-section-height-default\" data-id=\"50d6fb8\" data-element_type=\"section\" data-e-type=\"section\">\n\t\t\t\t\t\t<div class=\"elementor-container elementor-column-gap-default\">\n\t\t\t\t\t<div class=\"elementor-column elementor-col-100 elementor-top-column elementor-element elementor-element-9286188\" data-id=\"9286188\" data-element_type=\"column\" data-e-type=\"column\">\n\t\t\t<div class=\"elementor-widget-wrap elementor-element-populated\">\n\t\t\t\t\t\t<div class=\"elementor-element elementor-element-0261a98 elementor-widget elementor-widget-text-editor\" data-id=\"0261a98\" data-element_type=\"widget\" data-e-type=\"widget\" data-widget_type=\"text-editor.default\">\n\t\t\t\t<div class=\"elementor-widget-container\">\n\t\t\t\t\t\t\t\t\t<h3><span style=\"color: #009cdf;\">Avoimet ty\u00f6paikat<\/span><\/h3><p><span style=\"color: #009cdf;\"><strong>N\u00e4yttelyamanuenssi &#8211; Auton ja tien museo Mobilia<\/strong><\/span><\/p><div class=\"description-box\"><div class=\"gtm-apply-clicks description description--jobentry\"><p>Haluatko olla mukana luomassa voimakkaita el\u00e4myksi\u00e4 ja vahvistamassa tieliikenteen kulttuuriperinn\u00f6n esittely\u00e4? Mobilia hakee innostunutta ja kokenutta museoalan n\u00e4yttelytoiminnan ammattilaista tiimiins\u00e4. Teht\u00e4v\u00e4ss\u00e4 p\u00e4\u00e4set osallistumaan monipuolisten n\u00e4yttelyidemme suunnitteluun ja toteuttamiseen osana n\u00e4yttelytoimintamme tiimi\u00e4.<\/p><p><u>Mobilia \u2013 suomalaisen autoilun ja tieliikenteen museo<\/u><\/p><p>Mobilia s\u00e4\u00e4ti\u00f6n yll\u00e4pit\u00e4m\u00e4 Auton ja tien museo Mobilia on Kangasalla sijaitseva tieliikenteen alan valtakunnallinen vastuumuseo, joka tallentaa ja esittelee suomalaisen autoilun ja tiell\u00e4 liikkumisen historiaa. Meill\u00e4 yhdistyv\u00e4t kulttuuriperint\u00f6, el\u00e4myksellisyys ja yhteis\u00f6llisyys. Mobilia tarjoaa k\u00e4vij\u00f6ille n\u00e4yttelyit\u00e4, tapahtumia ja palveluita, jotka kertovat tarinoita liikkumisesta ja sen merkityksest\u00e4 suomalaisessa yhteiskunnassa. Lis\u00e4tietoja toiminnastamme l\u00f6yd\u00e4t\u00a0<a href=\"https:\/\/mobilia.fi\/fi\/museo\/\" target=\"_blank\" rel=\"noopener nofollow\">https:\/\/mobilia.fi\/fi\/museo\/<\/a>. Toimialaamme liittyv\u00e4t n\u00e4yttelyt, joita toteutamme sek\u00e4 pidempiaikaisina ydin- ja teeman\u00e4yttelyin\u00e4 ett\u00e4 lyhyempin\u00e4 pienois- ja yhteisty\u00f6n\u00e4yttelyin\u00e4, ovat tapahtumatoiminnan ohella keskeinen osa yleis\u00f6ty\u00f6t\u00e4mme ja toimintaamme k\u00e4vij\u00f6idemme ja taustayhteis\u00f6jemme hyv\u00e4ksi.\u00a0\u00a0<\/p><p><strong>Teht\u00e4v\u00e4nkuvaus:<\/strong><\/p><ul><li>Toimit kolmen hengen n\u00e4yttelytiimiss\u00e4 osallistuen n\u00e4yttelytoiminnan kehitt\u00e4miseen ja sen tavoitteiden saavuttamiseen.<\/li><li>Tuot panoksesi n\u00e4yttelyidemme suunnitteluun ja tuotantoon yhdess\u00e4 muiden tiimin j\u00e4senten sek\u00e4 palveluntuottajiemme ja yhteisty\u00f6kumppaneidemme kanssa.<\/li><li>Osallistut tiimiss\u00e4si mm. n\u00e4yttelyiden tuotantoon, niihin liittyv\u00e4n n\u00e4yttelyjulkaisun tuottamiseen sek\u00e4 museopedagogiikan toimintamme toteutukseen.<\/li><li>Osallistut aktiivisesti kaikkiin n\u00e4yttelyiden toteutuksen vaiheisiin esisuunnittelusta k\u00e4yt\u00e4nn\u00f6n toteutukseen.<\/li><li>Osallistut my\u00f6s viestint\u00e4\u00e4n ja markkinointiin n\u00e4yttelytoiminnan osalta.<\/li><\/ul><p><strong>Edellyt\u00e4mme:<\/strong><\/p><ul><li>soveltuvaa korkeakoulututkintoa<\/li><li>k\u00e4yt\u00e4nn\u00f6n kokemusta museoalan n\u00e4yttelyiden toteuttamisesta sek\u00e4 n\u00e4yttely- ja AV-tekniikan tuntemusta<\/li><li>erinomaista suomen kielen taitoa ja hyv\u00e4\u00e4 englannin kielen k\u00e4yt\u00e4nn\u00f6n taitoa, muu kielitaito katsotaan eduksi<\/li><\/ul><p><strong>Arvostamme:<\/strong><\/p><ul><li>suoritettuja museologian perusopintoja<\/li><li>osoitettua luovuutta ja n\u00e4kemyksellisyytt\u00e4 n\u00e4yttelytoiminnan suunnittelussa<\/li><li>ratkaisukeskeist\u00e4, joustavaa ja k\u00e4yt\u00e4nn\u00f6llist\u00e4 ty\u00f6otetta<\/li><li>erinomaisia yhteisty\u00f6- ja vuorovaikutustaitoja<\/li><li>tieliikenteen alan kulttuuriperinn\u00f6n ja ajoneuvoharrastekent\u00e4n tuntemusta<\/li><\/ul><p><strong>Tarjoamme sinulle:<\/strong><\/p><ul><li>Merkityksellisen ja monipuolisen teht\u00e4v\u00e4n autoilun ja liikenteen kulttuuriperinn\u00f6n n\u00e4k\u00f6alapaikalla<\/li><li>Kannustavan ja avoimuutta arvostavan ty\u00f6yhteis\u00f6n, jossa jokaisen osaamista arvostetaan<\/li><li>Mahdollisuuden kehitt\u00e4\u00e4 osaamistasi ja toteuttaa luovuuttasi Mobilian mielenkiintoisen monipuolisen n\u00e4yttelytuotannon parissa<\/li><li>Joustavat ty\u00f6j\u00e4rjestelyt, kuten et\u00e4ty\u00f6mahdollisuus teht\u00e4vien niin salliessa<\/li><li>Laajan verkoston ja innostavan ty\u00f6ymp\u00e4rist\u00f6n alan toimijoiden ja harrastajien parissa<\/li><\/ul><p>Ty\u00f6suhteen kesto: Vakituinen, aloitus mahdollisimman pian sopimuksen mukaan, teht\u00e4v\u00e4ss\u00e4 on 6 kuukauden koeaika.<\/p><p>Ty\u00f6aika: S\u00e4\u00e4nn\u00f6llinen ty\u00f6aika 36 tuntia 15 minuuttia viikossa.<\/p><p>Palkka: Peruspalkka PALTA ry:n museoiden ty\u00f6ehtosopimuksen mukaan, palkka tarkentuu valittavan henkil\u00f6n kokemuksen mukaan.<\/p><p>Ty\u00f6paikan sijainti: Kangasala, Kustaa Kolmannen tien 75.<\/p><p><strong>Hakuprosessi<\/strong><\/p><ol><li>Hakemusten vastaanotto: J\u00e4t\u00e4 hakemuksesi palkkatoiveineen sek\u00e4 ansioluettelosi Duunitorin \u201dhae ty\u00f6paikkaa\u201d -painikkeen kautta viimeist\u00e4\u00e4n\u00a0<strong>17.05.2026<\/strong>. Kerro hakemuksessa lyhyesti, miksi olet kiinnostunut teht\u00e4v\u00e4st\u00e4 ja mit\u00e4 osaamista tuot tiimiin. Voimme my\u00f6s pyyt\u00e4\u00e4 nime\u00e4m\u00e4\u00e4n suosittelijoita prosessin edetess\u00e4.<\/li><li>Esivalinta: K\u00e4ymme hakemukset l\u00e4pi ja valitsemme haastatteluun kutsuttavat.<\/li><li>Haastattelut: Haastattelut aloitetaan mahdollisimman pian, voimme aloittaa haastattelut jo hakemisaikana ja toteuttaa osan haastatteluista et\u00e4yhteydell\u00e4.<\/li><\/ol><p>Lis\u00e4tietoja\u00a0teht\u00e4v\u00e4st\u00e4 antaa toimitusjohtaja Mika Hautala puhelimitse (puh. 040 5490186): ti 28.4. klo 14-16, to 7.5. klo 13-15 ja ti 12.5. klo 9-11 sek\u00e4 s\u00e4hk\u00f6postitse\u00a0<a href=\"mailto:mika.hautala@mobilia.fi\" target=\"_blank\" rel=\"noopener nofollow\">mika.hautala@mobilia.fi<\/a>.<\/p><\/div><div class=\"info-listing__apply-button-wrapper\"><a href=\"https:\/\/duunitori.fi\/tyopaikat\/tyo\/nayttelyamanuenssi-sdsuu-20201181\" target=\"_blank\" rel=\"noopener\">https:\/\/duunitori.fi\/tyopaikat\/tyo\/nayttelyamanuenssi-sdsuu-20201181<\/a><\/div><div><hr class=\"divider--thick\" \/><\/div><\/div><h3><span style=\"color: #009cdf;\">Harjoittelut ja opinn\u00e4ytteet<\/span><\/h3><p><strong>Yliopisto-opiskelijat<\/strong><\/p><p>Tarjoamme historian opiskelijoille mahdollisuutta tehd\u00e4 opintoihin liittyv\u00e4 harjoittelu Mobiliassa yliopiston tuella. Harjoittelun yksityiskohdista sovitaan tapauskohtaisesti. Lis\u00e4tietoja: toimitusjohtaja Mika Hautala puh. 040 549 0186<\/p><p><strong>Ammattiopisto-opiskelijat<\/strong><\/p><p>Tarjoamme l\u00e4hinn\u00e4 matkailu- tai autoalan opiskelijoille mahdollisuutta suorittaa opintoihin liittyv\u00e4 ty\u00f6ss\u00e4oppimisjakso Mobiliassa. Harjoittelun yksityiskohdista sovitaan tapauskohtaisesti.<\/p><p>Lis\u00e4tietoja: hallintop\u00e4\u00e4llikk\u00f6 Taina Ojanen puh. 040 591 0570.<\/p><p><strong>Pro gradu -aiheet<\/strong><\/p><p>Lis\u00e4tietoja: toimitusjohtaja Mika Hautala puh. 040 549 0186.<\/p>\t\t\t\t\t\t\t\t<\/div>\n\t\t\t\t<\/div>\n\t\t\t\t\t<\/div>\n\t\t<\/div>\n\t\t\t\t\t<\/div>\n\t\t<\/section>\n\t\t\t\t<\/div>\n\t\t","protected":false},"excerpt":{"rendered":"<p>Avoimet ty\u00f6- ja harjoittelupaikat Avoimet ty\u00f6paikat N\u00e4yttelyamanuenssi &#8211; Auton ja tien museo Mobilia Haluatko olla mukana luomassa voimakkaita el\u00e4myksi\u00e4 ja vahvistamassa tieliikenteen kulttuuriperinn\u00f6n esittely\u00e4? Mobilia hakee innostunutta ja kokenutta museoalan n\u00e4yttelytoiminnan ammattilaista tiimiins\u00e4. Teht\u00e4v\u00e4ss\u00e4 p\u00e4\u00e4set osallistumaan monipuolisten n\u00e4yttelyidemme suunnitteluun ja toteuttamiseen osana n\u00e4yttelytoimintamme tiimi\u00e4. Mobilia \u2013 suomalaisen autoilun ja tieliikenteen museo Mobilia s\u00e4\u00e4ti\u00f6n yll\u00e4pit\u00e4m\u00e4 Auton [&hellip;]<\/p>\n","protected":false},"author":3,"featured_media":74,"parent":799,"menu_order":0,"comment_status":"closed","ping_status":"closed","template":"","meta":{"_acf_changed":false,"inline_featured_image":false,"footnotes":""},"class_list":["post-1890","page","type-page","status-publish","has-post-thumbnail","hentry"],"acf":[],"_links":{"self":[{"href":"https:\/\/mobilia.fi\/fi\/wp-json\/wp\/v2\/pages\/1890","targetHints":{"allow":["GET"]}}],"collection":[{"href":"https:\/\/mobilia.fi\/fi\/wp-json\/wp\/v2\/pages"}],"about":[{"href":"https:\/\/mobilia.fi\/fi\/wp-json\/wp\/v2\/types\/page"}],"author":[{"embeddable":true,"href":"https:\/\/mobilia.fi\/fi\/wp-json\/wp\/v2\/users\/3"}],"replies":[{"embeddable":true,"href":"https:\/\/mobilia.fi\/fi\/wp-json\/wp\/v2\/comments?post=1890"}],"version-history":[{"count":48,"href":"https:\/\/mobilia.fi\/fi\/wp-json\/wp\/v2\/pages\/1890\/revisions"}],"predecessor-version":[{"id":16787,"href":"https:\/\/mobilia.fi\/fi\/wp-json\/wp\/v2\/pages\/1890\/revisions\/16787"}],"up":[{"embeddable":true,"href":"https:\/\/mobilia.fi\/fi\/wp-json\/wp\/v2\/pages\/799"}],"wp:featuredmedia":[{"embeddable":true,"href":"https:\/\/mobilia.fi\/fi\/wp-json\/wp\/v2\/media\/74"}],"wp:attachment":[{"href":"https:\/\/mobilia.fi\/fi\/wp-json\/wp\/v2\/media?parent=1890"}],"curies":[{"name":"wp","href":"https:\/\/api.w.org\/{rel}","templated":true}]}}