{"id":20,"date":"2020-03-26T13:22:34","date_gmt":"2020-03-26T11:22:34","guid":{"rendered":"https:\/\/mobilia.fi\/?page_id=20"},"modified":"2022-02-28T14:52:18","modified_gmt":"2022-02-28T12:52:18","slug":"blogi","status":"publish","type":"page","link":"https:\/\/mobilia.fi\/fi\/blogi\/","title":{"rendered":"Blogi"},"content":{"rendered":"\t\t<div data-elementor-type=\"wp-page\" data-elementor-id=\"20\" class=\"elementor elementor-20\" data-elementor-post-type=\"page\">\n\t\t\t\t\t\t<section class=\"elementor-section elementor-top-section elementor-element elementor-element-e036a48 elementor-section-height-min-height elementor-section-boxed elementor-section-height-default elementor-section-items-middle\" data-id=\"e036a48\" data-element_type=\"section\" data-e-type=\"section\" data-settings=\"{&quot;background_background&quot;:&quot;classic&quot;}\">\n\t\t\t\t\t\t\t<div class=\"elementor-background-overlay\"><\/div>\n\t\t\t\t\t\t\t<div class=\"elementor-container elementor-column-gap-default\">\n\t\t\t\t\t<div class=\"elementor-column elementor-col-100 elementor-top-column elementor-element elementor-element-5c57041\" data-id=\"5c57041\" data-element_type=\"column\" data-e-type=\"column\">\n\t\t\t<div class=\"elementor-widget-wrap elementor-element-populated\">\n\t\t\t\t\t\t<div class=\"elementor-element elementor-element-9b69684 elementor-widget elementor-widget-text-editor\" data-id=\"9b69684\" data-element_type=\"widget\" data-e-type=\"widget\" data-widget_type=\"text-editor.default\">\n\t\t\t\t<div class=\"elementor-widget-container\">\n\t\t\t\t\t\t\t\t\t<h1>Blogi<\/h1><p>Ajankohtaista luettavaa.<\/p>\t\t\t\t\t\t\t\t<\/div>\n\t\t\t\t<\/div>\n\t\t\t\t\t<\/div>\n\t\t<\/div>\n\t\t\t\t\t<\/div>\n\t\t<\/section>\n\t\t\t\t<section class=\"elementor-section elementor-top-section elementor-element elementor-element-7759b8a elementor-section-boxed elementor-section-height-default elementor-section-height-default\" data-id=\"7759b8a\" data-element_type=\"section\" data-e-type=\"section\">\n\t\t\t\t\t\t<div class=\"elementor-container elementor-column-gap-default\">\n\t\t\t\t\t<div class=\"elementor-column elementor-col-100 elementor-top-column elementor-element elementor-element-b511e4a\" data-id=\"b511e4a\" data-element_type=\"column\" data-e-type=\"column\">\n\t\t\t<div class=\"elementor-widget-wrap elementor-element-populated\">\n\t\t\t\t\t\t<div class=\"elementor-element elementor-element-b22878e elementor-grid-3 elementor-grid-tablet-2 elementor-grid-mobile-1 elementor-posts--thumbnail-top elementor-widget elementor-widget-posts\" data-id=\"b22878e\" data-element_type=\"widget\" data-e-type=\"widget\" data-settings=\"{&quot;classic_columns&quot;:&quot;3&quot;,&quot;classic_columns_tablet&quot;:&quot;2&quot;,&quot;classic_columns_mobile&quot;:&quot;1&quot;,&quot;classic_row_gap&quot;:{&quot;unit&quot;:&quot;px&quot;,&quot;size&quot;:35,&quot;sizes&quot;:[]},&quot;classic_row_gap_tablet&quot;:{&quot;unit&quot;:&quot;px&quot;,&quot;size&quot;:&quot;&quot;,&quot;sizes&quot;:[]},&quot;classic_row_gap_mobile&quot;:{&quot;unit&quot;:&quot;px&quot;,&quot;size&quot;:&quot;&quot;,&quot;sizes&quot;:[]}}\" data-widget_type=\"posts.classic\">\n\t\t\t\t<div class=\"elementor-widget-container\">\n\t\t\t\t\t\t\t<div class=\"elementor-posts-container elementor-posts elementor-posts--skin-classic elementor-grid\" role=\"list\">\n\t\t\t\t<article class=\"elementor-post elementor-grid-item post-10389 post type-post status-publish format-standard has-post-thumbnail hentry category-kertomuksia-teista category-liikkuva-kulttuuriperinto tag-tieliikenne tag-kulttuurihistoria tag-autonomian-aika tag-polkupyora tag-kulkuneuvo tag-teollistuminen tag-bicycle tag-mobility\" role=\"listitem\">\n\t\t\t\t<a class=\"elementor-post__thumbnail__link\" href=\"https:\/\/mobilia.fi\/fi\/2023\/06\/15\/polkupyora\/\" tabindex=\"-1\">\n\t\t\t<div class=\"elementor-post__thumbnail\"><img fetchpriority=\"high\" decoding=\"async\" width=\"650\" height=\"514\" src=\"https:\/\/mobilia.fi\/wp-content\/uploads\/2023\/06\/kaksi-miesta-ja-nainen-pyorailemassa-j.a.collin-kymenlaakson-museot.jpg\" class=\"attachment-full size-full wp-image-10442\" alt=\"Kaksi miest\u00e4 ja nainen py\u00f6r\u00e4ilem\u00e4ss\u00e4. Mustavalkoinen kuva\" srcset=\"https:\/\/mobilia.fi\/wp-content\/uploads\/2023\/06\/kaksi-miesta-ja-nainen-pyorailemassa-j.a.collin-kymenlaakson-museot.jpg 650w, https:\/\/mobilia.fi\/wp-content\/uploads\/2023\/06\/kaksi-miesta-ja-nainen-pyorailemassa-j.a.collin-kymenlaakson-museot-300x237.jpg 300w\" sizes=\"(max-width: 650px) 100vw, 650px\" \/><\/div>\n\t\t<\/a>\n\t\t\t\t<div class=\"elementor-post__text\">\n\t\t\t\t<h2 class=\"elementor-post__title\">\n\t\t\t<a href=\"https:\/\/mobilia.fi\/fi\/2023\/06\/15\/polkupyora\/\">\n\t\t\t\tPolkupy\u00f6r\u00e4n historiaa\t\t\t<\/a>\n\t\t<\/h2>\n\t\t\t\t<div class=\"elementor-post__meta-data\">\n\t\t\t\t\t<span class=\"elementor-post-date\">\n\t\t\t15.6.2023\t\t<\/span>\n\t\t\t\t<span class=\"elementor-post-avatar\">\n\t\t\tEi kommentteja\t\t<\/span>\n\t\t\t\t<\/div>\n\t\t\t\t<div class=\"elementor-post__excerpt\">\n\t\t\t<p>Polkupy\u00f6r\u00e4n syntym\u00e4tarinat Vapaaherra Karl von Draisin vuonna 1817 patentoimaa juoksukonetta pidet\u00e4\u00e4n usein polkupy\u00f6r\u00e4n kantamuotona. Keksij\u00e4ns\u00e4 mukaan draisiiniksi nimetty ajokki oli tarkoitettu hy\u00f6tyk\u00e4ytt\u00f6\u00f6n hevosen korvaajaksi, mutta<\/p>\n\t\t<\/div>\n\t\t\n\t\t<a class=\"elementor-post__read-more\" href=\"https:\/\/mobilia.fi\/fi\/2023\/06\/15\/polkupyora\/\" aria-label=\"Read more about Polkupy\u00f6r\u00e4n historiaa\" tabindex=\"-1\">\n\t\t\tLue lis\u00e4\u00e4 \u00bb\t\t<\/a>\n\n\t\t\t\t<\/div>\n\t\t\t\t<\/article>\n\t\t\t\t<article class=\"elementor-post elementor-grid-item post-6354 post type-post status-publish format-standard has-post-thumbnail hentry category-kertomuksia-teista tag-historic-vehicle tag-road-heritage tag-daf-daffodil tag-cars-of-the-sixties tag-van-doorne tag-culture-heritage tag-car-sales-in-finland\" role=\"listitem\">\n\t\t\t\t<a class=\"elementor-post__thumbnail__link\" href=\"https:\/\/mobilia.fi\/fi\/2022\/03\/15\/a-small-car-from-the-land-of-clogs\/\" tabindex=\"-1\">\n\t\t\t<div class=\"elementor-post__thumbnail\"><img decoding=\"async\" width=\"2345\" height=\"1529\" src=\"https:\/\/mobilia.fi\/wp-content\/uploads\/2022\/03\/Moba443.jpg\" class=\"attachment-full size-full wp-image-6357\" alt=\"Suomalainen Daf-esite 1960-luvun puoliv\u00e4list\u00e4. Mobilian kokoelmat.\" srcset=\"https:\/\/mobilia.fi\/wp-content\/uploads\/2022\/03\/Moba443.jpg 2345w, https:\/\/mobilia.fi\/wp-content\/uploads\/2022\/03\/Moba443-300x196.jpg 300w, https:\/\/mobilia.fi\/wp-content\/uploads\/2022\/03\/Moba443-1024x668.jpg 1024w, https:\/\/mobilia.fi\/wp-content\/uploads\/2022\/03\/Moba443-768x501.jpg 768w, https:\/\/mobilia.fi\/wp-content\/uploads\/2022\/03\/Moba443-1536x1002.jpg 1536w, https:\/\/mobilia.fi\/wp-content\/uploads\/2022\/03\/Moba443-2048x1335.jpg 2048w\" sizes=\"(max-width: 2345px) 100vw, 2345px\" \/><\/div>\n\t\t<\/a>\n\t\t\t\t<div class=\"elementor-post__text\">\n\t\t\t\t<h2 class=\"elementor-post__title\">\n\t\t\t<a href=\"https:\/\/mobilia.fi\/fi\/2022\/03\/15\/a-small-car-from-the-land-of-clogs\/\">\n\t\t\t\tPieni auto puukenkien maasta &#8211; A small car from the land of clogs\t\t\t<\/a>\n\t\t<\/h2>\n\t\t\t\t<div class=\"elementor-post__meta-data\">\n\t\t\t\t\t<span class=\"elementor-post-date\">\n\t\t\t15.3.2022\t\t<\/span>\n\t\t\t\t<span class=\"elementor-post-avatar\">\n\t\t\tEi kommentteja\t\t<\/span>\n\t\t\t\t<\/div>\n\t\t\t\t<div class=\"elementor-post__excerpt\">\n\t\t\t<p>Kertomuksia teist\u00e4 -n\u00e4yttelyst\u00e4 l\u00f6yd\u00e4t pienen, hiukan eriskummallisen auton. Oheisen linkin kautta p\u00e4\u00e4set lukemaan Daf:n ja autokaupan tarinaa Suomessa. Tunnetko jo Daf:n? Pieni auto puukenkien maasta<\/p>\n\t\t<\/div>\n\t\t\n\t\t<a class=\"elementor-post__read-more\" href=\"https:\/\/mobilia.fi\/fi\/2022\/03\/15\/a-small-car-from-the-land-of-clogs\/\" aria-label=\"Read more about Pieni auto puukenkien maasta &#8211; A small car from the land of clogs\" tabindex=\"-1\">\n\t\t\tLue lis\u00e4\u00e4 \u00bb\t\t<\/a>\n\n\t\t\t\t<\/div>\n\t\t\t\t<\/article>\n\t\t\t\t<article class=\"elementor-post elementor-grid-item post-6339 post type-post status-publish format-standard has-post-thumbnail hentry category-kertomuksia-teista tag-yksityistie tag-tiekunta tag-suomen-tieyhdistys tag-tienpito tag-tienhoito tag-koulutus tag-tieosuuskunta tag-yhdistystoiminta tag-edunvalvonta\" role=\"listitem\">\n\t\t\t\t<a class=\"elementor-post__thumbnail__link\" href=\"https:\/\/mobilia.fi\/fi\/2022\/03\/15\/kertomuksia-teista-kumppanit-suomen-tieyhdistys-ry\/\" tabindex=\"-1\">\n\t\t\t<div class=\"elementor-post__thumbnail\"><img decoding=\"async\" width=\"1200\" height=\"841\" src=\"https:\/\/mobilia.fi\/wp-content\/uploads\/2022\/03\/Jussilan-taloon-johtava-metsatie-Tammelassa.-Kuva-Toivo-Kaukoranta-1928.-Museovirasto-Kansatieteen-kuvakokoelma-CC-BY-4.jpg\" class=\"attachment-full size-full wp-image-6348\" alt=\"Vanha kuva Jussilan taloon johtavasta mets\u00e4tiest\u00e4 Tammelassa.\" srcset=\"https:\/\/mobilia.fi\/wp-content\/uploads\/2022\/03\/Jussilan-taloon-johtava-metsatie-Tammelassa.-Kuva-Toivo-Kaukoranta-1928.-Museovirasto-Kansatieteen-kuvakokoelma-CC-BY-4.jpg 1200w, https:\/\/mobilia.fi\/wp-content\/uploads\/2022\/03\/Jussilan-taloon-johtava-metsatie-Tammelassa.-Kuva-Toivo-Kaukoranta-1928.-Museovirasto-Kansatieteen-kuvakokoelma-CC-BY-4-300x210.jpg 300w, https:\/\/mobilia.fi\/wp-content\/uploads\/2022\/03\/Jussilan-taloon-johtava-metsatie-Tammelassa.-Kuva-Toivo-Kaukoranta-1928.-Museovirasto-Kansatieteen-kuvakokoelma-CC-BY-4-1024x718.jpg 1024w, https:\/\/mobilia.fi\/wp-content\/uploads\/2022\/03\/Jussilan-taloon-johtava-metsatie-Tammelassa.-Kuva-Toivo-Kaukoranta-1928.-Museovirasto-Kansatieteen-kuvakokoelma-CC-BY-4-768x538.jpg 768w\" sizes=\"(max-width: 1200px) 100vw, 1200px\" \/><\/div>\n\t\t<\/a>\n\t\t\t\t<div class=\"elementor-post__text\">\n\t\t\t\t<h2 class=\"elementor-post__title\">\n\t\t\t<a href=\"https:\/\/mobilia.fi\/fi\/2022\/03\/15\/kertomuksia-teista-kumppanit-suomen-tieyhdistys-ry\/\">\n\t\t\t\tKertomuksia teist\u00e4 -kumppanit: Suomen Tieyhdistys ry\t\t\t<\/a>\n\t\t<\/h2>\n\t\t\t\t<div class=\"elementor-post__meta-data\">\n\t\t\t\t\t<span class=\"elementor-post-date\">\n\t\t\t15.3.2022\t\t<\/span>\n\t\t\t\t<span class=\"elementor-post-avatar\">\n\t\t\tEi kommentteja\t\t<\/span>\n\t\t\t\t<\/div>\n\t\t\t\t<div class=\"elementor-post__excerpt\">\n\t\t\t<p>Suomen Tieyhdistys ja Suomen tie \u201dHyvien ajoteiden merkitys taloudellisessa suhteessa on v\u00e4hint\u00e4\u00e4n yht\u00e4 t\u00e4rke\u00e4 kuin kysymys kenelle teiden rakentaminen ja kunnossapito kuuluu. Eiv\u00e4t ainoastaan teill\u00e4<\/p>\n\t\t<\/div>\n\t\t\n\t\t<a class=\"elementor-post__read-more\" href=\"https:\/\/mobilia.fi\/fi\/2022\/03\/15\/kertomuksia-teista-kumppanit-suomen-tieyhdistys-ry\/\" aria-label=\"Read more about Kertomuksia teist\u00e4 -kumppanit: Suomen Tieyhdistys ry\" tabindex=\"-1\">\n\t\t\tLue lis\u00e4\u00e4 \u00bb\t\t<\/a>\n\n\t\t\t\t<\/div>\n\t\t\t\t<\/article>\n\t\t\t\t<article class=\"elementor-post elementor-grid-item post-6330 post type-post status-publish format-standard has-post-thumbnail hentry category-kertomuksia-teista tag-tietyo tag-infrastruktuuri tag-maarakennus tag-tyokoneet tag-infra-ry tag-kumppanuus\" role=\"listitem\">\n\t\t\t\t<a class=\"elementor-post__thumbnail__link\" href=\"https:\/\/mobilia.fi\/fi\/2022\/03\/15\/kertomuksia-teista-kumppanit-infra-ry\/\" tabindex=\"-1\">\n\t\t\t<div class=\"elementor-post__thumbnail\"><img loading=\"lazy\" decoding=\"async\" width=\"512\" height=\"373\" src=\"https:\/\/mobilia.fi\/wp-content\/uploads\/2022\/03\/Oy-Betoni-Abn-betoninlevityskone-TH-278.jpg\" class=\"attachment-full size-full wp-image-6331\" alt=\"Vanha mustavalkoinen kuva betoninlevityskoneesta.\" srcset=\"https:\/\/mobilia.fi\/wp-content\/uploads\/2022\/03\/Oy-Betoni-Abn-betoninlevityskone-TH-278.jpg 512w, https:\/\/mobilia.fi\/wp-content\/uploads\/2022\/03\/Oy-Betoni-Abn-betoninlevityskone-TH-278-300x219.jpg 300w\" sizes=\"(max-width: 512px) 100vw, 512px\" \/><\/div>\n\t\t<\/a>\n\t\t\t\t<div class=\"elementor-post__text\">\n\t\t\t\t<h2 class=\"elementor-post__title\">\n\t\t\t<a href=\"https:\/\/mobilia.fi\/fi\/2022\/03\/15\/kertomuksia-teista-kumppanit-infra-ry\/\">\n\t\t\t\tKertomuksia teist\u00e4 -kumppanit: Infra ry\t\t\t<\/a>\n\t\t<\/h2>\n\t\t\t\t<div class=\"elementor-post__meta-data\">\n\t\t\t\t\t<span class=\"elementor-post-date\">\n\t\t\t15.3.2022\t\t<\/span>\n\t\t\t\t<span class=\"elementor-post-avatar\">\n\t\t\tEi kommentteja\t\t<\/span>\n\t\t\t\t<\/div>\n\t\t\t\t<div class=\"elementor-post__excerpt\">\n\t\t\t<p>Me haistamme, mist\u00e4 rakennusalalla\u00a0tuulee \u00a0 SUOMESSA\u00a0on yli 100\u00a0000 toimivaa yhdistyst\u00e4. Moni niist\u00e4 on liikkeell\u00e4 t\u00e4rke\u00e4ll\u00e4 asialla. Jotkut, kuten\u00a0yhdistyksen perustaneet Markku-nimiset\u00a0toki pilke silm\u00e4kulmassa. Multaa kynsien alla<\/p>\n\t\t<\/div>\n\t\t\n\t\t<a class=\"elementor-post__read-more\" href=\"https:\/\/mobilia.fi\/fi\/2022\/03\/15\/kertomuksia-teista-kumppanit-infra-ry\/\" aria-label=\"Read more about Kertomuksia teist\u00e4 -kumppanit: Infra ry\" tabindex=\"-1\">\n\t\t\tLue lis\u00e4\u00e4 \u00bb\t\t<\/a>\n\n\t\t\t\t<\/div>\n\t\t\t\t<\/article>\n\t\t\t\t<article class=\"elementor-post elementor-grid-item post-6314 post type-post status-publish format-standard has-post-thumbnail hentry category-kertomuksia-teista tag-tieliikenne tag-yhteiskayttoliikenne tag-maas tag-sahkopotkulauta tag-yhteiskayttoauto tag-kaupunkipyorat\" role=\"listitem\">\n\t\t\t\t<a class=\"elementor-post__thumbnail__link\" href=\"https:\/\/mobilia.fi\/fi\/2022\/03\/15\/yhteinen-kaytto-ja-yksityiset-tarpeet\/\" tabindex=\"-1\">\n\t\t\t<div class=\"elementor-post__thumbnail\"><img loading=\"lazy\" decoding=\"async\" width=\"2560\" height=\"1707\" src=\"https:\/\/mobilia.fi\/wp-content\/uploads\/2022\/03\/Kaksi-sahkopotkulautaa-Kauppatorin-rannassa.-Pekka-Vyhtinen-2019.-HKM-CC-BY-4.0-scaled.jpg\" class=\"attachment-full size-full wp-image-6319\" alt=\"Kaksi s\u00e4hk\u00f6potkulautaa Kauppatorin rannassa. Voi -s\u00e4hk\u00f6potkulaudat ovat punaiset. Potkulautojen takana k\u00e4velee ihminen.\" srcset=\"https:\/\/mobilia.fi\/wp-content\/uploads\/2022\/03\/Kaksi-sahkopotkulautaa-Kauppatorin-rannassa.-Pekka-Vyhtinen-2019.-HKM-CC-BY-4.0-scaled.jpg 2560w, https:\/\/mobilia.fi\/wp-content\/uploads\/2022\/03\/Kaksi-sahkopotkulautaa-Kauppatorin-rannassa.-Pekka-Vyhtinen-2019.-HKM-CC-BY-4.0-300x200.jpg 300w, https:\/\/mobilia.fi\/wp-content\/uploads\/2022\/03\/Kaksi-sahkopotkulautaa-Kauppatorin-rannassa.-Pekka-Vyhtinen-2019.-HKM-CC-BY-4.0-1024x683.jpg 1024w, https:\/\/mobilia.fi\/wp-content\/uploads\/2022\/03\/Kaksi-sahkopotkulautaa-Kauppatorin-rannassa.-Pekka-Vyhtinen-2019.-HKM-CC-BY-4.0-768x512.jpg 768w, https:\/\/mobilia.fi\/wp-content\/uploads\/2022\/03\/Kaksi-sahkopotkulautaa-Kauppatorin-rannassa.-Pekka-Vyhtinen-2019.-HKM-CC-BY-4.0-1536x1024.jpg 1536w, https:\/\/mobilia.fi\/wp-content\/uploads\/2022\/03\/Kaksi-sahkopotkulautaa-Kauppatorin-rannassa.-Pekka-Vyhtinen-2019.-HKM-CC-BY-4.0-2048x1365.jpg 2048w\" sizes=\"(max-width: 2560px) 100vw, 2560px\" \/><\/div>\n\t\t<\/a>\n\t\t\t\t<div class=\"elementor-post__text\">\n\t\t\t\t<h2 class=\"elementor-post__title\">\n\t\t\t<a href=\"https:\/\/mobilia.fi\/fi\/2022\/03\/15\/yhteinen-kaytto-ja-yksityiset-tarpeet\/\">\n\t\t\t\tYhteinen k\u00e4ytt\u00f6 ja yksityiset tarpeet\t\t\t<\/a>\n\t\t<\/h2>\n\t\t\t\t<div class=\"elementor-post__meta-data\">\n\t\t\t\t\t<span class=\"elementor-post-date\">\n\t\t\t15.3.2022\t\t<\/span>\n\t\t\t\t<span class=\"elementor-post-avatar\">\n\t\t\tEi kommentteja\t\t<\/span>\n\t\t\t\t<\/div>\n\t\t\t\t<div class=\"elementor-post__excerpt\">\n\t\t\t<p>Tiivistyv\u00e4n kaupunkiasumisen ja ilmastokriisin my\u00f6t\u00e4 2020-luvulle tultaessa on l\u00e4nsimaissa tuotu palvelumuotoilun keinon tarjolle monenlaisten kestohy\u00f6dykkeiden vuokraus- ja lainapalveluita. Yhteisk\u00e4ytt\u00f6isyys kuvataan vaihtoehdoksi omistamiselle. Se eroaa perinteisemmist\u00e4<\/p>\n\t\t<\/div>\n\t\t\n\t\t<a class=\"elementor-post__read-more\" href=\"https:\/\/mobilia.fi\/fi\/2022\/03\/15\/yhteinen-kaytto-ja-yksityiset-tarpeet\/\" aria-label=\"Read more about Yhteinen k\u00e4ytt\u00f6 ja yksityiset tarpeet\" tabindex=\"-1\">\n\t\t\tLue lis\u00e4\u00e4 \u00bb\t\t<\/a>\n\n\t\t\t\t<\/div>\n\t\t\t\t<\/article>\n\t\t\t\t<article class=\"elementor-post elementor-grid-item post-6285 post type-post status-publish format-standard has-post-thumbnail hentry category-kertomuksia-teista tag-vesiliikenne tag-tieliikenne tag-rautatiet tag-autonomian-aika\" role=\"listitem\">\n\t\t\t\t<a class=\"elementor-post__thumbnail__link\" href=\"https:\/\/mobilia.fi\/fi\/2022\/03\/15\/liikennepolitiikan-synty\/\" tabindex=\"-1\">\n\t\t\t<div class=\"elementor-post__thumbnail\"><img loading=\"lazy\" decoding=\"async\" width=\"2560\" height=\"1726\" src=\"https:\/\/mobilia.fi\/wp-content\/uploads\/2022\/03\/Osio-3.2-Lempaala-1-scaled.jpg\" class=\"attachment-full size-full wp-image-6290\" alt=\"Lemp\u00e4\u00e4l\u00e4n mustavalkoinen siltakuva, joka kuvataan joen vierest\u00e4 ihmisen silm\u00e4nkorkeudelta. Kuvassa n\u00e4kyy silta, jonka alla kulkee kivetysreunainen joki.\" srcset=\"https:\/\/mobilia.fi\/wp-content\/uploads\/2022\/03\/Osio-3.2-Lempaala-1-scaled.jpg 2560w, https:\/\/mobilia.fi\/wp-content\/uploads\/2022\/03\/Osio-3.2-Lempaala-1-300x202.jpg 300w, https:\/\/mobilia.fi\/wp-content\/uploads\/2022\/03\/Osio-3.2-Lempaala-1-1024x690.jpg 1024w, https:\/\/mobilia.fi\/wp-content\/uploads\/2022\/03\/Osio-3.2-Lempaala-1-768x518.jpg 768w, https:\/\/mobilia.fi\/wp-content\/uploads\/2022\/03\/Osio-3.2-Lempaala-1-1536x1035.jpg 1536w, https:\/\/mobilia.fi\/wp-content\/uploads\/2022\/03\/Osio-3.2-Lempaala-1-2048x1381.jpg 2048w\" sizes=\"(max-width: 2560px) 100vw, 2560px\" \/><\/div>\n\t\t<\/a>\n\t\t\t\t<div class=\"elementor-post__text\">\n\t\t\t\t<h2 class=\"elementor-post__title\">\n\t\t\t<a href=\"https:\/\/mobilia.fi\/fi\/2022\/03\/15\/liikennepolitiikan-synty\/\">\n\t\t\t\tLiikennepolitiikan synty\t\t\t<\/a>\n\t\t<\/h2>\n\t\t\t\t<div class=\"elementor-post__meta-data\">\n\t\t\t\t\t<span class=\"elementor-post-date\">\n\t\t\t15.3.2022\t\t<\/span>\n\t\t\t\t<span class=\"elementor-post-avatar\">\n\t\t\tEi kommentteja\t\t<\/span>\n\t\t\t\t<\/div>\n\t\t\t\t<div class=\"elementor-post__excerpt\">\n\t\t\t<p>Tarpeet synnytt\u00e4v\u00e4t v\u00e4yli\u00e4, mutta v\u00e4yl\u00e4t luovat my\u00f6s mahdollisuuksia. Ennen historiallista aikaa Suomessa oli hyvin v\u00e4h\u00e4n ihmisi\u00e4, ja heid\u00e4n liikkumisensa perustui luonnon tarjoamiin mahdollisuuksiin; mahdollisuuksiin, joita<\/p>\n\t\t<\/div>\n\t\t\n\t\t<a class=\"elementor-post__read-more\" href=\"https:\/\/mobilia.fi\/fi\/2022\/03\/15\/liikennepolitiikan-synty\/\" aria-label=\"Read more about Liikennepolitiikan synty\" tabindex=\"-1\">\n\t\t\tLue lis\u00e4\u00e4 \u00bb\t\t<\/a>\n\n\t\t\t\t<\/div>\n\t\t\t\t<\/article>\n\t\t\t\t<article class=\"elementor-post elementor-grid-item post-6240 post type-post status-publish format-standard has-post-thumbnail hentry category-kertomuksia-teista tag-tieliikenne tag-kulttuurihistoria tag-ruotsin-vallan-aika\" role=\"listitem\">\n\t\t\t\t<a class=\"elementor-post__thumbnail__link\" href=\"https:\/\/mobilia.fi\/fi\/2022\/03\/01\/maanteiden-aika\/\" tabindex=\"-1\">\n\t\t\t<div class=\"elementor-post__thumbnail\"><img loading=\"lazy\" decoding=\"async\" width=\"1184\" height=\"856\" src=\"https:\/\/mobilia.fi\/wp-content\/uploads\/2022\/03\/Maantie-Suomessa.png\" class=\"attachment-full size-full wp-image-6247\" alt=\"Suomalaista hiekkatiet\u00e4 pitkin kulkee hevosk\u00e4rryll\u00e4 nainen, jolla on punainen huivi p\u00e4\u00e4ss\u00e4. Maisemassa on m\u00e4ntyj\u00e4, joiden v\u00e4liin tie kaartuu. Oikeassa reunassa siint\u00e4\u00e4 j\u00e4rvimaisema.\" srcset=\"https:\/\/mobilia.fi\/wp-content\/uploads\/2022\/03\/Maantie-Suomessa.png 1184w, https:\/\/mobilia.fi\/wp-content\/uploads\/2022\/03\/Maantie-Suomessa-300x217.png 300w, https:\/\/mobilia.fi\/wp-content\/uploads\/2022\/03\/Maantie-Suomessa-1024x740.png 1024w, https:\/\/mobilia.fi\/wp-content\/uploads\/2022\/03\/Maantie-Suomessa-768x555.png 768w\" sizes=\"(max-width: 1184px) 100vw, 1184px\" \/><\/div>\n\t\t<\/a>\n\t\t\t\t<div class=\"elementor-post__text\">\n\t\t\t\t<h2 class=\"elementor-post__title\">\n\t\t\t<a href=\"https:\/\/mobilia.fi\/fi\/2022\/03\/01\/maanteiden-aika\/\">\n\t\t\t\tMaanteiden aika\t\t\t<\/a>\n\t\t<\/h2>\n\t\t\t\t<div class=\"elementor-post__meta-data\">\n\t\t\t\t\t<span class=\"elementor-post-date\">\n\t\t\t1.3.2022\t\t<\/span>\n\t\t\t\t<span class=\"elementor-post-avatar\">\n\t\t\tEi kommentteja\t\t<\/span>\n\t\t\t\t<\/div>\n\t\t\t\t<div class=\"elementor-post__excerpt\">\n\t\t\t<p>Nykyhetkess\u00e4 oletamme yleens\u00e4, ett\u00e4 p\u00e4\u00e4semme tiet\u00e4 pitkin haluaamme paikkaan turvallisesti, vaivattomasti ja nopeasti. Teiden ulottumattomissa olevat paikat ovat luontokohteita, el\u00e4myksi\u00e4 ja ei-paikkoja. Valta- ja kantatieverkot<\/p>\n\t\t<\/div>\n\t\t\n\t\t<a class=\"elementor-post__read-more\" href=\"https:\/\/mobilia.fi\/fi\/2022\/03\/01\/maanteiden-aika\/\" aria-label=\"Read more about Maanteiden aika\" tabindex=\"-1\">\n\t\t\tLue lis\u00e4\u00e4 \u00bb\t\t<\/a>\n\n\t\t\t\t<\/div>\n\t\t\t\t<\/article>\n\t\t\t\t<article class=\"elementor-post elementor-grid-item post-6213 post type-post status-publish format-standard has-post-thumbnail hentry category-kertomuksia-teista category-liikkuva-kulttuuriperinto\" role=\"listitem\">\n\t\t\t\t<a class=\"elementor-post__thumbnail__link\" href=\"https:\/\/mobilia.fi\/fi\/2022\/03\/01\/hevoset-harat-ja-ajokalut\/\" tabindex=\"-1\">\n\t\t\t<div class=\"elementor-post__thumbnail\"><img loading=\"lazy\" decoding=\"async\" width=\"391\" height=\"593\" src=\"https:\/\/mobilia.fi\/wp-content\/uploads\/2022\/03\/hevonen-aitauksessa-Jyllila.png\" class=\"attachment-full size-full wp-image-6234\" alt=\"Mustavalkoinen kuva hevosesta aitauksessa. Hevonen katsoo suoraan kameraan puisen aitauksen yli. Hevosen valkoinen harja hulmuaa tuulessa.\" srcset=\"https:\/\/mobilia.fi\/wp-content\/uploads\/2022\/03\/hevonen-aitauksessa-Jyllila.png 391w, https:\/\/mobilia.fi\/wp-content\/uploads\/2022\/03\/hevonen-aitauksessa-Jyllila-198x300.png 198w\" sizes=\"(max-width: 391px) 100vw, 391px\" \/><\/div>\n\t\t<\/a>\n\t\t\t\t<div class=\"elementor-post__text\">\n\t\t\t\t<h2 class=\"elementor-post__title\">\n\t\t\t<a href=\"https:\/\/mobilia.fi\/fi\/2022\/03\/01\/hevoset-harat-ja-ajokalut\/\">\n\t\t\t\tHevoset, h\u00e4r\u00e4t ja ajokalut\t\t\t<\/a>\n\t\t<\/h2>\n\t\t\t\t<div class=\"elementor-post__meta-data\">\n\t\t\t\t\t<span class=\"elementor-post-date\">\n\t\t\t1.3.2022\t\t<\/span>\n\t\t\t\t<span class=\"elementor-post-avatar\">\n\t\t\tEi kommentteja\t\t<\/span>\n\t\t\t\t<\/div>\n\t\t\t\t<div class=\"elementor-post__excerpt\">\n\t\t\t<p>V\u00e4hint\u00e4\u00e4n keskiajalta asti hevonen on ollut merkitt\u00e4v\u00e4 kuljetus- ja ty\u00f6v\u00e4line sodassa, kaupank\u00e4ynniss\u00e4, henkil\u00f6liikenteess\u00e4 ja maataloudessa. Ratsuv\u00e4en katselmustietojen ja s\u00e4ilyneiden veto- ja ratsastusvarusteiden perusteella tiedet\u00e4\u00e4n, ett\u00e4<\/p>\n\t\t<\/div>\n\t\t\n\t\t<a class=\"elementor-post__read-more\" href=\"https:\/\/mobilia.fi\/fi\/2022\/03\/01\/hevoset-harat-ja-ajokalut\/\" aria-label=\"Read more about Hevoset, h\u00e4r\u00e4t ja ajokalut\" tabindex=\"-1\">\n\t\t\tLue lis\u00e4\u00e4 \u00bb\t\t<\/a>\n\n\t\t\t\t<\/div>\n\t\t\t\t<\/article>\n\t\t\t\t<article class=\"elementor-post elementor-grid-item post-6198 post type-post status-publish format-standard has-post-thumbnail hentry category-kertomuksia-teista tag-menneisyys tag-kulttuuriperinto tag-tieliikenne tag-liikkuminen tag-sukset\" role=\"listitem\">\n\t\t\t\t<a class=\"elementor-post__thumbnail__link\" href=\"https:\/\/mobilia.fi\/fi\/2022\/03\/01\/muinaiset-kulkuneuvot\/\" tabindex=\"-1\">\n\t\t\t<div class=\"elementor-post__thumbnail\"><img loading=\"lazy\" decoding=\"async\" width=\"1642\" height=\"1181\" src=\"https:\/\/mobilia.fi\/wp-content\/uploads\/2022\/03\/Osio-1-hiihtaja.jpg\" class=\"attachment-full size-full wp-image-6199\" alt=\"Muinaissuksilla hiiht\u00e4v\u00e4 henkil\u00f6 valkeissa vaatteissa. Henkil\u00f6 hiiht\u00e4\u00e4 j\u00e4rven j\u00e4\u00e4ll\u00e4.\" srcset=\"https:\/\/mobilia.fi\/wp-content\/uploads\/2022\/03\/Osio-1-hiihtaja.jpg 1642w, https:\/\/mobilia.fi\/wp-content\/uploads\/2022\/03\/Osio-1-hiihtaja-300x216.jpg 300w, https:\/\/mobilia.fi\/wp-content\/uploads\/2022\/03\/Osio-1-hiihtaja-1024x737.jpg 1024w, https:\/\/mobilia.fi\/wp-content\/uploads\/2022\/03\/Osio-1-hiihtaja-768x552.jpg 768w, https:\/\/mobilia.fi\/wp-content\/uploads\/2022\/03\/Osio-1-hiihtaja-1536x1105.jpg 1536w\" sizes=\"(max-width: 1642px) 100vw, 1642px\" \/><\/div>\n\t\t<\/a>\n\t\t\t\t<div class=\"elementor-post__text\">\n\t\t\t\t<h2 class=\"elementor-post__title\">\n\t\t\t<a href=\"https:\/\/mobilia.fi\/fi\/2022\/03\/01\/muinaiset-kulkuneuvot\/\">\n\t\t\t\tMuinaiset kulkuneuvot\t\t\t<\/a>\n\t\t<\/h2>\n\t\t\t\t<div class=\"elementor-post__meta-data\">\n\t\t\t\t\t<span class=\"elementor-post-date\">\n\t\t\t1.3.2022\t\t<\/span>\n\t\t\t\t<span class=\"elementor-post-avatar\">\n\t\t\tEi kommentteja\t\t<\/span>\n\t\t\t\t<\/div>\n\t\t\t\t<div class=\"elementor-post__excerpt\">\n\t\t\t<p>Meill\u00e4 on usein viihteen luomia mielikuvia menneisyyden kulkuneuvoista, mutta kuinka hyvin ne pit\u00e4v\u00e4t paikkaansa? Miten kuljettiin &#8211; ja ennen kaikkea &#8211; miksi? T\u00e4m\u00e4 kirjoitus avaa<\/p>\n\t\t<\/div>\n\t\t\n\t\t<a class=\"elementor-post__read-more\" href=\"https:\/\/mobilia.fi\/fi\/2022\/03\/01\/muinaiset-kulkuneuvot\/\" aria-label=\"Read more about Muinaiset kulkuneuvot\" tabindex=\"-1\">\n\t\t\tLue lis\u00e4\u00e4 \u00bb\t\t<\/a>\n\n\t\t\t\t<\/div>\n\t\t\t\t<\/article>\n\t\t\t\t<\/div>\n\t\t\n\t\t\t\t\t\t<\/div>\n\t\t\t\t<\/div>\n\t\t\t\t\t<\/div>\n\t\t<\/div>\n\t\t\t\t\t<\/div>\n\t\t<\/section>\n\t\t\t\t<\/div>\n\t\t","protected":false},"excerpt":{"rendered":"<p>Blogi Ajankohtaista luettavaa.<\/p>\n","protected":false},"author":1,"featured_media":0,"parent":0,"menu_order":17,"comment_status":"closed","ping_status":"closed","template":"","meta":{"_acf_changed":false,"inline_featured_image":false,"footnotes":""},"class_list":["post-20","page","type-page","status-publish","hentry"],"acf":[],"_links":{"self":[{"href":"https:\/\/mobilia.fi\/fi\/wp-json\/wp\/v2\/pages\/20","targetHints":{"allow":["GET"]}}],"collection":[{"href":"https:\/\/mobilia.fi\/fi\/wp-json\/wp\/v2\/pages"}],"about":[{"href":"https:\/\/mobilia.fi\/fi\/wp-json\/wp\/v2\/types\/page"}],"author":[{"embeddable":true,"href":"https:\/\/mobilia.fi\/fi\/wp-json\/wp\/v2\/users\/1"}],"replies":[{"embeddable":true,"href":"https:\/\/mobilia.fi\/fi\/wp-json\/wp\/v2\/comments?post=20"}],"version-history":[{"count":49,"href":"https:\/\/mobilia.fi\/fi\/wp-json\/wp\/v2\/pages\/20\/revisions"}],"predecessor-version":[{"id":6196,"href":"https:\/\/mobilia.fi\/fi\/wp-json\/wp\/v2\/pages\/20\/revisions\/6196"}],"wp:attachment":[{"href":"https:\/\/mobilia.fi\/fi\/wp-json\/wp\/v2\/media?parent=20"}],"curies":[{"name":"wp","href":"https:\/\/api.w.org\/{rel}","templated":true}]}}