{"id":2156,"date":"2020-11-17T15:26:11","date_gmt":"2020-11-17T13:26:11","guid":{"rendered":"https:\/\/mobilia.fi\/?page_id=2156"},"modified":"2021-12-21T11:39:02","modified_gmt":"2021-12-21T09:39:02","slug":"rallimuseon-taustavoimat","status":"publish","type":"page","link":"https:\/\/mobilia.fi\/fi\/museo\/rallimuseon-taustavoimat\/","title":{"rendered":"Rallimuseon taustavoimat"},"content":{"rendered":"\t\t<div data-elementor-type=\"wp-page\" data-elementor-id=\"2156\" class=\"elementor elementor-2156\" data-elementor-post-type=\"page\">\n\t\t\t\t\t\t<section class=\"elementor-section elementor-top-section elementor-element elementor-element-4b21f7c8 elementor-section-height-min-height elementor-section-boxed elementor-section-height-default elementor-section-items-middle\" data-id=\"4b21f7c8\" data-element_type=\"section\" data-e-type=\"section\" data-settings=\"{&quot;background_background&quot;:&quot;classic&quot;}\">\n\t\t\t\t\t\t\t<div class=\"elementor-background-overlay\"><\/div>\n\t\t\t\t\t\t\t<div class=\"elementor-container elementor-column-gap-default\">\n\t\t\t\t\t<div class=\"elementor-column elementor-col-100 elementor-top-column elementor-element elementor-element-4816a63d\" data-id=\"4816a63d\" data-element_type=\"column\" data-e-type=\"column\">\n\t\t\t<div class=\"elementor-widget-wrap elementor-element-populated\">\n\t\t\t\t\t\t<div class=\"elementor-element elementor-element-35e2619 elementor-widget elementor-widget-text-editor\" data-id=\"35e2619\" data-element_type=\"widget\" data-e-type=\"widget\" data-widget_type=\"text-editor.default\">\n\t\t\t\t<div class=\"elementor-widget-container\">\n\t\t\t\t\t\t\t\t\t<h1>Rallimuseon taustavoimat<\/h1><p>Rallikansa museon tukena<\/p>\t\t\t\t\t\t\t\t<\/div>\n\t\t\t\t<\/div>\n\t\t\t\t\t<\/div>\n\t\t<\/div>\n\t\t\t\t\t<\/div>\n\t\t<\/section>\n\t\t\t\t<section class=\"elementor-section elementor-top-section elementor-element elementor-element-38f7cad elementor-section-boxed elementor-section-height-default elementor-section-height-default\" data-id=\"38f7cad\" data-element_type=\"section\" data-e-type=\"section\">\n\t\t\t\t\t\t<div class=\"elementor-container elementor-column-gap-default\">\n\t\t\t\t\t<div class=\"elementor-column elementor-col-50 elementor-top-column elementor-element elementor-element-910bc98\" data-id=\"910bc98\" data-element_type=\"column\" data-e-type=\"column\">\n\t\t\t<div class=\"elementor-widget-wrap elementor-element-populated\">\n\t\t\t\t\t\t<div class=\"elementor-element elementor-element-93cd23b elementor-widget elementor-widget-text-editor\" data-id=\"93cd23b\" data-element_type=\"widget\" data-e-type=\"widget\" data-widget_type=\"text-editor.default\">\n\t\t\t\t<div class=\"elementor-widget-container\">\n\t\t\t\t\t\t\t\t\t<p>Ralliurheilu tuli osaksi Mobilian n\u00e4yttelytarjontaa 29.4.2010, kun <a href=\"https:\/\/mobilia.fi\/nayttely\/rally-hall-of-fame\/\">Rally Hall of Fame<\/a> avattiin Autoglym Galleryyn. Kun suomalainen rallikansa sai kokonaan oman museonsa Mobilian Keskustalon laajennussiipeen 17.6.2016, Hall of Fame siirtyi <a href=\"https:\/\/mobilia.fi\/nayttely\/rallimuseo\/\">Rallimuseon<\/a> osaksi.<\/p><p>Rallimuseon toteuttamiseksi Mobilia j\u00e4rjesti joukkorahoituskampanjan suomalaisessa yhteis\u00f6rahoituspalvelussa Mesenaatissa. Kampanja oli k\u00e4ynniss\u00e4 28.1.-8.5.2016 v\u00e4lisen\u00e4 aikana, ja se ker\u00e4si yhteens\u00e4 86 420 euroa. Kyseess\u00e4 oli tuolloin suurin vastikkeellisella joukkorahoituskampanjalla ker\u00e4tty summa ikin\u00e4. Joukkorahoituksen tuotot k\u00e4ytettiin Rallimuseon rakentamiseen ja yll\u00e4pit\u00e4miseen.<\/p><p>Rallimuseon joukkorahoituskampanjaan osallistui 378 mesenaattia, joiden joukossa oli niin rallifaneja kuin autourheiluun liittyvi\u00e4 yrityksi\u00e4 ja yhteis\u00f6j\u00e4. Tutustu <a href=\"https:\/\/mobilia.fi\/museo\/rallimuseon-tukijat\/\">Rallimuseon tukijoihin t\u00e4st\u00e4.<\/a><\/p>\t\t\t\t\t\t\t\t<\/div>\n\t\t\t\t<\/div>\n\t\t\t\t\t<\/div>\n\t\t<\/div>\n\t\t\t\t<div class=\"elementor-column elementor-col-50 elementor-top-column elementor-element elementor-element-36a5d53\" data-id=\"36a5d53\" data-element_type=\"column\" data-e-type=\"column\">\n\t\t\t<div class=\"elementor-widget-wrap elementor-element-populated\">\n\t\t\t\t\t\t<div class=\"elementor-element elementor-element-7063e10 elementor-widget elementor-widget-image\" data-id=\"7063e10\" data-element_type=\"widget\" data-e-type=\"widget\" data-widget_type=\"image.default\">\n\t\t\t\t<div class=\"elementor-widget-container\">\n\t\t\t\t\t\t\t\t\t\t\t\t\t\t\t<img fetchpriority=\"high\" decoding=\"async\" width=\"629\" height=\"423\" src=\"https:\/\/mobilia.fi\/wp-content\/uploads\/2020\/11\/1_web.jpg\" class=\"attachment-large size-large wp-image-2231\" alt=\"Mobilia n\u00e4yttelyt\" srcset=\"https:\/\/mobilia.fi\/wp-content\/uploads\/2020\/11\/1_web.jpg 629w, https:\/\/mobilia.fi\/wp-content\/uploads\/2020\/11\/1_web-300x202.jpg 300w\" sizes=\"(max-width: 629px) 100vw, 629px\" \/>\t\t\t\t\t\t\t\t\t\t\t\t\t\t\t<\/div>\n\t\t\t\t<\/div>\n\t\t\t\t\t<\/div>\n\t\t<\/div>\n\t\t\t\t\t<\/div>\n\t\t<\/section>\n\t\t\t\t<section class=\"elementor-section elementor-top-section elementor-element elementor-element-5629a55 elementor-section-boxed elementor-section-height-default elementor-section-height-default\" data-id=\"5629a55\" data-element_type=\"section\" data-e-type=\"section\">\n\t\t\t\t\t\t<div class=\"elementor-container elementor-column-gap-default\">\n\t\t\t\t\t<div class=\"elementor-column elementor-col-50 elementor-top-column elementor-element elementor-element-d06ce49\" data-id=\"d06ce49\" data-element_type=\"column\" data-e-type=\"column\">\n\t\t\t<div class=\"elementor-widget-wrap elementor-element-populated\">\n\t\t\t\t\t\t<div class=\"elementor-element elementor-element-2930db1 elementor-widget elementor-widget-text-editor\" data-id=\"2930db1\" data-element_type=\"widget\" data-e-type=\"widget\" data-widget_type=\"text-editor.default\">\n\t\t\t\t<div class=\"elementor-widget-container\">\n\t\t\t\t\t\t\t\t\t<h3><span style=\"color: #009cdf;\">Simo Lampinen Rallimuseon suojelija<\/span><\/h3><p>Rallin nelinkertainen Suomen mestari Simo Lampinen on Rallimuseon suojelija. H\u00e4n on tehnyt pitk\u00e4n uran ralliautoilun parissa niin kuskina kuin j\u00e4rjest\u00f6teht\u00e4viss\u00e4. Rallimuseon suojelijana Lampinen edustaa Rallimuseota meill\u00e4 ja maailmalla.<\/p><h3><span style=\"color: #009cdf;\">Rallimuseon yst\u00e4v\u00e4t -yhdistys<\/span><\/h3><p>Jos haluat l\u00e4hte\u00e4 Rallimuseon taustavaikuttajaksi ja tukea toimintaa, Rallimuseon yst\u00e4v\u00e4t -yhdistys on aloittanut toimintansa vuonna 2020. <br \/><a href=\"https:\/\/mobilia.fi\/museo\/rallimuseon-ystavat\/\">Liity mukaan!<\/a><\/p>\t\t\t\t\t\t\t\t<\/div>\n\t\t\t\t<\/div>\n\t\t\t\t\t<\/div>\n\t\t<\/div>\n\t\t\t\t<div class=\"elementor-column elementor-col-50 elementor-top-column elementor-element elementor-element-ea35699\" data-id=\"ea35699\" data-element_type=\"column\" data-e-type=\"column\">\n\t\t\t<div class=\"elementor-widget-wrap elementor-element-populated\">\n\t\t\t\t\t\t<div class=\"elementor-element elementor-element-ef6dedd elementor-widget elementor-widget-image\" data-id=\"ef6dedd\" data-element_type=\"widget\" data-e-type=\"widget\" data-widget_type=\"image.default\">\n\t\t\t\t<div class=\"elementor-widget-container\">\n\t\t\t\t\t\t\t\t\t\t\t\t\t\t\t<img decoding=\"async\" width=\"800\" height=\"534\" src=\"https:\/\/mobilia.fi\/wp-content\/uploads\/2021\/01\/rallimuseo_avajaiset_petrakotro-3-pieni.jpg\" class=\"attachment-large size-large wp-image-3325\" alt=\"Simo Lampinen sini-valkoisen rallisaabin vieress\u00e4 Rallimuseossa.\" srcset=\"https:\/\/mobilia.fi\/wp-content\/uploads\/2021\/01\/rallimuseo_avajaiset_petrakotro-3-pieni.jpg 1024w, https:\/\/mobilia.fi\/wp-content\/uploads\/2021\/01\/rallimuseo_avajaiset_petrakotro-3-pieni-300x200.jpg 300w, https:\/\/mobilia.fi\/wp-content\/uploads\/2021\/01\/rallimuseo_avajaiset_petrakotro-3-pieni-768x512.jpg 768w\" sizes=\"(max-width: 800px) 100vw, 800px\" \/>\t\t\t\t\t\t\t\t\t\t\t\t\t\t\t<\/div>\n\t\t\t\t<\/div>\n\t\t\t\t\t<\/div>\n\t\t<\/div>\n\t\t\t\t\t<\/div>\n\t\t<\/section>\n\t\t\t\t<\/div>\n\t\t","protected":false},"excerpt":{"rendered":"<p>Rallimuseon taustavoimat Rallikansa museon tukena Ralliurheilu tuli osaksi Mobilian n\u00e4yttelytarjontaa 29.4.2010, kun Rally Hall of Fame avattiin Autoglym Galleryyn. Kun suomalainen rallikansa sai kokonaan oman museonsa Mobilian Keskustalon laajennussiipeen 17.6.2016, Hall of Fame siirtyi Rallimuseon osaksi. Rallimuseon toteuttamiseksi Mobilia j\u00e4rjesti joukkorahoituskampanjan suomalaisessa yhteis\u00f6rahoituspalvelussa Mesenaatissa. Kampanja oli k\u00e4ynniss\u00e4 28.1.-8.5.2016 v\u00e4lisen\u00e4 aikana, ja se ker\u00e4si yhteens\u00e4 86 [&hellip;]<\/p>\n","protected":false},"author":2,"featured_media":2231,"parent":18,"menu_order":11,"comment_status":"closed","ping_status":"closed","template":"","meta":{"_acf_changed":false,"inline_featured_image":false,"footnotes":""},"class_list":["post-2156","page","type-page","status-publish","has-post-thumbnail","hentry"],"acf":[],"_links":{"self":[{"href":"https:\/\/mobilia.fi\/fi\/wp-json\/wp\/v2\/pages\/2156","targetHints":{"allow":["GET"]}}],"collection":[{"href":"https:\/\/mobilia.fi\/fi\/wp-json\/wp\/v2\/pages"}],"about":[{"href":"https:\/\/mobilia.fi\/fi\/wp-json\/wp\/v2\/types\/page"}],"author":[{"embeddable":true,"href":"https:\/\/mobilia.fi\/fi\/wp-json\/wp\/v2\/users\/2"}],"replies":[{"embeddable":true,"href":"https:\/\/mobilia.fi\/fi\/wp-json\/wp\/v2\/comments?post=2156"}],"version-history":[{"count":43,"href":"https:\/\/mobilia.fi\/fi\/wp-json\/wp\/v2\/pages\/2156\/revisions"}],"predecessor-version":[{"id":5034,"href":"https:\/\/mobilia.fi\/fi\/wp-json\/wp\/v2\/pages\/2156\/revisions\/5034"}],"up":[{"embeddable":true,"href":"https:\/\/mobilia.fi\/fi\/wp-json\/wp\/v2\/pages\/18"}],"wp:featuredmedia":[{"embeddable":true,"href":"https:\/\/mobilia.fi\/fi\/wp-json\/wp\/v2\/media\/2231"}],"wp:attachment":[{"href":"https:\/\/mobilia.fi\/fi\/wp-json\/wp\/v2\/media?parent=2156"}],"curies":[{"name":"wp","href":"https:\/\/api.w.org\/{rel}","templated":true}]}}