{"id":2173,"date":"2020-11-17T16:25:17","date_gmt":"2020-11-17T14:25:17","guid":{"rendered":"https:\/\/mobilia.fi\/?page_id=2173"},"modified":"2021-02-03T16:19:45","modified_gmt":"2021-02-03T14:19:45","slug":"rallimuseon-tukijat","status":"publish","type":"page","link":"https:\/\/mobilia.fi\/fi\/museo\/rallimuseon-tukijat\/","title":{"rendered":"Rallimuseon tukijat"},"content":{"rendered":"\t\t<div data-elementor-type=\"wp-page\" data-elementor-id=\"2173\" class=\"elementor elementor-2173\" data-elementor-post-type=\"page\">\n\t\t\t\t\t\t<section class=\"elementor-section elementor-top-section elementor-element elementor-element-4b21f7c8 elementor-section-height-min-height elementor-section-boxed elementor-section-height-default elementor-section-items-middle\" data-id=\"4b21f7c8\" data-element_type=\"section\" data-e-type=\"section\" data-settings=\"{&quot;background_background&quot;:&quot;classic&quot;}\">\n\t\t\t\t\t\t\t<div class=\"elementor-background-overlay\"><\/div>\n\t\t\t\t\t\t\t<div class=\"elementor-container elementor-column-gap-default\">\n\t\t\t\t\t<div class=\"elementor-column elementor-col-100 elementor-top-column elementor-element elementor-element-4816a63d\" data-id=\"4816a63d\" data-element_type=\"column\" data-e-type=\"column\">\n\t\t\t<div class=\"elementor-widget-wrap elementor-element-populated\">\n\t\t\t\t\t\t<div class=\"elementor-element elementor-element-35e2619 elementor-widget elementor-widget-text-editor\" data-id=\"35e2619\" data-element_type=\"widget\" data-e-type=\"widget\" data-widget_type=\"text-editor.default\">\n\t\t\t\t<div class=\"elementor-widget-container\">\n\t\t\t\t\t\t\t\t\t<h1>Rallimuseon tukijat<\/h1><p>Rallimuseon perustamiselle tukensa antaneet<\/p>\t\t\t\t\t\t\t\t<\/div>\n\t\t\t\t<\/div>\n\t\t\t\t\t<\/div>\n\t\t<\/div>\n\t\t\t\t\t<\/div>\n\t\t<\/section>\n\t\t\t\t<section class=\"elementor-section elementor-top-section elementor-element elementor-element-5d3131f elementor-section-boxed elementor-section-height-default elementor-section-height-default\" data-id=\"5d3131f\" data-element_type=\"section\" data-e-type=\"section\">\n\t\t\t\t\t\t<div class=\"elementor-container elementor-column-gap-default\">\n\t\t\t\t\t<div class=\"elementor-column elementor-col-100 elementor-top-column elementor-element elementor-element-7f44344\" data-id=\"7f44344\" data-element_type=\"column\" data-e-type=\"column\">\n\t\t\t<div class=\"elementor-widget-wrap elementor-element-populated\">\n\t\t\t\t\t\t<div class=\"elementor-element elementor-element-24baf8e elementor-widget elementor-widget-text-editor\" data-id=\"24baf8e\" data-element_type=\"widget\" data-e-type=\"widget\" data-widget_type=\"text-editor.default\">\n\t\t\t\t<div class=\"elementor-widget-container\">\n\t\t\t\t\t\t\t\t\t<p>Rallimuseon toteuttamiseksi Mobilia j\u00e4rjesti joukkorahoituskampanjan suomalaisessa yhteis\u00f6rahoituspalvelussa Mesenaatissa. Kampanja oli k\u00e4ynniss\u00e4 28.1.\u20138.5.2016 v\u00e4lisen\u00e4 aikana, ja se ker\u00e4si yhteens\u00e4 86 420 euroa. Joukkorahoituksen tuotot k\u00e4ytettiin Rallimuseon rakentamiseen ja yll\u00e4pit\u00e4miseen.<\/p><p>Rallimuseon joukkorahoituskampanjaan osallistui 378 mesenaattia, joiden joukossa oli niin rallifaneja kuin autourheiluun liittyvi\u00e4 yrityksi\u00e4 ja yhteis\u00f6j\u00e4. Joukkorahoituskampanjassa ei ker\u00e4tty lahjoituksia, vaan jokainen tukija sai omalle panostukselleen vastikkeita, kuten p\u00e4\u00e4syliput tai VIP-kortin Rallimuseoon tai nimens\u00e4 museon sein\u00e4lle. Joukkorahoituskampanjan oma sivusto on edelleen n\u00e4ht\u00e4vill\u00e4 osoitteessa <a href=\"https:\/\/mesenaatti.me\/rallimuseo\/\" target=\"_blank\" rel=\"noopener\">www.mesenaatti.me\/rallimuseo<\/a>. Kampanjan rahoitukseen ei voi en\u00e4\u00e4 osallistua. Jos olet kiinnostunut yhteisty\u00f6st\u00e4 tai kumppanuudesta, ole yhteydess\u00e4 Mobilian henkil\u00f6kuntaan tai liity mukaan Rallimuseon taustavaikuttajiin <a href=\"https:\/\/mobilia.fi\/museo\/rallimuseon-ystavat\/\">Rallimuseon yst\u00e4v\u00e4t -yhdistykseen<\/a>.<\/p><h3><span style=\"color: #009cdf;\">Rallimuseota rakentamassa<\/span><\/h3><p><span class=\"custom-sub-header\" style=\"color: #009cdf;\">Rallimanagerit<\/span><\/p><p>Decens Oy<br \/>US Parts Finn-Am Oy<br \/>Veho Oy Ab<\/p><p><span class=\"custom-sub-header\" style=\"color: #009cdf;\">Tallip\u00e4\u00e4llik\u00f6t<\/span><\/p><p>AKK Sports Oy \/ Neste Ralli<br \/>Autoglym<br \/>Autoliitto<br \/>Jari-Matti Latvala<br \/>Pohjanmaan Kaluste Oy Timo Viitala<br \/>SE M\u00e4kinen Logistics Oy<\/p><p><span class=\"custom-sub-header\"><span style=\"color: #009cdf;\">In Memoriam<\/span> <\/span><\/p><p>Timo &#8221;Sutton&#8221; Suojoki (1962-2016)<\/p><p><span class=\"custom-sub-header\" style=\"color: #009cdf;\">Kisakuskit<\/span><\/p><p>Miikka Anttila<br \/>Mikebon Oy<br \/>Motorsport Solutions<br \/>Pentti ja Kaisa Pihkala<br \/>Rahtarit ry<br \/>Rakennusapu M. Huikuri<br \/>Tampereen Seudun Mobilistit Ry<br \/>Tolppa Ravintolat Oy<br \/>West Coast Road Masters Oy<br \/>Volvo Car Finland Oy<br \/>\u00d6ljy- ja biopolttoaineala ry<\/p><p><span class=\"custom-sub-header\" style=\"color: #009cdf;\">EK Voittajat<\/span><\/p><p>Ari Saukko<br \/>Hankiralli-yhdistys ry<br \/>Janicol Racing<br \/>Juha Liukkonen<br \/>Subaru<br \/>RappioRyhm\u00e4: Alfons Strengell, Ari Karto, Eero Soutulahti, Erkki Rautanen, Esa Ekroos, Hannu Mikkola, Hannu Nacke Valtaharju, Hannu Palin, Jorma Lusenius, Jyrki Ahava, Kari Gr\u00f6nberd, Kari Mutka, Karl-Eric Roslund, Lasse Kuismanen, Risto Anttila, Risto Ribis Virtapuro, Tapio M\u00e4kinen, Timo Alanen, Timo M\u00e4kinen, Urpo Vihervaara<\/p><p><span class=\"custom-sub-header\" style=\"color: #009cdf;\">Rallitiimit<\/span><\/p><p>Dynaset Oy<br \/>Kangasalan Kunta<br \/>Naantalin seudun urheiluautoilijat ry \/ Rantaralli<br \/>Pukkilan Moottoriurheilijat ry<br \/>Tampereen Urheiluautoilijat ry<\/p><p><span class=\"custom-sub-header\" style=\"color: #009cdf;\">Kartturit<\/span><\/p><p>Audi<br \/>Cellbase Oy<br \/>Dezoo Oy<br \/>Fixus Kangasala<br \/>Jommi Salomaa<br \/>Juha P\u00f6ll\u00f6nen<br \/>Jukka Hallamaa<br \/>Kaakamon Metalli<br \/>Kalevi Lintula<br \/>Marko M\u00e4kinen<br \/>Scuderia Acamo Finlandia<br \/>Jarno Saari<br \/>Timo Tommila<br \/>Volkswagen<br \/>Ylinen Partners Oy<\/p><p><span class=\"custom-sub-header\" style=\"color: #009cdf;\">Etuautokuskit<\/span><\/p><p>Anssi Koskinen<br \/>Anssi Laine<br \/>Ari Laaksonen<br \/>Armi Rytky<br \/>Arto Kaski<br \/>Atte Almonkari<br \/>Autokorjaamo Pasi Niini<br \/>Enroth Riku Robert Eelis<br \/>Erno Aalto<br \/>Esa Grenman<br \/>Esa Moisio<br \/>Hans Brummer\/HB-Automobile<br \/>Heikki Ikonen<br \/>Heikki Kalevi Malmberg<br \/>Heikki Saraste<br \/>Henri Nieminen<br \/>Huvilaveist\u00e4m\u00f6 K. Lehtom\u00e4ki<br \/>Hyt\u00f6nen Racing<br \/>Ilkka Jylh\u00e4<br \/>Jaakko Kuikanm\u00e4ki<br \/>Jaakko Ruokola<br \/>Jani Nalli<br \/>Jari Sissala<br \/>Jari Tikka<br \/>Jarno Lehtinen Carvd OY<br \/>Joonas Kuusikko<br \/>Juha Malinen<br \/>Juha Moisio<br \/>Juha Pensas<br \/>Jukka A Laine<br \/>Jukka ja Marianne Koivunen<br \/>Jukka Suvisalmi<br \/>Jukka Westerback<br \/>Jussi Pohjala<br \/>Jyrki K. Talvitie<br \/>Kai Nurmi<br \/>Kaija ja Kimmo Lehtom\u00e4ki<br \/>Kaj Saarto<br \/>Kalle Kalaja<br \/>Kare Asp<br \/>Kari Kovanen<br \/>Kari L\u00e5ng<br \/>Kimmo Lepp\u00e4niemi<br \/>Kirjapainopalvelu Pekka Niemi Oy, Pekka Niemi<br \/>Lahden Raskaskonehuolto<br \/>Lasse Lampi Racing Oy<br \/>Lasse Tukiainen<br \/>Maire Ruokola<br \/>Manu Eskola<br \/>Markku Huhtinen<br \/>Markus Manninen<br \/>Martti Merilinna<br \/>Martti Piltz<br \/>Matti A. Parviainen<br \/>Matti H Salonen<br \/>Matti Vinha<br \/>Mika Koskinen<br \/>Mikko Heimo<br \/>Mikko H\u00e4rk\u00f6nen<br \/>Mikko Luoso<br \/>Olavi Aartolahti<br \/>P. Lockberg<br \/>Pekka Aaltonen<br \/>Pekka Hellsten<br \/>Pekka J\u00e4rvenp\u00e4\u00e4 \/ Tampereen urheiluautoiljat<br \/>Pekka Lappi<br \/>Pekka Sintonen<br \/>Pekka Valkonen<br \/>Petri Fromholdt<br \/>Petri Niemenmaa<br \/>Petri Vihavainen<br \/>Rallirinki<br \/>Raimo Paavola<br \/>Rauno Kuusikko<br \/>Riitta Gr\u00f6n<br \/>Risto Laine<br \/>Risto Liimatainen<br \/>Sami Pulkki<br \/>Scuderia Rossi<br \/>Seija Kuusikko<br \/>Seppo L\u00e4hteenm\u00e4ki<br \/>Seppo Sillanp\u00e4\u00e4<br \/>Sorvaamo Niemenmaa<br \/>Taitoasennus Tomi Py\u00f6li<br \/>Taksi Jari Lemmetyinen<br \/>Taksiautoilija Ari Tenhonen<br \/>Timo Marila<br \/>Timo Niemi<br \/>Tommi Company Oy<br \/>Topi Yli-Jaskari<br \/>Torsti Holvikivi<br \/>TS Racing Team Toni Sinkkonen<br \/>Tuomo Hannonen<br \/>Turkka Tiainen<br \/>Valo Riku Niinim\u00e4ki<br \/>Veli-Matti Piril\u00e4<br \/>Well-Word Translations Oy<br \/>Ville M\u00e4kinen \/ iSearch Group Oy<br \/>Ville Talvenheimo<br \/>VIPRALLI TEAM Pirkka Syv\u00e4noro<br \/>V\u00e4lim\u00e4ki Motor Sport Ky<br \/>Yrj\u00f6juhana Heikkil\u00e4<\/p><p><span class=\"custom-sub-header\" style=\"color: #009cdf;\">Mekaanikot<\/span><\/p><p>Ari J Tuominen<br \/>Ari Piittinen<br \/>ARSKAN KAIVIN<br \/>Arvo Peltola<br \/>Asko Sairanen<br \/>Haapaniemen Turo<br \/>Janne M\u00e4kil\u00e4<br \/>Jari Nurmi<br \/>Jarmo Kivineva<br \/>JENT Oy<br \/>JJK-Data Ky Jari Kulmala<br \/>Juha Erenius<br \/>Juha Salonen<br \/>Juha Tolin<br \/>Jukka Aittila<br \/>Jukka Janhunen<br \/>Jukka M\u00e4kel\u00e4<br \/>Jussi Siltanen<br \/>Jyri H\u00e4nninen<br \/>Kari Anttila<br \/>Kenneth Lehtola<br \/>Kuljetusliike T&amp;J R\u00f6nkk\u00f6 Oy<br \/>Maija-Liisa Piril\u00e4<br \/>Marko Puupponen<br \/>Marko Reponen<br \/>Matti Ahlqvist<br \/>Matti M\u00e4kil\u00e4<br \/>Mika Koutukari<br \/>Mika Reponen<br \/>Mika Romu<br \/>Mikko Korsisaari<br \/>Olli Nurmi<br \/>Pasi Perhoniemi<br \/>Pasi Romu<br \/>Petri &#8221;peppi&#8221; Palom\u00e4ki<br \/>Poledance Piagrina<br \/>Rallivakuutus Oy \/ Pekka Savela<br \/>Rami Rauvola<br \/>Risto Tuomainen<br \/>S.S virta<br \/>Seppo Peippo<br \/>T:mi Marko Ouramaa<br \/>Tapani Kuparinen<br \/>Tapio Niemel\u00e4<br \/>Tero &#8221;Kartturi&#8221; Nummenp\u00e4\u00e4<br \/>Timo Pitk\u00e4niemi<br \/>Tom Fagerudd, FORZA RALLY ITALIA<br \/>Vennun Verstas<br \/>Virva Asikainen<br \/>V\u00e4lim\u00e4en tila Esko Pyym\u00e4ki<\/p><p><span class=\"custom-sub-header\" style=\"color: #009cdf;\">Sorateiden virtuoosit<\/span><\/p><p>Anne Salo<br \/>Ari Murtoniemi<br \/>Clas Ewalds<br \/>Elina Kyt\u00f6l\u00e4<br \/>Esko Haapasalmi<br \/>Hannu Kek\u00e4l\u00e4inen<br \/>Tiina Ikonen<br \/>Heikki Murtoniemi<br \/>J&amp;J Peltonen<br \/>Janne Rauvola<br \/>Jori Pihl<br \/>Jorma H\u00f6yteinen<br \/>Kai Niemist\u00f6<br \/>Markku Laakso<br \/>Olli Ristim\u00e4ki<br \/>Otto Aro<br \/>Pekka Koivula<br \/>Pekka Tenhovuori<br \/>Pertti Lankia<br \/>Pertti Pitk\u00e4nen<br \/>Petri Tikkala<br \/>Raine Lepoaho<br \/>Roope Pihl<br \/>Simo Mikkola<br \/>Taina Rantala<br \/>Team motoup<br \/>Team Norrg\u00e5rd<br \/>Timo Kittel\u00e4<br \/>Timo Mikkola<\/p><p><span class=\"custom-sub-header\" style=\"color: #009cdf;\">L\u00e4ht\u00f6 &#8211; Pikataival &#8211; Maali!<\/span><\/p><p>Anne, Ari, Helmi, Tauno ja Toivo<br \/>Aarno Saarelainen<br \/>Aku Hannula<br \/>Ari Andersson<br \/>Ari Kukkonen<br \/>Ari M\u00e4enp\u00e4\u00e4 Kurikan UA<br \/>Ari Peltola<br \/>Armi Ylikorpi<br \/>Arto Viheri<br \/>Eero Metsola<br \/>Eero Wihuri<br \/>Elina<br \/>Elina ja Markku Ij\u00e4s<br \/>Esko Salo<br \/>Frans Hild\u00e9n<br \/>Hanna R\u00e4ikk\u00e4l\u00e4<br \/>Hannu Krohn Oy<br \/>Hannu Luhtala &amp; Marianne Mannerkari<br \/>Hannu Palin<br \/>Hannu Pohjonen<br \/>Harri Eskelinen<br \/>Harri Kousa<br \/>Harri Leskinen<br \/>Heikki Janhunen<br \/>Heikki Lyytinen<br \/>Henri Spring<br \/>Hugo Osa<br \/>Ilkka Majantie<br \/>Isto H\u00e4llfors<br \/>J Rosenqvist<br \/>J.J. Tuura<br \/>Jan Ylikorpi<br \/>Jani Joensuu<br \/>Janne Jauhiainen<br \/>Janne K\u00e4hk\u00f6nen<br \/>Janne V\u00e4re<br \/>Jari &amp; Leena-Kaisa Flyktman<br \/>Jari Jalonen<br \/>Jari Kujansuu<br \/>Jari Willner<br \/>Jarmo Laakso<br \/>Jk-racing.net<br \/>Jommi J\u00e4rvinen<br \/>Joni Andrejeff<br \/>Jonna Vehkakoski<br \/>Joona &amp; Vili<br \/>Jouko Ylikoski ja Tuulikki Salomaa<br \/>Jouni &#8217;Kunde&#8217; Kunnas<br \/>Jouni Ranki<br \/>Jouni Virtanen<br \/>Juha Haake<br \/>Juha Ilmonen<br \/>Juha-Matti Palom\u00e4ki<br \/>Jukka Peltonen<br \/>Jussi Kulonen<br \/>Jussi Wors\u00f6e ja Pena<br \/>Jyri Karhelammi<br \/>J\u00fcri Uus<br \/>Jyrki Rantanen<br \/>Kalervo Jussila<br \/>Kalle Ohma<br \/>Kari ja Anja Pynn\u00e4<br \/>Kari Ruusunen<br \/>Katja Ylikorpi<br \/>Kim Pasanen<br \/>Kimmo J. Leskinen<br \/>Kimmo Lev\u00e4<br \/>Kimmo Paakkanen<br \/>Kirsi Heikkil\u00e4<br \/>Kirsi-Marja Jari ja Pasi Honkalatva<br \/>Kivist\u00f6 Tapio<br \/>Lasse K\u00e4nn\u00f6<br \/>Lasse Pet\u00e4j\u00e4<br \/>Lasse Ruusinen<br \/>Mall Kruusakivi<br \/>Marja, Jukka ja Sonja Harju<br \/>Marjo Pihlajam\u00e4ki<br \/>Markku Lihavainen<br \/>Markku Peltom\u00e4ki<br \/>Markku Saari<br \/>Marko H\u00e4tinen<br \/>Marko Oksanen<br \/>Markus Melanen<br \/>Matti Asikainen<br \/>Matti Roikonen<br \/>Michael Johanson<br \/>Mika Pasanen<br \/>Mikko Hyyti\u00e4inen<br \/>Mikko J\u00e4rvel\u00e4 ja Jorma Salo<br \/>Mikko Koivusalo<br \/>Mikko Laine<br \/>Mikko Muurainen<br \/>Miro Toivonen<br \/>Olli Wihuri<br \/>Ollimatti Neuvonen<br \/>OoPee Salonen<br \/>Palopete Ky<br \/>Pauli Heikkola<br \/>Pekka Linnavirta<br \/>Pekka Malvela<br \/>Pekka Ylistalo<br \/>Pekko, Karoliina, Juho &amp; Eero Nurminen<br \/>Pertti Aittila<br \/>Petri Saarelainen<br \/>Petri, Nina, Ada ja Mari Suntinen<br \/>Pietro<br \/>Putte<br \/>Raimo Anttonen<br \/>ralli.verkkonen.net<br \/>Rauno Viheri<br \/>Rauvola Heikki<br \/>Risto T\u00e4hk\u00e4p\u00e4\u00e4<br \/>ROBBE<br \/>Robbie Lindberg<br \/>Ronja Koskinen ja Pirkko Heikkinen<br \/>Sakari Laaksonen<br \/>Sakari Mustonen<br \/>Sami Koivunen<br \/>Sami Laapotti<br \/>Scuderia AS<br \/>Seppo Nironen<br \/>Seppo O Kettunen<br \/>Seppo-Juhani Alanne<br \/>Simo Keskikallio<br \/>Simo Westerback<br \/>Sirpa Lehtonen<br \/>Sonja Ulfves-Aittila<br \/>Tapani Kostamovaara<br \/>Tapani Rautanen<br \/>Tapio Honkanen<br \/>Teemu Saarinen<br \/>Tero Hakonen<br \/>Teuvo K Gynther<br \/>Tike<br \/>Timo Aho<br \/>Timo N\u00e4rhi<br \/>Timo Savolainen<br \/>Timo Virtanen<br \/>Toni Laakkonen<br \/>Tuomo Kurki-Suonio<br \/>Tuula Eklund<br \/>Veeti Lepoaho<br \/>Vesa Kiili<br \/>Ville Koivu<br \/>Ville Latva<br \/>Yrj\u00f6 Palotie<br \/>Yrj\u00f6 Palotie<br \/>\u00c5ke Andersson<\/p><p><span class=\"h2 h3\" style=\"color: #009cdf;\">Rallimuseo kiitt\u00e4\u00e4 kaikkia mesenaattejaan tuesta!<\/span><\/p>\t\t\t\t\t\t\t\t<\/div>\n\t\t\t\t<\/div>\n\t\t\t\t\t<\/div>\n\t\t<\/div>\n\t\t\t\t\t<\/div>\n\t\t<\/section>\n\t\t\t\t<\/div>\n\t\t","protected":false},"excerpt":{"rendered":"<p>Rallimuseon tukijat Rallimuseon perustamiselle tukensa antaneet Rallimuseon toteuttamiseksi Mobilia j\u00e4rjesti joukkorahoituskampanjan suomalaisessa yhteis\u00f6rahoituspalvelussa Mesenaatissa. Kampanja oli k\u00e4ynniss\u00e4 28.1.\u20138.5.2016 v\u00e4lisen\u00e4 aikana, ja se ker\u00e4si yhteens\u00e4 86 420 euroa. Joukkorahoituksen tuotot k\u00e4ytettiin Rallimuseon rakentamiseen ja yll\u00e4pit\u00e4miseen. Rallimuseon joukkorahoituskampanjaan osallistui 378 mesenaattia, joiden joukossa oli niin rallifaneja kuin autourheiluun liittyvi\u00e4 yrityksi\u00e4 ja yhteis\u00f6j\u00e4. Joukkorahoituskampanjassa ei ker\u00e4tty lahjoituksia, vaan [&hellip;]<\/p>\n","protected":false},"author":2,"featured_media":623,"parent":18,"menu_order":9,"comment_status":"closed","ping_status":"closed","template":"","meta":{"_acf_changed":false,"inline_featured_image":false,"footnotes":""},"class_list":["post-2173","page","type-page","status-publish","has-post-thumbnail","hentry"],"acf":[],"_links":{"self":[{"href":"https:\/\/mobilia.fi\/fi\/wp-json\/wp\/v2\/pages\/2173","targetHints":{"allow":["GET"]}}],"collection":[{"href":"https:\/\/mobilia.fi\/fi\/wp-json\/wp\/v2\/pages"}],"about":[{"href":"https:\/\/mobilia.fi\/fi\/wp-json\/wp\/v2\/types\/page"}],"author":[{"embeddable":true,"href":"https:\/\/mobilia.fi\/fi\/wp-json\/wp\/v2\/users\/2"}],"replies":[{"embeddable":true,"href":"https:\/\/mobilia.fi\/fi\/wp-json\/wp\/v2\/comments?post=2173"}],"version-history":[{"count":14,"href":"https:\/\/mobilia.fi\/fi\/wp-json\/wp\/v2\/pages\/2173\/revisions"}],"predecessor-version":[{"id":3862,"href":"https:\/\/mobilia.fi\/fi\/wp-json\/wp\/v2\/pages\/2173\/revisions\/3862"}],"up":[{"embeddable":true,"href":"https:\/\/mobilia.fi\/fi\/wp-json\/wp\/v2\/pages\/18"}],"wp:featuredmedia":[{"embeddable":true,"href":"https:\/\/mobilia.fi\/fi\/wp-json\/wp\/v2\/media\/623"}],"wp:attachment":[{"href":"https:\/\/mobilia.fi\/fi\/wp-json\/wp\/v2\/media?parent=2173"}],"curies":[{"name":"wp","href":"https:\/\/api.w.org\/{rel}","templated":true}]}}