{"id":2181,"date":"2020-11-17T16:39:29","date_gmt":"2020-11-17T14:39:29","guid":{"rendered":"https:\/\/mobilia.fi\/?page_id=2181"},"modified":"2025-08-26T14:49:46","modified_gmt":"2025-08-26T11:49:46","slug":"rallimuseon-ystavat","status":"publish","type":"page","link":"https:\/\/mobilia.fi\/fi\/museo\/rallimuseon-ystavat\/","title":{"rendered":"Rallimuseon yst\u00e4v\u00e4t ry"},"content":{"rendered":"\t\t<div data-elementor-type=\"wp-page\" data-elementor-id=\"2181\" class=\"elementor elementor-2181\" data-elementor-post-type=\"page\">\n\t\t\t\t\t\t<section class=\"elementor-section elementor-top-section elementor-element elementor-element-4b21f7c8 elementor-section-height-min-height elementor-section-boxed elementor-section-height-default elementor-section-items-middle\" data-id=\"4b21f7c8\" data-element_type=\"section\" data-e-type=\"section\" data-settings=\"{&quot;background_background&quot;:&quot;classic&quot;}\">\n\t\t\t\t\t\t\t<div class=\"elementor-background-overlay\"><\/div>\n\t\t\t\t\t\t\t<div class=\"elementor-container elementor-column-gap-default\">\n\t\t\t\t\t<div class=\"elementor-column elementor-col-100 elementor-top-column elementor-element elementor-element-4816a63d\" data-id=\"4816a63d\" data-element_type=\"column\" data-e-type=\"column\">\n\t\t\t<div class=\"elementor-widget-wrap elementor-element-populated\">\n\t\t\t\t\t\t<div class=\"elementor-element elementor-element-35e2619 elementor-widget elementor-widget-text-editor\" data-id=\"35e2619\" data-element_type=\"widget\" data-e-type=\"widget\" data-widget_type=\"text-editor.default\">\n\t\t\t\t<div class=\"elementor-widget-container\">\n\t\t\t\t\t\t\t\t\t<h1>Rallimuseon yst\u00e4v\u00e4t -yhdistys<\/h1><p>Yhdess\u00e4 olemme enemm\u00e4n!<\/p>\t\t\t\t\t\t\t\t<\/div>\n\t\t\t\t<\/div>\n\t\t\t\t\t<\/div>\n\t\t<\/div>\n\t\t\t\t\t<\/div>\n\t\t<\/section>\n\t\t\t\t<section class=\"elementor-section elementor-top-section elementor-element elementor-element-8ae8c0e elementor-section-boxed elementor-section-height-default elementor-section-height-default\" data-id=\"8ae8c0e\" data-element_type=\"section\" data-e-type=\"section\">\n\t\t\t\t\t\t<div class=\"elementor-container elementor-column-gap-default\">\n\t\t\t\t\t<div class=\"elementor-column elementor-col-50 elementor-top-column elementor-element elementor-element-68539c6\" data-id=\"68539c6\" data-element_type=\"column\" data-e-type=\"column\">\n\t\t\t<div class=\"elementor-widget-wrap elementor-element-populated\">\n\t\t\t\t\t\t<div class=\"elementor-element elementor-element-49e3d61 elementor-widget elementor-widget-text-editor\" data-id=\"49e3d61\" data-element_type=\"widget\" data-e-type=\"widget\" data-widget_type=\"text-editor.default\">\n\t\t\t\t<div class=\"elementor-widget-container\">\n\t\t\t\t\t\t\t\t\t<p>Rallimuseon yst\u00e4v\u00e4t ry aloitti toimintansa vuoden 2020 alusta.<\/p><p>Yhdistyksen j\u00e4senmaksu (vuonna 2025) on<\/p><ul><li>yksityishenkil\u00f6ille 50 \u20ac vuodessa<\/li><li>yrityksille 250 \u20ac vuodessa (sis. j\u00e4senedut 5 henkil\u00f6lle)<\/li><\/ul><p>\u00a0<\/p><p>Yhdistyksen j\u00e4senet saavat vapaan sis\u00e4\u00e4np\u00e4\u00e4syn Rallimuseoon ja Mobilian muihin n\u00e4yttelyihin, vapaan sis\u00e4\u00e4np\u00e4\u00e4syn vuosittaiseen Rallin ilta -tapahtumaan, Rallimuseon yst\u00e4v\u00e4t ry:n tunnuksen k\u00e4ytt\u00f6\u00f6ns\u00e4 sek\u00e4 j\u00e4senetutarjouksia erilaisista rallituotteista.<\/p><p><a href=\"https:\/\/mobilia.fi\/jasenlomake\/\" target=\"_blank\" rel=\"noopener\">Liity j\u00e4seneksi t\u00e4st\u00e4!<\/a><\/p><h3><span style=\"color: #009cdf;\">Lis\u00e4tietoja<\/span><\/h3><p>Petri Niemenmaa, puh. 0400 425 063<br \/>petri.niemenmaa@mobilia.fi<\/p>\t\t\t\t\t\t\t\t<\/div>\n\t\t\t\t<\/div>\n\t\t\t\t\t<\/div>\n\t\t<\/div>\n\t\t\t\t<div class=\"elementor-column elementor-col-50 elementor-top-column elementor-element elementor-element-4626571\" data-id=\"4626571\" data-element_type=\"column\" data-e-type=\"column\">\n\t\t\t<div class=\"elementor-widget-wrap elementor-element-populated\">\n\t\t\t\t\t\t<div class=\"elementor-element elementor-element-8c7c677 elementor-widget elementor-widget-image\" data-id=\"8c7c677\" data-element_type=\"widget\" data-e-type=\"widget\" data-widget_type=\"image.default\">\n\t\t\t\t<div class=\"elementor-widget-container\">\n\t\t\t\t\t\t\t\t\t\t\t\t\t\t\t<img fetchpriority=\"high\" decoding=\"async\" width=\"800\" height=\"325\" src=\"https:\/\/mobilia.fi\/wp-content\/uploads\/2020\/03\/Rallimuseon_ystavat_LOGO_72dpi_ISO.jpg\" class=\"attachment-large size-large wp-image-1655\" alt=\"Rallimuseon yst\u00e4v\u00e4yhdistyksen logossa tekstin takana n\u00e4kyy harmaita ihmishahmoja ruutulippujen v\u00e4liss\u00e4.\" srcset=\"https:\/\/mobilia.fi\/wp-content\/uploads\/2020\/03\/Rallimuseon_ystavat_LOGO_72dpi_ISO.jpg 1000w, https:\/\/mobilia.fi\/wp-content\/uploads\/2020\/03\/Rallimuseon_ystavat_LOGO_72dpi_ISO-300x122.jpg 300w, https:\/\/mobilia.fi\/wp-content\/uploads\/2020\/03\/Rallimuseon_ystavat_LOGO_72dpi_ISO-768x312.jpg 768w\" sizes=\"(max-width: 800px) 100vw, 800px\" \/>\t\t\t\t\t\t\t\t\t\t\t\t\t\t\t<\/div>\n\t\t\t\t<\/div>\n\t\t\t\t\t<\/div>\n\t\t<\/div>\n\t\t\t\t\t<\/div>\n\t\t<\/section>\n\t\t\t\t<\/div>\n\t\t","protected":false},"excerpt":{"rendered":"<p>Rallimuseon yst\u00e4v\u00e4t -yhdistys Yhdess\u00e4 olemme enemm\u00e4n! Rallimuseon yst\u00e4v\u00e4t ry aloitti toimintansa vuoden 2020 alusta. Yhdistyksen j\u00e4senmaksu (vuonna 2025) on yksityishenkil\u00f6ille 50 \u20ac vuodessa yrityksille 250 \u20ac vuodessa (sis. j\u00e4senedut 5 henkil\u00f6lle) \u00a0 Yhdistyksen j\u00e4senet saavat vapaan sis\u00e4\u00e4np\u00e4\u00e4syn Rallimuseoon ja Mobilian muihin n\u00e4yttelyihin, vapaan sis\u00e4\u00e4np\u00e4\u00e4syn vuosittaiseen Rallin ilta -tapahtumaan, Rallimuseon yst\u00e4v\u00e4t ry:n tunnuksen k\u00e4ytt\u00f6\u00f6ns\u00e4 sek\u00e4 j\u00e4senetutarjouksia [&hellip;]<\/p>\n","protected":false},"author":2,"featured_media":1655,"parent":18,"menu_order":8,"comment_status":"closed","ping_status":"closed","template":"","meta":{"_acf_changed":false,"inline_featured_image":false,"footnotes":""},"class_list":["post-2181","page","type-page","status-publish","has-post-thumbnail","hentry"],"acf":[],"_links":{"self":[{"href":"https:\/\/mobilia.fi\/fi\/wp-json\/wp\/v2\/pages\/2181","targetHints":{"allow":["GET"]}}],"collection":[{"href":"https:\/\/mobilia.fi\/fi\/wp-json\/wp\/v2\/pages"}],"about":[{"href":"https:\/\/mobilia.fi\/fi\/wp-json\/wp\/v2\/types\/page"}],"author":[{"embeddable":true,"href":"https:\/\/mobilia.fi\/fi\/wp-json\/wp\/v2\/users\/2"}],"replies":[{"embeddable":true,"href":"https:\/\/mobilia.fi\/fi\/wp-json\/wp\/v2\/comments?post=2181"}],"version-history":[{"count":29,"href":"https:\/\/mobilia.fi\/fi\/wp-json\/wp\/v2\/pages\/2181\/revisions"}],"predecessor-version":[{"id":15783,"href":"https:\/\/mobilia.fi\/fi\/wp-json\/wp\/v2\/pages\/2181\/revisions\/15783"}],"up":[{"embeddable":true,"href":"https:\/\/mobilia.fi\/fi\/wp-json\/wp\/v2\/pages\/18"}],"wp:featuredmedia":[{"embeddable":true,"href":"https:\/\/mobilia.fi\/fi\/wp-json\/wp\/v2\/media\/1655"}],"wp:attachment":[{"href":"https:\/\/mobilia.fi\/fi\/wp-json\/wp\/v2\/media?parent=2181"}],"curies":[{"name":"wp","href":"https:\/\/api.w.org\/{rel}","templated":true}]}}