{"id":2271,"date":"2020-11-24T11:42:50","date_gmt":"2020-11-24T09:42:50","guid":{"rendered":"https:\/\/mobilia.fi\/?page_id=2271"},"modified":"2021-01-13T15:22:59","modified_gmt":"2021-01-13T13:22:59","slug":"muut-kohteet","status":"publish","type":"page","link":"https:\/\/mobilia.fi\/fi\/nayttelyt\/muut-kohteet\/","title":{"rendered":"Muut kohteet"},"content":{"rendered":"\t\t<div data-elementor-type=\"wp-page\" data-elementor-id=\"2271\" class=\"elementor elementor-2271\" data-elementor-post-type=\"page\">\n\t\t\t\t\t\t<section class=\"elementor-section elementor-top-section elementor-element elementor-element-eef1316 elementor-section-height-min-height elementor-section-boxed elementor-section-height-default elementor-section-items-middle\" data-id=\"eef1316\" data-element_type=\"section\" data-e-type=\"section\" data-settings=\"{&quot;background_background&quot;:&quot;classic&quot;}\">\n\t\t\t\t\t\t\t<div class=\"elementor-background-overlay\"><\/div>\n\t\t\t\t\t\t\t<div class=\"elementor-container elementor-column-gap-default\">\n\t\t\t\t\t<div class=\"elementor-column elementor-col-100 elementor-top-column elementor-element elementor-element-21ac26b\" data-id=\"21ac26b\" data-element_type=\"column\" data-e-type=\"column\">\n\t\t\t<div class=\"elementor-widget-wrap elementor-element-populated\">\n\t\t\t\t\t\t<div class=\"elementor-element elementor-element-90b93eb elementor-widget elementor-widget-text-editor\" data-id=\"90b93eb\" data-element_type=\"widget\" data-e-type=\"widget\" data-widget_type=\"text-editor.default\">\n\t\t\t\t<div class=\"elementor-widget-container\">\n\t\t\t\t\t\t\t\t\t<h1>Muut kohteet<\/h1>\t\t\t\t\t\t\t\t<\/div>\n\t\t\t\t<\/div>\n\t\t\t\t\t<\/div>\n\t\t<\/div>\n\t\t\t\t\t<\/div>\n\t\t<\/section>\n\t\t\t\t<section class=\"elementor-section elementor-top-section elementor-element elementor-element-b61ef35 elementor-section-boxed elementor-section-height-default elementor-section-height-default\" data-id=\"b61ef35\" data-element_type=\"section\" data-e-type=\"section\">\n\t\t\t\t\t\t<div class=\"elementor-container elementor-column-gap-default\">\n\t\t\t\t\t<div class=\"elementor-column elementor-col-100 elementor-top-column elementor-element elementor-element-8aa7db6\" data-id=\"8aa7db6\" data-element_type=\"column\" data-e-type=\"column\">\n\t\t\t<div class=\"elementor-widget-wrap elementor-element-populated\">\n\t\t\t\t\t\t<section class=\"elementor-section elementor-inner-section elementor-element elementor-element-a86da92 elementor-section-boxed elementor-section-height-default elementor-section-height-default\" data-id=\"a86da92\" data-element_type=\"section\" data-e-type=\"section\">\n\t\t\t\t\t\t<div class=\"elementor-container elementor-column-gap-default\">\n\t\t\t\t\t<div class=\"elementor-column elementor-col-100 elementor-inner-column elementor-element elementor-element-ca3fafd\" data-id=\"ca3fafd\" data-element_type=\"column\" data-e-type=\"column\">\n\t\t\t<div class=\"elementor-widget-wrap elementor-element-populated\">\n\t\t\t\t\t\t<div class=\"elementor-element elementor-element-c964a95 elementor-grid-4 elementor-grid-tablet-2 elementor-grid-mobile-1 elementor-posts--thumbnail-top elementor-widget elementor-widget-posts\" data-id=\"c964a95\" data-element_type=\"widget\" data-e-type=\"widget\" data-settings=\"{&quot;classic_columns&quot;:&quot;4&quot;,&quot;classic_columns_tablet&quot;:&quot;2&quot;,&quot;classic_columns_mobile&quot;:&quot;1&quot;,&quot;classic_row_gap&quot;:{&quot;unit&quot;:&quot;px&quot;,&quot;size&quot;:35,&quot;sizes&quot;:[]},&quot;classic_row_gap_tablet&quot;:{&quot;unit&quot;:&quot;px&quot;,&quot;size&quot;:&quot;&quot;,&quot;sizes&quot;:[]},&quot;classic_row_gap_mobile&quot;:{&quot;unit&quot;:&quot;px&quot;,&quot;size&quot;:&quot;&quot;,&quot;sizes&quot;:[]}}\" data-widget_type=\"posts.classic\">\n\t\t\t\t<div class=\"elementor-widget-container\">\n\t\t\t\t\t\t\t<div class=\"elementor-posts-container elementor-posts elementor-posts--skin-classic elementor-grid\" role=\"list\">\n\t\t\t\t<article class=\"elementor-post elementor-grid-item post-8350 nayttely type-nayttely status-publish has-post-thumbnail hentry nayttely_tax-muut\" role=\"listitem\">\n\t\t\t\t<a class=\"elementor-post__thumbnail__link\" href=\"https:\/\/mobilia.fi\/fi\/nayttely\/saimaan-kanavan-museo\/\" tabindex=\"-1\">\n\t\t\t<div class=\"elementor-post__thumbnail\"><img decoding=\"async\" width=\"300\" height=\"145\" src=\"https:\/\/mobilia.fi\/wp-content\/uploads\/2020\/04\/kanavamuseot-mobilia-300x145.jpg\" class=\"attachment-medium size-medium wp-image-850\" alt=\"Kanavassa vene vetee tukkilauttaa.\" srcset=\"https:\/\/mobilia.fi\/wp-content\/uploads\/2020\/04\/kanavamuseot-mobilia-300x145.jpg 300w, https:\/\/mobilia.fi\/wp-content\/uploads\/2020\/04\/kanavamuseot-mobilia.jpg 620w\" sizes=\"(max-width: 300px) 100vw, 300px\" \/><\/div>\n\t\t<\/a>\n\t\t\t\t<div class=\"elementor-post__text\">\n\t\t\t\t<h3 class=\"elementor-post__title\">\n\t\t\t<a href=\"https:\/\/mobilia.fi\/fi\/nayttely\/saimaan-kanavan-museo\/\">\n\t\t\t\tSaimaan kanavan museo\t\t\t<\/a>\n\t\t<\/h3>\n\t\t\t\t<div class=\"elementor-post__excerpt\">\n\t\t\t<p>Saimaan kanavan museo Ilmaiskohde Lappeenrannassa Mobilia pit\u00e4\u00e4 yll\u00e4 V\u00e4yl\u00e4viraston omistamaa Saimaan kanavan museota Lappeenrannassa. Saimaan kanavan museo sijaitsee M\u00e4lki\u00e4n-Mustolan alueella, jossa on n\u00e4ht\u00e4viss\u00e4 kanavarakenteita ja<\/p>\n\t\t<\/div>\n\t\t\n\t\t<a class=\"elementor-post__read-more\" href=\"https:\/\/mobilia.fi\/fi\/nayttely\/saimaan-kanavan-museo\/\" aria-label=\"Read more about Saimaan kanavan museo\" tabindex=\"-1\">\n\t\t\tTutustu tarkemmin \u00bb\t\t<\/a>\n\n\t\t\t\t<\/div>\n\t\t\t\t<\/article>\n\t\t\t\t<article class=\"elementor-post elementor-grid-item post-9444 nayttely type-nayttely status-publish has-post-thumbnail hentry nayttely_tax-muut\" role=\"listitem\">\n\t\t\t\t<a class=\"elementor-post__thumbnail__link\" href=\"https:\/\/mobilia.fi\/fi\/nayttely\/elava-rallimuseo\/\" tabindex=\"-1\">\n\t\t\t<div class=\"elementor-post__thumbnail\"><img fetchpriority=\"high\" decoding=\"async\" width=\"300\" height=\"200\" src=\"https:\/\/mobilia.fi\/wp-content\/uploads\/2022\/10\/DatsunVioletPortugal2_kuva_JMLamas-300x200.jpg\" class=\"attachment-medium size-medium wp-image-8223\" alt=\"Datsun Violet 1980-luvun kilpa-asussa ajamassa rallia t\u00e4m\u00e4n p\u00e4iv\u00e4n asfalttiosuudella Portugalissa. Useita rakennuksia aivan tien vieress\u00e4.\" srcset=\"https:\/\/mobilia.fi\/wp-content\/uploads\/2022\/10\/DatsunVioletPortugal2_kuva_JMLamas-300x200.jpg 300w, https:\/\/mobilia.fi\/wp-content\/uploads\/2022\/10\/DatsunVioletPortugal2_kuva_JMLamas-1024x683.jpg 1024w, https:\/\/mobilia.fi\/wp-content\/uploads\/2022\/10\/DatsunVioletPortugal2_kuva_JMLamas-768x512.jpg 768w, https:\/\/mobilia.fi\/wp-content\/uploads\/2022\/10\/DatsunVioletPortugal2_kuva_JMLamas-1536x1024.jpg 1536w, https:\/\/mobilia.fi\/wp-content\/uploads\/2022\/10\/DatsunVioletPortugal2_kuva_JMLamas.jpg 1800w\" sizes=\"(max-width: 300px) 100vw, 300px\" \/><\/div>\n\t\t<\/a>\n\t\t\t\t<div class=\"elementor-post__text\">\n\t\t\t\t<h3 class=\"elementor-post__title\">\n\t\t\t<a href=\"https:\/\/mobilia.fi\/fi\/nayttely\/elava-rallimuseo\/\">\n\t\t\t\tEl\u00e4v\u00e4 Rallimuseo\t\t\t<\/a>\n\t\t<\/h3>\n\t\t\t\t<div class=\"elementor-post__excerpt\">\n\t\t\t<p>El\u00e4v\u00e4 Rallimuseo Rallihistoriaa el\u00e4v\u00e4sti El\u00e4v\u00e4 Rallimuseo on hanke, joka el\u00e4v\u00f6it\u00e4\u00e4 rallihistoriaa. Vuonna 2025 El\u00e4v\u00e4 rallimuseo nostaa esille suomalaista Toyota Celica -rallihistoriaa ja seuraa Jari-Matti Latvalaa<\/p>\n\t\t<\/div>\n\t\t\n\t\t<a class=\"elementor-post__read-more\" href=\"https:\/\/mobilia.fi\/fi\/nayttely\/elava-rallimuseo\/\" aria-label=\"Read more about El\u00e4v\u00e4 Rallimuseo\" tabindex=\"-1\">\n\t\t\tTutustu tarkemmin \u00bb\t\t<\/a>\n\n\t\t\t\t<\/div>\n\t\t\t\t<\/article>\n\t\t\t\t<article class=\"elementor-post elementor-grid-item post-16246 nayttely type-nayttely status-publish has-post-thumbnail hentry nayttely_tax-muut\" role=\"listitem\">\n\t\t\t\t<a class=\"elementor-post__thumbnail__link\" href=\"https:\/\/mobilia.fi\/fi\/nayttely\/sevettijarven-museoerikoiskoe\/\" tabindex=\"-1\">\n\t\t\t<div class=\"elementor-post__thumbnail\"><img decoding=\"async\" width=\"300\" height=\"225\" src=\"https:\/\/mobilia.fi\/wp-content\/uploads\/2026\/01\/Escort1-300x225.jpg\" class=\"attachment-medium size-medium wp-image-16249\" alt=\"Punainen Ford Escort Twin Cam -ralliauto vm. 1968 talvisessa pakkass\u00e4\u00e4ss\u00e4 odottamassa siirtoa sis\u00e4\u00e4n Rallimuseon n\u00e4yttelytilana toimivaan punaiseen puurakenteiseen ulkorakennukseen. Taustalla n\u00e4kyy Sevetin baarin luminen katto.\" srcset=\"https:\/\/mobilia.fi\/wp-content\/uploads\/2026\/01\/Escort1-300x225.jpg 300w, https:\/\/mobilia.fi\/wp-content\/uploads\/2026\/01\/Escort1-1024x768.jpg 1024w, https:\/\/mobilia.fi\/wp-content\/uploads\/2026\/01\/Escort1-768x576.jpg 768w, https:\/\/mobilia.fi\/wp-content\/uploads\/2026\/01\/Escort1-1536x1152.jpg 1536w, https:\/\/mobilia.fi\/wp-content\/uploads\/2026\/01\/Escort1-2048x1536.jpg 2048w\" sizes=\"(max-width: 300px) 100vw, 300px\" \/><\/div>\n\t\t<\/a>\n\t\t\t\t<div class=\"elementor-post__text\">\n\t\t\t\t<h3 class=\"elementor-post__title\">\n\t\t\t<a href=\"https:\/\/mobilia.fi\/fi\/nayttely\/sevettijarven-museoerikoiskoe\/\">\n\t\t\t\tSevettij\u00e4rven museoerikoiskoe\t\t\t<\/a>\n\t\t<\/h3>\n\t\t\t\t<div class=\"elementor-post__excerpt\">\n\t\t\t<p>Sevettij\u00e4rven museoerikoiskoe Rallin\u00e4yttely Sevetin Baari &amp; Guesthousen tiloissa Sevettij\u00e4rvi on Suomen ensimm\u00e4inen nimetty museoerikoiskoe. Se on osa Mobilian Rallimuseon laajempaa museoerikoiskoe-verkostoa, jonka tavoitteena on tuoda<\/p>\n\t\t<\/div>\n\t\t\n\t\t<a class=\"elementor-post__read-more\" href=\"https:\/\/mobilia.fi\/fi\/nayttely\/sevettijarven-museoerikoiskoe\/\" aria-label=\"Read more about Sevettij\u00e4rven museoerikoiskoe\" tabindex=\"-1\">\n\t\t\tTutustu tarkemmin \u00bb\t\t<\/a>\n\n\t\t\t\t<\/div>\n\t\t\t\t<\/article>\n\t\t\t\t<\/div>\n\t\t\n\t\t\t\t\t\t<\/div>\n\t\t\t\t<\/div>\n\t\t\t\t\t<\/div>\n\t\t<\/div>\n\t\t\t\t\t<\/div>\n\t\t<\/section>\n\t\t\t\t\t<\/div>\n\t\t<\/div>\n\t\t\t\t\t<\/div>\n\t\t<\/section>\n\t\t\t\t<\/div>\n\t\t","protected":false},"excerpt":{"rendered":"<p>Muut kohteet<\/p>\n","protected":false},"author":1,"featured_media":382,"parent":12,"menu_order":0,"comment_status":"closed","ping_status":"closed","template":"","meta":{"_acf_changed":false,"inline_featured_image":false,"footnotes":""},"class_list":["post-2271","page","type-page","status-publish","has-post-thumbnail","hentry"],"acf":[],"_links":{"self":[{"href":"https:\/\/mobilia.fi\/fi\/wp-json\/wp\/v2\/pages\/2271","targetHints":{"allow":["GET"]}}],"collection":[{"href":"https:\/\/mobilia.fi\/fi\/wp-json\/wp\/v2\/pages"}],"about":[{"href":"https:\/\/mobilia.fi\/fi\/wp-json\/wp\/v2\/types\/page"}],"author":[{"embeddable":true,"href":"https:\/\/mobilia.fi\/fi\/wp-json\/wp\/v2\/users\/1"}],"replies":[{"embeddable":true,"href":"https:\/\/mobilia.fi\/fi\/wp-json\/wp\/v2\/comments?post=2271"}],"version-history":[{"count":6,"href":"https:\/\/mobilia.fi\/fi\/wp-json\/wp\/v2\/pages\/2271\/revisions"}],"predecessor-version":[{"id":3022,"href":"https:\/\/mobilia.fi\/fi\/wp-json\/wp\/v2\/pages\/2271\/revisions\/3022"}],"up":[{"embeddable":true,"href":"https:\/\/mobilia.fi\/fi\/wp-json\/wp\/v2\/pages\/12"}],"wp:featuredmedia":[{"embeddable":true,"href":"https:\/\/mobilia.fi\/fi\/wp-json\/wp\/v2\/media\/382"}],"wp:attachment":[{"href":"https:\/\/mobilia.fi\/fi\/wp-json\/wp\/v2\/media?parent=2271"}],"curies":[{"name":"wp","href":"https:\/\/api.w.org\/{rel}","templated":true}]}}