{"id":2721,"date":"2021-01-13T10:10:44","date_gmt":"2021-01-13T08:10:44","guid":{"rendered":"https:\/\/mobilia.fi\/?page_id=2721"},"modified":"2025-11-03T10:32:22","modified_gmt":"2025-11-03T08:32:22","slug":"lounas","status":"publish","type":"page","link":"https:\/\/mobilia.fi\/fi\/vieraile\/ravintola\/lounas\/","title":{"rendered":"Lounas"},"content":{"rendered":"\t\t<div data-elementor-type=\"wp-page\" data-elementor-id=\"2721\" class=\"elementor elementor-2721\" data-elementor-post-type=\"page\">\n\t\t\t\t\t\t<section class=\"elementor-section elementor-top-section elementor-element elementor-element-3bfccbec elementor-section-height-min-height elementor-section-boxed elementor-section-height-default elementor-section-items-middle\" data-id=\"3bfccbec\" data-element_type=\"section\" data-e-type=\"section\" data-settings=\"{&quot;background_background&quot;:&quot;classic&quot;}\">\n\t\t\t\t\t\t\t<div class=\"elementor-background-overlay\"><\/div>\n\t\t\t\t\t\t\t<div class=\"elementor-container elementor-column-gap-default\">\n\t\t\t\t\t<div class=\"elementor-column elementor-col-100 elementor-top-column elementor-element elementor-element-1b2d6736\" data-id=\"1b2d6736\" data-element_type=\"column\" data-e-type=\"column\">\n\t\t\t<div class=\"elementor-widget-wrap elementor-element-populated\">\n\t\t\t\t\t\t<div class=\"elementor-element elementor-element-12a120f4 elementor-widget elementor-widget-text-editor\" data-id=\"12a120f4\" data-element_type=\"widget\" data-e-type=\"widget\" data-widget_type=\"text-editor.default\">\n\t\t\t\t<div class=\"elementor-widget-container\">\n\t\t\t\t\t\t\t\t\t<h1>Kahvilalounas<\/h1><p>Tervetuloa herkuttelemaan!<\/p>\t\t\t\t\t\t\t\t<\/div>\n\t\t\t\t<\/div>\n\t\t\t\t\t<\/div>\n\t\t<\/div>\n\t\t\t\t\t<\/div>\n\t\t<\/section>\n\t\t\t\t<section class=\"elementor-section elementor-top-section elementor-element elementor-element-207db7d elementor-section-boxed elementor-section-height-default elementor-section-height-default\" data-id=\"207db7d\" data-element_type=\"section\" data-e-type=\"section\">\n\t\t\t\t\t\t<div class=\"elementor-container elementor-column-gap-default\">\n\t\t\t\t\t<div class=\"elementor-column elementor-col-50 elementor-top-column elementor-element elementor-element-8aca353\" data-id=\"8aca353\" data-element_type=\"column\" data-e-type=\"column\">\n\t\t\t<div class=\"elementor-widget-wrap elementor-element-populated\">\n\t\t\t\t\t\t<div class=\"elementor-element elementor-element-51ec90f elementor-widget elementor-widget-text-editor\" data-id=\"51ec90f\" data-element_type=\"widget\" data-e-type=\"widget\" data-widget_type=\"text-editor.default\">\n\t\t\t\t<div class=\"elementor-widget-container\">\n\t\t\t\t\t\t\t\t\t<h3><span style=\"color: #009cdf;\">Kahvilalounas<\/span><\/h3><p>Ravintola Mobilian kahvilalounas tarjoillaan noutop\u00f6yd\u00e4st\u00e4<strong> maanantaista lauantaihin<\/strong> klo 11\u201314. Sunnuntaisin tarjolla on keittolounas klo 12\u201315 (ei sunnuntaibrunssip\u00e4ivin\u00e4).<\/p><p>Noutop\u00f6yt\u00e4lounas sis\u00e4lt\u00e4\u00e4 salaattip\u00f6yd\u00e4n, p\u00e4\u00e4ruoan, lisukkeet, leip\u00e4valikoiman, levitteen, j\u00e4\u00e4vett\u00e4 sek\u00e4 kahvi\/tee ja pieni makea.\u00a0<\/p><p>Lounasta on mahdollista ostaa my\u00f6s mukaan.<\/p><p>Tervetuloa nauttimaan hyv\u00e4st\u00e4 ruuasta upeissa j\u00e4rvimaisemissa!<\/p>\t\t\t\t\t\t\t\t<\/div>\n\t\t\t\t<\/div>\n\t\t\t\t\t<\/div>\n\t\t<\/div>\n\t\t\t\t<div class=\"elementor-column elementor-col-50 elementor-top-column elementor-element elementor-element-81a7874\" data-id=\"81a7874\" data-element_type=\"column\" data-e-type=\"column\">\n\t\t\t<div class=\"elementor-widget-wrap elementor-element-populated\">\n\t\t\t\t\t\t<div class=\"elementor-element elementor-element-8b4146a elementor-widget elementor-widget-text-editor\" data-id=\"8b4146a\" data-element_type=\"widget\" data-e-type=\"widget\" data-widget_type=\"text-editor.default\">\n\t\t\t\t<div class=\"elementor-widget-container\">\n\t\t\t\t\t\t\t\t\t<h3><span style=\"color: #009cdf;\">Lounashinnat<\/span><\/h3><p>Arkisin lounas 13,50 \u20ac, lauantaisin 16,50 \u20ac.<\/p><p>Ruokailevan aikuisen seurassa 3\u201312-vuotiaat sy\u00f6v\u00e4t puoleen hintaan.\u00a0Alle 3-vuotiaat lounastavat ilmaiseksi.<\/p><p>Voit maksaa my\u00f6s Smartumin, Edenredin ja ePassin lounaseduilla.\u00a0<\/p>\t\t\t\t\t\t\t\t<\/div>\n\t\t\t\t<\/div>\n\t\t\t\t\t<\/div>\n\t\t<\/div>\n\t\t\t\t\t<\/div>\n\t\t<\/section>\n\t\t\t\t<section class=\"elementor-section elementor-top-section elementor-element elementor-element-96a2d85 elementor-section-boxed elementor-section-height-default elementor-section-height-default\" data-id=\"96a2d85\" data-element_type=\"section\" data-e-type=\"section\">\n\t\t\t\t\t\t<div class=\"elementor-container elementor-column-gap-default\">\n\t\t\t\t\t<div class=\"elementor-column elementor-col-100 elementor-top-column elementor-element elementor-element-4d68e93\" data-id=\"4d68e93\" data-element_type=\"column\" data-e-type=\"column\">\n\t\t\t<div class=\"elementor-widget-wrap elementor-element-populated\">\n\t\t\t\t\t\t\t<\/div>\n\t\t<\/div>\n\t\t\t\t\t<\/div>\n\t\t<\/section>\n\t\t\t\t<section class=\"elementor-section elementor-top-section elementor-element elementor-element-0b58c14 elementor-section-boxed elementor-section-height-default elementor-section-height-default\" data-id=\"0b58c14\" data-element_type=\"section\" data-e-type=\"section\">\n\t\t\t\t\t\t<div class=\"elementor-container elementor-column-gap-default\">\n\t\t\t\t\t<div class=\"elementor-column elementor-col-100 elementor-top-column elementor-element elementor-element-9a80519\" data-id=\"9a80519\" data-element_type=\"column\" data-e-type=\"column\">\n\t\t\t<div class=\"elementor-widget-wrap elementor-element-populated\">\n\t\t\t\t\t\t<div class=\"elementor-element elementor-element-3eea8ea elementor-widget elementor-widget-html\" data-id=\"3eea8ea\" data-element_type=\"widget\" data-e-type=\"widget\" data-widget_type=\"html.default\">\n\t\t\t\t<div class=\"elementor-widget-container\">\n\t\t\t\t\t<div data-lounastaja-widget-id=\"2XAi9gI74g4HbPs4uabb\" data-api-key=\"cba5bf13-558a-4e77-8708-5fc03dcdb801\">\r\n<\/div>\r\n<script defer src=\"https:\/\/lounastaja.app\/widget\/base.min.js\">\r\n<\/script>\t\t\t\t<\/div>\n\t\t\t\t<\/div>\n\t\t\t\t\t<\/div>\n\t\t<\/div>\n\t\t\t\t\t<\/div>\n\t\t<\/section>\n\t\t\t\t<\/div>\n\t\t","protected":false},"excerpt":{"rendered":"<p>Kahvilalounas Tervetuloa herkuttelemaan! Kahvilalounas Ravintola Mobilian kahvilalounas tarjoillaan noutop\u00f6yd\u00e4st\u00e4 maanantaista lauantaihin klo 11\u201314. Sunnuntaisin tarjolla on keittolounas klo 12\u201315 (ei sunnuntaibrunssip\u00e4ivin\u00e4). Noutop\u00f6yt\u00e4lounas sis\u00e4lt\u00e4\u00e4 salaattip\u00f6yd\u00e4n, p\u00e4\u00e4ruoan, lisukkeet, leip\u00e4valikoiman, levitteen, j\u00e4\u00e4vett\u00e4 sek\u00e4 kahvi\/tee ja pieni makea.\u00a0 Lounasta on mahdollista ostaa my\u00f6s mukaan. Tervetuloa nauttimaan hyv\u00e4st\u00e4 ruuasta upeissa j\u00e4rvimaisemissa! Lounashinnat Arkisin lounas 13,50 \u20ac, lauantaisin 16,50 \u20ac. Ruokailevan [&hellip;]<\/p>\n","protected":false},"author":2,"featured_media":1392,"parent":739,"menu_order":2,"comment_status":"closed","ping_status":"closed","template":"","meta":{"_acf_changed":false,"inline_featured_image":false,"footnotes":""},"class_list":["post-2721","page","type-page","status-publish","has-post-thumbnail","hentry"],"acf":[],"_links":{"self":[{"href":"https:\/\/mobilia.fi\/fi\/wp-json\/wp\/v2\/pages\/2721","targetHints":{"allow":["GET"]}}],"collection":[{"href":"https:\/\/mobilia.fi\/fi\/wp-json\/wp\/v2\/pages"}],"about":[{"href":"https:\/\/mobilia.fi\/fi\/wp-json\/wp\/v2\/types\/page"}],"author":[{"embeddable":true,"href":"https:\/\/mobilia.fi\/fi\/wp-json\/wp\/v2\/users\/2"}],"replies":[{"embeddable":true,"href":"https:\/\/mobilia.fi\/fi\/wp-json\/wp\/v2\/comments?post=2721"}],"version-history":[{"count":439,"href":"https:\/\/mobilia.fi\/fi\/wp-json\/wp\/v2\/pages\/2721\/revisions"}],"predecessor-version":[{"id":16043,"href":"https:\/\/mobilia.fi\/fi\/wp-json\/wp\/v2\/pages\/2721\/revisions\/16043"}],"up":[{"embeddable":true,"href":"https:\/\/mobilia.fi\/fi\/wp-json\/wp\/v2\/pages\/739"}],"wp:featuredmedia":[{"embeddable":true,"href":"https:\/\/mobilia.fi\/fi\/wp-json\/wp\/v2\/media\/1392"}],"wp:attachment":[{"href":"https:\/\/mobilia.fi\/fi\/wp-json\/wp\/v2\/media?parent=2721"}],"curies":[{"name":"wp","href":"https:\/\/api.w.org\/{rel}","templated":true}]}}