{"id":3471,"date":"2021-01-20T13:33:34","date_gmt":"2021-01-20T11:33:34","guid":{"rendered":"https:\/\/mobilia.fi\/?page_id=3471"},"modified":"2021-12-21T11:41:47","modified_gmt":"2021-12-21T09:41:47","slug":"automuseoiden-neuvottelukunta","status":"publish","type":"page","link":"https:\/\/mobilia.fi\/fi\/museo\/automuseoiden-neuvottelukunta\/","title":{"rendered":"Automuseoiden neuvottelukunta"},"content":{"rendered":"\t\t<div data-elementor-type=\"wp-page\" data-elementor-id=\"3471\" class=\"elementor elementor-3471\" data-elementor-post-type=\"page\">\n\t\t\t\t\t\t<section class=\"elementor-section elementor-top-section elementor-element elementor-element-48a1e29a elementor-section-height-min-height elementor-section-boxed elementor-section-height-default elementor-section-items-middle\" data-id=\"48a1e29a\" data-element_type=\"section\" data-e-type=\"section\" data-settings=\"{&quot;background_background&quot;:&quot;classic&quot;}\">\n\t\t\t\t\t\t\t<div class=\"elementor-background-overlay\"><\/div>\n\t\t\t\t\t\t\t<div class=\"elementor-container elementor-column-gap-default\">\n\t\t\t\t\t<div class=\"elementor-column elementor-col-100 elementor-top-column elementor-element elementor-element-1241ad5c\" data-id=\"1241ad5c\" data-element_type=\"column\" data-e-type=\"column\">\n\t\t\t<div class=\"elementor-widget-wrap elementor-element-populated\">\n\t\t\t\t\t\t<div class=\"elementor-element elementor-element-37e9f53f elementor-widget elementor-widget-text-editor\" data-id=\"37e9f53f\" data-element_type=\"widget\" data-e-type=\"widget\" data-widget_type=\"text-editor.default\">\n\t\t\t\t<div class=\"elementor-widget-container\">\n\t\t\t\t\t\t\t\t\t<h1>Automuseoiden neuvottelukunta<\/h1>\t\t\t\t\t\t\t\t<\/div>\n\t\t\t\t<\/div>\n\t\t\t\t\t<\/div>\n\t\t<\/div>\n\t\t\t\t\t<\/div>\n\t\t<\/section>\n\t\t\t\t<section class=\"elementor-section elementor-top-section elementor-element elementor-element-181e172 elementor-section-boxed elementor-section-height-default elementor-section-height-default\" data-id=\"181e172\" data-element_type=\"section\" data-e-type=\"section\">\n\t\t\t\t\t\t<div class=\"elementor-container elementor-column-gap-default\">\n\t\t\t\t\t<div class=\"elementor-column elementor-col-100 elementor-top-column elementor-element elementor-element-9e2367a\" data-id=\"9e2367a\" data-element_type=\"column\" data-e-type=\"column\">\n\t\t\t<div class=\"elementor-widget-wrap elementor-element-populated\">\n\t\t\t\t\t\t<div class=\"elementor-element elementor-element-b671131 elementor-widget elementor-widget-text-editor\" data-id=\"b671131\" data-element_type=\"widget\" data-e-type=\"widget\" data-widget_type=\"text-editor.default\">\n\t\t\t\t<div class=\"elementor-widget-container\">\n\t\t\t\t\t\t\t\t\t<p>Automuseoiden neuvottelukunta on Suomessa toimivien moottoriajoneuvomuseoiden yhteisty\u00f6elin. Se aloitti toimintansa vuonna 2007. Neuvottelukunnan tavoite on keskin\u00e4isen yhteisty\u00f6n kehitt\u00e4minen, yhteinen viestint\u00e4 ja toisilta oppiminen.<\/p><p>Neuvottelukuntaan kuuluu 21 ajoneuvomuseota. J\u00e4senmuseot l\u00f6ytyv\u00e4t pdf-kartalta, jonka voit ladata t\u00e4st\u00e4.<\/p><p>Neuvottelukunnan koordinaattorina toimii tieliikenteen valtakunnallinen vastuumuseo Mobilia opetus- ja kulttuuriministeri\u00f6n tuella. Museovirasto on osallistunut asiantuntijana neuvottelukunnan ty\u00f6h\u00f6n.<\/p><p>Automuseoiden neuvottelukunta kokoontuu kaksi kertaa vuodessa yhteisille neuvottelup\u00e4iville. Yhdistys on julkaissut yhteist\u00e4 automuseoiden esitett\u00e4 vuodesta 2011 ja palkinnut vuoden ajoneuvomuseon vuodesta 2017 alkaen.<\/p>\t\t\t\t\t\t\t\t<\/div>\n\t\t\t\t<\/div>\n\t\t\t\t\t<\/div>\n\t\t<\/div>\n\t\t\t\t\t<\/div>\n\t\t<\/section>\n\t\t\t\t<\/div>\n\t\t","protected":false},"excerpt":{"rendered":"<p>Automuseoiden neuvottelukunta Automuseoiden neuvottelukunta on Suomessa toimivien moottoriajoneuvomuseoiden yhteisty\u00f6elin. Se aloitti toimintansa vuonna 2007. Neuvottelukunnan tavoite on keskin\u00e4isen yhteisty\u00f6n kehitt\u00e4minen, yhteinen viestint\u00e4 ja toisilta oppiminen. Neuvottelukuntaan kuuluu 21 ajoneuvomuseota. J\u00e4senmuseot l\u00f6ytyv\u00e4t pdf-kartalta, jonka voit ladata t\u00e4st\u00e4. Neuvottelukunnan koordinaattorina toimii tieliikenteen valtakunnallinen vastuumuseo Mobilia opetus- ja kulttuuriministeri\u00f6n tuella. Museovirasto on osallistunut asiantuntijana neuvottelukunnan ty\u00f6h\u00f6n. Automuseoiden neuvottelukunta [&hellip;]<\/p>\n","protected":false},"author":2,"featured_media":473,"parent":18,"menu_order":2,"comment_status":"closed","ping_status":"closed","template":"","meta":{"_acf_changed":false,"inline_featured_image":false,"footnotes":""},"class_list":["post-3471","page","type-page","status-publish","has-post-thumbnail","hentry"],"acf":[],"_links":{"self":[{"href":"https:\/\/mobilia.fi\/fi\/wp-json\/wp\/v2\/pages\/3471","targetHints":{"allow":["GET"]}}],"collection":[{"href":"https:\/\/mobilia.fi\/fi\/wp-json\/wp\/v2\/pages"}],"about":[{"href":"https:\/\/mobilia.fi\/fi\/wp-json\/wp\/v2\/types\/page"}],"author":[{"embeddable":true,"href":"https:\/\/mobilia.fi\/fi\/wp-json\/wp\/v2\/users\/2"}],"replies":[{"embeddable":true,"href":"https:\/\/mobilia.fi\/fi\/wp-json\/wp\/v2\/comments?post=3471"}],"version-history":[{"count":22,"href":"https:\/\/mobilia.fi\/fi\/wp-json\/wp\/v2\/pages\/3471\/revisions"}],"predecessor-version":[{"id":5037,"href":"https:\/\/mobilia.fi\/fi\/wp-json\/wp\/v2\/pages\/3471\/revisions\/5037"}],"up":[{"embeddable":true,"href":"https:\/\/mobilia.fi\/fi\/wp-json\/wp\/v2\/pages\/18"}],"wp:featuredmedia":[{"embeddable":true,"href":"https:\/\/mobilia.fi\/fi\/wp-json\/wp\/v2\/media\/473"}],"wp:attachment":[{"href":"https:\/\/mobilia.fi\/fi\/wp-json\/wp\/v2\/media?parent=3471"}],"curies":[{"name":"wp","href":"https:\/\/api.w.org\/{rel}","templated":true}]}}