{"id":3485,"date":"2021-01-20T13:41:22","date_gmt":"2021-01-20T11:41:22","guid":{"rendered":"https:\/\/mobilia.fi\/?page_id=3485"},"modified":"2025-05-19T13:46:59","modified_gmt":"2025-05-19T10:46:59","slug":"vuoden-ajoneuvomuseo","status":"publish","type":"page","link":"https:\/\/mobilia.fi\/fi\/museo\/vuoden-ajoneuvomuseo\/","title":{"rendered":"Vuoden ajoneuvomuseo -palkinto"},"content":{"rendered":"\t\t<div data-elementor-type=\"wp-page\" data-elementor-id=\"3485\" class=\"elementor elementor-3485\" data-elementor-post-type=\"page\">\n\t\t\t\t\t\t<section class=\"elementor-section elementor-top-section elementor-element elementor-element-48a1e29a elementor-section-height-min-height elementor-section-boxed elementor-section-height-default elementor-section-items-middle\" data-id=\"48a1e29a\" data-element_type=\"section\" data-e-type=\"section\" data-settings=\"{&quot;background_background&quot;:&quot;classic&quot;}\">\n\t\t\t\t\t\t\t<div class=\"elementor-background-overlay\"><\/div>\n\t\t\t\t\t\t\t<div class=\"elementor-container elementor-column-gap-default\">\n\t\t\t\t\t<div class=\"elementor-column elementor-col-100 elementor-top-column elementor-element elementor-element-1241ad5c\" data-id=\"1241ad5c\" data-element_type=\"column\" data-e-type=\"column\">\n\t\t\t<div class=\"elementor-widget-wrap elementor-element-populated\">\n\t\t\t\t\t\t<div class=\"elementor-element elementor-element-37e9f53f elementor-widget elementor-widget-text-editor\" data-id=\"37e9f53f\" data-element_type=\"widget\" data-e-type=\"widget\" data-widget_type=\"text-editor.default\">\n\t\t\t\t<div class=\"elementor-widget-container\">\n\t\t\t\t\t\t\t\t\t<h1>Vuoden ajoneuvomuseo<br \/>-palkinto<\/h1>\t\t\t\t\t\t\t\t<\/div>\n\t\t\t\t<\/div>\n\t\t\t\t\t<\/div>\n\t\t<\/div>\n\t\t\t\t\t<\/div>\n\t\t<\/section>\n\t\t\t\t<section class=\"elementor-section elementor-top-section elementor-element elementor-element-181e172 elementor-section-boxed elementor-section-height-default elementor-section-height-default\" data-id=\"181e172\" data-element_type=\"section\" data-e-type=\"section\">\n\t\t\t\t\t\t<div class=\"elementor-container elementor-column-gap-default\">\n\t\t\t\t\t<div class=\"elementor-column elementor-col-100 elementor-top-column elementor-element elementor-element-9e2367a\" data-id=\"9e2367a\" data-element_type=\"column\" data-e-type=\"column\">\n\t\t\t<div class=\"elementor-widget-wrap elementor-element-populated\">\n\t\t\t\t\t\t<div class=\"elementor-element elementor-element-b671131 elementor-widget elementor-widget-text-editor\" data-id=\"b671131\" data-element_type=\"widget\" data-e-type=\"widget\" data-widget_type=\"text-editor.default\">\n\t\t\t\t<div class=\"elementor-widget-container\">\n\t\t\t\t\t\t\t\t\t<h3><span style=\"color: #009cdf;\">Tavoite<\/span><\/h3><p>Vuoden ajoneuvomuseo -palkinto on vuosittain jaettava tunnustuspalkinto, jolla pyrit\u00e4\u00e4n lis\u00e4\u00e4m\u00e4\u00e4n ajoneuvomuseoiden tunnettuutta ja arvostusta. Tavoitteena on my\u00f6s jakaa museoiden kesken hyvi\u00e4 k\u00e4yt\u00e4nteit\u00e4 ja auttaa parantamaan asiakastyytyv\u00e4isyytt\u00e4.<\/p><h3><span style=\"color: #009cdf;\">Palkitsemisperusteet<\/span><\/h3><p>Palkinnolla haetaan parhaita onnistujia eli annetaan tunnustusta niille, jotka ovat onnistuneet ty\u00f6ss\u00e4\u00e4n huomionarvoisella tavalla. Koska absoluuttisesti parasta ei pystyt\u00e4 m\u00e4\u00e4rittelem\u00e4\u00e4n, palkinto my\u00f6nnet\u00e4\u00e4n museolle, joka on omalla toiminnallaan edist\u00e4nyt merkitt\u00e4v\u00e4ll\u00e4 tavalla ajoneuvomuseoiden yhteiskunnallista n\u00e4kyvyytt\u00e4 ja vaikuttavuutta. Museon toiminta tuo uusia tai erilaisia n\u00e4k\u00f6kulmia, ideoita ja ajatuksia ajoneuvomuseoalalle. Vahva kehitt\u00e4misty\u00f6, monipuoliset kokoelmat, onnistunut panostus esimerkiksi tiettyyn ajoneuvotyyppiin, siisteys ja huomionarvoiset teeman\u00e4yttelyt ovat merkille pantavia seikkoja palkitsemisp\u00e4\u00e4t\u00f6st\u00e4 teht\u00e4ess\u00e4. Lis\u00e4ksi Vuoden erikoispalkinto voidaan my\u00f6nt\u00e4\u00e4 museolle, ty\u00f6ryhm\u00e4lle, projektille tai henkil\u00f6lle merkitt\u00e4v\u00e4st\u00e4 museoteosta tai pitk\u00e4j\u00e4nteisest\u00e4 vaikuttamisesta ajoneuvomuseoalan kehitt\u00e4miseksi.<\/p><h3><span style=\"color: #009cdf;\">Vuoden ajoneuvomuseon valitseminen<\/span><\/h3><p>Vuoden ajoneuvomuseo valitaan Automuseoiden neuvottelukunta ry:n j\u00e4senist\u00f6lt\u00e4 saatujen palautteiden tai esitysten pohjalta. Eniten kannatusta saanut museo on voittaja. Yhdistys kuitenkin pid\u00e4tt\u00e4\u00e4 itselleen valtuuden tehd\u00e4 lopullisen valinnan. Sihteeri j\u00e4rjest\u00e4\u00e4 \u00e4\u00e4nestyksen, ker\u00e4\u00e4 \u00e4\u00e4net ja hyv\u00e4ksytt\u00e4\u00e4 lopputuloksen \u00e4\u00e4nestykseen oikeutetuilla.<\/p><p>Jokaisella Ajoneuvomuseoiden neuvottelukunnan toimintaan osallistuvalla ajoneuvomuseolla on yksi \u00e4\u00e4ni. My\u00f6s omaa museota saa \u00e4\u00e4nest\u00e4\u00e4. P\u00e4\u00e4s\u00e4\u00e4nt\u00f6isesti valitaan vuosittain eri museoita, mutta poikkeuksellisen monta per\u00e4tt\u00e4ist\u00e4 my\u00f6nt\u00e4misperusteiden mukaista menestysvuotta voi oikeuttaa per\u00e4tt\u00e4iseen tai toistuvaan palkitsemiseen. P\u00e4\u00e4s\u00e4\u00e4nt\u00f6isesti arviointikausi on vuosi \u00e4\u00e4nestystapahtumasta taaksep\u00e4in.<\/p><h3><span style=\"color: #009cdf;\">Palkinto ja palkitsemistilaisuus<\/span><\/h3><p>Mobilia lahjoittaa kiertopalkinnon ja tuottaa kunniakirjan. Palkinto jaetaan Lahden Classic Motor Show&#8217;n ohjelmanumerona tai vastaavassa tilaisuudessa.<\/p><h2><span style=\"color: #009cdf;\">Vuoden ajoneuvomuseot<\/span><\/h2><h4>2025: Woikosken Automuseo<\/h4><p>Kiertopalkinnolla halutaan kunnioittaa Woikosken Automuseon perustajan, Clas Palmbergin aivan liian varhain p\u00e4\u00e4ttynytt\u00e4 el\u00e4m\u00e4nty\u00f6t\u00e4 ja kunnianhimoista suhtautumista liikkuvaan kulttuuriperint\u00f6\u00f6n niin maassa kuin ilmassa. Palkinnon my\u00f6t\u00e4 Automuseoiden Neuvottelukunta haluaa my\u00f6s tukea ja rohkaista museon jatkumista osana suomalaista ajoneuvomuseoiden kentt\u00e4\u00e4.<br \/><a href=\"https:\/\/www.woikoskifeeling.fi\/museot\/woikosken-automuseo.html\" target=\"_blank\" rel=\"noopener\">Tutustu museoon t\u00e4st\u00e4.<\/a><\/p><h4>2024: Auton ja tien museo Mobilia<\/h4><p>Valintaperusteluissa Automuseoiden neuvottelukunnan j\u00e4senmuseot nostivat esiin erityisesti yhteisty\u00f6n helppouden: toimijan koolla tai taustayhteis\u00f6ll\u00e4 ei ole ollut merkityst\u00e4, kaikki ovat saaneet apua ja tukea Mobilialta sit\u00e4 tarvitessaan. Yhteisty\u00f6n onnistumisen kannalta merkitt\u00e4v\u00e4ss\u00e4 roolissa on ollut Mobilian pitk\u00e4aikainen henkil\u00f6kunta. Merkillepantavaa on, ett\u00e4 t\u00e4m\u00e4n tasoinen avoin ja tasa-arvoinen vuoropuhelu ja yhteisty\u00f6 ei ole viel\u00e4 itsest\u00e4\u00e4n selv\u00e4\u00e4 kaikilla toimialoilla. Mobilia on saanut automuseoiden, harrastajien, yritt\u00e4jien ja muiden moninaisten toimijoiden kesken yhteisty\u00f6n toimimaan. \u00a0Perusteluissa mainittiin my\u00f6s mittava ty\u00f6 museon kehitt\u00e4miseksi sek\u00e4 rohkeus tehd\u00e4 uusia avauksia. Museovieras saa moniulotteisen kokemuksen, jossa yhdistyv\u00e4t mielenkiintoiset esineet, kuvat, videot ja \u00e4\u00e4nimaailmat sek\u00e4 tekeminen. N\u00e4yttelyiden teemat luovat sivujuonteineen yhten\u00e4isen tarinaan, joka kulkee polkuna l\u00e4pi museon.<\/p><h4>2023: Etel\u00e4-Karjalan Automuseo<\/h4><p>Palkintolautakunta perusteli valintaa aktiivisella talkootoiminnalla ja tilojen kehitt\u00e4misell\u00e4.\u00a0 Museo on kantanut huolta aikoinaan rajan taakse j\u00e4\u00e4neen Viipurin suomalaisen ajoneuvohistorian tallentamisesta. Aiemmin virtuaalisesti verkossa toiminut Rekisterikilpimuseo p\u00e4ivitettiin koronan keskell\u00e4 el\u00e4v\u00e4ksi n\u00e4yttelyksi suomalaisen rekisterikilven 100-vuotisjuhlien kunniaksi. My\u00f6s naapurikaupungin merkitt\u00e4v\u00e4 moottoriurheilutapahtuma, Imatran ajot, on museolla saanut oman osastonsa.<br \/><a href=\"https:\/\/ekautomuseo.fi\/\" target=\"_blank\" rel=\"noopener\">Tutustu museoon t\u00e4st\u00e4.<\/a><\/p><h4>2022: Suomen Moottoripy\u00f6r\u00e4museo<\/h4><p>Palkintolautakunta laittoi merkille uraauurtavan tavan j\u00e4rjest\u00e4\u00e4 museon toiminnalle ja jatkuvalle kehitt\u00e4miselle rahoituksia. Riku Routon ja Suomen moottoripy\u00f6r\u00e4museon valintaa vuoden ajoneuvomuseoksi perusteltiin my\u00f6s sille, ett\u00e4 museo on pitk\u00e4lti rakentunut yhden miehen ennakkoluulottomiin ajatuksiin ja voimiin, kun monilla museoilla on yleens\u00e4 taustaorganisaatio tai yhdistys resursseineen toimintaa p\u00f6nkitt\u00e4m\u00e4ss\u00e4. Museon rakentaminen tapahtui nykymaailman menoa mukaillen ja l\u00e4hialueen purettuja rakennuksia tyylikk\u00e4\u00e4sti kierr\u00e4tt\u00e4en &#8211; oltiin aikaansa edell\u00e4 kiertotaloudessakin. Reilun kymmenen vuoden aukiolon aikana mukaan matkalla on tullut tueksi kansainv\u00e4lisi\u00e4 ajoneuvolajin kuljettajia sek\u00e4 kahvilaketju. Museolle, satamamaisemaan, on syntynyt kes\u00e4isen aktiivisesti toimiva tapahtumakeskus.<br \/><a href=\"https:\/\/www.moottoripyoramuseo.fi\/\" target=\"_blank\" rel=\"noopener\">Tutustu museoon t\u00e4st\u00e4.<\/a><\/p><p><strong>2021:<\/strong> Covid19-tilanteen vuoksi palkintoa ei jaettu<\/p><h4>2020: Vehoniemen Automuseo<\/h4><p>Vehoniemen Automuseo valintaa vuoden ajoneuvomuseoksi perustellaan Olavi ja Lilja Sallisen perheen pitk\u00e4aikaisella nyky\u00e4\u00e4n kolmannessa sukupolvessa jatkuvalla ty\u00f6ll\u00e4 ajoneuvokulttuurin parissa, sopivalla annoksella luovaa hulluutta sek\u00e4 liiketaloudellisella osaamisella. T\u00e4st\u00e4 k\u00e4y hyv\u00e4n\u00e4 esimerkkin\u00e4 hyvin suunniteltu ja toteutettu joukkorahoituskampanja, joka mahdollisti museon laajennuksen kes\u00e4ll\u00e4 2019.<br \/><a href=\"http:\/\/automuseo.com\" target=\"_blank\" rel=\"noopener\">Tutustu museoon t\u00e4st\u00e4.<\/a><\/p><h4>2019: Espoon automuseo<\/h4><p>Espoon automuseon palkitsemista perustellaan museon pitk\u00e4ll\u00e4 40 vuoden historialla, joka perustuu edelleen vahvaan talkooty\u00f6h\u00f6n. Espoon Automuseo on Suomen vanhin ja yksi suurimpia automuseoita \u2013 n\u00e4ytteill\u00e4 on yli 200 ajoneuvoa sek\u00e4 maantieliikenteeseen liittyv\u00e4\u00e4 pienesineist\u00f6\u00e4. Museo sijaitsee vanhassa idyllisess\u00e4 kivinavetassa Bodomj\u00e4rven l\u00e4hell\u00e4 Espoon Pakankyl\u00e4ss\u00e4 kivenheiton p\u00e4\u00e4ss\u00e4 Keh\u00e4 III:lta.<br \/><a href=\"http:\/\/espoonautomuseo.com\/\" target=\"_blank\" rel=\"noopener\">Tutustu museoon t\u00e4st\u00e4.<\/a><\/p><h4>2018: Vaasan auto- ja moottorimuseo<\/h4><p>Vaasan Auto- ja Moottorimuseon palkitsemista perustellaan museorakennuksen kulttuuriarvoilla, poikkeuksellisilla mittasuhteilla, joiden kunnostamisessa talkooty\u00f6ll\u00e4 ja kierr\u00e4tyksell\u00e4 on ollut esimerkillinen panos, sek\u00e4 museon vire\u00e4ll\u00e4 toiminnalla. Vaasan Auto- ja Moottorimuseon taustalla on Vaasan Veteraaniautoseura ry., joka on yll\u00e4pit\u00e4nyt museota vuodesta 1981 l\u00e4htien. Museo perustettiin Varastokadulla, josta se muutti vuonna 2010 nykyisiin tiloihin Vaasan Myllykadulle. Rakennus on paikallisen, nyt jo yli 130 vuotiaan, rautakauppa C. J. Hartmanin vuonna 1939 rakennuttama varastorakennus. Rakennus on suojelukohde. Museovirasto on tukenut rakennuksen kunnostusta. Museossa on esill\u00e4 autoja aina 1900-luvun alusta nykyp\u00e4iv\u00e4\u00e4n sek\u00e4 erilaisia moottoreita, onhan Vaasan seudulla toiminut useita tunnettuja moottorivalmistajia. Lis\u00e4ksi museon kokoelmiin kuuluu mittavan polkupy\u00f6r\u00e4kokoelman lis\u00e4ksi m\u00e4kiautoja, lumikelkkoja, moottoripy\u00f6ri\u00e4 ja mopoja. Rakennuksen kunnostuksen edistyess\u00e4 museon k\u00e4vij\u00e4m\u00e4\u00e4r\u00e4 on kasvanut ja n\u00e4ytt\u00e4\u00e4 kasvavan edelleen.<br \/><a href=\"http:\/\/www.vaasanveteraaniautoseura.fi\/\" target=\"_blank\" rel=\"noopener\">Tutustu museoon t\u00e4st\u00e4.<\/a><\/p><h4>2017: Myllyn vanhat autot, Yl\u00e4mylly\/Liperi<\/h4><p>Palkinnon my\u00f6nt\u00e4mist\u00e4 perustellaan museon huikealla laajenemistahdilla: Museo avattiin kes\u00e4ll\u00e4 1999, jolloin n\u00e4ht\u00e4vill\u00e4 oli 60 autoa 1200 m\u00b2:n tiloissa. Tiloja on siit\u00e4 l\u00e4htien laajennettu joka toinen vuosi, ja nyky\u00e4\u00e4n museolla on yli 4000 m\u00b2 n\u00e4yttelytilaa ja 700 m\u00b2 varastotilaa. Museon\u00e4yttelyss\u00e4 on yli 200 henkil\u00f6autoa, 20 kuorma-autoa, 10 pakettiautoa sek\u00e4 130 moottoripy\u00f6r\u00e4\u00e4 ja mopoa. Merkitt\u00e4v\u00e4n\u00e4 pidettiin my\u00f6s sit\u00e4, ett\u00e4 museo toimii perheyhti\u00f6n\u00e4 ja sen kokoelmiin kuuluvat ajoneuvot on yhti\u00f6n tai sen omistajien l\u00e4hipiiriin kuuluvien omistuksessa. Museo on my\u00f6s avoinna yleis\u00f6lle laajalla aikataululla. Erityisesti palkintoperusteluissa mainittiin Myllyn vanhojen autojen perustaja Keijo Hirvonen, joka on harrastanut museoajoneuvoja jo 60-luvulta l\u00e4htien ja ollut mukana jo vuonna 1979 perustamassa harrastuspohjaista Yl\u00e4myllyn wanhaa automuseota. Keijo osallistuu perheenj\u00e4senineen aktiivisesti museon ajoneuvoilla harrasteajotapahtumiin.<br \/><a href=\"http:\/\/www.automuseo.info\" target=\"_blank\" rel=\"noopener\">Tutustu museoon t\u00e4st\u00e4<\/a>.<\/p>\t\t\t\t\t\t\t\t<\/div>\n\t\t\t\t<\/div>\n\t\t\t\t\t<\/div>\n\t\t<\/div>\n\t\t\t\t\t<\/div>\n\t\t<\/section>\n\t\t\t\t<\/div>\n\t\t","protected":false},"excerpt":{"rendered":"<p>Vuoden ajoneuvomuseo-palkinto Tavoite Vuoden ajoneuvomuseo -palkinto on vuosittain jaettava tunnustuspalkinto, jolla pyrit\u00e4\u00e4n lis\u00e4\u00e4m\u00e4\u00e4n ajoneuvomuseoiden tunnettuutta ja arvostusta. Tavoitteena on my\u00f6s jakaa museoiden kesken hyvi\u00e4 k\u00e4yt\u00e4nteit\u00e4 ja auttaa parantamaan asiakastyytyv\u00e4isyytt\u00e4. Palkitsemisperusteet Palkinnolla haetaan parhaita onnistujia eli annetaan tunnustusta niille, jotka ovat onnistuneet ty\u00f6ss\u00e4\u00e4n huomionarvoisella tavalla. Koska absoluuttisesti parasta ei pystyt\u00e4 m\u00e4\u00e4rittelem\u00e4\u00e4n, palkinto my\u00f6nnet\u00e4\u00e4n museolle, joka on [&hellip;]<\/p>\n","protected":false},"author":2,"featured_media":473,"parent":18,"menu_order":1,"comment_status":"closed","ping_status":"closed","template":"","meta":{"_acf_changed":false,"inline_featured_image":false,"footnotes":""},"class_list":["post-3485","page","type-page","status-publish","has-post-thumbnail","hentry"],"acf":[],"_links":{"self":[{"href":"https:\/\/mobilia.fi\/fi\/wp-json\/wp\/v2\/pages\/3485","targetHints":{"allow":["GET"]}}],"collection":[{"href":"https:\/\/mobilia.fi\/fi\/wp-json\/wp\/v2\/pages"}],"about":[{"href":"https:\/\/mobilia.fi\/fi\/wp-json\/wp\/v2\/types\/page"}],"author":[{"embeddable":true,"href":"https:\/\/mobilia.fi\/fi\/wp-json\/wp\/v2\/users\/2"}],"replies":[{"embeddable":true,"href":"https:\/\/mobilia.fi\/fi\/wp-json\/wp\/v2\/comments?post=3485"}],"version-history":[{"count":9,"href":"https:\/\/mobilia.fi\/fi\/wp-json\/wp\/v2\/pages\/3485\/revisions"}],"predecessor-version":[{"id":15473,"href":"https:\/\/mobilia.fi\/fi\/wp-json\/wp\/v2\/pages\/3485\/revisions\/15473"}],"up":[{"embeddable":true,"href":"https:\/\/mobilia.fi\/fi\/wp-json\/wp\/v2\/pages\/18"}],"wp:featuredmedia":[{"embeddable":true,"href":"https:\/\/mobilia.fi\/fi\/wp-json\/wp\/v2\/media\/473"}],"wp:attachment":[{"href":"https:\/\/mobilia.fi\/fi\/wp-json\/wp\/v2\/media?parent=3485"}],"curies":[{"name":"wp","href":"https:\/\/api.w.org\/{rel}","templated":true}]}}