{"id":575,"date":"2020-03-31T13:51:15","date_gmt":"2020-03-31T10:51:15","guid":{"rendered":"https:\/\/mobilia.fi\/?page_id=575"},"modified":"2021-01-13T11:40:15","modified_gmt":"2021-01-13T09:40:15","slug":"pysyvat-nayttelyt","status":"publish","type":"page","link":"https:\/\/mobilia.fi\/fi\/nayttelyt\/pysyvat-nayttelyt\/","title":{"rendered":"Pysyv\u00e4t n\u00e4yttelyt"},"content":{"rendered":"\t\t<div data-elementor-type=\"wp-page\" data-elementor-id=\"575\" class=\"elementor elementor-575\" data-elementor-post-type=\"page\">\n\t\t\t\t\t\t<section class=\"elementor-section elementor-top-section elementor-element elementor-element-59106ce8 elementor-section-height-min-height elementor-section-boxed elementor-section-height-default elementor-section-items-middle\" data-id=\"59106ce8\" data-element_type=\"section\" data-e-type=\"section\" data-settings=\"{&quot;background_background&quot;:&quot;classic&quot;}\">\n\t\t\t\t\t\t\t<div class=\"elementor-background-overlay\"><\/div>\n\t\t\t\t\t\t\t<div class=\"elementor-container elementor-column-gap-default\">\n\t\t\t\t\t<div class=\"elementor-column elementor-col-100 elementor-top-column elementor-element elementor-element-45c6b0f6\" data-id=\"45c6b0f6\" data-element_type=\"column\" data-e-type=\"column\">\n\t\t\t<div class=\"elementor-widget-wrap elementor-element-populated\">\n\t\t\t\t\t\t<div class=\"elementor-element elementor-element-5d662efe elementor-widget elementor-widget-text-editor\" data-id=\"5d662efe\" data-element_type=\"widget\" data-e-type=\"widget\" data-widget_type=\"text-editor.default\">\n\t\t\t\t<div class=\"elementor-widget-container\">\n\t\t\t\t\t\t\t\t\t<h1>Pysyv\u00e4t n\u00e4yttelyt<\/h1><p>Suosikkien pariin on hyv\u00e4 palata<\/p>\t\t\t\t\t\t\t\t<\/div>\n\t\t\t\t<\/div>\n\t\t\t\t\t<\/div>\n\t\t<\/div>\n\t\t\t\t\t<\/div>\n\t\t<\/section>\n\t\t\t\t<section class=\"elementor-section elementor-top-section elementor-element elementor-element-7fe3f80 elementor-section-boxed elementor-section-height-default elementor-section-height-default\" data-id=\"7fe3f80\" data-element_type=\"section\" data-e-type=\"section\">\n\t\t\t\t\t\t<div class=\"elementor-container elementor-column-gap-default\">\n\t\t\t\t\t<div class=\"elementor-column elementor-col-100 elementor-top-column elementor-element elementor-element-a79881f\" data-id=\"a79881f\" data-element_type=\"column\" data-e-type=\"column\">\n\t\t\t<div class=\"elementor-widget-wrap elementor-element-populated\">\n\t\t\t\t\t\t<section class=\"elementor-section elementor-inner-section elementor-element elementor-element-11a6279 elementor-section-boxed elementor-section-height-default elementor-section-height-default\" data-id=\"11a6279\" data-element_type=\"section\" data-e-type=\"section\">\n\t\t\t\t\t\t<div class=\"elementor-container elementor-column-gap-default\">\n\t\t\t\t\t<div class=\"elementor-column elementor-col-100 elementor-inner-column elementor-element elementor-element-88c0f67\" data-id=\"88c0f67\" data-element_type=\"column\" data-e-type=\"column\">\n\t\t\t<div class=\"elementor-widget-wrap elementor-element-populated\">\n\t\t\t\t\t\t<div class=\"elementor-element elementor-element-eb4246f elementor-grid-4 elementor-grid-tablet-2 elementor-grid-mobile-1 elementor-posts--thumbnail-top elementor-widget elementor-widget-posts\" data-id=\"eb4246f\" data-element_type=\"widget\" data-e-type=\"widget\" data-settings=\"{&quot;classic_columns&quot;:&quot;4&quot;,&quot;classic_columns_tablet&quot;:&quot;2&quot;,&quot;classic_columns_mobile&quot;:&quot;1&quot;,&quot;classic_row_gap&quot;:{&quot;unit&quot;:&quot;px&quot;,&quot;size&quot;:35,&quot;sizes&quot;:[]},&quot;classic_row_gap_tablet&quot;:{&quot;unit&quot;:&quot;px&quot;,&quot;size&quot;:&quot;&quot;,&quot;sizes&quot;:[]},&quot;classic_row_gap_mobile&quot;:{&quot;unit&quot;:&quot;px&quot;,&quot;size&quot;:&quot;&quot;,&quot;sizes&quot;:[]}}\" data-widget_type=\"posts.classic\">\n\t\t\t\t<div class=\"elementor-widget-container\">\n\t\t\t\t\t\t\t<div class=\"elementor-posts-container elementor-posts elementor-posts--skin-classic elementor-grid\" role=\"list\">\n\t\t\t\t<article class=\"elementor-post elementor-grid-item post-476 nayttely type-nayttely status-publish has-post-thumbnail hentry nayttely_tax-pysyvat\" role=\"listitem\">\n\t\t\t\t<a class=\"elementor-post__thumbnail__link\" href=\"https:\/\/mobilia.fi\/fi\/nayttely\/rallimuseo\/\" tabindex=\"-1\" >\n\t\t\t<div class=\"elementor-post__thumbnail\"><img fetchpriority=\"high\" decoding=\"async\" width=\"300\" height=\"177\" src=\"https:\/\/mobilia.fi\/wp-content\/uploads\/2020\/03\/rallimuseo-featured-mobilia-300x177.jpg\" class=\"attachment-medium size-medium wp-image-848\" alt=\"Rallimini AJB33B:n keula\" srcset=\"https:\/\/mobilia.fi\/wp-content\/uploads\/2020\/03\/rallimuseo-featured-mobilia-300x177.jpg 300w, https:\/\/mobilia.fi\/wp-content\/uploads\/2020\/03\/rallimuseo-featured-mobilia.jpg 620w\" sizes=\"(max-width: 300px) 100vw, 300px\" \/><\/div>\n\t\t<\/a>\n\t\t\t\t<div class=\"elementor-post__text\">\n\t\t\t\t<h3 class=\"elementor-post__title\">\n\t\t\t<a href=\"https:\/\/mobilia.fi\/fi\/nayttely\/rallimuseo\/\" >\n\t\t\t\tRallimuseo\t\t\t<\/a>\n\t\t<\/h3>\n\t\t\t\t<div class=\"elementor-post__excerpt\">\n\t\t\t<p>Rallimuseo Nuotit vauhdin historiaan Rallimuseo pit\u00e4\u00e4 sis\u00e4ll\u00e4\u00e4n laajan katsauksen ralliautoilun historiaan. Rallimuseossa p\u00e4\u00e4set tutustumaan omatoimisesti tai opastettuna Flying Finnseihin ja rallin ikoneihin. Esill\u00e4 on my\u00f6s<\/p>\n\t\t<\/div>\n\t\t\n\t\t<a class=\"elementor-post__read-more\" href=\"https:\/\/mobilia.fi\/fi\/nayttely\/rallimuseo\/\" aria-label=\"Read more about Rallimuseo\" tabindex=\"-1\" >\n\t\t\tTutustu tarkemmin \u00bb\t\t<\/a>\n\n\t\t\t\t<\/div>\n\t\t\t\t<\/article>\n\t\t\t\t<article class=\"elementor-post elementor-grid-item post-1912 nayttely type-nayttely status-publish has-post-thumbnail hentry nayttely_tax-pysyvat\" role=\"listitem\">\n\t\t\t\t<a class=\"elementor-post__thumbnail__link\" href=\"https:\/\/mobilia.fi\/fi\/nayttely\/mobilian_klassikot\/\" tabindex=\"-1\" >\n\t\t\t<div class=\"elementor-post__thumbnail\"><img decoding=\"async\" width=\"300\" height=\"200\" src=\"https:\/\/mobilia.fi\/wp-content\/uploads\/2020\/11\/Poliisiautot-ja-ihmiset-300x200.jpg\" class=\"attachment-medium size-medium wp-image-1944\" alt=\"Museovieraat ihmettelev\u00e4t lasisein\u00e4n takana esilll\u00e4 olevia valkoisia poliisiautoja.\" srcset=\"https:\/\/mobilia.fi\/wp-content\/uploads\/2020\/11\/Poliisiautot-ja-ihmiset-300x200.jpg 300w, https:\/\/mobilia.fi\/wp-content\/uploads\/2020\/11\/Poliisiautot-ja-ihmiset-1024x683.jpg 1024w, https:\/\/mobilia.fi\/wp-content\/uploads\/2020\/11\/Poliisiautot-ja-ihmiset-768x512.jpg 768w, https:\/\/mobilia.fi\/wp-content\/uploads\/2020\/11\/Poliisiautot-ja-ihmiset-1536x1024.jpg 1536w, https:\/\/mobilia.fi\/wp-content\/uploads\/2020\/11\/Poliisiautot-ja-ihmiset-2048x1365.jpg 2048w\" sizes=\"(max-width: 300px) 100vw, 300px\" \/><\/div>\n\t\t<\/a>\n\t\t\t\t<div class=\"elementor-post__text\">\n\t\t\t\t<h3 class=\"elementor-post__title\">\n\t\t\t<a href=\"https:\/\/mobilia.fi\/fi\/nayttely\/mobilian_klassikot\/\" >\n\t\t\t\tMobilian klassikot\t\t\t<\/a>\n\t\t<\/h3>\n\t\t\t\t<div class=\"elementor-post__excerpt\">\n\t\t\t<p>Mobilian klassikot Historian helmi\u00e4 Fenno Gallerian lasisein\u00e4isess\u00e4 n\u00e4yttelytilassa yleis\u00f6 p\u00e4\u00e4see ihailemaan klassikkoajoneuvoja. Esill\u00e4 on kolmisenkymment\u00e4 erilaista menopeli\u00e4, joiden joukossa on niin maailmanluokan harvinaisuuksia, kuten Mercedes-Benz<\/p>\n\t\t<\/div>\n\t\t\n\t\t<a class=\"elementor-post__read-more\" href=\"https:\/\/mobilia.fi\/fi\/nayttely\/mobilian_klassikot\/\" aria-label=\"Read more about Mobilian klassikot\" tabindex=\"-1\" >\n\t\t\tTutustu tarkemmin \u00bb\t\t<\/a>\n\n\t\t\t\t<\/div>\n\t\t\t\t<\/article>\n\t\t\t\t<article class=\"elementor-post elementor-grid-item post-1926 nayttely type-nayttely status-publish has-post-thumbnail hentry nayttely_tax-pysyvat\" role=\"listitem\">\n\t\t\t\t<a class=\"elementor-post__thumbnail__link\" href=\"https:\/\/mobilia.fi\/fi\/nayttely\/siirtotyomaiden-tarinoita\/\" tabindex=\"-1\" >\n\t\t\t<div class=\"elementor-post__thumbnail\"><img decoding=\"async\" width=\"300\" height=\"225\" src=\"https:\/\/mobilia.fi\/wp-content\/uploads\/2020\/09\/parakkikyl\u00e4lo2010-008-300x225.jpg\" class=\"attachment-medium size-medium wp-image-1289\" alt=\"Punaiset toimisto- ja asuntoparakit ovat osa Mobilian ulkoilmamuseo Parakkikyl\u00e4\u00e4.\" srcset=\"https:\/\/mobilia.fi\/wp-content\/uploads\/2020\/09\/parakkikyl\u00e4lo2010-008-300x225.jpg 300w, https:\/\/mobilia.fi\/wp-content\/uploads\/2020\/09\/parakkikyl\u00e4lo2010-008-1024x768.jpg 1024w, https:\/\/mobilia.fi\/wp-content\/uploads\/2020\/09\/parakkikyl\u00e4lo2010-008-768x576.jpg 768w, https:\/\/mobilia.fi\/wp-content\/uploads\/2020\/09\/parakkikyl\u00e4lo2010-008-1536x1152.jpg 1536w, https:\/\/mobilia.fi\/wp-content\/uploads\/2020\/09\/parakkikyl\u00e4lo2010-008.jpg 2048w\" sizes=\"(max-width: 300px) 100vw, 300px\" \/><\/div>\n\t\t<\/a>\n\t\t\t\t<div class=\"elementor-post__text\">\n\t\t\t\t<h3 class=\"elementor-post__title\">\n\t\t\t<a href=\"https:\/\/mobilia.fi\/fi\/nayttely\/siirtotyomaiden-tarinoita\/\" >\n\t\t\t\tTarinoita siirtoty\u00f6mailta ulkon\u00e4yttely\t\t\t<\/a>\n\t\t<\/h3>\n\t\t\t\t<div class=\"elementor-post__excerpt\">\n\t\t\t<p>Tarinoita siirtoty\u00f6mailta ulkon\u00e4yttely T\u00f6iss\u00e4 kaukana kotoa Tarinoita siirtoty\u00f6mailta -n\u00e4yttelykokonaisuus on Mobilian alueella sijaitseva ulkoilmamuseo. N\u00e4yttelyyn kuuluvat siirtoty\u00f6maaparakit siirrettiin Tiehallinnon Savo-Karjalan ja Turun tiepiireist\u00e4 Mobiliaan kes\u00e4ll\u00e4<\/p>\n\t\t<\/div>\n\t\t\n\t\t<a class=\"elementor-post__read-more\" href=\"https:\/\/mobilia.fi\/fi\/nayttely\/siirtotyomaiden-tarinoita\/\" aria-label=\"Read more about Tarinoita siirtoty\u00f6mailta ulkon\u00e4yttely\" tabindex=\"-1\" >\n\t\t\tTutustu tarkemmin \u00bb\t\t<\/a>\n\n\t\t\t\t<\/div>\n\t\t\t\t<\/article>\n\t\t\t\t<article class=\"elementor-post elementor-grid-item post-5222 nayttely type-nayttely status-publish has-post-thumbnail hentry nayttely_tax-pysyvat\" role=\"listitem\">\n\t\t\t\t<a class=\"elementor-post__thumbnail__link\" href=\"https:\/\/mobilia.fi\/fi\/nayttely\/kertomuksia-teista\/\" tabindex=\"-1\" >\n\t\t\t<div class=\"elementor-post__thumbnail\"><img loading=\"lazy\" decoding=\"async\" width=\"300\" height=\"226\" src=\"https:\/\/mobilia.fi\/wp-content\/uploads\/2022\/01\/Kelirikkoa-hartolassa-1957_kuva_Mobilia_Vaylavirasto-300x226.jpg\" class=\"attachment-medium size-medium wp-image-5234\" alt=\"Mustavalkokuvassa vuodelta 1957 Vanaja-merkkinen linja-auto on vajonnut etupuskuriaan my\u00f6ten mutaan eritt\u00e4in pahasta kelirikkoisella soratiell\u00e4 Hartolassa.\" srcset=\"https:\/\/mobilia.fi\/wp-content\/uploads\/2022\/01\/Kelirikkoa-hartolassa-1957_kuva_Mobilia_Vaylavirasto-300x226.jpg 300w, https:\/\/mobilia.fi\/wp-content\/uploads\/2022\/01\/Kelirikkoa-hartolassa-1957_kuva_Mobilia_Vaylavirasto-1024x772.jpg 1024w, https:\/\/mobilia.fi\/wp-content\/uploads\/2022\/01\/Kelirikkoa-hartolassa-1957_kuva_Mobilia_Vaylavirasto-768x579.jpg 768w, https:\/\/mobilia.fi\/wp-content\/uploads\/2022\/01\/Kelirikkoa-hartolassa-1957_kuva_Mobilia_Vaylavirasto-1536x1158.jpg 1536w, https:\/\/mobilia.fi\/wp-content\/uploads\/2022\/01\/Kelirikkoa-hartolassa-1957_kuva_Mobilia_Vaylavirasto-2048x1545.jpg 2048w\" sizes=\"(max-width: 300px) 100vw, 300px\" \/><\/div>\n\t\t<\/a>\n\t\t\t\t<div class=\"elementor-post__text\">\n\t\t\t\t<h3 class=\"elementor-post__title\">\n\t\t\t<a href=\"https:\/\/mobilia.fi\/fi\/nayttely\/kertomuksia-teista\/\" >\n\t\t\t\tKertomuksia teist\u00e4\t\t\t<\/a>\n\t\t<\/h3>\n\t\t\t\t<div class=\"elementor-post__excerpt\">\n\t\t\t<p>Kertomuksia teist\u00e4 Uusi ydinn\u00e4yttely! Kertomuksia teist\u00e4 on Mobilian uusi pysyv\u00e4 n\u00e4yttely, joka kertoo suomalaisen tien ja tiell\u00e4 kulkemisen tarinaa. N\u00e4yttely kulkee ja kasvaa ajassa ja<\/p>\n\t\t<\/div>\n\t\t\n\t\t<a class=\"elementor-post__read-more\" href=\"https:\/\/mobilia.fi\/fi\/nayttely\/kertomuksia-teista\/\" aria-label=\"Read more about Kertomuksia teist\u00e4\" tabindex=\"-1\" >\n\t\t\tTutustu tarkemmin \u00bb\t\t<\/a>\n\n\t\t\t\t<\/div>\n\t\t\t\t<\/article>\n\t\t\t\t<\/div>\n\t\t\n\t\t\t\t\t\t<\/div>\n\t\t\t\t<\/div>\n\t\t\t\t\t<\/div>\n\t\t<\/div>\n\t\t\t\t\t<\/div>\n\t\t<\/section>\n\t\t\t\t\t<\/div>\n\t\t<\/div>\n\t\t\t\t\t<\/div>\n\t\t<\/section>\n\t\t\t\t<\/div>\n\t\t","protected":false},"excerpt":{"rendered":"<p>Pysyv\u00e4t n\u00e4yttelyt Suosikkien pariin on hyv\u00e4 palata<\/p>\n","protected":false},"author":1,"featured_media":0,"parent":12,"menu_order":1,"comment_status":"closed","ping_status":"closed","template":"","meta":{"_acf_changed":false,"inline_featured_image":false,"footnotes":""},"class_list":["post-575","page","type-page","status-publish","hentry"],"acf":[],"_links":{"self":[{"href":"https:\/\/mobilia.fi\/fi\/wp-json\/wp\/v2\/pages\/575","targetHints":{"allow":["GET"]}}],"collection":[{"href":"https:\/\/mobilia.fi\/fi\/wp-json\/wp\/v2\/pages"}],"about":[{"href":"https:\/\/mobilia.fi\/fi\/wp-json\/wp\/v2\/types\/page"}],"author":[{"embeddable":true,"href":"https:\/\/mobilia.fi\/fi\/wp-json\/wp\/v2\/users\/1"}],"replies":[{"embeddable":true,"href":"https:\/\/mobilia.fi\/fi\/wp-json\/wp\/v2\/comments?post=575"}],"version-history":[{"count":12,"href":"https:\/\/mobilia.fi\/fi\/wp-json\/wp\/v2\/pages\/575\/revisions"}],"predecessor-version":[{"id":2859,"href":"https:\/\/mobilia.fi\/fi\/wp-json\/wp\/v2\/pages\/575\/revisions\/2859"}],"up":[{"embeddable":true,"href":"https:\/\/mobilia.fi\/fi\/wp-json\/wp\/v2\/pages\/12"}],"wp:attachment":[{"href":"https:\/\/mobilia.fi\/fi\/wp-json\/wp\/v2\/media?parent=575"}],"curies":[{"name":"wp","href":"https:\/\/api.w.org\/{rel}","templated":true}]}}