{"id":580,"date":"2020-03-31T14:36:48","date_gmt":"2020-03-31T11:36:48","guid":{"rendered":"https:\/\/mobilia.fi\/?page_id=580"},"modified":"2021-01-14T15:48:09","modified_gmt":"2021-01-14T13:48:09","slug":"vaihtuvat-nayttelyt","status":"publish","type":"page","link":"https:\/\/mobilia.fi\/fi\/nayttelyt\/vaihtuvat-nayttelyt\/","title":{"rendered":"Vaihtuvat n\u00e4yttelyt"},"content":{"rendered":"\t\t<div data-elementor-type=\"wp-page\" data-elementor-id=\"580\" class=\"elementor elementor-580\" data-elementor-post-type=\"page\">\n\t\t\t\t\t\t<section class=\"elementor-section elementor-top-section elementor-element elementor-element-6abebf66 elementor-section-height-min-height elementor-section-boxed elementor-section-height-default elementor-section-items-middle\" data-id=\"6abebf66\" data-element_type=\"section\" data-e-type=\"section\" data-settings=\"{&quot;background_background&quot;:&quot;classic&quot;}\">\n\t\t\t\t\t\t\t<div class=\"elementor-background-overlay\"><\/div>\n\t\t\t\t\t\t\t<div class=\"elementor-container elementor-column-gap-default\">\n\t\t\t\t\t<div class=\"elementor-column elementor-col-100 elementor-top-column elementor-element elementor-element-248b9c11\" data-id=\"248b9c11\" data-element_type=\"column\" data-e-type=\"column\">\n\t\t\t<div class=\"elementor-widget-wrap elementor-element-populated\">\n\t\t\t\t\t\t<div class=\"elementor-element elementor-element-602e85a2 elementor-widget elementor-widget-text-editor\" data-id=\"602e85a2\" data-element_type=\"widget\" data-e-type=\"widget\" data-widget_type=\"text-editor.default\">\n\t\t\t\t<div class=\"elementor-widget-container\">\n\t\t\t\t\t\t\t\t\t<h1>Vaihtuvat n\u00e4yttelyt<\/h1><p>Ajankohtaisia ajatuksia<\/p>\t\t\t\t\t\t\t\t<\/div>\n\t\t\t\t<\/div>\n\t\t\t\t\t<\/div>\n\t\t<\/div>\n\t\t\t\t\t<\/div>\n\t\t<\/section>\n\t\t\t\t<section class=\"elementor-section elementor-top-section elementor-element elementor-element-41249db elementor-section-boxed elementor-section-height-default elementor-section-height-default\" data-id=\"41249db\" data-element_type=\"section\" data-e-type=\"section\">\n\t\t\t\t\t\t<div class=\"elementor-container elementor-column-gap-default\">\n\t\t\t\t\t<div class=\"elementor-column elementor-col-100 elementor-top-column elementor-element elementor-element-0cb5df4\" data-id=\"0cb5df4\" data-element_type=\"column\" data-e-type=\"column\">\n\t\t\t<div class=\"elementor-widget-wrap elementor-element-populated\">\n\t\t\t\t\t\t<section class=\"elementor-section elementor-inner-section elementor-element elementor-element-8a8c6f8 elementor-section-boxed elementor-section-height-default elementor-section-height-default\" data-id=\"8a8c6f8\" data-element_type=\"section\" data-e-type=\"section\">\n\t\t\t\t\t\t<div class=\"elementor-container elementor-column-gap-default\">\n\t\t\t\t\t<div class=\"elementor-column elementor-col-100 elementor-inner-column elementor-element elementor-element-45d88f8\" data-id=\"45d88f8\" data-element_type=\"column\" data-e-type=\"column\">\n\t\t\t<div class=\"elementor-widget-wrap elementor-element-populated\">\n\t\t\t\t\t\t<div class=\"elementor-element elementor-element-579e4d3 elementor-grid-4 elementor-grid-tablet-2 elementor-grid-mobile-1 elementor-posts--thumbnail-top elementor-widget elementor-widget-posts\" data-id=\"579e4d3\" data-element_type=\"widget\" data-e-type=\"widget\" data-settings=\"{&quot;classic_columns&quot;:&quot;4&quot;,&quot;classic_columns_tablet&quot;:&quot;2&quot;,&quot;classic_columns_mobile&quot;:&quot;1&quot;,&quot;classic_row_gap&quot;:{&quot;unit&quot;:&quot;px&quot;,&quot;size&quot;:35,&quot;sizes&quot;:[]},&quot;classic_row_gap_tablet&quot;:{&quot;unit&quot;:&quot;px&quot;,&quot;size&quot;:&quot;&quot;,&quot;sizes&quot;:[]},&quot;classic_row_gap_mobile&quot;:{&quot;unit&quot;:&quot;px&quot;,&quot;size&quot;:&quot;&quot;,&quot;sizes&quot;:[]}}\" data-widget_type=\"posts.classic\">\n\t\t\t\t<div class=\"elementor-widget-container\">\n\t\t\t\t\t\t\t<div class=\"elementor-posts-container elementor-posts elementor-posts--skin-classic elementor-grid\" role=\"list\">\n\t\t\t\t<article class=\"elementor-post elementor-grid-item post-12676 nayttely type-nayttely status-publish has-post-thumbnail hentry nayttely_tax-vaihtuvat\" role=\"listitem\">\n\t\t\t\t<a class=\"elementor-post__thumbnail__link\" href=\"https:\/\/mobilia.fi\/fi\/nayttely\/valtaapitavia\/\" tabindex=\"-1\">\n\t\t\t<div class=\"elementor-post__thumbnail\"><img fetchpriority=\"high\" decoding=\"async\" width=\"300\" height=\"200\" src=\"https:\/\/mobilia.fi\/wp-content\/uploads\/2024\/05\/vp_IMG_0848_pieni-300x200.jpg\" class=\"attachment-medium size-medium wp-image-13269\" alt=\"Valtaapit\u00e4vien autoja n\u00e4ytill\u00e4 lasin takana.\" srcset=\"https:\/\/mobilia.fi\/wp-content\/uploads\/2024\/05\/vp_IMG_0848_pieni-300x200.jpg 300w, https:\/\/mobilia.fi\/wp-content\/uploads\/2024\/05\/vp_IMG_0848_pieni-1024x683.jpg 1024w, https:\/\/mobilia.fi\/wp-content\/uploads\/2024\/05\/vp_IMG_0848_pieni-768x512.jpg 768w, https:\/\/mobilia.fi\/wp-content\/uploads\/2024\/05\/vp_IMG_0848_pieni-1536x1024.jpg 1536w, https:\/\/mobilia.fi\/wp-content\/uploads\/2024\/05\/vp_IMG_0848_pieni-2048x1365.jpg 2048w\" sizes=\"(max-width: 300px) 100vw, 300px\" \/><\/div>\n\t\t<\/a>\n\t\t\t\t<div class=\"elementor-post__text\">\n\t\t\t\t<h3 class=\"elementor-post__title\">\n\t\t\t<a href=\"https:\/\/mobilia.fi\/fi\/nayttely\/valtaapitavia\/\">\n\t\t\t\tValtaapit\u00e4vi\u00e4\t\t\t<\/a>\n\t\t<\/h3>\n\t\t\t\t<div class=\"elementor-post__excerpt\">\n\t\t\t<p>Valtaapit\u00e4vi\u00e4 Komeita edustusautoja Komeat autot ja valtaapit\u00e4v\u00e4t ovat Suomessa aina kuuluneet yhteen. Jo 1920-luvulta l\u00e4htien auton kuului olla amerikkalainen ja mieluiten musta. Ylimm\u00e4n poliittisen johdon<\/p>\n\t\t<\/div>\n\t\t\n\t\t<a class=\"elementor-post__read-more\" href=\"https:\/\/mobilia.fi\/fi\/nayttely\/valtaapitavia\/\" aria-label=\"Read more about Valtaapit\u00e4vi\u00e4\" tabindex=\"-1\">\n\t\t\tTutustu tarkemmin \u00bb\t\t<\/a>\n\n\t\t\t\t<\/div>\n\t\t\t\t<\/article>\n\t\t\t\t<article class=\"elementor-post elementor-grid-item post-15352 nayttely type-nayttely status-publish has-post-thumbnail hentry nayttely_tax-vaihtuvat\" role=\"listitem\">\n\t\t\t\t<a class=\"elementor-post__thumbnail__link\" href=\"https:\/\/mobilia.fi\/fi\/nayttely\/nousevan-auringon-alta\/\" tabindex=\"-1\">\n\t\t\t<div class=\"elementor-post__thumbnail\"><img decoding=\"async\" width=\"300\" height=\"200\" src=\"https:\/\/mobilia.fi\/wp-content\/uploads\/2025\/05\/NAA_sivukuva-300x200.jpg\" class=\"attachment-medium size-medium wp-image-15815\" alt=\"Logomainen piirrostyyliin tehty kuva kolmesta japanilaisesta autosta rinnakkain: 1960-luvun alun Datsun Bluebird, 1970-luvun Toyota Celica ja 1980-luvun Suzuki-maasturi. Autojen yll\u00e4 on teksti Nousevan auringon alta ja Fuji-vuoren kuva jonka takaa nousee punainen ympyr\u00e4, jossa japanilainen kirjoitusmerkki joka tarkoittaa autoa. Tausta vaalean punerva, jossa auringons\u00e4teet levi\u00e4v\u00e4t keskelt\u00e4 kohti reunoja.\" srcset=\"https:\/\/mobilia.fi\/wp-content\/uploads\/2025\/05\/NAA_sivukuva-300x200.jpg 300w, https:\/\/mobilia.fi\/wp-content\/uploads\/2025\/05\/NAA_sivukuva-1024x683.jpg 1024w, https:\/\/mobilia.fi\/wp-content\/uploads\/2025\/05\/NAA_sivukuva-768x512.jpg 768w, https:\/\/mobilia.fi\/wp-content\/uploads\/2025\/05\/NAA_sivukuva-1536x1024.jpg 1536w, https:\/\/mobilia.fi\/wp-content\/uploads\/2025\/05\/NAA_sivukuva.jpg 1920w\" sizes=\"(max-width: 300px) 100vw, 300px\" \/><\/div>\n\t\t<\/a>\n\t\t\t\t<div class=\"elementor-post__text\">\n\t\t\t\t<h3 class=\"elementor-post__title\">\n\t\t\t<a href=\"https:\/\/mobilia.fi\/fi\/nayttely\/nousevan-auringon-alta\/\">\n\t\t\t\tNousevan auringon alta\t\t\t<\/a>\n\t\t<\/h3>\n\t\t\t\t<div class=\"elementor-post__excerpt\">\n\t\t\t<p>Nousevan auringon alta Japanilaisia autoja Nousevan auringon alta on Fenno Gallerian n\u00e4yttelytilaan suunniteltu pienoisn\u00e4yttely, joka esittelee kymmenen erilaista n\u00e4kemyst\u00e4 japanilaisesta autosta. Japanilaisten autojen Euroopan valloitus<\/p>\n\t\t<\/div>\n\t\t\n\t\t<a class=\"elementor-post__read-more\" href=\"https:\/\/mobilia.fi\/fi\/nayttely\/nousevan-auringon-alta\/\" aria-label=\"Read more about Nousevan auringon alta\" tabindex=\"-1\">\n\t\t\tTutustu tarkemmin \u00bb\t\t<\/a>\n\n\t\t\t\t<\/div>\n\t\t\t\t<\/article>\n\t\t\t\t<article class=\"elementor-post elementor-grid-item post-15642 nayttely type-nayttely status-publish has-post-thumbnail hentry nayttely_tax-vaihtuvat\" role=\"listitem\">\n\t\t\t\t<a class=\"elementor-post__thumbnail__link\" href=\"https:\/\/mobilia.fi\/fi\/nayttely\/ysarijysari\/\" tabindex=\"-1\">\n\t\t\t<div class=\"elementor-post__thumbnail\"><img decoding=\"async\" width=\"300\" height=\"200\" src=\"https:\/\/mobilia.fi\/wp-content\/uploads\/2025\/06\/mob4576-300x200.jpg\" class=\"attachment-medium size-medium wp-image-15644\" alt=\"1990-luvun v\u00e4rikuvassa rulluluistelija ja polkupy\u00f6r\u00e4ilij\u00e4 l\u00e4hestyv\u00e4t kevyenliikenteen v\u00e4yl\u00e4ll\u00e4 ajotien ylitt\u00e4v\u00e4\u00e4 suojatiet\u00e4. Toisella puolella tiet\u00e4 n\u00e4kyy isot mainoskyltit, joista toinen mainostaa Citymarketin herne-maissi-paprikaa ja toinen Finnetin 999-ulkomaanpuheluita.\" srcset=\"https:\/\/mobilia.fi\/wp-content\/uploads\/2025\/06\/mob4576-300x200.jpg 300w, https:\/\/mobilia.fi\/wp-content\/uploads\/2025\/06\/mob4576-1024x683.jpg 1024w, https:\/\/mobilia.fi\/wp-content\/uploads\/2025\/06\/mob4576-768x512.jpg 768w, https:\/\/mobilia.fi\/wp-content\/uploads\/2025\/06\/mob4576-1536x1025.jpg 1536w, https:\/\/mobilia.fi\/wp-content\/uploads\/2025\/06\/mob4576-2048x1366.jpg 2048w\" sizes=\"(max-width: 300px) 100vw, 300px\" \/><\/div>\n\t\t<\/a>\n\t\t\t\t<div class=\"elementor-post__text\">\n\t\t\t\t<h3 class=\"elementor-post__title\">\n\t\t\t<a href=\"https:\/\/mobilia.fi\/fi\/nayttely\/ysarijysari\/\">\n\t\t\t\tYs\u00e4rijys\u00e4ri\t\t\t<\/a>\n\t\t<\/h3>\n\t\t\t\t<div class=\"elementor-post__excerpt\">\n\t\t\t<p>Ys\u00e4rijys\u00e4ri Paluu 1990-luvulle Soiko sinunkin autossasi Raptori, Ace of Base tai Nirvana? Vai oliko se sinun Toyota Corollasi, jonka takakontista kantautui kylille bassonjytke? Tervetuloa takaisin<\/p>\n\t\t<\/div>\n\t\t\n\t\t<a class=\"elementor-post__read-more\" href=\"https:\/\/mobilia.fi\/fi\/nayttely\/ysarijysari\/\" aria-label=\"Read more about Ys\u00e4rijys\u00e4ri\" tabindex=\"-1\">\n\t\t\tTutustu tarkemmin \u00bb\t\t<\/a>\n\n\t\t\t\t<\/div>\n\t\t\t\t<\/article>\n\t\t\t\t<\/div>\n\t\t\n\t\t\t\t\t\t<\/div>\n\t\t\t\t<\/div>\n\t\t\t\t\t<\/div>\n\t\t<\/div>\n\t\t\t\t\t<\/div>\n\t\t<\/section>\n\t\t\t\t\t<\/div>\n\t\t<\/div>\n\t\t\t\t\t<\/div>\n\t\t<\/section>\n\t\t\t\t<\/div>\n\t\t","protected":false},"excerpt":{"rendered":"<p>Vaihtuvat n\u00e4yttelyt Ajankohtaisia ajatuksia<\/p>\n","protected":false},"author":1,"featured_media":0,"parent":12,"menu_order":3,"comment_status":"closed","ping_status":"closed","template":"","meta":{"_acf_changed":false,"inline_featured_image":false,"footnotes":""},"class_list":["post-580","page","type-page","status-publish","hentry"],"acf":[],"_links":{"self":[{"href":"https:\/\/mobilia.fi\/fi\/wp-json\/wp\/v2\/pages\/580","targetHints":{"allow":["GET"]}}],"collection":[{"href":"https:\/\/mobilia.fi\/fi\/wp-json\/wp\/v2\/pages"}],"about":[{"href":"https:\/\/mobilia.fi\/fi\/wp-json\/wp\/v2\/types\/page"}],"author":[{"embeddable":true,"href":"https:\/\/mobilia.fi\/fi\/wp-json\/wp\/v2\/users\/1"}],"replies":[{"embeddable":true,"href":"https:\/\/mobilia.fi\/fi\/wp-json\/wp\/v2\/comments?post=580"}],"version-history":[{"count":10,"href":"https:\/\/mobilia.fi\/fi\/wp-json\/wp\/v2\/pages\/580\/revisions"}],"predecessor-version":[{"id":3075,"href":"https:\/\/mobilia.fi\/fi\/wp-json\/wp\/v2\/pages\/580\/revisions\/3075"}],"up":[{"embeddable":true,"href":"https:\/\/mobilia.fi\/fi\/wp-json\/wp\/v2\/pages\/12"}],"wp:attachment":[{"href":"https:\/\/mobilia.fi\/fi\/wp-json\/wp\/v2\/media?parent=580"}],"curies":[{"name":"wp","href":"https:\/\/api.w.org\/{rel}","templated":true}]}}