{"id":6055,"date":"2022-02-23T13:43:40","date_gmt":"2022-02-23T11:43:40","guid":{"rendered":"https:\/\/mobilia.fi\/?page_id=6055"},"modified":"2022-02-25T09:47:34","modified_gmt":"2022-02-25T07:47:34","slug":"avajaiset","status":"publish","type":"page","link":"https:\/\/mobilia.fi\/fi\/avajaiset\/","title":{"rendered":"Avajaiset"},"content":{"rendered":"\t\t<div data-elementor-type=\"wp-page\" data-elementor-id=\"6055\" class=\"elementor elementor-6055\" data-elementor-post-type=\"page\">\n\t\t\t\t\t\t<section class=\"elementor-section elementor-top-section elementor-element elementor-element-507765e9 elementor-section-height-min-height elementor-section-boxed elementor-section-height-default elementor-section-items-middle\" data-id=\"507765e9\" data-element_type=\"section\" data-e-type=\"section\" data-settings=\"{&quot;background_background&quot;:&quot;classic&quot;}\">\n\t\t\t\t\t\t\t<div class=\"elementor-background-overlay\"><\/div>\n\t\t\t\t\t\t\t<div class=\"elementor-container elementor-column-gap-default\">\n\t\t\t\t\t<div class=\"elementor-column elementor-col-100 elementor-top-column elementor-element elementor-element-67b9b072\" data-id=\"67b9b072\" data-element_type=\"column\" data-e-type=\"column\">\n\t\t\t<div class=\"elementor-widget-wrap elementor-element-populated\">\n\t\t\t\t\t\t<div class=\"elementor-element elementor-element-2a4cb8af elementor-widget elementor-widget-text-editor\" data-id=\"2a4cb8af\" data-element_type=\"widget\" data-e-type=\"widget\" data-widget_type=\"text-editor.default\">\n\t\t\t\t<div class=\"elementor-widget-container\">\n\t\t\t\t\t\t\t\t\t<h1>Mobilian n\u00e4yttelyiden avajaiset 2022<\/h1><div>\u00a0<\/div>\t\t\t\t\t\t\t\t<\/div>\n\t\t\t\t<\/div>\n\t\t\t\t\t<\/div>\n\t\t<\/div>\n\t\t\t\t\t<\/div>\n\t\t<\/section>\n\t\t\t\t<section class=\"elementor-section elementor-top-section elementor-element elementor-element-8e70d3a elementor-section-boxed elementor-section-height-default elementor-section-height-default\" data-id=\"8e70d3a\" data-element_type=\"section\" data-e-type=\"section\">\n\t\t\t\t\t\t<div class=\"elementor-container elementor-column-gap-default\">\n\t\t\t\t\t<div class=\"elementor-column elementor-col-100 elementor-top-column elementor-element elementor-element-bea30a1\" data-id=\"bea30a1\" data-element_type=\"column\" data-e-type=\"column\">\n\t\t\t<div class=\"elementor-widget-wrap elementor-element-populated\">\n\t\t\t\t\t\t<div class=\"elementor-element elementor-element-f70c318 elementor-widget elementor-widget-text-editor\" data-id=\"f70c318\" data-element_type=\"widget\" data-e-type=\"widget\" data-widget_type=\"text-editor.default\">\n\t\t\t\t<div class=\"elementor-widget-container\">\n\t\t\t\t\t\t\t\t\t<h2><span data-contrast=\"none\">\u00a0<\/span><\/h2><h2 style=\"text-align: center;\"><span data-contrast=\"none\">Tervetuloa avajaisiin!<\/span><\/h2><p><span data-contrast=\"none\">\u00a0<\/span><\/p><p style=\"text-align: center;\"><span data-contrast=\"none\">Mobiliassa vietet\u00e4\u00e4n kahden n\u00e4yttelyn avajaisia torstaina 17.3.2022 klo. 18-21\u00a0<\/span><\/p><p style=\"text-align: center;\"><strong><em>Kertomuksia teist\u00e4<\/em><\/strong> sek\u00e4 <em><strong>Suomi liikkeelle 1920-luvulla<\/strong>.<\/em><\/p><p style=\"text-align: center;\">Kertomuksia teist\u00e4 on Mobilian uusi pysyv\u00e4 n\u00e4yttely, joka kertoo suomalaisen tien ja tiell\u00e4 kulkemisen tarinaa.<\/p><p style=\"text-align: center;\">Suomi liikkeelle 1920 -n\u00e4yttelyss\u00e4 on esill\u00e4 aikakauden ajoneuvoja yleisimmist\u00e4 liikennev\u00e4lineist\u00e4 harvinaisempiin yksil\u00f6ihin. N\u00e4yttelyss\u00e4 saamme my\u00f6s kuulla herrasmiesautoilijan neuvoja auton ohjastajille, linja-autolla matkustamisesta ja naisautoilijan kokemuksia.<\/p><p style=\"text-align: center;\">Ilmoittaudu mukaan 11.3.2022 menness\u00e4 <a href=\"https:\/\/forms.office.com\/pages\/responsepage.aspx?id=RMCIKr8DyUWLWK6mefnkjW3gxBHdhdRJnkZIjuqUNb1UNEtGWEtOV09SOTcyQ0VYVDFBMFNYNEwzUC4u\" target=\"_blank\" rel=\"noopener\">t\u00e4st\u00e4<\/a>\u00a0<\/p><p style=\"text-align: center;\">tai\u00a0<a href=\"mailto:asiakaspalvelu@mobilia.fi\">asiakaspalvelu@mobilia.fi<\/a>\u00a0ja puh. 03 3140 4000<\/p><p style=\"text-align: center;\">\u00a0<\/p>\t\t\t\t\t\t\t\t<\/div>\n\t\t\t\t<\/div>\n\t\t\t\t\t<\/div>\n\t\t<\/div>\n\t\t\t\t\t<\/div>\n\t\t<\/section>\n\t\t\t\t<section class=\"elementor-section elementor-top-section elementor-element elementor-element-566b987 elementor-section-boxed elementor-section-height-default elementor-section-height-default\" data-id=\"566b987\" data-element_type=\"section\" data-e-type=\"section\">\n\t\t\t\t\t\t<div class=\"elementor-container elementor-column-gap-default\">\n\t\t\t\t\t<div class=\"elementor-column elementor-col-100 elementor-top-column elementor-element elementor-element-c71d578\" data-id=\"c71d578\" data-element_type=\"column\" data-e-type=\"column\">\n\t\t\t<div class=\"elementor-widget-wrap elementor-element-populated\">\n\t\t\t\t\t\t<div class=\"elementor-element elementor-element-cca916f elementor-widget elementor-widget-image\" data-id=\"cca916f\" data-element_type=\"widget\" data-e-type=\"widget\" data-widget_type=\"image.default\">\n\t\t\t\t<div class=\"elementor-widget-container\">\n\t\t\t\t\t\t\t\t\t\t\t\t\t\t\t\t<a href=\"https:\/\/forms.office.com\/pages\/responsepage.aspx?id=RMCIKr8DyUWLWK6mefnkjW3gxBHdhdRJnkZIjuqUNb1UNEtGWEtOV09SOTcyQ0VYVDFBMFNYNEwzUC4u\" target=\"_blank\" rel=\"noopener\">\n\t\t\t\t\t\t\t<img fetchpriority=\"high\" decoding=\"async\" width=\"724\" height=\"1024\" src=\"https:\/\/mobilia.fi\/wp-content\/uploads\/2022\/02\/MicrosoftTeams-image-724x1024.png\" class=\"attachment-large size-large wp-image-6082\" alt=\"mobilian avajaiskutsu 2022. Kuvassa on nainen ajamassa 1920-luvun aikaisella avoautolla.\" srcset=\"https:\/\/mobilia.fi\/wp-content\/uploads\/2022\/02\/MicrosoftTeams-image-724x1024.png 724w, https:\/\/mobilia.fi\/wp-content\/uploads\/2022\/02\/MicrosoftTeams-image-212x300.png 212w, https:\/\/mobilia.fi\/wp-content\/uploads\/2022\/02\/MicrosoftTeams-image-768x1086.png 768w, https:\/\/mobilia.fi\/wp-content\/uploads\/2022\/02\/MicrosoftTeams-image-1086x1536.png 1086w, https:\/\/mobilia.fi\/wp-content\/uploads\/2022\/02\/MicrosoftTeams-image.png 1414w\" sizes=\"(max-width: 724px) 100vw, 724px\" \/>\t\t\t\t\t\t\t\t<\/a>\n\t\t\t\t\t\t\t\t\t\t\t\t\t\t\t<\/div>\n\t\t\t\t<\/div>\n\t\t\t\t\t<\/div>\n\t\t<\/div>\n\t\t\t\t\t<\/div>\n\t\t<\/section>\n\t\t\t\t<section class=\"elementor-section elementor-top-section elementor-element elementor-element-1d25e1b elementor-section-boxed elementor-section-height-default elementor-section-height-default\" data-id=\"1d25e1b\" data-element_type=\"section\" data-e-type=\"section\">\n\t\t\t\t\t\t<div class=\"elementor-container elementor-column-gap-default\">\n\t\t\t\t\t<div class=\"elementor-column elementor-col-100 elementor-top-column elementor-element elementor-element-3f23915\" data-id=\"3f23915\" data-element_type=\"column\" data-e-type=\"column\">\n\t\t\t<div class=\"elementor-widget-wrap elementor-element-populated\">\n\t\t\t\t\t\t\t<\/div>\n\t\t<\/div>\n\t\t\t\t\t<\/div>\n\t\t<\/section>\n\t\t\t\t<section class=\"elementor-section elementor-top-section elementor-element elementor-element-820a03b elementor-section-boxed elementor-section-height-default elementor-section-height-default\" data-id=\"820a03b\" data-element_type=\"section\" data-e-type=\"section\">\n\t\t\t\t\t\t<div class=\"elementor-container elementor-column-gap-default\">\n\t\t\t\t\t<div class=\"elementor-column elementor-col-100 elementor-top-column elementor-element elementor-element-a1bec6c\" data-id=\"a1bec6c\" data-element_type=\"column\" data-e-type=\"column\">\n\t\t\t<div class=\"elementor-widget-wrap elementor-element-populated\">\n\t\t\t\t\t\t\t<\/div>\n\t\t<\/div>\n\t\t\t\t\t<\/div>\n\t\t<\/section>\n\t\t\t\t<\/div>\n\t\t","protected":false},"excerpt":{"rendered":"<p>Mobilian n\u00e4yttelyiden avajaiset 2022 \u00a0 \u00a0 Tervetuloa avajaisiin! \u00a0 Mobiliassa vietet\u00e4\u00e4n kahden n\u00e4yttelyn avajaisia torstaina 17.3.2022 klo. 18-21\u00a0 Kertomuksia teist\u00e4 sek\u00e4 Suomi liikkeelle 1920-luvulla. Kertomuksia teist\u00e4 on Mobilian uusi pysyv\u00e4 n\u00e4yttely, joka kertoo suomalaisen tien ja tiell\u00e4 kulkemisen tarinaa. Suomi liikkeelle 1920 -n\u00e4yttelyss\u00e4 on esill\u00e4 aikakauden ajoneuvoja yleisimmist\u00e4 liikennev\u00e4lineist\u00e4 harvinaisempiin yksil\u00f6ihin. N\u00e4yttelyss\u00e4 saamme my\u00f6s kuulla [&hellip;]<\/p>\n","protected":false},"author":3,"featured_media":6082,"parent":0,"menu_order":6,"comment_status":"closed","ping_status":"closed","template":"","meta":{"_acf_changed":false,"inline_featured_image":false,"footnotes":""},"class_list":["post-6055","page","type-page","status-publish","has-post-thumbnail","hentry"],"acf":[],"_links":{"self":[{"href":"https:\/\/mobilia.fi\/fi\/wp-json\/wp\/v2\/pages\/6055","targetHints":{"allow":["GET"]}}],"collection":[{"href":"https:\/\/mobilia.fi\/fi\/wp-json\/wp\/v2\/pages"}],"about":[{"href":"https:\/\/mobilia.fi\/fi\/wp-json\/wp\/v2\/types\/page"}],"author":[{"embeddable":true,"href":"https:\/\/mobilia.fi\/fi\/wp-json\/wp\/v2\/users\/3"}],"replies":[{"embeddable":true,"href":"https:\/\/mobilia.fi\/fi\/wp-json\/wp\/v2\/comments?post=6055"}],"version-history":[{"count":74,"href":"https:\/\/mobilia.fi\/fi\/wp-json\/wp\/v2\/pages\/6055\/revisions"}],"predecessor-version":[{"id":6132,"href":"https:\/\/mobilia.fi\/fi\/wp-json\/wp\/v2\/pages\/6055\/revisions\/6132"}],"wp:featuredmedia":[{"embeddable":true,"href":"https:\/\/mobilia.fi\/fi\/wp-json\/wp\/v2\/media\/6082"}],"wp:attachment":[{"href":"https:\/\/mobilia.fi\/fi\/wp-json\/wp\/v2\/media?parent=6055"}],"curies":[{"name":"wp","href":"https:\/\/api.w.org\/{rel}","templated":true}]}}