{"id":642,"date":"2020-04-02T10:24:07","date_gmt":"2020-04-02T07:24:07","guid":{"rendered":"https:\/\/mobilia.fi\/?page_id=642"},"modified":"2022-02-22T12:01:24","modified_gmt":"2022-02-22T10:01:24","slug":"verkkonayttelyt","status":"publish","type":"page","link":"https:\/\/mobilia.fi\/fi\/nayttelyt\/verkkonayttelyt\/","title":{"rendered":"Verkkon\u00e4yttelyt"},"content":{"rendered":"\t\t<div data-elementor-type=\"wp-page\" data-elementor-id=\"642\" class=\"elementor elementor-642\" data-elementor-post-type=\"page\">\n\t\t\t\t\t\t<section class=\"elementor-section elementor-top-section elementor-element elementor-element-9cd52ea elementor-section-height-min-height elementor-section-boxed elementor-section-height-default elementor-section-items-middle\" data-id=\"9cd52ea\" data-element_type=\"section\" data-e-type=\"section\" data-settings=\"{&quot;background_background&quot;:&quot;classic&quot;}\">\n\t\t\t\t\t\t\t<div class=\"elementor-background-overlay\"><\/div>\n\t\t\t\t\t\t\t<div class=\"elementor-container elementor-column-gap-default\">\n\t\t\t\t\t<div class=\"elementor-column elementor-col-100 elementor-top-column elementor-element elementor-element-15ffa3d\" data-id=\"15ffa3d\" data-element_type=\"column\" data-e-type=\"column\">\n\t\t\t<div class=\"elementor-widget-wrap elementor-element-populated\">\n\t\t\t\t\t\t<div class=\"elementor-element elementor-element-7bb497e elementor-widget elementor-widget-text-editor\" data-id=\"7bb497e\" data-element_type=\"widget\" data-e-type=\"widget\" data-widget_type=\"text-editor.default\">\n\t\t\t\t<div class=\"elementor-widget-container\">\n\t\t\t\t\t\t\t\t\t<h1>Verkkon\u00e4yttelyt<\/h1><div>Museo aina mukanasi<\/div>\t\t\t\t\t\t\t\t<\/div>\n\t\t\t\t<\/div>\n\t\t\t\t\t<\/div>\n\t\t<\/div>\n\t\t\t\t\t<\/div>\n\t\t<\/section>\n\t\t\t\t<section class=\"elementor-section elementor-top-section elementor-element elementor-element-f625558 elementor-section-boxed elementor-section-height-default elementor-section-height-default\" data-id=\"f625558\" data-element_type=\"section\" data-e-type=\"section\">\n\t\t\t\t\t\t<div class=\"elementor-container elementor-column-gap-default\">\n\t\t\t\t\t<div class=\"elementor-column elementor-col-100 elementor-top-column elementor-element elementor-element-5978758\" data-id=\"5978758\" data-element_type=\"column\" data-e-type=\"column\">\n\t\t\t<div class=\"elementor-widget-wrap elementor-element-populated\">\n\t\t\t\t\t\t\t<\/div>\n\t\t<\/div>\n\t\t\t\t\t<\/div>\n\t\t<\/section>\n\t\t\t\t<section class=\"elementor-section elementor-top-section elementor-element elementor-element-3180ec4 elementor-section-boxed elementor-section-height-default elementor-section-height-default\" data-id=\"3180ec4\" data-element_type=\"section\" data-e-type=\"section\">\n\t\t\t\t\t\t<div class=\"elementor-container elementor-column-gap-default\">\n\t\t\t\t\t<div class=\"elementor-column elementor-col-100 elementor-top-column elementor-element elementor-element-f4425d5\" data-id=\"f4425d5\" data-element_type=\"column\" data-e-type=\"column\">\n\t\t\t<div class=\"elementor-widget-wrap elementor-element-populated\">\n\t\t\t\t\t\t<section class=\"elementor-section elementor-inner-section elementor-element elementor-element-5f0ec73 elementor-section-boxed elementor-section-height-default elementor-section-height-default\" data-id=\"5f0ec73\" data-element_type=\"section\" data-e-type=\"section\">\n\t\t\t\t\t\t<div class=\"elementor-container elementor-column-gap-default\">\n\t\t\t\t\t<div class=\"elementor-column elementor-col-100 elementor-inner-column elementor-element elementor-element-545b53f\" data-id=\"545b53f\" data-element_type=\"column\" data-e-type=\"column\">\n\t\t\t<div class=\"elementor-widget-wrap elementor-element-populated\">\n\t\t\t\t\t\t<div class=\"elementor-element elementor-element-6d312ec elementor-grid-4 elementor-grid-tablet-2 elementor-grid-mobile-1 elementor-posts--thumbnail-top elementor-widget elementor-widget-posts\" data-id=\"6d312ec\" data-element_type=\"widget\" data-e-type=\"widget\" data-settings=\"{&quot;classic_columns&quot;:&quot;4&quot;,&quot;classic_columns_tablet&quot;:&quot;2&quot;,&quot;classic_columns_mobile&quot;:&quot;1&quot;,&quot;classic_row_gap&quot;:{&quot;unit&quot;:&quot;px&quot;,&quot;size&quot;:35,&quot;sizes&quot;:[]},&quot;classic_row_gap_tablet&quot;:{&quot;unit&quot;:&quot;px&quot;,&quot;size&quot;:&quot;&quot;,&quot;sizes&quot;:[]},&quot;classic_row_gap_mobile&quot;:{&quot;unit&quot;:&quot;px&quot;,&quot;size&quot;:&quot;&quot;,&quot;sizes&quot;:[]}}\" data-widget_type=\"posts.classic\">\n\t\t\t\t<div class=\"elementor-widget-container\">\n\t\t\t\t\t\t\t<div class=\"elementor-posts-container elementor-posts elementor-posts--skin-classic elementor-grid\" role=\"list\">\n\t\t\t\t<article class=\"elementor-post elementor-grid-item post-1270 nayttely type-nayttely status-publish has-post-thumbnail hentry nayttely_tax-verkko\" role=\"listitem\">\n\t\t\t\t<a class=\"elementor-post__thumbnail__link\" href=\"https:\/\/mobilia.fi\/fi\/nayttely\/kokoelmien-helmia\/\" tabindex=\"-1\">\n\t\t\t<div class=\"elementor-post__thumbnail\"><img fetchpriority=\"high\" decoding=\"async\" width=\"300\" height=\"190\" src=\"https:\/\/mobilia.fi\/wp-content\/uploads\/2020\/09\/kupla-1-1-300x190.jpg\" class=\"attachment-medium size-medium wp-image-1317\" alt=\"Musta kupla\" srcset=\"https:\/\/mobilia.fi\/wp-content\/uploads\/2020\/09\/kupla-1-1-300x190.jpg 300w, https:\/\/mobilia.fi\/wp-content\/uploads\/2020\/09\/kupla-1-1-1024x648.jpg 1024w, https:\/\/mobilia.fi\/wp-content\/uploads\/2020\/09\/kupla-1-1-768x486.jpg 768w, https:\/\/mobilia.fi\/wp-content\/uploads\/2020\/09\/kupla-1-1.jpg 1132w\" sizes=\"(max-width: 300px) 100vw, 300px\" \/><\/div>\n\t\t<\/a>\n\t\t\t\t<div class=\"elementor-post__text\">\n\t\t\t\t<h3 class=\"elementor-post__title\">\n\t\t\t<a href=\"https:\/\/mobilia.fi\/fi\/nayttely\/kokoelmien-helmia\/\">\n\t\t\t\tKokoelmien helmi\u00e4\t\t\t<\/a>\n\t\t<\/h3>\n\t\t\t\t<div class=\"elementor-post__excerpt\">\n\t\t\t<p>Kokoelmien helmi\u00e4 Suomen sotien j\u00e4lkeisen ajan ajoneuvoja digitoituna Volkswagen Kupla vm. 1961 Mobilian kokoelmiin kuuluva Volkswagen Kupla vuosimallia 1961. Autotuonnin vapauduttua vuonna 1962 Kuplan myyntiluvut<\/p>\n\t\t<\/div>\n\t\t\n\t\t<a class=\"elementor-post__read-more\" href=\"https:\/\/mobilia.fi\/fi\/nayttely\/kokoelmien-helmia\/\" aria-label=\"Read more about Kokoelmien helmi\u00e4\" tabindex=\"-1\">\n\t\t\tTutustu tarkemmin \u00bb\t\t<\/a>\n\n\t\t\t\t<\/div>\n\t\t\t\t<\/article>\n\t\t\t\t<article class=\"elementor-post elementor-grid-item post-2428 nayttely type-nayttely status-publish has-post-thumbnail hentry nayttely_tax-verkko\" role=\"listitem\">\n\t\t\t\t<a class=\"elementor-post__thumbnail__link\" href=\"https:\/\/mobilia.fi\/fi\/nayttely\/rally-hall-of-fame\/\" tabindex=\"-1\">\n\t\t\t<div class=\"elementor-post__thumbnail\"><img decoding=\"async\" width=\"300\" height=\"183\" src=\"https:\/\/mobilia.fi\/wp-content\/uploads\/2020\/03\/rallimuseo-1-mobilia-300x183.jpg\" class=\"attachment-medium size-medium wp-image-626\" alt=\"Rallimuseo sis\u00e4lt\u00e4\u00e4 laajan katsauksen ralliautoilun historiaa.\" srcset=\"https:\/\/mobilia.fi\/wp-content\/uploads\/2020\/03\/rallimuseo-1-mobilia-300x183.jpg 300w, https:\/\/mobilia.fi\/wp-content\/uploads\/2020\/03\/rallimuseo-1-mobilia-1024x623.jpg 1024w, https:\/\/mobilia.fi\/wp-content\/uploads\/2020\/03\/rallimuseo-1-mobilia-768x467.jpg 768w, https:\/\/mobilia.fi\/wp-content\/uploads\/2020\/03\/rallimuseo-1-mobilia.jpg 1150w\" sizes=\"(max-width: 300px) 100vw, 300px\" \/><\/div>\n\t\t<\/a>\n\t\t\t\t<div class=\"elementor-post__text\">\n\t\t\t\t<h3 class=\"elementor-post__title\">\n\t\t\t<a href=\"https:\/\/mobilia.fi\/fi\/nayttely\/rally-hall-of-fame\/\">\n\t\t\t\tRally Hall of Fame\t\t\t<\/a>\n\t\t<\/h3>\n\t\t\t\t<div class=\"elementor-post__excerpt\">\n\t\t\t<p>Rally Hall of Fame Rallit\u00e4htien kunniagalleria Rally Hall of Fame avattiin yleis\u00f6lle 29.4.2010, ja se sijaitsee nyky\u00e4\u00e4n Rallimuseossa Mobiliassa. Rally Hall of Fameen nimet\u00e4\u00e4n ralliautourheilussa<\/p>\n\t\t<\/div>\n\t\t\n\t\t<a class=\"elementor-post__read-more\" href=\"https:\/\/mobilia.fi\/fi\/nayttely\/rally-hall-of-fame\/\" aria-label=\"Read more about Rally Hall of Fame\" tabindex=\"-1\">\n\t\t\tTutustu tarkemmin \u00bb\t\t<\/a>\n\n\t\t\t\t<\/div>\n\t\t\t\t<\/article>\n\t\t\t\t<article class=\"elementor-post elementor-grid-item post-4033 nayttely type-nayttely status-publish has-post-thumbnail hentry nayttely_tax-verkko\" role=\"listitem\">\n\t\t\t\t<a class=\"elementor-post__thumbnail__link\" href=\"https:\/\/mobilia.fi\/fi\/nayttely\/tarinoita-siirtotyomailta-360\/\" tabindex=\"-1\">\n\t\t\t<div class=\"elementor-post__thumbnail\"><img decoding=\"async\" width=\"300\" height=\"169\" src=\"https:\/\/mobilia.fi\/wp-content\/uploads\/2022\/01\/mobilia-asuminen-parakkikylassa-300x169.jpg\" class=\"attachment-medium size-medium wp-image-5748\" alt=\"Parakkikylien arki oli yleens\u00e4 karua ja parakit koruttomia. Kuvassa Melonsaaren tukikohta Keuruulla 1966. Suurille ty\u00f6tt\u00f6myysty\u00f6maille nousi useita t\u00e4llaisia parakkikyli\u00e4. \u00a9 V\u00e4yl\u00e4virasto \u2013 Mobilia\" srcset=\"https:\/\/mobilia.fi\/wp-content\/uploads\/2022\/01\/mobilia-asuminen-parakkikylassa-300x169.jpg 300w, https:\/\/mobilia.fi\/wp-content\/uploads\/2022\/01\/mobilia-asuminen-parakkikylassa-1024x578.jpg 1024w, https:\/\/mobilia.fi\/wp-content\/uploads\/2022\/01\/mobilia-asuminen-parakkikylassa-768x433.jpg 768w, https:\/\/mobilia.fi\/wp-content\/uploads\/2022\/01\/mobilia-asuminen-parakkikylassa.jpg 1250w\" sizes=\"(max-width: 300px) 100vw, 300px\" \/><\/div>\n\t\t<\/a>\n\t\t\t\t<div class=\"elementor-post__text\">\n\t\t\t\t<h3 class=\"elementor-post__title\">\n\t\t\t<a href=\"https:\/\/mobilia.fi\/fi\/nayttely\/tarinoita-siirtotyomailta-360\/\">\n\t\t\t\tTarinoita siirtoty\u00f6mailta\t\t\t<\/a>\n\t\t<\/h3>\n\t\t\t\t<div class=\"elementor-post__excerpt\">\n\t\t\t<p>Tarinoita siirtoty\u00f6mailta Tervetuloa mukaan matkalle, joka vie siirtoty\u00f6maiden ja niiden kupeisiin syntyneiden parakkikylien historiaan. Verkkon\u00e4yttely jakautuu kolmeen eri osioon. Voit kurkistaa virtuaalikierroksen kautta parakkeihin sis\u00e4lle,<\/p>\n\t\t<\/div>\n\t\t\n\t\t<a class=\"elementor-post__read-more\" href=\"https:\/\/mobilia.fi\/fi\/nayttely\/tarinoita-siirtotyomailta-360\/\" aria-label=\"Read more about Tarinoita siirtoty\u00f6mailta\" tabindex=\"-1\">\n\t\t\tTutustu tarkemmin \u00bb\t\t<\/a>\n\n\t\t\t\t<\/div>\n\t\t\t\t<\/article>\n\t\t\t\t<\/div>\n\t\t\n\t\t\t\t\t\t<\/div>\n\t\t\t\t<\/div>\n\t\t\t\t\t<\/div>\n\t\t<\/div>\n\t\t\t\t\t<\/div>\n\t\t<\/section>\n\t\t\t\t\t<\/div>\n\t\t<\/div>\n\t\t\t\t\t<\/div>\n\t\t<\/section>\n\t\t\t\t<\/div>\n\t\t","protected":false},"excerpt":{"rendered":"<p>Verkkon\u00e4yttelyt Museo aina mukanasi<\/p>\n","protected":false},"author":1,"featured_media":74,"parent":12,"menu_order":2,"comment_status":"closed","ping_status":"closed","template":"","meta":{"_acf_changed":false,"inline_featured_image":false,"footnotes":""},"class_list":["post-642","page","type-page","status-publish","has-post-thumbnail","hentry"],"acf":[],"_links":{"self":[{"href":"https:\/\/mobilia.fi\/fi\/wp-json\/wp\/v2\/pages\/642","targetHints":{"allow":["GET"]}}],"collection":[{"href":"https:\/\/mobilia.fi\/fi\/wp-json\/wp\/v2\/pages"}],"about":[{"href":"https:\/\/mobilia.fi\/fi\/wp-json\/wp\/v2\/types\/page"}],"author":[{"embeddable":true,"href":"https:\/\/mobilia.fi\/fi\/wp-json\/wp\/v2\/users\/1"}],"replies":[{"embeddable":true,"href":"https:\/\/mobilia.fi\/fi\/wp-json\/wp\/v2\/comments?post=642"}],"version-history":[{"count":24,"href":"https:\/\/mobilia.fi\/fi\/wp-json\/wp\/v2\/pages\/642\/revisions"}],"predecessor-version":[{"id":6047,"href":"https:\/\/mobilia.fi\/fi\/wp-json\/wp\/v2\/pages\/642\/revisions\/6047"}],"up":[{"embeddable":true,"href":"https:\/\/mobilia.fi\/fi\/wp-json\/wp\/v2\/pages\/12"}],"wp:featuredmedia":[{"embeddable":true,"href":"https:\/\/mobilia.fi\/fi\/wp-json\/wp\/v2\/media\/74"}],"wp:attachment":[{"href":"https:\/\/mobilia.fi\/fi\/wp-json\/wp\/v2\/media?parent=642"}],"curies":[{"name":"wp","href":"https:\/\/api.w.org\/{rel}","templated":true}]}}