{"id":669,"date":"2020-04-02T11:48:17","date_gmt":"2020-04-02T08:48:17","guid":{"rendered":"https:\/\/mobilia.fi\/?page_id=669"},"modified":"2022-02-01T11:48:07","modified_gmt":"2022-02-01T09:48:07","slug":"palvelut","status":"publish","type":"page","link":"https:\/\/mobilia.fi\/fi\/palvelut\/","title":{"rendered":"Palvelut"},"content":{"rendered":"\t\t<div data-elementor-type=\"wp-page\" data-elementor-id=\"669\" class=\"elementor elementor-669\" data-elementor-post-type=\"page\">\n\t\t\t\t\t\t<section class=\"elementor-section elementor-top-section elementor-element elementor-element-507765e9 elementor-section-height-min-height elementor-section-boxed elementor-section-height-default elementor-section-items-middle\" data-id=\"507765e9\" data-element_type=\"section\" data-e-type=\"section\" data-settings=\"{&quot;background_background&quot;:&quot;classic&quot;}\">\n\t\t\t\t\t\t\t<div class=\"elementor-background-overlay\"><\/div>\n\t\t\t\t\t\t\t<div class=\"elementor-container elementor-column-gap-default\">\n\t\t\t\t\t<div class=\"elementor-column elementor-col-100 elementor-top-column elementor-element elementor-element-67b9b072\" data-id=\"67b9b072\" data-element_type=\"column\" data-e-type=\"column\">\n\t\t\t<div class=\"elementor-widget-wrap elementor-element-populated\">\n\t\t\t\t\t\t<div class=\"elementor-element elementor-element-2a4cb8af elementor-widget elementor-widget-text-editor\" data-id=\"2a4cb8af\" data-element_type=\"widget\" data-e-type=\"widget\" data-widget_type=\"text-editor.default\">\n\t\t\t\t<div class=\"elementor-widget-container\">\n\t\t\t\t\t\t\t\t\t<h1>Palvelut<\/h1><p>Yksityishenkil\u00f6ille &amp; yrityksille<\/p>\t\t\t\t\t\t\t\t<\/div>\n\t\t\t\t<\/div>\n\t\t\t\t\t<\/div>\n\t\t<\/div>\n\t\t\t\t\t<\/div>\n\t\t<\/section>\n\t\t\t\t<section class=\"elementor-section elementor-top-section elementor-element elementor-element-3597eb6c elementor-section-boxed elementor-section-height-default elementor-section-height-default\" data-id=\"3597eb6c\" data-element_type=\"section\" data-e-type=\"section\">\n\t\t\t\t\t\t<div class=\"elementor-container elementor-column-gap-default\">\n\t\t\t\t\t<div class=\"elementor-column elementor-col-100 elementor-top-column elementor-element elementor-element-501e7e80\" data-id=\"501e7e80\" data-element_type=\"column\" data-e-type=\"column\">\n\t\t\t<div class=\"elementor-widget-wrap elementor-element-populated\">\n\t\t\t\t\t\t<section class=\"elementor-section elementor-inner-section elementor-element elementor-element-3c40d2c1 elementor-section-boxed elementor-section-height-default elementor-section-height-default\" data-id=\"3c40d2c1\" data-element_type=\"section\" data-e-type=\"section\">\n\t\t\t\t\t\t<div class=\"elementor-container elementor-column-gap-default\">\n\t\t\t\t\t<div class=\"elementor-column elementor-col-50 elementor-inner-column elementor-element elementor-element-2ca0f4e8\" data-id=\"2ca0f4e8\" data-element_type=\"column\" data-e-type=\"column\">\n\t\t\t<div class=\"elementor-widget-wrap elementor-element-populated\">\n\t\t\t\t\t\t<div class=\"elementor-element elementor-element-5364ef4a elementor-widget elementor-widget-text-editor\" data-id=\"5364ef4a\" data-element_type=\"widget\" data-e-type=\"widget\" data-widget_type=\"text-editor.default\">\n\t\t\t\t<div class=\"elementor-widget-container\">\n\t\t\t\t\t\t\t\t\t<h2>Mobilian palvelut<\/h2>\t\t\t\t\t\t\t\t<\/div>\n\t\t\t\t<\/div>\n\t\t\t\t<div class=\"elementor-element elementor-element-7afad9bc elementor-widget elementor-widget-text-editor\" data-id=\"7afad9bc\" data-element_type=\"widget\" data-e-type=\"widget\" data-widget_type=\"text-editor.default\">\n\t\t\t\t<div class=\"elementor-widget-container\">\n\t\t\t\t\t\t\t\t\t<p><span class=\"custom-sub-header\">Tutustu monipuoliseen palvelutarjontaamme! <br \/>Olemme mielell\u00e4mme k\u00e4ytett\u00e4viss\u00e4si.<\/span><span class=\"custom-sub-header\"><br \/><\/span><\/p>\t\t\t\t\t\t\t\t<\/div>\n\t\t\t\t<\/div>\n\t\t\t\t\t<\/div>\n\t\t<\/div>\n\t\t\t\t<div class=\"elementor-column elementor-col-50 elementor-inner-column elementor-element elementor-element-2e4b6340\" data-id=\"2e4b6340\" data-element_type=\"column\" data-e-type=\"column\">\n\t\t\t<div class=\"elementor-widget-wrap elementor-element-populated\">\n\t\t\t\t\t\t<div class=\"elementor-element elementor-element-e6daac1 elementor-widget elementor-widget-text-editor\" data-id=\"e6daac1\" data-element_type=\"widget\" data-e-type=\"widget\" data-widget_type=\"text-editor.default\">\n\t\t\t\t<div class=\"elementor-widget-container\">\n\t\t\t\t\t\t\t\t\t<p>Kokous- ja juhlapalveluistamme l\u00f6ytyv\u00e4t ratkaisut niin yritystilaisuuksien kuin perhejuhlien j\u00e4rjest\u00e4miseen.<\/p><p>Ydintoimintaamme ovat yrityksille ja yhteis\u00f6ille tarjottavat historiatutkimukset, juhlakirjat ja n\u00e4yttelyt. Meilt\u00e4 l\u00f6ytyv\u00e4t ratkaisut my\u00f6s tallennettavien aineistojen seulontaan, j\u00e4rjest\u00e4miseen ja s\u00e4ilytt\u00e4miseen.<\/p><p>Mobilia on my\u00f6s museoajoneuvojen merkkikorjaamo. Tarjoamme vanhojen ajoneuvojen huoltopalveluita sek\u00e4 yksityisille harrastajille ett\u00e4 kokoelmien omistajille.<\/p>\t\t\t\t\t\t\t\t<\/div>\n\t\t\t\t<\/div>\n\t\t\t\t\t<\/div>\n\t\t<\/div>\n\t\t\t\t\t<\/div>\n\t\t<\/section>\n\t\t\t\t\t<\/div>\n\t\t<\/div>\n\t\t\t\t\t<\/div>\n\t\t<\/section>\n\t\t\t\t<section class=\"elementor-section elementor-top-section elementor-element elementor-element-c9d480c elementor-section-boxed elementor-section-height-default elementor-section-height-default\" data-id=\"c9d480c\" data-element_type=\"section\" data-e-type=\"section\">\n\t\t\t\t\t\t<div class=\"elementor-container elementor-column-gap-default\">\n\t\t\t\t\t<div class=\"elementor-column elementor-col-100 elementor-top-column elementor-element elementor-element-0d92816\" data-id=\"0d92816\" data-element_type=\"column\" data-e-type=\"column\">\n\t\t\t<div class=\"elementor-widget-wrap elementor-element-populated\">\n\t\t\t\t\t\t<section class=\"elementor-section elementor-inner-section elementor-element elementor-element-8b75e49 elementor-section-boxed elementor-section-height-default elementor-section-height-default\" data-id=\"8b75e49\" data-element_type=\"section\" data-e-type=\"section\">\n\t\t\t\t\t\t<div class=\"elementor-container elementor-column-gap-default\">\n\t\t\t\t\t<div class=\"elementor-column elementor-col-100 elementor-inner-column elementor-element elementor-element-efb666d\" data-id=\"efb666d\" data-element_type=\"column\" data-e-type=\"column\">\n\t\t\t<div class=\"elementor-widget-wrap elementor-element-populated\">\n\t\t\t\t\t\t<div class=\"elementor-element elementor-element-6d833e1 elementor-grid-4 elementor-grid-tablet-2 elementor-grid-mobile-1 elementor-posts--thumbnail-top elementor-widget elementor-widget-posts\" data-id=\"6d833e1\" data-element_type=\"widget\" data-e-type=\"widget\" data-settings=\"{&quot;classic_columns&quot;:&quot;4&quot;,&quot;classic_columns_tablet&quot;:&quot;2&quot;,&quot;classic_columns_mobile&quot;:&quot;1&quot;,&quot;classic_row_gap&quot;:{&quot;unit&quot;:&quot;px&quot;,&quot;size&quot;:35,&quot;sizes&quot;:[]},&quot;classic_row_gap_tablet&quot;:{&quot;unit&quot;:&quot;px&quot;,&quot;size&quot;:&quot;&quot;,&quot;sizes&quot;:[]},&quot;classic_row_gap_mobile&quot;:{&quot;unit&quot;:&quot;px&quot;,&quot;size&quot;:&quot;&quot;,&quot;sizes&quot;:[]}}\" data-widget_type=\"posts.classic\">\n\t\t\t\t<div class=\"elementor-widget-container\">\n\t\t\t\t\t\t\t<div class=\"elementor-posts-container elementor-posts elementor-posts--skin-classic elementor-grid\" role=\"list\">\n\t\t\t\t<article class=\"elementor-post elementor-grid-item post-15791 page type-page status-publish hentry\" role=\"listitem\">\n\t\t\t\t<div class=\"elementor-post__text\">\n\t\t\t\t<h3 class=\"elementor-post__title\">\n\t\t\t<a href=\"https:\/\/mobilia.fi\/fi\/rallimuseon-ystavat-ryn-rekisteri-ja-tietosuojaseloste\/\">\n\t\t\t\tRallimuseon yst\u00e4v\u00e4t ry:n rekisteri- ja tietosuojaseloste\t\t\t<\/a>\n\t\t<\/h3>\n\t\t\t\t<div class=\"elementor-post__excerpt\">\n\t\t\t<p>Rallimuseon yst\u00e4v\u00e4t ry:n rekisteri- ja tietosuojaseloste Rallimuseon yst\u00e4v\u00e4t ry:n rekisteri- ja tietosuojaseloste 1. Rekisterinpit\u00e4j\u00e4Rallimuseon yst\u00e4v\u00e4t ry c\/o Mobilia, Kustaa Kolmannen tie 75, 36270 Kangasala, Y-tunnus:<\/p>\n\t\t<\/div>\n\t\t\n\t\t<a class=\"elementor-post__read-more\" href=\"https:\/\/mobilia.fi\/fi\/rallimuseon-ystavat-ryn-rekisteri-ja-tietosuojaseloste\/\" aria-label=\"Read more about Rallimuseon yst\u00e4v\u00e4t ry:n rekisteri- ja tietosuojaseloste\" tabindex=\"-1\">\n\t\t\tTutustu tarkemmin \u00bb\t\t<\/a>\n\n\t\t\t\t<\/div>\n\t\t\t\t<\/article>\n\t\t\t\t<article class=\"elementor-post elementor-grid-item post-12630 page type-page status-publish hentry\" role=\"listitem\">\n\t\t\t\t<div class=\"elementor-post__text\">\n\t\t\t\t<h3 class=\"elementor-post__title\">\n\t\t\t<a href=\"https:\/\/mobilia.fi\/fi\/evastekaytanto\/\">\n\t\t\t\tEv\u00e4stek\u00e4yt\u00e4nt\u00f6\t\t\t<\/a>\n\t\t<\/h3>\n\t\t\t\t<div class=\"elementor-post__excerpt\">\n\t\t\t\t\t<\/div>\n\t\t\n\t\t<a class=\"elementor-post__read-more\" href=\"https:\/\/mobilia.fi\/fi\/evastekaytanto\/\" aria-label=\"Read more about Ev\u00e4stek\u00e4yt\u00e4nt\u00f6\" tabindex=\"-1\">\n\t\t\tTutustu tarkemmin \u00bb\t\t<\/a>\n\n\t\t\t\t<\/div>\n\t\t\t\t<\/article>\n\t\t\t\t<article class=\"elementor-post elementor-grid-item post-8556 page type-page status-publish hentry\" role=\"listitem\">\n\t\t\t\t<div class=\"elementor-post__text\">\n\t\t\t\t<h3 class=\"elementor-post__title\">\n\t\t\t<a href=\"https:\/\/mobilia.fi\/fi\/verkkopajan-tietosuojaseloste\/\">\n\t\t\t\tVerkkopajan tietosuojaseloste\t\t\t<\/a>\n\t\t<\/h3>\n\t\t\t\t<div class=\"elementor-post__excerpt\">\n\t\t\t<p>T\u00e4m\u00e4 tietosuojaseloste kertoo, mihin tarkoitukseen henkil\u00f6tietojasi k\u00e4ytet\u00e4\u00e4n ja mit\u00e4 oikeuksia sinulla on rekister\u00f6ityn\u00e4. T\u00e4m\u00e4 tietosuojaseloste koskee Mobilian s\u00e4hk\u00f6ist\u00e4 oppimisymp\u00e4rist\u00f6\u00e4 (\u201dVerkkopaja\u201d) Claned-oppimisalustalla. \u00a0\u00a0\u00a0\u00a0\u00a0\u00a0\u00a0\u00a0\u00a0\u00a0\u00a0\u00a0\u00a0\u00a0\u00a0\u00a0 Sis\u00e4llysluettelo\u00a0 1 Rekisterinpit\u00e4j\u00e4<\/p>\n\t\t<\/div>\n\t\t\n\t\t<a class=\"elementor-post__read-more\" href=\"https:\/\/mobilia.fi\/fi\/verkkopajan-tietosuojaseloste\/\" aria-label=\"Read more about Verkkopajan tietosuojaseloste\" tabindex=\"-1\">\n\t\t\tTutustu tarkemmin \u00bb\t\t<\/a>\n\n\t\t\t\t<\/div>\n\t\t\t\t<\/article>\n\t\t\t\t<article class=\"elementor-post elementor-grid-item post-6055 page type-page status-publish has-post-thumbnail hentry\" role=\"listitem\">\n\t\t\t\t<a class=\"elementor-post__thumbnail__link\" href=\"https:\/\/mobilia.fi\/fi\/avajaiset\/\" tabindex=\"-1\">\n\t\t\t<div class=\"elementor-post__thumbnail\"><img fetchpriority=\"high\" decoding=\"async\" width=\"212\" height=\"300\" src=\"https:\/\/mobilia.fi\/wp-content\/uploads\/2022\/02\/MicrosoftTeams-image-212x300.png\" class=\"attachment-medium size-medium wp-image-6082\" alt=\"mobilian avajaiskutsu 2022. Kuvassa on nainen ajamassa 1920-luvun aikaisella avoautolla.\" srcset=\"https:\/\/mobilia.fi\/wp-content\/uploads\/2022\/02\/MicrosoftTeams-image-212x300.png 212w, https:\/\/mobilia.fi\/wp-content\/uploads\/2022\/02\/MicrosoftTeams-image-724x1024.png 724w, https:\/\/mobilia.fi\/wp-content\/uploads\/2022\/02\/MicrosoftTeams-image-768x1086.png 768w, https:\/\/mobilia.fi\/wp-content\/uploads\/2022\/02\/MicrosoftTeams-image-1086x1536.png 1086w, https:\/\/mobilia.fi\/wp-content\/uploads\/2022\/02\/MicrosoftTeams-image.png 1414w\" sizes=\"(max-width: 212px) 100vw, 212px\" \/><\/div>\n\t\t<\/a>\n\t\t\t\t<div class=\"elementor-post__text\">\n\t\t\t\t<h3 class=\"elementor-post__title\">\n\t\t\t<a href=\"https:\/\/mobilia.fi\/fi\/avajaiset\/\">\n\t\t\t\tAvajaiset\t\t\t<\/a>\n\t\t<\/h3>\n\t\t\t\t<div class=\"elementor-post__excerpt\">\n\t\t\t<p>Mobilian n\u00e4yttelyiden avajaiset 2022 \u00a0 \u00a0 Tervetuloa avajaisiin! \u00a0 Mobiliassa vietet\u00e4\u00e4n kahden n\u00e4yttelyn avajaisia torstaina 17.3.2022 klo. 18-21\u00a0 Kertomuksia teist\u00e4 sek\u00e4 Suomi liikkeelle 1920-luvulla. Kertomuksia<\/p>\n\t\t<\/div>\n\t\t\n\t\t<a class=\"elementor-post__read-more\" href=\"https:\/\/mobilia.fi\/fi\/avajaiset\/\" aria-label=\"Read more about Avajaiset\" tabindex=\"-1\">\n\t\t\tTutustu tarkemmin \u00bb\t\t<\/a>\n\n\t\t\t\t<\/div>\n\t\t\t\t<\/article>\n\t\t\t\t<article class=\"elementor-post elementor-grid-item post-4200 page type-page status-publish has-post-thumbnail hentry\" role=\"listitem\">\n\t\t\t\t<a class=\"elementor-post__thumbnail__link\" href=\"https:\/\/mobilia.fi\/fi\/joulu-parakkikylassa\/\" tabindex=\"-1\">\n\t\t\t<div class=\"elementor-post__thumbnail\"><img decoding=\"async\" width=\"300\" height=\"184\" src=\"https:\/\/mobilia.fi\/wp-content\/uploads\/2021\/05\/ty\u00f6miehi\u00e4-parakin-edustalla-1950-luvulla-300x184.jpg\" class=\"attachment-medium size-medium wp-image-4134\" alt=\"ty\u00f6miehi\u00e4 parakin edustalla\" srcset=\"https:\/\/mobilia.fi\/wp-content\/uploads\/2021\/05\/ty\u00f6miehi\u00e4-parakin-edustalla-1950-luvulla-300x184.jpg 300w, https:\/\/mobilia.fi\/wp-content\/uploads\/2021\/05\/ty\u00f6miehi\u00e4-parakin-edustalla-1950-luvulla-1024x627.jpg 1024w, https:\/\/mobilia.fi\/wp-content\/uploads\/2021\/05\/ty\u00f6miehi\u00e4-parakin-edustalla-1950-luvulla-768x471.jpg 768w, https:\/\/mobilia.fi\/wp-content\/uploads\/2021\/05\/ty\u00f6miehi\u00e4-parakin-edustalla-1950-luvulla.jpg 1534w\" sizes=\"(max-width: 300px) 100vw, 300px\" \/><\/div>\n\t\t<\/a>\n\t\t\t\t<div class=\"elementor-post__text\">\n\t\t\t\t<h3 class=\"elementor-post__title\">\n\t\t\t<a href=\"https:\/\/mobilia.fi\/fi\/joulu-parakkikylassa\/\">\n\t\t\t\tJoulu parakkikyl\u00e4ss\u00e4\t\t\t<\/a>\n\t\t<\/h3>\n\t\t\t\t<div class=\"elementor-post__excerpt\">\n\t\t\t<p>Joulu kaukana kotoa \u00a0 \u00a0 Siirtoty\u00f6maat ja parakkikyl\u00e4t olivat keskeinen osa suomalaista tienrakentamista ja ty\u00f6tt\u00f6myyden hoitoa 1950- ja 1960-luvuilla.\u00a0Ty\u00f6maat saattoivat sijaita useiden satojen kilometrien p\u00e4\u00e4ss\u00e4<\/p>\n\t\t<\/div>\n\t\t\n\t\t<a class=\"elementor-post__read-more\" href=\"https:\/\/mobilia.fi\/fi\/joulu-parakkikylassa\/\" aria-label=\"Read more about Joulu parakkikyl\u00e4ss\u00e4\" tabindex=\"-1\">\n\t\t\tTutustu tarkemmin \u00bb\t\t<\/a>\n\n\t\t\t\t<\/div>\n\t\t\t\t<\/article>\n\t\t\t\t<article class=\"elementor-post elementor-grid-item post-2305 page type-page status-publish hentry\" role=\"listitem\">\n\t\t\t\t<div class=\"elementor-post__text\">\n\t\t\t\t<h3 class=\"elementor-post__title\">\n\t\t\t<a href=\"https:\/\/mobilia.fi\/fi\/jasenlomake\/\">\n\t\t\t\tJ\u00e4senlomake\t\t\t<\/a>\n\t\t<\/h3>\n\t\t\t\t<div class=\"elementor-post__excerpt\">\n\t\t\t<p>Liity j\u00e4seneksi Liity Rallimuseon yst\u00e4v\u00e4t -yhdistyksen j\u00e4seneksi t\u00e4ytt\u00e4m\u00e4ll\u00e4 alla oleva j\u00e4senlomake. Yhdistyksen rekisteri- ja tietoturvaselosteen p\u00e4\u00e4set lukemaan t\u00e4st\u00e4.<\/p>\n\t\t<\/div>\n\t\t\n\t\t<a class=\"elementor-post__read-more\" href=\"https:\/\/mobilia.fi\/fi\/jasenlomake\/\" aria-label=\"Read more about J\u00e4senlomake\" tabindex=\"-1\">\n\t\t\tTutustu tarkemmin \u00bb\t\t<\/a>\n\n\t\t\t\t<\/div>\n\t\t\t\t<\/article>\n\t\t\t\t<article class=\"elementor-post elementor-grid-item post-669 page type-page status-publish hentry\" role=\"listitem\">\n\t\t\t\t<div class=\"elementor-post__text\">\n\t\t\t\t<h3 class=\"elementor-post__title\">\n\t\t\t<a href=\"https:\/\/mobilia.fi\/fi\/palvelut\/\">\n\t\t\t\tPalvelut\t\t\t<\/a>\n\t\t<\/h3>\n\t\t\t\t<div class=\"elementor-post__excerpt\">\n\t\t\t<p>Palvelut Yksityishenkil\u00f6ille &amp; yrityksille Mobilian palvelut Tutustu monipuoliseen palvelutarjontaamme! Olemme mielell\u00e4mme k\u00e4ytett\u00e4viss\u00e4si. Kokous- ja juhlapalveluistamme l\u00f6ytyv\u00e4t ratkaisut niin yritystilaisuuksien kuin perhejuhlien j\u00e4rjest\u00e4miseen. Ydintoimintaamme ovat yrityksille<\/p>\n\t\t<\/div>\n\t\t\n\t\t<a class=\"elementor-post__read-more\" href=\"https:\/\/mobilia.fi\/fi\/palvelut\/\" aria-label=\"Read more about Palvelut\" tabindex=\"-1\">\n\t\t\tTutustu tarkemmin \u00bb\t\t<\/a>\n\n\t\t\t\t<\/div>\n\t\t\t\t<\/article>\n\t\t\t\t<article class=\"elementor-post elementor-grid-item post-588 page type-page status-publish hentry\" role=\"listitem\">\n\t\t\t\t<div class=\"elementor-post__text\">\n\t\t\t\t<h3 class=\"elementor-post__title\">\n\t\t\t<a href=\"https:\/\/mobilia.fi\/fi\/tulevat-nayttelyt\/\">\n\t\t\t\tTulevat n\u00e4yttelyt\t\t\t<\/a>\n\t\t<\/h3>\n\t\t\t\t<div class=\"elementor-post__excerpt\">\n\t\t\t<p>Tulevat n\u00e4yttelyt Merkitse n\u00e4m\u00e4 kalenteriisi jo nyt!<\/p>\n\t\t<\/div>\n\t\t\n\t\t<a class=\"elementor-post__read-more\" href=\"https:\/\/mobilia.fi\/fi\/tulevat-nayttelyt\/\" aria-label=\"Read more about Tulevat n\u00e4yttelyt\" tabindex=\"-1\">\n\t\t\tTutustu tarkemmin \u00bb\t\t<\/a>\n\n\t\t\t\t<\/div>\n\t\t\t\t<\/article>\n\t\t\t\t<article class=\"elementor-post elementor-grid-item post-404 page type-page status-publish has-post-thumbnail hentry\" role=\"listitem\">\n\t\t\t\t<a class=\"elementor-post__thumbnail__link\" href=\"https:\/\/mobilia.fi\/fi\/anna-palautetta\/\" tabindex=\"-1\">\n\t\t\t<div class=\"elementor-post__thumbnail\"><img decoding=\"async\" width=\"300\" height=\"71\" src=\"https:\/\/mobilia.fi\/wp-content\/uploads\/2020\/03\/hero-vieraile-mobilia-300x71.jpg\" class=\"attachment-medium size-medium wp-image-416\" alt=\"Hero: Vieraile\" srcset=\"https:\/\/mobilia.fi\/wp-content\/uploads\/2020\/03\/hero-vieraile-mobilia-300x71.jpg 300w, https:\/\/mobilia.fi\/wp-content\/uploads\/2020\/03\/hero-vieraile-mobilia-1024x244.jpg 1024w, https:\/\/mobilia.fi\/wp-content\/uploads\/2020\/03\/hero-vieraile-mobilia-768x183.jpg 768w, https:\/\/mobilia.fi\/wp-content\/uploads\/2020\/03\/hero-vieraile-mobilia-1536x366.jpg 1536w, https:\/\/mobilia.fi\/wp-content\/uploads\/2020\/03\/hero-vieraile-mobilia-2048x488.jpg 2048w\" sizes=\"(max-width: 300px) 100vw, 300px\" \/><\/div>\n\t\t<\/a>\n\t\t\t\t<div class=\"elementor-post__text\">\n\t\t\t\t<h3 class=\"elementor-post__title\">\n\t\t\t<a href=\"https:\/\/mobilia.fi\/fi\/anna-palautetta\/\">\n\t\t\t\tAnna palautetta\t\t\t<\/a>\n\t\t<\/h3>\n\t\t\t\t<div class=\"elementor-post__excerpt\">\n\t\t\t<p>Palautelomake Autathan meit\u00e4 kehitt\u00e4m\u00e4\u00e4n palveluitamme: j\u00e4t\u00e4 meille palautetta!<\/p>\n\t\t<\/div>\n\t\t\n\t\t<a class=\"elementor-post__read-more\" href=\"https:\/\/mobilia.fi\/fi\/anna-palautetta\/\" aria-label=\"Read more about Anna palautetta\" tabindex=\"-1\">\n\t\t\tTutustu tarkemmin \u00bb\t\t<\/a>\n\n\t\t\t\t<\/div>\n\t\t\t\t<\/article>\n\t\t\t\t<article class=\"elementor-post elementor-grid-item post-402 page type-page status-publish hentry\" role=\"listitem\">\n\t\t\t\t<div class=\"elementor-post__text\">\n\t\t\t\t<h3 class=\"elementor-post__title\">\n\t\t\t<a href=\"https:\/\/mobilia.fi\/fi\/laheta-tarjouspyynto\/\">\n\t\t\t\tL\u00e4het\u00e4 tarjouspyynt\u00f6\t\t\t<\/a>\n\t\t<\/h3>\n\t\t\t\t<div class=\"elementor-post__excerpt\">\n\t\t\t<p>L\u00e4het\u00e4 tarjouspyynt\u00f6 LOMAKKEEN TOIMINNASSA ON H\u00c4IRI\u00d6! Selvit\u00e4mme ongelmaa, sill\u00e4 v\u00e4lin laitathan tarjouspyynn\u00f6t s\u00e4hk\u00f6postilla osoitteeseen elina.toukola@mobilia.fi [caldera_form id=&#8221;CF5e8b1ea15e6c0&#8243;]<\/p>\n\t\t<\/div>\n\t\t\n\t\t<a class=\"elementor-post__read-more\" href=\"https:\/\/mobilia.fi\/fi\/laheta-tarjouspyynto\/\" aria-label=\"Read more about L\u00e4het\u00e4 tarjouspyynt\u00f6\" tabindex=\"-1\">\n\t\t\tTutustu tarkemmin \u00bb\t\t<\/a>\n\n\t\t\t\t<\/div>\n\t\t\t\t<\/article>\n\t\t\t\t<article class=\"elementor-post elementor-grid-item post-95 page type-page status-publish hentry\" role=\"listitem\">\n\t\t\t\t<div class=\"elementor-post__text\">\n\t\t\t\t<h3 class=\"elementor-post__title\">\n\t\t\t<a href=\"https:\/\/mobilia.fi\/fi\/event-directory\/\">\n\t\t\t\tEvents\t\t\t<\/a>\n\t\t<\/h3>\n\t\t\t\t<div class=\"elementor-post__excerpt\">\n\t\t\t\t\t<\/div>\n\t\t\n\t\t<a class=\"elementor-post__read-more\" href=\"https:\/\/mobilia.fi\/fi\/event-directory\/\" aria-label=\"Read more about Events\" tabindex=\"-1\">\n\t\t\tTutustu tarkemmin \u00bb\t\t<\/a>\n\n\t\t\t\t<\/div>\n\t\t\t\t<\/article>\n\t\t\t\t<article class=\"elementor-post elementor-grid-item post-29 page type-page status-publish hentry\" role=\"listitem\">\n\t\t\t\t<div class=\"elementor-post__text\">\n\t\t\t\t<h3 class=\"elementor-post__title\">\n\t\t\t<a href=\"https:\/\/mobilia.fi\/fi\/vieraile\/\">\n\t\t\t\tVieraile\t\t\t<\/a>\n\t\t<\/h3>\n\t\t\t\t<div class=\"elementor-post__excerpt\">\n\t\t\t<p>Pala tieliikenteen historiaa Tervetuloa tutustumaan Mobiliaan! Tervetuloa tavanomaista monipuolisempaan automuseoon! Mobilian n\u00e4yttelyt k\u00e4sittelev\u00e4t autoilevan ja tiell\u00e4 liikkuvan Suomen historiaa. Suurn\u00e4yttely vaihtuu vuosittain ja tuo n\u00e4ht\u00e4ville<\/p>\n\t\t<\/div>\n\t\t\n\t\t<a class=\"elementor-post__read-more\" href=\"https:\/\/mobilia.fi\/fi\/vieraile\/\" aria-label=\"Read more about Vieraile\" tabindex=\"-1\">\n\t\t\tTutustu tarkemmin \u00bb\t\t<\/a>\n\n\t\t\t\t<\/div>\n\t\t\t\t<\/article>\n\t\t\t\t<article class=\"elementor-post elementor-grid-item post-20 page type-page status-publish hentry\" role=\"listitem\">\n\t\t\t\t<div class=\"elementor-post__text\">\n\t\t\t\t<h3 class=\"elementor-post__title\">\n\t\t\t<a href=\"https:\/\/mobilia.fi\/fi\/blogi\/\">\n\t\t\t\tBlogi\t\t\t<\/a>\n\t\t<\/h3>\n\t\t\t\t<div class=\"elementor-post__excerpt\">\n\t\t\t<p>Blogi Ajankohtaista luettavaa.<\/p>\n\t\t<\/div>\n\t\t\n\t\t<a class=\"elementor-post__read-more\" href=\"https:\/\/mobilia.fi\/fi\/blogi\/\" aria-label=\"Read more about Blogi\" tabindex=\"-1\">\n\t\t\tTutustu tarkemmin \u00bb\t\t<\/a>\n\n\t\t\t\t<\/div>\n\t\t\t\t<\/article>\n\t\t\t\t<article class=\"elementor-post elementor-grid-item post-18 page type-page status-publish hentry\" role=\"listitem\">\n\t\t\t\t<div class=\"elementor-post__text\">\n\t\t\t\t<h3 class=\"elementor-post__title\">\n\t\t\t<a href=\"https:\/\/mobilia.fi\/fi\/museo\/\">\n\t\t\t\tMuseo\t\t\t<\/a>\n\t\t<\/h3>\n\t\t\t\t<div class=\"elementor-post__excerpt\">\n\t\t\t<p>Mobilia Tieliikenteen valtakunnallinen vastuumuseo Auton ja tien museo Mobilia Mobilia on tieliikenteen valtakunnallinen vastuumuseo,\u00a0jota yll\u00e4pit\u00e4\u00e4 Mobilia s\u00e4\u00e4ti\u00f6. Mobilia on sek\u00e4 automuseo ett\u00e4 tiemuseo, mik\u00e4 on<\/p>\n\t\t<\/div>\n\t\t\n\t\t<a class=\"elementor-post__read-more\" href=\"https:\/\/mobilia.fi\/fi\/museo\/\" aria-label=\"Read more about Museo\" tabindex=\"-1\">\n\t\t\tTutustu tarkemmin \u00bb\t\t<\/a>\n\n\t\t\t\t<\/div>\n\t\t\t\t<\/article>\n\t\t\t\t<article class=\"elementor-post elementor-grid-item post-12 page type-page status-publish hentry\" role=\"listitem\">\n\t\t\t\t<div class=\"elementor-post__text\">\n\t\t\t\t<h3 class=\"elementor-post__title\">\n\t\t\t<a href=\"https:\/\/mobilia.fi\/fi\/nayttelyt\/\">\n\t\t\t\tN\u00e4yttelyt\t\t\t<\/a>\n\t\t<\/h3>\n\t\t\t\t<div class=\"elementor-post__excerpt\">\n\t\t\t<p>N\u00e4yttelyt Aina mielenkiintoista n\u00e4ht\u00e4v\u00e4\u00e4! N\u00e4yttelyt Mobilian n\u00e4yttelytoiminta koostuu pysyvist\u00e4 ja vuosittain vaihtuvista n\u00e4yttelyist\u00e4. Mobilian pysyviin n\u00e4yttelyihin kuuluvat Rallimuseo, Kertomuksia teist\u00e4, Mobilian klassikot sek\u00e4 Tarinoita siirtoty\u00f6mailta<\/p>\n\t\t<\/div>\n\t\t\n\t\t<a class=\"elementor-post__read-more\" href=\"https:\/\/mobilia.fi\/fi\/nayttelyt\/\" aria-label=\"Read more about N\u00e4yttelyt\" tabindex=\"-1\">\n\t\t\tTutustu tarkemmin \u00bb\t\t<\/a>\n\n\t\t\t\t<\/div>\n\t\t\t\t<\/article>\n\t\t\t\t<article class=\"elementor-post elementor-grid-item post-10 page type-page status-publish hentry\" role=\"listitem\">\n\t\t\t\t<div class=\"elementor-post__text\">\n\t\t\t\t<h3 class=\"elementor-post__title\">\n\t\t\t<a href=\"https:\/\/mobilia.fi\/fi\/\">\n\t\t\t\tEtusivu\t\t\t<\/a>\n\t\t<\/h3>\n\t\t\t\t<div class=\"elementor-post__excerpt\">\n\t\t\t<p>Ys\u00e4rijys\u00e4riMurroksen ja muutoksen vuosikymmen, n\u00e4yttely t\u00e4ynn\u00e4 muistoja!Lue lis\u00e4\u00e4ApinatarhaHonda Monkeyt esill\u00e4! Ei saa ruokkia!Lue lis\u00e4\u00e4 Tervetuloa Mobiliaan! Mobilia on auto- ja tieliikenteen valtakunnallinen vastuumuseo. Tarjoamme n\u00e4ht\u00e4v\u00e4\u00e4<\/p>\n\t\t<\/div>\n\t\t\n\t\t<a class=\"elementor-post__read-more\" href=\"https:\/\/mobilia.fi\/fi\/\" aria-label=\"Read more about Etusivu\" tabindex=\"-1\">\n\t\t\tTutustu tarkemmin \u00bb\t\t<\/a>\n\n\t\t\t\t<\/div>\n\t\t\t\t<\/article>\n\t\t\t\t<article class=\"elementor-post elementor-grid-item post-3 page type-page status-publish hentry\" role=\"listitem\">\n\t\t\t\t<div class=\"elementor-post__text\">\n\t\t\t\t<h3 class=\"elementor-post__title\">\n\t\t\t<a href=\"https:\/\/mobilia.fi\/fi\/tietosuojaseloste\/\">\n\t\t\t\tTietosuojaseloste\t\t\t<\/a>\n\t\t<\/h3>\n\t\t\t\t<div class=\"elementor-post__excerpt\">\n\t\t\t<p>Keit\u00e4 olemme Verkkosivustomme osoite on: https:\/\/mobilia.fi. Mit\u00e4 henkil\u00f6tietoa ker\u00e4\u00e4mme ja miksi Kommentit Kun sivuston k\u00e4ytt\u00e4j\u00e4t j\u00e4tt\u00e4v\u00e4t kommentteja sivustolle, ker\u00e4\u00e4mme kommenttilomakkeessa olevat tiedot, sek\u00e4 k\u00e4ytt\u00e4j\u00e4n IP-osoitteen<\/p>\n\t\t<\/div>\n\t\t\n\t\t<a class=\"elementor-post__read-more\" href=\"https:\/\/mobilia.fi\/fi\/tietosuojaseloste\/\" aria-label=\"Read more about Tietosuojaseloste\" tabindex=\"-1\">\n\t\t\tTutustu tarkemmin \u00bb\t\t<\/a>\n\n\t\t\t\t<\/div>\n\t\t\t\t<\/article>\n\t\t\t\t<\/div>\n\t\t\n\t\t\t\t\t\t<\/div>\n\t\t\t\t<\/div>\n\t\t\t\t\t<\/div>\n\t\t<\/div>\n\t\t\t\t\t<\/div>\n\t\t<\/section>\n\t\t\t\t\t<\/div>\n\t\t<\/div>\n\t\t\t\t\t<\/div>\n\t\t<\/section>\n\t\t\t\t<\/div>\n\t\t","protected":false},"excerpt":{"rendered":"<p>Palvelut Yksityishenkil\u00f6ille &amp; yrityksille Mobilian palvelut Tutustu monipuoliseen palvelutarjontaamme! Olemme mielell\u00e4mme k\u00e4ytett\u00e4viss\u00e4si. Kokous- ja juhlapalveluistamme l\u00f6ytyv\u00e4t ratkaisut niin yritystilaisuuksien kuin perhejuhlien j\u00e4rjest\u00e4miseen. Ydintoimintaamme ovat yrityksille ja yhteis\u00f6ille tarjottavat historiatutkimukset, juhlakirjat ja n\u00e4yttelyt. Meilt\u00e4 l\u00f6ytyv\u00e4t ratkaisut my\u00f6s tallennettavien aineistojen seulontaan, j\u00e4rjest\u00e4miseen ja s\u00e4ilytt\u00e4miseen. Mobilia on my\u00f6s museoajoneuvojen merkkikorjaamo. Tarjoamme vanhojen ajoneuvojen huoltopalveluita sek\u00e4 yksityisille harrastajille ett\u00e4 [&hellip;]<\/p>\n","protected":false},"author":1,"featured_media":0,"parent":0,"menu_order":11,"comment_status":"closed","ping_status":"closed","template":"","meta":{"_acf_changed":false,"inline_featured_image":false,"footnotes":""},"class_list":["post-669","page","type-page","status-publish","hentry"],"acf":[],"_links":{"self":[{"href":"https:\/\/mobilia.fi\/fi\/wp-json\/wp\/v2\/pages\/669","targetHints":{"allow":["GET"]}}],"collection":[{"href":"https:\/\/mobilia.fi\/fi\/wp-json\/wp\/v2\/pages"}],"about":[{"href":"https:\/\/mobilia.fi\/fi\/wp-json\/wp\/v2\/types\/page"}],"author":[{"embeddable":true,"href":"https:\/\/mobilia.fi\/fi\/wp-json\/wp\/v2\/users\/1"}],"replies":[{"embeddable":true,"href":"https:\/\/mobilia.fi\/fi\/wp-json\/wp\/v2\/comments?post=669"}],"version-history":[{"count":43,"href":"https:\/\/mobilia.fi\/fi\/wp-json\/wp\/v2\/pages\/669\/revisions"}],"predecessor-version":[{"id":5927,"href":"https:\/\/mobilia.fi\/fi\/wp-json\/wp\/v2\/pages\/669\/revisions\/5927"}],"wp:attachment":[{"href":"https:\/\/mobilia.fi\/fi\/wp-json\/wp\/v2\/media?parent=669"}],"curies":[{"name":"wp","href":"https:\/\/api.w.org\/{rel}","templated":true}]}}