{"id":672,"date":"2020-04-02T11:49:44","date_gmt":"2020-04-02T08:49:44","guid":{"rendered":"https:\/\/mobilia.fi\/?page_id=672"},"modified":"2025-01-16T13:42:09","modified_gmt":"2025-01-16T11:42:09","slug":"juhlapalvelut","status":"publish","type":"page","link":"https:\/\/mobilia.fi\/fi\/palvelut\/juhlapalvelut\/","title":{"rendered":"Juhlapalvelut"},"content":{"rendered":"\t\t<div data-elementor-type=\"wp-page\" data-elementor-id=\"672\" class=\"elementor elementor-672\" data-elementor-post-type=\"page\">\n\t\t\t\t\t\t<section class=\"elementor-section elementor-top-section elementor-element elementor-element-30e5a2a elementor-section-height-min-height elementor-section-boxed elementor-section-height-default elementor-section-items-middle\" data-id=\"30e5a2a\" data-element_type=\"section\" data-e-type=\"section\" data-settings=\"{&quot;background_background&quot;:&quot;classic&quot;}\">\n\t\t\t\t\t\t\t<div class=\"elementor-background-overlay\"><\/div>\n\t\t\t\t\t\t\t<div class=\"elementor-container elementor-column-gap-default\">\n\t\t\t\t\t<div class=\"elementor-column elementor-col-100 elementor-top-column elementor-element elementor-element-971fb9e\" data-id=\"971fb9e\" data-element_type=\"column\" data-e-type=\"column\">\n\t\t\t<div class=\"elementor-widget-wrap elementor-element-populated\">\n\t\t\t\t\t\t<div class=\"elementor-element elementor-element-97ca006 elementor-widget elementor-widget-text-editor\" data-id=\"97ca006\" data-element_type=\"widget\" data-e-type=\"widget\" data-widget_type=\"text-editor.default\">\n\t\t\t\t<div class=\"elementor-widget-container\">\n\t\t\t\t\t\t\t\t\t<h1>Juhlapalvelut<\/h1><p>Uniikit juhlatilat kruunaavat juhlan kuin juhlan!<\/p>\t\t\t\t\t\t\t\t<\/div>\n\t\t\t\t<\/div>\n\t\t\t\t\t<\/div>\n\t\t<\/div>\n\t\t\t\t\t<\/div>\n\t\t<\/section>\n\t\t\t\t<section class=\"elementor-section elementor-top-section elementor-element elementor-element-6b5e7c8 elementor-section-boxed elementor-section-height-default elementor-section-height-default\" data-id=\"6b5e7c8\" data-element_type=\"section\" data-e-type=\"section\">\n\t\t\t\t\t\t<div class=\"elementor-container elementor-column-gap-default\">\n\t\t\t\t\t<div class=\"elementor-column elementor-col-50 elementor-top-column elementor-element elementor-element-771b206\" data-id=\"771b206\" data-element_type=\"column\" data-e-type=\"column\">\n\t\t\t<div class=\"elementor-widget-wrap elementor-element-populated\">\n\t\t\t\t\t\t<div class=\"elementor-element elementor-element-ef8ccb0 elementor-widget elementor-widget-text-editor\" data-id=\"ef8ccb0\" data-element_type=\"widget\" data-e-type=\"widget\" data-widget_type=\"text-editor.default\">\n\t\t\t\t<div class=\"elementor-widget-container\">\n\t\t\t\t\t\t\t\t\t<h3><span style=\"color: #009cdf;\">Uniikit juhlatilat l\u00e4hell\u00e4 Tamperetta \u2013 juhla kauniissa j\u00e4rvimaisemassa<\/span><\/h3><p>Etsitk\u00f6 uniikkeja juhlatiloja Tampereen l\u00e4hell\u00e4?<\/p><p>Kangasalla Tampereen l\u00e4heisyydess\u00e4 sijaitseviin juhlatiloihin on helppo saapua eri puolilta Suomea. Perill\u00e4 sinua odottaa ilmainen pys\u00e4k\u00f6inti.<\/p><p>Auton ja tien museo Mobilian juhlatilat tarjoavat t\u00e4ydelliset puitteet kaikenlaisten tilaisuuksien j\u00e4rjest\u00e4miseen. Mobilian juhlatilat sopivat erinomaisesti yritystilaisuuksiin, mutta meill\u00e4 viet\u00e4t my\u00f6s sukukokoukset, perhejuhlat tai esimerkiksi luokkakokouksen. Uniikki ymp\u00e4rist\u00f6 luo juhliisi ainutlaatuisen tunnelman ja persoonallisuuden.<\/p><p>Meill\u00e4 onnistuvat my\u00f6s ainutlaatuiset ja ohjelmant\u00e4yteiset <a href=\"https:\/\/mobilia.fi\/vieraile\/lapsille\/synttaripaketit\/\">lasten syntym\u00e4p\u00e4iv\u00e4t<\/a>!<\/p><p>Meill\u00e4 onnistuvat my\u00f6s muistotilaisuudet, joissa tarjoamme arvokkaat ja rauhalliset puitteet tilaisuudelle.<\/p>\t\t\t\t\t\t\t\t<\/div>\n\t\t\t\t<\/div>\n\t\t\t\t\t<\/div>\n\t\t<\/div>\n\t\t\t\t<div class=\"elementor-column elementor-col-50 elementor-top-column elementor-element elementor-element-cc3bb6e\" data-id=\"cc3bb6e\" data-element_type=\"column\" data-e-type=\"column\">\n\t\t\t<div class=\"elementor-widget-wrap elementor-element-populated\">\n\t\t\t\t\t\t<div class=\"elementor-element elementor-element-f908cda elementor-widget elementor-widget-image\" data-id=\"f908cda\" data-element_type=\"widget\" data-e-type=\"widget\" data-widget_type=\"image.default\">\n\t\t\t\t<div class=\"elementor-widget-container\">\n\t\t\t\t\t\t\t\t\t\t\t\t\t\t\t<img fetchpriority=\"high\" decoding=\"async\" width=\"620\" height=\"413\" src=\"https:\/\/mobilia.fi\/wp-content\/uploads\/2020\/04\/juhlatilat-mobilia.jpg\" class=\"attachment-large size-large wp-image-690\" alt=\"Juhlatilaan on katettu paljon pitki\u00e4 p\u00f6yti\u00e4 ja juhlatilassa on nostalginen valaistus.\" srcset=\"https:\/\/mobilia.fi\/wp-content\/uploads\/2020\/04\/juhlatilat-mobilia.jpg 620w, https:\/\/mobilia.fi\/wp-content\/uploads\/2020\/04\/juhlatilat-mobilia-300x200.jpg 300w\" sizes=\"(max-width: 620px) 100vw, 620px\" \/>\t\t\t\t\t\t\t\t\t\t\t\t\t\t\t<\/div>\n\t\t\t\t<\/div>\n\t\t\t\t\t<\/div>\n\t\t<\/div>\n\t\t\t\t\t<\/div>\n\t\t<\/section>\n\t\t\t\t<section class=\"elementor-section elementor-top-section elementor-element elementor-element-8a1410f elementor-section-boxed elementor-section-height-default elementor-section-height-default\" data-id=\"8a1410f\" data-element_type=\"section\" data-e-type=\"section\">\n\t\t\t\t\t\t<div class=\"elementor-container elementor-column-gap-default\">\n\t\t\t\t\t<div class=\"elementor-column elementor-col-50 elementor-top-column elementor-element elementor-element-3521da3\" data-id=\"3521da3\" data-element_type=\"column\" data-e-type=\"column\">\n\t\t\t<div class=\"elementor-widget-wrap elementor-element-populated\">\n\t\t\t\t\t\t<div class=\"elementor-element elementor-element-5697bdf elementor-widget elementor-widget-text-editor\" data-id=\"5697bdf\" data-element_type=\"widget\" data-e-type=\"widget\" data-widget_type=\"text-editor.default\">\n\t\t\t\t<div class=\"elementor-widget-container\">\n\t\t\t\t\t\t\t\t\t<h3><span style=\"color: #009cdf;\">Juhlatilat joka juhlaan<\/span><\/h3><p>Mobiliasta l\u00f6ytyv\u00e4t monipuoliset juhlatilat erikokoisille ryhmille:<\/p><p>\u2022 Piiri-insin\u00f6\u00f6rin kabinetti, suljettavissa oleva kabinettitila 25 hengelle<\/p><p>\u2022 Talonpojansali, suljettavissa oleva kabinettitila 60 hengelle<\/p><p>\u2022 Nimismiehenaukio, n\u00e4yttelytilaan avoin juhlatila 50\u2013120 hengelle<\/p><p>Kaikki juhlatilat ovat joustavasti yhdistett\u00e4viss\u00e4 jopa 250 hengen tilaisuuksiksi. Lis\u00e4ksi tiloihimme kuuluu terassi, jossa voit juhlia kauniissa ulkoilmassa s\u00e4\u00e4n salliessa.<\/p><h3><span style=\"color: #009cdf;\"> Tarjoilut juhliin helposti<\/span><\/h3><p>Tarjoilut j\u00e4rjestyv\u00e4t ravintolastamme, jonka maittavat ruoat pit\u00e4v\u00e4t suuremmankin seurueen kyll\u00e4isen\u00e4!<\/p><p>Juhlatilaisuuksissamme on A-oikeudet, joten kauttamme on saatavilla monipuoliset juomatarjoilut tilaisuuteesi.<\/p><p>Varaa juhlat Mobiliassa \u2013 suunnitellaan yhdess\u00e4 t\u00e4ydellinen juhlap\u00e4iv\u00e4<\/p>\t\t\t\t\t\t\t\t<\/div>\n\t\t\t\t<\/div>\n\t\t\t\t\t<\/div>\n\t\t<\/div>\n\t\t\t\t<div class=\"elementor-column elementor-col-50 elementor-top-column elementor-element elementor-element-2bb99b6\" data-id=\"2bb99b6\" data-element_type=\"column\" data-e-type=\"column\">\n\t\t\t<div class=\"elementor-widget-wrap elementor-element-populated\">\n\t\t\t\t\t\t<div class=\"elementor-element elementor-element-2bb3651 elementor-widget elementor-widget-image\" data-id=\"2bb3651\" data-element_type=\"widget\" data-e-type=\"widget\" data-widget_type=\"image.default\">\n\t\t\t\t<div class=\"elementor-widget-container\">\n\t\t\t\t\t\t\t\t\t\t\t\t\t\t\t<img decoding=\"async\" width=\"800\" height=\"534\" src=\"https:\/\/mobilia.fi\/wp-content\/uploads\/2024\/09\/20240418_132805-1024x683.jpg\" class=\"attachment-large size-large wp-image-13985\" alt=\"\" srcset=\"https:\/\/mobilia.fi\/wp-content\/uploads\/2024\/09\/20240418_132805-1024x683.jpg 1024w, https:\/\/mobilia.fi\/wp-content\/uploads\/2024\/09\/20240418_132805-300x200.jpg 300w, https:\/\/mobilia.fi\/wp-content\/uploads\/2024\/09\/20240418_132805-768x513.jpg 768w, https:\/\/mobilia.fi\/wp-content\/uploads\/2024\/09\/20240418_132805-1536x1025.jpg 1536w, https:\/\/mobilia.fi\/wp-content\/uploads\/2024\/09\/20240418_132805-2048x1367.jpg 2048w\" sizes=\"(max-width: 800px) 100vw, 800px\" \/>\t\t\t\t\t\t\t\t\t\t\t\t\t\t\t<\/div>\n\t\t\t\t<\/div>\n\t\t\t\t\t<\/div>\n\t\t<\/div>\n\t\t\t\t\t<\/div>\n\t\t<\/section>\n\t\t\t\t<section class=\"elementor-section elementor-top-section elementor-element elementor-element-985f09f elementor-section-boxed elementor-section-height-default elementor-section-height-default\" data-id=\"985f09f\" data-element_type=\"section\" data-e-type=\"section\">\n\t\t\t\t\t\t<div class=\"elementor-container elementor-column-gap-default\">\n\t\t\t\t\t<div class=\"elementor-column elementor-col-100 elementor-top-column elementor-element elementor-element-2ace323\" data-id=\"2ace323\" data-element_type=\"column\" data-e-type=\"column\">\n\t\t\t<div class=\"elementor-widget-wrap elementor-element-populated\">\n\t\t\t\t\t\t<div class=\"elementor-element elementor-element-f0a1cf1 elementor-widget elementor-widget-text-editor\" data-id=\"f0a1cf1\" data-element_type=\"widget\" data-e-type=\"widget\" data-widget_type=\"text-editor.default\">\n\t\t\t\t<div class=\"elementor-widget-container\">\n\t\t\t\t\t\t\t\t\t<h3><span style=\"color: #009cdf;\">Tiedustelut ja varaukset<\/span><\/h3><p>Haluatko j\u00e4rjest\u00e4\u00e4 unohtumattomat juhlat Mobiliassa? <br \/>Tule tutustumaan juhlatiloihimme ja suunnitellaan yhdess\u00e4 juuri sinulle sopiva juhlap\u00e4iv\u00e4.<\/p><p>Mobilian asiakaspalvelu puh. (03) 3140 4000 <br \/>myynti@mobilia.fi<\/p>\t\t\t\t\t\t\t\t<\/div>\n\t\t\t\t<\/div>\n\t\t\t\t\t<\/div>\n\t\t<\/div>\n\t\t\t\t\t<\/div>\n\t\t<\/section>\n\t\t\t\t<\/div>\n\t\t","protected":false},"excerpt":{"rendered":"<p>Juhlapalvelut Uniikit juhlatilat kruunaavat juhlan kuin juhlan! Uniikit juhlatilat l\u00e4hell\u00e4 Tamperetta \u2013 juhla kauniissa j\u00e4rvimaisemassa Etsitk\u00f6 uniikkeja juhlatiloja Tampereen l\u00e4hell\u00e4? Kangasalla Tampereen l\u00e4heisyydess\u00e4 sijaitseviin juhlatiloihin on helppo saapua eri puolilta Suomea. Perill\u00e4 sinua odottaa ilmainen pys\u00e4k\u00f6inti. Auton ja tien museo Mobilian juhlatilat tarjoavat t\u00e4ydelliset puitteet kaikenlaisten tilaisuuksien j\u00e4rjest\u00e4miseen. Mobilian juhlatilat sopivat erinomaisesti yritystilaisuuksiin, mutta meill\u00e4 [&hellip;]<\/p>\n","protected":false},"author":1,"featured_media":690,"parent":669,"menu_order":1,"comment_status":"closed","ping_status":"closed","template":"","meta":{"_acf_changed":false,"inline_featured_image":false,"footnotes":""},"class_list":["post-672","page","type-page","status-publish","has-post-thumbnail","hentry"],"acf":[],"_links":{"self":[{"href":"https:\/\/mobilia.fi\/fi\/wp-json\/wp\/v2\/pages\/672","targetHints":{"allow":["GET"]}}],"collection":[{"href":"https:\/\/mobilia.fi\/fi\/wp-json\/wp\/v2\/pages"}],"about":[{"href":"https:\/\/mobilia.fi\/fi\/wp-json\/wp\/v2\/types\/page"}],"author":[{"embeddable":true,"href":"https:\/\/mobilia.fi\/fi\/wp-json\/wp\/v2\/users\/1"}],"replies":[{"embeddable":true,"href":"https:\/\/mobilia.fi\/fi\/wp-json\/wp\/v2\/comments?post=672"}],"version-history":[{"count":18,"href":"https:\/\/mobilia.fi\/fi\/wp-json\/wp\/v2\/pages\/672\/revisions"}],"predecessor-version":[{"id":14867,"href":"https:\/\/mobilia.fi\/fi\/wp-json\/wp\/v2\/pages\/672\/revisions\/14867"}],"up":[{"embeddable":true,"href":"https:\/\/mobilia.fi\/fi\/wp-json\/wp\/v2\/pages\/669"}],"wp:featuredmedia":[{"embeddable":true,"href":"https:\/\/mobilia.fi\/fi\/wp-json\/wp\/v2\/media\/690"}],"wp:attachment":[{"href":"https:\/\/mobilia.fi\/fi\/wp-json\/wp\/v2\/media?parent=672"}],"curies":[{"name":"wp","href":"https:\/\/api.w.org\/{rel}","templated":true}]}}