{"id":701,"date":"2020-04-02T13:44:18","date_gmt":"2020-04-02T10:44:18","guid":{"rendered":"https:\/\/mobilia.fi\/?page_id=701"},"modified":"2026-02-27T13:03:33","modified_gmt":"2026-02-27T11:03:33","slug":"aukioloajat-ja-hinnasto","status":"publish","type":"page","link":"https:\/\/mobilia.fi\/fi\/vieraile\/aukioloajat-ja-hinnasto\/","title":{"rendered":"Aukioloajat ja hinnasto"},"content":{"rendered":"\t\t<div data-elementor-type=\"wp-page\" data-elementor-id=\"701\" class=\"elementor elementor-701\" data-elementor-post-type=\"page\">\n\t\t\t\t\t\t<section class=\"elementor-section elementor-top-section elementor-element elementor-element-af005b5 elementor-section-height-min-height elementor-section-boxed elementor-section-height-default elementor-section-items-middle\" data-id=\"af005b5\" data-element_type=\"section\" data-e-type=\"section\" data-settings=\"{&quot;background_background&quot;:&quot;classic&quot;}\">\n\t\t\t\t\t\t\t<div class=\"elementor-background-overlay\"><\/div>\n\t\t\t\t\t\t\t<div class=\"elementor-container elementor-column-gap-default\">\n\t\t\t\t\t<div class=\"elementor-column elementor-col-100 elementor-top-column elementor-element elementor-element-394ba07\" data-id=\"394ba07\" data-element_type=\"column\" data-e-type=\"column\">\n\t\t\t<div class=\"elementor-widget-wrap elementor-element-populated\">\n\t\t\t\t\t\t<div class=\"elementor-element elementor-element-60e8dfe elementor-widget elementor-widget-text-editor\" data-id=\"60e8dfe\" data-element_type=\"widget\" data-e-type=\"widget\" data-widget_type=\"text-editor.default\">\n\t\t\t\t<div class=\"elementor-widget-container\">\n\t\t\t\t\t\t\t\t\t<h1>Aukioloajat ja hinnasto<\/h1><p>Tervetuloa Mobiliaan!<\/p>\t\t\t\t\t\t\t\t<\/div>\n\t\t\t\t<\/div>\n\t\t\t\t\t<\/div>\n\t\t<\/div>\n\t\t\t\t\t<\/div>\n\t\t<\/section>\n\t\t\t\t<section class=\"elementor-section elementor-top-section elementor-element elementor-element-e4befa6 elementor-section-boxed elementor-section-height-default elementor-section-height-default\" data-id=\"e4befa6\" data-element_type=\"section\" data-e-type=\"section\">\n\t\t\t\t\t\t<div class=\"elementor-container elementor-column-gap-default\">\n\t\t\t\t\t<div class=\"elementor-column elementor-col-100 elementor-top-column elementor-element elementor-element-cee13cc\" data-id=\"cee13cc\" data-element_type=\"column\" data-e-type=\"column\">\n\t\t\t<div class=\"elementor-widget-wrap elementor-element-populated\">\n\t\t\t\t\t\t<section class=\"elementor-section elementor-inner-section elementor-element elementor-element-b4f12b3 elementor-section-boxed elementor-section-height-default elementor-section-height-default\" data-id=\"b4f12b3\" data-element_type=\"section\" data-e-type=\"section\">\n\t\t\t\t\t\t<div class=\"elementor-container elementor-column-gap-default\">\n\t\t\t\t\t<div class=\"elementor-column elementor-col-33 elementor-inner-column elementor-element elementor-element-d5631f5\" data-id=\"d5631f5\" data-element_type=\"column\" data-e-type=\"column\">\n\t\t\t<div class=\"elementor-widget-wrap elementor-element-populated\">\n\t\t\t\t\t\t<div class=\"elementor-element elementor-element-a0174d8 elementor-widget elementor-widget-text-editor\" data-id=\"a0174d8\" data-element_type=\"widget\" data-e-type=\"widget\" data-widget_type=\"text-editor.default\">\n\t\t\t\t<div class=\"elementor-widget-container\">\n\t\t\t\t\t\t\t\t\t<h2><span style=\"color: #009cdf;\">Aukioloajat<\/span><\/h2>\t\t\t\t\t\t\t\t<\/div>\n\t\t\t\t<\/div>\n\t\t\t\t\t<\/div>\n\t\t<\/div>\n\t\t\t\t<div class=\"elementor-column elementor-col-33 elementor-inner-column elementor-element elementor-element-3e80ae9\" data-id=\"3e80ae9\" data-element_type=\"column\" data-e-type=\"column\">\n\t\t\t<div class=\"elementor-widget-wrap elementor-element-populated\">\n\t\t\t\t\t\t<div class=\"elementor-element elementor-element-ddd5a15 elementor-widget elementor-widget-text-editor\" data-id=\"ddd5a15\" data-element_type=\"widget\" data-e-type=\"widget\" data-widget_type=\"text-editor.default\">\n\t\t\t\t<div class=\"elementor-widget-container\">\n\t\t\t\t\t\t\t\t\t<h4><span style=\"color: #009cdf;\">Mobilia avoinna<br \/><\/span><\/h4><p>2.1.\u201331.5 joka p\u00e4iv\u00e4 klo 10\u201316<br \/>1.6.\u201314.8 joka p\u00e4iv\u00e4 klo 10\u201318<br \/>15.8.\u201330.12 joka p\u00e4iv\u00e4 klo 10\u201316<br \/>sek\u00e4 syyskuusta alkaen lis\u00e4ksi torstaisin klo 10\u201319<\/p><h4><span style=\"color: #009cdf;\">Mobilia suljettu 2026<\/span><\/h4><p>p\u00e4\u00e4si\u00e4isen\u00e4 5.\u20136.4.<br \/>helatorstaina 14.5.<br \/>juhannusaattona 19.6.<br \/>pyh\u00e4inp\u00e4iv\u00e4n\u00e4 31.10.<br \/>itsen\u00e4isyysp\u00e4iv\u00e4n\u00e4 6.12.<br \/>jouluna 21.\u201327.12.2026<br \/>uudenvuodenaattona 31.12<\/p>\t\t\t\t\t\t\t\t<\/div>\n\t\t\t\t<\/div>\n\t\t\t\t\t<\/div>\n\t\t<\/div>\n\t\t\t\t<div class=\"elementor-column elementor-col-33 elementor-inner-column elementor-element elementor-element-0ee4fa3\" data-id=\"0ee4fa3\" data-element_type=\"column\" data-e-type=\"column\">\n\t\t\t<div class=\"elementor-widget-wrap elementor-element-populated\">\n\t\t\t\t\t\t<div class=\"elementor-element elementor-element-76f6031 elementor-widget elementor-widget-text-editor\" data-id=\"76f6031\" data-element_type=\"widget\" data-e-type=\"widget\" data-widget_type=\"text-editor.default\">\n\t\t\t\t<div class=\"elementor-widget-container\">\n\t\t\t\t\t\t\t\t\t<h4><span style=\"color: #009cdf;\">Rahtarit-Liikennepuisto avoinna<\/span><\/h4><p>Toukokuussa viikonloppuisin klo 11\u201315<br \/>Kes\u00e4ll\u00e4 1.6.\u201314.8 joka p\u00e4iv\u00e4 klo 11\u201318<br \/>Elokuussa 15.8. alkaen viikonloppuisin klo 11\u201315<\/p><p>Ryhmille sopimuksen mukaan my\u00f6s muina aikoina.<\/p><h4><span style=\"color: #009cdf;\">Liikennepuisto suljettu<\/span><\/h4><p>juhannusaattona 19.6.2026<br \/>syyskuusta huhtikuun loppuun<\/p>\t\t\t\t\t\t\t\t<\/div>\n\t\t\t\t<\/div>\n\t\t\t\t\t<\/div>\n\t\t<\/div>\n\t\t\t\t\t<\/div>\n\t\t<\/section>\n\t\t\t\t\t<\/div>\n\t\t<\/div>\n\t\t\t\t\t<\/div>\n\t\t<\/section>\n\t\t\t\t<section class=\"elementor-section elementor-top-section elementor-element elementor-element-a192905 elementor-section-boxed elementor-section-height-default elementor-section-height-default\" data-id=\"a192905\" data-element_type=\"section\" data-e-type=\"section\">\n\t\t\t\t\t\t<div class=\"elementor-container elementor-column-gap-default\">\n\t\t\t\t\t<div class=\"elementor-column elementor-col-100 elementor-top-column elementor-element elementor-element-5fdae6b\" data-id=\"5fdae6b\" data-element_type=\"column\" data-e-type=\"column\">\n\t\t\t<div class=\"elementor-widget-wrap elementor-element-populated\">\n\t\t\t\t\t\t<section class=\"elementor-section elementor-inner-section elementor-element elementor-element-15f9f5d elementor-section-boxed elementor-section-height-default elementor-section-height-default\" data-id=\"15f9f5d\" data-element_type=\"section\" data-e-type=\"section\">\n\t\t\t\t\t\t<div class=\"elementor-container elementor-column-gap-default\">\n\t\t\t\t\t<div class=\"elementor-column elementor-col-33 elementor-inner-column elementor-element elementor-element-de7bed2\" data-id=\"de7bed2\" data-element_type=\"column\" data-e-type=\"column\">\n\t\t\t<div class=\"elementor-widget-wrap elementor-element-populated\">\n\t\t\t\t\t\t<div class=\"elementor-element elementor-element-1f2765a elementor-widget elementor-widget-text-editor\" data-id=\"1f2765a\" data-element_type=\"widget\" data-e-type=\"widget\" data-widget_type=\"text-editor.default\">\n\t\t\t\t<div class=\"elementor-widget-container\">\n\t\t\t\t\t\t\t\t\t<h2><span style=\"color: #009cdf;\">Hinnat<\/span><\/h2>\t\t\t\t\t\t\t\t<\/div>\n\t\t\t\t<\/div>\n\t\t\t\t\t<\/div>\n\t\t<\/div>\n\t\t\t\t<div class=\"elementor-column elementor-col-33 elementor-inner-column elementor-element elementor-element-7b398d7\" data-id=\"7b398d7\" data-element_type=\"column\" data-e-type=\"column\">\n\t\t\t<div class=\"elementor-widget-wrap elementor-element-populated\">\n\t\t\t\t\t\t<div class=\"elementor-element elementor-element-af66259 elementor-widget elementor-widget-text-editor\" data-id=\"af66259\" data-element_type=\"widget\" data-e-type=\"widget\" data-widget_type=\"text-editor.default\">\n\t\t\t\t<div class=\"elementor-widget-container\">\n\t\t\t\t\t\t\t\t\t<h4><span style=\"color: #009cdf;\">P\u00c4\u00c4SYLIPUT<\/span><\/h4><p>Aikuiset 15 \u20ac <br \/>Lapset 0\u201317 v. 0 \u20ac <br \/>El\u00e4kel\u00e4iset 12 \u20ac <br \/>Opiskelijat, ty\u00f6tt\u00f6m\u00e4t, varusmiehet, perhevapaalla olevat 7 \u20ac<\/p><p>Alle 16-vuotiaat n\u00e4yttelyyn vain aikuisen seurassa.<\/p><h4><span style=\"color: #009cdf;\">RYHM\u00c4LIPUT <span style=\"color: #58595b;\"><strong>(MIN. 10 HENKIL\u00d6\u00c4, veloitus yhten\u00e4 kassatapahtumana)<\/strong><\/span><br \/><\/span><\/h4><p>Ryhm\u00e4lippu aikuiset 13 \u20ac<br \/>Ryhm\u00e4lippu el\u00e4kel\u00e4iset 11 \u20ac<\/p>\t\t\t\t\t\t\t\t<\/div>\n\t\t\t\t<\/div>\n\t\t\t\t\t<\/div>\n\t\t<\/div>\n\t\t\t\t<div class=\"elementor-column elementor-col-33 elementor-inner-column elementor-element elementor-element-3d67a5d\" data-id=\"3d67a5d\" data-element_type=\"column\" data-e-type=\"column\">\n\t\t\t<div class=\"elementor-widget-wrap elementor-element-populated\">\n\t\t\t\t\t\t<div class=\"elementor-element elementor-element-ee4a718 elementor-widget elementor-widget-text-editor\" data-id=\"ee4a718\" data-element_type=\"widget\" data-e-type=\"widget\" data-widget_type=\"text-editor.default\">\n\t\t\t\t<div class=\"elementor-widget-container\">\n\t\t\t\t\t\t\t\t\t<h4><span style=\"color: #009cdf;\">Museokortti<\/span><\/h4><p>Mobilia on <a href=\"https:\/\/www.museot.fi\/museokortti\/\" target=\"_blank\" rel=\"noopener\">Museokortti<\/a>-kohde. Museokortin voi\u00a0 ostaa ja uusia Mobiliassa. Se on henkil\u00f6kohtainen ja voimassa vuoden kerrallaan. Saat v\u00e4liaikaisen kortin k\u00e4ytt\u00f6\u00f6si heti ostohetkell\u00e4.<\/p><p><strong>Museokortin voit ostaa my\u00f6s lahjaksi! <\/strong><\/p>\t\t\t\t\t\t\t\t<\/div>\n\t\t\t\t<\/div>\n\t\t\t\t\t<\/div>\n\t\t<\/div>\n\t\t\t\t\t<\/div>\n\t\t<\/section>\n\t\t\t\t\t<\/div>\n\t\t<\/div>\n\t\t\t\t\t<\/div>\n\t\t<\/section>\n\t\t\t\t<section class=\"elementor-section elementor-top-section elementor-element elementor-element-12516b4 elementor-section-boxed elementor-section-height-default elementor-section-height-default\" data-id=\"12516b4\" data-element_type=\"section\" data-e-type=\"section\">\n\t\t\t\t\t\t<div class=\"elementor-container elementor-column-gap-default\">\n\t\t\t\t\t<div class=\"elementor-column elementor-col-100 elementor-top-column elementor-element elementor-element-50d6ea5\" data-id=\"50d6ea5\" data-element_type=\"column\" data-e-type=\"column\">\n\t\t\t<div class=\"elementor-widget-wrap elementor-element-populated\">\n\t\t\t\t\t\t<section class=\"elementor-section elementor-inner-section elementor-element elementor-element-dd38624 elementor-section-boxed elementor-section-height-default elementor-section-height-default\" data-id=\"dd38624\" data-element_type=\"section\" data-e-type=\"section\">\n\t\t\t\t\t\t<div class=\"elementor-container elementor-column-gap-default\">\n\t\t\t\t\t<div class=\"elementor-column elementor-col-33 elementor-inner-column elementor-element elementor-element-a280936\" data-id=\"a280936\" data-element_type=\"column\" data-e-type=\"column\">\n\t\t\t<div class=\"elementor-widget-wrap elementor-element-populated\">\n\t\t\t\t\t\t<div class=\"elementor-element elementor-element-d9917e2 elementor-widget elementor-widget-text-editor\" data-id=\"d9917e2\" data-element_type=\"widget\" data-e-type=\"widget\" data-widget_type=\"text-editor.default\">\n\t\t\t\t<div class=\"elementor-widget-container\">\n\t\t\t\t\t\t\t\t\t<h2><span style=\"color: #009cdf;\">Maksutavat<\/span><\/h2>\t\t\t\t\t\t\t\t<\/div>\n\t\t\t\t<\/div>\n\t\t\t\t\t<\/div>\n\t\t<\/div>\n\t\t\t\t<div class=\"elementor-column elementor-col-33 elementor-inner-column elementor-element elementor-element-d143e45\" data-id=\"d143e45\" data-element_type=\"column\" data-e-type=\"column\">\n\t\t\t<div class=\"elementor-widget-wrap elementor-element-populated\">\n\t\t\t\t\t\t<div class=\"elementor-element elementor-element-0408aaa elementor-widget elementor-widget-text-editor\" data-id=\"0408aaa\" data-element_type=\"widget\" data-e-type=\"widget\" data-widget_type=\"text-editor.default\">\n\t\t\t\t<div class=\"elementor-widget-container\">\n\t\t\t\t\t\t\t\t\t<p>Museon kassalla maksuv\u00e4linein\u00e4 k\u00e4yv\u00e4t k\u00e4teinen, debit-kortit, Visa, Mastercard, Museokortti sek\u00e4 seuraavat kulttuurietujen maksuv\u00e4lineet:<\/p><p>Smartumin kulttuurisetelit ja mobiilimaksu<br \/>Edenredin virike-setelit ja mobiilimaksu<br \/>Tyky+ kulttuuri- ja liikuntasetelit<br \/>ePassi<\/p>\t\t\t\t\t\t\t\t<\/div>\n\t\t\t\t<\/div>\n\t\t\t\t\t<\/div>\n\t\t<\/div>\n\t\t\t\t<div class=\"elementor-column elementor-col-33 elementor-inner-column elementor-element elementor-element-fee1a68\" data-id=\"fee1a68\" data-element_type=\"column\" data-e-type=\"column\">\n\t\t\t<div class=\"elementor-widget-wrap elementor-element-populated\">\n\t\t\t\t\t\t\t<\/div>\n\t\t<\/div>\n\t\t\t\t\t<\/div>\n\t\t<\/section>\n\t\t\t\t\t<\/div>\n\t\t<\/div>\n\t\t\t\t\t<\/div>\n\t\t<\/section>\n\t\t\t\t<\/div>\n\t\t","protected":false},"excerpt":{"rendered":"<p>Aukioloajat ja hinnasto Tervetuloa Mobiliaan! Aukioloajat Mobilia avoinna 2.1.\u201331.5 joka p\u00e4iv\u00e4 klo 10\u2013161.6.\u201314.8 joka p\u00e4iv\u00e4 klo 10\u20131815.8.\u201330.12 joka p\u00e4iv\u00e4 klo 10\u201316sek\u00e4 syyskuusta alkaen lis\u00e4ksi torstaisin klo 10\u201319 Mobilia suljettu 2026 p\u00e4\u00e4si\u00e4isen\u00e4 5.\u20136.4.helatorstaina 14.5.juhannusaattona 19.6.pyh\u00e4inp\u00e4iv\u00e4n\u00e4 31.10.itsen\u00e4isyysp\u00e4iv\u00e4n\u00e4 6.12.jouluna 21.\u201327.12.2026uudenvuodenaattona 31.12 Rahtarit-Liikennepuisto avoinna Toukokuussa viikonloppuisin klo 11\u201315Kes\u00e4ll\u00e4 1.6.\u201314.8 joka p\u00e4iv\u00e4 klo 11\u201318Elokuussa 15.8. alkaen viikonloppuisin klo 11\u201315 Ryhmille [&hellip;]<\/p>\n","protected":false},"author":1,"featured_media":474,"parent":29,"menu_order":0,"comment_status":"closed","ping_status":"closed","template":"","meta":{"_acf_changed":false,"inline_featured_image":false,"footnotes":""},"class_list":["post-701","page","type-page","status-publish","has-post-thumbnail","hentry"],"acf":[],"_links":{"self":[{"href":"https:\/\/mobilia.fi\/fi\/wp-json\/wp\/v2\/pages\/701","targetHints":{"allow":["GET"]}}],"collection":[{"href":"https:\/\/mobilia.fi\/fi\/wp-json\/wp\/v2\/pages"}],"about":[{"href":"https:\/\/mobilia.fi\/fi\/wp-json\/wp\/v2\/types\/page"}],"author":[{"embeddable":true,"href":"https:\/\/mobilia.fi\/fi\/wp-json\/wp\/v2\/users\/1"}],"replies":[{"embeddable":true,"href":"https:\/\/mobilia.fi\/fi\/wp-json\/wp\/v2\/comments?post=701"}],"version-history":[{"count":51,"href":"https:\/\/mobilia.fi\/fi\/wp-json\/wp\/v2\/pages\/701\/revisions"}],"predecessor-version":[{"id":16518,"href":"https:\/\/mobilia.fi\/fi\/wp-json\/wp\/v2\/pages\/701\/revisions\/16518"}],"up":[{"embeddable":true,"href":"https:\/\/mobilia.fi\/fi\/wp-json\/wp\/v2\/pages\/29"}],"wp:featuredmedia":[{"embeddable":true,"href":"https:\/\/mobilia.fi\/fi\/wp-json\/wp\/v2\/media\/474"}],"wp:attachment":[{"href":"https:\/\/mobilia.fi\/fi\/wp-json\/wp\/v2\/media?parent=701"}],"curies":[{"name":"wp","href":"https:\/\/api.w.org\/{rel}","templated":true}]}}