{"id":732,"date":"2020-04-02T14:45:32","date_gmt":"2020-04-02T11:45:32","guid":{"rendered":"https:\/\/mobilia.fi\/?page_id=732"},"modified":"2025-03-20T17:37:11","modified_gmt":"2025-03-20T15:37:11","slug":"museokauppa","status":"publish","type":"page","link":"https:\/\/mobilia.fi\/fi\/vieraile\/museokauppa\/","title":{"rendered":"Museokauppa"},"content":{"rendered":"\t\t<div data-elementor-type=\"wp-page\" data-elementor-id=\"732\" class=\"elementor elementor-732\" data-elementor-post-type=\"page\">\n\t\t\t\t\t\t<section class=\"elementor-section elementor-top-section elementor-element elementor-element-7c7d725d elementor-section-height-min-height elementor-section-boxed elementor-section-height-default elementor-section-items-middle\" data-id=\"7c7d725d\" data-element_type=\"section\" data-e-type=\"section\" data-settings=\"{&quot;background_background&quot;:&quot;classic&quot;}\">\n\t\t\t\t\t\t\t<div class=\"elementor-background-overlay\"><\/div>\n\t\t\t\t\t\t\t<div class=\"elementor-container elementor-column-gap-default\">\n\t\t\t\t\t<div class=\"elementor-column elementor-col-100 elementor-top-column elementor-element elementor-element-13e93741\" data-id=\"13e93741\" data-element_type=\"column\" data-e-type=\"column\">\n\t\t\t<div class=\"elementor-widget-wrap elementor-element-populated\">\n\t\t\t\t\t\t<div class=\"elementor-element elementor-element-7ba91431 elementor-widget elementor-widget-text-editor\" data-id=\"7ba91431\" data-element_type=\"widget\" data-e-type=\"widget\" data-widget_type=\"text-editor.default\">\n\t\t\t\t<div class=\"elementor-widget-container\">\n\t\t\t\t\t\t\t\t\t<h1>Museokauppa<\/h1><p>Mainiot lahjaideat ja mukavat tuliaiset!<\/p>\t\t\t\t\t\t\t\t<\/div>\n\t\t\t\t<\/div>\n\t\t\t\t\t<\/div>\n\t\t<\/div>\n\t\t\t\t\t<\/div>\n\t\t<\/section>\n\t\t\t\t<section class=\"elementor-section elementor-top-section elementor-element elementor-element-741e9ad elementor-section-boxed elementor-section-height-default elementor-section-height-default\" data-id=\"741e9ad\" data-element_type=\"section\" data-e-type=\"section\">\n\t\t\t\t\t\t<div class=\"elementor-container elementor-column-gap-default\">\n\t\t\t\t\t<div class=\"elementor-column elementor-col-100 elementor-top-column elementor-element elementor-element-76a74157\" data-id=\"76a74157\" data-element_type=\"column\" data-e-type=\"column\">\n\t\t\t<div class=\"elementor-widget-wrap elementor-element-populated\">\n\t\t\t\t\t\t<section class=\"elementor-section elementor-inner-section elementor-element elementor-element-38ca9522 elementor-section-boxed elementor-section-height-default elementor-section-height-default\" data-id=\"38ca9522\" data-element_type=\"section\" data-e-type=\"section\">\n\t\t\t\t\t\t<div class=\"elementor-container elementor-column-gap-default\">\n\t\t\t\t\t<div class=\"elementor-column elementor-col-50 elementor-inner-column elementor-element elementor-element-5a210701\" data-id=\"5a210701\" data-element_type=\"column\" data-e-type=\"column\">\n\t\t\t<div class=\"elementor-widget-wrap elementor-element-populated\">\n\t\t\t\t\t\t<div class=\"elementor-element elementor-element-22f7d244 elementor-widget elementor-widget-text-editor\" data-id=\"22f7d244\" data-element_type=\"widget\" data-e-type=\"widget\" data-widget_type=\"text-editor.default\">\n\t\t\t\t<div class=\"elementor-widget-container\">\n\t\t\t\t\t\t\t\t\t<p><span class=\"custom-sub-header\" style=\"color: #009cdf;\">Monipuolinen ostospaikka<br \/><\/span><\/p><p>Mobilian museokaupassa on laaja valikoima auto- ja tieliikenteen alan kirjallisuutta. Suosituimpiin tuotteisiin kuuluvat ralliaiheiset t-paidat ja pienet leikkiautot.<\/p><p>Tuotteista l\u00f6ytyv\u00e4t ideat niin m\u00f6kkiviemisiksi kuin syntym\u00e4p\u00e4iv\u00e4lahjoiksikin.<\/p>\t\t\t\t\t\t\t\t<\/div>\n\t\t\t\t<\/div>\n\t\t\t\t\t<\/div>\n\t\t<\/div>\n\t\t\t\t<div class=\"elementor-column elementor-col-50 elementor-inner-column elementor-element elementor-element-4c39e590\" data-id=\"4c39e590\" data-element_type=\"column\" data-e-type=\"column\">\n\t\t\t<div class=\"elementor-widget-wrap elementor-element-populated\">\n\t\t\t\t\t\t<div class=\"elementor-element elementor-element-ff564e0 elementor-widget elementor-widget-video\" data-id=\"ff564e0\" data-element_type=\"widget\" data-e-type=\"widget\" data-settings=\"{&quot;youtube_url&quot;:&quot;https:\\\/\\\/youtu.be\\\/Goh-azNt7vk&quot;,&quot;video_type&quot;:&quot;youtube&quot;,&quot;controls&quot;:&quot;yes&quot;}\" data-widget_type=\"video.default\">\n\t\t\t\t<div class=\"elementor-widget-container\">\n\t\t\t\t\t\t\t<div class=\"elementor-wrapper elementor-open-inline\">\n\t\t\t<div class=\"elementor-video\"><\/div>\t\t<\/div>\n\t\t\t\t\t\t<\/div>\n\t\t\t\t<\/div>\n\t\t\t\t\t<\/div>\n\t\t<\/div>\n\t\t\t\t\t<\/div>\n\t\t<\/section>\n\t\t\t\t\t<\/div>\n\t\t<\/div>\n\t\t\t\t\t<\/div>\n\t\t<\/section>\n\t\t\t\t<section class=\"elementor-section elementor-top-section elementor-element elementor-element-03132e1 elementor-section-boxed elementor-section-height-default elementor-section-height-default\" data-id=\"03132e1\" data-element_type=\"section\" data-e-type=\"section\">\n\t\t\t\t\t\t<div class=\"elementor-container elementor-column-gap-default\">\n\t\t\t\t\t<div class=\"elementor-column elementor-col-100 elementor-top-column elementor-element elementor-element-228f64e\" data-id=\"228f64e\" data-element_type=\"column\" data-e-type=\"column\">\n\t\t\t<div class=\"elementor-widget-wrap elementor-element-populated\">\n\t\t\t\t\t\t<section class=\"elementor-section elementor-inner-section elementor-element elementor-element-13da07b elementor-section-boxed elementor-section-height-default elementor-section-height-default\" data-id=\"13da07b\" data-element_type=\"section\" data-e-type=\"section\">\n\t\t\t\t\t\t<div class=\"elementor-container elementor-column-gap-default\">\n\t\t\t\t\t<div class=\"elementor-column elementor-col-50 elementor-inner-column elementor-element elementor-element-63b503b\" data-id=\"63b503b\" data-element_type=\"column\" data-e-type=\"column\">\n\t\t\t<div class=\"elementor-widget-wrap elementor-element-populated\">\n\t\t\t\t\t\t<div class=\"elementor-element elementor-element-36a0db9 elementor-widget elementor-widget-text-editor\" data-id=\"36a0db9\" data-element_type=\"widget\" data-e-type=\"widget\" data-widget_type=\"text-editor.default\">\n\t\t\t\t<div class=\"elementor-widget-container\">\n\t\t\t\t\t\t\t\t\t<p>Museokaupassa on saatavilla paljon erilaisia Kangasala-tuotteita! Tarjolla on my\u00f6s paikallisten pienyritysten upeita valmisteita. Lis\u00e4ksi valikoimaan kuuluu Mobilian omaa tuotantoa olevia sisustus- ja kannatustuotteita.\u00a0<\/p>\t\t\t\t\t\t\t\t<\/div>\n\t\t\t\t<\/div>\n\t\t\t\t\t<\/div>\n\t\t<\/div>\n\t\t\t\t<div class=\"elementor-column elementor-col-50 elementor-inner-column elementor-element elementor-element-b5f7692\" data-id=\"b5f7692\" data-element_type=\"column\" data-e-type=\"column\">\n\t\t\t<div class=\"elementor-widget-wrap elementor-element-populated\">\n\t\t\t\t\t\t<div class=\"elementor-element elementor-element-4f66736 elementor-widget elementor-widget-image\" data-id=\"4f66736\" data-element_type=\"widget\" data-e-type=\"widget\" data-widget_type=\"image.default\">\n\t\t\t\t<div class=\"elementor-widget-container\">\n\t\t\t\t\t\t\t\t\t\t\t\t\t\t\t<img fetchpriority=\"high\" decoding=\"async\" width=\"2048\" height=\"1365\" src=\"https:\/\/mobilia.fi\/wp-content\/uploads\/2020\/09\/Mobilia_Museokauppa_2020_websize-14.jpg\" class=\"attachment-full size-full wp-image-1358\" alt=\"Museokaupa vitriineiss\u00e4 on esill\u00e4 v\u00e4rikk\u00e4\u00e4t Kangasala-tuotteet sek\u00e4 paikallisten yritt\u00e4jien tuotteita.\" srcset=\"https:\/\/mobilia.fi\/wp-content\/uploads\/2020\/09\/Mobilia_Museokauppa_2020_websize-14.jpg 2048w, https:\/\/mobilia.fi\/wp-content\/uploads\/2020\/09\/Mobilia_Museokauppa_2020_websize-14-300x200.jpg 300w, https:\/\/mobilia.fi\/wp-content\/uploads\/2020\/09\/Mobilia_Museokauppa_2020_websize-14-1024x683.jpg 1024w, https:\/\/mobilia.fi\/wp-content\/uploads\/2020\/09\/Mobilia_Museokauppa_2020_websize-14-768x512.jpg 768w, https:\/\/mobilia.fi\/wp-content\/uploads\/2020\/09\/Mobilia_Museokauppa_2020_websize-14-1536x1024.jpg 1536w\" sizes=\"(max-width: 2048px) 100vw, 2048px\" \/>\t\t\t\t\t\t\t\t\t\t\t\t\t\t\t<\/div>\n\t\t\t\t<\/div>\n\t\t\t\t\t<\/div>\n\t\t<\/div>\n\t\t\t\t\t<\/div>\n\t\t<\/section>\n\t\t\t\t\t<\/div>\n\t\t<\/div>\n\t\t\t\t\t<\/div>\n\t\t<\/section>\n\t\t\t\t<section class=\"elementor-section elementor-top-section elementor-element elementor-element-1ead858 elementor-section-boxed elementor-section-height-default elementor-section-height-default\" data-id=\"1ead858\" data-element_type=\"section\" data-e-type=\"section\">\n\t\t\t\t\t\t<div class=\"elementor-container elementor-column-gap-default\">\n\t\t\t\t\t<div class=\"elementor-column elementor-col-100 elementor-top-column elementor-element elementor-element-6e2bb59\" data-id=\"6e2bb59\" data-element_type=\"column\" data-e-type=\"column\">\n\t\t\t<div class=\"elementor-widget-wrap elementor-element-populated\">\n\t\t\t\t\t\t<section class=\"elementor-section elementor-inner-section elementor-element elementor-element-1546bdc elementor-section-boxed elementor-section-height-default elementor-section-height-default\" data-id=\"1546bdc\" data-element_type=\"section\" data-e-type=\"section\">\n\t\t\t\t\t\t<div class=\"elementor-container elementor-column-gap-default\">\n\t\t\t\t\t<div class=\"elementor-column elementor-col-50 elementor-inner-column elementor-element elementor-element-ba35293\" data-id=\"ba35293\" data-element_type=\"column\" data-e-type=\"column\">\n\t\t\t<div class=\"elementor-widget-wrap elementor-element-populated\">\n\t\t\t\t\t\t<div class=\"elementor-element elementor-element-f7edc07 elementor-widget elementor-widget-image\" data-id=\"f7edc07\" data-element_type=\"widget\" data-e-type=\"widget\" data-widget_type=\"image.default\">\n\t\t\t\t<div class=\"elementor-widget-container\">\n\t\t\t\t\t\t\t\t\t\t\t\t\t\t\t<img decoding=\"async\" width=\"800\" height=\"567\" src=\"https:\/\/mobilia.fi\/wp-content\/uploads\/2021\/03\/wannabe-2021-1024x726.jpg\" class=\"attachment-large size-large wp-image-4011\" alt=\"Wannabe -mainoskuva. Kuvassa on kaksi naista punaisissa kukkamekoissa, jossa on kitaran ja lehtien kuvia my\u00f6s.\" srcset=\"https:\/\/mobilia.fi\/wp-content\/uploads\/2021\/03\/wannabe-2021-1024x726.jpg 1024w, https:\/\/mobilia.fi\/wp-content\/uploads\/2021\/03\/wannabe-2021-300x213.jpg 300w, https:\/\/mobilia.fi\/wp-content\/uploads\/2021\/03\/wannabe-2021-768x545.jpg 768w, https:\/\/mobilia.fi\/wp-content\/uploads\/2021\/03\/wannabe-2021-1536x1090.jpg 1536w, https:\/\/mobilia.fi\/wp-content\/uploads\/2021\/03\/wannabe-2021.jpg 1748w\" sizes=\"(max-width: 800px) 100vw, 800px\" \/>\t\t\t\t\t\t\t\t\t\t\t\t\t\t\t<\/div>\n\t\t\t\t<\/div>\n\t\t\t\t\t<\/div>\n\t\t<\/div>\n\t\t\t\t<div class=\"elementor-column elementor-col-50 elementor-inner-column elementor-element elementor-element-bdefd89\" data-id=\"bdefd89\" data-element_type=\"column\" data-e-type=\"column\">\n\t\t\t<div class=\"elementor-widget-wrap elementor-element-populated\">\n\t\t\t\t\t\t<div class=\"elementor-element elementor-element-d2059da elementor-widget elementor-widget-text-editor\" data-id=\"d2059da\" data-element_type=\"widget\" data-e-type=\"widget\" data-widget_type=\"text-editor.default\">\n\t\t\t\t<div class=\"elementor-widget-container\">\n\t\t\t\t\t\t\t\t\t<p>Museokauppassa on suomalaisen verkkokauppa <a href=\"https:\/\/www.wannabe.fi\/fi\" target=\"_blank\" rel=\"noopener\">Wannabe.fi<\/a>:n osasto, josta l\u00f6ytyy vaatteita 1950-luvun tyyliin. Naisten vaatteet ja asusteet ovat p\u00e4\u00e4osin Hell Bunnyn mallistoa. Koska naisellisuus ei katso kokoa, mallisto kattaa l\u00e4hes kokonaan koot XS\u20136XL. Tarjolla on tuotteita my\u00f6s miehille. Valikoima uudistuu sesonkien mukaan!<\/p>\t\t\t\t\t\t\t\t<\/div>\n\t\t\t\t<\/div>\n\t\t\t\t\t<\/div>\n\t\t<\/div>\n\t\t\t\t\t<\/div>\n\t\t<\/section>\n\t\t\t\t\t<\/div>\n\t\t<\/div>\n\t\t\t\t\t<\/div>\n\t\t<\/section>\n\t\t\t\t<section class=\"elementor-section elementor-top-section elementor-element elementor-element-d886dfc elementor-section-boxed elementor-section-height-default elementor-section-height-default\" data-id=\"d886dfc\" data-element_type=\"section\" data-e-type=\"section\">\n\t\t\t\t\t\t<div class=\"elementor-container elementor-column-gap-default\">\n\t\t\t\t\t<div class=\"elementor-column elementor-col-50 elementor-top-column elementor-element elementor-element-e6f80c6\" data-id=\"e6f80c6\" data-element_type=\"column\" data-e-type=\"column\">\n\t\t\t<div class=\"elementor-widget-wrap elementor-element-populated\">\n\t\t\t\t\t\t<div class=\"elementor-element elementor-element-1be396b elementor-widget elementor-widget-image\" data-id=\"1be396b\" data-element_type=\"widget\" data-e-type=\"widget\" data-widget_type=\"image.default\">\n\t\t\t\t<div class=\"elementor-widget-container\">\n\t\t\t\t\t\t\t\t\t\t\t\t\t\t\t<img decoding=\"async\" width=\"800\" height=\"1000\" src=\"https:\/\/mobilia.fi\/wp-content\/uploads\/2025\/03\/henkarit-819x1024.jpg\" class=\"attachment-large size-large wp-image-15181\" alt=\"Kuvan t\u00e4ydelt\u00e4 vaaterekkej\u00e4, joissa eriv\u00e4risi\u00e4 vaatteita henkareissa.\" srcset=\"https:\/\/mobilia.fi\/wp-content\/uploads\/2025\/03\/henkarit-819x1024.jpg 819w, https:\/\/mobilia.fi\/wp-content\/uploads\/2025\/03\/henkarit-240x300.jpg 240w, https:\/\/mobilia.fi\/wp-content\/uploads\/2025\/03\/henkarit-768x960.jpg 768w, https:\/\/mobilia.fi\/wp-content\/uploads\/2025\/03\/henkarit-1229x1536.jpg 1229w, https:\/\/mobilia.fi\/wp-content\/uploads\/2025\/03\/henkarit-1638x2048.jpg 1638w, https:\/\/mobilia.fi\/wp-content\/uploads\/2025\/03\/henkarit-scaled.jpg 2048w\" sizes=\"(max-width: 800px) 100vw, 800px\" \/>\t\t\t\t\t\t\t\t\t\t\t\t\t\t\t<\/div>\n\t\t\t\t<\/div>\n\t\t\t\t\t<\/div>\n\t\t<\/div>\n\t\t\t\t<div class=\"elementor-column elementor-col-50 elementor-top-column elementor-element elementor-element-d9feb27\" data-id=\"d9feb27\" data-element_type=\"column\" data-e-type=\"column\">\n\t\t\t<div class=\"elementor-widget-wrap elementor-element-populated\">\n\t\t\t\t\t\t<div class=\"elementor-element elementor-element-bd724e5 elementor-widget elementor-widget-text-editor\" data-id=\"bd724e5\" data-element_type=\"widget\" data-e-type=\"widget\" data-widget_type=\"text-editor.default\">\n\t\t\t\t<div class=\"elementor-widget-container\">\n\t\t\t\t\t\t\t\t\t<p><a href=\"https:\/\/viivinvintage.fi\/\" target=\"_blank\" rel=\"noopener\">Viivin Vintagen<\/a> vaatteita ja asusteita l\u00f6yd\u00e4t nyt my\u00f6s\u00a0 Mobilian museokaupasta. Valikoimassa on naisten, miesten sek\u00e4 lasten vaatteita erityisesti 1960\u20131970-luvuilta sek\u00e4 koruja 1960\u20131990-luvuilta.<\/p>\t\t\t\t\t\t\t\t<\/div>\n\t\t\t\t<\/div>\n\t\t\t\t\t<\/div>\n\t\t<\/div>\n\t\t\t\t\t<\/div>\n\t\t<\/section>\n\t\t\t\t<section class=\"elementor-section elementor-top-section elementor-element elementor-element-41eeb73 elementor-section-boxed elementor-section-height-default elementor-section-height-default\" data-id=\"41eeb73\" data-element_type=\"section\" data-e-type=\"section\">\n\t\t\t\t\t\t<div class=\"elementor-container elementor-column-gap-default\">\n\t\t\t\t\t<div class=\"elementor-column elementor-col-100 elementor-top-column elementor-element elementor-element-949e76f\" data-id=\"949e76f\" data-element_type=\"column\" data-e-type=\"column\">\n\t\t\t<div class=\"elementor-widget-wrap elementor-element-populated\">\n\t\t\t\t\t\t<section class=\"elementor-section elementor-inner-section elementor-element elementor-element-aa9e2a0 elementor-section-boxed elementor-section-height-default elementor-section-height-default\" data-id=\"aa9e2a0\" data-element_type=\"section\" data-e-type=\"section\">\n\t\t\t\t\t\t<div class=\"elementor-container elementor-column-gap-default\">\n\t\t\t\t\t<div class=\"elementor-column elementor-col-50 elementor-inner-column elementor-element elementor-element-ad9a919\" data-id=\"ad9a919\" data-element_type=\"column\" data-e-type=\"column\">\n\t\t\t<div class=\"elementor-widget-wrap elementor-element-populated\">\n\t\t\t\t\t\t<div class=\"elementor-element elementor-element-f6979a4 elementor-widget elementor-widget-text-editor\" data-id=\"f6979a4\" data-element_type=\"widget\" data-e-type=\"widget\" data-widget_type=\"text-editor.default\">\n\t\t\t\t<div class=\"elementor-widget-container\">\n\t\t\t\t\t\t\t\t\t<p><span class=\"custom-sub-header\" style=\"color: #009cdf;\">Museokauppa on my\u00f6s netiss\u00e4<br \/><\/span><\/p><p>Mobilian museokaupan tuotteita l\u00f6yd\u00e4t my\u00f6s Trafiikki-museoiden yhteisest\u00e4 verkkokaupasta. Tutustu verkkokauppavalikoimaamme osoitteessa <a href=\"https:\/\/webshop.trafiikki.fi\/\" target=\"_blank\" rel=\"noopener\">webshop.trafiikki.fi<\/a><\/p>\t\t\t\t\t\t\t\t<\/div>\n\t\t\t\t<\/div>\n\t\t\t\t\t<\/div>\n\t\t<\/div>\n\t\t\t\t<div class=\"elementor-column elementor-col-50 elementor-inner-column elementor-element elementor-element-9315fc3\" data-id=\"9315fc3\" data-element_type=\"column\" data-e-type=\"column\">\n\t\t\t<div class=\"elementor-widget-wrap elementor-element-populated\">\n\t\t\t\t\t\t<div class=\"elementor-element elementor-element-043bb8a elementor-widget elementor-widget-image\" data-id=\"043bb8a\" data-element_type=\"widget\" data-e-type=\"widget\" data-widget_type=\"image.default\">\n\t\t\t\t<div class=\"elementor-widget-container\">\n\t\t\t\t\t\t\t\t\t\t\t\t\t\t\t<img loading=\"lazy\" decoding=\"async\" width=\"800\" height=\"534\" src=\"https:\/\/mobilia.fi\/wp-content\/uploads\/2020\/09\/Mobilia_Museokauppa_2020_websize-22-1024x683.jpg\" class=\"attachment-large size-large wp-image-1366\" alt=\"Museokaupassa on esill\u00e4 Mobilian omista kuvakokoelmista tehtyj\u00e4 tyynyj\u00e4 ja sammutuspeitteit\u00e4.\" srcset=\"https:\/\/mobilia.fi\/wp-content\/uploads\/2020\/09\/Mobilia_Museokauppa_2020_websize-22-1024x683.jpg 1024w, https:\/\/mobilia.fi\/wp-content\/uploads\/2020\/09\/Mobilia_Museokauppa_2020_websize-22-300x200.jpg 300w, https:\/\/mobilia.fi\/wp-content\/uploads\/2020\/09\/Mobilia_Museokauppa_2020_websize-22-768x512.jpg 768w, https:\/\/mobilia.fi\/wp-content\/uploads\/2020\/09\/Mobilia_Museokauppa_2020_websize-22-1536x1024.jpg 1536w, https:\/\/mobilia.fi\/wp-content\/uploads\/2020\/09\/Mobilia_Museokauppa_2020_websize-22.jpg 2048w\" sizes=\"(max-width: 800px) 100vw, 800px\" \/>\t\t\t\t\t\t\t\t\t\t\t\t\t\t\t<\/div>\n\t\t\t\t<\/div>\n\t\t\t\t\t<\/div>\n\t\t<\/div>\n\t\t\t\t\t<\/div>\n\t\t<\/section>\n\t\t\t\t\t<\/div>\n\t\t<\/div>\n\t\t\t\t\t<\/div>\n\t\t<\/section>\n\t\t\t\t<\/div>\n\t\t","protected":false},"excerpt":{"rendered":"<p>Museokauppa Mainiot lahjaideat ja mukavat tuliaiset! Monipuolinen ostospaikka Mobilian museokaupassa on laaja valikoima auto- ja tieliikenteen alan kirjallisuutta. Suosituimpiin tuotteisiin kuuluvat ralliaiheiset t-paidat ja pienet leikkiautot. Tuotteista l\u00f6ytyv\u00e4t ideat niin m\u00f6kkiviemisiksi kuin syntym\u00e4p\u00e4iv\u00e4lahjoiksikin. https:\/\/youtu.be\/Goh-azNt7vk Museokaupassa on saatavilla paljon erilaisia Kangasala-tuotteita! Tarjolla on my\u00f6s paikallisten pienyritysten upeita valmisteita. Lis\u00e4ksi valikoimaan kuuluu Mobilian omaa tuotantoa olevia sisustus- [&hellip;]<\/p>\n","protected":false},"author":1,"featured_media":2621,"parent":29,"menu_order":6,"comment_status":"closed","ping_status":"closed","template":"","meta":{"_acf_changed":false,"inline_featured_image":false,"footnotes":""},"class_list":["post-732","page","type-page","status-publish","has-post-thumbnail","hentry"],"acf":[],"_links":{"self":[{"href":"https:\/\/mobilia.fi\/fi\/wp-json\/wp\/v2\/pages\/732","targetHints":{"allow":["GET"]}}],"collection":[{"href":"https:\/\/mobilia.fi\/fi\/wp-json\/wp\/v2\/pages"}],"about":[{"href":"https:\/\/mobilia.fi\/fi\/wp-json\/wp\/v2\/types\/page"}],"author":[{"embeddable":true,"href":"https:\/\/mobilia.fi\/fi\/wp-json\/wp\/v2\/users\/1"}],"replies":[{"embeddable":true,"href":"https:\/\/mobilia.fi\/fi\/wp-json\/wp\/v2\/comments?post=732"}],"version-history":[{"count":43,"href":"https:\/\/mobilia.fi\/fi\/wp-json\/wp\/v2\/pages\/732\/revisions"}],"predecessor-version":[{"id":15186,"href":"https:\/\/mobilia.fi\/fi\/wp-json\/wp\/v2\/pages\/732\/revisions\/15186"}],"up":[{"embeddable":true,"href":"https:\/\/mobilia.fi\/fi\/wp-json\/wp\/v2\/pages\/29"}],"wp:featuredmedia":[{"embeddable":true,"href":"https:\/\/mobilia.fi\/fi\/wp-json\/wp\/v2\/media\/2621"}],"wp:attachment":[{"href":"https:\/\/mobilia.fi\/fi\/wp-json\/wp\/v2\/media?parent=732"}],"curies":[{"name":"wp","href":"https:\/\/api.w.org\/{rel}","templated":true}]}}