{"id":739,"date":"2020-04-02T14:55:09","date_gmt":"2020-04-02T11:55:09","guid":{"rendered":"https:\/\/mobilia.fi\/?page_id=739"},"modified":"2026-01-26T13:38:17","modified_gmt":"2026-01-26T11:38:17","slug":"ravintola","status":"publish","type":"page","link":"https:\/\/mobilia.fi\/fi\/vieraile\/ravintola\/","title":{"rendered":"Kahvila &#038; ravintola"},"content":{"rendered":"\t\t<div data-elementor-type=\"wp-page\" data-elementor-id=\"739\" class=\"elementor elementor-739\" data-elementor-post-type=\"page\">\n\t\t\t\t\t\t<section class=\"elementor-section elementor-top-section elementor-element elementor-element-3bfccbec elementor-section-height-min-height elementor-section-boxed elementor-section-height-default elementor-section-items-middle\" data-id=\"3bfccbec\" data-element_type=\"section\" data-e-type=\"section\" data-settings=\"{&quot;background_background&quot;:&quot;classic&quot;}\">\n\t\t\t\t\t\t\t<div class=\"elementor-background-overlay\"><\/div>\n\t\t\t\t\t\t\t<div class=\"elementor-container elementor-column-gap-default\">\n\t\t\t\t\t<div class=\"elementor-column elementor-col-100 elementor-top-column elementor-element elementor-element-1b2d6736\" data-id=\"1b2d6736\" data-element_type=\"column\" data-e-type=\"column\">\n\t\t\t<div class=\"elementor-widget-wrap elementor-element-populated\">\n\t\t\t\t\t\t<div class=\"elementor-element elementor-element-12a120f4 elementor-widget elementor-widget-text-editor\" data-id=\"12a120f4\" data-element_type=\"widget\" data-e-type=\"widget\" data-widget_type=\"text-editor.default\">\n\t\t\t\t<div class=\"elementor-widget-container\">\n\t\t\t\t\t\t\t\t\t<h1>Kahvila &amp; ravintola<\/h1><p>Maistuvaa ruokaa upeissa rantamaisemissa<\/p>\t\t\t\t\t\t\t\t<\/div>\n\t\t\t\t<\/div>\n\t\t\t\t\t<\/div>\n\t\t<\/div>\n\t\t\t\t\t<\/div>\n\t\t<\/section>\n\t\t\t\t<section class=\"elementor-section elementor-top-section elementor-element elementor-element-7228ed4b elementor-section-boxed elementor-section-height-default elementor-section-height-default\" data-id=\"7228ed4b\" data-element_type=\"section\" data-e-type=\"section\">\n\t\t\t\t\t\t<div class=\"elementor-container elementor-column-gap-default\">\n\t\t\t\t\t<div class=\"elementor-column elementor-col-100 elementor-top-column elementor-element elementor-element-3b3b5ce8\" data-id=\"3b3b5ce8\" data-element_type=\"column\" data-e-type=\"column\">\n\t\t\t<div class=\"elementor-widget-wrap elementor-element-populated\">\n\t\t\t\t\t\t<section class=\"elementor-section elementor-inner-section elementor-element elementor-element-31c60ed elementor-section-boxed elementor-section-height-default elementor-section-height-default\" data-id=\"31c60ed\" data-element_type=\"section\" data-e-type=\"section\">\n\t\t\t\t\t\t<div class=\"elementor-container elementor-column-gap-default\">\n\t\t\t\t\t<div class=\"elementor-column elementor-col-100 elementor-inner-column elementor-element elementor-element-4560340\" data-id=\"4560340\" data-element_type=\"column\" data-e-type=\"column\">\n\t\t\t<div class=\"elementor-widget-wrap\">\n\t\t\t\t\t\t\t<\/div>\n\t\t<\/div>\n\t\t\t\t\t<\/div>\n\t\t<\/section>\n\t\t\t\t<section class=\"elementor-section elementor-inner-section elementor-element elementor-element-83f1be7 elementor-section-boxed elementor-section-height-default elementor-section-height-default\" data-id=\"83f1be7\" data-element_type=\"section\" data-e-type=\"section\">\n\t\t\t\t\t\t<div class=\"elementor-container elementor-column-gap-default\">\n\t\t\t\t\t<div class=\"elementor-column elementor-col-50 elementor-inner-column elementor-element elementor-element-f92a490\" data-id=\"f92a490\" data-element_type=\"column\" data-e-type=\"column\">\n\t\t\t<div class=\"elementor-widget-wrap elementor-element-populated\">\n\t\t\t\t\t\t<div class=\"elementor-element elementor-element-48ad1b7 elementor-widget elementor-widget-text-editor\" data-id=\"48ad1b7\" data-element_type=\"widget\" data-e-type=\"widget\" data-widget_type=\"text-editor.default\">\n\t\t\t\t<div class=\"elementor-widget-container\">\n\t\t\t\t\t\t\t\t\t<p>Mobilia ravintola on autoiluhenkeen sisustettu viihtyis\u00e4 kahvila ja lounasravintola. Ravintolan kasvoina n\u00e4kyv\u00e4t Trattoria Pazzista tutut Hanne Liukkonen ja Aapo Tikka. Lounas-, ryhm\u00e4- ja tapahtuma-asiakkaiden lis\u00e4ksi Mobilia ravintola palvelee my\u00f6s kahvilana.\u00a0<\/p><p>Tarjolla on maittava lounasbuffet arkisin ja lauantaisin, lis\u00e4ksi sunnuntaisin on tarjolla keittolounas (ei sunnuntaibrunssip\u00e4ivin\u00e4). Joka p\u00e4iv\u00e4 k\u00e4ytett\u00e4viss\u00e4 ovat kahvilapalvelut. <a href=\"https:\/\/mobilia.fi\/vieraile\/ravintola\/lounas\/\">Tarkista viikon lounaslista t\u00e4st\u00e4.<\/a><\/p><p>Kerran kuussa kahvilassa j\u00e4rjestet\u00e4\u00e4n sunnuntaibrunsseja. Brunssip\u00e4iv\u00e4t l\u00f6yd\u00e4t <a href=\"https:\/\/mobilia.fi\/fi\/vieraile\/tapahtumat\/\">tapahtumakalenteristamme<\/a>. Brunssivaraukset ravintola@mobilia.fi tai puhelimitse 045 783 47770.<\/p><p>Ravintolapalvelut j\u00e4rjestyv\u00e4t my\u00f6s Mobiliassa pidett\u00e4viin <a href=\"https:\/\/mobilia.fi\/palvelut\/kokouspalvelut\/\">kokouksiin<\/a> ja <a href=\"https:\/\/mobilia.fi\/palvelut\/juhlapalvelut\/\">juhlatilaisuuksiin.<\/a><\/p><p>Kahvila on avoinna Mobilian aukioloaikojen mukaisesti. Kes\u00e4aikaan lemmikit ovat tervetulleita omistajansa seurassa terassillemme, mutta sis\u00e4tilamme ovat lemmikkivapaat. Lis\u00e4tietoja lemmikin kanssa Mobiliassa vieraileville <a href=\"https:\/\/mobilia.fi\/fi\/vieraile\/kartta-ja-saapuminen\/\" target=\"_blank\" rel=\"noopener\">t\u00e4\u00e4lt\u00e4<\/a>.<strong><br \/><\/strong><\/p><h3><span style=\"color: #009cdf;\">Yhteystiedot<\/span><\/h3><p>ravintola@mobilia.fi<br \/>puh. 045 783 47770<\/p><p><em>Kuva: Visit Tampere \/ Laura Vanzo<\/em><\/p>\t\t\t\t\t\t\t\t<\/div>\n\t\t\t\t<\/div>\n\t\t\t\t\t<\/div>\n\t\t<\/div>\n\t\t\t\t<div class=\"elementor-column elementor-col-50 elementor-inner-column elementor-element elementor-element-b2bdd79\" data-id=\"b2bdd79\" data-element_type=\"column\" data-e-type=\"column\">\n\t\t\t<div class=\"elementor-widget-wrap elementor-element-populated\">\n\t\t\t\t\t\t<div class=\"elementor-element elementor-element-20ee266 elementor-widget elementor-widget-image\" data-id=\"20ee266\" data-element_type=\"widget\" data-e-type=\"widget\" data-widget_type=\"image.default\">\n\t\t\t\t<div class=\"elementor-widget-container\">\n\t\t\t\t\t\t\t\t\t\t\t\t\t\t\t<img fetchpriority=\"high\" decoding=\"async\" width=\"800\" height=\"534\" src=\"https:\/\/mobilia.fi\/wp-content\/uploads\/2024\/10\/Mobilia_Finnish_Museum_of_Car_and_Road_Visit_Tampere_Laura_Vanzo-34-1024x683.jpg\" class=\"attachment-large size-large wp-image-14189\" alt=\"Kahvilan tiskill\u00e4 mustapaitaninen harmaapartainen ja -tukkainen mies ostoksilla ja vaalea nainen hymyilee kassan takana.\" srcset=\"https:\/\/mobilia.fi\/wp-content\/uploads\/2024\/10\/Mobilia_Finnish_Museum_of_Car_and_Road_Visit_Tampere_Laura_Vanzo-34-1024x683.jpg 1024w, https:\/\/mobilia.fi\/wp-content\/uploads\/2024\/10\/Mobilia_Finnish_Museum_of_Car_and_Road_Visit_Tampere_Laura_Vanzo-34-300x200.jpg 300w, https:\/\/mobilia.fi\/wp-content\/uploads\/2024\/10\/Mobilia_Finnish_Museum_of_Car_and_Road_Visit_Tampere_Laura_Vanzo-34-768x512.jpg 768w, https:\/\/mobilia.fi\/wp-content\/uploads\/2024\/10\/Mobilia_Finnish_Museum_of_Car_and_Road_Visit_Tampere_Laura_Vanzo-34-1536x1024.jpg 1536w, https:\/\/mobilia.fi\/wp-content\/uploads\/2024\/10\/Mobilia_Finnish_Museum_of_Car_and_Road_Visit_Tampere_Laura_Vanzo-34.jpg 2048w\" sizes=\"(max-width: 800px) 100vw, 800px\" \/>\t\t\t\t\t\t\t\t\t\t\t\t\t\t\t<\/div>\n\t\t\t\t<\/div>\n\t\t\t\t\t<\/div>\n\t\t<\/div>\n\t\t\t\t\t<\/div>\n\t\t<\/section>\n\t\t\t\t\t<\/div>\n\t\t<\/div>\n\t\t\t\t\t<\/div>\n\t\t<\/section>\n\t\t\t\t<\/div>\n\t\t","protected":false},"excerpt":{"rendered":"<p>Kahvila &amp; ravintola Maistuvaa ruokaa upeissa rantamaisemissa Mobilia ravintola on autoiluhenkeen sisustettu viihtyis\u00e4 kahvila ja lounasravintola. Ravintolan kasvoina n\u00e4kyv\u00e4t Trattoria Pazzista tutut Hanne Liukkonen ja Aapo Tikka. Lounas-, ryhm\u00e4- ja tapahtuma-asiakkaiden lis\u00e4ksi Mobilia ravintola palvelee my\u00f6s kahvilana.\u00a0 Tarjolla on maittava lounasbuffet arkisin ja lauantaisin, lis\u00e4ksi sunnuntaisin on tarjolla keittolounas (ei sunnuntaibrunssip\u00e4ivin\u00e4). Joka p\u00e4iv\u00e4 k\u00e4ytett\u00e4viss\u00e4 ovat [&hellip;]<\/p>\n","protected":false},"author":1,"featured_media":1392,"parent":29,"menu_order":10,"comment_status":"closed","ping_status":"closed","template":"","meta":{"_acf_changed":false,"inline_featured_image":false,"footnotes":""},"class_list":["post-739","page","type-page","status-publish","has-post-thumbnail","hentry"],"acf":[],"_links":{"self":[{"href":"https:\/\/mobilia.fi\/fi\/wp-json\/wp\/v2\/pages\/739","targetHints":{"allow":["GET"]}}],"collection":[{"href":"https:\/\/mobilia.fi\/fi\/wp-json\/wp\/v2\/pages"}],"about":[{"href":"https:\/\/mobilia.fi\/fi\/wp-json\/wp\/v2\/types\/page"}],"author":[{"embeddable":true,"href":"https:\/\/mobilia.fi\/fi\/wp-json\/wp\/v2\/users\/1"}],"replies":[{"embeddable":true,"href":"https:\/\/mobilia.fi\/fi\/wp-json\/wp\/v2\/comments?post=739"}],"version-history":[{"count":36,"href":"https:\/\/mobilia.fi\/fi\/wp-json\/wp\/v2\/pages\/739\/revisions"}],"predecessor-version":[{"id":16359,"href":"https:\/\/mobilia.fi\/fi\/wp-json\/wp\/v2\/pages\/739\/revisions\/16359"}],"up":[{"embeddable":true,"href":"https:\/\/mobilia.fi\/fi\/wp-json\/wp\/v2\/pages\/29"}],"wp:featuredmedia":[{"embeddable":true,"href":"https:\/\/mobilia.fi\/fi\/wp-json\/wp\/v2\/media\/1392"}],"wp:attachment":[{"href":"https:\/\/mobilia.fi\/fi\/wp-json\/wp\/v2\/media?parent=739"}],"curies":[{"name":"wp","href":"https:\/\/api.w.org\/{rel}","templated":true}]}}