{"id":750,"date":"2020-04-02T15:10:08","date_gmt":"2020-04-02T12:10:08","guid":{"rendered":"https:\/\/mobilia.fi\/?page_id=750"},"modified":"2021-01-13T10:58:38","modified_gmt":"2021-01-13T08:58:38","slug":"museobussi","status":"publish","type":"page","link":"https:\/\/mobilia.fi\/fi\/vieraile\/museobussi\/","title":{"rendered":"Museobussi"},"content":{"rendered":"\t\t<div data-elementor-type=\"wp-page\" data-elementor-id=\"750\" class=\"elementor elementor-750\" data-elementor-post-type=\"page\">\n\t\t\t\t\t\t<section class=\"elementor-section elementor-top-section elementor-element elementor-element-737a105c elementor-section-height-min-height elementor-section-boxed elementor-section-height-default elementor-section-items-middle\" data-id=\"737a105c\" data-element_type=\"section\" data-e-type=\"section\" data-settings=\"{&quot;background_background&quot;:&quot;classic&quot;}\">\n\t\t\t\t\t\t\t<div class=\"elementor-background-overlay\"><\/div>\n\t\t\t\t\t\t\t<div class=\"elementor-container elementor-column-gap-default\">\n\t\t\t\t\t<div class=\"elementor-column elementor-col-100 elementor-top-column elementor-element elementor-element-6aa2469e\" data-id=\"6aa2469e\" data-element_type=\"column\" data-e-type=\"column\">\n\t\t\t<div class=\"elementor-widget-wrap elementor-element-populated\">\n\t\t\t\t\t\t<div class=\"elementor-element elementor-element-42032270 elementor-widget elementor-widget-text-editor\" data-id=\"42032270\" data-element_type=\"widget\" data-e-type=\"widget\" data-widget_type=\"text-editor.default\">\n\t\t\t\t<div class=\"elementor-widget-container\">\n\t\t\t\t\t\t\t\t\t<h1>Museobussi<\/h1><p>Linja-autossa on tunnelmaa!<\/p>\t\t\t\t\t\t\t\t<\/div>\n\t\t\t\t<\/div>\n\t\t\t\t\t<\/div>\n\t\t<\/div>\n\t\t\t\t\t<\/div>\n\t\t<\/section>\n\t\t\t\t<section class=\"elementor-section elementor-top-section elementor-element elementor-element-39d5812f elementor-section-boxed elementor-section-height-default elementor-section-height-default\" data-id=\"39d5812f\" data-element_type=\"section\" data-e-type=\"section\">\n\t\t\t\t\t\t<div class=\"elementor-container elementor-column-gap-default\">\n\t\t\t\t\t<div class=\"elementor-column elementor-col-100 elementor-top-column elementor-element elementor-element-67220530\" data-id=\"67220530\" data-element_type=\"column\" data-e-type=\"column\">\n\t\t\t<div class=\"elementor-widget-wrap elementor-element-populated\">\n\t\t\t\t\t\t<section class=\"elementor-section elementor-inner-section elementor-element elementor-element-31f8185c elementor-section-boxed elementor-section-height-default elementor-section-height-default\" data-id=\"31f8185c\" data-element_type=\"section\" data-e-type=\"section\">\n\t\t\t\t\t\t<div class=\"elementor-container elementor-column-gap-default\">\n\t\t\t\t\t<div class=\"elementor-column elementor-col-50 elementor-inner-column elementor-element elementor-element-1c3d60f2\" data-id=\"1c3d60f2\" data-element_type=\"column\" data-e-type=\"column\">\n\t\t\t<div class=\"elementor-widget-wrap elementor-element-populated\">\n\t\t\t\t\t\t<div class=\"elementor-element elementor-element-2aff774 elementor-widget elementor-widget-text-editor\" data-id=\"2aff774\" data-element_type=\"widget\" data-e-type=\"widget\" data-widget_type=\"text-editor.default\">\n\t\t\t\t<div class=\"elementor-widget-container\">\n\t\t\t\t\t\t\t\t\t<p>Mobilian museobussi on vuosimallin 1957 Scania-Vabis. Se toimi aikanaan Tampereen Liikennelaitoksen turistibussina. Bussiin mahtuu 35 matkustajaa. Museobussi on vuokrattavissa kuljettajan kera matkoille, joiden aikana poiketaan Mobiliassa.<\/p><p><span class=\"custom-sub-header\" style=\"color: #009cdf;\">Museobussin hinnoittelu<\/span><\/p><p>l\u00e4ht\u00f6hinta 360 \u20ac<br \/>km-maksu 1,60 \u20ac\/km<br \/>kuljettajamaksu 47 \u20ac\/alkava tunti <br \/>(70 \u20ac\/alkava tunti sunnuntaisin)<br \/>Mobilian p\u00e4\u00e4sylippu 2 \u20ac\/hl\u00f6<\/p><p>Hinnat sis\u00e4lt\u00e4v\u00e4t voimassa olevan arvonlis\u00e4veron.<br \/>Museobussin kuljettaja- ja kilometrimaksut veloitetaan toteutuneen mukaan siit\u00e4 hetkest\u00e4, kun bussi l\u00e4htee tallista, siihen hetkeen, kun bussi lopuksi palaa talliin.<\/p>\t\t\t\t\t\t\t\t<\/div>\n\t\t\t\t<\/div>\n\t\t\t\t\t<\/div>\n\t\t<\/div>\n\t\t\t\t<div class=\"elementor-column elementor-col-50 elementor-inner-column elementor-element elementor-element-3403b830\" data-id=\"3403b830\" data-element_type=\"column\" data-e-type=\"column\">\n\t\t\t<div class=\"elementor-widget-wrap elementor-element-populated\">\n\t\t\t\t\t\t<div class=\"elementor-element elementor-element-43edf3d5 elementor-widget elementor-widget-image\" data-id=\"43edf3d5\" data-element_type=\"widget\" data-e-type=\"widget\" data-widget_type=\"image.default\">\n\t\t\t\t<div class=\"elementor-widget-container\">\n\t\t\t\t\t\t\t\t\t\t\t\t\t\t\t<img fetchpriority=\"high\" decoding=\"async\" width=\"620\" height=\"413\" src=\"https:\/\/mobilia.fi\/wp-content\/uploads\/2020\/04\/museobussi-mobilia.jpg\" class=\"attachment-large size-large wp-image-789\" alt=\"Museobussi\" srcset=\"https:\/\/mobilia.fi\/wp-content\/uploads\/2020\/04\/museobussi-mobilia.jpg 620w, https:\/\/mobilia.fi\/wp-content\/uploads\/2020\/04\/museobussi-mobilia-300x200.jpg 300w\" sizes=\"(max-width: 620px) 100vw, 620px\" \/>\t\t\t\t\t\t\t\t\t\t\t\t\t\t\t<\/div>\n\t\t\t\t<\/div>\n\t\t\t\t\t<\/div>\n\t\t<\/div>\n\t\t\t\t\t<\/div>\n\t\t<\/section>\n\t\t\t\t\t<\/div>\n\t\t<\/div>\n\t\t\t\t\t<\/div>\n\t\t<\/section>\n\t\t\t\t<section class=\"elementor-section elementor-top-section elementor-element elementor-element-037b71c elementor-section-boxed elementor-section-height-default elementor-section-height-default\" data-id=\"037b71c\" data-element_type=\"section\" data-e-type=\"section\">\n\t\t\t\t\t\t<div class=\"elementor-container elementor-column-gap-default\">\n\t\t\t\t\t<div class=\"elementor-column elementor-col-100 elementor-top-column elementor-element elementor-element-30a86c7\" data-id=\"30a86c7\" data-element_type=\"column\" data-e-type=\"column\">\n\t\t\t<div class=\"elementor-widget-wrap elementor-element-populated\">\n\t\t\t\t\t\t<div class=\"elementor-element elementor-element-08e841a elementor-widget elementor-widget-text-editor\" data-id=\"08e841a\" data-element_type=\"widget\" data-e-type=\"widget\" data-widget_type=\"text-editor.default\">\n\t\t\t\t<div class=\"elementor-widget-container\">\n\t\t\t\t\t\t\t\t\t<h3><span style=\"color: #009cdf;\">Tiedustelut ja varaukset<\/span><\/h3><p>Mobilian asiakaspalvelu puh. (03) 3140 4000<br \/>asiakaspalvelu@mobilia.fi<\/p>\t\t\t\t\t\t\t\t<\/div>\n\t\t\t\t<\/div>\n\t\t\t\t\t<\/div>\n\t\t<\/div>\n\t\t\t\t\t<\/div>\n\t\t<\/section>\n\t\t\t\t<\/div>\n\t\t","protected":false},"excerpt":{"rendered":"<p>Museobussi Linja-autossa on tunnelmaa! Mobilian museobussi on vuosimallin 1957 Scania-Vabis. Se toimi aikanaan Tampereen Liikennelaitoksen turistibussina. Bussiin mahtuu 35 matkustajaa. Museobussi on vuokrattavissa kuljettajan kera matkoille, joiden aikana poiketaan Mobiliassa. Museobussin hinnoittelu l\u00e4ht\u00f6hinta 360 \u20ackm-maksu 1,60 \u20ac\/kmkuljettajamaksu 47 \u20ac\/alkava tunti (70 \u20ac\/alkava tunti sunnuntaisin)Mobilian p\u00e4\u00e4sylippu 2 \u20ac\/hl\u00f6 Hinnat sis\u00e4lt\u00e4v\u00e4t voimassa olevan arvonlis\u00e4veron.Museobussin kuljettaja- ja kilometrimaksut [&hellip;]<\/p>\n","protected":false},"author":1,"featured_media":789,"parent":29,"menu_order":13,"comment_status":"closed","ping_status":"closed","template":"","meta":{"_acf_changed":false,"inline_featured_image":false,"footnotes":""},"class_list":["post-750","page","type-page","status-publish","has-post-thumbnail","hentry"],"acf":[],"_links":{"self":[{"href":"https:\/\/mobilia.fi\/fi\/wp-json\/wp\/v2\/pages\/750","targetHints":{"allow":["GET"]}}],"collection":[{"href":"https:\/\/mobilia.fi\/fi\/wp-json\/wp\/v2\/pages"}],"about":[{"href":"https:\/\/mobilia.fi\/fi\/wp-json\/wp\/v2\/types\/page"}],"author":[{"embeddable":true,"href":"https:\/\/mobilia.fi\/fi\/wp-json\/wp\/v2\/users\/1"}],"replies":[{"embeddable":true,"href":"https:\/\/mobilia.fi\/fi\/wp-json\/wp\/v2\/comments?post=750"}],"version-history":[{"count":11,"href":"https:\/\/mobilia.fi\/fi\/wp-json\/wp\/v2\/pages\/750\/revisions"}],"predecessor-version":[{"id":2806,"href":"https:\/\/mobilia.fi\/fi\/wp-json\/wp\/v2\/pages\/750\/revisions\/2806"}],"up":[{"embeddable":true,"href":"https:\/\/mobilia.fi\/fi\/wp-json\/wp\/v2\/pages\/29"}],"wp:featuredmedia":[{"embeddable":true,"href":"https:\/\/mobilia.fi\/fi\/wp-json\/wp\/v2\/media\/789"}],"wp:attachment":[{"href":"https:\/\/mobilia.fi\/fi\/wp-json\/wp\/v2\/media?parent=750"}],"curies":[{"name":"wp","href":"https:\/\/api.w.org\/{rel}","templated":true}]}}