{"id":801,"date":"2020-04-03T08:57:47","date_gmt":"2020-04-03T05:57:47","guid":{"rendered":"https:\/\/mobilia.fi\/?page_id=801"},"modified":"2021-01-26T15:51:12","modified_gmt":"2021-01-26T13:51:12","slug":"valtakunnallinen-vastuumuseotoiminta","status":"publish","type":"page","link":"https:\/\/mobilia.fi\/fi\/museo\/valtakunnallinen-vastuumuseotoiminta\/","title":{"rendered":"Valtakunnallinen vastuumuseotoiminta"},"content":{"rendered":"\t\t<div data-elementor-type=\"wp-page\" data-elementor-id=\"801\" class=\"elementor elementor-801\" data-elementor-post-type=\"page\">\n\t\t\t\t\t\t<section class=\"elementor-section elementor-top-section elementor-element elementor-element-48a1e29a elementor-section-height-min-height elementor-section-boxed elementor-section-height-default elementor-section-items-middle\" data-id=\"48a1e29a\" data-element_type=\"section\" data-e-type=\"section\" data-settings=\"{&quot;background_background&quot;:&quot;classic&quot;}\">\n\t\t\t\t\t\t\t<div class=\"elementor-background-overlay\"><\/div>\n\t\t\t\t\t\t\t<div class=\"elementor-container elementor-column-gap-default\">\n\t\t\t\t\t<div class=\"elementor-column elementor-col-100 elementor-top-column elementor-element elementor-element-1241ad5c\" data-id=\"1241ad5c\" data-element_type=\"column\" data-e-type=\"column\">\n\t\t\t<div class=\"elementor-widget-wrap elementor-element-populated\">\n\t\t\t\t\t\t<div class=\"elementor-element elementor-element-37e9f53f elementor-widget elementor-widget-text-editor\" data-id=\"37e9f53f\" data-element_type=\"widget\" data-e-type=\"widget\" data-widget_type=\"text-editor.default\">\n\t\t\t\t<div class=\"elementor-widget-container\">\n\t\t\t\t\t\t\t\t\t<h1>Valtakunnallinen vastuumuseotoiminta<\/h1><p>\u00a0<\/p>\t\t\t\t\t\t\t\t<\/div>\n\t\t\t\t<\/div>\n\t\t\t\t\t<\/div>\n\t\t<\/div>\n\t\t\t\t\t<\/div>\n\t\t<\/section>\n\t\t\t\t<section class=\"elementor-section elementor-top-section elementor-element elementor-element-09e6b77 elementor-section-boxed elementor-section-height-default elementor-section-height-default\" data-id=\"09e6b77\" data-element_type=\"section\" data-e-type=\"section\">\n\t\t\t\t\t\t<div class=\"elementor-container elementor-column-gap-default\">\n\t\t\t\t\t<div class=\"elementor-column elementor-col-100 elementor-top-column elementor-element elementor-element-f8b0b0b\" data-id=\"f8b0b0b\" data-element_type=\"column\" data-e-type=\"column\">\n\t\t\t<div class=\"elementor-widget-wrap elementor-element-populated\">\n\t\t\t\t\t\t<div class=\"elementor-element elementor-element-a4ca417 elementor-widget elementor-widget-text-editor\" data-id=\"a4ca417\" data-element_type=\"widget\" data-e-type=\"widget\" data-widget_type=\"text-editor.default\">\n\t\t\t\t<div class=\"elementor-widget-container\">\n\t\t\t\t\t\t\t\t\t<p>Mobilia on opetus- ja kulttuuriministeri\u00f6n nime\u00e4m\u00e4 tieliikenteen alan valtakunnallinen vastuumuseo.<\/p><p>Museolain (314\/2019, 9 \u00a7) mukaan vastuumuseon teht\u00e4v\u00e4n\u00e4 on:<\/p><p>1)\u2002TOTEUTTAA VALTAKUNNALLISTA MUSEOTOIMINTAA ERIKOISALALLAAN<br \/>2)\u2002KEHITT\u00c4\u00c4 JA EDIST\u00c4\u00c4 KULTTUURIPERINT\u00d6TY\u00d6T\u00c4 JA MUSEOIDEN YHTEISTY\u00d6T\u00c4 ERIKOISALALLAAN<br \/>3)\u2002TOIMIA ERIKOISALANSA KULTTUURIPERINN\u00d6N VALTAKUNNALLISENA ASIANTUNTIJANA<br \/>4)\u2002YLL\u00c4PIT\u00c4\u00c4 JA EDIST\u00c4\u00c4 ERIKOISALANSA KANSAINV\u00c4LISI\u00c4 YHTEYKSI\u00c4<br \/>5)\u2002EDIST\u00c4\u00c4 ERIKOISALANSA KULTTUURIPERINN\u00d6N TALLENTAMISTA JA DIGITAALISTA SAATAVUUTTA<\/p><p>Mobilian on tehnyt valtakunnallisesta toiminnastaan suunnitelman, jonka Museovirasto on hyv\u00e4ksynyt.\u00a0 Suunnitelman mukaan tulevina vuosina Mobilia: <\/p><p>\u2022 tuottaa verkkosis\u00e4lt\u00f6j\u00e4 ja -n\u00e4yttelyit\u00e4 <br \/>\u2022 vahvistaa historiallisten ajoneuvojen todistusvoimaa ja autenttisuutta s\u00e4ilytt\u00e4v\u00e4\u00e4 n\u00e4k\u00f6kulmaa yhdess\u00e4 sidosryhmiens\u00e4 kanssa. Teht\u00e4v\u00e4\u00e4 hoidetaan yhteisty\u00f6ll\u00e4 harrastelehtien kanssa sek\u00e4 tuottamalla sis\u00e4lt\u00f6\u00e4 niiden lis\u00e4ksi sosiaaliseen mediaan.<br \/>\u2022 avaa Perinneajoneuvorekisterin vuoden 1939 j\u00e4lkeisille ajoneuvoille. Mobilia tekee vapaasti saatavilla olevia aineistoja verkkosivuille historiallisten ajoneuvojen restauroinnista ja konservoinnista ja j\u00e4rjest\u00e4\u00e4 vuosittain s\u00e4ilytt\u00e4vien menetelmien ty\u00f6pajoja.<br \/>\u2022 neuvoo yleis\u00f6\u00e4 Museoviraston kulkuneuvojen restaurointiavustuksista ja valvoo avustusten k\u00e4ytt\u00f6\u00e4 Museoviraston ohjeiden mukaan <br \/>\u2022 osallistuu isoihin yleis\u00f6tapahtumiin jakaakseen asiantuntemusta ja kulttuuriperinn\u00f6n merkityst\u00e4 <br \/>\u2022 kehitt\u00e4\u00e4 viestint\u00e4\u00e4 yhteisty\u00f6ss\u00e4 Trafiikki-museoiden kanssa <br \/>\u2022 kehitt\u00e4\u00e4 Mobipaja-hankkeessa huolto-, korjaus- ja kunnostuspalveluiden tuotteita vastaamaan asiakkaiden tarpeita. Uusia palvelumuotoja ovat historiallisten ajoneuvojen alkuper\u00e4isyyden materiaalisen kunnon ja historiallisen todistusvoimaisuuden arviointiin liittyv\u00e4t tuotteet.<\/p><p>\u2022 vahvistaa automuseoiden neuvottelukunnan ohjaavaa vaikutusta ja j\u00e4rjest\u00e4\u00e4 koulutustilaisuuksia, jotka t\u00e4ht\u00e4\u00e4v\u00e4t j\u00e4senmuseoiden yhteiseen kokoelmapolitiikkaan<br \/>\u2022 selkeytt\u00e4\u00e4 kanaviin liittyv\u00e4n kulttuuriperinn\u00f6n s\u00e4ilytt\u00e4misen ja esitt\u00e4misen ty\u00f6njakoa <br \/>\u2022 edist\u00e4\u00e4 julkaisutoimintaa sek\u00e4 tuottaa aineistoa Finnaan ja moduloitavia n\u00e4yttelyratkaisuja muille museoille<\/p><p>\u2022 nostaa tieliikenteen esineiden, kulttuuriymp\u00e4rist\u00f6kohteiden ja ajoneuvojen historiallisen arvon merkitykset toimialan ja viranomaisten tietoisuuteen.\u00a0 Perinneajoneuvorekisterin l\u00e4hdeaineisto tuodaan paremmin saataville. Yhteisty\u00f6t\u00e4 kehitet\u00e4\u00e4n historiallisesti arvokkaiden hevosajoneuvojen ja polkupy\u00f6rien kartoittamiseksi Suomessa yhdess\u00e4 alan museoiden ja harrastajien kanssa.<br \/>\u2022 parantaa yhteisty\u00f6t\u00e4 sidosryhmien ja taustayhteis\u00f6jen suuntaan kulttuuriperint\u00f6\u00f6n liittyv\u00e4n tietoisuuden sek\u00e4 kokoelmien aineistokartunnan lis\u00e4\u00e4miseksi. Tieliikenteen kulttuuriperinn\u00f6n s\u00e4ilyminen varmistetaan muutostilanteissa ja panostetaan yhteisty\u00f6h\u00f6n V\u00e4yl\u00e4viraston ja ELY:n kanssa.<br \/>\u2022 vahvistaa rooliaan tieliikenteen kulttuuriperint\u00f6asioissa erityisesti alueellisten vastuumuseoiden suuntaan. Lausuntoihin ja historiaselvityksiin liittyvi\u00e4 valtakunnallisia palveluita ja niihin liittyv\u00e4\u00e4 osaamista kehitet\u00e4\u00e4n.<\/p><p>\u2022 k\u00e4ynnist\u00e4\u00e4 kansainv\u00e4lisen automuseoyhteisty\u00f6n valittujen eurooppalaisten museoiden kanssa. <br \/>\u2022 tekee NordBalt-verkostolle aloitteen laajan kansainv\u00e4lisen tieliikenteen alan historiaa ja kulttuuriperint\u00f6\u00e4 k\u00e4sittelev\u00e4n seminaarin j\u00e4rjest\u00e4misest\u00e4 <br \/>\u2022 tutustuu FIVAn toimintaan sen uutena j\u00e4senen\u00e4, verkostoituu muiden ajoneuvohistoriallisten museoj\u00e4senien kanssa ja osallistuu kansainv\u00e4lisiin seminaareihin<\/p><p>\u2022 siirt\u00e4\u00e4 lis\u00e4\u00e4 aineistoa Finnaan ja hy\u00f6dynt\u00e4\u00e4 3D-kuvattuja esineit\u00e4 verkkosivuilla ja n\u00e4yttelyiss\u00e4<\/p><p>\u2022 digitoi Kansallisarkiston ja harrasteajoneuvoj\u00e4rjest\u00f6jen kanssa digitaaliarkistoon Suomessa s\u00e4ilyneet viranomaisten yll\u00e4pit\u00e4m\u00e4t ajoneuvorekisterit<br \/>\u2022 toteuttaa 1\u20132 nykydokumentointiprojektia<\/p>\t\t\t\t\t\t\t\t<\/div>\n\t\t\t\t<\/div>\n\t\t\t\t\t<\/div>\n\t\t<\/div>\n\t\t\t\t\t<\/div>\n\t\t<\/section>\n\t\t\t\t<\/div>\n\t\t","protected":false},"excerpt":{"rendered":"<p>Valtakunnallinen vastuumuseotoiminta \u00a0 Mobilia on opetus- ja kulttuuriministeri\u00f6n nime\u00e4m\u00e4 tieliikenteen alan valtakunnallinen vastuumuseo. Museolain (314\/2019, 9 \u00a7) mukaan vastuumuseon teht\u00e4v\u00e4n\u00e4 on: 1)\u2002TOTEUTTAA VALTAKUNNALLISTA MUSEOTOIMINTAA ERIKOISALALLAAN2)\u2002KEHITT\u00c4\u00c4 JA EDIST\u00c4\u00c4 KULTTUURIPERINT\u00d6TY\u00d6T\u00c4 JA MUSEOIDEN YHTEISTY\u00d6T\u00c4 ERIKOISALALLAAN3)\u2002TOIMIA ERIKOISALANSA KULTTUURIPERINN\u00d6N VALTAKUNNALLISENA ASIANTUNTIJANA4)\u2002YLL\u00c4PIT\u00c4\u00c4 JA EDIST\u00c4\u00c4 ERIKOISALANSA KANSAINV\u00c4LISI\u00c4 YHTEYKSI\u00c45)\u2002EDIST\u00c4\u00c4 ERIKOISALANSA KULTTUURIPERINN\u00d6N TALLENTAMISTA JA DIGITAALISTA SAATAVUUTTA Mobilian on tehnyt valtakunnallisesta toiminnastaan suunnitelman, jonka Museovirasto [&hellip;]<\/p>\n","protected":false},"author":1,"featured_media":473,"parent":18,"menu_order":3,"comment_status":"closed","ping_status":"closed","template":"","meta":{"_acf_changed":false,"inline_featured_image":false,"footnotes":""},"class_list":["post-801","page","type-page","status-publish","has-post-thumbnail","hentry"],"acf":[],"_links":{"self":[{"href":"https:\/\/mobilia.fi\/fi\/wp-json\/wp\/v2\/pages\/801","targetHints":{"allow":["GET"]}}],"collection":[{"href":"https:\/\/mobilia.fi\/fi\/wp-json\/wp\/v2\/pages"}],"about":[{"href":"https:\/\/mobilia.fi\/fi\/wp-json\/wp\/v2\/types\/page"}],"author":[{"embeddable":true,"href":"https:\/\/mobilia.fi\/fi\/wp-json\/wp\/v2\/users\/1"}],"replies":[{"embeddable":true,"href":"https:\/\/mobilia.fi\/fi\/wp-json\/wp\/v2\/comments?post=801"}],"version-history":[{"count":13,"href":"https:\/\/mobilia.fi\/fi\/wp-json\/wp\/v2\/pages\/801\/revisions"}],"predecessor-version":[{"id":3710,"href":"https:\/\/mobilia.fi\/fi\/wp-json\/wp\/v2\/pages\/801\/revisions\/3710"}],"up":[{"embeddable":true,"href":"https:\/\/mobilia.fi\/fi\/wp-json\/wp\/v2\/pages\/18"}],"wp:featuredmedia":[{"embeddable":true,"href":"https:\/\/mobilia.fi\/fi\/wp-json\/wp\/v2\/media\/473"}],"wp:attachment":[{"href":"https:\/\/mobilia.fi\/fi\/wp-json\/wp\/v2\/media?parent=801"}],"curies":[{"name":"wp","href":"https:\/\/api.w.org\/{rel}","templated":true}]}}